{"id":182951,"date":"2026-05-11T16:18:43","date_gmt":"2026-05-11T14:18:43","guid":{"rendered":"https:\/\/tupique.com\/product\/boite-decorative-dkd-home-decor-noir-naturel-metal-bois-mdf\/"},"modified":"2026-05-11T21:17:48","modified_gmt":"2026-05-11T19:17:48","slug":"boite-decorative-dkd-home-decor-noir-naturel-metal-bois-mdf","status":"publish","type":"product","link":"https:\/\/tupique.com\/en\/product\/boite-decorative-dkd-home-decor-noir-naturel-metal-bois-mdf\/","title":{"rendered":"DKD Home Decor Black Natural Metal Wood MDF Decorative Box"},"content":{"rendered":"<p>Si vous aimez prendre soin de chaque d\u00e9tail de votre maison et d&#8217;\u00eatre \u00e0 la derni\u00e8re mode en mati\u00e8re de produits qui vous rendront la vie plus facile, achetez <b>DKD Home Decor Black Natural Metal Wood MDF Decorative Box<\/b> au meilleur prix.<\/p>\n<ul>\n<li>Type: Bo\u00eete D\u00e9corative<\/li>\n<li>Mati\u00e8re:\n<ul>\n<li>Bois MDF<\/li>\n<li>M\u00e9tal<\/li>\n<\/ul>\n<\/li>\n<li>Couleur:\n<ul>\n<li>Noir<\/li>\n<li>Naturel<\/li>\n<\/ul>\n<\/li>\n<li>Dimensions approx.: 25 x 25 x 12 cm<\/li>\n<\/ul>","protected":false},"excerpt":{"rendered":"<p>Si vous aimez prendre soin de chaque d\u00e9tail de votre maison et d&#8217;\u00eatre \u00e0 la derni\u00e8re mode en mati\u00e8re de produits qui vous rendront la vie plus facile, achetez Bo\u00eete D\u00e9corative DKD Home Decor Noir Naturel M\u00e9tal Bois MDF au meilleur prix. Type: Bo\u00eete D\u00e9corative Mati\u00e8re: Bois MDF M\u00e9tal Couleur: Noir Naturel Dimensions approx.: 25 [&hellip;]<\/p>\n","protected":false},"featured_media":182948,"comment_status":"open","ping_status":"closed","template":"","meta":[],"product_brand":[263],"product_cat":[1699,1430,239],"product_tag":[104],"woo-feed-brand":[],"class_list":{"0":"post-182951","1":"product","2":"type-product","3":"status-publish","4":"has-post-thumbnail","6":"product_brand-brandp_3770","7":"product_cat-autres-articles-de-decoration","8":"product_cat-decoration-et-eclairage","9":"product_cat-maison-jardin","10":"product_tag-tag_1279","12":"first","13":"instock","14":"taxable","15":"shipping-taxable","16":"purchasable","17":"product-type-simple"},"yoast_head":"<!-- This site is optimized with the Yoast SEO plugin v27.6 - https:\/\/yoast.com\/product\/yoast-seo-wordpress\/ -->\n<title>Bo\u00eete D\u00e9corative DKD Home Decor Noir Naturel M\u00e9tal Bois MDF | | Tupique<\/title>\n<meta name=\"description\" content=\"Envie d&#039;acheter Bo\u00eete D\u00e9corative DKD Home Decor Noir Naturel M\u00e9tal Bois MDF\u00a0? Achetez Bo\u00eete D\u00e9corative DKD Home Decor Noir Naturel M\u00e9tal Bois MDF maintenant avec Tupique en 3 versements sans int\u00e9r\u00eat.\" \/>\n<meta name=\"robots\" content=\"index, follow, max-snippet:-1, max-image-preview:large, max-video-preview:-1\" \/>\n<link rel=\"canonical\" href=\"https:\/\/tupique.com\/en\/product\/boite-decorative-dkd-home-decor-noir-naturel-metal-bois-mdf\/\" \/>\n<meta property=\"og:locale\" content=\"en_GB\" \/>\n<meta property=\"og:type\" content=\"article\" \/>\n<meta property=\"og:title\" content=\"Bo\u00eete D\u00e9corative DKD Home Decor Noir Naturel M\u00e9tal Bois MDF | | Tupique\" \/>\n<meta property=\"og:description\" content=\"Envie d&#039;acheter Bo\u00eete D\u00e9corative DKD Home Decor Noir Naturel M\u00e9tal Bois MDF\u00a0? Achetez Bo\u00eete D\u00e9corative DKD Home Decor Noir Naturel M\u00e9tal Bois MDF maintenant avec Tupique en 3 versements sans int\u00e9r\u00eat.\" \/>\n<meta property=\"og:url\" content=\"https:\/\/tupique.com\/en\/product\/boite-decorative-dkd-home-decor-noir-naturel-metal-bois-mdf\/\" \/>\n<meta property=\"og:site_name\" content=\"Tupique\" \/>\n<meta property=\"article:modified_time\" content=\"2026-05-11T19:17:48+00:00\" \/>\n<meta property=\"og:image\" content=\"https:\/\/tupique.com\/wp-content\/uploads\/2026\/05\/8424001972234_S3032234_P22-1.jpg\" \/>\n\t<meta property=\"og:image:width\" content=\"1200\" \/>\n\t<meta property=\"og:image:height\" content=\"1200\" \/>\n\t<meta property=\"og:image:type\" content=\"image\/jpeg\" \/>\n<meta name=\"twitter:card\" content=\"summary_large_image\" \/>\n<script type=\"application\/ld+json\" class=\"yoast-schema-graph\">{\"@context\":\"https:\\\/\\\/schema.org\",\"@graph\":[{\"@type\":\"WebPage\",\"@id\":\"https:\\\/\\\/tupique.com\\\/pt\\\/product\\\/boite-decorative-dkd-home-decor-noir-naturel-metal-bois-mdf\\\/\",\"url\":\"https:\\\/\\\/tupique.com\\\/pt\\\/product\\\/boite-decorative-dkd-home-decor-noir-naturel-metal-bois-mdf\\\/\",\"name\":\"Bo\u00eete D\u00e9corative DKD Home Decor Noir Naturel M\u00e9tal Bois MDF | | Tupique\",\"isPartOf\":{\"@id\":\"https:\\\/\\\/tupique.com\\\/#website\"},\"primaryImageOfPage\":{\"@id\":\"https:\\\/\\\/tupique.com\\\/pt\\\/product\\\/boite-decorative-dkd-home-decor-noir-naturel-metal-bois-mdf\\\/#primaryimage\"},\"image\":{\"@id\":\"https:\\\/\\\/tupique.com\\\/pt\\\/product\\\/boite-decorative-dkd-home-decor-noir-naturel-metal-bois-mdf\\\/#primaryimage\"},\"thumbnailUrl\":\"https:\\\/\\\/tupique.com\\\/wp-content\\\/uploads\\\/2026\\\/05\\\/8424001972234_S3032234_P22-1.jpg\",\"datePublished\":\"2026-05-11T14:18:43+00:00\",\"dateModified\":\"2026-05-11T19:17:48+00:00\",\"description\":\"Envie d'acheter Bo\u00eete D\u00e9corative DKD Home Decor Noir Naturel M\u00e9tal Bois MDF\u00a0? Achetez Bo\u00eete D\u00e9corative DKD Home Decor Noir Naturel M\u00e9tal Bois MDF maintenant avec Tupique en 3 versements sans int\u00e9r\u00eat.\",\"breadcrumb\":{\"@id\":\"https:\\\/\\\/tupique.com\\\/pt\\\/product\\\/boite-decorative-dkd-home-decor-noir-naturel-metal-bois-mdf\\\/#breadcrumb\"},\"inLanguage\":\"en-GB\",\"potentialAction\":[{\"@type\":\"ReadAction\",\"target\":[\"https:\\\/\\\/tupique.com\\\/pt\\\/product\\\/boite-decorative-dkd-home-decor-noir-naturel-metal-bois-mdf\\\/\"]}]},{\"@type\":\"ImageObject\",\"inLanguage\":\"en-GB\",\"@id\":\"https:\\\/\\\/tupique.com\\\/pt\\\/product\\\/boite-decorative-dkd-home-decor-noir-naturel-metal-bois-mdf\\\/#primaryimage\",\"url\":\"https:\\\/\\\/tupique.com\\\/wp-content\\\/uploads\\\/2026\\\/05\\\/8424001972234_S3032234_P22-1.jpg\",\"contentUrl\":\"https:\\\/\\\/tupique.com\\\/wp-content\\\/uploads\\\/2026\\\/05\\\/8424001972234_S3032234_P22-1.jpg\",\"width\":1200,\"height\":1200,\"caption\":\"S3032234_0\"},{\"@type\":\"BreadcrumbList\",\"@id\":\"https:\\\/\\\/tupique.com\\\/pt\\\/product\\\/boite-decorative-dkd-home-decor-noir-naturel-metal-bois-mdf\\\/#breadcrumb\",\"itemListElement\":[{\"@type\":\"ListItem\",\"position\":1,\"name\":\"commencer\",\"item\":\"https:\\\/\\\/tupique.com\\\/\"},{\"@type\":\"ListItem\",\"position\":2,\"name\":\"Loja\",\"item\":\"https:\\\/\\\/tupique.com\\\/pt\\\/loja\\\/\"},{\"@type\":\"ListItem\",\"position\":3,\"name\":\"Bo\u00eete D\u00e9corative DKD Home Decor Noir Naturel M\u00e9tal Bois MDF\"}]},{\"@type\":\"WebSite\",\"@id\":\"https:\\\/\\\/tupique.com\\\/#website\",\"url\":\"https:\\\/\\\/tupique.com\\\/\",\"name\":\"Tupique\",\"description\":\"\",\"publisher\":{\"@id\":\"https:\\\/\\\/tupique.com\\\/#organization\"},\"potentialAction\":[{\"@type\":\"SearchAction\",\"target\":{\"@type\":\"EntryPoint\",\"urlTemplate\":\"https:\\\/\\\/tupique.com\\\/?s={search_term_string}\"},\"query-input\":{\"@type\":\"PropertyValueSpecification\",\"valueRequired\":true,\"valueName\":\"search_term_string\"}}],\"inLanguage\":\"en-GB\"},{\"@type\":\"Organization\",\"@id\":\"https:\\\/\\\/tupique.com\\\/#organization\",\"name\":\"Tupique\",\"url\":\"https:\\\/\\\/tupique.com\\\/\",\"logo\":{\"@type\":\"ImageObject\",\"inLanguage\":\"en-GB\",\"@id\":\"https:\\\/\\\/tupique.com\\\/#\\\/schema\\\/logo\\\/image\\\/\",\"url\":\"https:\\\/\\\/tupique.com\\\/wp-content\\\/uploads\\\/2026\\\/03\\\/logo-tupique-1.webp\",\"contentUrl\":\"https:\\\/\\\/tupique.com\\\/wp-content\\\/uploads\\\/2026\\\/03\\\/logo-tupique-1.webp\",\"width\":500,\"height\":67,\"caption\":\"Tupique\"},\"image\":{\"@id\":\"https:\\\/\\\/tupique.com\\\/#\\\/schema\\\/logo\\\/image\\\/\"}}]}<\/script>\n<!-- \/ Yoast SEO plugin. -->","yoast_head_json":{"title":"Bo\u00eete D\u00e9corative DKD Home Decor Noir Naturel M\u00e9tal Bois MDF | | Tupique","description":"Envie d'acheter Bo\u00eete D\u00e9corative DKD Home Decor Noir Naturel M\u00e9tal Bois MDF\u00a0? Achetez Bo\u00eete D\u00e9corative DKD Home Decor Noir Naturel M\u00e9tal Bois MDF maintenant avec Tupique en 3 versements sans int\u00e9r\u00eat.","robots":{"index":"index","follow":"follow","max-snippet":"max-snippet:-1","max-image-preview":"max-image-preview:large","max-video-preview":"max-video-preview:-1"},"canonical":"https:\/\/tupique.com\/en\/product\/boite-decorative-dkd-home-decor-noir-naturel-metal-bois-mdf\/","og_locale":"en_GB","og_type":"article","og_title":"Bo\u00eete D\u00e9corative DKD Home Decor Noir Naturel M\u00e9tal Bois MDF | | Tupique","og_description":"Envie d'acheter Bo\u00eete D\u00e9corative DKD Home Decor Noir Naturel M\u00e9tal Bois MDF\u00a0? Achetez Bo\u00eete D\u00e9corative DKD Home Decor Noir Naturel M\u00e9tal Bois MDF maintenant avec Tupique en 3 versements sans int\u00e9r\u00eat.","og_url":"https:\/\/tupique.com\/en\/product\/boite-decorative-dkd-home-decor-noir-naturel-metal-bois-mdf\/","og_site_name":"Tupique","article_modified_time":"2026-05-11T19:17:48+00:00","og_image":[{"width":1200,"height":1200,"url":"https:\/\/tupique.com\/wp-content\/uploads\/2026\/05\/8424001972234_S3032234_P22-1.jpg","type":"image\/jpeg"}],"twitter_card":"summary_large_image","schema":{"@context":"https:\/\/schema.org","@graph":[{"@type":"WebPage","@id":"https:\/\/tupique.com\/pt\/product\/boite-decorative-dkd-home-decor-noir-naturel-metal-bois-mdf\/","url":"https:\/\/tupique.com\/pt\/product\/boite-decorative-dkd-home-decor-noir-naturel-metal-bois-mdf\/","name":"Bo\u00eete D\u00e9corative DKD Home Decor Noir Naturel M\u00e9tal Bois MDF | | Tupique","isPartOf":{"@id":"https:\/\/tupique.com\/#website"},"primaryImageOfPage":{"@id":"https:\/\/tupique.com\/pt\/product\/boite-decorative-dkd-home-decor-noir-naturel-metal-bois-mdf\/#primaryimage"},"image":{"@id":"https:\/\/tupique.com\/pt\/product\/boite-decorative-dkd-home-decor-noir-naturel-metal-bois-mdf\/#primaryimage"},"thumbnailUrl":"https:\/\/tupique.com\/wp-content\/uploads\/2026\/05\/8424001972234_S3032234_P22-1.jpg","datePublished":"2026-05-11T14:18:43+00:00","dateModified":"2026-05-11T19:17:48+00:00","description":"Envie d'acheter Bo\u00eete D\u00e9corative DKD Home Decor Noir Naturel M\u00e9tal Bois MDF\u00a0? Achetez Bo\u00eete D\u00e9corative DKD Home Decor Noir Naturel M\u00e9tal Bois MDF maintenant avec Tupique en 3 versements sans int\u00e9r\u00eat.","breadcrumb":{"@id":"https:\/\/tupique.com\/pt\/product\/boite-decorative-dkd-home-decor-noir-naturel-metal-bois-mdf\/#breadcrumb"},"inLanguage":"en-GB","potentialAction":[{"@type":"ReadAction","target":["https:\/\/tupique.com\/pt\/product\/boite-decorative-dkd-home-decor-noir-naturel-metal-bois-mdf\/"]}]},{"@type":"ImageObject","inLanguage":"en-GB","@id":"https:\/\/tupique.com\/pt\/product\/boite-decorative-dkd-home-decor-noir-naturel-metal-bois-mdf\/#primaryimage","url":"https:\/\/tupique.com\/wp-content\/uploads\/2026\/05\/8424001972234_S3032234_P22-1.jpg","contentUrl":"https:\/\/tupique.com\/wp-content\/uploads\/2026\/05\/8424001972234_S3032234_P22-1.jpg","width":1200,"height":1200,"caption":"S3032234_0"},{"@type":"BreadcrumbList","@id":"https:\/\/tupique.com\/pt\/product\/boite-decorative-dkd-home-decor-noir-naturel-metal-bois-mdf\/#breadcrumb","itemListElement":[{"@type":"ListItem","position":1,"name":"commencer","item":"https:\/\/tupique.com\/"},{"@type":"ListItem","position":2,"name":"Loja","item":"https:\/\/tupique.com\/pt\/loja\/"},{"@type":"ListItem","position":3,"name":"Bo\u00eete D\u00e9corative DKD Home Decor Noir Naturel M\u00e9tal Bois MDF"}]},{"@type":"WebSite","@id":"https:\/\/tupique.com\/#website","url":"https:\/\/tupique.com\/","name":"Tupique","description":"","publisher":{"@id":"https:\/\/tupique.com\/#organization"},"potentialAction":[{"@type":"SearchAction","target":{"@type":"EntryPoint","urlTemplate":"https:\/\/tupique.com\/?s={search_term_string}"},"query-input":{"@type":"PropertyValueSpecification","valueRequired":true,"valueName":"search_term_string"}}],"inLanguage":"en-GB"},{"@type":"Organization","@id":"https:\/\/tupique.com\/#organization","name":"Tupique","url":"https:\/\/tupique.com\/","logo":{"@type":"ImageObject","inLanguage":"en-GB","@id":"https:\/\/tupique.com\/#\/schema\/logo\/image\/","url":"https:\/\/tupique.com\/wp-content\/uploads\/2026\/03\/logo-tupique-1.webp","contentUrl":"https:\/\/tupique.com\/wp-content\/uploads\/2026\/03\/logo-tupique-1.webp","width":500,"height":67,"caption":"Tupique"},"image":{"@id":"https:\/\/tupique.com\/#\/schema\/logo\/image\/"}}]}},"_links":{"self":[{"href":"https:\/\/tupique.com\/en\/wp-json\/wp\/v2\/product\/182951","targetHints":{"allow":["GET"]}}],"collection":[{"href":"https:\/\/tupique.com\/en\/wp-json\/wp\/v2\/product"}],"about":[{"href":"https:\/\/tupique.com\/en\/wp-json\/wp\/v2\/types\/product"}],"replies":[{"embeddable":true,"href":"https:\/\/tupique.com\/en\/wp-json\/wp\/v2\/comments?post=182951"}],"wp:featuredmedia":[{"embeddable":true,"href":"https:\/\/tupique.com\/en\/wp-json\/wp\/v2\/media\/182948"}],"wp:attachment":[{"href":"https:\/\/tupique.com\/en\/wp-json\/wp\/v2\/media?parent=182951"}],"wp:term":[{"taxonomy":"product_brand","embeddable":true,"href":"https:\/\/tupique.com\/en\/wp-json\/wp\/v2\/product_brand?post=182951"},{"taxonomy":"product_cat","embeddable":true,"href":"https:\/\/tupique.com\/en\/wp-json\/wp\/v2\/product_cat?post=182951"},{"taxonomy":"product_tag","embeddable":true,"href":"https:\/\/tupique.com\/en\/wp-json\/wp\/v2\/product_tag?post=182951"},{"taxonomy":"woo-feed-brand","embeddable":true,"href":"https:\/\/tupique.com\/en\/wp-json\/wp\/v2\/woo-feed-brand?post=182951"}],"curies":[{"name":"wp","href":"https:\/\/api.w.org\/{rel}","templated":true}]}}