{"id":183784,"date":"2026-05-11T17:16:07","date_gmt":"2026-05-11T15:16:07","guid":{"rendered":"https:\/\/tupique.com\/product\/cable-startech-pyo2lp4sata\/"},"modified":"2026-05-11T21:18:58","modified_gmt":"2026-05-11T19:18:58","slug":"cable-startech-pyo2lp4sata","status":"publish","type":"product","link":"https:\/\/tupique.com\/en\/product\/cable-startech-pyo2lp4sata\/","title":{"rendered":"C\u00e2ble Startech PYO2LP4SATA"},"content":{"rendered":"<p>Si vous aimez prendre soin de chaque d\u00e9tail de votre maison et d&#8217;\u00eatre \u00e0 la derni\u00e8re mode en mati\u00e8re de produits qui vous rendront la vie plus facile, achetez <b>C\u00e2ble Startech PYO2LP4SATA<\/b> au meilleur prix.<\/p>\n<p>The <b>c\u00e2ble adaptateur en Y LP4 vers SATA PYO2LP4SATA<\/b> of <b>Startech<\/b> est un accessoire essentiel pour les syst\u00e8mes informatiques n\u00e9cessitant d\u2019alimenter deux disques durs Serial ATA (SATA) \u00e0 partir d\u2019une seule connexion d\u2019alimentation LP4 m\u00e2le. Ce c\u00e2ble de <b>30 cm de longueur<\/b> offre une solution pratique et efficace, permettant de distribuer l\u2019\u00e9nergie d\u2019un connecteur Molex 4 broches (LP4 m\u00e2le) vers deux connecteurs SATA femelles avec l\u2019interface d\u2019alimentation standard 15 broches. Con\u00e7u avec une gaine de qualit\u00e9 en <b>PVC<\/b>, il se distingue par sa durabilit\u00e9 et sa r\u00e9sistance, ainsi que par sa structure multicolore (noir, rouge et multicolore) facilitant l\u2019identification et la connexion correcte dans le bo\u00eetier. Ses dimensions compactes (<b>24,6 mm de large, 21,6 mm de haut et 304,8 mm de profondeur<\/b>) facilitent sa manipulation et contribuent \u00e0 maintenir l\u2019int\u00e9rieur de l\u2019\u00e9quipement ordonn\u00e9, tandis que son poids l\u00e9ger (33 grammes) minimise toute charge suppl\u00e9mentaire. Compatible avec les alimentations LP4 standard, cet adaptateur \u00e9vite le remplacement ou la modification des alimentations existantes pour ajouter des disques SATA, ce qui repr\u00e9sente un gain de temps et de co\u00fbts. De plus, il est conforme aux certifications internationales telles que <b>RoHS, CE et REACH<\/b>, garantissant un produit respectueux de l\u2019environnement et conforme aux normes de s\u00e9curit\u00e9. En r\u00e9sum\u00e9, ce c\u00e2ble r\u00e9partiteur LP4 vers SATA de Startech est une solution technique fiable et efficace pour connecter et alimenter plusieurs disques dans des configurations mat\u00e9rielles n\u00e9cessitant flexibilit\u00e9 et compatibilit\u00e9 sans compromettre la stabilit\u00e9 \u00e9lectrique ni la qualit\u00e9 de la connexion.<\/p>\n<\/p>\n<ul>\n<li>Couleur:\n<ul>\n<li>Multicouleur<\/li>\n<li>Noir<\/li>\n<li>Rouge<\/li>\n<\/ul>\n<\/li>\n<li>Longueur du c\u00e2ble: 30 cm<\/li>\n<li>Mati\u00e8re: PVC<\/li>\n<li>Type:\n<ul>\n<li>C\u00e2ble<\/li>\n<li>Prise M\u00e2le<\/li>\n<\/ul>\n<\/li>\n<li>Connexions:\n<ul>\n<li>SATA<\/li>\n<li>Molex 4-pin<\/li>\n<\/ul>\n<\/li>\n<li>Forme: Rond<\/li>\n<li>Certificat: RoHS<\/li>\n<li>Facteur de forme: Straight<\/li>\n<\/ul>","protected":false},"excerpt":{"rendered":"<p>Si vous aimez prendre soin de chaque d\u00e9tail de votre maison et d&#8217;\u00eatre \u00e0 la derni\u00e8re mode en mati\u00e8re de produits qui vous rendront la vie plus facile, achetez C\u00e2ble Startech PYO2LP4SATA au meilleur prix. Le c\u00e2ble adaptateur en Y LP4 vers SATA PYO2LP4SATA de Startech est un accessoire essentiel pour les syst\u00e8mes informatiques n\u00e9cessitant [&hellip;]<\/p>\n","protected":false},"featured_media":183781,"comment_status":"open","ping_status":"closed","template":"","meta":[],"product_brand":[634],"product_cat":[613,239],"product_tag":[210],"woo-feed-brand":[],"class_list":{"0":"post-183784","1":"product","2":"type-product","3":"status-publish","4":"has-post-thumbnail","6":"product_brand-brandp_4771","7":"product_cat-bricolage-et-materiel","8":"product_cat-maison-jardin","9":"product_tag-tag_25","11":"first","12":"instock","13":"taxable","14":"shipping-taxable","15":"purchasable","16":"product-type-simple"},"yoast_head":"<!-- This site is optimized with the Yoast SEO plugin v27.6 - https:\/\/yoast.com\/product\/yoast-seo-wordpress\/ -->\n<title>C\u00e2ble Startech PYO2LP4SATA | | Tupique<\/title>\n<meta name=\"description\" content=\"Envie d&#039;acheter C\u00e2ble Startech PYO2LP4SATA\u00a0? Achetez C\u00e2ble Startech PYO2LP4SATA maintenant avec Tupique en 3 versements sans int\u00e9r\u00eat.\" \/>\n<meta name=\"robots\" content=\"index, follow, max-snippet:-1, max-image-preview:large, max-video-preview:-1\" \/>\n<link rel=\"canonical\" href=\"https:\/\/tupique.com\/en\/product\/cable-startech-pyo2lp4sata\/\" \/>\n<meta property=\"og:locale\" content=\"en_GB\" \/>\n<meta property=\"og:type\" content=\"article\" \/>\n<meta property=\"og:title\" content=\"C\u00e2ble Startech PYO2LP4SATA | | Tupique\" \/>\n<meta property=\"og:description\" content=\"Envie d&#039;acheter C\u00e2ble Startech PYO2LP4SATA\u00a0? Achetez C\u00e2ble Startech PYO2LP4SATA maintenant avec Tupique en 3 versements sans int\u00e9r\u00eat.\" \/>\n<meta property=\"og:url\" content=\"https:\/\/tupique.com\/en\/product\/cable-startech-pyo2lp4sata\/\" \/>\n<meta property=\"og:site_name\" content=\"Tupique\" \/>\n<meta property=\"article:modified_time\" content=\"2026-05-11T19:18:58+00:00\" \/>\n<meta property=\"og:image\" content=\"https:\/\/tupique.com\/wp-content\/uploads\/2026\/05\/191883432.jpg\" \/>\n\t<meta property=\"og:image:width\" content=\"1200\" \/>\n\t<meta property=\"og:image:height\" content=\"1200\" \/>\n\t<meta property=\"og:image:type\" content=\"image\/jpeg\" \/>\n<meta name=\"twitter:card\" content=\"summary_large_image\" \/>\n<meta name=\"twitter:label1\" content=\"Est. reading time\" \/>\n\t<meta name=\"twitter:data1\" content=\"2 minutes\" \/>\n<script type=\"application\/ld+json\" class=\"yoast-schema-graph\">{\"@context\":\"https:\\\/\\\/schema.org\",\"@graph\":[{\"@type\":\"WebPage\",\"@id\":\"https:\\\/\\\/tupique.com\\\/en\\\/product\\\/cable-startech-pyo2lp4sata\\\/\",\"url\":\"https:\\\/\\\/tupique.com\\\/en\\\/product\\\/cable-startech-pyo2lp4sata\\\/\",\"name\":\"C\u00e2ble Startech PYO2LP4SATA | | Tupique\",\"isPartOf\":{\"@id\":\"https:\\\/\\\/tupique.com\\\/#website\"},\"primaryImageOfPage\":{\"@id\":\"https:\\\/\\\/tupique.com\\\/en\\\/product\\\/cable-startech-pyo2lp4sata\\\/#primaryimage\"},\"image\":{\"@id\":\"https:\\\/\\\/tupique.com\\\/en\\\/product\\\/cable-startech-pyo2lp4sata\\\/#primaryimage\"},\"thumbnailUrl\":\"https:\\\/\\\/tupique.com\\\/wp-content\\\/uploads\\\/2026\\\/05\\\/191883432.jpg\",\"datePublished\":\"2026-05-11T15:16:07+00:00\",\"dateModified\":\"2026-05-11T19:18:58+00:00\",\"description\":\"Envie d'acheter C\u00e2ble Startech PYO2LP4SATA\u00a0? Achetez C\u00e2ble Startech PYO2LP4SATA maintenant avec Tupique en 3 versements sans int\u00e9r\u00eat.\",\"breadcrumb\":{\"@id\":\"https:\\\/\\\/tupique.com\\\/en\\\/product\\\/cable-startech-pyo2lp4sata\\\/#breadcrumb\"},\"inLanguage\":\"en-GB\",\"potentialAction\":[{\"@type\":\"ReadAction\",\"target\":[\"https:\\\/\\\/tupique.com\\\/en\\\/product\\\/cable-startech-pyo2lp4sata\\\/\"]}]},{\"@type\":\"ImageObject\",\"inLanguage\":\"en-GB\",\"@id\":\"https:\\\/\\\/tupique.com\\\/en\\\/product\\\/cable-startech-pyo2lp4sata\\\/#primaryimage\",\"url\":\"https:\\\/\\\/tupique.com\\\/wp-content\\\/uploads\\\/2026\\\/05\\\/191883432.jpg\",\"contentUrl\":\"https:\\\/\\\/tupique.com\\\/wp-content\\\/uploads\\\/2026\\\/05\\\/191883432.jpg\",\"width\":1200,\"height\":1200,\"caption\":\"S55056314_0\"},{\"@type\":\"BreadcrumbList\",\"@id\":\"https:\\\/\\\/tupique.com\\\/en\\\/product\\\/cable-startech-pyo2lp4sata\\\/#breadcrumb\",\"itemListElement\":[{\"@type\":\"ListItem\",\"position\":1,\"name\":\"commencer\",\"item\":\"https:\\\/\\\/tupique.com\\\/\"},{\"@type\":\"ListItem\",\"position\":2,\"name\":\"Loja\",\"item\":\"https:\\\/\\\/tupique.com\\\/pt\\\/loja\\\/\"},{\"@type\":\"ListItem\",\"position\":3,\"name\":\"C\u00e2ble Startech PYO2LP4SATA\"}]},{\"@type\":\"WebSite\",\"@id\":\"https:\\\/\\\/tupique.com\\\/#website\",\"url\":\"https:\\\/\\\/tupique.com\\\/\",\"name\":\"Tupique\",\"description\":\"\",\"publisher\":{\"@id\":\"https:\\\/\\\/tupique.com\\\/#organization\"},\"potentialAction\":[{\"@type\":\"SearchAction\",\"target\":{\"@type\":\"EntryPoint\",\"urlTemplate\":\"https:\\\/\\\/tupique.com\\\/?s={search_term_string}\"},\"query-input\":{\"@type\":\"PropertyValueSpecification\",\"valueRequired\":true,\"valueName\":\"search_term_string\"}}],\"inLanguage\":\"en-GB\"},{\"@type\":\"Organization\",\"@id\":\"https:\\\/\\\/tupique.com\\\/#organization\",\"name\":\"Tupique\",\"url\":\"https:\\\/\\\/tupique.com\\\/\",\"logo\":{\"@type\":\"ImageObject\",\"inLanguage\":\"en-GB\",\"@id\":\"https:\\\/\\\/tupique.com\\\/#\\\/schema\\\/logo\\\/image\\\/\",\"url\":\"https:\\\/\\\/tupique.com\\\/wp-content\\\/uploads\\\/2026\\\/03\\\/logo-tupique-1.webp\",\"contentUrl\":\"https:\\\/\\\/tupique.com\\\/wp-content\\\/uploads\\\/2026\\\/03\\\/logo-tupique-1.webp\",\"width\":500,\"height\":67,\"caption\":\"Tupique\"},\"image\":{\"@id\":\"https:\\\/\\\/tupique.com\\\/#\\\/schema\\\/logo\\\/image\\\/\"}}]}<\/script>\n<!-- \/ Yoast SEO plugin. -->","yoast_head_json":{"title":"C\u00e2ble Startech PYO2LP4SATA | | Tupique","description":"Envie d'acheter C\u00e2ble Startech PYO2LP4SATA\u00a0? Achetez C\u00e2ble Startech PYO2LP4SATA maintenant avec Tupique en 3 versements sans int\u00e9r\u00eat.","robots":{"index":"index","follow":"follow","max-snippet":"max-snippet:-1","max-image-preview":"max-image-preview:large","max-video-preview":"max-video-preview:-1"},"canonical":"https:\/\/tupique.com\/en\/product\/cable-startech-pyo2lp4sata\/","og_locale":"en_GB","og_type":"article","og_title":"C\u00e2ble Startech PYO2LP4SATA | | Tupique","og_description":"Envie d'acheter C\u00e2ble Startech PYO2LP4SATA\u00a0? Achetez C\u00e2ble Startech PYO2LP4SATA maintenant avec Tupique en 3 versements sans int\u00e9r\u00eat.","og_url":"https:\/\/tupique.com\/en\/product\/cable-startech-pyo2lp4sata\/","og_site_name":"Tupique","article_modified_time":"2026-05-11T19:18:58+00:00","og_image":[{"width":1200,"height":1200,"url":"https:\/\/tupique.com\/wp-content\/uploads\/2026\/05\/191883432.jpg","type":"image\/jpeg"}],"twitter_card":"summary_large_image","twitter_misc":{"Est. reading time":"2 minutes"},"schema":{"@context":"https:\/\/schema.org","@graph":[{"@type":"WebPage","@id":"https:\/\/tupique.com\/en\/product\/cable-startech-pyo2lp4sata\/","url":"https:\/\/tupique.com\/en\/product\/cable-startech-pyo2lp4sata\/","name":"C\u00e2ble Startech PYO2LP4SATA | | Tupique","isPartOf":{"@id":"https:\/\/tupique.com\/#website"},"primaryImageOfPage":{"@id":"https:\/\/tupique.com\/en\/product\/cable-startech-pyo2lp4sata\/#primaryimage"},"image":{"@id":"https:\/\/tupique.com\/en\/product\/cable-startech-pyo2lp4sata\/#primaryimage"},"thumbnailUrl":"https:\/\/tupique.com\/wp-content\/uploads\/2026\/05\/191883432.jpg","datePublished":"2026-05-11T15:16:07+00:00","dateModified":"2026-05-11T19:18:58+00:00","description":"Envie d'acheter C\u00e2ble Startech PYO2LP4SATA\u00a0? Achetez C\u00e2ble Startech PYO2LP4SATA maintenant avec Tupique en 3 versements sans int\u00e9r\u00eat.","breadcrumb":{"@id":"https:\/\/tupique.com\/en\/product\/cable-startech-pyo2lp4sata\/#breadcrumb"},"inLanguage":"en-GB","potentialAction":[{"@type":"ReadAction","target":["https:\/\/tupique.com\/en\/product\/cable-startech-pyo2lp4sata\/"]}]},{"@type":"ImageObject","inLanguage":"en-GB","@id":"https:\/\/tupique.com\/en\/product\/cable-startech-pyo2lp4sata\/#primaryimage","url":"https:\/\/tupique.com\/wp-content\/uploads\/2026\/05\/191883432.jpg","contentUrl":"https:\/\/tupique.com\/wp-content\/uploads\/2026\/05\/191883432.jpg","width":1200,"height":1200,"caption":"S55056314_0"},{"@type":"BreadcrumbList","@id":"https:\/\/tupique.com\/en\/product\/cable-startech-pyo2lp4sata\/#breadcrumb","itemListElement":[{"@type":"ListItem","position":1,"name":"commencer","item":"https:\/\/tupique.com\/"},{"@type":"ListItem","position":2,"name":"Loja","item":"https:\/\/tupique.com\/pt\/loja\/"},{"@type":"ListItem","position":3,"name":"C\u00e2ble Startech PYO2LP4SATA"}]},{"@type":"WebSite","@id":"https:\/\/tupique.com\/#website","url":"https:\/\/tupique.com\/","name":"Tupique","description":"","publisher":{"@id":"https:\/\/tupique.com\/#organization"},"potentialAction":[{"@type":"SearchAction","target":{"@type":"EntryPoint","urlTemplate":"https:\/\/tupique.com\/?s={search_term_string}"},"query-input":{"@type":"PropertyValueSpecification","valueRequired":true,"valueName":"search_term_string"}}],"inLanguage":"en-GB"},{"@type":"Organization","@id":"https:\/\/tupique.com\/#organization","name":"Tupique","url":"https:\/\/tupique.com\/","logo":{"@type":"ImageObject","inLanguage":"en-GB","@id":"https:\/\/tupique.com\/#\/schema\/logo\/image\/","url":"https:\/\/tupique.com\/wp-content\/uploads\/2026\/03\/logo-tupique-1.webp","contentUrl":"https:\/\/tupique.com\/wp-content\/uploads\/2026\/03\/logo-tupique-1.webp","width":500,"height":67,"caption":"Tupique"},"image":{"@id":"https:\/\/tupique.com\/#\/schema\/logo\/image\/"}}]}},"_links":{"self":[{"href":"https:\/\/tupique.com\/en\/wp-json\/wp\/v2\/product\/183784","targetHints":{"allow":["GET"]}}],"collection":[{"href":"https:\/\/tupique.com\/en\/wp-json\/wp\/v2\/product"}],"about":[{"href":"https:\/\/tupique.com\/en\/wp-json\/wp\/v2\/types\/product"}],"replies":[{"embeddable":true,"href":"https:\/\/tupique.com\/en\/wp-json\/wp\/v2\/comments?post=183784"}],"wp:featuredmedia":[{"embeddable":true,"href":"https:\/\/tupique.com\/en\/wp-json\/wp\/v2\/media\/183781"}],"wp:attachment":[{"href":"https:\/\/tupique.com\/en\/wp-json\/wp\/v2\/media?parent=183784"}],"wp:term":[{"taxonomy":"product_brand","embeddable":true,"href":"https:\/\/tupique.com\/en\/wp-json\/wp\/v2\/product_brand?post=183784"},{"taxonomy":"product_cat","embeddable":true,"href":"https:\/\/tupique.com\/en\/wp-json\/wp\/v2\/product_cat?post=183784"},{"taxonomy":"product_tag","embeddable":true,"href":"https:\/\/tupique.com\/en\/wp-json\/wp\/v2\/product_tag?post=183784"},{"taxonomy":"woo-feed-brand","embeddable":true,"href":"https:\/\/tupique.com\/en\/wp-json\/wp\/v2\/woo-feed-brand?post=183784"}],"curies":[{"name":"wp","href":"https:\/\/api.w.org\/{rel}","templated":true}]}}