{"id":183848,"date":"2026-05-11T17:28:56","date_gmt":"2026-05-11T15:28:56","guid":{"rendered":"https:\/\/tupique.com\/product\/boule-de-noel-krist-marron-plastique-raisins\/"},"modified":"2026-05-11T21:18:39","modified_gmt":"2026-05-11T19:18:39","slug":"boule-de-noel-krist-marron-plastique-raisins","status":"publish","type":"product","link":"https:\/\/tupique.com\/en\/product\/boule-de-noel-krist-marron-plastique-raisins\/","title":{"rendered":"Boule de No\u00ebl Krist+ Marron Plastique Raisins"},"content":{"rendered":"<p>Vous voulez donner une touche d&#8217;originalit\u00e9 \u00e0 votre maison ? Vous y arriverez gr\u00e2ce au <b>Boule de No\u00ebl Krist+ Marron Plastique Raisins<\/b>.<\/p>\n<ul>\n<li>Design: Raisins<\/li>\n<li>Type:\n<ul>\n<li>No\u00ebl<\/li>\n<li>Boules de No\u00ebl<\/li>\n<\/ul>\n<\/li>\n<li>Couleur: Marron<\/li>\n<li>Mat\u00e9riel: Plastique<\/li>\n<li>Dimensions approx.: 18 x 18 x 28 cm<\/li>\n<\/ul>","protected":false},"excerpt":{"rendered":"<p>Vous voulez donner une touche d&#8217;originalit\u00e9 \u00e0 votre maison ? Vous y arriverez gr\u00e2ce au Boule de No\u00ebl Krist+ Marron Plastique Raisins. Design: Raisins Type: No\u00ebl Boules de No\u00ebl Couleur: Marron Mat\u00e9riel: Plastique Dimensions approx.: 18 x 18 x 28 cm<\/p>","protected":false},"featured_media":183847,"comment_status":"open","ping_status":"closed","template":"","meta":[],"product_brand":[2416],"product_cat":[1703,1430,239],"product_tag":[101,215],"woo-feed-brand":[],"class_list":{"0":"post-183848","1":"product","2":"type-product","3":"status-publish","4":"has-post-thumbnail","6":"product_brand-brandp_6833","7":"product_cat-decoration-de-noel","8":"product_cat-decoration-et-eclairage","9":"product_cat-maison-jardin","10":"product_tag-tag_599","11":"product_tag-tag_427","13":"first","14":"instock","15":"taxable","16":"shipping-taxable","17":"purchasable","18":"product-type-simple"},"yoast_head":"<!-- This site is optimized with the Yoast SEO plugin v27.6 - https:\/\/yoast.com\/product\/yoast-seo-wordpress\/ -->\n<title>Boule de No\u00ebl Krist+ Marron Plastique Raisins | | Tupique<\/title>\n<meta name=\"description\" content=\"Envie d&#039;acheter Boule de No\u00ebl Krist+ Marron Plastique Raisins\u00a0? Achetez Boule de No\u00ebl Krist+ Marron Plastique Raisins maintenant avec Tupique en 3 versements sans int\u00e9r\u00eat.\" \/>\n<meta name=\"robots\" content=\"index, follow, max-snippet:-1, max-image-preview:large, max-video-preview:-1\" \/>\n<link rel=\"canonical\" href=\"https:\/\/tupique.com\/en\/product\/boule-de-noel-krist-marron-plastique-raisins\/\" \/>\n<meta property=\"og:locale\" content=\"en_GB\" \/>\n<meta property=\"og:type\" content=\"article\" \/>\n<meta property=\"og:title\" content=\"Boule de No\u00ebl Krist+ Marron Plastique Raisins | | Tupique\" \/>\n<meta property=\"og:description\" content=\"Envie d&#039;acheter Boule de No\u00ebl Krist+ Marron Plastique Raisins\u00a0? Achetez Boule de No\u00ebl Krist+ Marron Plastique Raisins maintenant avec Tupique en 3 versements sans int\u00e9r\u00eat.\" \/>\n<meta property=\"og:url\" content=\"https:\/\/tupique.com\/en\/product\/boule-de-noel-krist-marron-plastique-raisins\/\" \/>\n<meta property=\"og:site_name\" content=\"Tupique\" \/>\n<meta property=\"article:modified_time\" content=\"2026-05-11T19:18:39+00:00\" \/>\n<meta property=\"og:image\" content=\"https:\/\/tupique.com\/wp-content\/uploads\/2026\/05\/8445226954980_00_WBG1.jpg\" \/>\n\t<meta property=\"og:image:width\" content=\"1200\" \/>\n\t<meta property=\"og:image:height\" content=\"1200\" \/>\n\t<meta property=\"og:image:type\" content=\"image\/jpeg\" \/>\n<meta name=\"twitter:card\" content=\"summary_large_image\" \/>\n<script type=\"application\/ld+json\" class=\"yoast-schema-graph\">{\"@context\":\"https:\\\/\\\/schema.org\",\"@graph\":[{\"@type\":\"WebPage\",\"@id\":\"https:\\\/\\\/tupique.com\\\/en\\\/product\\\/boule-de-noel-krist-marron-plastique-raisins\\\/\",\"url\":\"https:\\\/\\\/tupique.com\\\/en\\\/product\\\/boule-de-noel-krist-marron-plastique-raisins\\\/\",\"name\":\"Boule de No\u00ebl Krist+ Marron Plastique Raisins | | Tupique\",\"isPartOf\":{\"@id\":\"https:\\\/\\\/tupique.com\\\/#website\"},\"primaryImageOfPage\":{\"@id\":\"https:\\\/\\\/tupique.com\\\/en\\\/product\\\/boule-de-noel-krist-marron-plastique-raisins\\\/#primaryimage\"},\"image\":{\"@id\":\"https:\\\/\\\/tupique.com\\\/en\\\/product\\\/boule-de-noel-krist-marron-plastique-raisins\\\/#primaryimage\"},\"thumbnailUrl\":\"https:\\\/\\\/tupique.com\\\/wp-content\\\/uploads\\\/2026\\\/05\\\/8445226954980_00_WBG1.jpg\",\"datePublished\":\"2026-05-11T15:28:56+00:00\",\"dateModified\":\"2026-05-11T19:18:39+00:00\",\"description\":\"Envie d'acheter Boule de No\u00ebl Krist+ Marron Plastique Raisins\u00a0? Achetez Boule de No\u00ebl Krist+ Marron Plastique Raisins maintenant avec Tupique en 3 versements sans int\u00e9r\u00eat.\",\"breadcrumb\":{\"@id\":\"https:\\\/\\\/tupique.com\\\/en\\\/product\\\/boule-de-noel-krist-marron-plastique-raisins\\\/#breadcrumb\"},\"inLanguage\":\"en-GB\",\"potentialAction\":[{\"@type\":\"ReadAction\",\"target\":[\"https:\\\/\\\/tupique.com\\\/en\\\/product\\\/boule-de-noel-krist-marron-plastique-raisins\\\/\"]}]},{\"@type\":\"ImageObject\",\"inLanguage\":\"en-GB\",\"@id\":\"https:\\\/\\\/tupique.com\\\/en\\\/product\\\/boule-de-noel-krist-marron-plastique-raisins\\\/#primaryimage\",\"url\":\"https:\\\/\\\/tupique.com\\\/wp-content\\\/uploads\\\/2026\\\/05\\\/8445226954980_00_WBG1.jpg\",\"contentUrl\":\"https:\\\/\\\/tupique.com\\\/wp-content\\\/uploads\\\/2026\\\/05\\\/8445226954980_00_WBG1.jpg\",\"width\":1200,\"height\":1200,\"caption\":\"S3612476_0\"},{\"@type\":\"BreadcrumbList\",\"@id\":\"https:\\\/\\\/tupique.com\\\/en\\\/product\\\/boule-de-noel-krist-marron-plastique-raisins\\\/#breadcrumb\",\"itemListElement\":[{\"@type\":\"ListItem\",\"position\":1,\"name\":\"commencer\",\"item\":\"https:\\\/\\\/tupique.com\\\/\"},{\"@type\":\"ListItem\",\"position\":2,\"name\":\"Loja\",\"item\":\"https:\\\/\\\/tupique.com\\\/pt\\\/loja\\\/\"},{\"@type\":\"ListItem\",\"position\":3,\"name\":\"Boule de No\u00ebl Krist+ Marron Plastique Raisins\"}]},{\"@type\":\"WebSite\",\"@id\":\"https:\\\/\\\/tupique.com\\\/#website\",\"url\":\"https:\\\/\\\/tupique.com\\\/\",\"name\":\"Tupique\",\"description\":\"\",\"publisher\":{\"@id\":\"https:\\\/\\\/tupique.com\\\/#organization\"},\"potentialAction\":[{\"@type\":\"SearchAction\",\"target\":{\"@type\":\"EntryPoint\",\"urlTemplate\":\"https:\\\/\\\/tupique.com\\\/?s={search_term_string}\"},\"query-input\":{\"@type\":\"PropertyValueSpecification\",\"valueRequired\":true,\"valueName\":\"search_term_string\"}}],\"inLanguage\":\"en-GB\"},{\"@type\":\"Organization\",\"@id\":\"https:\\\/\\\/tupique.com\\\/#organization\",\"name\":\"Tupique\",\"url\":\"https:\\\/\\\/tupique.com\\\/\",\"logo\":{\"@type\":\"ImageObject\",\"inLanguage\":\"en-GB\",\"@id\":\"https:\\\/\\\/tupique.com\\\/#\\\/schema\\\/logo\\\/image\\\/\",\"url\":\"https:\\\/\\\/tupique.com\\\/wp-content\\\/uploads\\\/2026\\\/03\\\/logo-tupique-1.webp\",\"contentUrl\":\"https:\\\/\\\/tupique.com\\\/wp-content\\\/uploads\\\/2026\\\/03\\\/logo-tupique-1.webp\",\"width\":500,\"height\":67,\"caption\":\"Tupique\"},\"image\":{\"@id\":\"https:\\\/\\\/tupique.com\\\/#\\\/schema\\\/logo\\\/image\\\/\"}}]}<\/script>\n<!-- \/ Yoast SEO plugin. -->","yoast_head_json":{"title":"Boule de No\u00ebl Krist+ Marron Plastique Raisins | | Tupique","description":"Envie d'acheter Boule de No\u00ebl Krist+ Marron Plastique Raisins\u00a0? Achetez Boule de No\u00ebl Krist+ Marron Plastique Raisins maintenant avec Tupique en 3 versements sans int\u00e9r\u00eat.","robots":{"index":"index","follow":"follow","max-snippet":"max-snippet:-1","max-image-preview":"max-image-preview:large","max-video-preview":"max-video-preview:-1"},"canonical":"https:\/\/tupique.com\/en\/product\/boule-de-noel-krist-marron-plastique-raisins\/","og_locale":"en_GB","og_type":"article","og_title":"Boule de No\u00ebl Krist+ Marron Plastique Raisins | | Tupique","og_description":"Envie d'acheter Boule de No\u00ebl Krist+ Marron Plastique Raisins\u00a0? Achetez Boule de No\u00ebl Krist+ Marron Plastique Raisins maintenant avec Tupique en 3 versements sans int\u00e9r\u00eat.","og_url":"https:\/\/tupique.com\/en\/product\/boule-de-noel-krist-marron-plastique-raisins\/","og_site_name":"Tupique","article_modified_time":"2026-05-11T19:18:39+00:00","og_image":[{"width":1200,"height":1200,"url":"https:\/\/tupique.com\/wp-content\/uploads\/2026\/05\/8445226954980_00_WBG1.jpg","type":"image\/jpeg"}],"twitter_card":"summary_large_image","schema":{"@context":"https:\/\/schema.org","@graph":[{"@type":"WebPage","@id":"https:\/\/tupique.com\/en\/product\/boule-de-noel-krist-marron-plastique-raisins\/","url":"https:\/\/tupique.com\/en\/product\/boule-de-noel-krist-marron-plastique-raisins\/","name":"Boule de No\u00ebl Krist+ Marron Plastique Raisins | | Tupique","isPartOf":{"@id":"https:\/\/tupique.com\/#website"},"primaryImageOfPage":{"@id":"https:\/\/tupique.com\/en\/product\/boule-de-noel-krist-marron-plastique-raisins\/#primaryimage"},"image":{"@id":"https:\/\/tupique.com\/en\/product\/boule-de-noel-krist-marron-plastique-raisins\/#primaryimage"},"thumbnailUrl":"https:\/\/tupique.com\/wp-content\/uploads\/2026\/05\/8445226954980_00_WBG1.jpg","datePublished":"2026-05-11T15:28:56+00:00","dateModified":"2026-05-11T19:18:39+00:00","description":"Envie d'acheter Boule de No\u00ebl Krist+ Marron Plastique Raisins\u00a0? Achetez Boule de No\u00ebl Krist+ Marron Plastique Raisins maintenant avec Tupique en 3 versements sans int\u00e9r\u00eat.","breadcrumb":{"@id":"https:\/\/tupique.com\/en\/product\/boule-de-noel-krist-marron-plastique-raisins\/#breadcrumb"},"inLanguage":"en-GB","potentialAction":[{"@type":"ReadAction","target":["https:\/\/tupique.com\/en\/product\/boule-de-noel-krist-marron-plastique-raisins\/"]}]},{"@type":"ImageObject","inLanguage":"en-GB","@id":"https:\/\/tupique.com\/en\/product\/boule-de-noel-krist-marron-plastique-raisins\/#primaryimage","url":"https:\/\/tupique.com\/wp-content\/uploads\/2026\/05\/8445226954980_00_WBG1.jpg","contentUrl":"https:\/\/tupique.com\/wp-content\/uploads\/2026\/05\/8445226954980_00_WBG1.jpg","width":1200,"height":1200,"caption":"S3612476_0"},{"@type":"BreadcrumbList","@id":"https:\/\/tupique.com\/en\/product\/boule-de-noel-krist-marron-plastique-raisins\/#breadcrumb","itemListElement":[{"@type":"ListItem","position":1,"name":"commencer","item":"https:\/\/tupique.com\/"},{"@type":"ListItem","position":2,"name":"Loja","item":"https:\/\/tupique.com\/pt\/loja\/"},{"@type":"ListItem","position":3,"name":"Boule de No\u00ebl Krist+ Marron Plastique Raisins"}]},{"@type":"WebSite","@id":"https:\/\/tupique.com\/#website","url":"https:\/\/tupique.com\/","name":"Tupique","description":"","publisher":{"@id":"https:\/\/tupique.com\/#organization"},"potentialAction":[{"@type":"SearchAction","target":{"@type":"EntryPoint","urlTemplate":"https:\/\/tupique.com\/?s={search_term_string}"},"query-input":{"@type":"PropertyValueSpecification","valueRequired":true,"valueName":"search_term_string"}}],"inLanguage":"en-GB"},{"@type":"Organization","@id":"https:\/\/tupique.com\/#organization","name":"Tupique","url":"https:\/\/tupique.com\/","logo":{"@type":"ImageObject","inLanguage":"en-GB","@id":"https:\/\/tupique.com\/#\/schema\/logo\/image\/","url":"https:\/\/tupique.com\/wp-content\/uploads\/2026\/03\/logo-tupique-1.webp","contentUrl":"https:\/\/tupique.com\/wp-content\/uploads\/2026\/03\/logo-tupique-1.webp","width":500,"height":67,"caption":"Tupique"},"image":{"@id":"https:\/\/tupique.com\/#\/schema\/logo\/image\/"}}]}},"_links":{"self":[{"href":"https:\/\/tupique.com\/en\/wp-json\/wp\/v2\/product\/183848","targetHints":{"allow":["GET"]}}],"collection":[{"href":"https:\/\/tupique.com\/en\/wp-json\/wp\/v2\/product"}],"about":[{"href":"https:\/\/tupique.com\/en\/wp-json\/wp\/v2\/types\/product"}],"replies":[{"embeddable":true,"href":"https:\/\/tupique.com\/en\/wp-json\/wp\/v2\/comments?post=183848"}],"wp:featuredmedia":[{"embeddable":true,"href":"https:\/\/tupique.com\/en\/wp-json\/wp\/v2\/media\/183847"}],"wp:attachment":[{"href":"https:\/\/tupique.com\/en\/wp-json\/wp\/v2\/media?parent=183848"}],"wp:term":[{"taxonomy":"product_brand","embeddable":true,"href":"https:\/\/tupique.com\/en\/wp-json\/wp\/v2\/product_brand?post=183848"},{"taxonomy":"product_cat","embeddable":true,"href":"https:\/\/tupique.com\/en\/wp-json\/wp\/v2\/product_cat?post=183848"},{"taxonomy":"product_tag","embeddable":true,"href":"https:\/\/tupique.com\/en\/wp-json\/wp\/v2\/product_tag?post=183848"},{"taxonomy":"woo-feed-brand","embeddable":true,"href":"https:\/\/tupique.com\/en\/wp-json\/wp\/v2\/woo-feed-brand?post=183848"}],"curies":[{"name":"wp","href":"https:\/\/api.w.org\/{rel}","templated":true}]}}