{"id":183937,"date":"2026-05-11T17:30:29","date_gmt":"2026-05-11T15:30:29","guid":{"rendered":"https:\/\/tupique.com\/product\/sapin-de-noel-krist-rouge-vert-argente-argent-polypropylene-pet-plastique-44-x-588-x-7-cm-sapin-de-noel\/"},"modified":"2026-05-11T21:18:37","modified_gmt":"2026-05-11T19:18:37","slug":"sapin-de-noel-krist-rouge-vert-argente-argent-polypropylene-pet-plastique-44-x-588-x-7-cm-sapin-de-noel","status":"publish","type":"product","link":"https:\/\/tupique.com\/en\/product\/sapin-de-noel-krist-rouge-vert-argente-argent-polypropylene-pet-plastique-44-x-588-x-7-cm-sapin-de-noel\/","title":{"rendered":"Sapin de No\u00ebl Krist+ Rouge Vert Argent\u00e9 Argent polypropyl\u00e8ne PET Plastique 44 x 58,8 x 7 cm Sapin de No\u00ebl"},"content":{"rendered":"<p>Vous voulez donner une touche d&#8217;originalit\u00e9 \u00e0 votre maison ? Vous y arriverez gr\u00e2ce au <b>Sapin de No\u00ebl Krist+ Rouge Vert Argent\u00e9 Argent polypropyl\u00e8ne PET Plastique 44 x 58,8 x 7 cm Sapin de No\u00ebl<\/b>.<\/p>\n<p>L\u2019<b>arbre de No\u00ebl<\/b> Krist+ offre une option d\u00e9corative pratique et attrayante pour les f\u00eates, con\u00e7u pour \u00eatre install\u00e9 au mur afin d\u2019optimiser l\u2019espace int\u00e9rieur. Fabriqu\u00e9 en <b>Chine<\/b>, cet arbre combine des mat\u00e9riaux r\u00e9sistants et durables comme le <b>polypropyl\u00e8ne<\/b>, the <b>PET<\/b> and the <b>plastique<\/b>, lui conf\u00e9rant une structure stable et un toucher r\u00e9aliste sur ses branches imitant la v\u00e9g\u00e9tation naturelle. Son design aux couleurs <b>vert et rouge<\/b> respecte la tradition de No\u00ebl, apportant couleur et chaleur \u00e0 tout int\u00e9rieur. De plus, il int\u00e8gre un syst\u00e8me d\u2019\u00e9clairage LED int\u00e9gr\u00e9, qui diffuse une lumi\u00e8re douce et efficace, id\u00e9ale pour cr\u00e9er une ambiance festive sans consommer beaucoup d\u2019\u00e9nergie ni g\u00e9n\u00e9rer de chaleur. Cet arbre en guirlande est sp\u00e9cialement con\u00e7u pour \u00eatre suspendu au mur, offrant une solution polyvalente pour les petits espaces ou pour ceux qui recherchent une d\u00e9coration contemporaine diff\u00e9rente des arbres classiques. Sa composition en mat\u00e9riaux plastiques et synth\u00e9tiques assure un entretien facile et une bonne r\u00e9sistance pendant toute la p\u00e9riode des f\u00eates. Le design en guirlande offre un volume visuel attrayant sans lourdeur, et gr\u00e2ce \u00e0 la LED int\u00e9gr\u00e9e, la d\u00e9coration s\u2019anime la nuit. En r\u00e9sum\u00e9, l\u2019arbre de No\u00ebl Krist+ est une alternative fonctionnelle et d\u00e9corative pour ceux qui souhaitent installer un arbre \u00e0 la fois visible et efficace, adapt\u00e9 aux espaces limit\u00e9s et avec \u00e9clairage int\u00e9gr\u00e9 pour parfaire l\u2019ambiance de No\u00ebl.<\/p>\n<ul>\n<li>Caract\u00e9ristiques: Lumi\u00e8re LED<\/li>\n<li>Type:\n<ul>\n<li>D\u00e9coration murale<\/li>\n<li>Sapin de No\u00ebl<\/li>\n<\/ul>\n<\/li>\n<li>Couleur:\n<ul>\n<li>Rouge<\/li>\n<li>Vert<\/li>\n<li>Argent\u00e9<\/li>\n<li>Argent<\/li>\n<\/ul>\n<\/li>\n<li>Mati\u00e8re:\n<ul>\n<li>polypropyl\u00e8ne<\/li>\n<li>PET<\/li>\n<li>Plastique<\/li>\n<\/ul>\n<\/li>\n<li>Dimensions approx.: 44 x 58,8 x 7 cm<\/li>\n<\/ul>","protected":false},"excerpt":{"rendered":"<p>Vous voulez donner une touche d&#8217;originalit\u00e9 \u00e0 votre maison ? Vous y arriverez gr\u00e2ce au Sapin de No\u00ebl Krist+ Rouge Vert Argent\u00e9 Argent polypropyl\u00e8ne PET Plastique 44 x 58,8 x 7 cm Sapin de No\u00ebl. L\u2019arbre de No\u00ebl Krist+ offre une option d\u00e9corative pratique et attrayante pour les f\u00eates, con\u00e7u pour \u00eatre install\u00e9 au mur [&hellip;]<\/p>\n","protected":false},"featured_media":183936,"comment_status":"open","ping_status":"closed","template":"","meta":[],"product_brand":[2416],"product_cat":[1703,1430,239],"product_tag":[101,215],"woo-feed-brand":[],"class_list":{"0":"post-183937","1":"product","2":"type-product","3":"status-publish","4":"has-post-thumbnail","6":"product_brand-brandp_6833","7":"product_cat-decoration-de-noel","8":"product_cat-decoration-et-eclairage","9":"product_cat-maison-jardin","10":"product_tag-tag_599","11":"product_tag-tag_427","13":"first","14":"instock","15":"taxable","16":"shipping-taxable","17":"purchasable","18":"product-type-simple"},"yoast_head":"<!-- This site is optimized with the Yoast SEO plugin v27.6 - https:\/\/yoast.com\/product\/yoast-seo-wordpress\/ -->\n<title>Sapin de No\u00ebl Krist+ Rouge Vert Argent\u00e9 Argent polypropyl\u00e8ne PET Plastique 44 x 58,8 x 7 cm Sapin de No\u00ebl | | Tupique<\/title>\n<meta name=\"description\" content=\"Envie d&#039;acheter Sapin de No\u00ebl Krist+ Rouge Vert Argent\u00e9 Argent polypropyl\u00e8ne PET Plastique 44 x 58,8 x 7 cm Sapin de No\u00ebl\u00a0? Achetez Sapin de No\u00ebl Krist+ Rouge Vert Argent\u00e9 Argent polypropyl\u00e8ne PET Plastique 44 x 58,8 x 7 cm Sapin de No\u00ebl maintenant avec Tupique en 3 versements sans int\u00e9r\u00eat.\" \/>\n<meta name=\"robots\" content=\"index, follow, max-snippet:-1, max-image-preview:large, max-video-preview:-1\" \/>\n<link rel=\"canonical\" href=\"https:\/\/tupique.com\/en\/product\/sapin-de-noel-krist-rouge-vert-argente-argent-polypropylene-pet-plastique-44-x-588-x-7-cm-sapin-de-noel\/\" \/>\n<meta property=\"og:locale\" content=\"en_GB\" \/>\n<meta property=\"og:type\" content=\"article\" \/>\n<meta property=\"og:title\" content=\"Sapin de No\u00ebl Krist+ Rouge Vert Argent\u00e9 Argent polypropyl\u00e8ne PET Plastique 44 x 58,8 x 7 cm Sapin de No\u00ebl | | Tupique\" \/>\n<meta property=\"og:description\" content=\"Envie d&#039;acheter Sapin de No\u00ebl Krist+ Rouge Vert Argent\u00e9 Argent polypropyl\u00e8ne PET Plastique 44 x 58,8 x 7 cm Sapin de No\u00ebl\u00a0? Achetez Sapin de No\u00ebl Krist+ Rouge Vert Argent\u00e9 Argent polypropyl\u00e8ne PET Plastique 44 x 58,8 x 7 cm Sapin de No\u00ebl maintenant avec Tupique en 3 versements sans int\u00e9r\u00eat.\" \/>\n<meta property=\"og:url\" content=\"https:\/\/tupique.com\/en\/product\/sapin-de-noel-krist-rouge-vert-argente-argent-polypropylene-pet-plastique-44-x-588-x-7-cm-sapin-de-noel\/\" \/>\n<meta property=\"og:site_name\" content=\"Tupique\" \/>\n<meta property=\"article:modified_time\" content=\"2026-05-11T19:18:37+00:00\" \/>\n<meta property=\"og:image\" content=\"https:\/\/tupique.com\/wp-content\/uploads\/2026\/05\/8430852817716_S3611794_P0_WBG1.jpg\" \/>\n\t<meta property=\"og:image:width\" content=\"1200\" \/>\n\t<meta property=\"og:image:height\" content=\"1200\" \/>\n\t<meta property=\"og:image:type\" content=\"image\/jpeg\" \/>\n<meta name=\"twitter:card\" content=\"summary_large_image\" \/>\n<meta name=\"twitter:label1\" content=\"Est. reading time\" \/>\n\t<meta name=\"twitter:data1\" content=\"2 minutes\" \/>\n<script type=\"application\/ld+json\" class=\"yoast-schema-graph\">{\"@context\":\"https:\\\/\\\/schema.org\",\"@graph\":[{\"@type\":\"WebPage\",\"@id\":\"https:\\\/\\\/tupique.com\\\/pt\\\/product\\\/sapin-de-noel-krist-rouge-vert-argente-argent-polypropylene-pet-plastique-44-x-588-x-7-cm-sapin-de-noel\\\/\",\"url\":\"https:\\\/\\\/tupique.com\\\/pt\\\/product\\\/sapin-de-noel-krist-rouge-vert-argente-argent-polypropylene-pet-plastique-44-x-588-x-7-cm-sapin-de-noel\\\/\",\"name\":\"Sapin de No\u00ebl Krist+ Rouge Vert Argent\u00e9 Argent polypropyl\u00e8ne PET Plastique 44 x 58,8 x 7 cm Sapin de No\u00ebl | | Tupique\",\"isPartOf\":{\"@id\":\"https:\\\/\\\/tupique.com\\\/#website\"},\"primaryImageOfPage\":{\"@id\":\"https:\\\/\\\/tupique.com\\\/pt\\\/product\\\/sapin-de-noel-krist-rouge-vert-argente-argent-polypropylene-pet-plastique-44-x-588-x-7-cm-sapin-de-noel\\\/#primaryimage\"},\"image\":{\"@id\":\"https:\\\/\\\/tupique.com\\\/pt\\\/product\\\/sapin-de-noel-krist-rouge-vert-argente-argent-polypropylene-pet-plastique-44-x-588-x-7-cm-sapin-de-noel\\\/#primaryimage\"},\"thumbnailUrl\":\"https:\\\/\\\/tupique.com\\\/wp-content\\\/uploads\\\/2026\\\/05\\\/8430852817716_S3611794_P0_WBG1.jpg\",\"datePublished\":\"2026-05-11T15:30:29+00:00\",\"dateModified\":\"2026-05-11T19:18:37+00:00\",\"description\":\"Envie d'acheter Sapin de No\u00ebl Krist+ Rouge Vert Argent\u00e9 Argent polypropyl\u00e8ne PET Plastique 44 x 58,8 x 7 cm Sapin de No\u00ebl\u00a0? Achetez Sapin de No\u00ebl Krist+ Rouge Vert Argent\u00e9 Argent polypropyl\u00e8ne PET Plastique 44 x 58,8 x 7 cm Sapin de No\u00ebl maintenant avec Tupique en 3 versements sans int\u00e9r\u00eat.\",\"breadcrumb\":{\"@id\":\"https:\\\/\\\/tupique.com\\\/pt\\\/product\\\/sapin-de-noel-krist-rouge-vert-argente-argent-polypropylene-pet-plastique-44-x-588-x-7-cm-sapin-de-noel\\\/#breadcrumb\"},\"inLanguage\":\"en-GB\",\"potentialAction\":[{\"@type\":\"ReadAction\",\"target\":[\"https:\\\/\\\/tupique.com\\\/pt\\\/product\\\/sapin-de-noel-krist-rouge-vert-argente-argent-polypropylene-pet-plastique-44-x-588-x-7-cm-sapin-de-noel\\\/\"]}]},{\"@type\":\"ImageObject\",\"inLanguage\":\"en-GB\",\"@id\":\"https:\\\/\\\/tupique.com\\\/pt\\\/product\\\/sapin-de-noel-krist-rouge-vert-argente-argent-polypropylene-pet-plastique-44-x-588-x-7-cm-sapin-de-noel\\\/#primaryimage\",\"url\":\"https:\\\/\\\/tupique.com\\\/wp-content\\\/uploads\\\/2026\\\/05\\\/8430852817716_S3611794_P0_WBG1.jpg\",\"contentUrl\":\"https:\\\/\\\/tupique.com\\\/wp-content\\\/uploads\\\/2026\\\/05\\\/8430852817716_S3611794_P0_WBG1.jpg\",\"width\":1200,\"height\":1200,\"caption\":\"S3611794_0\"},{\"@type\":\"BreadcrumbList\",\"@id\":\"https:\\\/\\\/tupique.com\\\/pt\\\/product\\\/sapin-de-noel-krist-rouge-vert-argente-argent-polypropylene-pet-plastique-44-x-588-x-7-cm-sapin-de-noel\\\/#breadcrumb\",\"itemListElement\":[{\"@type\":\"ListItem\",\"position\":1,\"name\":\"commencer\",\"item\":\"https:\\\/\\\/tupique.com\\\/\"},{\"@type\":\"ListItem\",\"position\":2,\"name\":\"Loja\",\"item\":\"https:\\\/\\\/tupique.com\\\/pt\\\/loja\\\/\"},{\"@type\":\"ListItem\",\"position\":3,\"name\":\"Sapin de No\u00ebl Krist+ Rouge Vert Argent\u00e9 Argent polypropyl\u00e8ne PET Plastique 44 x 58,8 x 7 cm Sapin de No\u00ebl\"}]},{\"@type\":\"WebSite\",\"@id\":\"https:\\\/\\\/tupique.com\\\/#website\",\"url\":\"https:\\\/\\\/tupique.com\\\/\",\"name\":\"Tupique\",\"description\":\"\",\"publisher\":{\"@id\":\"https:\\\/\\\/tupique.com\\\/#organization\"},\"potentialAction\":[{\"@type\":\"SearchAction\",\"target\":{\"@type\":\"EntryPoint\",\"urlTemplate\":\"https:\\\/\\\/tupique.com\\\/?s={search_term_string}\"},\"query-input\":{\"@type\":\"PropertyValueSpecification\",\"valueRequired\":true,\"valueName\":\"search_term_string\"}}],\"inLanguage\":\"en-GB\"},{\"@type\":\"Organization\",\"@id\":\"https:\\\/\\\/tupique.com\\\/#organization\",\"name\":\"Tupique\",\"url\":\"https:\\\/\\\/tupique.com\\\/\",\"logo\":{\"@type\":\"ImageObject\",\"inLanguage\":\"en-GB\",\"@id\":\"https:\\\/\\\/tupique.com\\\/#\\\/schema\\\/logo\\\/image\\\/\",\"url\":\"https:\\\/\\\/tupique.com\\\/wp-content\\\/uploads\\\/2026\\\/03\\\/logo-tupique-1.webp\",\"contentUrl\":\"https:\\\/\\\/tupique.com\\\/wp-content\\\/uploads\\\/2026\\\/03\\\/logo-tupique-1.webp\",\"width\":500,\"height\":67,\"caption\":\"Tupique\"},\"image\":{\"@id\":\"https:\\\/\\\/tupique.com\\\/#\\\/schema\\\/logo\\\/image\\\/\"}}]}<\/script>\n<!-- \/ Yoast SEO plugin. -->","yoast_head_json":{"title":"Sapin de No\u00ebl Krist+ Rouge Vert Argent\u00e9 Argent polypropyl\u00e8ne PET Plastique 44 x 58,8 x 7 cm Sapin de No\u00ebl | | Tupique","description":"Envie d'acheter Sapin de No\u00ebl Krist+ Rouge Vert Argent\u00e9 Argent polypropyl\u00e8ne PET Plastique 44 x 58,8 x 7 cm Sapin de No\u00ebl\u00a0? Achetez Sapin de No\u00ebl Krist+ Rouge Vert Argent\u00e9 Argent polypropyl\u00e8ne PET Plastique 44 x 58,8 x 7 cm Sapin de No\u00ebl maintenant avec Tupique en 3 versements sans int\u00e9r\u00eat.","robots":{"index":"index","follow":"follow","max-snippet":"max-snippet:-1","max-image-preview":"max-image-preview:large","max-video-preview":"max-video-preview:-1"},"canonical":"https:\/\/tupique.com\/en\/product\/sapin-de-noel-krist-rouge-vert-argente-argent-polypropylene-pet-plastique-44-x-588-x-7-cm-sapin-de-noel\/","og_locale":"en_GB","og_type":"article","og_title":"Sapin de No\u00ebl Krist+ Rouge Vert Argent\u00e9 Argent polypropyl\u00e8ne PET Plastique 44 x 58,8 x 7 cm Sapin de No\u00ebl | | Tupique","og_description":"Envie d'acheter Sapin de No\u00ebl Krist+ Rouge Vert Argent\u00e9 Argent polypropyl\u00e8ne PET Plastique 44 x 58,8 x 7 cm Sapin de No\u00ebl\u00a0? Achetez Sapin de No\u00ebl Krist+ Rouge Vert Argent\u00e9 Argent polypropyl\u00e8ne PET Plastique 44 x 58,8 x 7 cm Sapin de No\u00ebl maintenant avec Tupique en 3 versements sans int\u00e9r\u00eat.","og_url":"https:\/\/tupique.com\/en\/product\/sapin-de-noel-krist-rouge-vert-argente-argent-polypropylene-pet-plastique-44-x-588-x-7-cm-sapin-de-noel\/","og_site_name":"Tupique","article_modified_time":"2026-05-11T19:18:37+00:00","og_image":[{"width":1200,"height":1200,"url":"https:\/\/tupique.com\/wp-content\/uploads\/2026\/05\/8430852817716_S3611794_P0_WBG1.jpg","type":"image\/jpeg"}],"twitter_card":"summary_large_image","twitter_misc":{"Est. reading time":"2 minutes"},"schema":{"@context":"https:\/\/schema.org","@graph":[{"@type":"WebPage","@id":"https:\/\/tupique.com\/pt\/product\/sapin-de-noel-krist-rouge-vert-argente-argent-polypropylene-pet-plastique-44-x-588-x-7-cm-sapin-de-noel\/","url":"https:\/\/tupique.com\/pt\/product\/sapin-de-noel-krist-rouge-vert-argente-argent-polypropylene-pet-plastique-44-x-588-x-7-cm-sapin-de-noel\/","name":"Sapin de No\u00ebl Krist+ Rouge Vert Argent\u00e9 Argent polypropyl\u00e8ne PET Plastique 44 x 58,8 x 7 cm Sapin de No\u00ebl | | Tupique","isPartOf":{"@id":"https:\/\/tupique.com\/#website"},"primaryImageOfPage":{"@id":"https:\/\/tupique.com\/pt\/product\/sapin-de-noel-krist-rouge-vert-argente-argent-polypropylene-pet-plastique-44-x-588-x-7-cm-sapin-de-noel\/#primaryimage"},"image":{"@id":"https:\/\/tupique.com\/pt\/product\/sapin-de-noel-krist-rouge-vert-argente-argent-polypropylene-pet-plastique-44-x-588-x-7-cm-sapin-de-noel\/#primaryimage"},"thumbnailUrl":"https:\/\/tupique.com\/wp-content\/uploads\/2026\/05\/8430852817716_S3611794_P0_WBG1.jpg","datePublished":"2026-05-11T15:30:29+00:00","dateModified":"2026-05-11T19:18:37+00:00","description":"Envie d'acheter Sapin de No\u00ebl Krist+ Rouge Vert Argent\u00e9 Argent polypropyl\u00e8ne PET Plastique 44 x 58,8 x 7 cm Sapin de No\u00ebl\u00a0? Achetez Sapin de No\u00ebl Krist+ Rouge Vert Argent\u00e9 Argent polypropyl\u00e8ne PET Plastique 44 x 58,8 x 7 cm Sapin de No\u00ebl maintenant avec Tupique en 3 versements sans int\u00e9r\u00eat.","breadcrumb":{"@id":"https:\/\/tupique.com\/pt\/product\/sapin-de-noel-krist-rouge-vert-argente-argent-polypropylene-pet-plastique-44-x-588-x-7-cm-sapin-de-noel\/#breadcrumb"},"inLanguage":"en-GB","potentialAction":[{"@type":"ReadAction","target":["https:\/\/tupique.com\/pt\/product\/sapin-de-noel-krist-rouge-vert-argente-argent-polypropylene-pet-plastique-44-x-588-x-7-cm-sapin-de-noel\/"]}]},{"@type":"ImageObject","inLanguage":"en-GB","@id":"https:\/\/tupique.com\/pt\/product\/sapin-de-noel-krist-rouge-vert-argente-argent-polypropylene-pet-plastique-44-x-588-x-7-cm-sapin-de-noel\/#primaryimage","url":"https:\/\/tupique.com\/wp-content\/uploads\/2026\/05\/8430852817716_S3611794_P0_WBG1.jpg","contentUrl":"https:\/\/tupique.com\/wp-content\/uploads\/2026\/05\/8430852817716_S3611794_P0_WBG1.jpg","width":1200,"height":1200,"caption":"S3611794_0"},{"@type":"BreadcrumbList","@id":"https:\/\/tupique.com\/pt\/product\/sapin-de-noel-krist-rouge-vert-argente-argent-polypropylene-pet-plastique-44-x-588-x-7-cm-sapin-de-noel\/#breadcrumb","itemListElement":[{"@type":"ListItem","position":1,"name":"commencer","item":"https:\/\/tupique.com\/"},{"@type":"ListItem","position":2,"name":"Loja","item":"https:\/\/tupique.com\/pt\/loja\/"},{"@type":"ListItem","position":3,"name":"Sapin de No\u00ebl Krist+ Rouge Vert Argent\u00e9 Argent polypropyl\u00e8ne PET Plastique 44 x 58,8 x 7 cm Sapin de No\u00ebl"}]},{"@type":"WebSite","@id":"https:\/\/tupique.com\/#website","url":"https:\/\/tupique.com\/","name":"Tupique","description":"","publisher":{"@id":"https:\/\/tupique.com\/#organization"},"potentialAction":[{"@type":"SearchAction","target":{"@type":"EntryPoint","urlTemplate":"https:\/\/tupique.com\/?s={search_term_string}"},"query-input":{"@type":"PropertyValueSpecification","valueRequired":true,"valueName":"search_term_string"}}],"inLanguage":"en-GB"},{"@type":"Organization","@id":"https:\/\/tupique.com\/#organization","name":"Tupique","url":"https:\/\/tupique.com\/","logo":{"@type":"ImageObject","inLanguage":"en-GB","@id":"https:\/\/tupique.com\/#\/schema\/logo\/image\/","url":"https:\/\/tupique.com\/wp-content\/uploads\/2026\/03\/logo-tupique-1.webp","contentUrl":"https:\/\/tupique.com\/wp-content\/uploads\/2026\/03\/logo-tupique-1.webp","width":500,"height":67,"caption":"Tupique"},"image":{"@id":"https:\/\/tupique.com\/#\/schema\/logo\/image\/"}}]}},"_links":{"self":[{"href":"https:\/\/tupique.com\/en\/wp-json\/wp\/v2\/product\/183937","targetHints":{"allow":["GET"]}}],"collection":[{"href":"https:\/\/tupique.com\/en\/wp-json\/wp\/v2\/product"}],"about":[{"href":"https:\/\/tupique.com\/en\/wp-json\/wp\/v2\/types\/product"}],"replies":[{"embeddable":true,"href":"https:\/\/tupique.com\/en\/wp-json\/wp\/v2\/comments?post=183937"}],"wp:featuredmedia":[{"embeddable":true,"href":"https:\/\/tupique.com\/en\/wp-json\/wp\/v2\/media\/183936"}],"wp:attachment":[{"href":"https:\/\/tupique.com\/en\/wp-json\/wp\/v2\/media?parent=183937"}],"wp:term":[{"taxonomy":"product_brand","embeddable":true,"href":"https:\/\/tupique.com\/en\/wp-json\/wp\/v2\/product_brand?post=183937"},{"taxonomy":"product_cat","embeddable":true,"href":"https:\/\/tupique.com\/en\/wp-json\/wp\/v2\/product_cat?post=183937"},{"taxonomy":"product_tag","embeddable":true,"href":"https:\/\/tupique.com\/en\/wp-json\/wp\/v2\/product_tag?post=183937"},{"taxonomy":"woo-feed-brand","embeddable":true,"href":"https:\/\/tupique.com\/en\/wp-json\/wp\/v2\/woo-feed-brand?post=183937"}],"curies":[{"name":"wp","href":"https:\/\/api.w.org\/{rel}","templated":true}]}}