{"id":184311,"date":"2026-05-11T17:52:39","date_gmt":"2026-05-11T15:52:39","guid":{"rendered":"https:\/\/tupique.com\/product\/suspension-edm-31597-aluminium-plastique-20-w-225-x-225-x-4-cm-6400-k\/"},"modified":"2026-05-11T21:23:26","modified_gmt":"2026-05-11T19:23:26","slug":"suspension-edm-31597-aluminium-plastique-20-w-225-x-225-x-4-cm-6400-k","status":"publish","type":"product","link":"https:\/\/tupique.com\/en\/product\/suspension-edm-31597-aluminium-plastique-20-w-225-x-225-x-4-cm-6400-k\/","title":{"rendered":"Suspension EDM 31597 Aluminium Plastique 20 W 22,5 x 22,5 x 4 cm (6400 K)"},"content":{"rendered":"<p>Vous voulez donner une touche d&#8217;originalit\u00e9 \u00e0 votre maison ? Vous y arriverez gr\u00e2ce au <b>Suspension EDM 31597 Aluminium Plastique 20 W 22,5 x 22,5 x 4 cm (6400 K)<\/b>.<\/p>\n<ul>\n<li>Type: Suspension<\/li>\n<li>Design: Chrome<\/li>\n<li>Classification IP: IP20<\/li>\n<li>Mat\u00e9riel:\n<ul>\n<li>Aluminium<\/li>\n<li>Plastique<\/li>\n<\/ul>\n<\/li>\n<li>Autonomie approx.: 25000 heures<\/li>\n<li>Temp\u00e9rature de couleur: 6400 K<\/li>\n<li>Tension:\n<ul>\n<li>240 V<\/li>\n<li>220-240 V<\/li>\n<\/ul>\n<\/li>\n<li>Flux lumineux: 1500 lm<\/li>\n<li>Mode d\u00b4\u00e9clairage:\n<ul>\n<li>Jour<\/li>\n<li>Lumi\u00e8re froide<\/li>\n<\/ul>\n<\/li>\n<li>puissance: 20 W<\/li>\n<li>Classification \u00e9nerg\u00e9tique: F<\/li>\n<li>Type d&#8217;installation: Surface<\/li>\n<li>Dimensions approx.: 22,5 x 22,5 x 4 cm<\/li>\n<\/ul>","protected":false},"excerpt":{"rendered":"<p><span class=\"unit-info\">27.9900 &euro; \/ 1 unit<\/span><\/p>","protected":false},"featured_media":184307,"comment_status":"open","ping_status":"closed","template":"","meta":[],"product_brand":[2404],"product_cat":[1430,1431,239],"product_tag":[104],"woo-feed-brand":[],"class_list":{"0":"post-184311","1":"product","2":"type-product","3":"status-publish","4":"has-post-thumbnail","6":"product_brand-brandp_6249","7":"product_cat-decoration-et-eclairage","8":"product_cat-lampes","9":"product_cat-maison-jardin","10":"product_tag-tag_1279","12":"first","13":"instock","14":"taxable","15":"shipping-taxable","16":"purchasable","17":"product-type-simple"},"yoast_head":"<!-- This site is optimized with the Yoast SEO plugin v27.6 - https:\/\/yoast.com\/product\/yoast-seo-wordpress\/ -->\n<title>Suspension EDM 31597 Aluminium Plastique 20 W 22,5 x 22,5 x 4 cm (6400 K) | | Tupique<\/title>\n<meta name=\"description\" content=\"Envie d&#039;acheter Suspension EDM 31597 Aluminium Plastique 20 W 22,5 x 22,5 x 4 cm (6400 K)\u00a0? Achetez Suspension EDM 31597 Aluminium Plastique 20 W 22,5 x 22,5 x 4 cm (6400 K) maintenant avec Tupique en 3 versements sans int\u00e9r\u00eat.\" \/>\n<meta name=\"robots\" content=\"index, follow, max-snippet:-1, max-image-preview:large, max-video-preview:-1\" \/>\n<link rel=\"canonical\" href=\"https:\/\/tupique.com\/en\/product\/suspension-edm-31597-aluminium-plastique-20-w-225-x-225-x-4-cm-6400-k\/\" \/>\n<meta property=\"og:locale\" content=\"en_GB\" \/>\n<meta property=\"og:type\" content=\"article\" \/>\n<meta property=\"og:title\" content=\"Suspension EDM 31597 Aluminium Plastique 20 W 22,5 x 22,5 x 4 cm (6400 K) | | Tupique\" \/>\n<meta property=\"og:description\" content=\"Envie d&#039;acheter Suspension EDM 31597 Aluminium Plastique 20 W 22,5 x 22,5 x 4 cm (6400 K)\u00a0? Achetez Suspension EDM 31597 Aluminium Plastique 20 W 22,5 x 22,5 x 4 cm (6400 K) maintenant avec Tupique en 3 versements sans int\u00e9r\u00eat.\" \/>\n<meta property=\"og:url\" content=\"https:\/\/tupique.com\/en\/product\/suspension-edm-31597-aluminium-plastique-20-w-225-x-225-x-4-cm-6400-k\/\" \/>\n<meta property=\"og:site_name\" content=\"Tupique\" \/>\n<meta property=\"article:modified_time\" content=\"2026-05-11T19:23:26+00:00\" \/>\n<meta property=\"og:image\" content=\"https:\/\/tupique.com\/wp-content\/uploads\/2026\/05\/8425998315974_00_WBG1.jpg\" \/>\n\t<meta property=\"og:image:width\" content=\"1200\" \/>\n\t<meta property=\"og:image:height\" content=\"1200\" \/>\n\t<meta property=\"og:image:type\" content=\"image\/jpeg\" \/>\n<meta name=\"twitter:card\" content=\"summary_large_image\" \/>\n<script type=\"application\/ld+json\" class=\"yoast-schema-graph\">{\"@context\":\"https:\\\/\\\/schema.org\",\"@graph\":[{\"@type\":\"WebPage\",\"@id\":\"https:\\\/\\\/tupique.com\\\/en\\\/product\\\/suspension-edm-31597-aluminium-plastique-20-w-225-x-225-x-4-cm-6400-k\\\/\",\"url\":\"https:\\\/\\\/tupique.com\\\/en\\\/product\\\/suspension-edm-31597-aluminium-plastique-20-w-225-x-225-x-4-cm-6400-k\\\/\",\"name\":\"Suspension EDM 31597 Aluminium Plastique 20 W 22,5 x 22,5 x 4 cm (6400 K) | | Tupique\",\"isPartOf\":{\"@id\":\"https:\\\/\\\/tupique.com\\\/#website\"},\"primaryImageOfPage\":{\"@id\":\"https:\\\/\\\/tupique.com\\\/en\\\/product\\\/suspension-edm-31597-aluminium-plastique-20-w-225-x-225-x-4-cm-6400-k\\\/#primaryimage\"},\"image\":{\"@id\":\"https:\\\/\\\/tupique.com\\\/en\\\/product\\\/suspension-edm-31597-aluminium-plastique-20-w-225-x-225-x-4-cm-6400-k\\\/#primaryimage\"},\"thumbnailUrl\":\"https:\\\/\\\/tupique.com\\\/wp-content\\\/uploads\\\/2026\\\/05\\\/8425998315974_00_WBG1.jpg\",\"datePublished\":\"2026-05-11T15:52:39+00:00\",\"dateModified\":\"2026-05-11T19:23:26+00:00\",\"description\":\"Envie d'acheter Suspension EDM 31597 Aluminium Plastique 20 W 22,5 x 22,5 x 4 cm (6400 K)\u00a0? Achetez Suspension EDM 31597 Aluminium Plastique 20 W 22,5 x 22,5 x 4 cm (6400 K) maintenant avec Tupique en 3 versements sans int\u00e9r\u00eat.\",\"breadcrumb\":{\"@id\":\"https:\\\/\\\/tupique.com\\\/en\\\/product\\\/suspension-edm-31597-aluminium-plastique-20-w-225-x-225-x-4-cm-6400-k\\\/#breadcrumb\"},\"inLanguage\":\"en-GB\",\"potentialAction\":[{\"@type\":\"ReadAction\",\"target\":[\"https:\\\/\\\/tupique.com\\\/en\\\/product\\\/suspension-edm-31597-aluminium-plastique-20-w-225-x-225-x-4-cm-6400-k\\\/\"]}]},{\"@type\":\"ImageObject\",\"inLanguage\":\"en-GB\",\"@id\":\"https:\\\/\\\/tupique.com\\\/en\\\/product\\\/suspension-edm-31597-aluminium-plastique-20-w-225-x-225-x-4-cm-6400-k\\\/#primaryimage\",\"url\":\"https:\\\/\\\/tupique.com\\\/wp-content\\\/uploads\\\/2026\\\/05\\\/8425998315974_00_WBG1.jpg\",\"contentUrl\":\"https:\\\/\\\/tupique.com\\\/wp-content\\\/uploads\\\/2026\\\/05\\\/8425998315974_00_WBG1.jpg\",\"width\":1200,\"height\":1200,\"caption\":\"S7915453_0\"},{\"@type\":\"BreadcrumbList\",\"@id\":\"https:\\\/\\\/tupique.com\\\/en\\\/product\\\/suspension-edm-31597-aluminium-plastique-20-w-225-x-225-x-4-cm-6400-k\\\/#breadcrumb\",\"itemListElement\":[{\"@type\":\"ListItem\",\"position\":1,\"name\":\"commencer\",\"item\":\"https:\\\/\\\/tupique.com\\\/\"},{\"@type\":\"ListItem\",\"position\":2,\"name\":\"Loja\",\"item\":\"https:\\\/\\\/tupique.com\\\/pt\\\/loja\\\/\"},{\"@type\":\"ListItem\",\"position\":3,\"name\":\"Suspension EDM 31597 Aluminium Plastique 20 W 22,5 x 22,5 x 4 cm (6400 K)\"}]},{\"@type\":\"WebSite\",\"@id\":\"https:\\\/\\\/tupique.com\\\/#website\",\"url\":\"https:\\\/\\\/tupique.com\\\/\",\"name\":\"Tupique\",\"description\":\"\",\"publisher\":{\"@id\":\"https:\\\/\\\/tupique.com\\\/#organization\"},\"potentialAction\":[{\"@type\":\"SearchAction\",\"target\":{\"@type\":\"EntryPoint\",\"urlTemplate\":\"https:\\\/\\\/tupique.com\\\/?s={search_term_string}\"},\"query-input\":{\"@type\":\"PropertyValueSpecification\",\"valueRequired\":true,\"valueName\":\"search_term_string\"}}],\"inLanguage\":\"en-GB\"},{\"@type\":\"Organization\",\"@id\":\"https:\\\/\\\/tupique.com\\\/#organization\",\"name\":\"Tupique\",\"url\":\"https:\\\/\\\/tupique.com\\\/\",\"logo\":{\"@type\":\"ImageObject\",\"inLanguage\":\"en-GB\",\"@id\":\"https:\\\/\\\/tupique.com\\\/#\\\/schema\\\/logo\\\/image\\\/\",\"url\":\"https:\\\/\\\/tupique.com\\\/wp-content\\\/uploads\\\/2026\\\/03\\\/logo-tupique-1.webp\",\"contentUrl\":\"https:\\\/\\\/tupique.com\\\/wp-content\\\/uploads\\\/2026\\\/03\\\/logo-tupique-1.webp\",\"width\":500,\"height\":67,\"caption\":\"Tupique\"},\"image\":{\"@id\":\"https:\\\/\\\/tupique.com\\\/#\\\/schema\\\/logo\\\/image\\\/\"}}]}<\/script>\n<!-- \/ Yoast SEO plugin. -->","yoast_head_json":{"title":"Suspension EDM 31597 Aluminium Plastique 20 W 22,5 x 22,5 x 4 cm (6400 K) | | Tupique","description":"Envie d'acheter Suspension EDM 31597 Aluminium Plastique 20 W 22,5 x 22,5 x 4 cm (6400 K)\u00a0? Achetez Suspension EDM 31597 Aluminium Plastique 20 W 22,5 x 22,5 x 4 cm (6400 K) maintenant avec Tupique en 3 versements sans int\u00e9r\u00eat.","robots":{"index":"index","follow":"follow","max-snippet":"max-snippet:-1","max-image-preview":"max-image-preview:large","max-video-preview":"max-video-preview:-1"},"canonical":"https:\/\/tupique.com\/en\/product\/suspension-edm-31597-aluminium-plastique-20-w-225-x-225-x-4-cm-6400-k\/","og_locale":"en_GB","og_type":"article","og_title":"Suspension EDM 31597 Aluminium Plastique 20 W 22,5 x 22,5 x 4 cm (6400 K) | | Tupique","og_description":"Envie d'acheter Suspension EDM 31597 Aluminium Plastique 20 W 22,5 x 22,5 x 4 cm (6400 K)\u00a0? Achetez Suspension EDM 31597 Aluminium Plastique 20 W 22,5 x 22,5 x 4 cm (6400 K) maintenant avec Tupique en 3 versements sans int\u00e9r\u00eat.","og_url":"https:\/\/tupique.com\/en\/product\/suspension-edm-31597-aluminium-plastique-20-w-225-x-225-x-4-cm-6400-k\/","og_site_name":"Tupique","article_modified_time":"2026-05-11T19:23:26+00:00","og_image":[{"width":1200,"height":1200,"url":"https:\/\/tupique.com\/wp-content\/uploads\/2026\/05\/8425998315974_00_WBG1.jpg","type":"image\/jpeg"}],"twitter_card":"summary_large_image","schema":{"@context":"https:\/\/schema.org","@graph":[{"@type":"WebPage","@id":"https:\/\/tupique.com\/en\/product\/suspension-edm-31597-aluminium-plastique-20-w-225-x-225-x-4-cm-6400-k\/","url":"https:\/\/tupique.com\/en\/product\/suspension-edm-31597-aluminium-plastique-20-w-225-x-225-x-4-cm-6400-k\/","name":"Suspension EDM 31597 Aluminium Plastique 20 W 22,5 x 22,5 x 4 cm (6400 K) | | Tupique","isPartOf":{"@id":"https:\/\/tupique.com\/#website"},"primaryImageOfPage":{"@id":"https:\/\/tupique.com\/en\/product\/suspension-edm-31597-aluminium-plastique-20-w-225-x-225-x-4-cm-6400-k\/#primaryimage"},"image":{"@id":"https:\/\/tupique.com\/en\/product\/suspension-edm-31597-aluminium-plastique-20-w-225-x-225-x-4-cm-6400-k\/#primaryimage"},"thumbnailUrl":"https:\/\/tupique.com\/wp-content\/uploads\/2026\/05\/8425998315974_00_WBG1.jpg","datePublished":"2026-05-11T15:52:39+00:00","dateModified":"2026-05-11T19:23:26+00:00","description":"Envie d'acheter Suspension EDM 31597 Aluminium Plastique 20 W 22,5 x 22,5 x 4 cm (6400 K)\u00a0? Achetez Suspension EDM 31597 Aluminium Plastique 20 W 22,5 x 22,5 x 4 cm (6400 K) maintenant avec Tupique en 3 versements sans int\u00e9r\u00eat.","breadcrumb":{"@id":"https:\/\/tupique.com\/en\/product\/suspension-edm-31597-aluminium-plastique-20-w-225-x-225-x-4-cm-6400-k\/#breadcrumb"},"inLanguage":"en-GB","potentialAction":[{"@type":"ReadAction","target":["https:\/\/tupique.com\/en\/product\/suspension-edm-31597-aluminium-plastique-20-w-225-x-225-x-4-cm-6400-k\/"]}]},{"@type":"ImageObject","inLanguage":"en-GB","@id":"https:\/\/tupique.com\/en\/product\/suspension-edm-31597-aluminium-plastique-20-w-225-x-225-x-4-cm-6400-k\/#primaryimage","url":"https:\/\/tupique.com\/wp-content\/uploads\/2026\/05\/8425998315974_00_WBG1.jpg","contentUrl":"https:\/\/tupique.com\/wp-content\/uploads\/2026\/05\/8425998315974_00_WBG1.jpg","width":1200,"height":1200,"caption":"S7915453_0"},{"@type":"BreadcrumbList","@id":"https:\/\/tupique.com\/en\/product\/suspension-edm-31597-aluminium-plastique-20-w-225-x-225-x-4-cm-6400-k\/#breadcrumb","itemListElement":[{"@type":"ListItem","position":1,"name":"commencer","item":"https:\/\/tupique.com\/"},{"@type":"ListItem","position":2,"name":"Loja","item":"https:\/\/tupique.com\/pt\/loja\/"},{"@type":"ListItem","position":3,"name":"Suspension EDM 31597 Aluminium Plastique 20 W 22,5 x 22,5 x 4 cm (6400 K)"}]},{"@type":"WebSite","@id":"https:\/\/tupique.com\/#website","url":"https:\/\/tupique.com\/","name":"Tupique","description":"","publisher":{"@id":"https:\/\/tupique.com\/#organization"},"potentialAction":[{"@type":"SearchAction","target":{"@type":"EntryPoint","urlTemplate":"https:\/\/tupique.com\/?s={search_term_string}"},"query-input":{"@type":"PropertyValueSpecification","valueRequired":true,"valueName":"search_term_string"}}],"inLanguage":"en-GB"},{"@type":"Organization","@id":"https:\/\/tupique.com\/#organization","name":"Tupique","url":"https:\/\/tupique.com\/","logo":{"@type":"ImageObject","inLanguage":"en-GB","@id":"https:\/\/tupique.com\/#\/schema\/logo\/image\/","url":"https:\/\/tupique.com\/wp-content\/uploads\/2026\/03\/logo-tupique-1.webp","contentUrl":"https:\/\/tupique.com\/wp-content\/uploads\/2026\/03\/logo-tupique-1.webp","width":500,"height":67,"caption":"Tupique"},"image":{"@id":"https:\/\/tupique.com\/#\/schema\/logo\/image\/"}}]}},"_links":{"self":[{"href":"https:\/\/tupique.com\/en\/wp-json\/wp\/v2\/product\/184311","targetHints":{"allow":["GET"]}}],"collection":[{"href":"https:\/\/tupique.com\/en\/wp-json\/wp\/v2\/product"}],"about":[{"href":"https:\/\/tupique.com\/en\/wp-json\/wp\/v2\/types\/product"}],"replies":[{"embeddable":true,"href":"https:\/\/tupique.com\/en\/wp-json\/wp\/v2\/comments?post=184311"}],"wp:featuredmedia":[{"embeddable":true,"href":"https:\/\/tupique.com\/en\/wp-json\/wp\/v2\/media\/184307"}],"wp:attachment":[{"href":"https:\/\/tupique.com\/en\/wp-json\/wp\/v2\/media?parent=184311"}],"wp:term":[{"taxonomy":"product_brand","embeddable":true,"href":"https:\/\/tupique.com\/en\/wp-json\/wp\/v2\/product_brand?post=184311"},{"taxonomy":"product_cat","embeddable":true,"href":"https:\/\/tupique.com\/en\/wp-json\/wp\/v2\/product_cat?post=184311"},{"taxonomy":"product_tag","embeddable":true,"href":"https:\/\/tupique.com\/en\/wp-json\/wp\/v2\/product_tag?post=184311"},{"taxonomy":"woo-feed-brand","embeddable":true,"href":"https:\/\/tupique.com\/en\/wp-json\/wp\/v2\/woo-feed-brand?post=184311"}],"curies":[{"name":"wp","href":"https:\/\/api.w.org\/{rel}","templated":true}]}}