{"id":184447,"date":"2026-05-11T18:08:17","date_gmt":"2026-05-11T16:08:17","guid":{"rendered":"https:\/\/tupique.com\/product\/cable-alimentation-sata-digitus-sata-7-pin\/"},"modified":"2026-05-11T21:23:25","modified_gmt":"2026-05-11T19:23:25","slug":"cable-alimentation-sata-digitus-sata-7-pin","status":"publish","type":"product","link":"https:\/\/tupique.com\/en\/product\/cable-alimentation-sata-digitus-sata-7-pin\/","title":{"rendered":"C\u00e2ble Alimentation SATA Digitus SATA 7-pin"},"content":{"rendered":"<p>Si vous \u00eates passionn\u00e9 d&#8217;<b>informatique et d&#8217;\u00e9lectronique<\/b>, si vous \u00eates \u00e0 la pointe de la technologie et qu&#8217;aucun d\u00e9tail ne vous \u00e9chappe, achetez <b>C\u00e2ble Alimentation SATA Digitus SATA 7-pin<\/b> au meilleur prix.<\/p>\n<ul>\n<li>Connexions:\n<ul>\n<li>SATA<\/li>\n<li>SATA 7-pin x 1<\/li>\n<li>SATA I<\/li>\n<\/ul>\n<\/li>\n<li>Couleur: Rouge<\/li>\n<li>Longueur du c\u00e2ble: 50 cm<\/li>\n<\/ul>","protected":false},"excerpt":{"rendered":"<p>Si vous \u00eates passionn\u00e9 d&#8217;informatique et d&#8217;\u00e9lectronique, si vous \u00eates \u00e0 la pointe de la technologie et qu&#8217;aucun d\u00e9tail ne vous \u00e9chappe, achetez C\u00e2ble Alimentation SATA Digitus SATA 7-pin au meilleur prix. Connexions: SATA SATA 7-pin x 1 SATA I Couleur: Rouge Longueur du c\u00e2ble: 50 cm<\/p>","protected":false},"featured_media":184446,"comment_status":"open","ping_status":"closed","template":"","meta":[],"product_brand":[2498],"product_cat":[613,239],"product_tag":[210],"woo-feed-brand":[],"class_list":{"0":"post-184447","1":"product","2":"type-product","3":"status-publish","4":"has-post-thumbnail","6":"product_brand-brandp_3364","7":"product_cat-bricolage-et-materiel","8":"product_cat-maison-jardin","9":"product_tag-tag_25","11":"first","12":"instock","13":"taxable","14":"shipping-taxable","15":"purchasable","16":"product-type-simple"},"yoast_head":"<!-- This site is optimized with the Yoast SEO plugin v27.6 - https:\/\/yoast.com\/product\/yoast-seo-wordpress\/ -->\n<title>C\u00e2ble Alimentation SATA Digitus SATA 7-pin | | Tupique<\/title>\n<meta name=\"description\" content=\"Envie d&#039;acheter C\u00e2ble Alimentation SATA Digitus SATA 7-pin\u00a0? Achetez C\u00e2ble Alimentation SATA Digitus SATA 7-pin maintenant avec Tupique en 3 versements sans int\u00e9r\u00eat.\" \/>\n<meta name=\"robots\" content=\"index, follow, max-snippet:-1, max-image-preview:large, max-video-preview:-1\" \/>\n<link rel=\"canonical\" href=\"https:\/\/tupique.com\/en\/product\/cable-alimentation-sata-digitus-sata-7-pin\/\" \/>\n<meta property=\"og:locale\" content=\"en_GB\" \/>\n<meta property=\"og:type\" content=\"article\" \/>\n<meta property=\"og:title\" content=\"C\u00e2ble Alimentation SATA Digitus SATA 7-pin | | Tupique\" \/>\n<meta property=\"og:description\" content=\"Envie d&#039;acheter C\u00e2ble Alimentation SATA Digitus SATA 7-pin\u00a0? Achetez C\u00e2ble Alimentation SATA Digitus SATA 7-pin maintenant avec Tupique en 3 versements sans int\u00e9r\u00eat.\" \/>\n<meta property=\"og:url\" content=\"https:\/\/tupique.com\/en\/product\/cable-alimentation-sata-digitus-sata-7-pin\/\" \/>\n<meta property=\"og:site_name\" content=\"Tupique\" \/>\n<meta property=\"article:modified_time\" content=\"2026-05-11T19:23:25+00:00\" \/>\n<meta property=\"og:image\" content=\"https:\/\/tupique.com\/wp-content\/uploads\/2026\/05\/4016032299530_I01.jpg\" \/>\n\t<meta property=\"og:image:width\" content=\"1200\" \/>\n\t<meta property=\"og:image:height\" content=\"1200\" \/>\n\t<meta property=\"og:image:type\" content=\"image\/jpeg\" \/>\n<meta name=\"twitter:card\" content=\"summary_large_image\" \/>\n<script type=\"application\/ld+json\" class=\"yoast-schema-graph\">{\"@context\":\"https:\\\/\\\/schema.org\",\"@graph\":[{\"@type\":\"WebPage\",\"@id\":\"https:\\\/\\\/tupique.com\\\/product\\\/cable-alimentation-sata-digitus-sata-7-pin\\\/\",\"url\":\"https:\\\/\\\/tupique.com\\\/product\\\/cable-alimentation-sata-digitus-sata-7-pin\\\/\",\"name\":\"C\u00e2ble Alimentation SATA Digitus SATA 7-pin | | Tupique\",\"isPartOf\":{\"@id\":\"https:\\\/\\\/tupique.com\\\/#website\"},\"primaryImageOfPage\":{\"@id\":\"https:\\\/\\\/tupique.com\\\/product\\\/cable-alimentation-sata-digitus-sata-7-pin\\\/#primaryimage\"},\"image\":{\"@id\":\"https:\\\/\\\/tupique.com\\\/product\\\/cable-alimentation-sata-digitus-sata-7-pin\\\/#primaryimage\"},\"thumbnailUrl\":\"https:\\\/\\\/tupique.com\\\/wp-content\\\/uploads\\\/2026\\\/05\\\/4016032299530_I01.jpg\",\"datePublished\":\"2026-05-11T16:08:17+00:00\",\"dateModified\":\"2026-05-11T19:23:25+00:00\",\"description\":\"Envie d'acheter C\u00e2ble Alimentation SATA Digitus SATA 7-pin\u00a0? Achetez C\u00e2ble Alimentation SATA Digitus SATA 7-pin maintenant avec Tupique en 3 versements sans int\u00e9r\u00eat.\",\"breadcrumb\":{\"@id\":\"https:\\\/\\\/tupique.com\\\/product\\\/cable-alimentation-sata-digitus-sata-7-pin\\\/#breadcrumb\"},\"inLanguage\":\"en-GB\",\"potentialAction\":[{\"@type\":\"ReadAction\",\"target\":[\"https:\\\/\\\/tupique.com\\\/product\\\/cable-alimentation-sata-digitus-sata-7-pin\\\/\"]}]},{\"@type\":\"ImageObject\",\"inLanguage\":\"en-GB\",\"@id\":\"https:\\\/\\\/tupique.com\\\/product\\\/cable-alimentation-sata-digitus-sata-7-pin\\\/#primaryimage\",\"url\":\"https:\\\/\\\/tupique.com\\\/wp-content\\\/uploads\\\/2026\\\/05\\\/4016032299530_I01.jpg\",\"contentUrl\":\"https:\\\/\\\/tupique.com\\\/wp-content\\\/uploads\\\/2026\\\/05\\\/4016032299530_I01.jpg\",\"width\":1200,\"height\":1200,\"caption\":\"S7815753_0\"},{\"@type\":\"BreadcrumbList\",\"@id\":\"https:\\\/\\\/tupique.com\\\/product\\\/cable-alimentation-sata-digitus-sata-7-pin\\\/#breadcrumb\",\"itemListElement\":[{\"@type\":\"ListItem\",\"position\":1,\"name\":\"commencer\",\"item\":\"https:\\\/\\\/tupique.com\\\/\"},{\"@type\":\"ListItem\",\"position\":2,\"name\":\"Loja\",\"item\":\"https:\\\/\\\/tupique.com\\\/pt\\\/loja\\\/\"},{\"@type\":\"ListItem\",\"position\":3,\"name\":\"C\u00e2ble Alimentation SATA Digitus SATA 7-pin\"}]},{\"@type\":\"WebSite\",\"@id\":\"https:\\\/\\\/tupique.com\\\/#website\",\"url\":\"https:\\\/\\\/tupique.com\\\/\",\"name\":\"Tupique\",\"description\":\"\",\"publisher\":{\"@id\":\"https:\\\/\\\/tupique.com\\\/#organization\"},\"potentialAction\":[{\"@type\":\"SearchAction\",\"target\":{\"@type\":\"EntryPoint\",\"urlTemplate\":\"https:\\\/\\\/tupique.com\\\/?s={search_term_string}\"},\"query-input\":{\"@type\":\"PropertyValueSpecification\",\"valueRequired\":true,\"valueName\":\"search_term_string\"}}],\"inLanguage\":\"en-GB\"},{\"@type\":\"Organization\",\"@id\":\"https:\\\/\\\/tupique.com\\\/#organization\",\"name\":\"Tupique\",\"url\":\"https:\\\/\\\/tupique.com\\\/\",\"logo\":{\"@type\":\"ImageObject\",\"inLanguage\":\"en-GB\",\"@id\":\"https:\\\/\\\/tupique.com\\\/#\\\/schema\\\/logo\\\/image\\\/\",\"url\":\"https:\\\/\\\/tupique.com\\\/wp-content\\\/uploads\\\/2026\\\/03\\\/logo-tupique-1.webp\",\"contentUrl\":\"https:\\\/\\\/tupique.com\\\/wp-content\\\/uploads\\\/2026\\\/03\\\/logo-tupique-1.webp\",\"width\":500,\"height\":67,\"caption\":\"Tupique\"},\"image\":{\"@id\":\"https:\\\/\\\/tupique.com\\\/#\\\/schema\\\/logo\\\/image\\\/\"}}]}<\/script>\n<!-- \/ Yoast SEO plugin. -->","yoast_head_json":{"title":"C\u00e2ble Alimentation SATA Digitus SATA 7-pin | | Tupique","description":"Envie d'acheter C\u00e2ble Alimentation SATA Digitus SATA 7-pin\u00a0? Achetez C\u00e2ble Alimentation SATA Digitus SATA 7-pin maintenant avec Tupique en 3 versements sans int\u00e9r\u00eat.","robots":{"index":"index","follow":"follow","max-snippet":"max-snippet:-1","max-image-preview":"max-image-preview:large","max-video-preview":"max-video-preview:-1"},"canonical":"https:\/\/tupique.com\/en\/product\/cable-alimentation-sata-digitus-sata-7-pin\/","og_locale":"en_GB","og_type":"article","og_title":"C\u00e2ble Alimentation SATA Digitus SATA 7-pin | | Tupique","og_description":"Envie d'acheter C\u00e2ble Alimentation SATA Digitus SATA 7-pin\u00a0? Achetez C\u00e2ble Alimentation SATA Digitus SATA 7-pin maintenant avec Tupique en 3 versements sans int\u00e9r\u00eat.","og_url":"https:\/\/tupique.com\/en\/product\/cable-alimentation-sata-digitus-sata-7-pin\/","og_site_name":"Tupique","article_modified_time":"2026-05-11T19:23:25+00:00","og_image":[{"width":1200,"height":1200,"url":"https:\/\/tupique.com\/wp-content\/uploads\/2026\/05\/4016032299530_I01.jpg","type":"image\/jpeg"}],"twitter_card":"summary_large_image","schema":{"@context":"https:\/\/schema.org","@graph":[{"@type":"WebPage","@id":"https:\/\/tupique.com\/product\/cable-alimentation-sata-digitus-sata-7-pin\/","url":"https:\/\/tupique.com\/product\/cable-alimentation-sata-digitus-sata-7-pin\/","name":"C\u00e2ble Alimentation SATA Digitus SATA 7-pin | | Tupique","isPartOf":{"@id":"https:\/\/tupique.com\/#website"},"primaryImageOfPage":{"@id":"https:\/\/tupique.com\/product\/cable-alimentation-sata-digitus-sata-7-pin\/#primaryimage"},"image":{"@id":"https:\/\/tupique.com\/product\/cable-alimentation-sata-digitus-sata-7-pin\/#primaryimage"},"thumbnailUrl":"https:\/\/tupique.com\/wp-content\/uploads\/2026\/05\/4016032299530_I01.jpg","datePublished":"2026-05-11T16:08:17+00:00","dateModified":"2026-05-11T19:23:25+00:00","description":"Envie d'acheter C\u00e2ble Alimentation SATA Digitus SATA 7-pin\u00a0? Achetez C\u00e2ble Alimentation SATA Digitus SATA 7-pin maintenant avec Tupique en 3 versements sans int\u00e9r\u00eat.","breadcrumb":{"@id":"https:\/\/tupique.com\/product\/cable-alimentation-sata-digitus-sata-7-pin\/#breadcrumb"},"inLanguage":"en-GB","potentialAction":[{"@type":"ReadAction","target":["https:\/\/tupique.com\/product\/cable-alimentation-sata-digitus-sata-7-pin\/"]}]},{"@type":"ImageObject","inLanguage":"en-GB","@id":"https:\/\/tupique.com\/product\/cable-alimentation-sata-digitus-sata-7-pin\/#primaryimage","url":"https:\/\/tupique.com\/wp-content\/uploads\/2026\/05\/4016032299530_I01.jpg","contentUrl":"https:\/\/tupique.com\/wp-content\/uploads\/2026\/05\/4016032299530_I01.jpg","width":1200,"height":1200,"caption":"S7815753_0"},{"@type":"BreadcrumbList","@id":"https:\/\/tupique.com\/product\/cable-alimentation-sata-digitus-sata-7-pin\/#breadcrumb","itemListElement":[{"@type":"ListItem","position":1,"name":"commencer","item":"https:\/\/tupique.com\/"},{"@type":"ListItem","position":2,"name":"Loja","item":"https:\/\/tupique.com\/pt\/loja\/"},{"@type":"ListItem","position":3,"name":"C\u00e2ble Alimentation SATA Digitus SATA 7-pin"}]},{"@type":"WebSite","@id":"https:\/\/tupique.com\/#website","url":"https:\/\/tupique.com\/","name":"Tupique","description":"","publisher":{"@id":"https:\/\/tupique.com\/#organization"},"potentialAction":[{"@type":"SearchAction","target":{"@type":"EntryPoint","urlTemplate":"https:\/\/tupique.com\/?s={search_term_string}"},"query-input":{"@type":"PropertyValueSpecification","valueRequired":true,"valueName":"search_term_string"}}],"inLanguage":"en-GB"},{"@type":"Organization","@id":"https:\/\/tupique.com\/#organization","name":"Tupique","url":"https:\/\/tupique.com\/","logo":{"@type":"ImageObject","inLanguage":"en-GB","@id":"https:\/\/tupique.com\/#\/schema\/logo\/image\/","url":"https:\/\/tupique.com\/wp-content\/uploads\/2026\/03\/logo-tupique-1.webp","contentUrl":"https:\/\/tupique.com\/wp-content\/uploads\/2026\/03\/logo-tupique-1.webp","width":500,"height":67,"caption":"Tupique"},"image":{"@id":"https:\/\/tupique.com\/#\/schema\/logo\/image\/"}}]}},"_links":{"self":[{"href":"https:\/\/tupique.com\/en\/wp-json\/wp\/v2\/product\/184447","targetHints":{"allow":["GET"]}}],"collection":[{"href":"https:\/\/tupique.com\/en\/wp-json\/wp\/v2\/product"}],"about":[{"href":"https:\/\/tupique.com\/en\/wp-json\/wp\/v2\/types\/product"}],"replies":[{"embeddable":true,"href":"https:\/\/tupique.com\/en\/wp-json\/wp\/v2\/comments?post=184447"}],"wp:featuredmedia":[{"embeddable":true,"href":"https:\/\/tupique.com\/en\/wp-json\/wp\/v2\/media\/184446"}],"wp:attachment":[{"href":"https:\/\/tupique.com\/en\/wp-json\/wp\/v2\/media?parent=184447"}],"wp:term":[{"taxonomy":"product_brand","embeddable":true,"href":"https:\/\/tupique.com\/en\/wp-json\/wp\/v2\/product_brand?post=184447"},{"taxonomy":"product_cat","embeddable":true,"href":"https:\/\/tupique.com\/en\/wp-json\/wp\/v2\/product_cat?post=184447"},{"taxonomy":"product_tag","embeddable":true,"href":"https:\/\/tupique.com\/en\/wp-json\/wp\/v2\/product_tag?post=184447"},{"taxonomy":"woo-feed-brand","embeddable":true,"href":"https:\/\/tupique.com\/en\/wp-json\/wp\/v2\/woo-feed-brand?post=184447"}],"curies":[{"name":"wp","href":"https:\/\/api.w.org\/{rel}","templated":true}]}}