{"id":184569,"date":"2026-05-11T18:11:49","date_gmt":"2026-05-11T16:11:49","guid":{"rendered":"https:\/\/tupique.com\/product\/tapis-dkd-home-decor-160-x-230-x-2-cm-gris-polyester-ethnique\/"},"modified":"2026-05-11T21:17:58","modified_gmt":"2026-05-11T19:17:58","slug":"tapis-dkd-home-decor-160-x-230-x-2-cm-gris-polyester-ethnique","status":"publish","type":"product","link":"https:\/\/tupique.com\/en\/product\/tapis-dkd-home-decor-160-x-230-x-2-cm-gris-polyester-ethnique\/","title":{"rendered":"Tapis DKD Home Decor 160 x 230 x 2 cm Gris Polyester Ethnique"},"content":{"rendered":"<p>Vous voulez donner une touche d&#8217;originalit\u00e9 \u00e0 votre maison ? Vous y arriverez gr\u00e2ce au <b>Tapis DKD Home Decor 160 x 230 x 2 cm Gris Polyester Ethnique<\/b>.<\/p>\n<ul>\n<li>Type: Tapis<\/li>\n<li>Forme: Rectangulaire<\/li>\n<li>Couleur: Gris<\/li>\n<li>Design: Ethnique<\/li>\n<li>Composition: Polyester<\/li>\n<li>Instructions de lavage: Nettoyage \u00e0 sec<\/li>\n<li>Dimensions approx.: 160 x 230 x 2 cm<\/li>\n<\/ul>","protected":false},"excerpt":{"rendered":"<p>Vous voulez donner une touche d&#8217;originalit\u00e9 \u00e0 votre maison ? Vous y arriverez gr\u00e2ce au Tapis DKD Home Decor 160 x 230 x 2 cm Gris Polyester Ethnique. Type: Tapis Forme: Rectangulaire Couleur: Gris Design: Ethnique Composition: Polyester Instructions de lavage: Nettoyage \u00e0 sec Dimensions approx.: 160 x 230 x 2 cm<\/p>","protected":false},"featured_media":184565,"comment_status":"open","ping_status":"closed","template":"","meta":[],"product_brand":[263],"product_cat":[1532,239,1533],"product_tag":[208],"woo-feed-brand":[],"class_list":{"0":"post-184569","1":"product","2":"type-product","3":"status-publish","4":"has-post-thumbnail","6":"product_brand-brandp_3770","7":"product_cat-linge-de-maison","8":"product_cat-maison-jardin","9":"product_cat-tapis-et-couvertures","10":"product_tag-tag_587","12":"first","13":"instock","14":"taxable","15":"shipping-taxable","16":"purchasable","17":"product-type-simple"},"yoast_head":"<!-- This site is optimized with the Yoast SEO plugin v27.5 - https:\/\/yoast.com\/product\/yoast-seo-wordpress\/ -->\n<title>Tapis DKD Home Decor 160 x 230 x 2 cm Gris Polyester Ethnique | | Tupique<\/title>\n<meta name=\"description\" content=\"Envie d&#039;acheter Tapis DKD Home Decor 160 x 230 x 2 cm Gris Polyester Ethnique\u00a0? Achetez Tapis DKD Home Decor 160 x 230 x 2 cm Gris Polyester Ethnique maintenant avec Tupique en 3 versements sans int\u00e9r\u00eat.\" \/>\n<meta name=\"robots\" content=\"index, follow, max-snippet:-1, max-image-preview:large, max-video-preview:-1\" \/>\n<link rel=\"canonical\" href=\"https:\/\/tupique.com\/en\/product\/tapis-dkd-home-decor-160-x-230-x-2-cm-gris-polyester-ethnique\/\" \/>\n<meta property=\"og:locale\" content=\"en_GB\" \/>\n<meta property=\"og:type\" content=\"article\" \/>\n<meta property=\"og:title\" content=\"Tapis DKD Home Decor 160 x 230 x 2 cm Gris Polyester Ethnique | | Tupique\" \/>\n<meta property=\"og:description\" content=\"Envie d&#039;acheter Tapis DKD Home Decor 160 x 230 x 2 cm Gris Polyester Ethnique\u00a0? Achetez Tapis DKD Home Decor 160 x 230 x 2 cm Gris Polyester Ethnique maintenant avec Tupique en 3 versements sans int\u00e9r\u00eat.\" \/>\n<meta property=\"og:url\" content=\"https:\/\/tupique.com\/en\/product\/tapis-dkd-home-decor-160-x-230-x-2-cm-gris-polyester-ethnique\/\" \/>\n<meta property=\"og:site_name\" content=\"Tupique\" \/>\n<meta property=\"article:modified_time\" content=\"2026-05-11T19:17:58+00:00\" \/>\n<meta name=\"twitter:card\" content=\"summary_large_image\" \/>\n<script type=\"application\/ld+json\" class=\"yoast-schema-graph\">{\"@context\":\"https:\\\/\\\/schema.org\",\"@graph\":[{\"@type\":\"WebPage\",\"@id\":\"https:\\\/\\\/tupique.com\\\/product\\\/tapis-dkd-home-decor-160-x-230-x-2-cm-gris-polyester-ethnique\\\/\",\"url\":\"https:\\\/\\\/tupique.com\\\/product\\\/tapis-dkd-home-decor-160-x-230-x-2-cm-gris-polyester-ethnique\\\/\",\"name\":\"Tapis DKD Home Decor 160 x 230 x 2 cm Gris Polyester Ethnique | | Tupique\",\"isPartOf\":{\"@id\":\"https:\\\/\\\/tupique.com\\\/#website\"},\"primaryImageOfPage\":{\"@id\":\"https:\\\/\\\/tupique.com\\\/product\\\/tapis-dkd-home-decor-160-x-230-x-2-cm-gris-polyester-ethnique\\\/#primaryimage\"},\"image\":{\"@id\":\"https:\\\/\\\/tupique.com\\\/product\\\/tapis-dkd-home-decor-160-x-230-x-2-cm-gris-polyester-ethnique\\\/#primaryimage\"},\"thumbnailUrl\":\"https:\\\/\\\/tupique.com\\\/wp-content\\\/uploads\\\/2026\\\/05\\\/8424002047702_S3045036_P31.jpg\",\"datePublished\":\"2026-05-11T16:11:49+00:00\",\"dateModified\":\"2026-05-11T19:17:58+00:00\",\"description\":\"Envie d'acheter Tapis DKD Home Decor 160 x 230 x 2 cm Gris Polyester Ethnique\u00a0? Achetez Tapis DKD Home Decor 160 x 230 x 2 cm Gris Polyester Ethnique maintenant avec Tupique en 3 versements sans int\u00e9r\u00eat.\",\"breadcrumb\":{\"@id\":\"https:\\\/\\\/tupique.com\\\/product\\\/tapis-dkd-home-decor-160-x-230-x-2-cm-gris-polyester-ethnique\\\/#breadcrumb\"},\"inLanguage\":\"en-GB\",\"potentialAction\":[{\"@type\":\"ReadAction\",\"target\":[\"https:\\\/\\\/tupique.com\\\/product\\\/tapis-dkd-home-decor-160-x-230-x-2-cm-gris-polyester-ethnique\\\/\"]}]},{\"@type\":\"ImageObject\",\"inLanguage\":\"en-GB\",\"@id\":\"https:\\\/\\\/tupique.com\\\/product\\\/tapis-dkd-home-decor-160-x-230-x-2-cm-gris-polyester-ethnique\\\/#primaryimage\",\"url\":\"https:\\\/\\\/tupique.com\\\/wp-content\\\/uploads\\\/2026\\\/05\\\/8424002047702_S3045036_P31.jpg\",\"contentUrl\":\"https:\\\/\\\/tupique.com\\\/wp-content\\\/uploads\\\/2026\\\/05\\\/8424002047702_S3045036_P31.jpg\",\"width\":1200,\"height\":1200,\"caption\":\"S3045036_0\"},{\"@type\":\"BreadcrumbList\",\"@id\":\"https:\\\/\\\/tupique.com\\\/product\\\/tapis-dkd-home-decor-160-x-230-x-2-cm-gris-polyester-ethnique\\\/#breadcrumb\",\"itemListElement\":[{\"@type\":\"ListItem\",\"position\":1,\"name\":\"commencer\",\"item\":\"https:\\\/\\\/tupique.com\\\/\"},{\"@type\":\"ListItem\",\"position\":2,\"name\":\"Loja\",\"item\":\"https:\\\/\\\/tupique.com\\\/loja\\\/\"},{\"@type\":\"ListItem\",\"position\":3,\"name\":\"Tapis DKD Home Decor 160 x 230 x 2 cm Gris Polyester Ethnique\"}]},{\"@type\":\"WebSite\",\"@id\":\"https:\\\/\\\/tupique.com\\\/#website\",\"url\":\"https:\\\/\\\/tupique.com\\\/\",\"name\":\"Tupique\",\"description\":\"\",\"publisher\":{\"@id\":\"https:\\\/\\\/tupique.com\\\/#organization\"},\"potentialAction\":[{\"@type\":\"SearchAction\",\"target\":{\"@type\":\"EntryPoint\",\"urlTemplate\":\"https:\\\/\\\/tupique.com\\\/?s={search_term_string}\"},\"query-input\":{\"@type\":\"PropertyValueSpecification\",\"valueRequired\":true,\"valueName\":\"search_term_string\"}}],\"inLanguage\":\"en-GB\"},{\"@type\":\"Organization\",\"@id\":\"https:\\\/\\\/tupique.com\\\/#organization\",\"name\":\"Tupique\",\"url\":\"https:\\\/\\\/tupique.com\\\/\",\"logo\":{\"@type\":\"ImageObject\",\"inLanguage\":\"en-GB\",\"@id\":\"https:\\\/\\\/tupique.com\\\/#\\\/schema\\\/logo\\\/image\\\/\",\"url\":\"https:\\\/\\\/tupique.com\\\/wp-content\\\/uploads\\\/2026\\\/03\\\/logo-tupique-1.webp\",\"contentUrl\":\"https:\\\/\\\/tupique.com\\\/wp-content\\\/uploads\\\/2026\\\/03\\\/logo-tupique-1.webp\",\"width\":500,\"height\":67,\"caption\":\"Tupique\"},\"image\":{\"@id\":\"https:\\\/\\\/tupique.com\\\/#\\\/schema\\\/logo\\\/image\\\/\"}}]}<\/script>\n<!-- \/ Yoast SEO plugin. -->","yoast_head_json":{"title":"Tapis DKD Home Decor 160 x 230 x 2 cm Gris Polyester Ethnique | | Tupique","description":"Envie d'acheter Tapis DKD Home Decor 160 x 230 x 2 cm Gris Polyester Ethnique\u00a0? Achetez Tapis DKD Home Decor 160 x 230 x 2 cm Gris Polyester Ethnique maintenant avec Tupique en 3 versements sans int\u00e9r\u00eat.","robots":{"index":"index","follow":"follow","max-snippet":"max-snippet:-1","max-image-preview":"max-image-preview:large","max-video-preview":"max-video-preview:-1"},"canonical":"https:\/\/tupique.com\/en\/product\/tapis-dkd-home-decor-160-x-230-x-2-cm-gris-polyester-ethnique\/","og_locale":"en_GB","og_type":"article","og_title":"Tapis DKD Home Decor 160 x 230 x 2 cm Gris Polyester Ethnique | | Tupique","og_description":"Envie d'acheter Tapis DKD Home Decor 160 x 230 x 2 cm Gris Polyester Ethnique\u00a0? Achetez Tapis DKD Home Decor 160 x 230 x 2 cm Gris Polyester Ethnique maintenant avec Tupique en 3 versements sans int\u00e9r\u00eat.","og_url":"https:\/\/tupique.com\/en\/product\/tapis-dkd-home-decor-160-x-230-x-2-cm-gris-polyester-ethnique\/","og_site_name":"Tupique","article_modified_time":"2026-05-11T19:17:58+00:00","twitter_card":"summary_large_image","schema":{"@context":"https:\/\/schema.org","@graph":[{"@type":"WebPage","@id":"https:\/\/tupique.com\/product\/tapis-dkd-home-decor-160-x-230-x-2-cm-gris-polyester-ethnique\/","url":"https:\/\/tupique.com\/product\/tapis-dkd-home-decor-160-x-230-x-2-cm-gris-polyester-ethnique\/","name":"Tapis DKD Home Decor 160 x 230 x 2 cm Gris Polyester Ethnique | | Tupique","isPartOf":{"@id":"https:\/\/tupique.com\/#website"},"primaryImageOfPage":{"@id":"https:\/\/tupique.com\/product\/tapis-dkd-home-decor-160-x-230-x-2-cm-gris-polyester-ethnique\/#primaryimage"},"image":{"@id":"https:\/\/tupique.com\/product\/tapis-dkd-home-decor-160-x-230-x-2-cm-gris-polyester-ethnique\/#primaryimage"},"thumbnailUrl":"https:\/\/tupique.com\/wp-content\/uploads\/2026\/05\/8424002047702_S3045036_P31.jpg","datePublished":"2026-05-11T16:11:49+00:00","dateModified":"2026-05-11T19:17:58+00:00","description":"Envie d'acheter Tapis DKD Home Decor 160 x 230 x 2 cm Gris Polyester Ethnique\u00a0? Achetez Tapis DKD Home Decor 160 x 230 x 2 cm Gris Polyester Ethnique maintenant avec Tupique en 3 versements sans int\u00e9r\u00eat.","breadcrumb":{"@id":"https:\/\/tupique.com\/product\/tapis-dkd-home-decor-160-x-230-x-2-cm-gris-polyester-ethnique\/#breadcrumb"},"inLanguage":"en-GB","potentialAction":[{"@type":"ReadAction","target":["https:\/\/tupique.com\/product\/tapis-dkd-home-decor-160-x-230-x-2-cm-gris-polyester-ethnique\/"]}]},{"@type":"ImageObject","inLanguage":"en-GB","@id":"https:\/\/tupique.com\/product\/tapis-dkd-home-decor-160-x-230-x-2-cm-gris-polyester-ethnique\/#primaryimage","url":"https:\/\/tupique.com\/wp-content\/uploads\/2026\/05\/8424002047702_S3045036_P31.jpg","contentUrl":"https:\/\/tupique.com\/wp-content\/uploads\/2026\/05\/8424002047702_S3045036_P31.jpg","width":1200,"height":1200,"caption":"S3045036_0"},{"@type":"BreadcrumbList","@id":"https:\/\/tupique.com\/product\/tapis-dkd-home-decor-160-x-230-x-2-cm-gris-polyester-ethnique\/#breadcrumb","itemListElement":[{"@type":"ListItem","position":1,"name":"commencer","item":"https:\/\/tupique.com\/"},{"@type":"ListItem","position":2,"name":"Loja","item":"https:\/\/tupique.com\/loja\/"},{"@type":"ListItem","position":3,"name":"Tapis DKD Home Decor 160 x 230 x 2 cm Gris Polyester Ethnique"}]},{"@type":"WebSite","@id":"https:\/\/tupique.com\/#website","url":"https:\/\/tupique.com\/","name":"Tupique","description":"","publisher":{"@id":"https:\/\/tupique.com\/#organization"},"potentialAction":[{"@type":"SearchAction","target":{"@type":"EntryPoint","urlTemplate":"https:\/\/tupique.com\/?s={search_term_string}"},"query-input":{"@type":"PropertyValueSpecification","valueRequired":true,"valueName":"search_term_string"}}],"inLanguage":"en-GB"},{"@type":"Organization","@id":"https:\/\/tupique.com\/#organization","name":"Tupique","url":"https:\/\/tupique.com\/","logo":{"@type":"ImageObject","inLanguage":"en-GB","@id":"https:\/\/tupique.com\/#\/schema\/logo\/image\/","url":"https:\/\/tupique.com\/wp-content\/uploads\/2026\/03\/logo-tupique-1.webp","contentUrl":"https:\/\/tupique.com\/wp-content\/uploads\/2026\/03\/logo-tupique-1.webp","width":500,"height":67,"caption":"Tupique"},"image":{"@id":"https:\/\/tupique.com\/#\/schema\/logo\/image\/"}}]}},"_links":{"self":[{"href":"https:\/\/tupique.com\/en\/wp-json\/wp\/v2\/product\/184569","targetHints":{"allow":["GET"]}}],"collection":[{"href":"https:\/\/tupique.com\/en\/wp-json\/wp\/v2\/product"}],"about":[{"href":"https:\/\/tupique.com\/en\/wp-json\/wp\/v2\/types\/product"}],"replies":[{"embeddable":true,"href":"https:\/\/tupique.com\/en\/wp-json\/wp\/v2\/comments?post=184569"}],"wp:featuredmedia":[{"embeddable":true,"href":"https:\/\/tupique.com\/en\/wp-json\/wp\/v2\/media\/184565"}],"wp:attachment":[{"href":"https:\/\/tupique.com\/en\/wp-json\/wp\/v2\/media?parent=184569"}],"wp:term":[{"taxonomy":"product_brand","embeddable":true,"href":"https:\/\/tupique.com\/en\/wp-json\/wp\/v2\/product_brand?post=184569"},{"taxonomy":"product_cat","embeddable":true,"href":"https:\/\/tupique.com\/en\/wp-json\/wp\/v2\/product_cat?post=184569"},{"taxonomy":"product_tag","embeddable":true,"href":"https:\/\/tupique.com\/en\/wp-json\/wp\/v2\/product_tag?post=184569"},{"taxonomy":"woo-feed-brand","embeddable":true,"href":"https:\/\/tupique.com\/en\/wp-json\/wp\/v2\/woo-feed-brand?post=184569"}],"curies":[{"name":"wp","href":"https:\/\/api.w.org\/{rel}","templated":true}]}}