{"id":184578,"date":"2026-05-11T18:12:03","date_gmt":"2026-05-11T16:12:03","guid":{"rendered":"https:\/\/tupique.com\/product\/t-shirt-thermique-pour-enfant-goher\/"},"modified":"2026-05-11T21:23:56","modified_gmt":"2026-05-11T19:23:56","slug":"t-shirt-thermique-pour-enfant-goher","status":"publish","type":"product","link":"https:\/\/tupique.com\/en\/product\/t-shirt-thermique-pour-enfant-goher\/","title":{"rendered":"T-shirt Thermique pour Enfant Goher"},"content":{"rendered":"<p>Restez en forme et d\u00e9couvrez les derni\u00e8res nouveaut\u00e9s du secteur pour faire du sport avec les meilleures garanties ! Achetez <b>T-shirt Thermique Goher Noir<\/b> au meilleur prix et profitez d&#8217;une vie saine !<\/p>\n<ul>\n<li>Couleur: Noir<\/li>\n<li>Genre: Femme<\/li>\n<li>\u00c2ge recommand\u00e9: Adultes<\/li>\n<li>Composition: 100 % Polyamide<\/li>\n<\/ul>","protected":false},"excerpt":{"rendered":"<p>Restez en forme et d\u00e9couvrez les derni\u00e8res nouveaut\u00e9s du secteur pour faire du sport avec les meilleures garanties ! Achetez T-shirt Thermique Goher Noir au meilleur prix et profitez d&#8217;une vie saine ! Couleur: Noir Genre: Femme \u00c2ge recommand\u00e9: Adultes Composition: 100 % Polyamide<\/p>","protected":false},"featured_media":184570,"comment_status":"open","ping_status":"closed","template":"","meta":[],"product_brand":[2511],"product_cat":[1829,1764,2251],"product_tag":[],"class_list":{"0":"post-184578","1":"product","2":"type-product","3":"status-publish","4":"has-post-thumbnail","6":"product_brand-brandp_7168","7":"product_cat-materiel-et-equipement-de-sport","8":"product_cat-sports-loisirs","9":"product_cat-t-shirt-de-sport","11":"first","12":"instock","13":"taxable","14":"shipping-taxable","15":"purchasable","16":"product-type-variable"},"yoast_head":"<!-- This site is optimized with the Yoast SEO plugin v27.5 - https:\/\/yoast.com\/product\/yoast-seo-wordpress\/ -->\n<title>T-shirt Thermique pour Enfant Goher - Tupique<\/title>\n<meta name=\"robots\" content=\"index, follow, max-snippet:-1, max-image-preview:large, max-video-preview:-1\" \/>\n<link rel=\"canonical\" href=\"https:\/\/tupique.com\/en\/product\/t-shirt-thermique-pour-enfant-goher\/\" \/>\n<meta property=\"og:locale\" content=\"en_GB\" \/>\n<meta property=\"og:type\" content=\"article\" \/>\n<meta property=\"og:title\" content=\"T-shirt Thermique pour Enfant Goher - Tupique\" \/>\n<meta property=\"og:description\" content=\"Restez en forme et d\u00e9couvrez les derni\u00e8res nouveaut\u00e9s du secteur pour faire du sport avec les meilleures garanties ! Achetez T-shirt Thermique Goher Noir au meilleur prix et profitez d&#8217;une vie saine ! Couleur: Noir Genre: Femme \u00c2ge recommand\u00e9: Adultes Composition: 100 % Polyamide\" \/>\n<meta property=\"og:url\" content=\"https:\/\/tupique.com\/en\/product\/t-shirt-thermique-pour-enfant-goher\/\" \/>\n<meta property=\"og:site_name\" content=\"Tupique\" \/>\n<meta property=\"article:modified_time\" content=\"2026-05-11T19:23:56+00:00\" \/>\n<meta name=\"twitter:card\" content=\"summary_large_image\" \/>\n<script type=\"application\/ld+json\" class=\"yoast-schema-graph\">{\"@context\":\"https:\\\/\\\/schema.org\",\"@graph\":[{\"@type\":\"WebPage\",\"@id\":\"https:\\\/\\\/tupique.com\\\/product\\\/t-shirt-thermique-pour-enfant-goher\\\/\",\"url\":\"https:\\\/\\\/tupique.com\\\/product\\\/t-shirt-thermique-pour-enfant-goher\\\/\",\"name\":\"T-shirt Thermique pour Enfant Goher - Tupique\",\"isPartOf\":{\"@id\":\"https:\\\/\\\/tupique.com\\\/#website\"},\"primaryImageOfPage\":{\"@id\":\"https:\\\/\\\/tupique.com\\\/product\\\/t-shirt-thermique-pour-enfant-goher\\\/#primaryimage\"},\"image\":{\"@id\":\"https:\\\/\\\/tupique.com\\\/product\\\/t-shirt-thermique-pour-enfant-goher\\\/#primaryimage\"},\"thumbnailUrl\":\"https:\\\/\\\/tupique.com\\\/wp-content\\\/uploads\\\/2026\\\/05\\\/8400100102062_S6479967_P03.jpg\",\"datePublished\":\"2026-05-11T16:12:03+00:00\",\"dateModified\":\"2026-05-11T19:23:56+00:00\",\"breadcrumb\":{\"@id\":\"https:\\\/\\\/tupique.com\\\/product\\\/t-shirt-thermique-pour-enfant-goher\\\/#breadcrumb\"},\"inLanguage\":\"en-GB\",\"potentialAction\":[{\"@type\":\"ReadAction\",\"target\":[\"https:\\\/\\\/tupique.com\\\/product\\\/t-shirt-thermique-pour-enfant-goher\\\/\"]}]},{\"@type\":\"ImageObject\",\"inLanguage\":\"en-GB\",\"@id\":\"https:\\\/\\\/tupique.com\\\/product\\\/t-shirt-thermique-pour-enfant-goher\\\/#primaryimage\",\"url\":\"https:\\\/\\\/tupique.com\\\/wp-content\\\/uploads\\\/2026\\\/05\\\/8400100102062_S6479967_P03.jpg\",\"contentUrl\":\"https:\\\/\\\/tupique.com\\\/wp-content\\\/uploads\\\/2026\\\/05\\\/8400100102062_S6479967_P03.jpg\",\"width\":1200,\"height\":1200,\"caption\":\"S6483862_0\"},{\"@type\":\"BreadcrumbList\",\"@id\":\"https:\\\/\\\/tupique.com\\\/product\\\/t-shirt-thermique-pour-enfant-goher\\\/#breadcrumb\",\"itemListElement\":[{\"@type\":\"ListItem\",\"position\":1,\"name\":\"commencer\",\"item\":\"https:\\\/\\\/tupique.com\\\/\"},{\"@type\":\"ListItem\",\"position\":2,\"name\":\"Loja\",\"item\":\"https:\\\/\\\/tupique.com\\\/loja\\\/\"},{\"@type\":\"ListItem\",\"position\":3,\"name\":\"T-shirt Thermique pour Enfant Goher\"}]},{\"@type\":\"WebSite\",\"@id\":\"https:\\\/\\\/tupique.com\\\/#website\",\"url\":\"https:\\\/\\\/tupique.com\\\/\",\"name\":\"Tupique\",\"description\":\"\",\"publisher\":{\"@id\":\"https:\\\/\\\/tupique.com\\\/#organization\"},\"potentialAction\":[{\"@type\":\"SearchAction\",\"target\":{\"@type\":\"EntryPoint\",\"urlTemplate\":\"https:\\\/\\\/tupique.com\\\/?s={search_term_string}\"},\"query-input\":{\"@type\":\"PropertyValueSpecification\",\"valueRequired\":true,\"valueName\":\"search_term_string\"}}],\"inLanguage\":\"en-GB\"},{\"@type\":\"Organization\",\"@id\":\"https:\\\/\\\/tupique.com\\\/#organization\",\"name\":\"Tupique\",\"url\":\"https:\\\/\\\/tupique.com\\\/\",\"logo\":{\"@type\":\"ImageObject\",\"inLanguage\":\"en-GB\",\"@id\":\"https:\\\/\\\/tupique.com\\\/#\\\/schema\\\/logo\\\/image\\\/\",\"url\":\"https:\\\/\\\/tupique.com\\\/wp-content\\\/uploads\\\/2026\\\/03\\\/logo-tupique-1.webp\",\"contentUrl\":\"https:\\\/\\\/tupique.com\\\/wp-content\\\/uploads\\\/2026\\\/03\\\/logo-tupique-1.webp\",\"width\":500,\"height\":67,\"caption\":\"Tupique\"},\"image\":{\"@id\":\"https:\\\/\\\/tupique.com\\\/#\\\/schema\\\/logo\\\/image\\\/\"}}]}<\/script>\n<!-- \/ Yoast SEO plugin. -->","yoast_head_json":{"title":"T-shirt Thermique pour Enfant Goher - Tupique","robots":{"index":"index","follow":"follow","max-snippet":"max-snippet:-1","max-image-preview":"max-image-preview:large","max-video-preview":"max-video-preview:-1"},"canonical":"https:\/\/tupique.com\/en\/product\/t-shirt-thermique-pour-enfant-goher\/","og_locale":"en_GB","og_type":"article","og_title":"T-shirt Thermique pour Enfant Goher - Tupique","og_description":"Restez en forme et d\u00e9couvrez les derni\u00e8res nouveaut\u00e9s du secteur pour faire du sport avec les meilleures garanties ! Achetez T-shirt Thermique Goher Noir au meilleur prix et profitez d&#8217;une vie saine ! Couleur: Noir Genre: Femme \u00c2ge recommand\u00e9: Adultes Composition: 100 % Polyamide","og_url":"https:\/\/tupique.com\/en\/product\/t-shirt-thermique-pour-enfant-goher\/","og_site_name":"Tupique","article_modified_time":"2026-05-11T19:23:56+00:00","twitter_card":"summary_large_image","schema":{"@context":"https:\/\/schema.org","@graph":[{"@type":"WebPage","@id":"https:\/\/tupique.com\/product\/t-shirt-thermique-pour-enfant-goher\/","url":"https:\/\/tupique.com\/product\/t-shirt-thermique-pour-enfant-goher\/","name":"T-shirt Thermique pour Enfant Goher - Tupique","isPartOf":{"@id":"https:\/\/tupique.com\/#website"},"primaryImageOfPage":{"@id":"https:\/\/tupique.com\/product\/t-shirt-thermique-pour-enfant-goher\/#primaryimage"},"image":{"@id":"https:\/\/tupique.com\/product\/t-shirt-thermique-pour-enfant-goher\/#primaryimage"},"thumbnailUrl":"https:\/\/tupique.com\/wp-content\/uploads\/2026\/05\/8400100102062_S6479967_P03.jpg","datePublished":"2026-05-11T16:12:03+00:00","dateModified":"2026-05-11T19:23:56+00:00","breadcrumb":{"@id":"https:\/\/tupique.com\/product\/t-shirt-thermique-pour-enfant-goher\/#breadcrumb"},"inLanguage":"en-GB","potentialAction":[{"@type":"ReadAction","target":["https:\/\/tupique.com\/product\/t-shirt-thermique-pour-enfant-goher\/"]}]},{"@type":"ImageObject","inLanguage":"en-GB","@id":"https:\/\/tupique.com\/product\/t-shirt-thermique-pour-enfant-goher\/#primaryimage","url":"https:\/\/tupique.com\/wp-content\/uploads\/2026\/05\/8400100102062_S6479967_P03.jpg","contentUrl":"https:\/\/tupique.com\/wp-content\/uploads\/2026\/05\/8400100102062_S6479967_P03.jpg","width":1200,"height":1200,"caption":"S6483862_0"},{"@type":"BreadcrumbList","@id":"https:\/\/tupique.com\/product\/t-shirt-thermique-pour-enfant-goher\/#breadcrumb","itemListElement":[{"@type":"ListItem","position":1,"name":"commencer","item":"https:\/\/tupique.com\/"},{"@type":"ListItem","position":2,"name":"Loja","item":"https:\/\/tupique.com\/loja\/"},{"@type":"ListItem","position":3,"name":"T-shirt Thermique pour Enfant Goher"}]},{"@type":"WebSite","@id":"https:\/\/tupique.com\/#website","url":"https:\/\/tupique.com\/","name":"Tupique","description":"","publisher":{"@id":"https:\/\/tupique.com\/#organization"},"potentialAction":[{"@type":"SearchAction","target":{"@type":"EntryPoint","urlTemplate":"https:\/\/tupique.com\/?s={search_term_string}"},"query-input":{"@type":"PropertyValueSpecification","valueRequired":true,"valueName":"search_term_string"}}],"inLanguage":"en-GB"},{"@type":"Organization","@id":"https:\/\/tupique.com\/#organization","name":"Tupique","url":"https:\/\/tupique.com\/","logo":{"@type":"ImageObject","inLanguage":"en-GB","@id":"https:\/\/tupique.com\/#\/schema\/logo\/image\/","url":"https:\/\/tupique.com\/wp-content\/uploads\/2026\/03\/logo-tupique-1.webp","contentUrl":"https:\/\/tupique.com\/wp-content\/uploads\/2026\/03\/logo-tupique-1.webp","width":500,"height":67,"caption":"Tupique"},"image":{"@id":"https:\/\/tupique.com\/#\/schema\/logo\/image\/"}}]}},"_links":{"self":[{"href":"https:\/\/tupique.com\/en\/wp-json\/wp\/v2\/product\/184578","targetHints":{"allow":["GET"]}}],"collection":[{"href":"https:\/\/tupique.com\/en\/wp-json\/wp\/v2\/product"}],"about":[{"href":"https:\/\/tupique.com\/en\/wp-json\/wp\/v2\/types\/product"}],"replies":[{"embeddable":true,"href":"https:\/\/tupique.com\/en\/wp-json\/wp\/v2\/comments?post=184578"}],"wp:featuredmedia":[{"embeddable":true,"href":"https:\/\/tupique.com\/en\/wp-json\/wp\/v2\/media\/184570"}],"wp:attachment":[{"href":"https:\/\/tupique.com\/en\/wp-json\/wp\/v2\/media?parent=184578"}],"wp:term":[{"taxonomy":"product_brand","embeddable":true,"href":"https:\/\/tupique.com\/en\/wp-json\/wp\/v2\/product_brand?post=184578"},{"taxonomy":"product_cat","embeddable":true,"href":"https:\/\/tupique.com\/en\/wp-json\/wp\/v2\/product_cat?post=184578"},{"taxonomy":"product_tag","embeddable":true,"href":"https:\/\/tupique.com\/en\/wp-json\/wp\/v2\/product_tag?post=184578"}],"curies":[{"name":"wp","href":"https:\/\/api.w.org\/{rel}","templated":true}]}}