{"id":186510,"date":"2026-05-11T19:48:50","date_gmt":"2026-05-11T17:48:50","guid":{"rendered":"https:\/\/tupique.com\/product\/siege-racing-sparco-s002201az-l-bleu\/"},"modified":"2026-05-11T21:18:43","modified_gmt":"2026-05-11T19:18:43","slug":"siege-racing-sparco-s002201az-l-bleu","status":"publish","type":"product","link":"https:\/\/tupique.com\/en\/product\/siege-racing-sparco-s002201az-l-bleu\/","title":{"rendered":"Si\u00e8ge Racing Sparco S002201AZ L Bleu"},"content":{"rendered":"<p>\u00c9quipez votre v\u00e9hicule avec les derni\u00e8res nouveaut\u00e9s du secteur ! Achetez <b>Si\u00e8ge Racing Sparco S002201AZ L Bleu<\/b> et aucun d\u00e9tail ne vous \u00e9chappera!<\/p>\n<p>The <b>passamontagnes Sparco Rookie<\/b> est un accessoire sp\u00e9cialement con\u00e7u pour les activit\u00e9s de karting et les comp\u00e9titions sur circuit o\u00f9 la protection contre le feu n\u2019est pas requise, fabriqu\u00e9 en <b>100 % coton<\/b> garantissant une texture douce, respirante et confortable \u00e0 l\u2019usage. Son design int\u00e8gre des <b>coutures internes plates<\/b>, une caract\u00e9ristique technique qui minimise les points de pression et augmente nettement le confort, m\u00eame lors de sessions prolong\u00e9es au volant. Disponible dans une large <b>gamme de couleurs<\/b>, ce mod\u00e8le pr\u00e9sente un <b>bleu intense<\/b>, id\u00e9al pour ceux qui souhaitent allier fonctionnalit\u00e9 et style dans leur \u00e9quipement. Le Sparco Rookie se distingue par son ajustement ergonomique et sa l\u00e9g\u00e8ret\u00e9, des \u00e9l\u00e9ments cl\u00e9s pour les pilotes n\u00e9cessitant libert\u00e9 de mouvement et confort sans compromettre la tenue du casque ni l\u2019hygi\u00e8ne. Sa confection et ses mat\u00e9riaux en font une option adapt\u00e9e aux comp\u00e9titions r\u00e9cr\u00e9atives ou entra\u00eenements o\u00f9 l\u2019usage de mat\u00e9riaux ignifuges n\u2019est pas obligatoire. En r\u00e9sum\u00e9, ce passamontagnes offre un \u00e9quilibre optimal entre praticit\u00e9 et confort, r\u00e9pondant aux besoins essentiels des pilotes de karting et passionn\u00e9s de conduite sur piste.<\/p>\n<ul>\n<li>Couleur: Bleu<\/li>\n<li>Caract\u00e9ristiques: Approuv\u00e9 par la FIA<\/li>\n<li>Taille: L<\/li>\n<\/ul>","protected":false},"excerpt":{"rendered":"<p>\u00c9quipez votre v\u00e9hicule avec les derni\u00e8res nouveaut\u00e9s du secteur ! Achetez Si\u00e8ge Racing Sparco S002201AZ L Bleu et aucun d\u00e9tail ne vous \u00e9chappera! Le passamontagnes Sparco Rookie est un accessoire sp\u00e9cialement con\u00e7u pour les activit\u00e9s de karting et les comp\u00e9titions sur circuit o\u00f9 la protection contre le feu n\u2019est pas requise, fabriqu\u00e9 en 100 % [&hellip;]<\/p>\n","protected":false},"featured_media":186509,"comment_status":"open","ping_status":"closed","template":"","meta":[],"product_brand":[1767],"product_cat":[1765,1839,1764],"product_tag":[],"woo-feed-brand":[],"class_list":{"0":"post-186510","1":"product","2":"type-product","3":"status-publish","4":"has-post-thumbnail","6":"product_brand-brandp_3117","7":"product_cat-accessoires-pour-voitures","8":"product_cat-sieges-et-accessoires-pour-vehicules","9":"product_cat-sports-loisirs","11":"first","12":"instock","13":"taxable","14":"shipping-taxable","15":"purchasable","16":"product-type-simple"},"yoast_head":"<!-- This site is optimized with the Yoast SEO plugin v27.6 - https:\/\/yoast.com\/product\/yoast-seo-wordpress\/ -->\n<title>Si\u00e8ge Racing Sparco S002201AZ L Bleu | | Tupique<\/title>\n<meta name=\"description\" content=\"Envie d&#039;acheter Si\u00e8ge Racing Sparco S002201AZ L Bleu\u00a0? Achetez Si\u00e8ge Racing Sparco S002201AZ L Bleu maintenant avec Tupique en 3 versements sans int\u00e9r\u00eat.\" \/>\n<meta name=\"robots\" content=\"index, follow, max-snippet:-1, max-image-preview:large, max-video-preview:-1\" \/>\n<link rel=\"canonical\" href=\"https:\/\/tupique.com\/en\/product\/siege-racing-sparco-s002201az-l-bleu\/\" \/>\n<meta property=\"og:locale\" content=\"en_GB\" \/>\n<meta property=\"og:type\" content=\"article\" \/>\n<meta property=\"og:title\" content=\"Si\u00e8ge Racing Sparco S002201AZ L Bleu | | Tupique\" \/>\n<meta property=\"og:description\" content=\"Envie d&#039;acheter Si\u00e8ge Racing Sparco S002201AZ L Bleu\u00a0? Achetez Si\u00e8ge Racing Sparco S002201AZ L Bleu maintenant avec Tupique en 3 versements sans int\u00e9r\u00eat.\" \/>\n<meta property=\"og:url\" content=\"https:\/\/tupique.com\/en\/product\/siege-racing-sparco-s002201az-l-bleu\/\" \/>\n<meta property=\"og:site_name\" content=\"Tupique\" \/>\n<meta property=\"article:modified_time\" content=\"2026-05-11T19:18:43+00:00\" \/>\n<meta property=\"og:image\" content=\"https:\/\/tupique.com\/wp-content\/uploads\/2026\/05\/8033280387860_S3726520_P02.jpg\" \/>\n\t<meta property=\"og:image:width\" content=\"1200\" \/>\n\t<meta property=\"og:image:height\" content=\"1200\" \/>\n\t<meta property=\"og:image:type\" content=\"image\/jpeg\" \/>\n<meta name=\"twitter:card\" content=\"summary_large_image\" \/>\n<meta name=\"twitter:label1\" content=\"Est. reading time\" \/>\n\t<meta name=\"twitter:data1\" content=\"1 minute\" \/>\n<script type=\"application\/ld+json\" class=\"yoast-schema-graph\">{\"@context\":\"https:\\\/\\\/schema.org\",\"@graph\":[{\"@type\":\"WebPage\",\"@id\":\"https:\\\/\\\/tupique.com\\\/product\\\/siege-racing-sparco-s002201az-l-bleu\\\/\",\"url\":\"https:\\\/\\\/tupique.com\\\/product\\\/siege-racing-sparco-s002201az-l-bleu\\\/\",\"name\":\"Si\u00e8ge Racing Sparco S002201AZ L Bleu | | Tupique\",\"isPartOf\":{\"@id\":\"https:\\\/\\\/tupique.com\\\/#website\"},\"primaryImageOfPage\":{\"@id\":\"https:\\\/\\\/tupique.com\\\/product\\\/siege-racing-sparco-s002201az-l-bleu\\\/#primaryimage\"},\"image\":{\"@id\":\"https:\\\/\\\/tupique.com\\\/product\\\/siege-racing-sparco-s002201az-l-bleu\\\/#primaryimage\"},\"thumbnailUrl\":\"https:\\\/\\\/tupique.com\\\/wp-content\\\/uploads\\\/2026\\\/05\\\/8033280387860_S3726520_P02.jpg\",\"datePublished\":\"2026-05-11T17:48:50+00:00\",\"dateModified\":\"2026-05-11T19:18:43+00:00\",\"description\":\"Envie d'acheter Si\u00e8ge Racing Sparco S002201AZ L Bleu\u00a0? Achetez Si\u00e8ge Racing Sparco S002201AZ L Bleu maintenant avec Tupique en 3 versements sans int\u00e9r\u00eat.\",\"breadcrumb\":{\"@id\":\"https:\\\/\\\/tupique.com\\\/product\\\/siege-racing-sparco-s002201az-l-bleu\\\/#breadcrumb\"},\"inLanguage\":\"en-GB\",\"potentialAction\":[{\"@type\":\"ReadAction\",\"target\":[\"https:\\\/\\\/tupique.com\\\/product\\\/siege-racing-sparco-s002201az-l-bleu\\\/\"]}]},{\"@type\":\"ImageObject\",\"inLanguage\":\"en-GB\",\"@id\":\"https:\\\/\\\/tupique.com\\\/product\\\/siege-racing-sparco-s002201az-l-bleu\\\/#primaryimage\",\"url\":\"https:\\\/\\\/tupique.com\\\/wp-content\\\/uploads\\\/2026\\\/05\\\/8033280387860_S3726520_P02.jpg\",\"contentUrl\":\"https:\\\/\\\/tupique.com\\\/wp-content\\\/uploads\\\/2026\\\/05\\\/8033280387860_S3726520_P02.jpg\",\"width\":1200,\"height\":1200,\"caption\":\"S3726520_0\"},{\"@type\":\"BreadcrumbList\",\"@id\":\"https:\\\/\\\/tupique.com\\\/product\\\/siege-racing-sparco-s002201az-l-bleu\\\/#breadcrumb\",\"itemListElement\":[{\"@type\":\"ListItem\",\"position\":1,\"name\":\"commencer\",\"item\":\"https:\\\/\\\/tupique.com\\\/\"},{\"@type\":\"ListItem\",\"position\":2,\"name\":\"Loja\",\"item\":\"https:\\\/\\\/tupique.com\\\/pt\\\/loja\\\/\"},{\"@type\":\"ListItem\",\"position\":3,\"name\":\"Si\u00e8ge Racing Sparco S002201AZ L Bleu\"}]},{\"@type\":\"WebSite\",\"@id\":\"https:\\\/\\\/tupique.com\\\/#website\",\"url\":\"https:\\\/\\\/tupique.com\\\/\",\"name\":\"Tupique\",\"description\":\"\",\"publisher\":{\"@id\":\"https:\\\/\\\/tupique.com\\\/#organization\"},\"potentialAction\":[{\"@type\":\"SearchAction\",\"target\":{\"@type\":\"EntryPoint\",\"urlTemplate\":\"https:\\\/\\\/tupique.com\\\/?s={search_term_string}\"},\"query-input\":{\"@type\":\"PropertyValueSpecification\",\"valueRequired\":true,\"valueName\":\"search_term_string\"}}],\"inLanguage\":\"en-GB\"},{\"@type\":\"Organization\",\"@id\":\"https:\\\/\\\/tupique.com\\\/#organization\",\"name\":\"Tupique\",\"url\":\"https:\\\/\\\/tupique.com\\\/\",\"logo\":{\"@type\":\"ImageObject\",\"inLanguage\":\"en-GB\",\"@id\":\"https:\\\/\\\/tupique.com\\\/#\\\/schema\\\/logo\\\/image\\\/\",\"url\":\"https:\\\/\\\/tupique.com\\\/wp-content\\\/uploads\\\/2026\\\/03\\\/logo-tupique-1.webp\",\"contentUrl\":\"https:\\\/\\\/tupique.com\\\/wp-content\\\/uploads\\\/2026\\\/03\\\/logo-tupique-1.webp\",\"width\":500,\"height\":67,\"caption\":\"Tupique\"},\"image\":{\"@id\":\"https:\\\/\\\/tupique.com\\\/#\\\/schema\\\/logo\\\/image\\\/\"}}]}<\/script>\n<!-- \/ Yoast SEO plugin. -->","yoast_head_json":{"title":"Si\u00e8ge Racing Sparco S002201AZ L Bleu | | Tupique","description":"Envie d'acheter Si\u00e8ge Racing Sparco S002201AZ L Bleu\u00a0? Achetez Si\u00e8ge Racing Sparco S002201AZ L Bleu maintenant avec Tupique en 3 versements sans int\u00e9r\u00eat.","robots":{"index":"index","follow":"follow","max-snippet":"max-snippet:-1","max-image-preview":"max-image-preview:large","max-video-preview":"max-video-preview:-1"},"canonical":"https:\/\/tupique.com\/en\/product\/siege-racing-sparco-s002201az-l-bleu\/","og_locale":"en_GB","og_type":"article","og_title":"Si\u00e8ge Racing Sparco S002201AZ L Bleu | | Tupique","og_description":"Envie d'acheter Si\u00e8ge Racing Sparco S002201AZ L Bleu\u00a0? Achetez Si\u00e8ge Racing Sparco S002201AZ L Bleu maintenant avec Tupique en 3 versements sans int\u00e9r\u00eat.","og_url":"https:\/\/tupique.com\/en\/product\/siege-racing-sparco-s002201az-l-bleu\/","og_site_name":"Tupique","article_modified_time":"2026-05-11T19:18:43+00:00","og_image":[{"width":1200,"height":1200,"url":"https:\/\/tupique.com\/wp-content\/uploads\/2026\/05\/8033280387860_S3726520_P02.jpg","type":"image\/jpeg"}],"twitter_card":"summary_large_image","twitter_misc":{"Est. reading time":"1 minute"},"schema":{"@context":"https:\/\/schema.org","@graph":[{"@type":"WebPage","@id":"https:\/\/tupique.com\/product\/siege-racing-sparco-s002201az-l-bleu\/","url":"https:\/\/tupique.com\/product\/siege-racing-sparco-s002201az-l-bleu\/","name":"Si\u00e8ge Racing Sparco S002201AZ L Bleu | | Tupique","isPartOf":{"@id":"https:\/\/tupique.com\/#website"},"primaryImageOfPage":{"@id":"https:\/\/tupique.com\/product\/siege-racing-sparco-s002201az-l-bleu\/#primaryimage"},"image":{"@id":"https:\/\/tupique.com\/product\/siege-racing-sparco-s002201az-l-bleu\/#primaryimage"},"thumbnailUrl":"https:\/\/tupique.com\/wp-content\/uploads\/2026\/05\/8033280387860_S3726520_P02.jpg","datePublished":"2026-05-11T17:48:50+00:00","dateModified":"2026-05-11T19:18:43+00:00","description":"Envie d'acheter Si\u00e8ge Racing Sparco S002201AZ L Bleu\u00a0? Achetez Si\u00e8ge Racing Sparco S002201AZ L Bleu maintenant avec Tupique en 3 versements sans int\u00e9r\u00eat.","breadcrumb":{"@id":"https:\/\/tupique.com\/product\/siege-racing-sparco-s002201az-l-bleu\/#breadcrumb"},"inLanguage":"en-GB","potentialAction":[{"@type":"ReadAction","target":["https:\/\/tupique.com\/product\/siege-racing-sparco-s002201az-l-bleu\/"]}]},{"@type":"ImageObject","inLanguage":"en-GB","@id":"https:\/\/tupique.com\/product\/siege-racing-sparco-s002201az-l-bleu\/#primaryimage","url":"https:\/\/tupique.com\/wp-content\/uploads\/2026\/05\/8033280387860_S3726520_P02.jpg","contentUrl":"https:\/\/tupique.com\/wp-content\/uploads\/2026\/05\/8033280387860_S3726520_P02.jpg","width":1200,"height":1200,"caption":"S3726520_0"},{"@type":"BreadcrumbList","@id":"https:\/\/tupique.com\/product\/siege-racing-sparco-s002201az-l-bleu\/#breadcrumb","itemListElement":[{"@type":"ListItem","position":1,"name":"commencer","item":"https:\/\/tupique.com\/"},{"@type":"ListItem","position":2,"name":"Loja","item":"https:\/\/tupique.com\/pt\/loja\/"},{"@type":"ListItem","position":3,"name":"Si\u00e8ge Racing Sparco S002201AZ L Bleu"}]},{"@type":"WebSite","@id":"https:\/\/tupique.com\/#website","url":"https:\/\/tupique.com\/","name":"Tupique","description":"","publisher":{"@id":"https:\/\/tupique.com\/#organization"},"potentialAction":[{"@type":"SearchAction","target":{"@type":"EntryPoint","urlTemplate":"https:\/\/tupique.com\/?s={search_term_string}"},"query-input":{"@type":"PropertyValueSpecification","valueRequired":true,"valueName":"search_term_string"}}],"inLanguage":"en-GB"},{"@type":"Organization","@id":"https:\/\/tupique.com\/#organization","name":"Tupique","url":"https:\/\/tupique.com\/","logo":{"@type":"ImageObject","inLanguage":"en-GB","@id":"https:\/\/tupique.com\/#\/schema\/logo\/image\/","url":"https:\/\/tupique.com\/wp-content\/uploads\/2026\/03\/logo-tupique-1.webp","contentUrl":"https:\/\/tupique.com\/wp-content\/uploads\/2026\/03\/logo-tupique-1.webp","width":500,"height":67,"caption":"Tupique"},"image":{"@id":"https:\/\/tupique.com\/#\/schema\/logo\/image\/"}}]}},"_links":{"self":[{"href":"https:\/\/tupique.com\/en\/wp-json\/wp\/v2\/product\/186510","targetHints":{"allow":["GET"]}}],"collection":[{"href":"https:\/\/tupique.com\/en\/wp-json\/wp\/v2\/product"}],"about":[{"href":"https:\/\/tupique.com\/en\/wp-json\/wp\/v2\/types\/product"}],"replies":[{"embeddable":true,"href":"https:\/\/tupique.com\/en\/wp-json\/wp\/v2\/comments?post=186510"}],"wp:featuredmedia":[{"embeddable":true,"href":"https:\/\/tupique.com\/en\/wp-json\/wp\/v2\/media\/186509"}],"wp:attachment":[{"href":"https:\/\/tupique.com\/en\/wp-json\/wp\/v2\/media?parent=186510"}],"wp:term":[{"taxonomy":"product_brand","embeddable":true,"href":"https:\/\/tupique.com\/en\/wp-json\/wp\/v2\/product_brand?post=186510"},{"taxonomy":"product_cat","embeddable":true,"href":"https:\/\/tupique.com\/en\/wp-json\/wp\/v2\/product_cat?post=186510"},{"taxonomy":"product_tag","embeddable":true,"href":"https:\/\/tupique.com\/en\/wp-json\/wp\/v2\/product_tag?post=186510"},{"taxonomy":"woo-feed-brand","embeddable":true,"href":"https:\/\/tupique.com\/en\/wp-json\/wp\/v2\/woo-feed-brand?post=186510"}],"curies":[{"name":"wp","href":"https:\/\/api.w.org\/{rel}","templated":true}]}}