{"id":186856,"date":"2026-05-11T20:19:08","date_gmt":"2026-05-11T18:19:08","guid":{"rendered":"https:\/\/tupique.com\/product\/monture-de-lunettes-unisexe-sting-vst066-529wrm\/"},"modified":"2026-05-11T21:22:57","modified_gmt":"2026-05-11T19:22:57","slug":"monture-de-lunettes-unisexe-sting-vst066-529wrm","status":"publish","type":"product","link":"https:\/\/tupique.com\/en\/product\/monture-de-lunettes-unisexe-sting-vst066-529wrm\/","title":{"rendered":"Monture de Lunettes Unisexe Sting VST066 529WRM"},"content":{"rendered":"<p>Si vous envisagez de renouveler votre garde-robe, achetez <b>Monture de Lunettes Unisexe Sting VST066 529WRM<\/b> et d\u2019autres<b>produits Sting<\/b>! La meilleure qualit\u00e9 au meilleur prix est \u00e0 votre port\u00e9e!<\/p>\n<p>The <b>monture de lunettes<\/b> unisexe <b>Sting VST066 529WRM<\/b> est une option polyvalente et moderne con\u00e7ue pour s\u2019adapter \u00e0 tous les types de visages et de styles, offrant une base \u00e9l\u00e9gante et fonctionnelle \u00e0 ceux qui souhaitent personnaliser leurs besoins visuels. Ce mod\u00e8le, pens\u00e9 pour homme et femme, pr\u00e9sente une <b>structure robuste et contemporaine<\/b> permettant d\u2019y installer des verres correcteurs sur ordonnance ou d\u2019utiliser ses <b>verres non correcteurs<\/b> d\u2019origine, id\u00e9als pour ceux qui veulent porter des lunettes comme accessoire esth\u00e9tique ou pour une protection basique au quotidien. La <b>monture<\/b> se distingue par sa l\u00e9g\u00e8ret\u00e9 et son confort, assurant une utilisation prolong\u00e9e sans g\u00eane, adapt\u00e9e aussi bien \u00e0 un usage quotidien que professionnel. De plus, ce mod\u00e8le <b>inclut un \u00e9tui ou une housse de la marque Sting<\/b>, garantissant une protection ad\u00e9quate lors du transport ou du rangement. Les mat\u00e9riaux utilis\u00e9s assurent durabilit\u00e9 et r\u00e9sistance \u00e0 l\u2019usure, maintenant l\u2019int\u00e9grit\u00e9 esth\u00e9tique et fonctionnelle dans le temps. Son design unisexe renforce la polyvalence, s\u2019adaptant discr\u00e8tement \u00e0 diff\u00e9rentes tendances et besoins, tandis que la possibilit\u00e9 de remplacer facilement les verres ajoute une valeur pratique au produit. La <b>Sting VST066 529WRM<\/b> s\u2019impose comme une alternative \u00e9quilibr\u00e9e pour ceux qui recherchent qualit\u00e9, design contemporain et confort pour leur prochaine monture de lunettes.<\/p>\n<ul>\n<li>Caract\u00e9ristiques: Verres sans graduation<\/li>\n<li>Genre: Unisexe<\/li>\n<li>Type: Monture de Lunettes<\/li>\n<li>Type de verre: Lentilles sans ordonnance<\/li>\n<li>Inclut: Inclut un \u00e9tui ou une housse de la marque<\/li>\n<\/ul>","protected":false},"excerpt":{"rendered":"<p>Si vous envisagez de renouveler votre garde-robe, achetez Monture de Lunettes Unisexe Sting VST066 529WRM et d\u2019autresproduits Sting! La meilleure qualit\u00e9 au meilleur prix est \u00e0 votre port\u00e9e! La monture de lunettes unisexe Sting VST066 529WRM est une option polyvalente et moderne con\u00e7ue pour s\u2019adapter \u00e0 tous les types de visages et de styles, offrant [&hellip;]<\/p>\n","protected":false},"featured_media":186851,"comment_status":"open","ping_status":"closed","template":"","meta":[],"product_brand":[2540],"product_cat":[776,777,752],"product_tag":[542],"woo-feed-brand":[],"class_list":{"0":"post-186856","1":"product","2":"type-product","3":"status-publish","4":"has-post-thumbnail","6":"product_brand-brandp_2589","7":"product_cat-detente-et-bien-etre","8":"product_cat-lunettes-de-lecture-et-lunettes-loupes","9":"product_cat-sante-beaute","10":"product_tag-tag_1274","12":"first","13":"instock","14":"taxable","15":"shipping-taxable","16":"purchasable","17":"product-type-simple"},"yoast_head":"<!-- This site is optimized with the Yoast SEO plugin v27.6 - https:\/\/yoast.com\/product\/yoast-seo-wordpress\/ -->\n<title>Monture de Lunettes Unisexe Sting VST066 529WRM | | Tupique<\/title>\n<meta name=\"description\" content=\"Envie d&#039;acheter Monture de Lunettes Unisexe Sting VST066 529WRM\u00a0? Achetez Monture de Lunettes Unisexe Sting VST066 529WRM maintenant avec Tupique en 3 versements sans int\u00e9r\u00eat.\" \/>\n<meta name=\"robots\" content=\"index, follow, max-snippet:-1, max-image-preview:large, max-video-preview:-1\" \/>\n<link rel=\"canonical\" href=\"https:\/\/tupique.com\/en\/product\/monture-de-lunettes-unisexe-sting-vst066-529wrm\/\" \/>\n<meta property=\"og:locale\" content=\"en_GB\" \/>\n<meta property=\"og:type\" content=\"article\" \/>\n<meta property=\"og:title\" content=\"Monture de Lunettes Unisexe Sting VST066 529WRM | | Tupique\" \/>\n<meta property=\"og:description\" content=\"Envie d&#039;acheter Monture de Lunettes Unisexe Sting VST066 529WRM\u00a0? Achetez Monture de Lunettes Unisexe Sting VST066 529WRM maintenant avec Tupique en 3 versements sans int\u00e9r\u00eat.\" \/>\n<meta property=\"og:url\" content=\"https:\/\/tupique.com\/en\/product\/monture-de-lunettes-unisexe-sting-vst066-529wrm\/\" \/>\n<meta property=\"og:site_name\" content=\"Tupique\" \/>\n<meta property=\"article:modified_time\" content=\"2026-05-11T19:22:57+00:00\" \/>\n<meta property=\"og:image\" content=\"https:\/\/tupique.com\/wp-content\/uploads\/2026\/05\/0883663969866_S7237218_P01.jpg\" \/>\n\t<meta property=\"og:image:width\" content=\"1200\" \/>\n\t<meta property=\"og:image:height\" content=\"1200\" \/>\n\t<meta property=\"og:image:type\" content=\"image\/jpeg\" \/>\n<meta name=\"twitter:card\" content=\"summary_large_image\" \/>\n<meta name=\"twitter:label1\" content=\"Est. reading time\" \/>\n\t<meta name=\"twitter:data1\" content=\"1 minute\" \/>\n<script type=\"application\/ld+json\" class=\"yoast-schema-graph\">{\"@context\":\"https:\\\/\\\/schema.org\",\"@graph\":[{\"@type\":\"WebPage\",\"@id\":\"https:\\\/\\\/tupique.com\\\/pt\\\/product\\\/monture-de-lunettes-unisexe-sting-vst066-529wrm\\\/\",\"url\":\"https:\\\/\\\/tupique.com\\\/pt\\\/product\\\/monture-de-lunettes-unisexe-sting-vst066-529wrm\\\/\",\"name\":\"Monture de Lunettes Unisexe Sting VST066 529WRM | | Tupique\",\"isPartOf\":{\"@id\":\"https:\\\/\\\/tupique.com\\\/#website\"},\"primaryImageOfPage\":{\"@id\":\"https:\\\/\\\/tupique.com\\\/pt\\\/product\\\/monture-de-lunettes-unisexe-sting-vst066-529wrm\\\/#primaryimage\"},\"image\":{\"@id\":\"https:\\\/\\\/tupique.com\\\/pt\\\/product\\\/monture-de-lunettes-unisexe-sting-vst066-529wrm\\\/#primaryimage\"},\"thumbnailUrl\":\"https:\\\/\\\/tupique.com\\\/wp-content\\\/uploads\\\/2026\\\/05\\\/0883663969866_S7237218_P01.jpg\",\"datePublished\":\"2026-05-11T18:19:08+00:00\",\"dateModified\":\"2026-05-11T19:22:57+00:00\",\"description\":\"Envie d'acheter Monture de Lunettes Unisexe Sting VST066 529WRM\u00a0? Achetez Monture de Lunettes Unisexe Sting VST066 529WRM maintenant avec Tupique en 3 versements sans int\u00e9r\u00eat.\",\"breadcrumb\":{\"@id\":\"https:\\\/\\\/tupique.com\\\/pt\\\/product\\\/monture-de-lunettes-unisexe-sting-vst066-529wrm\\\/#breadcrumb\"},\"inLanguage\":\"en-GB\",\"potentialAction\":[{\"@type\":\"ReadAction\",\"target\":[\"https:\\\/\\\/tupique.com\\\/pt\\\/product\\\/monture-de-lunettes-unisexe-sting-vst066-529wrm\\\/\"]}]},{\"@type\":\"ImageObject\",\"inLanguage\":\"en-GB\",\"@id\":\"https:\\\/\\\/tupique.com\\\/pt\\\/product\\\/monture-de-lunettes-unisexe-sting-vst066-529wrm\\\/#primaryimage\",\"url\":\"https:\\\/\\\/tupique.com\\\/wp-content\\\/uploads\\\/2026\\\/05\\\/0883663969866_S7237218_P01.jpg\",\"contentUrl\":\"https:\\\/\\\/tupique.com\\\/wp-content\\\/uploads\\\/2026\\\/05\\\/0883663969866_S7237218_P01.jpg\",\"width\":1200,\"height\":1200,\"caption\":\"S7237218_0\"},{\"@type\":\"BreadcrumbList\",\"@id\":\"https:\\\/\\\/tupique.com\\\/pt\\\/product\\\/monture-de-lunettes-unisexe-sting-vst066-529wrm\\\/#breadcrumb\",\"itemListElement\":[{\"@type\":\"ListItem\",\"position\":1,\"name\":\"commencer\",\"item\":\"https:\\\/\\\/tupique.com\\\/\"},{\"@type\":\"ListItem\",\"position\":2,\"name\":\"Loja\",\"item\":\"https:\\\/\\\/tupique.com\\\/pt\\\/loja\\\/\"},{\"@type\":\"ListItem\",\"position\":3,\"name\":\"Monture de Lunettes Unisexe Sting VST066 529WRM\"}]},{\"@type\":\"WebSite\",\"@id\":\"https:\\\/\\\/tupique.com\\\/#website\",\"url\":\"https:\\\/\\\/tupique.com\\\/\",\"name\":\"Tupique\",\"description\":\"\",\"publisher\":{\"@id\":\"https:\\\/\\\/tupique.com\\\/#organization\"},\"potentialAction\":[{\"@type\":\"SearchAction\",\"target\":{\"@type\":\"EntryPoint\",\"urlTemplate\":\"https:\\\/\\\/tupique.com\\\/?s={search_term_string}\"},\"query-input\":{\"@type\":\"PropertyValueSpecification\",\"valueRequired\":true,\"valueName\":\"search_term_string\"}}],\"inLanguage\":\"en-GB\"},{\"@type\":\"Organization\",\"@id\":\"https:\\\/\\\/tupique.com\\\/#organization\",\"name\":\"Tupique\",\"url\":\"https:\\\/\\\/tupique.com\\\/\",\"logo\":{\"@type\":\"ImageObject\",\"inLanguage\":\"en-GB\",\"@id\":\"https:\\\/\\\/tupique.com\\\/#\\\/schema\\\/logo\\\/image\\\/\",\"url\":\"https:\\\/\\\/tupique.com\\\/wp-content\\\/uploads\\\/2026\\\/03\\\/logo-tupique-1.webp\",\"contentUrl\":\"https:\\\/\\\/tupique.com\\\/wp-content\\\/uploads\\\/2026\\\/03\\\/logo-tupique-1.webp\",\"width\":500,\"height\":67,\"caption\":\"Tupique\"},\"image\":{\"@id\":\"https:\\\/\\\/tupique.com\\\/#\\\/schema\\\/logo\\\/image\\\/\"}}]}<\/script>\n<!-- \/ Yoast SEO plugin. -->","yoast_head_json":{"title":"Monture de Lunettes Unisexe Sting VST066 529WRM | | Tupique","description":"Envie d'acheter Monture de Lunettes Unisexe Sting VST066 529WRM\u00a0? Achetez Monture de Lunettes Unisexe Sting VST066 529WRM maintenant avec Tupique en 3 versements sans int\u00e9r\u00eat.","robots":{"index":"index","follow":"follow","max-snippet":"max-snippet:-1","max-image-preview":"max-image-preview:large","max-video-preview":"max-video-preview:-1"},"canonical":"https:\/\/tupique.com\/en\/product\/monture-de-lunettes-unisexe-sting-vst066-529wrm\/","og_locale":"en_GB","og_type":"article","og_title":"Monture de Lunettes Unisexe Sting VST066 529WRM | | Tupique","og_description":"Envie d'acheter Monture de Lunettes Unisexe Sting VST066 529WRM\u00a0? Achetez Monture de Lunettes Unisexe Sting VST066 529WRM maintenant avec Tupique en 3 versements sans int\u00e9r\u00eat.","og_url":"https:\/\/tupique.com\/en\/product\/monture-de-lunettes-unisexe-sting-vst066-529wrm\/","og_site_name":"Tupique","article_modified_time":"2026-05-11T19:22:57+00:00","og_image":[{"width":1200,"height":1200,"url":"https:\/\/tupique.com\/wp-content\/uploads\/2026\/05\/0883663969866_S7237218_P01.jpg","type":"image\/jpeg"}],"twitter_card":"summary_large_image","twitter_misc":{"Est. reading time":"1 minute"},"schema":{"@context":"https:\/\/schema.org","@graph":[{"@type":"WebPage","@id":"https:\/\/tupique.com\/pt\/product\/monture-de-lunettes-unisexe-sting-vst066-529wrm\/","url":"https:\/\/tupique.com\/pt\/product\/monture-de-lunettes-unisexe-sting-vst066-529wrm\/","name":"Monture de Lunettes Unisexe Sting VST066 529WRM | | Tupique","isPartOf":{"@id":"https:\/\/tupique.com\/#website"},"primaryImageOfPage":{"@id":"https:\/\/tupique.com\/pt\/product\/monture-de-lunettes-unisexe-sting-vst066-529wrm\/#primaryimage"},"image":{"@id":"https:\/\/tupique.com\/pt\/product\/monture-de-lunettes-unisexe-sting-vst066-529wrm\/#primaryimage"},"thumbnailUrl":"https:\/\/tupique.com\/wp-content\/uploads\/2026\/05\/0883663969866_S7237218_P01.jpg","datePublished":"2026-05-11T18:19:08+00:00","dateModified":"2026-05-11T19:22:57+00:00","description":"Envie d'acheter Monture de Lunettes Unisexe Sting VST066 529WRM\u00a0? Achetez Monture de Lunettes Unisexe Sting VST066 529WRM maintenant avec Tupique en 3 versements sans int\u00e9r\u00eat.","breadcrumb":{"@id":"https:\/\/tupique.com\/pt\/product\/monture-de-lunettes-unisexe-sting-vst066-529wrm\/#breadcrumb"},"inLanguage":"en-GB","potentialAction":[{"@type":"ReadAction","target":["https:\/\/tupique.com\/pt\/product\/monture-de-lunettes-unisexe-sting-vst066-529wrm\/"]}]},{"@type":"ImageObject","inLanguage":"en-GB","@id":"https:\/\/tupique.com\/pt\/product\/monture-de-lunettes-unisexe-sting-vst066-529wrm\/#primaryimage","url":"https:\/\/tupique.com\/wp-content\/uploads\/2026\/05\/0883663969866_S7237218_P01.jpg","contentUrl":"https:\/\/tupique.com\/wp-content\/uploads\/2026\/05\/0883663969866_S7237218_P01.jpg","width":1200,"height":1200,"caption":"S7237218_0"},{"@type":"BreadcrumbList","@id":"https:\/\/tupique.com\/pt\/product\/monture-de-lunettes-unisexe-sting-vst066-529wrm\/#breadcrumb","itemListElement":[{"@type":"ListItem","position":1,"name":"commencer","item":"https:\/\/tupique.com\/"},{"@type":"ListItem","position":2,"name":"Loja","item":"https:\/\/tupique.com\/pt\/loja\/"},{"@type":"ListItem","position":3,"name":"Monture de Lunettes Unisexe Sting VST066 529WRM"}]},{"@type":"WebSite","@id":"https:\/\/tupique.com\/#website","url":"https:\/\/tupique.com\/","name":"Tupique","description":"","publisher":{"@id":"https:\/\/tupique.com\/#organization"},"potentialAction":[{"@type":"SearchAction","target":{"@type":"EntryPoint","urlTemplate":"https:\/\/tupique.com\/?s={search_term_string}"},"query-input":{"@type":"PropertyValueSpecification","valueRequired":true,"valueName":"search_term_string"}}],"inLanguage":"en-GB"},{"@type":"Organization","@id":"https:\/\/tupique.com\/#organization","name":"Tupique","url":"https:\/\/tupique.com\/","logo":{"@type":"ImageObject","inLanguage":"en-GB","@id":"https:\/\/tupique.com\/#\/schema\/logo\/image\/","url":"https:\/\/tupique.com\/wp-content\/uploads\/2026\/03\/logo-tupique-1.webp","contentUrl":"https:\/\/tupique.com\/wp-content\/uploads\/2026\/03\/logo-tupique-1.webp","width":500,"height":67,"caption":"Tupique"},"image":{"@id":"https:\/\/tupique.com\/#\/schema\/logo\/image\/"}}]}},"_links":{"self":[{"href":"https:\/\/tupique.com\/en\/wp-json\/wp\/v2\/product\/186856","targetHints":{"allow":["GET"]}}],"collection":[{"href":"https:\/\/tupique.com\/en\/wp-json\/wp\/v2\/product"}],"about":[{"href":"https:\/\/tupique.com\/en\/wp-json\/wp\/v2\/types\/product"}],"replies":[{"embeddable":true,"href":"https:\/\/tupique.com\/en\/wp-json\/wp\/v2\/comments?post=186856"}],"wp:featuredmedia":[{"embeddable":true,"href":"https:\/\/tupique.com\/en\/wp-json\/wp\/v2\/media\/186851"}],"wp:attachment":[{"href":"https:\/\/tupique.com\/en\/wp-json\/wp\/v2\/media?parent=186856"}],"wp:term":[{"taxonomy":"product_brand","embeddable":true,"href":"https:\/\/tupique.com\/en\/wp-json\/wp\/v2\/product_brand?post=186856"},{"taxonomy":"product_cat","embeddable":true,"href":"https:\/\/tupique.com\/en\/wp-json\/wp\/v2\/product_cat?post=186856"},{"taxonomy":"product_tag","embeddable":true,"href":"https:\/\/tupique.com\/en\/wp-json\/wp\/v2\/product_tag?post=186856"},{"taxonomy":"woo-feed-brand","embeddable":true,"href":"https:\/\/tupique.com\/en\/wp-json\/wp\/v2\/woo-feed-brand?post=186856"}],"curies":[{"name":"wp","href":"https:\/\/api.w.org\/{rel}","templated":true}]}}