{"id":187040,"date":"2026-05-11T20:25:00","date_gmt":"2026-05-11T18:25:00","guid":{"rendered":"https:\/\/tupique.com\/product\/monture-de-lunettes-unisexe-sting-vst066-5209aj\/"},"modified":"2026-05-11T21:22:57","modified_gmt":"2026-05-11T19:22:57","slug":"monture-de-lunettes-unisexe-sting-vst066-5209aj","status":"publish","type":"product","link":"https:\/\/tupique.com\/en\/product\/monture-de-lunettes-unisexe-sting-vst066-5209aj\/","title":{"rendered":"Monture de Lunettes Unisexe Sting VST066 5209AJ"},"content":{"rendered":"<p>Si vous envisagez de renouveler votre garde-robe, achetez <b>Monture de Lunettes Unisexe Sting VST066 5209AJ<\/b> et d\u2019autres<b>produits Sting<\/b>! La meilleure qualit\u00e9 au meilleur prix est \u00e0 votre port\u00e9e!<\/p>\n<p>The <b>monture de lunettes unisexe<\/b> <b>Sting VST066 5209AJ<\/b> se distingue par son design polyvalent et l\u2019utilisation de mat\u00e9riaux soigneusement s\u00e9lectionn\u00e9s pour assurer durabilit\u00e9 et confort au quotidien. Fabriqu\u00e9e en <b>ac\u00e9tate<\/b>, cette monture est \u00e0 la fois r\u00e9sistante et l\u00e9g\u00e8re, offrant un port agr\u00e9able et flatteur pour hommes et femmes gr\u00e2ce \u00e0 sa conception <b>unisexe<\/b>. Ce mod\u00e8le est \u00e9quip\u00e9 de <b>verres sans correction<\/b>, permettant une adaptation facile \u00e0 tout type de verres optiques selon les besoins de l\u2019utilisateur, pour un changement rapide chez l\u2019opticien. La finition en ac\u00e9tate conf\u00e8re non seulement une solidit\u00e9 structurelle, mais aussi un aspect moderne et \u00e9l\u00e9gant, id\u00e9al pour ceux qui recherchent un accessoire fonctionnel tout en affirmant leur personnalit\u00e9. De plus, la <b>Sting VST066 5209AJ<\/b> est livr\u00e9e avec un <b>\u00e9tui ou une housse originale de la marque<\/b>, offrant une protection suppl\u00e9mentaire \u00e0 la monture lorsqu\u2019elle n\u2019est pas utilis\u00e9e et ajoutant de la valeur pour ceux qui privil\u00e9gient la conservation et le transport du produit dans des conditions optimales. Cette r\u00e9f\u00e9rence Sting constitue un choix \u00e9quilibr\u00e9 pour ceux qui appr\u00e9cient \u00e0 la fois le design contemporain et la praticit\u00e9 au quotidien dans une monture adapt\u00e9e \u00e0 diff\u00e9rents styles de vie.<\/p>\n<ul>\n<li>Caract\u00e9ristiques: Verres sans graduation<\/li>\n<li>Genre: Unisexe<\/li>\n<li>Type: Monture de Lunettes<\/li>\n<li>Type de verre: Lentilles sans ordonnance<\/li>\n<li>Mati\u00e8re: Ac\u00e9tate<\/li>\n<li>Inclut: Inclut un \u00e9tui ou une housse de la marque<\/li>\n<\/ul>","protected":false},"excerpt":{"rendered":"<p>Si vous envisagez de renouveler votre garde-robe, achetez Monture de Lunettes Unisexe Sting VST066 5209AJ et d\u2019autresproduits Sting! La meilleure qualit\u00e9 au meilleur prix est \u00e0 votre port\u00e9e! La monture de lunettes unisexe Sting VST066 5209AJ se distingue par son design polyvalent et l\u2019utilisation de mat\u00e9riaux soigneusement s\u00e9lectionn\u00e9s pour assurer durabilit\u00e9 et confort au quotidien. [&hellip;]<\/p>\n","protected":false},"featured_media":187035,"comment_status":"open","ping_status":"closed","template":"","meta":[],"product_brand":[2540],"product_cat":[776,777,752],"product_tag":[542],"woo-feed-brand":[],"class_list":{"0":"post-187040","1":"product","2":"type-product","3":"status-publish","4":"has-post-thumbnail","6":"product_brand-brandp_2589","7":"product_cat-detente-et-bien-etre","8":"product_cat-lunettes-de-lecture-et-lunettes-loupes","9":"product_cat-sante-beaute","10":"product_tag-tag_1274","12":"first","13":"instock","14":"taxable","15":"shipping-taxable","16":"purchasable","17":"product-type-simple"},"yoast_head":"<!-- This site is optimized with the Yoast SEO plugin v27.6 - https:\/\/yoast.com\/product\/yoast-seo-wordpress\/ -->\n<title>Monture de Lunettes Unisexe Sting VST066 5209AJ | | Tupique<\/title>\n<meta name=\"description\" content=\"Envie d&#039;acheter Monture de Lunettes Unisexe Sting VST066 5209AJ\u00a0? Achetez Monture de Lunettes Unisexe Sting VST066 5209AJ maintenant avec Tupique en 3 versements sans int\u00e9r\u00eat.\" \/>\n<meta name=\"robots\" content=\"index, follow, max-snippet:-1, max-image-preview:large, max-video-preview:-1\" \/>\n<link rel=\"canonical\" href=\"https:\/\/tupique.com\/en\/product\/monture-de-lunettes-unisexe-sting-vst066-5209aj\/\" \/>\n<meta property=\"og:locale\" content=\"en_GB\" \/>\n<meta property=\"og:type\" content=\"article\" \/>\n<meta property=\"og:title\" content=\"Monture de Lunettes Unisexe Sting VST066 5209AJ | | Tupique\" \/>\n<meta property=\"og:description\" content=\"Envie d&#039;acheter Monture de Lunettes Unisexe Sting VST066 5209AJ\u00a0? Achetez Monture de Lunettes Unisexe Sting VST066 5209AJ maintenant avec Tupique en 3 versements sans int\u00e9r\u00eat.\" \/>\n<meta property=\"og:url\" content=\"https:\/\/tupique.com\/en\/product\/monture-de-lunettes-unisexe-sting-vst066-5209aj\/\" \/>\n<meta property=\"og:site_name\" content=\"Tupique\" \/>\n<meta property=\"article:modified_time\" content=\"2026-05-11T19:22:57+00:00\" \/>\n<meta property=\"og:image\" content=\"https:\/\/tupique.com\/wp-content\/uploads\/2026\/05\/0883663969842_S7237217_P01.jpg\" \/>\n\t<meta property=\"og:image:width\" content=\"1200\" \/>\n\t<meta property=\"og:image:height\" content=\"1200\" \/>\n\t<meta property=\"og:image:type\" content=\"image\/jpeg\" \/>\n<meta name=\"twitter:card\" content=\"summary_large_image\" \/>\n<meta name=\"twitter:label1\" content=\"Est. reading time\" \/>\n\t<meta name=\"twitter:data1\" content=\"1 minute\" \/>\n<script type=\"application\/ld+json\" class=\"yoast-schema-graph\">{\"@context\":\"https:\\\/\\\/schema.org\",\"@graph\":[{\"@type\":\"WebPage\",\"@id\":\"https:\\\/\\\/tupique.com\\\/pt\\\/product\\\/monture-de-lunettes-unisexe-sting-vst066-5209aj\\\/\",\"url\":\"https:\\\/\\\/tupique.com\\\/pt\\\/product\\\/monture-de-lunettes-unisexe-sting-vst066-5209aj\\\/\",\"name\":\"Monture de Lunettes Unisexe Sting VST066 5209AJ | | Tupique\",\"isPartOf\":{\"@id\":\"https:\\\/\\\/tupique.com\\\/#website\"},\"primaryImageOfPage\":{\"@id\":\"https:\\\/\\\/tupique.com\\\/pt\\\/product\\\/monture-de-lunettes-unisexe-sting-vst066-5209aj\\\/#primaryimage\"},\"image\":{\"@id\":\"https:\\\/\\\/tupique.com\\\/pt\\\/product\\\/monture-de-lunettes-unisexe-sting-vst066-5209aj\\\/#primaryimage\"},\"thumbnailUrl\":\"https:\\\/\\\/tupique.com\\\/wp-content\\\/uploads\\\/2026\\\/05\\\/0883663969842_S7237217_P01.jpg\",\"datePublished\":\"2026-05-11T18:25:00+00:00\",\"dateModified\":\"2026-05-11T19:22:57+00:00\",\"description\":\"Envie d'acheter Monture de Lunettes Unisexe Sting VST066 5209AJ\u00a0? Achetez Monture de Lunettes Unisexe Sting VST066 5209AJ maintenant avec Tupique en 3 versements sans int\u00e9r\u00eat.\",\"breadcrumb\":{\"@id\":\"https:\\\/\\\/tupique.com\\\/pt\\\/product\\\/monture-de-lunettes-unisexe-sting-vst066-5209aj\\\/#breadcrumb\"},\"inLanguage\":\"en-GB\",\"potentialAction\":[{\"@type\":\"ReadAction\",\"target\":[\"https:\\\/\\\/tupique.com\\\/pt\\\/product\\\/monture-de-lunettes-unisexe-sting-vst066-5209aj\\\/\"]}]},{\"@type\":\"ImageObject\",\"inLanguage\":\"en-GB\",\"@id\":\"https:\\\/\\\/tupique.com\\\/pt\\\/product\\\/monture-de-lunettes-unisexe-sting-vst066-5209aj\\\/#primaryimage\",\"url\":\"https:\\\/\\\/tupique.com\\\/wp-content\\\/uploads\\\/2026\\\/05\\\/0883663969842_S7237217_P01.jpg\",\"contentUrl\":\"https:\\\/\\\/tupique.com\\\/wp-content\\\/uploads\\\/2026\\\/05\\\/0883663969842_S7237217_P01.jpg\",\"width\":1200,\"height\":1200,\"caption\":\"S7237217_0\"},{\"@type\":\"BreadcrumbList\",\"@id\":\"https:\\\/\\\/tupique.com\\\/pt\\\/product\\\/monture-de-lunettes-unisexe-sting-vst066-5209aj\\\/#breadcrumb\",\"itemListElement\":[{\"@type\":\"ListItem\",\"position\":1,\"name\":\"commencer\",\"item\":\"https:\\\/\\\/tupique.com\\\/\"},{\"@type\":\"ListItem\",\"position\":2,\"name\":\"Loja\",\"item\":\"https:\\\/\\\/tupique.com\\\/pt\\\/loja\\\/\"},{\"@type\":\"ListItem\",\"position\":3,\"name\":\"Monture de Lunettes Unisexe Sting VST066 5209AJ\"}]},{\"@type\":\"WebSite\",\"@id\":\"https:\\\/\\\/tupique.com\\\/#website\",\"url\":\"https:\\\/\\\/tupique.com\\\/\",\"name\":\"Tupique\",\"description\":\"\",\"publisher\":{\"@id\":\"https:\\\/\\\/tupique.com\\\/#organization\"},\"potentialAction\":[{\"@type\":\"SearchAction\",\"target\":{\"@type\":\"EntryPoint\",\"urlTemplate\":\"https:\\\/\\\/tupique.com\\\/?s={search_term_string}\"},\"query-input\":{\"@type\":\"PropertyValueSpecification\",\"valueRequired\":true,\"valueName\":\"search_term_string\"}}],\"inLanguage\":\"en-GB\"},{\"@type\":\"Organization\",\"@id\":\"https:\\\/\\\/tupique.com\\\/#organization\",\"name\":\"Tupique\",\"url\":\"https:\\\/\\\/tupique.com\\\/\",\"logo\":{\"@type\":\"ImageObject\",\"inLanguage\":\"en-GB\",\"@id\":\"https:\\\/\\\/tupique.com\\\/#\\\/schema\\\/logo\\\/image\\\/\",\"url\":\"https:\\\/\\\/tupique.com\\\/wp-content\\\/uploads\\\/2026\\\/03\\\/logo-tupique-1.webp\",\"contentUrl\":\"https:\\\/\\\/tupique.com\\\/wp-content\\\/uploads\\\/2026\\\/03\\\/logo-tupique-1.webp\",\"width\":500,\"height\":67,\"caption\":\"Tupique\"},\"image\":{\"@id\":\"https:\\\/\\\/tupique.com\\\/#\\\/schema\\\/logo\\\/image\\\/\"}}]}<\/script>\n<!-- \/ Yoast SEO plugin. -->","yoast_head_json":{"title":"Monture de Lunettes Unisexe Sting VST066 5209AJ | | Tupique","description":"Envie d'acheter Monture de Lunettes Unisexe Sting VST066 5209AJ\u00a0? Achetez Monture de Lunettes Unisexe Sting VST066 5209AJ maintenant avec Tupique en 3 versements sans int\u00e9r\u00eat.","robots":{"index":"index","follow":"follow","max-snippet":"max-snippet:-1","max-image-preview":"max-image-preview:large","max-video-preview":"max-video-preview:-1"},"canonical":"https:\/\/tupique.com\/en\/product\/monture-de-lunettes-unisexe-sting-vst066-5209aj\/","og_locale":"en_GB","og_type":"article","og_title":"Monture de Lunettes Unisexe Sting VST066 5209AJ | | Tupique","og_description":"Envie d'acheter Monture de Lunettes Unisexe Sting VST066 5209AJ\u00a0? Achetez Monture de Lunettes Unisexe Sting VST066 5209AJ maintenant avec Tupique en 3 versements sans int\u00e9r\u00eat.","og_url":"https:\/\/tupique.com\/en\/product\/monture-de-lunettes-unisexe-sting-vst066-5209aj\/","og_site_name":"Tupique","article_modified_time":"2026-05-11T19:22:57+00:00","og_image":[{"width":1200,"height":1200,"url":"https:\/\/tupique.com\/wp-content\/uploads\/2026\/05\/0883663969842_S7237217_P01.jpg","type":"image\/jpeg"}],"twitter_card":"summary_large_image","twitter_misc":{"Est. reading time":"1 minute"},"schema":{"@context":"https:\/\/schema.org","@graph":[{"@type":"WebPage","@id":"https:\/\/tupique.com\/pt\/product\/monture-de-lunettes-unisexe-sting-vst066-5209aj\/","url":"https:\/\/tupique.com\/pt\/product\/monture-de-lunettes-unisexe-sting-vst066-5209aj\/","name":"Monture de Lunettes Unisexe Sting VST066 5209AJ | | Tupique","isPartOf":{"@id":"https:\/\/tupique.com\/#website"},"primaryImageOfPage":{"@id":"https:\/\/tupique.com\/pt\/product\/monture-de-lunettes-unisexe-sting-vst066-5209aj\/#primaryimage"},"image":{"@id":"https:\/\/tupique.com\/pt\/product\/monture-de-lunettes-unisexe-sting-vst066-5209aj\/#primaryimage"},"thumbnailUrl":"https:\/\/tupique.com\/wp-content\/uploads\/2026\/05\/0883663969842_S7237217_P01.jpg","datePublished":"2026-05-11T18:25:00+00:00","dateModified":"2026-05-11T19:22:57+00:00","description":"Envie d'acheter Monture de Lunettes Unisexe Sting VST066 5209AJ\u00a0? Achetez Monture de Lunettes Unisexe Sting VST066 5209AJ maintenant avec Tupique en 3 versements sans int\u00e9r\u00eat.","breadcrumb":{"@id":"https:\/\/tupique.com\/pt\/product\/monture-de-lunettes-unisexe-sting-vst066-5209aj\/#breadcrumb"},"inLanguage":"en-GB","potentialAction":[{"@type":"ReadAction","target":["https:\/\/tupique.com\/pt\/product\/monture-de-lunettes-unisexe-sting-vst066-5209aj\/"]}]},{"@type":"ImageObject","inLanguage":"en-GB","@id":"https:\/\/tupique.com\/pt\/product\/monture-de-lunettes-unisexe-sting-vst066-5209aj\/#primaryimage","url":"https:\/\/tupique.com\/wp-content\/uploads\/2026\/05\/0883663969842_S7237217_P01.jpg","contentUrl":"https:\/\/tupique.com\/wp-content\/uploads\/2026\/05\/0883663969842_S7237217_P01.jpg","width":1200,"height":1200,"caption":"S7237217_0"},{"@type":"BreadcrumbList","@id":"https:\/\/tupique.com\/pt\/product\/monture-de-lunettes-unisexe-sting-vst066-5209aj\/#breadcrumb","itemListElement":[{"@type":"ListItem","position":1,"name":"commencer","item":"https:\/\/tupique.com\/"},{"@type":"ListItem","position":2,"name":"Loja","item":"https:\/\/tupique.com\/pt\/loja\/"},{"@type":"ListItem","position":3,"name":"Monture de Lunettes Unisexe Sting VST066 5209AJ"}]},{"@type":"WebSite","@id":"https:\/\/tupique.com\/#website","url":"https:\/\/tupique.com\/","name":"Tupique","description":"","publisher":{"@id":"https:\/\/tupique.com\/#organization"},"potentialAction":[{"@type":"SearchAction","target":{"@type":"EntryPoint","urlTemplate":"https:\/\/tupique.com\/?s={search_term_string}"},"query-input":{"@type":"PropertyValueSpecification","valueRequired":true,"valueName":"search_term_string"}}],"inLanguage":"en-GB"},{"@type":"Organization","@id":"https:\/\/tupique.com\/#organization","name":"Tupique","url":"https:\/\/tupique.com\/","logo":{"@type":"ImageObject","inLanguage":"en-GB","@id":"https:\/\/tupique.com\/#\/schema\/logo\/image\/","url":"https:\/\/tupique.com\/wp-content\/uploads\/2026\/03\/logo-tupique-1.webp","contentUrl":"https:\/\/tupique.com\/wp-content\/uploads\/2026\/03\/logo-tupique-1.webp","width":500,"height":67,"caption":"Tupique"},"image":{"@id":"https:\/\/tupique.com\/#\/schema\/logo\/image\/"}}]}},"_links":{"self":[{"href":"https:\/\/tupique.com\/en\/wp-json\/wp\/v2\/product\/187040","targetHints":{"allow":["GET"]}}],"collection":[{"href":"https:\/\/tupique.com\/en\/wp-json\/wp\/v2\/product"}],"about":[{"href":"https:\/\/tupique.com\/en\/wp-json\/wp\/v2\/types\/product"}],"replies":[{"embeddable":true,"href":"https:\/\/tupique.com\/en\/wp-json\/wp\/v2\/comments?post=187040"}],"wp:featuredmedia":[{"embeddable":true,"href":"https:\/\/tupique.com\/en\/wp-json\/wp\/v2\/media\/187035"}],"wp:attachment":[{"href":"https:\/\/tupique.com\/en\/wp-json\/wp\/v2\/media?parent=187040"}],"wp:term":[{"taxonomy":"product_brand","embeddable":true,"href":"https:\/\/tupique.com\/en\/wp-json\/wp\/v2\/product_brand?post=187040"},{"taxonomy":"product_cat","embeddable":true,"href":"https:\/\/tupique.com\/en\/wp-json\/wp\/v2\/product_cat?post=187040"},{"taxonomy":"product_tag","embeddable":true,"href":"https:\/\/tupique.com\/en\/wp-json\/wp\/v2\/product_tag?post=187040"},{"taxonomy":"woo-feed-brand","embeddable":true,"href":"https:\/\/tupique.com\/en\/wp-json\/wp\/v2\/woo-feed-brand?post=187040"}],"curies":[{"name":"wp","href":"https:\/\/api.w.org\/{rel}","templated":true}]}}