{"id":188419,"date":"2026-05-11T21:53:30","date_gmt":"2026-05-11T19:53:30","guid":{"rendered":"https:\/\/tupique.com\/product\/bouteille-deau-real-madrid-c-f-premium-500-ml-noir\/"},"modified":"2026-05-11T21:53:30","modified_gmt":"2026-05-11T19:53:30","slug":"bouteille-deau-real-madrid-c-f-premium-500-ml-noir","status":"publish","type":"product","link":"https:\/\/tupique.com\/en\/product\/bouteille-deau-real-madrid-c-f-premium-500-ml-noir\/","title":{"rendered":"Bouteille d&#8217;eau Real Madrid C.F. Premium 500 ml Noir"},"content":{"rendered":"<p>Retournez au bureau sans rien oublier ! Achetez <b>Bouteille d&#8217;eau Real Madrid C.F. Premium 500 ml Noir<\/b> et faites envie \u00e0 vos coll\u00e8gues!<\/p>\n<p>The <b>Bouteille Isotherme Acier Inoxydable 500ml Real Madrid Premium<\/b> est le compl\u00e9ment parfait pour les fans du <b>Real Madrid C.F.<\/b> \u00e0 la recherche de polyvalence et de style. Avec une capacit\u00e9 de <b>500 ml<\/b>, elle offre la taille id\u00e9ale pour rester hydrat\u00e9 durant vos activit\u00e9s quotidiennes, que ce soit au travail, \u00e0 la salle de sport ou en regardant un match de football. Fabriqu\u00e9e en <b>acier inoxydable<\/b>, cette bouteille garantit non seulement durabilit\u00e9, mais maintient \u00e9galement vos boissons froides ou chaudes pendant des heures, gr\u00e2ce \u00e0 son design isotherme. Son fini en <b>couleur noire<\/b> lui conf\u00e8re un aspect \u00e9l\u00e9gant et moderne, et sa taille compacte de <b>7&#215;22.5 cm<\/b> la rend facile \u00e0 transporter, pouvant s&#8217;adapter facilement \u00e0 la plupart des porte-gobelets. \u00c9labor\u00e9e en <b>Chine<\/b>, cette bouteille repr\u00e9sente non seulement la qualit\u00e9 et le prestige du club, mais constitue \u00e9galement une option \u00e9cologique en r\u00e9duisant l&#8217;utilisation de plastiques jetables. La <b>Bouteille Isotherme Acier Inoxydable 500ml Real Madrid Premium<\/b> est le choix id\u00e9al pour les amateurs de sport et de l&#8217;\u00e9quipe, et c&#8217;est une mani\u00e8re pratique de montrer votre loyaut\u00e9 envers le club tout en prenant soin de vous.<\/p>\n<ul>\n<li>Capacit\u00e9: 500 ml<\/li>\n<li>Type: Bouteille d&#8217;eau<\/li>\n<li>Couleur: Noir<\/li>\n<li>Mati\u00e8re:\n<ul>\n<li>Jacquard<\/li>\n<li>Polyur\u00e9thane<\/li>\n<\/ul>\n<\/li>\n<li>Features:\n<ul>\n<li>Thermique<\/li>\n<li>Haute qualit\u00e9<\/li>\n<\/ul>\n<\/li>\n<li>Propri\u00e9t\u00e9s: Thermique<\/li>\n<\/ul>","protected":false},"excerpt":{"rendered":"<p><span class=\"unit-info\">5.9980 &euro; \/ 100 ml<\/span><\/p>","protected":false},"featured_media":188417,"comment_status":"open","ping_status":"closed","template":"","meta":[],"product_brand":[448],"product_cat":[2261,1853,1764],"product_tag":[212,211,165],"woo-feed-brand":[],"class_list":{"0":"post-188419","1":"product","2":"type-product","3":"status-publish","4":"has-post-thumbnail","6":"product_brand-brandp_802","7":"product_cat-bouteilles-et-gourdes","8":"product_cat-camping-et-montagne","9":"product_cat-sports-loisirs","10":"product_tag-tag_71","11":"product_tag-tag_3","12":"product_tag-tag_69","14":"first","15":"instock","16":"taxable","17":"shipping-taxable","18":"purchasable","19":"product-type-simple"},"yoast_head":"<!-- This site is optimized with the Yoast SEO plugin v27.6 - https:\/\/yoast.com\/product\/yoast-seo-wordpress\/ -->\n<title>Bouteille d&#039;eau Real Madrid C.F. Premium 500 ml Noir | | Tupique<\/title>\n<meta name=\"description\" content=\"Envie d&#039;acheter Bouteille d&#039;eau Real Madrid C.F. Premium 500 ml Noir\u00a0? Achetez Bouteille d&#039;eau Real Madrid C.F. Premium 500 ml Noir maintenant avec Tupique en 3 versements sans int\u00e9r\u00eat.\" \/>\n<meta name=\"robots\" content=\"index, follow, max-snippet:-1, max-image-preview:large, max-video-preview:-1\" \/>\n<link rel=\"canonical\" href=\"https:\/\/tupique.com\/en\/product\/bouteille-deau-real-madrid-c-f-premium-500-ml-noir\/\" \/>\n<meta property=\"og:locale\" content=\"en_GB\" \/>\n<meta property=\"og:type\" content=\"article\" \/>\n<meta property=\"og:title\" content=\"Bouteille d&#039;eau Real Madrid C.F. Premium 500 ml Noir | | Tupique\" \/>\n<meta property=\"og:description\" content=\"Envie d&#039;acheter Bouteille d&#039;eau Real Madrid C.F. Premium 500 ml Noir\u00a0? Achetez Bouteille d&#039;eau Real Madrid C.F. Premium 500 ml Noir maintenant avec Tupique en 3 versements sans int\u00e9r\u00eat.\" \/>\n<meta property=\"og:url\" content=\"https:\/\/tupique.com\/en\/product\/bouteille-deau-real-madrid-c-f-premium-500-ml-noir\/\" \/>\n<meta property=\"og:site_name\" content=\"Tupique\" \/>\n<meta property=\"og:image\" content=\"https:\/\/tupique.com\/wp-content\/uploads\/2026\/05\/8412688536733_S4309023_P01.jpg\" \/>\n\t<meta property=\"og:image:width\" content=\"1200\" \/>\n\t<meta property=\"og:image:height\" content=\"1200\" \/>\n\t<meta property=\"og:image:type\" content=\"image\/jpeg\" \/>\n<meta name=\"twitter:card\" content=\"summary_large_image\" \/>\n<meta name=\"twitter:label1\" content=\"Est. reading time\" \/>\n\t<meta name=\"twitter:data1\" content=\"1 minute\" \/>\n<script type=\"application\/ld+json\" class=\"yoast-schema-graph\">{\"@context\":\"https:\\\/\\\/schema.org\",\"@graph\":[{\"@type\":\"WebPage\",\"@id\":\"https:\\\/\\\/tupique.com\\\/pt\\\/product\\\/bouteille-deau-real-madrid-c-f-premium-500-ml-noir\\\/\",\"url\":\"https:\\\/\\\/tupique.com\\\/pt\\\/product\\\/bouteille-deau-real-madrid-c-f-premium-500-ml-noir\\\/\",\"name\":\"Bouteille d'eau Real Madrid C.F. Premium 500 ml Noir | | Tupique\",\"isPartOf\":{\"@id\":\"https:\\\/\\\/tupique.com\\\/#website\"},\"primaryImageOfPage\":{\"@id\":\"https:\\\/\\\/tupique.com\\\/pt\\\/product\\\/bouteille-deau-real-madrid-c-f-premium-500-ml-noir\\\/#primaryimage\"},\"image\":{\"@id\":\"https:\\\/\\\/tupique.com\\\/pt\\\/product\\\/bouteille-deau-real-madrid-c-f-premium-500-ml-noir\\\/#primaryimage\"},\"thumbnailUrl\":\"https:\\\/\\\/tupique.com\\\/wp-content\\\/uploads\\\/2026\\\/05\\\/8412688536733_S4309023_P01.jpg\",\"datePublished\":\"2026-05-11T19:53:30+00:00\",\"description\":\"Envie d'acheter Bouteille d'eau Real Madrid C.F. Premium 500 ml Noir\u00a0? Achetez Bouteille d'eau Real Madrid C.F. Premium 500 ml Noir maintenant avec Tupique en 3 versements sans int\u00e9r\u00eat.\",\"breadcrumb\":{\"@id\":\"https:\\\/\\\/tupique.com\\\/pt\\\/product\\\/bouteille-deau-real-madrid-c-f-premium-500-ml-noir\\\/#breadcrumb\"},\"inLanguage\":\"en-GB\",\"potentialAction\":[{\"@type\":\"ReadAction\",\"target\":[\"https:\\\/\\\/tupique.com\\\/pt\\\/product\\\/bouteille-deau-real-madrid-c-f-premium-500-ml-noir\\\/\"]}]},{\"@type\":\"ImageObject\",\"inLanguage\":\"en-GB\",\"@id\":\"https:\\\/\\\/tupique.com\\\/pt\\\/product\\\/bouteille-deau-real-madrid-c-f-premium-500-ml-noir\\\/#primaryimage\",\"url\":\"https:\\\/\\\/tupique.com\\\/wp-content\\\/uploads\\\/2026\\\/05\\\/8412688536733_S4309023_P01.jpg\",\"contentUrl\":\"https:\\\/\\\/tupique.com\\\/wp-content\\\/uploads\\\/2026\\\/05\\\/8412688536733_S4309023_P01.jpg\",\"width\":1200,\"height\":1200,\"caption\":\"S4309023_0\"},{\"@type\":\"BreadcrumbList\",\"@id\":\"https:\\\/\\\/tupique.com\\\/pt\\\/product\\\/bouteille-deau-real-madrid-c-f-premium-500-ml-noir\\\/#breadcrumb\",\"itemListElement\":[{\"@type\":\"ListItem\",\"position\":1,\"name\":\"commencer\",\"item\":\"https:\\\/\\\/tupique.com\\\/\"},{\"@type\":\"ListItem\",\"position\":2,\"name\":\"Loja\",\"item\":\"https:\\\/\\\/tupique.com\\\/pt\\\/loja\\\/\"},{\"@type\":\"ListItem\",\"position\":3,\"name\":\"Bouteille d&#8217;eau Real Madrid C.F. Premium 500 ml Noir\"}]},{\"@type\":\"WebSite\",\"@id\":\"https:\\\/\\\/tupique.com\\\/#website\",\"url\":\"https:\\\/\\\/tupique.com\\\/\",\"name\":\"Tupique\",\"description\":\"\",\"publisher\":{\"@id\":\"https:\\\/\\\/tupique.com\\\/#organization\"},\"potentialAction\":[{\"@type\":\"SearchAction\",\"target\":{\"@type\":\"EntryPoint\",\"urlTemplate\":\"https:\\\/\\\/tupique.com\\\/?s={search_term_string}\"},\"query-input\":{\"@type\":\"PropertyValueSpecification\",\"valueRequired\":true,\"valueName\":\"search_term_string\"}}],\"inLanguage\":\"en-GB\"},{\"@type\":\"Organization\",\"@id\":\"https:\\\/\\\/tupique.com\\\/#organization\",\"name\":\"Tupique\",\"url\":\"https:\\\/\\\/tupique.com\\\/\",\"logo\":{\"@type\":\"ImageObject\",\"inLanguage\":\"en-GB\",\"@id\":\"https:\\\/\\\/tupique.com\\\/#\\\/schema\\\/logo\\\/image\\\/\",\"url\":\"https:\\\/\\\/tupique.com\\\/wp-content\\\/uploads\\\/2026\\\/03\\\/logo-tupique-1.webp\",\"contentUrl\":\"https:\\\/\\\/tupique.com\\\/wp-content\\\/uploads\\\/2026\\\/03\\\/logo-tupique-1.webp\",\"width\":500,\"height\":67,\"caption\":\"Tupique\"},\"image\":{\"@id\":\"https:\\\/\\\/tupique.com\\\/#\\\/schema\\\/logo\\\/image\\\/\"}}]}<\/script>\n<!-- \/ Yoast SEO plugin. -->","yoast_head_json":{"title":"Bouteille d'eau Real Madrid C.F. Premium 500 ml Noir | | Tupique","description":"Envie d'acheter Bouteille d'eau Real Madrid C.F. Premium 500 ml Noir\u00a0? Achetez Bouteille d'eau Real Madrid C.F. Premium 500 ml Noir maintenant avec Tupique en 3 versements sans int\u00e9r\u00eat.","robots":{"index":"index","follow":"follow","max-snippet":"max-snippet:-1","max-image-preview":"max-image-preview:large","max-video-preview":"max-video-preview:-1"},"canonical":"https:\/\/tupique.com\/en\/product\/bouteille-deau-real-madrid-c-f-premium-500-ml-noir\/","og_locale":"en_GB","og_type":"article","og_title":"Bouteille d'eau Real Madrid C.F. Premium 500 ml Noir | | Tupique","og_description":"Envie d'acheter Bouteille d'eau Real Madrid C.F. Premium 500 ml Noir\u00a0? Achetez Bouteille d'eau Real Madrid C.F. Premium 500 ml Noir maintenant avec Tupique en 3 versements sans int\u00e9r\u00eat.","og_url":"https:\/\/tupique.com\/en\/product\/bouteille-deau-real-madrid-c-f-premium-500-ml-noir\/","og_site_name":"Tupique","og_image":[{"width":1200,"height":1200,"url":"https:\/\/tupique.com\/wp-content\/uploads\/2026\/05\/8412688536733_S4309023_P01.jpg","type":"image\/jpeg"}],"twitter_card":"summary_large_image","twitter_misc":{"Est. reading time":"1 minute"},"schema":{"@context":"https:\/\/schema.org","@graph":[{"@type":"WebPage","@id":"https:\/\/tupique.com\/pt\/product\/bouteille-deau-real-madrid-c-f-premium-500-ml-noir\/","url":"https:\/\/tupique.com\/pt\/product\/bouteille-deau-real-madrid-c-f-premium-500-ml-noir\/","name":"Bouteille d'eau Real Madrid C.F. Premium 500 ml Noir | | Tupique","isPartOf":{"@id":"https:\/\/tupique.com\/#website"},"primaryImageOfPage":{"@id":"https:\/\/tupique.com\/pt\/product\/bouteille-deau-real-madrid-c-f-premium-500-ml-noir\/#primaryimage"},"image":{"@id":"https:\/\/tupique.com\/pt\/product\/bouteille-deau-real-madrid-c-f-premium-500-ml-noir\/#primaryimage"},"thumbnailUrl":"https:\/\/tupique.com\/wp-content\/uploads\/2026\/05\/8412688536733_S4309023_P01.jpg","datePublished":"2026-05-11T19:53:30+00:00","description":"Envie d'acheter Bouteille d'eau Real Madrid C.F. Premium 500 ml Noir\u00a0? Achetez Bouteille d'eau Real Madrid C.F. Premium 500 ml Noir maintenant avec Tupique en 3 versements sans int\u00e9r\u00eat.","breadcrumb":{"@id":"https:\/\/tupique.com\/pt\/product\/bouteille-deau-real-madrid-c-f-premium-500-ml-noir\/#breadcrumb"},"inLanguage":"en-GB","potentialAction":[{"@type":"ReadAction","target":["https:\/\/tupique.com\/pt\/product\/bouteille-deau-real-madrid-c-f-premium-500-ml-noir\/"]}]},{"@type":"ImageObject","inLanguage":"en-GB","@id":"https:\/\/tupique.com\/pt\/product\/bouteille-deau-real-madrid-c-f-premium-500-ml-noir\/#primaryimage","url":"https:\/\/tupique.com\/wp-content\/uploads\/2026\/05\/8412688536733_S4309023_P01.jpg","contentUrl":"https:\/\/tupique.com\/wp-content\/uploads\/2026\/05\/8412688536733_S4309023_P01.jpg","width":1200,"height":1200,"caption":"S4309023_0"},{"@type":"BreadcrumbList","@id":"https:\/\/tupique.com\/pt\/product\/bouteille-deau-real-madrid-c-f-premium-500-ml-noir\/#breadcrumb","itemListElement":[{"@type":"ListItem","position":1,"name":"commencer","item":"https:\/\/tupique.com\/"},{"@type":"ListItem","position":2,"name":"Loja","item":"https:\/\/tupique.com\/pt\/loja\/"},{"@type":"ListItem","position":3,"name":"Bouteille d&#8217;eau Real Madrid C.F. Premium 500 ml Noir"}]},{"@type":"WebSite","@id":"https:\/\/tupique.com\/#website","url":"https:\/\/tupique.com\/","name":"Tupique","description":"","publisher":{"@id":"https:\/\/tupique.com\/#organization"},"potentialAction":[{"@type":"SearchAction","target":{"@type":"EntryPoint","urlTemplate":"https:\/\/tupique.com\/?s={search_term_string}"},"query-input":{"@type":"PropertyValueSpecification","valueRequired":true,"valueName":"search_term_string"}}],"inLanguage":"en-GB"},{"@type":"Organization","@id":"https:\/\/tupique.com\/#organization","name":"Tupique","url":"https:\/\/tupique.com\/","logo":{"@type":"ImageObject","inLanguage":"en-GB","@id":"https:\/\/tupique.com\/#\/schema\/logo\/image\/","url":"https:\/\/tupique.com\/wp-content\/uploads\/2026\/03\/logo-tupique-1.webp","contentUrl":"https:\/\/tupique.com\/wp-content\/uploads\/2026\/03\/logo-tupique-1.webp","width":500,"height":67,"caption":"Tupique"},"image":{"@id":"https:\/\/tupique.com\/#\/schema\/logo\/image\/"}}]}},"_links":{"self":[{"href":"https:\/\/tupique.com\/en\/wp-json\/wp\/v2\/product\/188419","targetHints":{"allow":["GET"]}}],"collection":[{"href":"https:\/\/tupique.com\/en\/wp-json\/wp\/v2\/product"}],"about":[{"href":"https:\/\/tupique.com\/en\/wp-json\/wp\/v2\/types\/product"}],"replies":[{"embeddable":true,"href":"https:\/\/tupique.com\/en\/wp-json\/wp\/v2\/comments?post=188419"}],"wp:featuredmedia":[{"embeddable":true,"href":"https:\/\/tupique.com\/en\/wp-json\/wp\/v2\/media\/188417"}],"wp:attachment":[{"href":"https:\/\/tupique.com\/en\/wp-json\/wp\/v2\/media?parent=188419"}],"wp:term":[{"taxonomy":"product_brand","embeddable":true,"href":"https:\/\/tupique.com\/en\/wp-json\/wp\/v2\/product_brand?post=188419"},{"taxonomy":"product_cat","embeddable":true,"href":"https:\/\/tupique.com\/en\/wp-json\/wp\/v2\/product_cat?post=188419"},{"taxonomy":"product_tag","embeddable":true,"href":"https:\/\/tupique.com\/en\/wp-json\/wp\/v2\/product_tag?post=188419"},{"taxonomy":"woo-feed-brand","embeddable":true,"href":"https:\/\/tupique.com\/en\/wp-json\/wp\/v2\/woo-feed-brand?post=188419"}],"curies":[{"name":"wp","href":"https:\/\/api.w.org\/{rel}","templated":true}]}}