{"id":188536,"date":"2026-05-11T22:09:05","date_gmt":"2026-05-11T20:09:05","guid":{"rendered":"https:\/\/tupique.com\/product\/pierres-decoratives-gift-decor-transparent-150-g-diamant-16-unites\/"},"modified":"2026-05-11T22:09:05","modified_gmt":"2026-05-11T20:09:05","slug":"pierres-decoratives-gift-decor-transparent-150-g-diamant-16-unites","status":"publish","type":"product","link":"https:\/\/tupique.com\/en\/product\/pierres-decoratives-gift-decor-transparent-150-g-diamant-16-unites\/","title":{"rendered":"Pierres D\u00e9coratives Gift Decor Transparent 150 g Diamant (16 Unit\u00e9s)"},"content":{"rendered":"<p>Vous voulez donner une touche d&#8217;originalit\u00e9 \u00e0 votre maison ? Vous y arriverez gr\u00e2ce au <b>Pierres D\u00e9coratives Gift Decor Transparent 150 g Diamant (16 Unit\u00e9s)<\/b>.<\/p>\n<p>Les <b>pierres d\u00e9coratives<\/b> de Gift Decor offrent une solution polyvalente et esth\u00e9tique pour embellir une grande vari\u00e9t\u00e9 d\u2019espaces, des centres de table aux vases et aquariums. Cet ensemble comprend <b>16 pi\u00e8ces<\/b> en forme de diamant, fabriqu\u00e9es en <b>plastique transparent<\/b>, leur donnant un aspect cristallin et brillant, id\u00e9al pour apporter une touche sophistiqu\u00e9e \u00e0 la d\u00e9coration sans ajouter de poids excessif. Avec des dimensions d\u2019environ <b>6,5 x 8 x 6,5 cm<\/b> par pi\u00e8ce et un poids total de <b>150 grammes<\/b>, ces pierres conviennent aussi bien aux d\u00e9corations permanentes que temporaires, tout en conservant leur apparence impeccable gr\u00e2ce \u00e0 la r\u00e9sistance du plastique. Originaires de <b>Chine<\/b>, elles sont parfaites pour cr\u00e9er des compositions cr\u00e9atives lors d\u2019\u00e9v\u00e9nements, de mariages ou de d\u00e9corations \u00e0 th\u00e8me, et leur teinte transparente permet de les associer facilement \u00e0 toute palette de couleurs ou style d\u00e9coratif. Au final, ces pierres d\u00e9coratives en forme de diamant de Gift Decor constituent une option pratique et \u00e9l\u00e9gante pour ceux qui souhaitent sublimer la pr\u00e9sentation visuelle des espaces et des d\u00e9tails \u00e0 la maison ou lors de c\u00e9l\u00e9brations.<\/p>\n<ul>\n<li>Design: Diamant<\/li>\n<li>Capacit\u00e9: 150 g<\/li>\n<li>Type: Pierres D\u00e9coratives<\/li>\n<li>Couleur: Transparent<\/li>\n<li>Mati\u00e8re: Plastique<\/li>\n<li>Unit\u00e9s: 16 Unit\u00e9s<\/li>\n<\/ul>","protected":false},"excerpt":{"rendered":"<p><span class=\"unit-info\">1.4369 &euro; \/ 1 unit<\/span><\/p>","protected":false},"featured_media":188532,"comment_status":"open","ping_status":"closed","template":"","meta":[],"product_brand":[1923],"product_cat":[767,759,239],"product_tag":[211],"woo-feed-brand":[],"class_list":{"0":"post-188536","1":"product","2":"type-product","3":"status-publish","4":"has-post-thumbnail","6":"product_brand-brandp_3024","7":"product_cat-eclairage-et-decoration-d-exterieur","8":"product_cat-jardin-et-terrasse","9":"product_cat-maison-jardin","10":"product_tag-tag_3","12":"first","13":"instock","14":"taxable","15":"shipping-taxable","16":"purchasable","17":"product-type-simple"},"yoast_head":"<!-- This site is optimized with the Yoast SEO plugin v27.6 - https:\/\/yoast.com\/product\/yoast-seo-wordpress\/ -->\n<title>Pierres D\u00e9coratives Gift Decor Transparent 150 g Diamant (16 Unit\u00e9s) | | Tupique<\/title>\n<meta name=\"description\" content=\"Envie d&#039;acheter Pierres D\u00e9coratives Gift Decor Transparent 150 g Diamant (16 Unit\u00e9s)\u00a0? Achetez Pierres D\u00e9coratives Gift Decor Transparent 150 g Diamant (16 Unit\u00e9s) maintenant avec Tupique en 3 versements sans int\u00e9r\u00eat.\" \/>\n<meta name=\"robots\" content=\"index, follow, max-snippet:-1, max-image-preview:large, max-video-preview:-1\" \/>\n<link rel=\"canonical\" href=\"https:\/\/tupique.com\/en\/product\/pierres-decoratives-gift-decor-transparent-150-g-diamant-16-unites\/\" \/>\n<meta property=\"og:locale\" content=\"en_GB\" \/>\n<meta property=\"og:type\" content=\"article\" \/>\n<meta property=\"og:title\" content=\"Pierres D\u00e9coratives Gift Decor Transparent 150 g Diamant (16 Unit\u00e9s) | | Tupique\" \/>\n<meta property=\"og:description\" content=\"Envie d&#039;acheter Pierres D\u00e9coratives Gift Decor Transparent 150 g Diamant (16 Unit\u00e9s)\u00a0? Achetez Pierres D\u00e9coratives Gift Decor Transparent 150 g Diamant (16 Unit\u00e9s) maintenant avec Tupique en 3 versements sans int\u00e9r\u00eat.\" \/>\n<meta property=\"og:url\" content=\"https:\/\/tupique.com\/en\/product\/pierres-decoratives-gift-decor-transparent-150-g-diamant-16-unites\/\" \/>\n<meta property=\"og:site_name\" content=\"Tupique\" \/>\n<meta property=\"og:image\" content=\"https:\/\/tupique.com\/wp-content\/uploads\/2026\/05\/S3628314_P0_icon1.jpg\" \/>\n\t<meta property=\"og:image:width\" content=\"1200\" \/>\n\t<meta property=\"og:image:height\" content=\"1200\" \/>\n\t<meta property=\"og:image:type\" content=\"image\/jpeg\" \/>\n<meta name=\"twitter:card\" content=\"summary_large_image\" \/>\n<meta name=\"twitter:label1\" content=\"Est. reading time\" \/>\n\t<meta name=\"twitter:data1\" content=\"1 minute\" \/>\n<script type=\"application\/ld+json\" class=\"yoast-schema-graph\">{\"@context\":\"https:\\\/\\\/schema.org\",\"@graph\":[{\"@type\":\"WebPage\",\"@id\":\"https:\\\/\\\/tupique.com\\\/pt\\\/product\\\/pierres-decoratives-gift-decor-transparent-150-g-diamant-16-unites\\\/\",\"url\":\"https:\\\/\\\/tupique.com\\\/pt\\\/product\\\/pierres-decoratives-gift-decor-transparent-150-g-diamant-16-unites\\\/\",\"name\":\"Pierres D\u00e9coratives Gift Decor Transparent 150 g Diamant (16 Unit\u00e9s) | | Tupique\",\"isPartOf\":{\"@id\":\"https:\\\/\\\/tupique.com\\\/#website\"},\"primaryImageOfPage\":{\"@id\":\"https:\\\/\\\/tupique.com\\\/pt\\\/product\\\/pierres-decoratives-gift-decor-transparent-150-g-diamant-16-unites\\\/#primaryimage\"},\"image\":{\"@id\":\"https:\\\/\\\/tupique.com\\\/pt\\\/product\\\/pierres-decoratives-gift-decor-transparent-150-g-diamant-16-unites\\\/#primaryimage\"},\"thumbnailUrl\":\"https:\\\/\\\/tupique.com\\\/wp-content\\\/uploads\\\/2026\\\/05\\\/S3628314_P0_icon1.jpg\",\"datePublished\":\"2026-05-11T20:09:05+00:00\",\"description\":\"Envie d'acheter Pierres D\u00e9coratives Gift Decor Transparent 150 g Diamant (16 Unit\u00e9s)\u00a0? Achetez Pierres D\u00e9coratives Gift Decor Transparent 150 g Diamant (16 Unit\u00e9s) maintenant avec Tupique en 3 versements sans int\u00e9r\u00eat.\",\"breadcrumb\":{\"@id\":\"https:\\\/\\\/tupique.com\\\/pt\\\/product\\\/pierres-decoratives-gift-decor-transparent-150-g-diamant-16-unites\\\/#breadcrumb\"},\"inLanguage\":\"en-GB\",\"potentialAction\":[{\"@type\":\"ReadAction\",\"target\":[\"https:\\\/\\\/tupique.com\\\/pt\\\/product\\\/pierres-decoratives-gift-decor-transparent-150-g-diamant-16-unites\\\/\"]}]},{\"@type\":\"ImageObject\",\"inLanguage\":\"en-GB\",\"@id\":\"https:\\\/\\\/tupique.com\\\/pt\\\/product\\\/pierres-decoratives-gift-decor-transparent-150-g-diamant-16-unites\\\/#primaryimage\",\"url\":\"https:\\\/\\\/tupique.com\\\/wp-content\\\/uploads\\\/2026\\\/05\\\/S3628314_P0_icon1.jpg\",\"contentUrl\":\"https:\\\/\\\/tupique.com\\\/wp-content\\\/uploads\\\/2026\\\/05\\\/S3628314_P0_icon1.jpg\",\"width\":1200,\"height\":1200,\"caption\":\"S3628314_0\"},{\"@type\":\"BreadcrumbList\",\"@id\":\"https:\\\/\\\/tupique.com\\\/pt\\\/product\\\/pierres-decoratives-gift-decor-transparent-150-g-diamant-16-unites\\\/#breadcrumb\",\"itemListElement\":[{\"@type\":\"ListItem\",\"position\":1,\"name\":\"commencer\",\"item\":\"https:\\\/\\\/tupique.com\\\/\"},{\"@type\":\"ListItem\",\"position\":2,\"name\":\"Loja\",\"item\":\"https:\\\/\\\/tupique.com\\\/pt\\\/loja\\\/\"},{\"@type\":\"ListItem\",\"position\":3,\"name\":\"Pierres D\u00e9coratives Gift Decor Transparent 150 g Diamant (16 Unit\u00e9s)\"}]},{\"@type\":\"WebSite\",\"@id\":\"https:\\\/\\\/tupique.com\\\/#website\",\"url\":\"https:\\\/\\\/tupique.com\\\/\",\"name\":\"Tupique\",\"description\":\"\",\"publisher\":{\"@id\":\"https:\\\/\\\/tupique.com\\\/#organization\"},\"potentialAction\":[{\"@type\":\"SearchAction\",\"target\":{\"@type\":\"EntryPoint\",\"urlTemplate\":\"https:\\\/\\\/tupique.com\\\/?s={search_term_string}\"},\"query-input\":{\"@type\":\"PropertyValueSpecification\",\"valueRequired\":true,\"valueName\":\"search_term_string\"}}],\"inLanguage\":\"en-GB\"},{\"@type\":\"Organization\",\"@id\":\"https:\\\/\\\/tupique.com\\\/#organization\",\"name\":\"Tupique\",\"url\":\"https:\\\/\\\/tupique.com\\\/\",\"logo\":{\"@type\":\"ImageObject\",\"inLanguage\":\"en-GB\",\"@id\":\"https:\\\/\\\/tupique.com\\\/#\\\/schema\\\/logo\\\/image\\\/\",\"url\":\"https:\\\/\\\/tupique.com\\\/wp-content\\\/uploads\\\/2026\\\/03\\\/logo-tupique-1.webp\",\"contentUrl\":\"https:\\\/\\\/tupique.com\\\/wp-content\\\/uploads\\\/2026\\\/03\\\/logo-tupique-1.webp\",\"width\":500,\"height\":67,\"caption\":\"Tupique\"},\"image\":{\"@id\":\"https:\\\/\\\/tupique.com\\\/#\\\/schema\\\/logo\\\/image\\\/\"}}]}<\/script>\n<!-- \/ Yoast SEO plugin. -->","yoast_head_json":{"title":"Pierres D\u00e9coratives Gift Decor Transparent 150 g Diamant (16 Unit\u00e9s) | | Tupique","description":"Envie d'acheter Pierres D\u00e9coratives Gift Decor Transparent 150 g Diamant (16 Unit\u00e9s)\u00a0? Achetez Pierres D\u00e9coratives Gift Decor Transparent 150 g Diamant (16 Unit\u00e9s) maintenant avec Tupique en 3 versements sans int\u00e9r\u00eat.","robots":{"index":"index","follow":"follow","max-snippet":"max-snippet:-1","max-image-preview":"max-image-preview:large","max-video-preview":"max-video-preview:-1"},"canonical":"https:\/\/tupique.com\/en\/product\/pierres-decoratives-gift-decor-transparent-150-g-diamant-16-unites\/","og_locale":"en_GB","og_type":"article","og_title":"Pierres D\u00e9coratives Gift Decor Transparent 150 g Diamant (16 Unit\u00e9s) | | Tupique","og_description":"Envie d'acheter Pierres D\u00e9coratives Gift Decor Transparent 150 g Diamant (16 Unit\u00e9s)\u00a0? Achetez Pierres D\u00e9coratives Gift Decor Transparent 150 g Diamant (16 Unit\u00e9s) maintenant avec Tupique en 3 versements sans int\u00e9r\u00eat.","og_url":"https:\/\/tupique.com\/en\/product\/pierres-decoratives-gift-decor-transparent-150-g-diamant-16-unites\/","og_site_name":"Tupique","og_image":[{"width":1200,"height":1200,"url":"https:\/\/tupique.com\/wp-content\/uploads\/2026\/05\/S3628314_P0_icon1.jpg","type":"image\/jpeg"}],"twitter_card":"summary_large_image","twitter_misc":{"Est. reading time":"1 minute"},"schema":{"@context":"https:\/\/schema.org","@graph":[{"@type":"WebPage","@id":"https:\/\/tupique.com\/pt\/product\/pierres-decoratives-gift-decor-transparent-150-g-diamant-16-unites\/","url":"https:\/\/tupique.com\/pt\/product\/pierres-decoratives-gift-decor-transparent-150-g-diamant-16-unites\/","name":"Pierres D\u00e9coratives Gift Decor Transparent 150 g Diamant (16 Unit\u00e9s) | | Tupique","isPartOf":{"@id":"https:\/\/tupique.com\/#website"},"primaryImageOfPage":{"@id":"https:\/\/tupique.com\/pt\/product\/pierres-decoratives-gift-decor-transparent-150-g-diamant-16-unites\/#primaryimage"},"image":{"@id":"https:\/\/tupique.com\/pt\/product\/pierres-decoratives-gift-decor-transparent-150-g-diamant-16-unites\/#primaryimage"},"thumbnailUrl":"https:\/\/tupique.com\/wp-content\/uploads\/2026\/05\/S3628314_P0_icon1.jpg","datePublished":"2026-05-11T20:09:05+00:00","description":"Envie d'acheter Pierres D\u00e9coratives Gift Decor Transparent 150 g Diamant (16 Unit\u00e9s)\u00a0? Achetez Pierres D\u00e9coratives Gift Decor Transparent 150 g Diamant (16 Unit\u00e9s) maintenant avec Tupique en 3 versements sans int\u00e9r\u00eat.","breadcrumb":{"@id":"https:\/\/tupique.com\/pt\/product\/pierres-decoratives-gift-decor-transparent-150-g-diamant-16-unites\/#breadcrumb"},"inLanguage":"en-GB","potentialAction":[{"@type":"ReadAction","target":["https:\/\/tupique.com\/pt\/product\/pierres-decoratives-gift-decor-transparent-150-g-diamant-16-unites\/"]}]},{"@type":"ImageObject","inLanguage":"en-GB","@id":"https:\/\/tupique.com\/pt\/product\/pierres-decoratives-gift-decor-transparent-150-g-diamant-16-unites\/#primaryimage","url":"https:\/\/tupique.com\/wp-content\/uploads\/2026\/05\/S3628314_P0_icon1.jpg","contentUrl":"https:\/\/tupique.com\/wp-content\/uploads\/2026\/05\/S3628314_P0_icon1.jpg","width":1200,"height":1200,"caption":"S3628314_0"},{"@type":"BreadcrumbList","@id":"https:\/\/tupique.com\/pt\/product\/pierres-decoratives-gift-decor-transparent-150-g-diamant-16-unites\/#breadcrumb","itemListElement":[{"@type":"ListItem","position":1,"name":"commencer","item":"https:\/\/tupique.com\/"},{"@type":"ListItem","position":2,"name":"Loja","item":"https:\/\/tupique.com\/pt\/loja\/"},{"@type":"ListItem","position":3,"name":"Pierres D\u00e9coratives Gift Decor Transparent 150 g Diamant (16 Unit\u00e9s)"}]},{"@type":"WebSite","@id":"https:\/\/tupique.com\/#website","url":"https:\/\/tupique.com\/","name":"Tupique","description":"","publisher":{"@id":"https:\/\/tupique.com\/#organization"},"potentialAction":[{"@type":"SearchAction","target":{"@type":"EntryPoint","urlTemplate":"https:\/\/tupique.com\/?s={search_term_string}"},"query-input":{"@type":"PropertyValueSpecification","valueRequired":true,"valueName":"search_term_string"}}],"inLanguage":"en-GB"},{"@type":"Organization","@id":"https:\/\/tupique.com\/#organization","name":"Tupique","url":"https:\/\/tupique.com\/","logo":{"@type":"ImageObject","inLanguage":"en-GB","@id":"https:\/\/tupique.com\/#\/schema\/logo\/image\/","url":"https:\/\/tupique.com\/wp-content\/uploads\/2026\/03\/logo-tupique-1.webp","contentUrl":"https:\/\/tupique.com\/wp-content\/uploads\/2026\/03\/logo-tupique-1.webp","width":500,"height":67,"caption":"Tupique"},"image":{"@id":"https:\/\/tupique.com\/#\/schema\/logo\/image\/"}}]}},"_links":{"self":[{"href":"https:\/\/tupique.com\/en\/wp-json\/wp\/v2\/product\/188536","targetHints":{"allow":["GET"]}}],"collection":[{"href":"https:\/\/tupique.com\/en\/wp-json\/wp\/v2\/product"}],"about":[{"href":"https:\/\/tupique.com\/en\/wp-json\/wp\/v2\/types\/product"}],"replies":[{"embeddable":true,"href":"https:\/\/tupique.com\/en\/wp-json\/wp\/v2\/comments?post=188536"}],"wp:featuredmedia":[{"embeddable":true,"href":"https:\/\/tupique.com\/en\/wp-json\/wp\/v2\/media\/188532"}],"wp:attachment":[{"href":"https:\/\/tupique.com\/en\/wp-json\/wp\/v2\/media?parent=188536"}],"wp:term":[{"taxonomy":"product_brand","embeddable":true,"href":"https:\/\/tupique.com\/en\/wp-json\/wp\/v2\/product_brand?post=188536"},{"taxonomy":"product_cat","embeddable":true,"href":"https:\/\/tupique.com\/en\/wp-json\/wp\/v2\/product_cat?post=188536"},{"taxonomy":"product_tag","embeddable":true,"href":"https:\/\/tupique.com\/en\/wp-json\/wp\/v2\/product_tag?post=188536"},{"taxonomy":"woo-feed-brand","embeddable":true,"href":"https:\/\/tupique.com\/en\/wp-json\/wp\/v2\/woo-feed-brand?post=188536"}],"curies":[{"name":"wp","href":"https:\/\/api.w.org\/{rel}","templated":true}]}}