{"id":188670,"date":"2026-05-11T22:13:48","date_gmt":"2026-05-11T20:13:48","guid":{"rendered":"https:\/\/tupique.com\/product\/cheminee-de-table-decorative-au-bioethanol-heatfir-innovagoods\/"},"modified":"2026-05-11T22:13:48","modified_gmt":"2026-05-11T20:13:48","slug":"cheminee-de-table-decorative-au-bioethanol-heatfir-innovagoods","status":"publish","type":"product","link":"https:\/\/tupique.com\/en\/product\/cheminee-de-table-decorative-au-bioethanol-heatfir-innovagoods\/","title":{"rendered":"Chemin\u00e9e de Table D\u00e9corative au Bio\u00e9thanol Heatfir InnovaGoods"},"content":{"rendered":"<div class=\"col-md-6\"><b>InnovaGoods<\/b> vous offre les meilleures nouveaut\u00e9s pour la maison, comme <b>Chemin\u00e9e de Table D\u00e9corative au Bio\u00e9thanol Heatfir InnovaGoods <\/b> ! D\u00e9couvrez une vaste gamme de produits de qualit\u00e9 qui se d\u00e9marquent de par leur fonctionnalit\u00e9, leur efficacit\u00e9 et leur design innovant : \u00e9clairage, organisation, d\u00e9coration, climatisation, jardin, animaux domestiques, nettoyage, etc.<\/p>\n<p>Cette <b>chemin\u00e9e d\u00e9corative au bio\u00e9thanol&nbsp;<\/b>est parfaite pour cr\u00e9er une atmosph\u00e8re chaleureuse et agr\u00e9able \u00e0 l\u2019ext\u00e9rieur et dans les int\u00e9rieurs ventil\u00e9s. Son design \u00e9l\u00e9gant et sa combustion propre et sans fum\u00e9e la rendent id\u00e9ale pour la d\u00e9coration et l\u2019\u00e9clairage. Le bio\u00e9thanol n\u2019est pas inclus.<\/p>\n<p><b>Chemin\u00e9e de table&nbsp;<\/b>fabriqu\u00e9e avec des mat\u00e9riaux de qualit\u00e9 et comprenant un accessoire permettant d\u2019allumer et d\u2019\u00e9teindre la flamme de mani\u00e8re pratique et s\u00fbre. Capacit\u00e9 maximale du br\u00fbleur&nbsp;: 150&nbsp;ml.<\/p>\n<ul>\n<li><b>Chemin\u00e9e d\u00e9corative&nbsp;<\/b>: avec son design moderne et \u00e9l\u00e9gant, cette chemin\u00e9e de table cr\u00e9e une atmosph\u00e8re chaleureuse et accueillante, donnant une touche tr\u00e8s sp\u00e9ciale et sophistiqu\u00e9e \u00e0 la d\u00e9coration. De plus, elle est amovible, l\u00e9g\u00e8re et compacte, peu encombrante et facile \u00e0 emporter partout.<\/li>\n<li><b>Qualit\u00e9 et s\u00e9curit\u00e9&nbsp;<\/b>: sa base circulaire en fer est solide et stable. Son abat-jour en verre protecteur emp\u00eache la flamme de s\u2019\u00e9teindre et contient la flamme \u00e0 l\u2019int\u00e9rieur. Comprend des pierres d\u00e9coratives, 2 m\u00e8ches en fibre r\u00e9utilisables, un accessoire pour le br\u00fbleur (150&nbsp;ml max.), un accessoire pour allumer\/\u00e9teindre la flamme confortablement et en toute s\u00e9curit\u00e9, ainsi qu\u2019un mode d\u2019emploi et de montage.<\/li>\n<li><b>Multiusage, polyvalente&nbsp;<\/b>: cette mini chemin\u00e9e de table portable originale peut \u00eatre utilis\u00e9e dans une multitude de contextes et de situations particuli\u00e8res. Elle est id\u00e9ale comme \u00e9l\u00e9ment d\u00e9coratif et comme \u00e9clairage tamis\u00e9 pour les f\u00eates, les rendez-vous amoureux, les r\u00e9unions de famille et d\u2019amis, etc. Elle est \u00e9galement parfaite pour cr\u00e9er une atmosph\u00e8re de d\u00e9tente et de m\u00e9ditation.<\/li>\n<li><b>Convient pour l\u2019int\u00e9rieur et l\u2019ext\u00e9rieur&nbsp;<\/b>: notre chemin\u00e9e au bio\u00e9thanol convient \u00e0 tous les environnements, elle sera sensationnelle sur la table d\u2019une terrasse, d\u2019un jardin ou d\u2019un balcon, sur la table d\u2019un salon, d\u2019une cuisine, d\u2019une chambre \u00e0 coucher, etc. En int\u00e9rieur, une ventilation est recommand\u00e9e pendant l\u2019utilisation.<\/li>\n<li><b>Facile \u00e0 utiliser, id\u00e9ale pour offrir&nbsp;<\/b>: cette chemin\u00e9e fonctionne avec du bio\u00e9thanol (non fourni), ce qui permet d\u2019avoir une flamme homog\u00e8ne, propre et sans fum\u00e9e. La dur\u00e9e pour 100&nbsp;ml est d\u2019environ 60 minutes. Un cadeau parfait qui enchantera tout le monde.<\/li>\n<\/ul>\n<ul>\n<li>Mat\u00e9riel:\n<ul>\n<li>verre<\/li>\n<li>Fer<\/li>\n<li>polypropyl\u00e8ne<\/li>\n<\/ul>\n<\/li>\n<li>Couleur: Noir<\/li>\n<li>Type: Chemin\u00e9e de bio\u00e9thanol<\/li>\n<li>Design moderne: Style exclusif et \u00e9l\u00e9gant<\/li>\n<li>D\u00e9coratif: Id\u00e9al pour faire un cadeau<\/li>\n<li>Capacit\u00e9: 150 ml<\/li>\n<li>Dur\u00e9e: 100 ml \u2264 60 min<\/li>\n<li>Caract\u00e9ristiques: Sans fum\u00e9e<\/li>\n<li>Accessoire: Feu &#8211; on\/off<\/li>\n<li>M\u00e8che de bougie: x2 \/ R\u00e9utilisable<\/li>\n<li>Inclut: Pierres D\u00e9coratives<\/li>\n<li>Chemin\u00e9e de table: Originale et portative<\/li>\n<li>Utilisation \u00e0 l&#8217;int\u00e9rieur et \u00e0 l&#8217;ext\u00e9rieur: Plusieurs fonctionnalit\u00e9s et espaces<\/li>\n<li>Compact: Occupe peu d&#8217;espace<\/li>\n<li>D\u00e9montable: Facile \u00e0 monter et \u00e0 d\u00e9monter<\/li>\n<li>Dimensions approx.: \u00d816 x 26,5 cm<\/li>\n<\/ul>\n<p>Packaging et manuel en 24 langues: anglais, fran\u00e7ais, espagnol, allemand, italien, portugais, n\u00e9erlandais, polonais, hongrois, roumain, danois, su\u00e9dois, finnois, lituanien, norv\u00e9gien, slov\u00e8ne, grec, tch\u00e8que, bulgare, croate, slovaque, estonien, russe, letton.<\/p><\/div>\n<div class=\"col-md-6\">\n<div class=\"embed-responsive embed-responsive-16by9\"><iframe class=\"embed-responsive-item\" src=\"https:\/\/www.youtube.com\/embed\/sd9OwFY5W7E\" frameborder=\"0\" allowfullscreen><\/iframe><\/div>\n<\/div>","protected":false},"excerpt":{"rendered":"<p><span class=\"unit-info\">23.9933 &euro; \/ 100 ml<\/span><\/p>","protected":false},"featured_media":188657,"comment_status":"open","ping_status":"closed","template":"","meta":[],"product_brand":[256],"product_cat":[1699,732,1430,767,759,239,788],"product_tag":[101,208,211,210,1485],"woo-feed-brand":[],"class_list":{"0":"post-188670","1":"product","2":"type-product","3":"status-publish","4":"has-post-thumbnail","6":"product_brand-brandp_1281","7":"product_cat-autres-articles-de-decoration","8":"product_cat-climatisation-et-chauffage","9":"product_cat-decoration-et-eclairage","10":"product_cat-eclairage-et-decoration-d-exterieur","11":"product_cat-jardin-et-terrasse","12":"product_cat-maison-jardin","13":"product_cat-radiateurs-et-poeles","14":"product_tag-tag_599","15":"product_tag-tag_587","16":"product_tag-tag_3","17":"product_tag-tag_25","18":"product_tag-tag_1288","20":"first","21":"instock","22":"taxable","23":"shipping-taxable","24":"purchasable","25":"product-type-simple"},"yoast_head":"<!-- This site is optimized with the Yoast SEO plugin v27.6 - https:\/\/yoast.com\/product\/yoast-seo-wordpress\/ -->\n<title>Chemin\u00e9e de Table D\u00e9corative au Bio\u00e9thanol Heatfir InnovaGoods | | Tupique<\/title>\n<meta name=\"description\" content=\"Envie d&#039;acheter Chemin\u00e9e de Table D\u00e9corative au Bio\u00e9thanol Heatfir InnovaGoods\u00a0? Achetez Chemin\u00e9e de Table D\u00e9corative au Bio\u00e9thanol Heatfir InnovaGoods maintenant avec Tupique en 3 versements sans int\u00e9r\u00eat.\" \/>\n<meta name=\"robots\" content=\"index, follow, max-snippet:-1, max-image-preview:large, max-video-preview:-1\" \/>\n<link rel=\"canonical\" href=\"https:\/\/tupique.com\/en\/product\/cheminee-de-table-decorative-au-bioethanol-heatfir-innovagoods\/\" \/>\n<meta property=\"og:locale\" content=\"en_GB\" \/>\n<meta property=\"og:type\" content=\"article\" \/>\n<meta property=\"og:title\" content=\"Chemin\u00e9e de Table D\u00e9corative au Bio\u00e9thanol Heatfir InnovaGoods | | Tupique\" \/>\n<meta property=\"og:description\" content=\"Envie d&#039;acheter Chemin\u00e9e de Table D\u00e9corative au Bio\u00e9thanol Heatfir InnovaGoods\u00a0? Achetez Chemin\u00e9e de Table D\u00e9corative au Bio\u00e9thanol Heatfir InnovaGoods maintenant avec Tupique en 3 versements sans int\u00e9r\u00eat.\" \/>\n<meta property=\"og:url\" content=\"https:\/\/tupique.com\/en\/product\/cheminee-de-table-decorative-au-bioethanol-heatfir-innovagoods\/\" \/>\n<meta property=\"og:site_name\" content=\"Tupique\" \/>\n<meta property=\"og:image\" content=\"https:\/\/tupique.com\/wp-content\/uploads\/2026\/05\/8435527825614_V0103774_000_MKT2.jpg\" \/>\n\t<meta property=\"og:image:width\" content=\"1200\" \/>\n\t<meta property=\"og:image:height\" content=\"1200\" \/>\n\t<meta property=\"og:image:type\" content=\"image\/jpeg\" \/>\n<meta name=\"twitter:card\" content=\"summary_large_image\" \/>\n<meta name=\"twitter:label1\" content=\"Est. reading time\" \/>\n\t<meta name=\"twitter:data1\" content=\"3 minutes\" \/>\n<script type=\"application\/ld+json\" class=\"yoast-schema-graph\">{\"@context\":\"https:\\\/\\\/schema.org\",\"@graph\":[{\"@type\":\"WebPage\",\"@id\":\"https:\\\/\\\/tupique.com\\\/pt\\\/product\\\/cheminee-de-table-decorative-au-bioethanol-heatfir-innovagoods\\\/\",\"url\":\"https:\\\/\\\/tupique.com\\\/pt\\\/product\\\/cheminee-de-table-decorative-au-bioethanol-heatfir-innovagoods\\\/\",\"name\":\"Chemin\u00e9e de Table D\u00e9corative au Bio\u00e9thanol Heatfir InnovaGoods | | Tupique\",\"isPartOf\":{\"@id\":\"https:\\\/\\\/tupique.com\\\/#website\"},\"primaryImageOfPage\":{\"@id\":\"https:\\\/\\\/tupique.com\\\/pt\\\/product\\\/cheminee-de-table-decorative-au-bioethanol-heatfir-innovagoods\\\/#primaryimage\"},\"image\":{\"@id\":\"https:\\\/\\\/tupique.com\\\/pt\\\/product\\\/cheminee-de-table-decorative-au-bioethanol-heatfir-innovagoods\\\/#primaryimage\"},\"thumbnailUrl\":\"https:\\\/\\\/tupique.com\\\/wp-content\\\/uploads\\\/2026\\\/05\\\/8435527825614_V0103774_000_MKT2.jpg\",\"datePublished\":\"2026-05-11T20:13:48+00:00\",\"description\":\"Envie d'acheter Chemin\u00e9e de Table D\u00e9corative au Bio\u00e9thanol Heatfir InnovaGoods\u00a0? Achetez Chemin\u00e9e de Table D\u00e9corative au Bio\u00e9thanol Heatfir InnovaGoods maintenant avec Tupique en 3 versements sans int\u00e9r\u00eat.\",\"breadcrumb\":{\"@id\":\"https:\\\/\\\/tupique.com\\\/pt\\\/product\\\/cheminee-de-table-decorative-au-bioethanol-heatfir-innovagoods\\\/#breadcrumb\"},\"inLanguage\":\"en-GB\",\"potentialAction\":[{\"@type\":\"ReadAction\",\"target\":[\"https:\\\/\\\/tupique.com\\\/pt\\\/product\\\/cheminee-de-table-decorative-au-bioethanol-heatfir-innovagoods\\\/\"]}]},{\"@type\":\"ImageObject\",\"inLanguage\":\"en-GB\",\"@id\":\"https:\\\/\\\/tupique.com\\\/pt\\\/product\\\/cheminee-de-table-decorative-au-bioethanol-heatfir-innovagoods\\\/#primaryimage\",\"url\":\"https:\\\/\\\/tupique.com\\\/wp-content\\\/uploads\\\/2026\\\/05\\\/8435527825614_V0103774_000_MKT2.jpg\",\"contentUrl\":\"https:\\\/\\\/tupique.com\\\/wp-content\\\/uploads\\\/2026\\\/05\\\/8435527825614_V0103774_000_MKT2.jpg\",\"width\":1200,\"height\":1200,\"caption\":\"V0103774_0\"},{\"@type\":\"BreadcrumbList\",\"@id\":\"https:\\\/\\\/tupique.com\\\/pt\\\/product\\\/cheminee-de-table-decorative-au-bioethanol-heatfir-innovagoods\\\/#breadcrumb\",\"itemListElement\":[{\"@type\":\"ListItem\",\"position\":1,\"name\":\"commencer\",\"item\":\"https:\\\/\\\/tupique.com\\\/\"},{\"@type\":\"ListItem\",\"position\":2,\"name\":\"Loja\",\"item\":\"https:\\\/\\\/tupique.com\\\/pt\\\/loja\\\/\"},{\"@type\":\"ListItem\",\"position\":3,\"name\":\"Chemin\u00e9e de Table D\u00e9corative au Bio\u00e9thanol Heatfir InnovaGoods\"}]},{\"@type\":\"WebSite\",\"@id\":\"https:\\\/\\\/tupique.com\\\/#website\",\"url\":\"https:\\\/\\\/tupique.com\\\/\",\"name\":\"Tupique\",\"description\":\"\",\"publisher\":{\"@id\":\"https:\\\/\\\/tupique.com\\\/#organization\"},\"potentialAction\":[{\"@type\":\"SearchAction\",\"target\":{\"@type\":\"EntryPoint\",\"urlTemplate\":\"https:\\\/\\\/tupique.com\\\/?s={search_term_string}\"},\"query-input\":{\"@type\":\"PropertyValueSpecification\",\"valueRequired\":true,\"valueName\":\"search_term_string\"}}],\"inLanguage\":\"en-GB\"},{\"@type\":\"Organization\",\"@id\":\"https:\\\/\\\/tupique.com\\\/#organization\",\"name\":\"Tupique\",\"url\":\"https:\\\/\\\/tupique.com\\\/\",\"logo\":{\"@type\":\"ImageObject\",\"inLanguage\":\"en-GB\",\"@id\":\"https:\\\/\\\/tupique.com\\\/#\\\/schema\\\/logo\\\/image\\\/\",\"url\":\"https:\\\/\\\/tupique.com\\\/wp-content\\\/uploads\\\/2026\\\/03\\\/logo-tupique-1.webp\",\"contentUrl\":\"https:\\\/\\\/tupique.com\\\/wp-content\\\/uploads\\\/2026\\\/03\\\/logo-tupique-1.webp\",\"width\":500,\"height\":67,\"caption\":\"Tupique\"},\"image\":{\"@id\":\"https:\\\/\\\/tupique.com\\\/#\\\/schema\\\/logo\\\/image\\\/\"}}]}<\/script>\n<!-- \/ Yoast SEO plugin. -->","yoast_head_json":{"title":"Chemin\u00e9e de Table D\u00e9corative au Bio\u00e9thanol Heatfir InnovaGoods | | Tupique","description":"Envie d'acheter Chemin\u00e9e de Table D\u00e9corative au Bio\u00e9thanol Heatfir InnovaGoods\u00a0? Achetez Chemin\u00e9e de Table D\u00e9corative au Bio\u00e9thanol Heatfir InnovaGoods maintenant avec Tupique en 3 versements sans int\u00e9r\u00eat.","robots":{"index":"index","follow":"follow","max-snippet":"max-snippet:-1","max-image-preview":"max-image-preview:large","max-video-preview":"max-video-preview:-1"},"canonical":"https:\/\/tupique.com\/en\/product\/cheminee-de-table-decorative-au-bioethanol-heatfir-innovagoods\/","og_locale":"en_GB","og_type":"article","og_title":"Chemin\u00e9e de Table D\u00e9corative au Bio\u00e9thanol Heatfir InnovaGoods | | Tupique","og_description":"Envie d'acheter Chemin\u00e9e de Table D\u00e9corative au Bio\u00e9thanol Heatfir InnovaGoods\u00a0? Achetez Chemin\u00e9e de Table D\u00e9corative au Bio\u00e9thanol Heatfir InnovaGoods maintenant avec Tupique en 3 versements sans int\u00e9r\u00eat.","og_url":"https:\/\/tupique.com\/en\/product\/cheminee-de-table-decorative-au-bioethanol-heatfir-innovagoods\/","og_site_name":"Tupique","og_image":[{"width":1200,"height":1200,"url":"https:\/\/tupique.com\/wp-content\/uploads\/2026\/05\/8435527825614_V0103774_000_MKT2.jpg","type":"image\/jpeg"}],"twitter_card":"summary_large_image","twitter_misc":{"Est. reading time":"3 minutes"},"schema":{"@context":"https:\/\/schema.org","@graph":[{"@type":"WebPage","@id":"https:\/\/tupique.com\/pt\/product\/cheminee-de-table-decorative-au-bioethanol-heatfir-innovagoods\/","url":"https:\/\/tupique.com\/pt\/product\/cheminee-de-table-decorative-au-bioethanol-heatfir-innovagoods\/","name":"Chemin\u00e9e de Table D\u00e9corative au Bio\u00e9thanol Heatfir InnovaGoods | | Tupique","isPartOf":{"@id":"https:\/\/tupique.com\/#website"},"primaryImageOfPage":{"@id":"https:\/\/tupique.com\/pt\/product\/cheminee-de-table-decorative-au-bioethanol-heatfir-innovagoods\/#primaryimage"},"image":{"@id":"https:\/\/tupique.com\/pt\/product\/cheminee-de-table-decorative-au-bioethanol-heatfir-innovagoods\/#primaryimage"},"thumbnailUrl":"https:\/\/tupique.com\/wp-content\/uploads\/2026\/05\/8435527825614_V0103774_000_MKT2.jpg","datePublished":"2026-05-11T20:13:48+00:00","description":"Envie d'acheter Chemin\u00e9e de Table D\u00e9corative au Bio\u00e9thanol Heatfir InnovaGoods\u00a0? Achetez Chemin\u00e9e de Table D\u00e9corative au Bio\u00e9thanol Heatfir InnovaGoods maintenant avec Tupique en 3 versements sans int\u00e9r\u00eat.","breadcrumb":{"@id":"https:\/\/tupique.com\/pt\/product\/cheminee-de-table-decorative-au-bioethanol-heatfir-innovagoods\/#breadcrumb"},"inLanguage":"en-GB","potentialAction":[{"@type":"ReadAction","target":["https:\/\/tupique.com\/pt\/product\/cheminee-de-table-decorative-au-bioethanol-heatfir-innovagoods\/"]}]},{"@type":"ImageObject","inLanguage":"en-GB","@id":"https:\/\/tupique.com\/pt\/product\/cheminee-de-table-decorative-au-bioethanol-heatfir-innovagoods\/#primaryimage","url":"https:\/\/tupique.com\/wp-content\/uploads\/2026\/05\/8435527825614_V0103774_000_MKT2.jpg","contentUrl":"https:\/\/tupique.com\/wp-content\/uploads\/2026\/05\/8435527825614_V0103774_000_MKT2.jpg","width":1200,"height":1200,"caption":"V0103774_0"},{"@type":"BreadcrumbList","@id":"https:\/\/tupique.com\/pt\/product\/cheminee-de-table-decorative-au-bioethanol-heatfir-innovagoods\/#breadcrumb","itemListElement":[{"@type":"ListItem","position":1,"name":"commencer","item":"https:\/\/tupique.com\/"},{"@type":"ListItem","position":2,"name":"Loja","item":"https:\/\/tupique.com\/pt\/loja\/"},{"@type":"ListItem","position":3,"name":"Chemin\u00e9e de Table D\u00e9corative au Bio\u00e9thanol Heatfir InnovaGoods"}]},{"@type":"WebSite","@id":"https:\/\/tupique.com\/#website","url":"https:\/\/tupique.com\/","name":"Tupique","description":"","publisher":{"@id":"https:\/\/tupique.com\/#organization"},"potentialAction":[{"@type":"SearchAction","target":{"@type":"EntryPoint","urlTemplate":"https:\/\/tupique.com\/?s={search_term_string}"},"query-input":{"@type":"PropertyValueSpecification","valueRequired":true,"valueName":"search_term_string"}}],"inLanguage":"en-GB"},{"@type":"Organization","@id":"https:\/\/tupique.com\/#organization","name":"Tupique","url":"https:\/\/tupique.com\/","logo":{"@type":"ImageObject","inLanguage":"en-GB","@id":"https:\/\/tupique.com\/#\/schema\/logo\/image\/","url":"https:\/\/tupique.com\/wp-content\/uploads\/2026\/03\/logo-tupique-1.webp","contentUrl":"https:\/\/tupique.com\/wp-content\/uploads\/2026\/03\/logo-tupique-1.webp","width":500,"height":67,"caption":"Tupique"},"image":{"@id":"https:\/\/tupique.com\/#\/schema\/logo\/image\/"}}]}},"_links":{"self":[{"href":"https:\/\/tupique.com\/en\/wp-json\/wp\/v2\/product\/188670","targetHints":{"allow":["GET"]}}],"collection":[{"href":"https:\/\/tupique.com\/en\/wp-json\/wp\/v2\/product"}],"about":[{"href":"https:\/\/tupique.com\/en\/wp-json\/wp\/v2\/types\/product"}],"replies":[{"embeddable":true,"href":"https:\/\/tupique.com\/en\/wp-json\/wp\/v2\/comments?post=188670"}],"wp:featuredmedia":[{"embeddable":true,"href":"https:\/\/tupique.com\/en\/wp-json\/wp\/v2\/media\/188657"}],"wp:attachment":[{"href":"https:\/\/tupique.com\/en\/wp-json\/wp\/v2\/media?parent=188670"}],"wp:term":[{"taxonomy":"product_brand","embeddable":true,"href":"https:\/\/tupique.com\/en\/wp-json\/wp\/v2\/product_brand?post=188670"},{"taxonomy":"product_cat","embeddable":true,"href":"https:\/\/tupique.com\/en\/wp-json\/wp\/v2\/product_cat?post=188670"},{"taxonomy":"product_tag","embeddable":true,"href":"https:\/\/tupique.com\/en\/wp-json\/wp\/v2\/product_tag?post=188670"},{"taxonomy":"woo-feed-brand","embeddable":true,"href":"https:\/\/tupique.com\/en\/wp-json\/wp\/v2\/woo-feed-brand?post=188670"}],"curies":[{"name":"wp","href":"https:\/\/api.w.org\/{rel}","templated":true}]}}