{"id":188786,"date":"2026-05-11T22:28:14","date_gmt":"2026-05-11T20:28:14","guid":{"rendered":"https:\/\/tupique.com\/product\/coffre-fort-portable-avec-cable-de-securite-prisaven-innovagoods\/"},"modified":"2026-05-12T04:49:36","modified_gmt":"2026-05-12T02:49:36","slug":"coffre-fort-portable-avec-cable-de-securite-prisaven-innovagoods","status":"publish","type":"product","link":"https:\/\/tupique.com\/en\/product\/coffre-fort-portable-avec-cable-de-securite-prisaven-innovagoods\/","title":{"rendered":"Coffre-Fort Portable avec C\u00e2ble de S\u00e9curit\u00e9 Prisaven InnovaGoods"},"content":{"rendered":"<div class=\"col-md-6\">Si vous aimez l&#8217;univers des gadgets, <b>InnovaGoods<\/b> vous propose les meilleures et les plus originales nouveaut\u00e9s en mati\u00e8re de maison, voitures, voyages, enfants, technologie, divertissements, etc. ! D\u00e9couvrez une vaste gamme de produits de qualit\u00e9 qui se d\u00e9marquent de par leur fonctionnalit\u00e9, leur efficacit\u00e9 et leur design innovant, comme <b>Coffre-Fort Portable avec C\u00e2ble de S\u00e9curit\u00e9 Prisaven InnovaGoods <\/b> !<\/p>\n<p>Ce <b>coffre-fort portable<\/b> est id\u00e9al pour ranger des objets de valeur et \u00eatre facilement emport\u00e9 partout. Il dispose d\u2019une ouverture \u00e0 combinaison num\u00e9rique (3 chiffres). Il comprend un c\u00e2ble de s\u00e9curit\u00e9 pour pouvoir le fixer et des accessoire de montage mural.<\/p>\n<p><b>Un coffre-fort r\u00e9sistant<\/b> en fer avec int\u00e9rieur rembourr\u00e9 pour conserver en toute s\u00e9curit\u00e9 bijoux, cartes, argent, passeports, etc. Id\u00e9al pour la maison, le bureau, les voyages, les h\u00f4tels, etc.<\/p>\n<ul>\n<li><b>Serrure \u00e0 code :<\/b> notre coffre-fort de s\u00e9curit\u00e9 est \u00e9quip\u00e9 d\u2019une serrure \u00e0 combinaison num\u00e9rique manuelle pour emp\u00eacher les vols ou les ouvertures non d\u00e9sir\u00e9es. Ce code de s\u00e9curit\u00e9 \u00e0 3 chiffres est personnalisable pour que vous puissiez choisir celui que vous pr\u00e9f\u00e9rez pour prot\u00e9ger le contenu du coffre.<\/li>\n<li><b>R\u00e9sistant, portable :<\/b> ce coffre-fort en fer est tr\u00e8s r\u00e9sistant et imp\u00e9n\u00e9trable, gr\u00e2ce \u00e0 sa conception anti-levier et \u00e0 sa serrure \u00e0 combinaison. Son int\u00e9rieur rembourr\u00e9 en mousse polyur\u00e9thane le rend insonoris\u00e9 et permet de ranger toutes sortes d\u2019objets avec une plus grande protection et s\u00e9curit\u00e9. Gr\u00e2ce \u00e0 sa forme plate et \u00e0 sa taille compacte, il est tr\u00e8s l\u00e9ger et facile \u00e0 ranger discr\u00e8tement n\u2019importe o\u00f9.<\/li>\n<li><b>Multifonction et polyvalent :<\/b> notre coffre-fort portable est facile \u00e0 transporter partout o\u00f9 vous en avez besoin et parfait pour prot\u00e9ger toutes sortes d\u2019objets de valeur, tels que bijoux, cartes bancaires, argent liquide, cl\u00e9s USB, documents, passeports, cl\u00e9s, etc. Vous pouvez \u00e9galement le ranger dans un tiroir, une armoire, un sac \u00e0 dos, un sac, une valise, la bo\u00eete \u00e0 gants d\u2019une voiture, etc. Id\u00e9al pour la maison, le bureau, les voyages, les h\u00f4tels, etc.<\/li>\n<li><b>C\u00e2ble de s\u00e9curit\u00e9 :<\/b> comprend un c\u00e2ble de s\u00e9curit\u00e9 en acier qui permet de le fixer sur n\u2019importe quel support pour \u00e9viter son vol. Il se place facilement en suivant le mode d\u2019emploi fourni. Il peut \u00eatre fix\u00e9 \u00e0 un bureau, une \u00e9tag\u00e8re, un lit, etc.&nbsp;<\/li>\n<li><b>Accessoires de montage :<\/b> notre coffre-fort offre une multitude de possibilit\u00e9s, puisqu\u2019il comprend \u00e9galement des chevilles et des vis permettant de le placer sur un mur si vous le souhaitez.<\/li>\n<\/ul>\n<ul>\n<li>Mat\u00e9riel:\n<ul>\n<li>Fer<\/li>\n<li>Polyur\u00e9thane<\/li>\n<\/ul>\n<\/li>\n<li>Couleur: Noir<\/li>\n<li>Type: Coffre-fort<\/li>\n<li>Fermeture de s\u00e9curit\u00e9: Serrure \u00e0 combinaison manuelle<\/li>\n<li>Inclut: C\u00e2ble de s\u00e9curit\u00e9<\/li>\n<li>R\u00e9sistante et durable: Mat\u00e9riaux de qualit\u00e9<\/li>\n<li>Polyvalent: Plusieurs fonctionnalit\u00e9s et espaces<\/li>\n<li>Utilisation principale: Bijoux, cartes et autres petits objets de valeur<\/li>\n<li>Originale et portative: Id\u00e9ale pour la maison, les bureaux, les voyages, etc.<\/li>\n<li>Accessoires de montage inclus: Chevilles et vis<\/li>\n<li>Dimensions approx.: 24,5 x 5,5 x 16,5 cm<\/li>\n<\/ul>\n<p>Packaging et manuel en 24 langues: anglais, fran\u00e7ais, espagnol, allemand, italien, portugais, n\u00e9erlandais, polonais, hongrois, roumain, danois, su\u00e9dois, finnois, lituanien, norv\u00e9gien, slov\u00e8ne, grec, tch\u00e8que, bulgare, croate, slovaque, estonien, russe, letton.<\/p><\/div>\n<div class=\"col-md-6\">\n<div class=\"embed-responsive embed-responsive-16by9\"><iframe class=\"embed-responsive-item\" src=\"https:\/\/www.youtube.com\/embed\/sz-9iuGq4fc\" frameborder=\"0\" allowfullscreen><\/iframe><\/div>\n<\/div>","protected":false},"excerpt":{"rendered":"<p><span class=\"unit-info\">30.9900 &euro; \/ 1 l<\/span><\/p>","protected":false},"featured_media":188774,"comment_status":"open","ping_status":"closed","template":"","meta":[],"product_brand":[256],"product_cat":[239,2638,1773,579,1764,768],"product_tag":[213,567,210,106,164],"woo-feed-brand":[],"class_list":{"0":"post-188786","1":"product","2":"type-product","3":"status-publish","4":"has-post-thumbnail","6":"product_brand-brandp_1281","7":"product_cat-maison-jardin","8":"product_cat-porte-documents-de-voyage","9":"product_cat-pour-voyager","10":"product_cat-securite-a-la-maison","11":"product_cat-sports-loisirs","12":"product_cat-systemes-de-securite","13":"product_tag-tag_933","14":"product_tag-tag_556","15":"product_tag-tag_25","16":"product_tag-tag_1295","17":"product_tag-tag_152","19":"first","20":"instock","21":"taxable","22":"shipping-taxable","23":"purchasable","24":"product-type-simple"},"yoast_head":"<!-- This site is optimized with the Yoast SEO plugin v27.5 - https:\/\/yoast.com\/product\/yoast-seo-wordpress\/ -->\n<title>Coffre-Fort Portable avec C\u00e2ble de S\u00e9curit\u00e9 Prisaven InnovaGoods | | Tupique<\/title>\n<meta name=\"description\" content=\"Envie d&#039;acheter Coffre-Fort Portable avec C\u00e2ble de S\u00e9curit\u00e9 Prisaven InnovaGoods\u00a0? Achetez Coffre-Fort Portable avec C\u00e2ble de S\u00e9curit\u00e9 Prisaven InnovaGoods maintenant avec Tupique en 3 versements sans int\u00e9r\u00eat.\" \/>\n<meta name=\"robots\" content=\"index, follow, max-snippet:-1, max-image-preview:large, max-video-preview:-1\" \/>\n<link rel=\"canonical\" href=\"https:\/\/tupique.com\/en\/product\/coffre-fort-portable-avec-cable-de-securite-prisaven-innovagoods\/\" \/>\n<meta property=\"og:locale\" content=\"en_GB\" \/>\n<meta property=\"og:type\" content=\"article\" \/>\n<meta property=\"og:title\" content=\"Coffre-Fort Portable avec C\u00e2ble de S\u00e9curit\u00e9 Prisaven InnovaGoods | | Tupique\" \/>\n<meta property=\"og:description\" content=\"Envie d&#039;acheter Coffre-Fort Portable avec C\u00e2ble de S\u00e9curit\u00e9 Prisaven InnovaGoods\u00a0? Achetez Coffre-Fort Portable avec C\u00e2ble de S\u00e9curit\u00e9 Prisaven InnovaGoods maintenant avec Tupique en 3 versements sans int\u00e9r\u00eat.\" \/>\n<meta property=\"og:url\" content=\"https:\/\/tupique.com\/en\/product\/coffre-fort-portable-avec-cable-de-securite-prisaven-innovagoods\/\" \/>\n<meta property=\"og:site_name\" content=\"Tupique\" \/>\n<meta property=\"article:modified_time\" content=\"2026-05-12T02:49:36+00:00\" \/>\n<meta property=\"og:image\" content=\"https:\/\/tupique.com\/wp-content\/uploads\/2026\/05\/8435527825751_V0103788_000_MKT3.jpg\" \/>\n\t<meta property=\"og:image:width\" content=\"1200\" \/>\n\t<meta property=\"og:image:height\" content=\"1200\" \/>\n\t<meta property=\"og:image:type\" content=\"image\/jpeg\" \/>\n<meta name=\"twitter:card\" content=\"summary_large_image\" \/>\n<meta name=\"twitter:label1\" content=\"Est. reading time\" \/>\n\t<meta name=\"twitter:data1\" content=\"3 minutes\" \/>\n<script type=\"application\/ld+json\" class=\"yoast-schema-graph\">{\"@context\":\"https:\\\/\\\/schema.org\",\"@graph\":[{\"@type\":\"WebPage\",\"@id\":\"https:\\\/\\\/tupique.com\\\/product\\\/coffre-fort-portable-avec-cable-de-securite-prisaven-innovagoods\\\/\",\"url\":\"https:\\\/\\\/tupique.com\\\/product\\\/coffre-fort-portable-avec-cable-de-securite-prisaven-innovagoods\\\/\",\"name\":\"Coffre-Fort Portable avec C\u00e2ble de S\u00e9curit\u00e9 Prisaven InnovaGoods | | Tupique\",\"isPartOf\":{\"@id\":\"https:\\\/\\\/tupique.com\\\/#website\"},\"primaryImageOfPage\":{\"@id\":\"https:\\\/\\\/tupique.com\\\/product\\\/coffre-fort-portable-avec-cable-de-securite-prisaven-innovagoods\\\/#primaryimage\"},\"image\":{\"@id\":\"https:\\\/\\\/tupique.com\\\/product\\\/coffre-fort-portable-avec-cable-de-securite-prisaven-innovagoods\\\/#primaryimage\"},\"thumbnailUrl\":\"https:\\\/\\\/tupique.com\\\/wp-content\\\/uploads\\\/2026\\\/05\\\/8435527825751_V0103788_000_MKT3.jpg\",\"datePublished\":\"2026-05-11T20:28:14+00:00\",\"dateModified\":\"2026-05-12T02:49:36+00:00\",\"description\":\"Envie d'acheter Coffre-Fort Portable avec C\u00e2ble de S\u00e9curit\u00e9 Prisaven InnovaGoods\u00a0? Achetez Coffre-Fort Portable avec C\u00e2ble de S\u00e9curit\u00e9 Prisaven InnovaGoods maintenant avec Tupique en 3 versements sans int\u00e9r\u00eat.\",\"breadcrumb\":{\"@id\":\"https:\\\/\\\/tupique.com\\\/product\\\/coffre-fort-portable-avec-cable-de-securite-prisaven-innovagoods\\\/#breadcrumb\"},\"inLanguage\":\"en-GB\",\"potentialAction\":[{\"@type\":\"ReadAction\",\"target\":[\"https:\\\/\\\/tupique.com\\\/product\\\/coffre-fort-portable-avec-cable-de-securite-prisaven-innovagoods\\\/\"]}]},{\"@type\":\"ImageObject\",\"inLanguage\":\"en-GB\",\"@id\":\"https:\\\/\\\/tupique.com\\\/product\\\/coffre-fort-portable-avec-cable-de-securite-prisaven-innovagoods\\\/#primaryimage\",\"url\":\"https:\\\/\\\/tupique.com\\\/wp-content\\\/uploads\\\/2026\\\/05\\\/8435527825751_V0103788_000_MKT3.jpg\",\"contentUrl\":\"https:\\\/\\\/tupique.com\\\/wp-content\\\/uploads\\\/2026\\\/05\\\/8435527825751_V0103788_000_MKT3.jpg\",\"width\":1200,\"height\":1200,\"caption\":\"V0103788_0\"},{\"@type\":\"BreadcrumbList\",\"@id\":\"https:\\\/\\\/tupique.com\\\/product\\\/coffre-fort-portable-avec-cable-de-securite-prisaven-innovagoods\\\/#breadcrumb\",\"itemListElement\":[{\"@type\":\"ListItem\",\"position\":1,\"name\":\"commencer\",\"item\":\"https:\\\/\\\/tupique.com\\\/\"},{\"@type\":\"ListItem\",\"position\":2,\"name\":\"Loja\",\"item\":\"https:\\\/\\\/tupique.com\\\/loja\\\/\"},{\"@type\":\"ListItem\",\"position\":3,\"name\":\"Coffre-Fort Portable avec C\u00e2ble de S\u00e9curit\u00e9 Prisaven InnovaGoods\"}]},{\"@type\":\"WebSite\",\"@id\":\"https:\\\/\\\/tupique.com\\\/#website\",\"url\":\"https:\\\/\\\/tupique.com\\\/\",\"name\":\"Tupique\",\"description\":\"\",\"publisher\":{\"@id\":\"https:\\\/\\\/tupique.com\\\/#organization\"},\"potentialAction\":[{\"@type\":\"SearchAction\",\"target\":{\"@type\":\"EntryPoint\",\"urlTemplate\":\"https:\\\/\\\/tupique.com\\\/?s={search_term_string}\"},\"query-input\":{\"@type\":\"PropertyValueSpecification\",\"valueRequired\":true,\"valueName\":\"search_term_string\"}}],\"inLanguage\":\"en-GB\"},{\"@type\":\"Organization\",\"@id\":\"https:\\\/\\\/tupique.com\\\/#organization\",\"name\":\"Tupique\",\"url\":\"https:\\\/\\\/tupique.com\\\/\",\"logo\":{\"@type\":\"ImageObject\",\"inLanguage\":\"en-GB\",\"@id\":\"https:\\\/\\\/tupique.com\\\/#\\\/schema\\\/logo\\\/image\\\/\",\"url\":\"https:\\\/\\\/tupique.com\\\/wp-content\\\/uploads\\\/2026\\\/03\\\/logo-tupique-1.webp\",\"contentUrl\":\"https:\\\/\\\/tupique.com\\\/wp-content\\\/uploads\\\/2026\\\/03\\\/logo-tupique-1.webp\",\"width\":500,\"height\":67,\"caption\":\"Tupique\"},\"image\":{\"@id\":\"https:\\\/\\\/tupique.com\\\/#\\\/schema\\\/logo\\\/image\\\/\"}}]}<\/script>\n<!-- \/ Yoast SEO plugin. -->","yoast_head_json":{"title":"Coffre-Fort Portable avec C\u00e2ble de S\u00e9curit\u00e9 Prisaven InnovaGoods | | Tupique","description":"Envie d'acheter Coffre-Fort Portable avec C\u00e2ble de S\u00e9curit\u00e9 Prisaven InnovaGoods\u00a0? Achetez Coffre-Fort Portable avec C\u00e2ble de S\u00e9curit\u00e9 Prisaven InnovaGoods maintenant avec Tupique en 3 versements sans int\u00e9r\u00eat.","robots":{"index":"index","follow":"follow","max-snippet":"max-snippet:-1","max-image-preview":"max-image-preview:large","max-video-preview":"max-video-preview:-1"},"canonical":"https:\/\/tupique.com\/en\/product\/coffre-fort-portable-avec-cable-de-securite-prisaven-innovagoods\/","og_locale":"en_GB","og_type":"article","og_title":"Coffre-Fort Portable avec C\u00e2ble de S\u00e9curit\u00e9 Prisaven InnovaGoods | | Tupique","og_description":"Envie d'acheter Coffre-Fort Portable avec C\u00e2ble de S\u00e9curit\u00e9 Prisaven InnovaGoods\u00a0? Achetez Coffre-Fort Portable avec C\u00e2ble de S\u00e9curit\u00e9 Prisaven InnovaGoods maintenant avec Tupique en 3 versements sans int\u00e9r\u00eat.","og_url":"https:\/\/tupique.com\/en\/product\/coffre-fort-portable-avec-cable-de-securite-prisaven-innovagoods\/","og_site_name":"Tupique","article_modified_time":"2026-05-12T02:49:36+00:00","og_image":[{"width":1200,"height":1200,"url":"https:\/\/tupique.com\/wp-content\/uploads\/2026\/05\/8435527825751_V0103788_000_MKT3.jpg","type":"image\/jpeg"}],"twitter_card":"summary_large_image","twitter_misc":{"Est. reading time":"3 minutes"},"schema":{"@context":"https:\/\/schema.org","@graph":[{"@type":"WebPage","@id":"https:\/\/tupique.com\/product\/coffre-fort-portable-avec-cable-de-securite-prisaven-innovagoods\/","url":"https:\/\/tupique.com\/product\/coffre-fort-portable-avec-cable-de-securite-prisaven-innovagoods\/","name":"Coffre-Fort Portable avec C\u00e2ble de S\u00e9curit\u00e9 Prisaven InnovaGoods | | Tupique","isPartOf":{"@id":"https:\/\/tupique.com\/#website"},"primaryImageOfPage":{"@id":"https:\/\/tupique.com\/product\/coffre-fort-portable-avec-cable-de-securite-prisaven-innovagoods\/#primaryimage"},"image":{"@id":"https:\/\/tupique.com\/product\/coffre-fort-portable-avec-cable-de-securite-prisaven-innovagoods\/#primaryimage"},"thumbnailUrl":"https:\/\/tupique.com\/wp-content\/uploads\/2026\/05\/8435527825751_V0103788_000_MKT3.jpg","datePublished":"2026-05-11T20:28:14+00:00","dateModified":"2026-05-12T02:49:36+00:00","description":"Envie d'acheter Coffre-Fort Portable avec C\u00e2ble de S\u00e9curit\u00e9 Prisaven InnovaGoods\u00a0? Achetez Coffre-Fort Portable avec C\u00e2ble de S\u00e9curit\u00e9 Prisaven InnovaGoods maintenant avec Tupique en 3 versements sans int\u00e9r\u00eat.","breadcrumb":{"@id":"https:\/\/tupique.com\/product\/coffre-fort-portable-avec-cable-de-securite-prisaven-innovagoods\/#breadcrumb"},"inLanguage":"en-GB","potentialAction":[{"@type":"ReadAction","target":["https:\/\/tupique.com\/product\/coffre-fort-portable-avec-cable-de-securite-prisaven-innovagoods\/"]}]},{"@type":"ImageObject","inLanguage":"en-GB","@id":"https:\/\/tupique.com\/product\/coffre-fort-portable-avec-cable-de-securite-prisaven-innovagoods\/#primaryimage","url":"https:\/\/tupique.com\/wp-content\/uploads\/2026\/05\/8435527825751_V0103788_000_MKT3.jpg","contentUrl":"https:\/\/tupique.com\/wp-content\/uploads\/2026\/05\/8435527825751_V0103788_000_MKT3.jpg","width":1200,"height":1200,"caption":"V0103788_0"},{"@type":"BreadcrumbList","@id":"https:\/\/tupique.com\/product\/coffre-fort-portable-avec-cable-de-securite-prisaven-innovagoods\/#breadcrumb","itemListElement":[{"@type":"ListItem","position":1,"name":"commencer","item":"https:\/\/tupique.com\/"},{"@type":"ListItem","position":2,"name":"Loja","item":"https:\/\/tupique.com\/loja\/"},{"@type":"ListItem","position":3,"name":"Coffre-Fort Portable avec C\u00e2ble de S\u00e9curit\u00e9 Prisaven InnovaGoods"}]},{"@type":"WebSite","@id":"https:\/\/tupique.com\/#website","url":"https:\/\/tupique.com\/","name":"Tupique","description":"","publisher":{"@id":"https:\/\/tupique.com\/#organization"},"potentialAction":[{"@type":"SearchAction","target":{"@type":"EntryPoint","urlTemplate":"https:\/\/tupique.com\/?s={search_term_string}"},"query-input":{"@type":"PropertyValueSpecification","valueRequired":true,"valueName":"search_term_string"}}],"inLanguage":"en-GB"},{"@type":"Organization","@id":"https:\/\/tupique.com\/#organization","name":"Tupique","url":"https:\/\/tupique.com\/","logo":{"@type":"ImageObject","inLanguage":"en-GB","@id":"https:\/\/tupique.com\/#\/schema\/logo\/image\/","url":"https:\/\/tupique.com\/wp-content\/uploads\/2026\/03\/logo-tupique-1.webp","contentUrl":"https:\/\/tupique.com\/wp-content\/uploads\/2026\/03\/logo-tupique-1.webp","width":500,"height":67,"caption":"Tupique"},"image":{"@id":"https:\/\/tupique.com\/#\/schema\/logo\/image\/"}}]}},"_links":{"self":[{"href":"https:\/\/tupique.com\/en\/wp-json\/wp\/v2\/product\/188786","targetHints":{"allow":["GET"]}}],"collection":[{"href":"https:\/\/tupique.com\/en\/wp-json\/wp\/v2\/product"}],"about":[{"href":"https:\/\/tupique.com\/en\/wp-json\/wp\/v2\/types\/product"}],"replies":[{"embeddable":true,"href":"https:\/\/tupique.com\/en\/wp-json\/wp\/v2\/comments?post=188786"}],"wp:featuredmedia":[{"embeddable":true,"href":"https:\/\/tupique.com\/en\/wp-json\/wp\/v2\/media\/188774"}],"wp:attachment":[{"href":"https:\/\/tupique.com\/en\/wp-json\/wp\/v2\/media?parent=188786"}],"wp:term":[{"taxonomy":"product_brand","embeddable":true,"href":"https:\/\/tupique.com\/en\/wp-json\/wp\/v2\/product_brand?post=188786"},{"taxonomy":"product_cat","embeddable":true,"href":"https:\/\/tupique.com\/en\/wp-json\/wp\/v2\/product_cat?post=188786"},{"taxonomy":"product_tag","embeddable":true,"href":"https:\/\/tupique.com\/en\/wp-json\/wp\/v2\/product_tag?post=188786"},{"taxonomy":"woo-feed-brand","embeddable":true,"href":"https:\/\/tupique.com\/en\/wp-json\/wp\/v2\/woo-feed-brand?post=188786"}],"curies":[{"name":"wp","href":"https:\/\/api.w.org\/{rel}","templated":true}]}}