{"id":188814,"date":"2026-05-11T22:29:01","date_gmt":"2026-05-11T20:29:01","guid":{"rendered":"https:\/\/tupique.com\/product\/hamac-suspendu-pour-chats-hamacat-innovagoods\/"},"modified":"2026-05-11T22:29:01","modified_gmt":"2026-05-11T20:29:01","slug":"hamac-suspendu-pour-chats-hamacat-innovagoods","status":"publish","type":"product","link":"https:\/\/tupique.com\/en\/product\/hamac-suspendu-pour-chats-hamacat-innovagoods\/","title":{"rendered":"Hamac Suspendu pour Chats Hamacat InnovaGoods"},"content":{"rendered":"<div class=\"col-md-6\">Si vous aimez l&#8217;univers des gadgets, <b>InnovaGoods<\/b> vous propose les meilleures et les plus originales nouveaut\u00e9s en mati\u00e8re de maison, voitures, voyages, enfants, technologie, divertissements, etc. ! D\u00e9couvrez une vaste gamme de produits de qualit\u00e9 qui se d\u00e9marquent de par leur fonctionnalit\u00e9, leur efficacit\u00e9 et leur design innovant, comme <b>Hamac Suspendu pour Chats Hamacat InnovaGoods <\/b> !<\/p>\n<p>Ce <b>hamac suspendu pour chat <\/b>est r\u00e9sistant et s\u00fbr, id\u00e9al pour que les animaux de compagnie se reposent et profitent depuis la hauteur qu&#8217;ils aiment tant. Il est facile \u00e0 monter et s&#8217;adapte \u00e0 diff\u00e9rents lieux d\u2019installation (lits, fen\u00eatres, etc.). Supporte jusqu\u2019\u00e0 20 kg.<\/p>\n<p>Un <b>Hamac pour chat<\/b> dot\u00e9 d\u2019une structure bois-m\u00e9tal et d\u2019un tissu polyester amovible et lavable en machine. Ses coussinets de protection \u00e9vitent d&#8217;endommager les surfaces d&#8217;appui.<\/p>\n<ul>\n<li><b>R\u00e9sistant, stable et s\u00fbr :<\/b> les chats adore les hauteurs, c&#8217;est pourquoi ils adoreront notre hamac suspendu, o\u00f9 ils pourront confortablement profiter de leur propre espace pour contempler le paysage, prendre le soleil, s&#8217;amuser \u00e0 grimper et \u00e0 descendre, etc. La structure est en bois et en m\u00e9tal. Le tissu est compos\u00e9 de polyester, tr\u00e8s doux et r\u00e9sistant aux rayures pour une plus grande durabilit\u00e9.<\/li>\n<li><b>R\u00e9glable, adaptable :<\/b> ce hamac pour chat poss\u00e8de un design innovant qui garantit un support ferme. Il est dot\u00e9 de crochets d&#8217;ancrage en m\u00e9tal, de bras de soutien lat\u00e9raux et de pieds de soutien coulissants qui s&#8217;adaptent \u00e0 la largeur de l&#8217;espace o\u00f9 il est plac\u00e9. Ses coussins de protection \u00e9vitent d&#8217;endommager les surfaces d&#8217;appui.<\/li>\n<li><b>Polyvalent, multi-position :<\/b> ce hamac suspendu pour chat est l\u00e9ger et peu encombrant dans la maison, car il peut \u00eatre install\u00e9 sur de multiples surfaces verticales, telles que les c\u00f4t\u00e9s des lits gigognes ou des canap\u00e9s, certaines fen\u00eatres coulissantes, tiroirs ou portes de meubles, dossiers de chaises, etc.<\/li>\n<li><b>Portable, installation facile :<\/b> notre hamac r\u00e9glable pour chat est facile et rapide \u00e0 monter et \u00e0 installer. Les instructions et les accessoires de montage sont inclus. Il peut \u00eatre facilement d\u00e9sinstall\u00e9 lorsqu&#8217;il n&#8217;est pas utilis\u00e9 ou install\u00e9 \u00e0 diff\u00e9rents endroits sans d\u00e9montage. Supporte jusqu&#8217;\u00e0 20 kg.<\/li>\n<li><b>Hygi\u00e9nique, facile \u00e0 nettoyer : <\/b>ce hamac flottant pour chat est facile \u00e0 nettoyer pour maintenir une bonne hygi\u00e8ne. Le tapis en tissu s&#8217;enl\u00e8ve facilement du cadre en bois pour \u00eatre lav\u00e9 en machine.<\/li>\n<\/ul>\n<ul>\n<li>Mat\u00e9riel:\n<ul>\n<li>Polyester<\/li>\n<li>Bois<\/li>\n<li>M\u00e9tal<\/li>\n<\/ul>\n<\/li>\n<li>Couleur:\n<ul>\n<li>Gris<\/li>\n<li>Beige<\/li>\n<\/ul>\n<\/li>\n<li>Type: Hamac Suspendu pour Chats<\/li>\n<li>Design moderne: Novateur et pratique<\/li>\n<li>Caract\u00e9ristiques: Organisation et gain de place<\/li>\n<li>R\u00e9sistante et durable: Anti-rayures<\/li>\n<li>Structure ouverte: Favorise la circulation de l\u2019air<\/li>\n<li>Fixation ferme: Utilisation pratique, simple et s\u00fbre<\/li>\n<li>Multiposition: Polyvalent et adaptable<\/li>\n<li>Originale et portative: Plusieurs fonctionnalit\u00e9s et espaces<\/li>\n<li>D\u00e9montable: Instructions de montage<\/li>\n<li>Inclut: Accessoires de montage<\/li>\n<li>Installation simple: Installation et retrait faciles<\/li>\n<li>Propri\u00e9t\u00e9s: Ne rayent pas et ne d\u00e9t\u00e9riorent pas les surfaces<\/li>\n<li>Poids Max. support\u00e9: 20 kg<\/li>\n<li>Facile \u00e0 nettoyer: Adapt\u00e9 au lavage en machine<\/li>\n<li>L\u00e9ger et maniable: Facile \u00e0 transporter et \u00e0 ranger<\/li>\n<li>Dimensions approx.: 45,5 x 21 x 37,5 cm<\/li>\n<\/ul>\n<p>Packaging et manuel en 24 langues: anglais, fran\u00e7ais, espagnol, allemand, italien, portugais, n\u00e9erlandais, polonais, hongrois, roumain, danois, su\u00e9dois, finnois, lituanien, norv\u00e9gien, slov\u00e8ne, grec, tch\u00e8que, bulgare, croate, slovaque, estonien, russe, letton.<\/p><\/div>\n<div class=\"col-md-6\">\n<div class=\"embed-responsive embed-responsive-16by9\"><iframe class=\"embed-responsive-item\" src=\"https:\/\/www.youtube.com\/embed\/qkfqYV1-SL8\" frameborder=\"0\" allowfullscreen><\/iframe><\/div>\n<\/div>","protected":false},"excerpt":{"rendered":"<p>Si vous aimez l&#8217;univers des gadgets, InnovaGoods vous propose les meilleures et les plus originales nouveaut\u00e9s en mati\u00e8re de maison, voitures, voyages, enfants, technologie, divertissements, etc. ! D\u00e9couvrez une vaste gamme de produits de qualit\u00e9 qui se d\u00e9marquent de par leur fonctionnalit\u00e9, leur efficacit\u00e9 et leur design innovant, comme Hamac Suspendu pour Chats Hamacat InnovaGoods [&hellip;]<\/p>\n","protected":false},"featured_media":188800,"comment_status":"open","ping_status":"closed","template":"","meta":[],"product_brand":[256],"product_cat":[621,63,64,1797,1337,239,1796],"product_tag":[103,210],"woo-feed-brand":[],"class_list":{"0":"post-188814","1":"product","2":"type-product","3":"status-publish","4":"has-post-thumbnail","6":"product_brand-brandp_1281","7":"product_cat-animaux-de-compagnie","8":"product_cat-cadeaux-originaux","9":"product_cat-cadeaux-pour-la-maison","10":"product_cat-idees-pour-la-maison","11":"product_cat-lits-et-matelas","12":"product_cat-maison-jardin","13":"product_cat-teleachat-vu-a-la-television","14":"product_tag-tag_1261","15":"product_tag-tag_25","17":"first","18":"instock","19":"taxable","20":"shipping-taxable","21":"purchasable","22":"product-type-simple"},"yoast_head":"<!-- This site is optimized with the Yoast SEO plugin v27.6 - https:\/\/yoast.com\/product\/yoast-seo-wordpress\/ -->\n<title>Hamac Suspendu pour Chats Hamacat InnovaGoods | | Tupique<\/title>\n<meta name=\"description\" content=\"Envie d&#039;acheter Hamac Suspendu pour Chats Hamacat InnovaGoods\u00a0? Achetez Hamac Suspendu pour Chats Hamacat InnovaGoods maintenant avec Tupique en 3 versements sans int\u00e9r\u00eat.\" \/>\n<meta name=\"robots\" content=\"index, follow, max-snippet:-1, max-image-preview:large, max-video-preview:-1\" \/>\n<link rel=\"canonical\" href=\"https:\/\/tupique.com\/en\/product\/hamac-suspendu-pour-chats-hamacat-innovagoods\/\" \/>\n<meta property=\"og:locale\" content=\"en_GB\" \/>\n<meta property=\"og:type\" content=\"article\" \/>\n<meta property=\"og:title\" content=\"Hamac Suspendu pour Chats Hamacat InnovaGoods | | Tupique\" \/>\n<meta property=\"og:description\" content=\"Envie d&#039;acheter Hamac Suspendu pour Chats Hamacat InnovaGoods\u00a0? Achetez Hamac Suspendu pour Chats Hamacat InnovaGoods maintenant avec Tupique en 3 versements sans int\u00e9r\u00eat.\" \/>\n<meta property=\"og:url\" content=\"https:\/\/tupique.com\/en\/product\/hamac-suspendu-pour-chats-hamacat-innovagoods\/\" \/>\n<meta property=\"og:site_name\" content=\"Tupique\" \/>\n<meta property=\"og:image\" content=\"https:\/\/tupique.com\/wp-content\/uploads\/2026\/05\/8435527825829_V0103797_000_MKT5.jpg\" \/>\n\t<meta property=\"og:image:width\" content=\"1200\" \/>\n\t<meta property=\"og:image:height\" content=\"1200\" \/>\n\t<meta property=\"og:image:type\" content=\"image\/jpeg\" \/>\n<meta name=\"twitter:card\" content=\"summary_large_image\" \/>\n<meta name=\"twitter:label1\" content=\"Est. reading time\" \/>\n\t<meta name=\"twitter:data1\" content=\"3 minutes\" \/>\n<script type=\"application\/ld+json\" class=\"yoast-schema-graph\">{\"@context\":\"https:\\\/\\\/schema.org\",\"@graph\":[{\"@type\":\"WebPage\",\"@id\":\"https:\\\/\\\/tupique.com\\\/pt\\\/product\\\/hamac-suspendu-pour-chats-hamacat-innovagoods\\\/\",\"url\":\"https:\\\/\\\/tupique.com\\\/pt\\\/product\\\/hamac-suspendu-pour-chats-hamacat-innovagoods\\\/\",\"name\":\"Hamac Suspendu pour Chats Hamacat InnovaGoods | | Tupique\",\"isPartOf\":{\"@id\":\"https:\\\/\\\/tupique.com\\\/#website\"},\"primaryImageOfPage\":{\"@id\":\"https:\\\/\\\/tupique.com\\\/pt\\\/product\\\/hamac-suspendu-pour-chats-hamacat-innovagoods\\\/#primaryimage\"},\"image\":{\"@id\":\"https:\\\/\\\/tupique.com\\\/pt\\\/product\\\/hamac-suspendu-pour-chats-hamacat-innovagoods\\\/#primaryimage\"},\"thumbnailUrl\":\"https:\\\/\\\/tupique.com\\\/wp-content\\\/uploads\\\/2026\\\/05\\\/8435527825829_V0103797_000_MKT5.jpg\",\"datePublished\":\"2026-05-11T20:29:01+00:00\",\"description\":\"Envie d'acheter Hamac Suspendu pour Chats Hamacat InnovaGoods\u00a0? Achetez Hamac Suspendu pour Chats Hamacat InnovaGoods maintenant avec Tupique en 3 versements sans int\u00e9r\u00eat.\",\"breadcrumb\":{\"@id\":\"https:\\\/\\\/tupique.com\\\/pt\\\/product\\\/hamac-suspendu-pour-chats-hamacat-innovagoods\\\/#breadcrumb\"},\"inLanguage\":\"en-GB\",\"potentialAction\":[{\"@type\":\"ReadAction\",\"target\":[\"https:\\\/\\\/tupique.com\\\/pt\\\/product\\\/hamac-suspendu-pour-chats-hamacat-innovagoods\\\/\"]}]},{\"@type\":\"ImageObject\",\"inLanguage\":\"en-GB\",\"@id\":\"https:\\\/\\\/tupique.com\\\/pt\\\/product\\\/hamac-suspendu-pour-chats-hamacat-innovagoods\\\/#primaryimage\",\"url\":\"https:\\\/\\\/tupique.com\\\/wp-content\\\/uploads\\\/2026\\\/05\\\/8435527825829_V0103797_000_MKT5.jpg\",\"contentUrl\":\"https:\\\/\\\/tupique.com\\\/wp-content\\\/uploads\\\/2026\\\/05\\\/8435527825829_V0103797_000_MKT5.jpg\",\"width\":1200,\"height\":1200,\"caption\":\"V0103797_0\"},{\"@type\":\"BreadcrumbList\",\"@id\":\"https:\\\/\\\/tupique.com\\\/pt\\\/product\\\/hamac-suspendu-pour-chats-hamacat-innovagoods\\\/#breadcrumb\",\"itemListElement\":[{\"@type\":\"ListItem\",\"position\":1,\"name\":\"commencer\",\"item\":\"https:\\\/\\\/tupique.com\\\/\"},{\"@type\":\"ListItem\",\"position\":2,\"name\":\"Loja\",\"item\":\"https:\\\/\\\/tupique.com\\\/pt\\\/loja\\\/\"},{\"@type\":\"ListItem\",\"position\":3,\"name\":\"Hamac Suspendu pour Chats Hamacat InnovaGoods\"}]},{\"@type\":\"WebSite\",\"@id\":\"https:\\\/\\\/tupique.com\\\/#website\",\"url\":\"https:\\\/\\\/tupique.com\\\/\",\"name\":\"Tupique\",\"description\":\"\",\"publisher\":{\"@id\":\"https:\\\/\\\/tupique.com\\\/#organization\"},\"potentialAction\":[{\"@type\":\"SearchAction\",\"target\":{\"@type\":\"EntryPoint\",\"urlTemplate\":\"https:\\\/\\\/tupique.com\\\/?s={search_term_string}\"},\"query-input\":{\"@type\":\"PropertyValueSpecification\",\"valueRequired\":true,\"valueName\":\"search_term_string\"}}],\"inLanguage\":\"en-GB\"},{\"@type\":\"Organization\",\"@id\":\"https:\\\/\\\/tupique.com\\\/#organization\",\"name\":\"Tupique\",\"url\":\"https:\\\/\\\/tupique.com\\\/\",\"logo\":{\"@type\":\"ImageObject\",\"inLanguage\":\"en-GB\",\"@id\":\"https:\\\/\\\/tupique.com\\\/#\\\/schema\\\/logo\\\/image\\\/\",\"url\":\"https:\\\/\\\/tupique.com\\\/wp-content\\\/uploads\\\/2026\\\/03\\\/logo-tupique-1.webp\",\"contentUrl\":\"https:\\\/\\\/tupique.com\\\/wp-content\\\/uploads\\\/2026\\\/03\\\/logo-tupique-1.webp\",\"width\":500,\"height\":67,\"caption\":\"Tupique\"},\"image\":{\"@id\":\"https:\\\/\\\/tupique.com\\\/#\\\/schema\\\/logo\\\/image\\\/\"}}]}<\/script>\n<!-- \/ Yoast SEO plugin. -->","yoast_head_json":{"title":"Hamac Suspendu pour Chats Hamacat InnovaGoods | | Tupique","description":"Envie d'acheter Hamac Suspendu pour Chats Hamacat InnovaGoods\u00a0? Achetez Hamac Suspendu pour Chats Hamacat InnovaGoods maintenant avec Tupique en 3 versements sans int\u00e9r\u00eat.","robots":{"index":"index","follow":"follow","max-snippet":"max-snippet:-1","max-image-preview":"max-image-preview:large","max-video-preview":"max-video-preview:-1"},"canonical":"https:\/\/tupique.com\/en\/product\/hamac-suspendu-pour-chats-hamacat-innovagoods\/","og_locale":"en_GB","og_type":"article","og_title":"Hamac Suspendu pour Chats Hamacat InnovaGoods | | Tupique","og_description":"Envie d'acheter Hamac Suspendu pour Chats Hamacat InnovaGoods\u00a0? Achetez Hamac Suspendu pour Chats Hamacat InnovaGoods maintenant avec Tupique en 3 versements sans int\u00e9r\u00eat.","og_url":"https:\/\/tupique.com\/en\/product\/hamac-suspendu-pour-chats-hamacat-innovagoods\/","og_site_name":"Tupique","og_image":[{"width":1200,"height":1200,"url":"https:\/\/tupique.com\/wp-content\/uploads\/2026\/05\/8435527825829_V0103797_000_MKT5.jpg","type":"image\/jpeg"}],"twitter_card":"summary_large_image","twitter_misc":{"Est. reading time":"3 minutes"},"schema":{"@context":"https:\/\/schema.org","@graph":[{"@type":"WebPage","@id":"https:\/\/tupique.com\/pt\/product\/hamac-suspendu-pour-chats-hamacat-innovagoods\/","url":"https:\/\/tupique.com\/pt\/product\/hamac-suspendu-pour-chats-hamacat-innovagoods\/","name":"Hamac Suspendu pour Chats Hamacat InnovaGoods | | Tupique","isPartOf":{"@id":"https:\/\/tupique.com\/#website"},"primaryImageOfPage":{"@id":"https:\/\/tupique.com\/pt\/product\/hamac-suspendu-pour-chats-hamacat-innovagoods\/#primaryimage"},"image":{"@id":"https:\/\/tupique.com\/pt\/product\/hamac-suspendu-pour-chats-hamacat-innovagoods\/#primaryimage"},"thumbnailUrl":"https:\/\/tupique.com\/wp-content\/uploads\/2026\/05\/8435527825829_V0103797_000_MKT5.jpg","datePublished":"2026-05-11T20:29:01+00:00","description":"Envie d'acheter Hamac Suspendu pour Chats Hamacat InnovaGoods\u00a0? Achetez Hamac Suspendu pour Chats Hamacat InnovaGoods maintenant avec Tupique en 3 versements sans int\u00e9r\u00eat.","breadcrumb":{"@id":"https:\/\/tupique.com\/pt\/product\/hamac-suspendu-pour-chats-hamacat-innovagoods\/#breadcrumb"},"inLanguage":"en-GB","potentialAction":[{"@type":"ReadAction","target":["https:\/\/tupique.com\/pt\/product\/hamac-suspendu-pour-chats-hamacat-innovagoods\/"]}]},{"@type":"ImageObject","inLanguage":"en-GB","@id":"https:\/\/tupique.com\/pt\/product\/hamac-suspendu-pour-chats-hamacat-innovagoods\/#primaryimage","url":"https:\/\/tupique.com\/wp-content\/uploads\/2026\/05\/8435527825829_V0103797_000_MKT5.jpg","contentUrl":"https:\/\/tupique.com\/wp-content\/uploads\/2026\/05\/8435527825829_V0103797_000_MKT5.jpg","width":1200,"height":1200,"caption":"V0103797_0"},{"@type":"BreadcrumbList","@id":"https:\/\/tupique.com\/pt\/product\/hamac-suspendu-pour-chats-hamacat-innovagoods\/#breadcrumb","itemListElement":[{"@type":"ListItem","position":1,"name":"commencer","item":"https:\/\/tupique.com\/"},{"@type":"ListItem","position":2,"name":"Loja","item":"https:\/\/tupique.com\/pt\/loja\/"},{"@type":"ListItem","position":3,"name":"Hamac Suspendu pour Chats Hamacat InnovaGoods"}]},{"@type":"WebSite","@id":"https:\/\/tupique.com\/#website","url":"https:\/\/tupique.com\/","name":"Tupique","description":"","publisher":{"@id":"https:\/\/tupique.com\/#organization"},"potentialAction":[{"@type":"SearchAction","target":{"@type":"EntryPoint","urlTemplate":"https:\/\/tupique.com\/?s={search_term_string}"},"query-input":{"@type":"PropertyValueSpecification","valueRequired":true,"valueName":"search_term_string"}}],"inLanguage":"en-GB"},{"@type":"Organization","@id":"https:\/\/tupique.com\/#organization","name":"Tupique","url":"https:\/\/tupique.com\/","logo":{"@type":"ImageObject","inLanguage":"en-GB","@id":"https:\/\/tupique.com\/#\/schema\/logo\/image\/","url":"https:\/\/tupique.com\/wp-content\/uploads\/2026\/03\/logo-tupique-1.webp","contentUrl":"https:\/\/tupique.com\/wp-content\/uploads\/2026\/03\/logo-tupique-1.webp","width":500,"height":67,"caption":"Tupique"},"image":{"@id":"https:\/\/tupique.com\/#\/schema\/logo\/image\/"}}]}},"_links":{"self":[{"href":"https:\/\/tupique.com\/en\/wp-json\/wp\/v2\/product\/188814","targetHints":{"allow":["GET"]}}],"collection":[{"href":"https:\/\/tupique.com\/en\/wp-json\/wp\/v2\/product"}],"about":[{"href":"https:\/\/tupique.com\/en\/wp-json\/wp\/v2\/types\/product"}],"replies":[{"embeddable":true,"href":"https:\/\/tupique.com\/en\/wp-json\/wp\/v2\/comments?post=188814"}],"wp:featuredmedia":[{"embeddable":true,"href":"https:\/\/tupique.com\/en\/wp-json\/wp\/v2\/media\/188800"}],"wp:attachment":[{"href":"https:\/\/tupique.com\/en\/wp-json\/wp\/v2\/media?parent=188814"}],"wp:term":[{"taxonomy":"product_brand","embeddable":true,"href":"https:\/\/tupique.com\/en\/wp-json\/wp\/v2\/product_brand?post=188814"},{"taxonomy":"product_cat","embeddable":true,"href":"https:\/\/tupique.com\/en\/wp-json\/wp\/v2\/product_cat?post=188814"},{"taxonomy":"product_tag","embeddable":true,"href":"https:\/\/tupique.com\/en\/wp-json\/wp\/v2\/product_tag?post=188814"},{"taxonomy":"woo-feed-brand","embeddable":true,"href":"https:\/\/tupique.com\/en\/wp-json\/wp\/v2\/woo-feed-brand?post=188814"}],"curies":[{"name":"wp","href":"https:\/\/api.w.org\/{rel}","templated":true}]}}