{"id":189183,"date":"2026-05-11T22:51:26","date_gmt":"2026-05-11T20:51:26","guid":{"rendered":"https:\/\/tupique.com\/product\/composteur-de-cuisine-electrique-ewooster-innovagoods\/"},"modified":"2026-05-11T23:00:21","modified_gmt":"2026-05-11T21:00:21","slug":"composteur-de-cuisine-electrique-ewooster-innovagoods","status":"publish","type":"product","link":"https:\/\/tupique.com\/en\/product\/composteur-de-cuisine-electrique-ewooster-innovagoods\/","title":{"rendered":"Composteur de Cuisine \u00c9lectrique Ewooster InnovaGoods"},"content":{"rendered":"<div class=\"col-md-6\"><b>InnovaGoods<\/b> vient vous aider \u00e0 cuisiner facilement et de mani\u00e8re amusante en vous offrant les meilleures nouveaut\u00e9s pour votre cuisine, comme <b>Composteur de Cuisine \u00c9lectrique Ewooster InnovaGoods <\/b> ! D\u00e9couvrez une vaste gamme de produits de qualit\u00e9 qui se d\u00e9marquent de par leur fonctionnalit\u00e9, leur efficacit\u00e9 et leur design innovant !<\/p>\n<p>Ce <b>composteur de cuisine \u00e9lectrique<\/b> (3 L, 550&nbsp;W) transforme les d\u00e9chets alimentaires en compost facilement, silencieusement et sans odeur (6-10&nbsp;h). Il est \u00e9quip\u00e9 d\u2019une triple lame, d\u2019un rev\u00eatement en c\u00e9ramique et d\u2019un bac amovible. Il comprend 3&nbsp;filtres \u00e0 charbon.<\/p>\n<p>Un <b>composteur de cuisine \u00e9lectrique<\/b> moderne qui s\u00e8che, broie et refroidit les d\u00e9chets organiques pour les transformer en un compost naturel riche en nutriments. Il est dot\u00e9 d\u2019un syst\u00e8me autonettoyant.&nbsp;<\/p>\n<ul>\n<li><b>Moderne et pratique, 3&nbsp;L&nbsp;:<\/b> notre composteur de cuisine \u00e9lectrique est indispensable dans les foyers qui adoptent un mode de vie durable et respectueux de l\u2019environnement. Il s\u2019int\u00e8gre dans toutes les cuisines, est silencieux (&lt;45&nbsp;dB) et tr\u00e8s facile \u00e0 utiliser. Il est \u00e9quip\u00e9 d\u2019une triple lame, d\u2019un rev\u00eatement en c\u00e9ramique et d\u2019un bac amovible. Puissance&nbsp;: 550 W. Prise de type F, c\u00e2ble&nbsp;: environ 85&nbsp;cm.<\/li>\n<li><b>Recyclage des d\u00e9chets organiques&nbsp;:<\/b> ce composteur de cuisine \u00e9lectrique transforme les d\u00e9chets organiques en compost, r\u00e9duisant ainsi le volume initial des d\u00e9chets de 80&nbsp;%. Id\u00e9al pour transformer les restes alimentaires en engrais naturel riche en nutriments, parfait pour les pelouses, les jardins, les plantes, les pots, etc. Dur\u00e9e d\u2019op\u00e9ration d\u2019environ 6 \u00e0 10&nbsp;heures.<\/li>\n<li><b>3 filtres \u00e0 charbon, sans odeur&nbsp;:<\/b> ce composteur de cuisine \u00e9lectrique est \u00e9quip\u00e9 d\u2019un filtre \u00e0 charbon qui neutralise les odeurs d\u00e9sagr\u00e9ables, ce qui le rend adapt\u00e9 au compostage en int\u00e9rieur. Dur\u00e9e de vie d\u2019un filtre&nbsp;: environ 720&nbsp;heures (jusqu\u2019\u00e0 6&nbsp;mois selon l\u2019utilisation). Deux filtres de remplacement sont inclus.<\/li>\n<li><b>Fonctionnement en 3&nbsp;phases&nbsp;:<\/b> notre composteur de d\u00e9chets alimentaires effectue un triple processus automatique qui s\u00e8che, broie et refroidit les d\u00e9chets organiques. En outre, il prend moins de temps que les autres composteurs traditionnels pour produire un compost organique rapide et inodore. Vitesse&nbsp;: 3-6 tours\/minute. Temp\u00e9rature de fonctionnement&nbsp;: 95-115&nbsp;\u00b0C.<\/li>\n<li><b>Syst\u00e8me autonettoyant&nbsp;:<\/b> ce composteur de d\u00e9chets organiques est dot\u00e9 d\u2019une fonction autonettoyante (1&nbsp;h). Comprend un manuel d\u2019instructions pour l\u2019utilisation, l\u2019entretien et le nettoyage.<\/li>\n<\/ul>\n<p>&nbsp;<\/p>\n<p><b>Informations importantes&nbsp;:<\/b><\/p>\n<p>Ce produit s\u2019inscrit dans un <b>mode de vie engag\u00e9 en faveur de l\u2019\u00e9cologie, du recyclage et du respect de l\u2019environnement<\/b>. Il permet de r\u00e9duire les d\u00e9chets mis en d\u00e9charge et l\u2019utilisation d\u2019engrais chimiques, tout en impliquant \u00e9galement une <b>utilisation responsable de la nourriture<\/b>. Sa fonction est de transformer les d\u00e9chets organiques en compost naturel, et non de traiter de gros exc\u00e9dents de restes de nourriture.<\/p>\n<p>Ce type de <b>composteur de cuisine \u00e9lectrique<\/b> convient \u00e0 une grande vari\u00e9t\u00e9 <b>de d\u00e9chets organiques<\/b>, principalement les \u00e9pluchures et restes de fruits et l\u00e9gumes, les restes de pain et d\u2019aliments cuits, les coquilles d\u2019\u0153ufs, le marc de caf\u00e9, les herbes des tisanes, les fleurs et les feuilles de plantes, etc.<\/p>\n<p>Les autres d\u00e9chets organiques, tels que les produits animaux (viande et poisson), les os, les coquilles de fruits secs, le lait et les produits laitiers, les blancs et jaunes d\u2019\u0153ufs, les aliments gras, les beurres, les huiles de cuisson, le vinaigre, le jus, l\u2019eau, les excr\u00e9ments, etc. doivent \u00eatre \u00e9vit\u00e9s.<\/p>\n<ul>\n<li>Mat\u00e9riel:\n<ul>\n<li>Aluminium<\/li>\n<li>Cuivre<\/li>\n<li>polypropyl\u00e8ne<\/li>\n<li>Fer<\/li>\n<li>Caoutchouc<\/li>\n<\/ul>\n<\/li>\n<li>Couleur:\n<ul>\n<li>Blanc<\/li>\n<li>Noir<\/li>\n<\/ul>\n<\/li>\n<li>Type: Composteur de Cuisine \u00c9lectrique<\/li>\n<li>\u00c9co-responsable: Respectueux de l&#8217;environnement<\/li>\n<li>Propri\u00e9t\u00e9s: Inodore<\/li>\n<li>Capacit\u00e9: 3 L<\/li>\n<li>Seau: Amovible<\/li>\n<li>Inclut: Triple Lame<\/li>\n<li>Caract\u00e9ristiques: Rev\u00eatement antiadh\u00e9rent en c\u00e9ramique<\/li>\n<li>Filtre \u00e0 charbon (x3): 3x 720 h<\/li>\n<li>Dur\u00e9e de vie d\u2019un filtre: 3-6 Mois<\/li>\n<li>Cycle d&#8217;utilisation: 6-10 h<\/li>\n<li>Consommation pour un cycle complet (W): <1500 W<\/li>\n<li>Consommation pour un cycle complet (\u20ac): Entre 0,5 \u20ac et 1 \u20ac environ.<\/li>\n<li>niveau sonore: <45 dB<\/li>\n<li>vitesse: 3-6 r.p.m.<\/li>\n<li>Plage de temp\u00e9ratures de travail: 95-115 \u00b0C<\/li>\n<li>Auto-nettoyant: 1 h<\/li>\n<li>Type de prise: F<\/li>\n<li>Longueur du c\u00e2ble: 85 cm<\/li>\n<li>puissance: 550 W<\/li>\n<li>AC In: 220-240 V \/ 50-60 Hz<\/li>\n<li>Dimensions approx.: 27,3 x 30,2 x 35,5 cm<\/li>\n<li>Avertissement \/ Attention: Retirez compl\u00e8tement les 2 languettes de s\u00e9curit\u00e9 du filtre avant de l&#8217;utiliser<\/li>\n<\/ul>\n<p>Packaging et manuel en 24 langues: anglais, fran\u00e7ais, espagnol, allemand, italien, portugais, n\u00e9erlandais, polonais, hongrois, roumain, danois, su\u00e9dois, finnois, lituanien, norv\u00e9gien, slov\u00e8ne, grec, tch\u00e8que, bulgare, croate, slovaque, estonien, russe, letton.<\/p><\/div>\n<div class=\"col-md-6\">\n<div class=\"embed-responsive embed-responsive-16by9\"><iframe class=\"embed-responsive-item\" src=\"https:\/\/www.youtube.com\/embed\/JwqPP0jgRtY\" frameborder=\"0\" allowfullscreen><\/iframe><\/div>\n<\/div>","protected":false},"excerpt":{"rendered":"<p><span class=\"unit-info\">83.9967 &euro; \/ 1 l<\/span><\/p>","protected":false},"featured_media":189168,"comment_status":"open","ping_status":"closed","template":"","meta":[],"product_brand":[256],"product_cat":[1818,393,63,227,60,77,1796],"product_tag":[55,209,56],"woo-feed-brand":[],"class_list":{"0":"post-189183","1":"product","2":"type-product","3":"status-publish","4":"has-post-thumbnail","6":"product_brand-brandp_1281","7":"product_cat-accessoires-de-cuisine","8":"product_cat-autres-appareils-de-cuisines","9":"product_cat-cadeaux-originaux","10":"product_cat-cadeaux-pour-la-cuisine","11":"product_cat-cuisine-gourmet","12":"product_cat-petit-electromenager","13":"product_cat-teleachat-vu-a-la-television","14":"product_tag-tag_926","15":"product_tag-tag_1302","16":"product_tag-tag_930","18":"first","19":"instock","20":"taxable","21":"shipping-taxable","22":"purchasable","23":"product-type-simple"},"yoast_head":"<!-- This site is optimized with the Yoast SEO plugin v27.5 - https:\/\/yoast.com\/product\/yoast-seo-wordpress\/ -->\n<title>Composteur de Cuisine \u00c9lectrique Ewooster InnovaGoods | | Tupique<\/title>\n<meta name=\"description\" content=\"Envie d&#039;acheter Composteur de Cuisine \u00c9lectrique Ewooster InnovaGoods\u00a0? Achetez Composteur de Cuisine \u00c9lectrique Ewooster InnovaGoods maintenant avec Tupique en 3 versements sans int\u00e9r\u00eat.\" \/>\n<meta name=\"robots\" content=\"index, follow, max-snippet:-1, max-image-preview:large, max-video-preview:-1\" \/>\n<link rel=\"canonical\" href=\"https:\/\/tupique.com\/en\/product\/composteur-de-cuisine-electrique-ewooster-innovagoods\/\" \/>\n<meta property=\"og:locale\" content=\"en_GB\" \/>\n<meta property=\"og:type\" content=\"article\" \/>\n<meta property=\"og:title\" content=\"Composteur de Cuisine \u00c9lectrique Ewooster InnovaGoods | | Tupique\" \/>\n<meta property=\"og:description\" content=\"Envie d&#039;acheter Composteur de Cuisine \u00c9lectrique Ewooster InnovaGoods\u00a0? Achetez Composteur de Cuisine \u00c9lectrique Ewooster InnovaGoods maintenant avec Tupique en 3 versements sans int\u00e9r\u00eat.\" \/>\n<meta property=\"og:url\" content=\"https:\/\/tupique.com\/en\/product\/composteur-de-cuisine-electrique-ewooster-innovagoods\/\" \/>\n<meta property=\"og:site_name\" content=\"Tupique\" \/>\n<meta property=\"article:modified_time\" content=\"2026-05-11T21:00:21+00:00\" \/>\n<meta property=\"og:image\" content=\"https:\/\/tupique.com\/wp-content\/uploads\/2026\/05\/8435527826116_V0103836_000_MKT1.jpg\" \/>\n\t<meta property=\"og:image:width\" content=\"1200\" \/>\n\t<meta property=\"og:image:height\" content=\"1200\" \/>\n\t<meta property=\"og:image:type\" content=\"image\/jpeg\" \/>\n<meta name=\"twitter:card\" content=\"summary_large_image\" \/>\n<meta name=\"twitter:label1\" content=\"Est. reading time\" \/>\n\t<meta name=\"twitter:data1\" content=\"3 minutes\" \/>\n<script type=\"application\/ld+json\" class=\"yoast-schema-graph\">{\"@context\":\"https:\\\/\\\/schema.org\",\"@graph\":[{\"@type\":\"WebPage\",\"@id\":\"https:\\\/\\\/tupique.com\\\/pt\\\/product\\\/composteur-de-cuisine-electrique-ewooster-innovagoods\\\/\",\"url\":\"https:\\\/\\\/tupique.com\\\/pt\\\/product\\\/composteur-de-cuisine-electrique-ewooster-innovagoods\\\/\",\"name\":\"Composteur de Cuisine \u00c9lectrique Ewooster InnovaGoods | | Tupique\",\"isPartOf\":{\"@id\":\"https:\\\/\\\/tupique.com\\\/#website\"},\"primaryImageOfPage\":{\"@id\":\"https:\\\/\\\/tupique.com\\\/pt\\\/product\\\/composteur-de-cuisine-electrique-ewooster-innovagoods\\\/#primaryimage\"},\"image\":{\"@id\":\"https:\\\/\\\/tupique.com\\\/pt\\\/product\\\/composteur-de-cuisine-electrique-ewooster-innovagoods\\\/#primaryimage\"},\"thumbnailUrl\":\"https:\\\/\\\/tupique.com\\\/wp-content\\\/uploads\\\/2026\\\/05\\\/8435527826116_V0103836_000_MKT1.jpg\",\"datePublished\":\"2026-05-11T20:51:26+00:00\",\"dateModified\":\"2026-05-11T21:00:21+00:00\",\"description\":\"Envie d'acheter Composteur de Cuisine \u00c9lectrique Ewooster InnovaGoods\u00a0? Achetez Composteur de Cuisine \u00c9lectrique Ewooster InnovaGoods maintenant avec Tupique en 3 versements sans int\u00e9r\u00eat.\",\"breadcrumb\":{\"@id\":\"https:\\\/\\\/tupique.com\\\/pt\\\/product\\\/composteur-de-cuisine-electrique-ewooster-innovagoods\\\/#breadcrumb\"},\"inLanguage\":\"en-GB\",\"potentialAction\":[{\"@type\":\"ReadAction\",\"target\":[\"https:\\\/\\\/tupique.com\\\/pt\\\/product\\\/composteur-de-cuisine-electrique-ewooster-innovagoods\\\/\"]}]},{\"@type\":\"ImageObject\",\"inLanguage\":\"en-GB\",\"@id\":\"https:\\\/\\\/tupique.com\\\/pt\\\/product\\\/composteur-de-cuisine-electrique-ewooster-innovagoods\\\/#primaryimage\",\"url\":\"https:\\\/\\\/tupique.com\\\/wp-content\\\/uploads\\\/2026\\\/05\\\/8435527826116_V0103836_000_MKT1.jpg\",\"contentUrl\":\"https:\\\/\\\/tupique.com\\\/wp-content\\\/uploads\\\/2026\\\/05\\\/8435527826116_V0103836_000_MKT1.jpg\",\"width\":1200,\"height\":1200,\"caption\":\"V0103836_0\"},{\"@type\":\"BreadcrumbList\",\"@id\":\"https:\\\/\\\/tupique.com\\\/pt\\\/product\\\/composteur-de-cuisine-electrique-ewooster-innovagoods\\\/#breadcrumb\",\"itemListElement\":[{\"@type\":\"ListItem\",\"position\":1,\"name\":\"commencer\",\"item\":\"https:\\\/\\\/tupique.com\\\/\"},{\"@type\":\"ListItem\",\"position\":2,\"name\":\"Loja\",\"item\":\"https:\\\/\\\/tupique.com\\\/pt\\\/loja\\\/\"},{\"@type\":\"ListItem\",\"position\":3,\"name\":\"Composteur de Cuisine \u00c9lectrique Ewooster InnovaGoods\"}]},{\"@type\":\"WebSite\",\"@id\":\"https:\\\/\\\/tupique.com\\\/#website\",\"url\":\"https:\\\/\\\/tupique.com\\\/\",\"name\":\"Tupique\",\"description\":\"\",\"publisher\":{\"@id\":\"https:\\\/\\\/tupique.com\\\/#organization\"},\"potentialAction\":[{\"@type\":\"SearchAction\",\"target\":{\"@type\":\"EntryPoint\",\"urlTemplate\":\"https:\\\/\\\/tupique.com\\\/?s={search_term_string}\"},\"query-input\":{\"@type\":\"PropertyValueSpecification\",\"valueRequired\":true,\"valueName\":\"search_term_string\"}}],\"inLanguage\":\"en-GB\"},{\"@type\":\"Organization\",\"@id\":\"https:\\\/\\\/tupique.com\\\/#organization\",\"name\":\"Tupique\",\"url\":\"https:\\\/\\\/tupique.com\\\/\",\"logo\":{\"@type\":\"ImageObject\",\"inLanguage\":\"en-GB\",\"@id\":\"https:\\\/\\\/tupique.com\\\/#\\\/schema\\\/logo\\\/image\\\/\",\"url\":\"https:\\\/\\\/tupique.com\\\/wp-content\\\/uploads\\\/2026\\\/03\\\/logo-tupique-1.webp\",\"contentUrl\":\"https:\\\/\\\/tupique.com\\\/wp-content\\\/uploads\\\/2026\\\/03\\\/logo-tupique-1.webp\",\"width\":500,\"height\":67,\"caption\":\"Tupique\"},\"image\":{\"@id\":\"https:\\\/\\\/tupique.com\\\/#\\\/schema\\\/logo\\\/image\\\/\"}}]}<\/script>\n<!-- \/ Yoast SEO plugin. -->","yoast_head_json":{"title":"Composteur de Cuisine \u00c9lectrique Ewooster InnovaGoods | | Tupique","description":"Envie d'acheter Composteur de Cuisine \u00c9lectrique Ewooster InnovaGoods\u00a0? Achetez Composteur de Cuisine \u00c9lectrique Ewooster InnovaGoods maintenant avec Tupique en 3 versements sans int\u00e9r\u00eat.","robots":{"index":"index","follow":"follow","max-snippet":"max-snippet:-1","max-image-preview":"max-image-preview:large","max-video-preview":"max-video-preview:-1"},"canonical":"https:\/\/tupique.com\/en\/product\/composteur-de-cuisine-electrique-ewooster-innovagoods\/","og_locale":"en_GB","og_type":"article","og_title":"Composteur de Cuisine \u00c9lectrique Ewooster InnovaGoods | | Tupique","og_description":"Envie d'acheter Composteur de Cuisine \u00c9lectrique Ewooster InnovaGoods\u00a0? Achetez Composteur de Cuisine \u00c9lectrique Ewooster InnovaGoods maintenant avec Tupique en 3 versements sans int\u00e9r\u00eat.","og_url":"https:\/\/tupique.com\/en\/product\/composteur-de-cuisine-electrique-ewooster-innovagoods\/","og_site_name":"Tupique","article_modified_time":"2026-05-11T21:00:21+00:00","og_image":[{"width":1200,"height":1200,"url":"https:\/\/tupique.com\/wp-content\/uploads\/2026\/05\/8435527826116_V0103836_000_MKT1.jpg","type":"image\/jpeg"}],"twitter_card":"summary_large_image","twitter_misc":{"Est. reading time":"3 minutes"},"schema":{"@context":"https:\/\/schema.org","@graph":[{"@type":"WebPage","@id":"https:\/\/tupique.com\/pt\/product\/composteur-de-cuisine-electrique-ewooster-innovagoods\/","url":"https:\/\/tupique.com\/pt\/product\/composteur-de-cuisine-electrique-ewooster-innovagoods\/","name":"Composteur de Cuisine \u00c9lectrique Ewooster InnovaGoods | | Tupique","isPartOf":{"@id":"https:\/\/tupique.com\/#website"},"primaryImageOfPage":{"@id":"https:\/\/tupique.com\/pt\/product\/composteur-de-cuisine-electrique-ewooster-innovagoods\/#primaryimage"},"image":{"@id":"https:\/\/tupique.com\/pt\/product\/composteur-de-cuisine-electrique-ewooster-innovagoods\/#primaryimage"},"thumbnailUrl":"https:\/\/tupique.com\/wp-content\/uploads\/2026\/05\/8435527826116_V0103836_000_MKT1.jpg","datePublished":"2026-05-11T20:51:26+00:00","dateModified":"2026-05-11T21:00:21+00:00","description":"Envie d'acheter Composteur de Cuisine \u00c9lectrique Ewooster InnovaGoods\u00a0? Achetez Composteur de Cuisine \u00c9lectrique Ewooster InnovaGoods maintenant avec Tupique en 3 versements sans int\u00e9r\u00eat.","breadcrumb":{"@id":"https:\/\/tupique.com\/pt\/product\/composteur-de-cuisine-electrique-ewooster-innovagoods\/#breadcrumb"},"inLanguage":"en-GB","potentialAction":[{"@type":"ReadAction","target":["https:\/\/tupique.com\/pt\/product\/composteur-de-cuisine-electrique-ewooster-innovagoods\/"]}]},{"@type":"ImageObject","inLanguage":"en-GB","@id":"https:\/\/tupique.com\/pt\/product\/composteur-de-cuisine-electrique-ewooster-innovagoods\/#primaryimage","url":"https:\/\/tupique.com\/wp-content\/uploads\/2026\/05\/8435527826116_V0103836_000_MKT1.jpg","contentUrl":"https:\/\/tupique.com\/wp-content\/uploads\/2026\/05\/8435527826116_V0103836_000_MKT1.jpg","width":1200,"height":1200,"caption":"V0103836_0"},{"@type":"BreadcrumbList","@id":"https:\/\/tupique.com\/pt\/product\/composteur-de-cuisine-electrique-ewooster-innovagoods\/#breadcrumb","itemListElement":[{"@type":"ListItem","position":1,"name":"commencer","item":"https:\/\/tupique.com\/"},{"@type":"ListItem","position":2,"name":"Loja","item":"https:\/\/tupique.com\/pt\/loja\/"},{"@type":"ListItem","position":3,"name":"Composteur de Cuisine \u00c9lectrique Ewooster InnovaGoods"}]},{"@type":"WebSite","@id":"https:\/\/tupique.com\/#website","url":"https:\/\/tupique.com\/","name":"Tupique","description":"","publisher":{"@id":"https:\/\/tupique.com\/#organization"},"potentialAction":[{"@type":"SearchAction","target":{"@type":"EntryPoint","urlTemplate":"https:\/\/tupique.com\/?s={search_term_string}"},"query-input":{"@type":"PropertyValueSpecification","valueRequired":true,"valueName":"search_term_string"}}],"inLanguage":"en-GB"},{"@type":"Organization","@id":"https:\/\/tupique.com\/#organization","name":"Tupique","url":"https:\/\/tupique.com\/","logo":{"@type":"ImageObject","inLanguage":"en-GB","@id":"https:\/\/tupique.com\/#\/schema\/logo\/image\/","url":"https:\/\/tupique.com\/wp-content\/uploads\/2026\/03\/logo-tupique-1.webp","contentUrl":"https:\/\/tupique.com\/wp-content\/uploads\/2026\/03\/logo-tupique-1.webp","width":500,"height":67,"caption":"Tupique"},"image":{"@id":"https:\/\/tupique.com\/#\/schema\/logo\/image\/"}}]}},"_links":{"self":[{"href":"https:\/\/tupique.com\/en\/wp-json\/wp\/v2\/product\/189183","targetHints":{"allow":["GET"]}}],"collection":[{"href":"https:\/\/tupique.com\/en\/wp-json\/wp\/v2\/product"}],"about":[{"href":"https:\/\/tupique.com\/en\/wp-json\/wp\/v2\/types\/product"}],"replies":[{"embeddable":true,"href":"https:\/\/tupique.com\/en\/wp-json\/wp\/v2\/comments?post=189183"}],"wp:featuredmedia":[{"embeddable":true,"href":"https:\/\/tupique.com\/en\/wp-json\/wp\/v2\/media\/189168"}],"wp:attachment":[{"href":"https:\/\/tupique.com\/en\/wp-json\/wp\/v2\/media?parent=189183"}],"wp:term":[{"taxonomy":"product_brand","embeddable":true,"href":"https:\/\/tupique.com\/en\/wp-json\/wp\/v2\/product_brand?post=189183"},{"taxonomy":"product_cat","embeddable":true,"href":"https:\/\/tupique.com\/en\/wp-json\/wp\/v2\/product_cat?post=189183"},{"taxonomy":"product_tag","embeddable":true,"href":"https:\/\/tupique.com\/en\/wp-json\/wp\/v2\/product_tag?post=189183"},{"taxonomy":"woo-feed-brand","embeddable":true,"href":"https:\/\/tupique.com\/en\/wp-json\/wp\/v2\/woo-feed-brand?post=189183"}],"curies":[{"name":"wp","href":"https:\/\/api.w.org\/{rel}","templated":true}]}}