{"id":189247,"date":"2026-05-11T23:01:23","date_gmt":"2026-05-11T21:01:23","guid":{"rendered":"https:\/\/tupique.com\/product\/champoing-solide-beauterra-75-g-the-vert\/"},"modified":"2026-05-11T23:01:23","modified_gmt":"2026-05-11T21:01:23","slug":"champoing-solide-beauterra-75-g-the-vert","status":"publish","type":"product","link":"https:\/\/tupique.com\/en\/product\/champoing-solide-beauterra-75-g-the-vert\/","title":{"rendered":"Champoing Solide Beauterra   75 g Th\u00e9 vert"},"content":{"rendered":"<p>Vous voulez rehausser votre beaut&eacute; ou changer de look ? <b>Champoing Solide Beauterra   Th\u00e9 vert 75 g<\/b> est ce qu&#8217;il vous faut ! Profitez d&egrave;s maintenant de nos <b>produits Beauterra<\/b>&nbsp;et de tous nos autres <b>accessoires de coiffure de marque 100 % authentiques<\/b>&nbsp;!<\/p>\n<ul>\n<li>Type:\n<ul>\n<li>Cheveux<\/li>\n<li>Champoing Solide<\/li>\n<\/ul>\n<\/li>\n<li>Ingredients:\n<ul>\n<li>Th\u00e9 vert<\/li>\n<li>Prunus amygdalus dulcis (sweet almond) oil<\/li>\n<li>Sodium cocoyl isethionate<\/li>\n<li>Tetrasodium glutamate diacetate<\/li>\n<li>Water (Aqua)<\/li>\n<li>Amyl cinnamal<\/li>\n<li>Decyl glucoside<\/li>\n<li>Erythritol<\/li>\n<li>Fragrance<\/li>\n<li>Hydrogenated vegetable oil<\/li>\n<li>Limonene<\/li>\n<li>Glycerine<\/li>\n<\/ul>\n<\/li>\n<li>Features:\n<ul>\n<li>V\u00e9gane<\/li>\n<li>Ingr\u00e9dients naturels<\/li>\n<li>Ne laisse pas de r\u00e9sidus<\/li>\n<li>Sustainable packaging<\/li>\n<li>Sans Silicone<\/li>\n<\/ul>\n<\/li>\n<li>Genre: Unisexe<\/li>\n<li>Utilisation recommand\u00e9e: Cheveux normaux<\/li>\n<li>Capacit\u00e9: 75 g<\/li>\n<\/ul>","protected":false},"excerpt":{"rendered":"<p><span class=\"unit-info\">21.3200 &euro; \/ 100 gr<\/span><\/p>","protected":false},"featured_media":189246,"comment_status":"open","ping_status":"closed","template":"","meta":[],"product_brand":[2672],"product_cat":[753,752,1819],"product_tag":[722],"woo-feed-brand":[],"class_list":{"0":"post-189247","1":"product","2":"type-product","3":"status-publish","4":"has-post-thumbnail","6":"product_brand-brandp_7972","7":"product_cat-coiffure","8":"product_cat-sante-beaute","9":"product_cat-shampooings","10":"product_tag-tag_923","12":"first","13":"instock","14":"taxable","15":"shipping-taxable","16":"purchasable","17":"product-type-simple"},"yoast_head":"<!-- This site is optimized with the Yoast SEO plugin v27.5 - https:\/\/yoast.com\/product\/yoast-seo-wordpress\/ -->\n<title>Champoing Solide Beauterra  75 g Th\u00e9 vert | | Tupique<\/title>\n<meta name=\"description\" content=\"Envie d&#039;acheter Champoing Solide Beauterra  75 g Th\u00e9 vert\u00a0? Achetez Champoing Solide Beauterra  75 g Th\u00e9 vert maintenant avec Tupique en 3 versements sans int\u00e9r\u00eat.\" \/>\n<meta name=\"robots\" content=\"index, follow, max-snippet:-1, max-image-preview:large, max-video-preview:-1\" \/>\n<link rel=\"canonical\" href=\"https:\/\/tupique.com\/en\/product\/champoing-solide-beauterra-75-g-the-vert\/\" \/>\n<meta property=\"og:locale\" content=\"en_GB\" \/>\n<meta property=\"og:type\" content=\"article\" \/>\n<meta property=\"og:title\" content=\"Champoing Solide Beauterra  75 g Th\u00e9 vert | | Tupique\" \/>\n<meta property=\"og:description\" content=\"Envie d&#039;acheter Champoing Solide Beauterra  75 g Th\u00e9 vert\u00a0? Achetez Champoing Solide Beauterra  75 g Th\u00e9 vert maintenant avec Tupique en 3 versements sans int\u00e9r\u00eat.\" \/>\n<meta property=\"og:url\" content=\"https:\/\/tupique.com\/en\/product\/champoing-solide-beauterra-75-g-the-vert\/\" \/>\n<meta property=\"og:site_name\" content=\"Tupique\" \/>\n<meta name=\"twitter:card\" content=\"summary_large_image\" \/>\n<script type=\"application\/ld+json\" class=\"yoast-schema-graph\">{\"@context\":\"https:\\\/\\\/schema.org\",\"@graph\":[{\"@type\":\"WebPage\",\"@id\":\"https:\\\/\\\/tupique.com\\\/product\\\/champoing-solide-beauterra-75-g-the-vert\\\/\",\"url\":\"https:\\\/\\\/tupique.com\\\/product\\\/champoing-solide-beauterra-75-g-the-vert\\\/\",\"name\":\"Champoing Solide Beauterra 75 g Th\u00e9 vert | | Tupique\",\"isPartOf\":{\"@id\":\"https:\\\/\\\/tupique.com\\\/#website\"},\"primaryImageOfPage\":{\"@id\":\"https:\\\/\\\/tupique.com\\\/product\\\/champoing-solide-beauterra-75-g-the-vert\\\/#primaryimage\"},\"image\":{\"@id\":\"https:\\\/\\\/tupique.com\\\/product\\\/champoing-solide-beauterra-75-g-the-vert\\\/#primaryimage\"},\"thumbnailUrl\":\"https:\\\/\\\/tupique.com\\\/wp-content\\\/uploads\\\/2026\\\/05\\\/3770008167209_S05119287_P00.jpg\",\"datePublished\":\"2026-05-11T21:01:23+00:00\",\"description\":\"Envie d'acheter Champoing Solide Beauterra 75 g Th\u00e9 vert\u00a0? Achetez Champoing Solide Beauterra 75 g Th\u00e9 vert maintenant avec Tupique en 3 versements sans int\u00e9r\u00eat.\",\"breadcrumb\":{\"@id\":\"https:\\\/\\\/tupique.com\\\/product\\\/champoing-solide-beauterra-75-g-the-vert\\\/#breadcrumb\"},\"inLanguage\":\"en-GB\",\"potentialAction\":[{\"@type\":\"ReadAction\",\"target\":[\"https:\\\/\\\/tupique.com\\\/product\\\/champoing-solide-beauterra-75-g-the-vert\\\/\"]}]},{\"@type\":\"ImageObject\",\"inLanguage\":\"en-GB\",\"@id\":\"https:\\\/\\\/tupique.com\\\/product\\\/champoing-solide-beauterra-75-g-the-vert\\\/#primaryimage\",\"url\":\"https:\\\/\\\/tupique.com\\\/wp-content\\\/uploads\\\/2026\\\/05\\\/3770008167209_S05119287_P00.jpg\",\"contentUrl\":\"https:\\\/\\\/tupique.com\\\/wp-content\\\/uploads\\\/2026\\\/05\\\/3770008167209_S05119287_P00.jpg\",\"width\":1200,\"height\":1200,\"caption\":\"S05119287_0\"},{\"@type\":\"BreadcrumbList\",\"@id\":\"https:\\\/\\\/tupique.com\\\/product\\\/champoing-solide-beauterra-75-g-the-vert\\\/#breadcrumb\",\"itemListElement\":[{\"@type\":\"ListItem\",\"position\":1,\"name\":\"commencer\",\"item\":\"https:\\\/\\\/tupique.com\\\/\"},{\"@type\":\"ListItem\",\"position\":2,\"name\":\"Loja\",\"item\":\"https:\\\/\\\/tupique.com\\\/loja\\\/\"},{\"@type\":\"ListItem\",\"position\":3,\"name\":\"Champoing Solide Beauterra 75 g Th\u00e9 vert\"}]},{\"@type\":\"WebSite\",\"@id\":\"https:\\\/\\\/tupique.com\\\/#website\",\"url\":\"https:\\\/\\\/tupique.com\\\/\",\"name\":\"Tupique\",\"description\":\"\",\"publisher\":{\"@id\":\"https:\\\/\\\/tupique.com\\\/#organization\"},\"potentialAction\":[{\"@type\":\"SearchAction\",\"target\":{\"@type\":\"EntryPoint\",\"urlTemplate\":\"https:\\\/\\\/tupique.com\\\/?s={search_term_string}\"},\"query-input\":{\"@type\":\"PropertyValueSpecification\",\"valueRequired\":true,\"valueName\":\"search_term_string\"}}],\"inLanguage\":\"en-GB\"},{\"@type\":\"Organization\",\"@id\":\"https:\\\/\\\/tupique.com\\\/#organization\",\"name\":\"Tupique\",\"url\":\"https:\\\/\\\/tupique.com\\\/\",\"logo\":{\"@type\":\"ImageObject\",\"inLanguage\":\"en-GB\",\"@id\":\"https:\\\/\\\/tupique.com\\\/#\\\/schema\\\/logo\\\/image\\\/\",\"url\":\"https:\\\/\\\/tupique.com\\\/wp-content\\\/uploads\\\/2026\\\/03\\\/logo-tupique-1.webp\",\"contentUrl\":\"https:\\\/\\\/tupique.com\\\/wp-content\\\/uploads\\\/2026\\\/03\\\/logo-tupique-1.webp\",\"width\":500,\"height\":67,\"caption\":\"Tupique\"},\"image\":{\"@id\":\"https:\\\/\\\/tupique.com\\\/#\\\/schema\\\/logo\\\/image\\\/\"}}]}<\/script>\n<!-- \/ Yoast SEO plugin. -->","yoast_head_json":{"title":"Champoing Solide Beauterra  75 g Th\u00e9 vert | | Tupique","description":"Envie d'acheter Champoing Solide Beauterra  75 g Th\u00e9 vert\u00a0? Achetez Champoing Solide Beauterra  75 g Th\u00e9 vert maintenant avec Tupique en 3 versements sans int\u00e9r\u00eat.","robots":{"index":"index","follow":"follow","max-snippet":"max-snippet:-1","max-image-preview":"max-image-preview:large","max-video-preview":"max-video-preview:-1"},"canonical":"https:\/\/tupique.com\/en\/product\/champoing-solide-beauterra-75-g-the-vert\/","og_locale":"en_GB","og_type":"article","og_title":"Champoing Solide Beauterra  75 g Th\u00e9 vert | | Tupique","og_description":"Envie d'acheter Champoing Solide Beauterra  75 g Th\u00e9 vert\u00a0? Achetez Champoing Solide Beauterra  75 g Th\u00e9 vert maintenant avec Tupique en 3 versements sans int\u00e9r\u00eat.","og_url":"https:\/\/tupique.com\/en\/product\/champoing-solide-beauterra-75-g-the-vert\/","og_site_name":"Tupique","twitter_card":"summary_large_image","schema":{"@context":"https:\/\/schema.org","@graph":[{"@type":"WebPage","@id":"https:\/\/tupique.com\/product\/champoing-solide-beauterra-75-g-the-vert\/","url":"https:\/\/tupique.com\/product\/champoing-solide-beauterra-75-g-the-vert\/","name":"Champoing Solide Beauterra 75 g Th\u00e9 vert | | Tupique","isPartOf":{"@id":"https:\/\/tupique.com\/#website"},"primaryImageOfPage":{"@id":"https:\/\/tupique.com\/product\/champoing-solide-beauterra-75-g-the-vert\/#primaryimage"},"image":{"@id":"https:\/\/tupique.com\/product\/champoing-solide-beauterra-75-g-the-vert\/#primaryimage"},"thumbnailUrl":"https:\/\/tupique.com\/wp-content\/uploads\/2026\/05\/3770008167209_S05119287_P00.jpg","datePublished":"2026-05-11T21:01:23+00:00","description":"Envie d'acheter Champoing Solide Beauterra 75 g Th\u00e9 vert\u00a0? Achetez Champoing Solide Beauterra 75 g Th\u00e9 vert maintenant avec Tupique en 3 versements sans int\u00e9r\u00eat.","breadcrumb":{"@id":"https:\/\/tupique.com\/product\/champoing-solide-beauterra-75-g-the-vert\/#breadcrumb"},"inLanguage":"en-GB","potentialAction":[{"@type":"ReadAction","target":["https:\/\/tupique.com\/product\/champoing-solide-beauterra-75-g-the-vert\/"]}]},{"@type":"ImageObject","inLanguage":"en-GB","@id":"https:\/\/tupique.com\/product\/champoing-solide-beauterra-75-g-the-vert\/#primaryimage","url":"https:\/\/tupique.com\/wp-content\/uploads\/2026\/05\/3770008167209_S05119287_P00.jpg","contentUrl":"https:\/\/tupique.com\/wp-content\/uploads\/2026\/05\/3770008167209_S05119287_P00.jpg","width":1200,"height":1200,"caption":"S05119287_0"},{"@type":"BreadcrumbList","@id":"https:\/\/tupique.com\/product\/champoing-solide-beauterra-75-g-the-vert\/#breadcrumb","itemListElement":[{"@type":"ListItem","position":1,"name":"commencer","item":"https:\/\/tupique.com\/"},{"@type":"ListItem","position":2,"name":"Loja","item":"https:\/\/tupique.com\/loja\/"},{"@type":"ListItem","position":3,"name":"Champoing Solide Beauterra 75 g Th\u00e9 vert"}]},{"@type":"WebSite","@id":"https:\/\/tupique.com\/#website","url":"https:\/\/tupique.com\/","name":"Tupique","description":"","publisher":{"@id":"https:\/\/tupique.com\/#organization"},"potentialAction":[{"@type":"SearchAction","target":{"@type":"EntryPoint","urlTemplate":"https:\/\/tupique.com\/?s={search_term_string}"},"query-input":{"@type":"PropertyValueSpecification","valueRequired":true,"valueName":"search_term_string"}}],"inLanguage":"en-GB"},{"@type":"Organization","@id":"https:\/\/tupique.com\/#organization","name":"Tupique","url":"https:\/\/tupique.com\/","logo":{"@type":"ImageObject","inLanguage":"en-GB","@id":"https:\/\/tupique.com\/#\/schema\/logo\/image\/","url":"https:\/\/tupique.com\/wp-content\/uploads\/2026\/03\/logo-tupique-1.webp","contentUrl":"https:\/\/tupique.com\/wp-content\/uploads\/2026\/03\/logo-tupique-1.webp","width":500,"height":67,"caption":"Tupique"},"image":{"@id":"https:\/\/tupique.com\/#\/schema\/logo\/image\/"}}]}},"_links":{"self":[{"href":"https:\/\/tupique.com\/en\/wp-json\/wp\/v2\/product\/189247","targetHints":{"allow":["GET"]}}],"collection":[{"href":"https:\/\/tupique.com\/en\/wp-json\/wp\/v2\/product"}],"about":[{"href":"https:\/\/tupique.com\/en\/wp-json\/wp\/v2\/types\/product"}],"replies":[{"embeddable":true,"href":"https:\/\/tupique.com\/en\/wp-json\/wp\/v2\/comments?post=189247"}],"wp:featuredmedia":[{"embeddable":true,"href":"https:\/\/tupique.com\/en\/wp-json\/wp\/v2\/media\/189246"}],"wp:attachment":[{"href":"https:\/\/tupique.com\/en\/wp-json\/wp\/v2\/media?parent=189247"}],"wp:term":[{"taxonomy":"product_brand","embeddable":true,"href":"https:\/\/tupique.com\/en\/wp-json\/wp\/v2\/product_brand?post=189247"},{"taxonomy":"product_cat","embeddable":true,"href":"https:\/\/tupique.com\/en\/wp-json\/wp\/v2\/product_cat?post=189247"},{"taxonomy":"product_tag","embeddable":true,"href":"https:\/\/tupique.com\/en\/wp-json\/wp\/v2\/product_tag?post=189247"},{"taxonomy":"woo-feed-brand","embeddable":true,"href":"https:\/\/tupique.com\/en\/wp-json\/wp\/v2\/woo-feed-brand?post=189247"}],"curies":[{"name":"wp","href":"https:\/\/api.w.org\/{rel}","templated":true}]}}