{"id":190101,"date":"2026-05-11T23:42:48","date_gmt":"2026-05-11T21:42:48","guid":{"rendered":"https:\/\/tupique.com\/product\/marbueno-chaise-pliante-aluminium-avec-coussin-rayures-bleues-plage-et-piscine-52x56x80-cm-10244\/"},"modified":"2026-05-11T23:42:48","modified_gmt":"2026-05-11T21:42:48","slug":"marbueno-chaise-pliante-aluminium-avec-coussin-rayures-bleues-plage-et-piscine-52x56x80-cm-10244","status":"publish","type":"product","link":"https:\/\/tupique.com\/en\/product\/marbueno-chaise-pliante-aluminium-avec-coussin-rayures-bleues-plage-et-piscine-52x56x80-cm-10244\/","title":{"rendered":"Marbueno Chaise Pliante Aluminium avec Coussin Rayures Bleues Plage et Piscine 52X56X80 cm 10244"},"content":{"rendered":"<p>Vous voulez donner une touche d&#8217;originalit\u00e9 \u00e0 votre maison ? Vous y arriverez gr\u00e2ce au <b>Chaise Pliante Marbueno Bleu 52 x 80 x 56 cm<\/b>.<\/p>\n<ul>\n<li>Type: Chaise Pliante<\/li>\n<li>Couleur: Bleu<\/li>\n<li>Mat\u00e9riel:\n<ul>\n<li>Aluminium<\/li>\n<li>Textilene<\/li>\n<\/ul>\n<\/li>\n<li>Features:\n<ul>\n<li>Pliable<\/li>\n<li>R\u00e9sistant<\/li>\n<li>Anses<\/li>\n<li>Respirant<\/li>\n<li>antioxydante<\/li>\n<li>Utilisation pratique et simple<\/li>\n<\/ul>\n<\/li>\n<li>Inclut: Anse de transport<\/li>\n<li>Recommended use:\n<ul>\n<li>Plage<\/li>\n<li>Ext\u00e9rieur<\/li>\n<li>Jardin<\/li>\n<li>Camping<\/li>\n<\/ul>\n<\/li>\n<li>Dimensions approx.: 52 x 80 x 56 cm<\/li>\n<\/ul>","protected":false},"excerpt":{"rendered":"<p>Vous voulez donner une touche d&#8217;originalit\u00e9 \u00e0 votre maison ? Vous y arriverez gr\u00e2ce au Chaise Pliante Marbueno Bleu 52 x 80 x 56 cm. Type: Chaise Pliante Couleur: Bleu Mat\u00e9riel: Aluminium Textilene Caract\u00e9ristiques: Pliable R\u00e9sistant Anses Respirant antioxydante Utilisation pratique et simple Inclut: Anse de transport Utilisation recommand\u00e9e: Plage Ext\u00e9rieur Jardin Camping Dimensions approx.: [&hellip;]<\/p>\n","protected":false},"featured_media":190099,"comment_status":"open","ping_status":"closed","template":"","meta":[],"product_brand":[2702],"product_cat":[239,577,1216],"product_tag":[721,1816,211],"woo-feed-brand":[],"class_list":{"0":"post-190101","1":"product","2":"type-product","3":"status-publish","4":"has-post-thumbnail","6":"product_brand-brandp_9028","7":"product_cat-maison-jardin","8":"product_cat-mobilier","9":"product_cat-tables-et-chaises","10":"product_tag-tag_124","11":"product_tag-tag_1272","12":"product_tag-tag_3","14":"first","15":"instock","16":"taxable","17":"shipping-taxable","18":"purchasable","19":"product-type-simple"},"yoast_head":"<!-- This site is optimized with the Yoast SEO plugin v27.6 - https:\/\/yoast.com\/product\/yoast-seo-wordpress\/ -->\n<title>Marbueno Chaise Pliante Aluminium avec Coussin Rayures Bleues Plage et Piscine 52X56X80 cm 10244 | | Tupique<\/title>\n<meta name=\"description\" content=\"Envie d&#039;acheter Marbueno Chaise Pliante Aluminium avec Coussin Rayures Bleues Plage et Piscine 52X56X80 cm 10244\u00a0? Achetez Marbueno Chaise Pliante Aluminium avec Coussin Rayures Bleues Plage et Piscine 52X56X80 cm 10244 maintenant avec Tupique en 3 versements sans int\u00e9r\u00eat.\" \/>\n<meta name=\"robots\" content=\"index, follow, max-snippet:-1, max-image-preview:large, max-video-preview:-1\" \/>\n<link rel=\"canonical\" href=\"https:\/\/tupique.com\/en\/product\/marbueno-chaise-pliante-aluminium-avec-coussin-rayures-bleues-plage-et-piscine-52x56x80-cm-10244\/\" \/>\n<meta property=\"og:locale\" content=\"en_GB\" \/>\n<meta property=\"og:type\" content=\"article\" \/>\n<meta property=\"og:title\" content=\"Marbueno Chaise Pliante Aluminium avec Coussin Rayures Bleues Plage et Piscine 52X56X80 cm 10244 | | Tupique\" \/>\n<meta property=\"og:description\" content=\"Envie d&#039;acheter Marbueno Chaise Pliante Aluminium avec Coussin Rayures Bleues Plage et Piscine 52X56X80 cm 10244\u00a0? Achetez Marbueno Chaise Pliante Aluminium avec Coussin Rayures Bleues Plage et Piscine 52X56X80 cm 10244 maintenant avec Tupique en 3 versements sans int\u00e9r\u00eat.\" \/>\n<meta property=\"og:url\" content=\"https:\/\/tupique.com\/en\/product\/marbueno-chaise-pliante-aluminium-avec-coussin-rayures-bleues-plage-et-piscine-52x56x80-cm-10244\/\" \/>\n<meta property=\"og:site_name\" content=\"Tupique\" \/>\n<meta property=\"og:image\" content=\"https:\/\/tupique.com\/wp-content\/uploads\/2026\/05\/8435631902447_D1400043_P01.jpg\" \/>\n\t<meta property=\"og:image:width\" content=\"1200\" \/>\n\t<meta property=\"og:image:height\" content=\"1200\" \/>\n\t<meta property=\"og:image:type\" content=\"image\/jpeg\" \/>\n<meta name=\"twitter:card\" content=\"summary_large_image\" \/>\n<script type=\"application\/ld+json\" class=\"yoast-schema-graph\">{\"@context\":\"https:\\\/\\\/schema.org\",\"@graph\":[{\"@type\":\"WebPage\",\"@id\":\"https:\\\/\\\/tupique.com\\\/product\\\/marbueno-chaise-pliante-aluminium-avec-coussin-rayures-bleues-plage-et-piscine-52x56x80-cm-10244\\\/\",\"url\":\"https:\\\/\\\/tupique.com\\\/product\\\/marbueno-chaise-pliante-aluminium-avec-coussin-rayures-bleues-plage-et-piscine-52x56x80-cm-10244\\\/\",\"name\":\"Marbueno Chaise Pliante Aluminium avec Coussin Rayures Bleues Plage et Piscine 52X56X80 cm 10244 | | Tupique\",\"isPartOf\":{\"@id\":\"https:\\\/\\\/tupique.com\\\/#website\"},\"primaryImageOfPage\":{\"@id\":\"https:\\\/\\\/tupique.com\\\/product\\\/marbueno-chaise-pliante-aluminium-avec-coussin-rayures-bleues-plage-et-piscine-52x56x80-cm-10244\\\/#primaryimage\"},\"image\":{\"@id\":\"https:\\\/\\\/tupique.com\\\/product\\\/marbueno-chaise-pliante-aluminium-avec-coussin-rayures-bleues-plage-et-piscine-52x56x80-cm-10244\\\/#primaryimage\"},\"thumbnailUrl\":\"https:\\\/\\\/tupique.com\\\/wp-content\\\/uploads\\\/2026\\\/05\\\/8435631902447_D1400043_P01.jpg\",\"datePublished\":\"2026-05-11T21:42:48+00:00\",\"description\":\"Envie d'acheter Marbueno Chaise Pliante Aluminium avec Coussin Rayures Bleues Plage et Piscine 52X56X80 cm 10244\u00a0? Achetez Marbueno Chaise Pliante Aluminium avec Coussin Rayures Bleues Plage et Piscine 52X56X80 cm 10244 maintenant avec Tupique en 3 versements sans int\u00e9r\u00eat.\",\"breadcrumb\":{\"@id\":\"https:\\\/\\\/tupique.com\\\/product\\\/marbueno-chaise-pliante-aluminium-avec-coussin-rayures-bleues-plage-et-piscine-52x56x80-cm-10244\\\/#breadcrumb\"},\"inLanguage\":\"en-GB\",\"potentialAction\":[{\"@type\":\"ReadAction\",\"target\":[\"https:\\\/\\\/tupique.com\\\/product\\\/marbueno-chaise-pliante-aluminium-avec-coussin-rayures-bleues-plage-et-piscine-52x56x80-cm-10244\\\/\"]}]},{\"@type\":\"ImageObject\",\"inLanguage\":\"en-GB\",\"@id\":\"https:\\\/\\\/tupique.com\\\/product\\\/marbueno-chaise-pliante-aluminium-avec-coussin-rayures-bleues-plage-et-piscine-52x56x80-cm-10244\\\/#primaryimage\",\"url\":\"https:\\\/\\\/tupique.com\\\/wp-content\\\/uploads\\\/2026\\\/05\\\/8435631902447_D1400043_P01.jpg\",\"contentUrl\":\"https:\\\/\\\/tupique.com\\\/wp-content\\\/uploads\\\/2026\\\/05\\\/8435631902447_D1400043_P01.jpg\",\"width\":1200,\"height\":1200,\"caption\":\"D1400043_0\"},{\"@type\":\"BreadcrumbList\",\"@id\":\"https:\\\/\\\/tupique.com\\\/product\\\/marbueno-chaise-pliante-aluminium-avec-coussin-rayures-bleues-plage-et-piscine-52x56x80-cm-10244\\\/#breadcrumb\",\"itemListElement\":[{\"@type\":\"ListItem\",\"position\":1,\"name\":\"commencer\",\"item\":\"https:\\\/\\\/tupique.com\\\/\"},{\"@type\":\"ListItem\",\"position\":2,\"name\":\"Loja\",\"item\":\"https:\\\/\\\/tupique.com\\\/pt\\\/loja\\\/\"},{\"@type\":\"ListItem\",\"position\":3,\"name\":\"Marbueno Chaise Pliante Aluminium avec Coussin Rayures Bleues Plage et Piscine 52X56X80 cm 10244\"}]},{\"@type\":\"WebSite\",\"@id\":\"https:\\\/\\\/tupique.com\\\/#website\",\"url\":\"https:\\\/\\\/tupique.com\\\/\",\"name\":\"Tupique\",\"description\":\"\",\"publisher\":{\"@id\":\"https:\\\/\\\/tupique.com\\\/#organization\"},\"potentialAction\":[{\"@type\":\"SearchAction\",\"target\":{\"@type\":\"EntryPoint\",\"urlTemplate\":\"https:\\\/\\\/tupique.com\\\/?s={search_term_string}\"},\"query-input\":{\"@type\":\"PropertyValueSpecification\",\"valueRequired\":true,\"valueName\":\"search_term_string\"}}],\"inLanguage\":\"en-GB\"},{\"@type\":\"Organization\",\"@id\":\"https:\\\/\\\/tupique.com\\\/#organization\",\"name\":\"Tupique\",\"url\":\"https:\\\/\\\/tupique.com\\\/\",\"logo\":{\"@type\":\"ImageObject\",\"inLanguage\":\"en-GB\",\"@id\":\"https:\\\/\\\/tupique.com\\\/#\\\/schema\\\/logo\\\/image\\\/\",\"url\":\"https:\\\/\\\/tupique.com\\\/wp-content\\\/uploads\\\/2026\\\/03\\\/logo-tupique-1.webp\",\"contentUrl\":\"https:\\\/\\\/tupique.com\\\/wp-content\\\/uploads\\\/2026\\\/03\\\/logo-tupique-1.webp\",\"width\":500,\"height\":67,\"caption\":\"Tupique\"},\"image\":{\"@id\":\"https:\\\/\\\/tupique.com\\\/#\\\/schema\\\/logo\\\/image\\\/\"}}]}<\/script>\n<!-- \/ Yoast SEO plugin. -->","yoast_head_json":{"title":"Marbueno Chaise Pliante Aluminium avec Coussin Rayures Bleues Plage et Piscine 52X56X80 cm 10244 | | Tupique","description":"Envie d'acheter Marbueno Chaise Pliante Aluminium avec Coussin Rayures Bleues Plage et Piscine 52X56X80 cm 10244\u00a0? Achetez Marbueno Chaise Pliante Aluminium avec Coussin Rayures Bleues Plage et Piscine 52X56X80 cm 10244 maintenant avec Tupique en 3 versements sans int\u00e9r\u00eat.","robots":{"index":"index","follow":"follow","max-snippet":"max-snippet:-1","max-image-preview":"max-image-preview:large","max-video-preview":"max-video-preview:-1"},"canonical":"https:\/\/tupique.com\/en\/product\/marbueno-chaise-pliante-aluminium-avec-coussin-rayures-bleues-plage-et-piscine-52x56x80-cm-10244\/","og_locale":"en_GB","og_type":"article","og_title":"Marbueno Chaise Pliante Aluminium avec Coussin Rayures Bleues Plage et Piscine 52X56X80 cm 10244 | | Tupique","og_description":"Envie d'acheter Marbueno Chaise Pliante Aluminium avec Coussin Rayures Bleues Plage et Piscine 52X56X80 cm 10244\u00a0? Achetez Marbueno Chaise Pliante Aluminium avec Coussin Rayures Bleues Plage et Piscine 52X56X80 cm 10244 maintenant avec Tupique en 3 versements sans int\u00e9r\u00eat.","og_url":"https:\/\/tupique.com\/en\/product\/marbueno-chaise-pliante-aluminium-avec-coussin-rayures-bleues-plage-et-piscine-52x56x80-cm-10244\/","og_site_name":"Tupique","og_image":[{"width":1200,"height":1200,"url":"https:\/\/tupique.com\/wp-content\/uploads\/2026\/05\/8435631902447_D1400043_P01.jpg","type":"image\/jpeg"}],"twitter_card":"summary_large_image","schema":{"@context":"https:\/\/schema.org","@graph":[{"@type":"WebPage","@id":"https:\/\/tupique.com\/product\/marbueno-chaise-pliante-aluminium-avec-coussin-rayures-bleues-plage-et-piscine-52x56x80-cm-10244\/","url":"https:\/\/tupique.com\/product\/marbueno-chaise-pliante-aluminium-avec-coussin-rayures-bleues-plage-et-piscine-52x56x80-cm-10244\/","name":"Marbueno Chaise Pliante Aluminium avec Coussin Rayures Bleues Plage et Piscine 52X56X80 cm 10244 | | Tupique","isPartOf":{"@id":"https:\/\/tupique.com\/#website"},"primaryImageOfPage":{"@id":"https:\/\/tupique.com\/product\/marbueno-chaise-pliante-aluminium-avec-coussin-rayures-bleues-plage-et-piscine-52x56x80-cm-10244\/#primaryimage"},"image":{"@id":"https:\/\/tupique.com\/product\/marbueno-chaise-pliante-aluminium-avec-coussin-rayures-bleues-plage-et-piscine-52x56x80-cm-10244\/#primaryimage"},"thumbnailUrl":"https:\/\/tupique.com\/wp-content\/uploads\/2026\/05\/8435631902447_D1400043_P01.jpg","datePublished":"2026-05-11T21:42:48+00:00","description":"Envie d'acheter Marbueno Chaise Pliante Aluminium avec Coussin Rayures Bleues Plage et Piscine 52X56X80 cm 10244\u00a0? Achetez Marbueno Chaise Pliante Aluminium avec Coussin Rayures Bleues Plage et Piscine 52X56X80 cm 10244 maintenant avec Tupique en 3 versements sans int\u00e9r\u00eat.","breadcrumb":{"@id":"https:\/\/tupique.com\/product\/marbueno-chaise-pliante-aluminium-avec-coussin-rayures-bleues-plage-et-piscine-52x56x80-cm-10244\/#breadcrumb"},"inLanguage":"en-GB","potentialAction":[{"@type":"ReadAction","target":["https:\/\/tupique.com\/product\/marbueno-chaise-pliante-aluminium-avec-coussin-rayures-bleues-plage-et-piscine-52x56x80-cm-10244\/"]}]},{"@type":"ImageObject","inLanguage":"en-GB","@id":"https:\/\/tupique.com\/product\/marbueno-chaise-pliante-aluminium-avec-coussin-rayures-bleues-plage-et-piscine-52x56x80-cm-10244\/#primaryimage","url":"https:\/\/tupique.com\/wp-content\/uploads\/2026\/05\/8435631902447_D1400043_P01.jpg","contentUrl":"https:\/\/tupique.com\/wp-content\/uploads\/2026\/05\/8435631902447_D1400043_P01.jpg","width":1200,"height":1200,"caption":"D1400043_0"},{"@type":"BreadcrumbList","@id":"https:\/\/tupique.com\/product\/marbueno-chaise-pliante-aluminium-avec-coussin-rayures-bleues-plage-et-piscine-52x56x80-cm-10244\/#breadcrumb","itemListElement":[{"@type":"ListItem","position":1,"name":"commencer","item":"https:\/\/tupique.com\/"},{"@type":"ListItem","position":2,"name":"Loja","item":"https:\/\/tupique.com\/pt\/loja\/"},{"@type":"ListItem","position":3,"name":"Marbueno Chaise Pliante Aluminium avec Coussin Rayures Bleues Plage et Piscine 52X56X80 cm 10244"}]},{"@type":"WebSite","@id":"https:\/\/tupique.com\/#website","url":"https:\/\/tupique.com\/","name":"Tupique","description":"","publisher":{"@id":"https:\/\/tupique.com\/#organization"},"potentialAction":[{"@type":"SearchAction","target":{"@type":"EntryPoint","urlTemplate":"https:\/\/tupique.com\/?s={search_term_string}"},"query-input":{"@type":"PropertyValueSpecification","valueRequired":true,"valueName":"search_term_string"}}],"inLanguage":"en-GB"},{"@type":"Organization","@id":"https:\/\/tupique.com\/#organization","name":"Tupique","url":"https:\/\/tupique.com\/","logo":{"@type":"ImageObject","inLanguage":"en-GB","@id":"https:\/\/tupique.com\/#\/schema\/logo\/image\/","url":"https:\/\/tupique.com\/wp-content\/uploads\/2026\/03\/logo-tupique-1.webp","contentUrl":"https:\/\/tupique.com\/wp-content\/uploads\/2026\/03\/logo-tupique-1.webp","width":500,"height":67,"caption":"Tupique"},"image":{"@id":"https:\/\/tupique.com\/#\/schema\/logo\/image\/"}}]}},"_links":{"self":[{"href":"https:\/\/tupique.com\/en\/wp-json\/wp\/v2\/product\/190101","targetHints":{"allow":["GET"]}}],"collection":[{"href":"https:\/\/tupique.com\/en\/wp-json\/wp\/v2\/product"}],"about":[{"href":"https:\/\/tupique.com\/en\/wp-json\/wp\/v2\/types\/product"}],"replies":[{"embeddable":true,"href":"https:\/\/tupique.com\/en\/wp-json\/wp\/v2\/comments?post=190101"}],"wp:featuredmedia":[{"embeddable":true,"href":"https:\/\/tupique.com\/en\/wp-json\/wp\/v2\/media\/190099"}],"wp:attachment":[{"href":"https:\/\/tupique.com\/en\/wp-json\/wp\/v2\/media?parent=190101"}],"wp:term":[{"taxonomy":"product_brand","embeddable":true,"href":"https:\/\/tupique.com\/en\/wp-json\/wp\/v2\/product_brand?post=190101"},{"taxonomy":"product_cat","embeddable":true,"href":"https:\/\/tupique.com\/en\/wp-json\/wp\/v2\/product_cat?post=190101"},{"taxonomy":"product_tag","embeddable":true,"href":"https:\/\/tupique.com\/en\/wp-json\/wp\/v2\/product_tag?post=190101"},{"taxonomy":"woo-feed-brand","embeddable":true,"href":"https:\/\/tupique.com\/en\/wp-json\/wp\/v2\/woo-feed-brand?post=190101"}],"curies":[{"name":"wp","href":"https:\/\/api.w.org\/{rel}","templated":true}]}}