{"id":190107,"date":"2026-05-11T23:42:56","date_gmt":"2026-05-11T21:42:56","guid":{"rendered":"https:\/\/tupique.com\/product\/marbueno-chaise-pliante-5-positions-aluminium-aigue-marine-plage-et-piscine-63x76x78-cm-10309\/"},"modified":"2026-05-11T23:42:56","modified_gmt":"2026-05-11T21:42:56","slug":"marbueno-chaise-pliante-5-positions-aluminium-aigue-marine-plage-et-piscine-63x76x78-cm-10309","status":"publish","type":"product","link":"https:\/\/tupique.com\/en\/product\/marbueno-chaise-pliante-5-positions-aluminium-aigue-marine-plage-et-piscine-63x76x78-cm-10309\/","title":{"rendered":"Marbueno Chaise Pliante 5 Positions Aluminium Aigue-Marine Plage et Piscine 63x76x78 cm 10309"},"content":{"rendered":"<p>Vous voulez donner une touche d&#8217;originalit\u00e9 \u00e0 votre maison ? Vous y arriverez gr\u00e2ce au <b>Chaise Pliante Marbueno Aigue marine 63 x 78 x 76 cm<\/b>.<\/p>\n<p>The <b>chaise pliante<\/b> de la marque <b>Marbueno<\/b> est la combinaison parfaite de design et de confort, id\u00e9ale pour profiter de moments de d\u00e9tente en ext\u00e9rieur. Avec une attrayante <b>couleur aquamarine<\/b>, cette chaise se distingue non seulement par son esth\u00e9tique, mais aussi par ses mat\u00e9riaux de haute qualit\u00e9, fabriqu\u00e9e en <b>aluminium<\/b>, <b>plastique<\/b> and <b>Textil\u00e8ne<\/b>, qui la rendent r\u00e9sistante aux conditions climatiques et tr\u00e8s facile \u00e0 transporter gr\u00e2ce \u00e0 sa <b>poign\u00e9e<\/b>. Son design ergonomique et moderne permet de s&#8217;ajuster \u00e0 vos besoins, car elle dispose de <b>5 positions<\/b> qui facilitent le r\u00e9glage de l&#8217;inclinaison pour s&#8217;adapter \u00e0 votre confort \u00e0 tout moment de la journ\u00e9e. Les <b>dimensions approximatives<\/b> de 63 x 76 x 78 cm offrent un espace ad\u00e9quat pour s&#8217;asseoir et se d\u00e9tendre dans le jardin, au bord de la piscine ou \u00e0 la plage, faisant de cette chaise un choix polyvalent pour vos projets en plein air. Le tissu <b>Textil\u00e8ne<\/b> offre une respirabilit\u00e9, \u00e9vitant que la surface ne surchauffe, garantissant ainsi une exp\u00e9rience confortable m\u00eame lors des journ\u00e9es les plus chaudes. C&#8217;est une option pratique et esth\u00e9tique qui s&#8217;int\u00e8gre avec \u00e9l\u00e9gance dans tout environnement ext\u00e9rieur, prouvant que la qualit\u00e9 et le confort peuvent aller de pair. Cette chaise pliante Marbueno est sans aucun doute un excellent choix pour ceux qui appr\u00e9cient le repos avec style et fonctionnalit\u00e9.<\/p>\n<ul>\n<li>Type: Chaise Pliante<\/li>\n<li>Couleur: Aigue marine<\/li>\n<li>Mat\u00e9riel:\n<ul>\n<li>Aluminium<\/li>\n<li>Textilene<\/li>\n<\/ul>\n<\/li>\n<li>Features:\n<ul>\n<li>Pliable<\/li>\n<li>Anses<\/li>\n<li>Respirant<\/li>\n<li>antioxydante<\/li>\n<li>Utilisation pratique et simple<\/li>\n<\/ul>\n<\/li>\n<li>Design: Moderne<\/li>\n<li>Inclut: Anse de transport<\/li>\n<li>Positions: 5 Positions<\/li>\n<li>Recommended use:\n<ul>\n<li>Plage<\/li>\n<li>Ext\u00e9rieur<\/li>\n<li>Jardin<\/li>\n<li>Camping<\/li>\n<\/ul>\n<\/li>\n<li>Dimensions approx.: 63 x 78 x 76 cm<\/li>\n<\/ul>","protected":false},"excerpt":{"rendered":"<p>Vous voulez donner une touche d&#8217;originalit\u00e9 \u00e0 votre maison ? Vous y arriverez gr\u00e2ce au Chaise Pliante Marbueno Aigue marine 63 x 78 x 76 cm. La chaise pliante de la marque Marbueno est la combinaison parfaite de design et de confort, id\u00e9ale pour profiter de moments de d\u00e9tente en ext\u00e9rieur. Avec une attrayante couleur [&hellip;]<\/p>\n","protected":false},"featured_media":190105,"comment_status":"open","ping_status":"closed","template":"","meta":[],"product_brand":[2702],"product_cat":[239,577,1216],"product_tag":[721,1816,211],"woo-feed-brand":[],"class_list":{"0":"post-190107","1":"product","2":"type-product","3":"status-publish","4":"has-post-thumbnail","6":"product_brand-brandp_9028","7":"product_cat-maison-jardin","8":"product_cat-mobilier","9":"product_cat-tables-et-chaises","10":"product_tag-tag_124","11":"product_tag-tag_1272","12":"product_tag-tag_3","14":"first","15":"instock","16":"taxable","17":"shipping-taxable","18":"purchasable","19":"product-type-simple"},"yoast_head":"<!-- This site is optimized with the Yoast SEO plugin v27.6 - https:\/\/yoast.com\/product\/yoast-seo-wordpress\/ -->\n<title>Marbueno Chaise Pliante 5 Positions Aluminium Aigue-Marine Plage et Piscine 63x76x78 cm 10309 | | Tupique<\/title>\n<meta name=\"description\" content=\"Envie d&#039;acheter Marbueno Chaise Pliante 5 Positions Aluminium Aigue-Marine Plage et Piscine 63x76x78 cm 10309\u00a0? Achetez Marbueno Chaise Pliante 5 Positions Aluminium Aigue-Marine Plage et Piscine 63x76x78 cm 10309 maintenant avec Tupique en 3 versements sans int\u00e9r\u00eat.\" \/>\n<meta name=\"robots\" content=\"index, follow, max-snippet:-1, max-image-preview:large, max-video-preview:-1\" \/>\n<link rel=\"canonical\" href=\"https:\/\/tupique.com\/en\/product\/marbueno-chaise-pliante-5-positions-aluminium-aigue-marine-plage-et-piscine-63x76x78-cm-10309\/\" \/>\n<meta property=\"og:locale\" content=\"en_GB\" \/>\n<meta property=\"og:type\" content=\"article\" \/>\n<meta property=\"og:title\" content=\"Marbueno Chaise Pliante 5 Positions Aluminium Aigue-Marine Plage et Piscine 63x76x78 cm 10309 | | Tupique\" \/>\n<meta property=\"og:description\" content=\"Envie d&#039;acheter Marbueno Chaise Pliante 5 Positions Aluminium Aigue-Marine Plage et Piscine 63x76x78 cm 10309\u00a0? Achetez Marbueno Chaise Pliante 5 Positions Aluminium Aigue-Marine Plage et Piscine 63x76x78 cm 10309 maintenant avec Tupique en 3 versements sans int\u00e9r\u00eat.\" \/>\n<meta property=\"og:url\" content=\"https:\/\/tupique.com\/en\/product\/marbueno-chaise-pliante-5-positions-aluminium-aigue-marine-plage-et-piscine-63x76x78-cm-10309\/\" \/>\n<meta property=\"og:site_name\" content=\"Tupique\" \/>\n<meta property=\"og:image\" content=\"https:\/\/tupique.com\/wp-content\/uploads\/2026\/05\/8435631903093_D1400057_P01.jpg\" \/>\n\t<meta property=\"og:image:width\" content=\"1200\" \/>\n\t<meta property=\"og:image:height\" content=\"1200\" \/>\n\t<meta property=\"og:image:type\" content=\"image\/jpeg\" \/>\n<meta name=\"twitter:card\" content=\"summary_large_image\" \/>\n<meta name=\"twitter:label1\" content=\"Est. reading time\" \/>\n\t<meta name=\"twitter:data1\" content=\"1 minute\" \/>\n<script type=\"application\/ld+json\" class=\"yoast-schema-graph\">{\"@context\":\"https:\\\/\\\/schema.org\",\"@graph\":[{\"@type\":\"WebPage\",\"@id\":\"https:\\\/\\\/tupique.com\\\/product\\\/marbueno-chaise-pliante-5-positions-aluminium-aigue-marine-plage-et-piscine-63x76x78-cm-10309\\\/\",\"url\":\"https:\\\/\\\/tupique.com\\\/product\\\/marbueno-chaise-pliante-5-positions-aluminium-aigue-marine-plage-et-piscine-63x76x78-cm-10309\\\/\",\"name\":\"Marbueno Chaise Pliante 5 Positions Aluminium Aigue-Marine Plage et Piscine 63x76x78 cm 10309 | | Tupique\",\"isPartOf\":{\"@id\":\"https:\\\/\\\/tupique.com\\\/#website\"},\"primaryImageOfPage\":{\"@id\":\"https:\\\/\\\/tupique.com\\\/product\\\/marbueno-chaise-pliante-5-positions-aluminium-aigue-marine-plage-et-piscine-63x76x78-cm-10309\\\/#primaryimage\"},\"image\":{\"@id\":\"https:\\\/\\\/tupique.com\\\/product\\\/marbueno-chaise-pliante-5-positions-aluminium-aigue-marine-plage-et-piscine-63x76x78-cm-10309\\\/#primaryimage\"},\"thumbnailUrl\":\"https:\\\/\\\/tupique.com\\\/wp-content\\\/uploads\\\/2026\\\/05\\\/8435631903093_D1400057_P01.jpg\",\"datePublished\":\"2026-05-11T21:42:56+00:00\",\"description\":\"Envie d'acheter Marbueno Chaise Pliante 5 Positions Aluminium Aigue-Marine Plage et Piscine 63x76x78 cm 10309\u00a0? Achetez Marbueno Chaise Pliante 5 Positions Aluminium Aigue-Marine Plage et Piscine 63x76x78 cm 10309 maintenant avec Tupique en 3 versements sans int\u00e9r\u00eat.\",\"breadcrumb\":{\"@id\":\"https:\\\/\\\/tupique.com\\\/product\\\/marbueno-chaise-pliante-5-positions-aluminium-aigue-marine-plage-et-piscine-63x76x78-cm-10309\\\/#breadcrumb\"},\"inLanguage\":\"en-GB\",\"potentialAction\":[{\"@type\":\"ReadAction\",\"target\":[\"https:\\\/\\\/tupique.com\\\/product\\\/marbueno-chaise-pliante-5-positions-aluminium-aigue-marine-plage-et-piscine-63x76x78-cm-10309\\\/\"]}]},{\"@type\":\"ImageObject\",\"inLanguage\":\"en-GB\",\"@id\":\"https:\\\/\\\/tupique.com\\\/product\\\/marbueno-chaise-pliante-5-positions-aluminium-aigue-marine-plage-et-piscine-63x76x78-cm-10309\\\/#primaryimage\",\"url\":\"https:\\\/\\\/tupique.com\\\/wp-content\\\/uploads\\\/2026\\\/05\\\/8435631903093_D1400057_P01.jpg\",\"contentUrl\":\"https:\\\/\\\/tupique.com\\\/wp-content\\\/uploads\\\/2026\\\/05\\\/8435631903093_D1400057_P01.jpg\",\"width\":1200,\"height\":1200,\"caption\":\"D1400057_0\"},{\"@type\":\"BreadcrumbList\",\"@id\":\"https:\\\/\\\/tupique.com\\\/product\\\/marbueno-chaise-pliante-5-positions-aluminium-aigue-marine-plage-et-piscine-63x76x78-cm-10309\\\/#breadcrumb\",\"itemListElement\":[{\"@type\":\"ListItem\",\"position\":1,\"name\":\"commencer\",\"item\":\"https:\\\/\\\/tupique.com\\\/\"},{\"@type\":\"ListItem\",\"position\":2,\"name\":\"Loja\",\"item\":\"https:\\\/\\\/tupique.com\\\/pt\\\/loja\\\/\"},{\"@type\":\"ListItem\",\"position\":3,\"name\":\"Marbueno Chaise Pliante 5 Positions Aluminium Aigue-Marine Plage et Piscine 63x76x78 cm 10309\"}]},{\"@type\":\"WebSite\",\"@id\":\"https:\\\/\\\/tupique.com\\\/#website\",\"url\":\"https:\\\/\\\/tupique.com\\\/\",\"name\":\"Tupique\",\"description\":\"\",\"publisher\":{\"@id\":\"https:\\\/\\\/tupique.com\\\/#organization\"},\"potentialAction\":[{\"@type\":\"SearchAction\",\"target\":{\"@type\":\"EntryPoint\",\"urlTemplate\":\"https:\\\/\\\/tupique.com\\\/?s={search_term_string}\"},\"query-input\":{\"@type\":\"PropertyValueSpecification\",\"valueRequired\":true,\"valueName\":\"search_term_string\"}}],\"inLanguage\":\"en-GB\"},{\"@type\":\"Organization\",\"@id\":\"https:\\\/\\\/tupique.com\\\/#organization\",\"name\":\"Tupique\",\"url\":\"https:\\\/\\\/tupique.com\\\/\",\"logo\":{\"@type\":\"ImageObject\",\"inLanguage\":\"en-GB\",\"@id\":\"https:\\\/\\\/tupique.com\\\/#\\\/schema\\\/logo\\\/image\\\/\",\"url\":\"https:\\\/\\\/tupique.com\\\/wp-content\\\/uploads\\\/2026\\\/03\\\/logo-tupique-1.webp\",\"contentUrl\":\"https:\\\/\\\/tupique.com\\\/wp-content\\\/uploads\\\/2026\\\/03\\\/logo-tupique-1.webp\",\"width\":500,\"height\":67,\"caption\":\"Tupique\"},\"image\":{\"@id\":\"https:\\\/\\\/tupique.com\\\/#\\\/schema\\\/logo\\\/image\\\/\"}}]}<\/script>\n<!-- \/ Yoast SEO plugin. -->","yoast_head_json":{"title":"Marbueno Chaise Pliante 5 Positions Aluminium Aigue-Marine Plage et Piscine 63x76x78 cm 10309 | | Tupique","description":"Envie d'acheter Marbueno Chaise Pliante 5 Positions Aluminium Aigue-Marine Plage et Piscine 63x76x78 cm 10309\u00a0? Achetez Marbueno Chaise Pliante 5 Positions Aluminium Aigue-Marine Plage et Piscine 63x76x78 cm 10309 maintenant avec Tupique en 3 versements sans int\u00e9r\u00eat.","robots":{"index":"index","follow":"follow","max-snippet":"max-snippet:-1","max-image-preview":"max-image-preview:large","max-video-preview":"max-video-preview:-1"},"canonical":"https:\/\/tupique.com\/en\/product\/marbueno-chaise-pliante-5-positions-aluminium-aigue-marine-plage-et-piscine-63x76x78-cm-10309\/","og_locale":"en_GB","og_type":"article","og_title":"Marbueno Chaise Pliante 5 Positions Aluminium Aigue-Marine Plage et Piscine 63x76x78 cm 10309 | | Tupique","og_description":"Envie d'acheter Marbueno Chaise Pliante 5 Positions Aluminium Aigue-Marine Plage et Piscine 63x76x78 cm 10309\u00a0? Achetez Marbueno Chaise Pliante 5 Positions Aluminium Aigue-Marine Plage et Piscine 63x76x78 cm 10309 maintenant avec Tupique en 3 versements sans int\u00e9r\u00eat.","og_url":"https:\/\/tupique.com\/en\/product\/marbueno-chaise-pliante-5-positions-aluminium-aigue-marine-plage-et-piscine-63x76x78-cm-10309\/","og_site_name":"Tupique","og_image":[{"width":1200,"height":1200,"url":"https:\/\/tupique.com\/wp-content\/uploads\/2026\/05\/8435631903093_D1400057_P01.jpg","type":"image\/jpeg"}],"twitter_card":"summary_large_image","twitter_misc":{"Est. reading time":"1 minute"},"schema":{"@context":"https:\/\/schema.org","@graph":[{"@type":"WebPage","@id":"https:\/\/tupique.com\/product\/marbueno-chaise-pliante-5-positions-aluminium-aigue-marine-plage-et-piscine-63x76x78-cm-10309\/","url":"https:\/\/tupique.com\/product\/marbueno-chaise-pliante-5-positions-aluminium-aigue-marine-plage-et-piscine-63x76x78-cm-10309\/","name":"Marbueno Chaise Pliante 5 Positions Aluminium Aigue-Marine Plage et Piscine 63x76x78 cm 10309 | | Tupique","isPartOf":{"@id":"https:\/\/tupique.com\/#website"},"primaryImageOfPage":{"@id":"https:\/\/tupique.com\/product\/marbueno-chaise-pliante-5-positions-aluminium-aigue-marine-plage-et-piscine-63x76x78-cm-10309\/#primaryimage"},"image":{"@id":"https:\/\/tupique.com\/product\/marbueno-chaise-pliante-5-positions-aluminium-aigue-marine-plage-et-piscine-63x76x78-cm-10309\/#primaryimage"},"thumbnailUrl":"https:\/\/tupique.com\/wp-content\/uploads\/2026\/05\/8435631903093_D1400057_P01.jpg","datePublished":"2026-05-11T21:42:56+00:00","description":"Envie d'acheter Marbueno Chaise Pliante 5 Positions Aluminium Aigue-Marine Plage et Piscine 63x76x78 cm 10309\u00a0? Achetez Marbueno Chaise Pliante 5 Positions Aluminium Aigue-Marine Plage et Piscine 63x76x78 cm 10309 maintenant avec Tupique en 3 versements sans int\u00e9r\u00eat.","breadcrumb":{"@id":"https:\/\/tupique.com\/product\/marbueno-chaise-pliante-5-positions-aluminium-aigue-marine-plage-et-piscine-63x76x78-cm-10309\/#breadcrumb"},"inLanguage":"en-GB","potentialAction":[{"@type":"ReadAction","target":["https:\/\/tupique.com\/product\/marbueno-chaise-pliante-5-positions-aluminium-aigue-marine-plage-et-piscine-63x76x78-cm-10309\/"]}]},{"@type":"ImageObject","inLanguage":"en-GB","@id":"https:\/\/tupique.com\/product\/marbueno-chaise-pliante-5-positions-aluminium-aigue-marine-plage-et-piscine-63x76x78-cm-10309\/#primaryimage","url":"https:\/\/tupique.com\/wp-content\/uploads\/2026\/05\/8435631903093_D1400057_P01.jpg","contentUrl":"https:\/\/tupique.com\/wp-content\/uploads\/2026\/05\/8435631903093_D1400057_P01.jpg","width":1200,"height":1200,"caption":"D1400057_0"},{"@type":"BreadcrumbList","@id":"https:\/\/tupique.com\/product\/marbueno-chaise-pliante-5-positions-aluminium-aigue-marine-plage-et-piscine-63x76x78-cm-10309\/#breadcrumb","itemListElement":[{"@type":"ListItem","position":1,"name":"commencer","item":"https:\/\/tupique.com\/"},{"@type":"ListItem","position":2,"name":"Loja","item":"https:\/\/tupique.com\/pt\/loja\/"},{"@type":"ListItem","position":3,"name":"Marbueno Chaise Pliante 5 Positions Aluminium Aigue-Marine Plage et Piscine 63x76x78 cm 10309"}]},{"@type":"WebSite","@id":"https:\/\/tupique.com\/#website","url":"https:\/\/tupique.com\/","name":"Tupique","description":"","publisher":{"@id":"https:\/\/tupique.com\/#organization"},"potentialAction":[{"@type":"SearchAction","target":{"@type":"EntryPoint","urlTemplate":"https:\/\/tupique.com\/?s={search_term_string}"},"query-input":{"@type":"PropertyValueSpecification","valueRequired":true,"valueName":"search_term_string"}}],"inLanguage":"en-GB"},{"@type":"Organization","@id":"https:\/\/tupique.com\/#organization","name":"Tupique","url":"https:\/\/tupique.com\/","logo":{"@type":"ImageObject","inLanguage":"en-GB","@id":"https:\/\/tupique.com\/#\/schema\/logo\/image\/","url":"https:\/\/tupique.com\/wp-content\/uploads\/2026\/03\/logo-tupique-1.webp","contentUrl":"https:\/\/tupique.com\/wp-content\/uploads\/2026\/03\/logo-tupique-1.webp","width":500,"height":67,"caption":"Tupique"},"image":{"@id":"https:\/\/tupique.com\/#\/schema\/logo\/image\/"}}]}},"_links":{"self":[{"href":"https:\/\/tupique.com\/en\/wp-json\/wp\/v2\/product\/190107","targetHints":{"allow":["GET"]}}],"collection":[{"href":"https:\/\/tupique.com\/en\/wp-json\/wp\/v2\/product"}],"about":[{"href":"https:\/\/tupique.com\/en\/wp-json\/wp\/v2\/types\/product"}],"replies":[{"embeddable":true,"href":"https:\/\/tupique.com\/en\/wp-json\/wp\/v2\/comments?post=190107"}],"wp:featuredmedia":[{"embeddable":true,"href":"https:\/\/tupique.com\/en\/wp-json\/wp\/v2\/media\/190105"}],"wp:attachment":[{"href":"https:\/\/tupique.com\/en\/wp-json\/wp\/v2\/media?parent=190107"}],"wp:term":[{"taxonomy":"product_brand","embeddable":true,"href":"https:\/\/tupique.com\/en\/wp-json\/wp\/v2\/product_brand?post=190107"},{"taxonomy":"product_cat","embeddable":true,"href":"https:\/\/tupique.com\/en\/wp-json\/wp\/v2\/product_cat?post=190107"},{"taxonomy":"product_tag","embeddable":true,"href":"https:\/\/tupique.com\/en\/wp-json\/wp\/v2\/product_tag?post=190107"},{"taxonomy":"woo-feed-brand","embeddable":true,"href":"https:\/\/tupique.com\/en\/wp-json\/wp\/v2\/woo-feed-brand?post=190107"}],"curies":[{"name":"wp","href":"https:\/\/api.w.org\/{rel}","templated":true}]}}