{"id":190223,"date":"2026-05-11T23:57:00","date_gmt":"2026-05-11T21:57:00","guid":{"rendered":"https:\/\/tupique.com\/product\/monture-de-lunettes-homme-polaroid-pld-d421-51kb7\/"},"modified":"2026-05-11T23:57:00","modified_gmt":"2026-05-11T21:57:00","slug":"monture-de-lunettes-homme-polaroid-pld-d421-51kb7","status":"publish","type":"product","link":"https:\/\/tupique.com\/en\/product\/monture-de-lunettes-homme-polaroid-pld-d421-51kb7\/","title":{"rendered":"Monture de Lunettes Homme Polaroid PLD D421 51KB7"},"content":{"rendered":"<p>Si vous envisagez de renouveler votre garde-robe, achetez <b>Monture de Lunettes Homme Polaroid PLD D421 51KB7<\/b> et d\u2019autres<b>produits Polaroid<\/b>! La meilleure qualit\u00e9 au meilleur prix est \u00e0 votre port\u00e9e!<\/p>\n<p>The <b>monture de lunettes unisexe<\/b> <b>Polaroid PLD-D421-KB7<\/b> offre une solution polyvalente et \u00e9l\u00e9gante \u00e0 ceux qui recherchent confort et r\u00e9sistance pour un usage quotidien. Con\u00e7ue avec un m\u00e9lange soign\u00e9 de <b>polyamide<\/b> et de <b>r\u00e9sine<\/b>, mat\u00e9riaux r\u00e9put\u00e9s dans l\u2019industrie optique pour leur l\u00e9g\u00e8ret\u00e9, leur \u00e9lasticit\u00e9 et leur capacit\u00e9 d\u2019adaptation, cette monture garantit durabilit\u00e9 tout en restant agr\u00e9able \u00e0 porter longtemps. Sa teinte <b>grise<\/b> permet une int\u00e9gration facile aussi bien dans des environnements formels qu\u2019informels, s\u2019adaptant sans effort \u00e0 diff\u00e9rents styles et besoins, et convient \u00e0 tous les utilisateurs gr\u00e2ce \u00e0 son <b>design unisexe<\/b>. Le <b>pont de 22 mm<\/b> et les <b>branches de 145 mm<\/b> assurent un ajustement \u00e9quilibr\u00e9 et s\u00fbr, id\u00e9al pour des visages de diff\u00e9rentes tailles, garantissant stabilit\u00e9 et confort tout au long de la journ\u00e9e. Soutenue par la marque Polaroid, r\u00e9f\u00e9rence mondiale du secteur optique reconnue pour son engagement envers l\u2019innovation et la qualit\u00e9, cette monture allie un style moderne \u00e0 des fonctionnalit\u00e9s pens\u00e9es pour un usage quotidien fiable. La monture Polaroid PLD-D421-KB7 constitue un choix pratique et contemporain pour ceux qui recherchent un accessoire optique solide, confortable et adaptable.<\/p>\n<ul>\n<li>Caract\u00e9ristiques: Verres sans graduation<\/li>\n<li>Genre:\n<ul>\n<li>Homme<\/li>\n<li>Unisexe<\/li>\n<\/ul>\n<\/li>\n<li>Type: Monture de Lunettes<\/li>\n<li>Type de verre: Lentilles sans ordonnance<\/li>\n<\/ul>","protected":false},"excerpt":{"rendered":"<p>Si vous envisagez de renouveler votre garde-robe, achetez Monture de Lunettes Homme Polaroid PLD D421 51KB7 et d\u2019autresproduits Polaroid! La meilleure qualit\u00e9 au meilleur prix est \u00e0 votre port\u00e9e! La monture de lunettes unisexe Polaroid PLD-D421-KB7 offre une solution polyvalente et \u00e9l\u00e9gante \u00e0 ceux qui recherchent confort et r\u00e9sistance pour un usage quotidien. Con\u00e7ue avec [&hellip;]<\/p>\n","protected":false},"featured_media":190220,"comment_status":"open","ping_status":"closed","template":"","meta":[],"product_brand":[2514],"product_cat":[776,777,752],"product_tag":[723],"woo-feed-brand":[],"class_list":{"0":"post-190223","1":"product","2":"type-product","3":"status-publish","4":"has-post-thumbnail","6":"product_brand-brandp_1244","7":"product_cat-detente-et-bien-etre","8":"product_cat-lunettes-de-lecture-et-lunettes-loupes","9":"product_cat-sante-beaute","10":"product_tag-tag_1273","12":"first","13":"instock","14":"taxable","15":"shipping-taxable","16":"purchasable","17":"product-type-simple"},"yoast_head":"<!-- This site is optimized with the Yoast SEO plugin v27.6 - https:\/\/yoast.com\/product\/yoast-seo-wordpress\/ -->\n<title>Monture de Lunettes Homme Polaroid PLD D421 51KB7 | | Tupique<\/title>\n<meta name=\"description\" content=\"Envie d&#039;acheter Monture de Lunettes Homme Polaroid PLD D421 51KB7\u00a0? Achetez Monture de Lunettes Homme Polaroid PLD D421 51KB7 maintenant avec Tupique en 3 versements sans int\u00e9r\u00eat.\" \/>\n<meta name=\"robots\" content=\"index, follow, max-snippet:-1, max-image-preview:large, max-video-preview:-1\" \/>\n<link rel=\"canonical\" href=\"https:\/\/tupique.com\/en\/product\/monture-de-lunettes-homme-polaroid-pld-d421-51kb7\/\" \/>\n<meta property=\"og:locale\" content=\"en_GB\" \/>\n<meta property=\"og:type\" content=\"article\" \/>\n<meta property=\"og:title\" content=\"Monture de Lunettes Homme Polaroid PLD D421 51KB7 | | Tupique\" \/>\n<meta property=\"og:description\" content=\"Envie d&#039;acheter Monture de Lunettes Homme Polaroid PLD D421 51KB7\u00a0? Achetez Monture de Lunettes Homme Polaroid PLD D421 51KB7 maintenant avec Tupique en 3 versements sans int\u00e9r\u00eat.\" \/>\n<meta property=\"og:url\" content=\"https:\/\/tupique.com\/en\/product\/monture-de-lunettes-homme-polaroid-pld-d421-51kb7\/\" \/>\n<meta property=\"og:site_name\" content=\"Tupique\" \/>\n<meta property=\"og:image\" content=\"https:\/\/tupique.com\/wp-content\/uploads\/2026\/05\/0716736370828_S7287117_P00.jpg\" \/>\n\t<meta property=\"og:image:width\" content=\"1200\" \/>\n\t<meta property=\"og:image:height\" content=\"1200\" \/>\n\t<meta property=\"og:image:type\" content=\"image\/jpeg\" \/>\n<meta name=\"twitter:card\" content=\"summary_large_image\" \/>\n<meta name=\"twitter:label1\" content=\"Est. reading time\" \/>\n\t<meta name=\"twitter:data1\" content=\"1 minute\" \/>\n<script type=\"application\/ld+json\" class=\"yoast-schema-graph\">{\"@context\":\"https:\\\/\\\/schema.org\",\"@graph\":[{\"@type\":\"WebPage\",\"@id\":\"https:\\\/\\\/tupique.com\\\/product\\\/monture-de-lunettes-homme-polaroid-pld-d421-51kb7\\\/\",\"url\":\"https:\\\/\\\/tupique.com\\\/product\\\/monture-de-lunettes-homme-polaroid-pld-d421-51kb7\\\/\",\"name\":\"Monture de Lunettes Homme Polaroid PLD D421 51KB7 | | Tupique\",\"isPartOf\":{\"@id\":\"https:\\\/\\\/tupique.com\\\/#website\"},\"primaryImageOfPage\":{\"@id\":\"https:\\\/\\\/tupique.com\\\/product\\\/monture-de-lunettes-homme-polaroid-pld-d421-51kb7\\\/#primaryimage\"},\"image\":{\"@id\":\"https:\\\/\\\/tupique.com\\\/product\\\/monture-de-lunettes-homme-polaroid-pld-d421-51kb7\\\/#primaryimage\"},\"thumbnailUrl\":\"https:\\\/\\\/tupique.com\\\/wp-content\\\/uploads\\\/2026\\\/05\\\/0716736370828_S7287117_P00.jpg\",\"datePublished\":\"2026-05-11T21:57:00+00:00\",\"description\":\"Envie d'acheter Monture de Lunettes Homme Polaroid PLD D421 51KB7\u00a0? Achetez Monture de Lunettes Homme Polaroid PLD D421 51KB7 maintenant avec Tupique en 3 versements sans int\u00e9r\u00eat.\",\"breadcrumb\":{\"@id\":\"https:\\\/\\\/tupique.com\\\/product\\\/monture-de-lunettes-homme-polaroid-pld-d421-51kb7\\\/#breadcrumb\"},\"inLanguage\":\"en-GB\",\"potentialAction\":[{\"@type\":\"ReadAction\",\"target\":[\"https:\\\/\\\/tupique.com\\\/product\\\/monture-de-lunettes-homme-polaroid-pld-d421-51kb7\\\/\"]}]},{\"@type\":\"ImageObject\",\"inLanguage\":\"en-GB\",\"@id\":\"https:\\\/\\\/tupique.com\\\/product\\\/monture-de-lunettes-homme-polaroid-pld-d421-51kb7\\\/#primaryimage\",\"url\":\"https:\\\/\\\/tupique.com\\\/wp-content\\\/uploads\\\/2026\\\/05\\\/0716736370828_S7287117_P00.jpg\",\"contentUrl\":\"https:\\\/\\\/tupique.com\\\/wp-content\\\/uploads\\\/2026\\\/05\\\/0716736370828_S7287117_P00.jpg\",\"width\":1200,\"height\":1200,\"caption\":\"S7287117_0\"},{\"@type\":\"BreadcrumbList\",\"@id\":\"https:\\\/\\\/tupique.com\\\/product\\\/monture-de-lunettes-homme-polaroid-pld-d421-51kb7\\\/#breadcrumb\",\"itemListElement\":[{\"@type\":\"ListItem\",\"position\":1,\"name\":\"commencer\",\"item\":\"https:\\\/\\\/tupique.com\\\/\"},{\"@type\":\"ListItem\",\"position\":2,\"name\":\"Loja\",\"item\":\"https:\\\/\\\/tupique.com\\\/pt\\\/loja\\\/\"},{\"@type\":\"ListItem\",\"position\":3,\"name\":\"Monture de Lunettes Homme Polaroid PLD D421 51KB7\"}]},{\"@type\":\"WebSite\",\"@id\":\"https:\\\/\\\/tupique.com\\\/#website\",\"url\":\"https:\\\/\\\/tupique.com\\\/\",\"name\":\"Tupique\",\"description\":\"\",\"publisher\":{\"@id\":\"https:\\\/\\\/tupique.com\\\/#organization\"},\"potentialAction\":[{\"@type\":\"SearchAction\",\"target\":{\"@type\":\"EntryPoint\",\"urlTemplate\":\"https:\\\/\\\/tupique.com\\\/?s={search_term_string}\"},\"query-input\":{\"@type\":\"PropertyValueSpecification\",\"valueRequired\":true,\"valueName\":\"search_term_string\"}}],\"inLanguage\":\"en-GB\"},{\"@type\":\"Organization\",\"@id\":\"https:\\\/\\\/tupique.com\\\/#organization\",\"name\":\"Tupique\",\"url\":\"https:\\\/\\\/tupique.com\\\/\",\"logo\":{\"@type\":\"ImageObject\",\"inLanguage\":\"en-GB\",\"@id\":\"https:\\\/\\\/tupique.com\\\/#\\\/schema\\\/logo\\\/image\\\/\",\"url\":\"https:\\\/\\\/tupique.com\\\/wp-content\\\/uploads\\\/2026\\\/03\\\/logo-tupique-1.webp\",\"contentUrl\":\"https:\\\/\\\/tupique.com\\\/wp-content\\\/uploads\\\/2026\\\/03\\\/logo-tupique-1.webp\",\"width\":500,\"height\":67,\"caption\":\"Tupique\"},\"image\":{\"@id\":\"https:\\\/\\\/tupique.com\\\/#\\\/schema\\\/logo\\\/image\\\/\"}}]}<\/script>\n<!-- \/ Yoast SEO plugin. -->","yoast_head_json":{"title":"Monture de Lunettes Homme Polaroid PLD D421 51KB7 | | Tupique","description":"Envie d'acheter Monture de Lunettes Homme Polaroid PLD D421 51KB7\u00a0? Achetez Monture de Lunettes Homme Polaroid PLD D421 51KB7 maintenant avec Tupique en 3 versements sans int\u00e9r\u00eat.","robots":{"index":"index","follow":"follow","max-snippet":"max-snippet:-1","max-image-preview":"max-image-preview:large","max-video-preview":"max-video-preview:-1"},"canonical":"https:\/\/tupique.com\/en\/product\/monture-de-lunettes-homme-polaroid-pld-d421-51kb7\/","og_locale":"en_GB","og_type":"article","og_title":"Monture de Lunettes Homme Polaroid PLD D421 51KB7 | | Tupique","og_description":"Envie d'acheter Monture de Lunettes Homme Polaroid PLD D421 51KB7\u00a0? Achetez Monture de Lunettes Homme Polaroid PLD D421 51KB7 maintenant avec Tupique en 3 versements sans int\u00e9r\u00eat.","og_url":"https:\/\/tupique.com\/en\/product\/monture-de-lunettes-homme-polaroid-pld-d421-51kb7\/","og_site_name":"Tupique","og_image":[{"width":1200,"height":1200,"url":"https:\/\/tupique.com\/wp-content\/uploads\/2026\/05\/0716736370828_S7287117_P00.jpg","type":"image\/jpeg"}],"twitter_card":"summary_large_image","twitter_misc":{"Est. reading time":"1 minute"},"schema":{"@context":"https:\/\/schema.org","@graph":[{"@type":"WebPage","@id":"https:\/\/tupique.com\/product\/monture-de-lunettes-homme-polaroid-pld-d421-51kb7\/","url":"https:\/\/tupique.com\/product\/monture-de-lunettes-homme-polaroid-pld-d421-51kb7\/","name":"Monture de Lunettes Homme Polaroid PLD D421 51KB7 | | Tupique","isPartOf":{"@id":"https:\/\/tupique.com\/#website"},"primaryImageOfPage":{"@id":"https:\/\/tupique.com\/product\/monture-de-lunettes-homme-polaroid-pld-d421-51kb7\/#primaryimage"},"image":{"@id":"https:\/\/tupique.com\/product\/monture-de-lunettes-homme-polaroid-pld-d421-51kb7\/#primaryimage"},"thumbnailUrl":"https:\/\/tupique.com\/wp-content\/uploads\/2026\/05\/0716736370828_S7287117_P00.jpg","datePublished":"2026-05-11T21:57:00+00:00","description":"Envie d'acheter Monture de Lunettes Homme Polaroid PLD D421 51KB7\u00a0? Achetez Monture de Lunettes Homme Polaroid PLD D421 51KB7 maintenant avec Tupique en 3 versements sans int\u00e9r\u00eat.","breadcrumb":{"@id":"https:\/\/tupique.com\/product\/monture-de-lunettes-homme-polaroid-pld-d421-51kb7\/#breadcrumb"},"inLanguage":"en-GB","potentialAction":[{"@type":"ReadAction","target":["https:\/\/tupique.com\/product\/monture-de-lunettes-homme-polaroid-pld-d421-51kb7\/"]}]},{"@type":"ImageObject","inLanguage":"en-GB","@id":"https:\/\/tupique.com\/product\/monture-de-lunettes-homme-polaroid-pld-d421-51kb7\/#primaryimage","url":"https:\/\/tupique.com\/wp-content\/uploads\/2026\/05\/0716736370828_S7287117_P00.jpg","contentUrl":"https:\/\/tupique.com\/wp-content\/uploads\/2026\/05\/0716736370828_S7287117_P00.jpg","width":1200,"height":1200,"caption":"S7287117_0"},{"@type":"BreadcrumbList","@id":"https:\/\/tupique.com\/product\/monture-de-lunettes-homme-polaroid-pld-d421-51kb7\/#breadcrumb","itemListElement":[{"@type":"ListItem","position":1,"name":"commencer","item":"https:\/\/tupique.com\/"},{"@type":"ListItem","position":2,"name":"Loja","item":"https:\/\/tupique.com\/pt\/loja\/"},{"@type":"ListItem","position":3,"name":"Monture de Lunettes Homme Polaroid PLD D421 51KB7"}]},{"@type":"WebSite","@id":"https:\/\/tupique.com\/#website","url":"https:\/\/tupique.com\/","name":"Tupique","description":"","publisher":{"@id":"https:\/\/tupique.com\/#organization"},"potentialAction":[{"@type":"SearchAction","target":{"@type":"EntryPoint","urlTemplate":"https:\/\/tupique.com\/?s={search_term_string}"},"query-input":{"@type":"PropertyValueSpecification","valueRequired":true,"valueName":"search_term_string"}}],"inLanguage":"en-GB"},{"@type":"Organization","@id":"https:\/\/tupique.com\/#organization","name":"Tupique","url":"https:\/\/tupique.com\/","logo":{"@type":"ImageObject","inLanguage":"en-GB","@id":"https:\/\/tupique.com\/#\/schema\/logo\/image\/","url":"https:\/\/tupique.com\/wp-content\/uploads\/2026\/03\/logo-tupique-1.webp","contentUrl":"https:\/\/tupique.com\/wp-content\/uploads\/2026\/03\/logo-tupique-1.webp","width":500,"height":67,"caption":"Tupique"},"image":{"@id":"https:\/\/tupique.com\/#\/schema\/logo\/image\/"}}]}},"_links":{"self":[{"href":"https:\/\/tupique.com\/en\/wp-json\/wp\/v2\/product\/190223","targetHints":{"allow":["GET"]}}],"collection":[{"href":"https:\/\/tupique.com\/en\/wp-json\/wp\/v2\/product"}],"about":[{"href":"https:\/\/tupique.com\/en\/wp-json\/wp\/v2\/types\/product"}],"replies":[{"embeddable":true,"href":"https:\/\/tupique.com\/en\/wp-json\/wp\/v2\/comments?post=190223"}],"wp:featuredmedia":[{"embeddable":true,"href":"https:\/\/tupique.com\/en\/wp-json\/wp\/v2\/media\/190220"}],"wp:attachment":[{"href":"https:\/\/tupique.com\/en\/wp-json\/wp\/v2\/media?parent=190223"}],"wp:term":[{"taxonomy":"product_brand","embeddable":true,"href":"https:\/\/tupique.com\/en\/wp-json\/wp\/v2\/product_brand?post=190223"},{"taxonomy":"product_cat","embeddable":true,"href":"https:\/\/tupique.com\/en\/wp-json\/wp\/v2\/product_cat?post=190223"},{"taxonomy":"product_tag","embeddable":true,"href":"https:\/\/tupique.com\/en\/wp-json\/wp\/v2\/product_tag?post=190223"},{"taxonomy":"woo-feed-brand","embeddable":true,"href":"https:\/\/tupique.com\/en\/wp-json\/wp\/v2\/woo-feed-brand?post=190223"}],"curies":[{"name":"wp","href":"https:\/\/api.w.org\/{rel}","templated":true}]}}