{"id":191123,"date":"2026-05-12T01:09:30","date_gmt":"2026-05-11T23:09:30","guid":{"rendered":"https:\/\/tupique.com\/product\/creme-antirides-skin-generics-wakame-marine-collagen-50-ml\/"},"modified":"2026-05-12T01:09:30","modified_gmt":"2026-05-11T23:09:30","slug":"creme-antirides-skin-generics-wakame-marine-collagen-50-ml","status":"publish","type":"product","link":"https:\/\/tupique.com\/en\/product\/creme-antirides-skin-generics-wakame-marine-collagen-50-ml\/","title":{"rendered":"Cr\u00e8me antirides Skin Generics Wakame + Marine Collagen 50 ml"},"content":{"rendered":"<p>Vous cherchez un moyen de booster votre sex-appeal ?<b>&nbsp;Cr\u00e8me antirides Skin Generics Wakame + Marine Collagen 50 ml<\/b>&nbsp;est ce qu&#8217;il vous faut ! Essayez d&egrave;s maintenant nos&nbsp;<b>produits Skin Generics<\/b>&nbsp;<b>100 % authentiques<\/b>&nbsp;et confiez votre beaut&eacute; aux mains des plus grands professionnels du secteur !<\/p>\n<p>The <b>cr\u00e8me anti-rides<\/b> <b>Wakame + Marine Collagen d\u2019Ellips<\/b> est formul\u00e9e pour offrir un soin du visage avanc\u00e9 et efficace, con\u00e7ue pour <b>femme<\/b> and <b>unisexe<\/b> et adapt\u00e9e \u00e0 <b>tous types de peau<\/b>, y compris la <b>dry skin<\/b> and the <b>peau normale<\/b>. Pr\u00e9sent\u00e9e en flacon de <b>50 ml<\/b>, cette cr\u00e8me associe des actifs performants comme l\u2019<b>Hyaluronic acid<\/b>, reconnu pour son hydratation intense et sa capacit\u00e9 \u00e0 retenir l\u2019eau dans la peau, et le <b>collag\u00e8ne marin soluble<\/b>, qui aide \u00e0 am\u00e9liorer l\u2019\u00e9lasticit\u00e9 et la fermet\u00e9, en r\u00e9duisant visiblement l\u2019apparence des rides. Elle contient \u00e9galement de l\u2019extrait d\u2019<b>Undaria pinnatifida (wakame)<\/b>, une algue marine riche en antioxydants, qui prot\u00e8ge des agressions environnementales et favorise la r\u00e9g\u00e9n\u00e9ration cellulaire. Sa formule v\u00e9gane \u2014<b>non test\u00e9e sur les animaux<\/b> et sans parab\u00e8nes\u2014 r\u00e9pond aux attentes de ceux qui privil\u00e9gient une cosm\u00e9tique responsable et s\u00fbre, tout en int\u00e9grant des ingr\u00e9dients hydratants comme la <b>glycerine<\/b> and the <b>squalane<\/b> pour restaurer la douceur et am\u00e9liorer la texture de la peau. De plus, la pr\u00e9sence de <b>tr\u00e9halose<\/b> aide \u00e0 maintenir l\u2019\u00e9quilibre hydrique, tandis que l\u2019<b>ac\u00e9tate de tocoph\u00e9rol<\/b> (vitamine E) offre une action antioxydante suppl\u00e9mentaire, contribuant \u00e0 la protection et \u00e0 la vitalit\u00e9 du visage. Adapt\u00e9e au soin quotidien et recommand\u00e9e comme base raffermissante et hydratante, sa texture l\u00e9g\u00e8re s\u2019absorbe facilement sans laisser de fini gras, ce qui en fait une option polyvalente pour les routines de jour comme de nuit. Fabriqu\u00e9e en Espagne selon des normes de qualit\u00e9 strictes, la cr\u00e8me anti-rides Ellips Wakame + Marine Collagen se distingue comme une solution avanc\u00e9e de soin du visage, destin\u00e9e \u00e0 ceux qui recherchent une peau plus douce, souple et d\u2019apparence rajeunie.<\/p>\n<ul>\n<li>Properties\n<ul>\n<li>Moisturiser<\/li>\n<li>Firming<\/li>\n<li>Anti-wrinkle<\/li>\n<li>Sans parab\u00e8nes<\/li>\n<\/ul>\n<\/li>\n<li>Type:\n<ul>\n<li>Cr\u00e8me visage<\/li>\n<li>Cosmetics<\/li>\n<li>Cr\u00e8me de jour<\/li>\n<\/ul>\n<\/li>\n<li>Features:\n<ul>\n<li>V\u00e9gane<\/li>\n<li>Non test\u00e9 sur animaux<\/li>\n<\/ul>\n<\/li>\n<li>Genre:\n<ul>\n<li>Femme<\/li>\n<li>Unisexe<\/li>\n<\/ul>\n<\/li>\n<li>Texture: Cr\u00e8me<\/li>\n<li>Recommended use:\n<ul>\n<li>Normal skin<\/li>\n<li>Dry skin<\/li>\n<li>All skin types<\/li>\n<\/ul>\n<\/li>\n<li>Ingredients:\n<ul>\n<li>Polysorbate 60<\/li>\n<li>Propanediol<\/li>\n<li>Sodium hyaluronate<\/li>\n<li>Sodium benzoate<\/li>\n<li>Sodium citrate<\/li>\n<li>Sodium polyacrylate<\/li>\n<li>Soluble collagen<\/li>\n<li>Sorbitan isostearate<\/li>\n<li>Sorbitan olivate<\/li>\n<li>Squalane<\/li>\n<li>Titanium dioxide<\/li>\n<li>Tocopheryl acetate<\/li>\n<li>Trehalose<\/li>\n<li>Undaria pinnatifida extract<\/li>\n<li>Water (Aqua)<\/li>\n<li>Caprylyl glycol<\/li>\n<li>Cetearyl olivate<\/li>\n<li>Citric acid<\/li>\n<li>Cyclomethicone<\/li>\n<li>Dimethicone crosspolymer<\/li>\n<li>Dimethicone\/vinyl dimethicone crosspolymer<\/li>\n<li>Dimethiconol<\/li>\n<li>Disodium EDTA<\/li>\n<li>Ethylhexylglycerin<\/li>\n<li>Fragrance<\/li>\n<li>Glyceryl stearate<\/li>\n<li>Hydrolyzed jojoba esters<\/li>\n<li>Hydroxyethyl acrylate\/sodium acryloyldimethyl taurate copolymer<\/li>\n<li>Mica<\/li>\n<li>Phenoxyethanol<\/li>\n<li>Glycerine<\/li>\n<li>Cetearyl alcohol<\/li>\n<li>2-hexanediol<\/li>\n<li>Acide Hyaluronique<\/li>\n<\/ul>\n<\/li>\n<li>Capacity: 50 ml<\/li>\n<\/ul>","protected":false},"excerpt":{"rendered":"<p><span class=\"unit-info\">65.9800 &euro; \/ 100 ml<\/span><\/p>","protected":false},"featured_media":191122,"comment_status":"open","ping_status":"closed","template":"","meta":[],"product_brand":[2728],"product_cat":[1503,769,1495],"product_tag":[722,1672],"woo-feed-brand":[],"class_list":{"0":"post-191123","1":"product","2":"type-product","3":"status-publish","4":"has-post-thumbnail","6":"product_brand-brandp_3756","7":"product_cat-cremes-anti-rides-et-hydratantes","8":"product_cat-parfum-cosmetique","9":"product_cat-soin-du-visage","10":"product_tag-tag_923","11":"product_tag-tag_1280","13":"first","14":"instock","15":"taxable","16":"shipping-taxable","17":"purchasable","18":"product-type-simple"},"yoast_head":"<!-- This site is optimized with the Yoast SEO plugin v27.6 - https:\/\/yoast.com\/product\/yoast-seo-wordpress\/ -->\n<title>Cr\u00e8me antirides Skin Generics Wakame + Marine Collagen 50 ml | | Tupique<\/title>\n<meta name=\"description\" content=\"Envie d&#039;acheter Cr\u00e8me antirides Skin Generics Wakame + Marine Collagen 50 ml\u00a0? Achetez Cr\u00e8me antirides Skin Generics Wakame + Marine Collagen 50 ml maintenant avec Tupique en 3 versements sans int\u00e9r\u00eat.\" \/>\n<meta name=\"robots\" content=\"index, follow, max-snippet:-1, max-image-preview:large, max-video-preview:-1\" \/>\n<link rel=\"canonical\" href=\"https:\/\/tupique.com\/en\/product\/creme-antirides-skin-generics-wakame-marine-collagen-50-ml\/\" \/>\n<meta property=\"og:locale\" content=\"en_GB\" \/>\n<meta property=\"og:type\" content=\"article\" \/>\n<meta property=\"og:title\" content=\"Cr\u00e8me antirides Skin Generics Wakame + Marine Collagen 50 ml | | Tupique\" \/>\n<meta property=\"og:description\" content=\"Envie d&#039;acheter Cr\u00e8me antirides Skin Generics Wakame + Marine Collagen 50 ml\u00a0? Achetez Cr\u00e8me antirides Skin Generics Wakame + Marine Collagen 50 ml maintenant avec Tupique en 3 versements sans int\u00e9r\u00eat.\" \/>\n<meta property=\"og:url\" content=\"https:\/\/tupique.com\/en\/product\/creme-antirides-skin-generics-wakame-marine-collagen-50-ml\/\" \/>\n<meta property=\"og:site_name\" content=\"Tupique\" \/>\n<meta property=\"og:image\" content=\"https:\/\/tupique.com\/wp-content\/uploads\/2026\/05\/8436559342940_S05120338_P00.jpg\" \/>\n\t<meta property=\"og:image:width\" content=\"1200\" \/>\n\t<meta property=\"og:image:height\" content=\"1200\" \/>\n\t<meta property=\"og:image:type\" content=\"image\/jpeg\" \/>\n<meta name=\"twitter:card\" content=\"summary_large_image\" \/>\n<meta name=\"twitter:label1\" content=\"Est. reading time\" \/>\n\t<meta name=\"twitter:data1\" content=\"2 minutes\" \/>\n<script type=\"application\/ld+json\" class=\"yoast-schema-graph\">{\"@context\":\"https:\\\/\\\/schema.org\",\"@graph\":[{\"@type\":\"WebPage\",\"@id\":\"https:\\\/\\\/tupique.com\\\/en\\\/product\\\/creme-antirides-skin-generics-wakame-marine-collagen-50-ml\\\/\",\"url\":\"https:\\\/\\\/tupique.com\\\/en\\\/product\\\/creme-antirides-skin-generics-wakame-marine-collagen-50-ml\\\/\",\"name\":\"Cr\u00e8me antirides Skin Generics Wakame + Marine Collagen 50 ml | | Tupique\",\"isPartOf\":{\"@id\":\"https:\\\/\\\/tupique.com\\\/#website\"},\"primaryImageOfPage\":{\"@id\":\"https:\\\/\\\/tupique.com\\\/en\\\/product\\\/creme-antirides-skin-generics-wakame-marine-collagen-50-ml\\\/#primaryimage\"},\"image\":{\"@id\":\"https:\\\/\\\/tupique.com\\\/en\\\/product\\\/creme-antirides-skin-generics-wakame-marine-collagen-50-ml\\\/#primaryimage\"},\"thumbnailUrl\":\"https:\\\/\\\/tupique.com\\\/wp-content\\\/uploads\\\/2026\\\/05\\\/8436559342940_S05120338_P00.jpg\",\"datePublished\":\"2026-05-11T23:09:30+00:00\",\"description\":\"Envie d'acheter Cr\u00e8me antirides Skin Generics Wakame + Marine Collagen 50 ml\u00a0? Achetez Cr\u00e8me antirides Skin Generics Wakame + Marine Collagen 50 ml maintenant avec Tupique en 3 versements sans int\u00e9r\u00eat.\",\"breadcrumb\":{\"@id\":\"https:\\\/\\\/tupique.com\\\/en\\\/product\\\/creme-antirides-skin-generics-wakame-marine-collagen-50-ml\\\/#breadcrumb\"},\"inLanguage\":\"en-GB\",\"potentialAction\":[{\"@type\":\"ReadAction\",\"target\":[\"https:\\\/\\\/tupique.com\\\/en\\\/product\\\/creme-antirides-skin-generics-wakame-marine-collagen-50-ml\\\/\"]}]},{\"@type\":\"ImageObject\",\"inLanguage\":\"en-GB\",\"@id\":\"https:\\\/\\\/tupique.com\\\/en\\\/product\\\/creme-antirides-skin-generics-wakame-marine-collagen-50-ml\\\/#primaryimage\",\"url\":\"https:\\\/\\\/tupique.com\\\/wp-content\\\/uploads\\\/2026\\\/05\\\/8436559342940_S05120338_P00.jpg\",\"contentUrl\":\"https:\\\/\\\/tupique.com\\\/wp-content\\\/uploads\\\/2026\\\/05\\\/8436559342940_S05120338_P00.jpg\",\"width\":1200,\"height\":1200,\"caption\":\"S05120338_0\"},{\"@type\":\"BreadcrumbList\",\"@id\":\"https:\\\/\\\/tupique.com\\\/en\\\/product\\\/creme-antirides-skin-generics-wakame-marine-collagen-50-ml\\\/#breadcrumb\",\"itemListElement\":[{\"@type\":\"ListItem\",\"position\":1,\"name\":\"commencer\",\"item\":\"https:\\\/\\\/tupique.com\\\/\"},{\"@type\":\"ListItem\",\"position\":2,\"name\":\"Loja\",\"item\":\"https:\\\/\\\/tupique.com\\\/pt\\\/loja\\\/\"},{\"@type\":\"ListItem\",\"position\":3,\"name\":\"Cr\u00e8me antirides Skin Generics Wakame + Marine Collagen 50 ml\"}]},{\"@type\":\"WebSite\",\"@id\":\"https:\\\/\\\/tupique.com\\\/#website\",\"url\":\"https:\\\/\\\/tupique.com\\\/\",\"name\":\"Tupique\",\"description\":\"\",\"publisher\":{\"@id\":\"https:\\\/\\\/tupique.com\\\/#organization\"},\"potentialAction\":[{\"@type\":\"SearchAction\",\"target\":{\"@type\":\"EntryPoint\",\"urlTemplate\":\"https:\\\/\\\/tupique.com\\\/?s={search_term_string}\"},\"query-input\":{\"@type\":\"PropertyValueSpecification\",\"valueRequired\":true,\"valueName\":\"search_term_string\"}}],\"inLanguage\":\"en-GB\"},{\"@type\":\"Organization\",\"@id\":\"https:\\\/\\\/tupique.com\\\/#organization\",\"name\":\"Tupique\",\"url\":\"https:\\\/\\\/tupique.com\\\/\",\"logo\":{\"@type\":\"ImageObject\",\"inLanguage\":\"en-GB\",\"@id\":\"https:\\\/\\\/tupique.com\\\/#\\\/schema\\\/logo\\\/image\\\/\",\"url\":\"https:\\\/\\\/tupique.com\\\/wp-content\\\/uploads\\\/2026\\\/03\\\/logo-tupique-1.webp\",\"contentUrl\":\"https:\\\/\\\/tupique.com\\\/wp-content\\\/uploads\\\/2026\\\/03\\\/logo-tupique-1.webp\",\"width\":500,\"height\":67,\"caption\":\"Tupique\"},\"image\":{\"@id\":\"https:\\\/\\\/tupique.com\\\/#\\\/schema\\\/logo\\\/image\\\/\"}}]}<\/script>\n<!-- \/ Yoast SEO plugin. -->","yoast_head_json":{"title":"Cr\u00e8me antirides Skin Generics Wakame + Marine Collagen 50 ml | | Tupique","description":"Envie d'acheter Cr\u00e8me antirides Skin Generics Wakame + Marine Collagen 50 ml\u00a0? Achetez Cr\u00e8me antirides Skin Generics Wakame + Marine Collagen 50 ml maintenant avec Tupique en 3 versements sans int\u00e9r\u00eat.","robots":{"index":"index","follow":"follow","max-snippet":"max-snippet:-1","max-image-preview":"max-image-preview:large","max-video-preview":"max-video-preview:-1"},"canonical":"https:\/\/tupique.com\/en\/product\/creme-antirides-skin-generics-wakame-marine-collagen-50-ml\/","og_locale":"en_GB","og_type":"article","og_title":"Cr\u00e8me antirides Skin Generics Wakame + Marine Collagen 50 ml | | Tupique","og_description":"Envie d'acheter Cr\u00e8me antirides Skin Generics Wakame + Marine Collagen 50 ml\u00a0? Achetez Cr\u00e8me antirides Skin Generics Wakame + Marine Collagen 50 ml maintenant avec Tupique en 3 versements sans int\u00e9r\u00eat.","og_url":"https:\/\/tupique.com\/en\/product\/creme-antirides-skin-generics-wakame-marine-collagen-50-ml\/","og_site_name":"Tupique","og_image":[{"width":1200,"height":1200,"url":"https:\/\/tupique.com\/wp-content\/uploads\/2026\/05\/8436559342940_S05120338_P00.jpg","type":"image\/jpeg"}],"twitter_card":"summary_large_image","twitter_misc":{"Est. reading time":"2 minutes"},"schema":{"@context":"https:\/\/schema.org","@graph":[{"@type":"WebPage","@id":"https:\/\/tupique.com\/en\/product\/creme-antirides-skin-generics-wakame-marine-collagen-50-ml\/","url":"https:\/\/tupique.com\/en\/product\/creme-antirides-skin-generics-wakame-marine-collagen-50-ml\/","name":"Cr\u00e8me antirides Skin Generics Wakame + Marine Collagen 50 ml | | Tupique","isPartOf":{"@id":"https:\/\/tupique.com\/#website"},"primaryImageOfPage":{"@id":"https:\/\/tupique.com\/en\/product\/creme-antirides-skin-generics-wakame-marine-collagen-50-ml\/#primaryimage"},"image":{"@id":"https:\/\/tupique.com\/en\/product\/creme-antirides-skin-generics-wakame-marine-collagen-50-ml\/#primaryimage"},"thumbnailUrl":"https:\/\/tupique.com\/wp-content\/uploads\/2026\/05\/8436559342940_S05120338_P00.jpg","datePublished":"2026-05-11T23:09:30+00:00","description":"Envie d'acheter Cr\u00e8me antirides Skin Generics Wakame + Marine Collagen 50 ml\u00a0? Achetez Cr\u00e8me antirides Skin Generics Wakame + Marine Collagen 50 ml maintenant avec Tupique en 3 versements sans int\u00e9r\u00eat.","breadcrumb":{"@id":"https:\/\/tupique.com\/en\/product\/creme-antirides-skin-generics-wakame-marine-collagen-50-ml\/#breadcrumb"},"inLanguage":"en-GB","potentialAction":[{"@type":"ReadAction","target":["https:\/\/tupique.com\/en\/product\/creme-antirides-skin-generics-wakame-marine-collagen-50-ml\/"]}]},{"@type":"ImageObject","inLanguage":"en-GB","@id":"https:\/\/tupique.com\/en\/product\/creme-antirides-skin-generics-wakame-marine-collagen-50-ml\/#primaryimage","url":"https:\/\/tupique.com\/wp-content\/uploads\/2026\/05\/8436559342940_S05120338_P00.jpg","contentUrl":"https:\/\/tupique.com\/wp-content\/uploads\/2026\/05\/8436559342940_S05120338_P00.jpg","width":1200,"height":1200,"caption":"S05120338_0"},{"@type":"BreadcrumbList","@id":"https:\/\/tupique.com\/en\/product\/creme-antirides-skin-generics-wakame-marine-collagen-50-ml\/#breadcrumb","itemListElement":[{"@type":"ListItem","position":1,"name":"commencer","item":"https:\/\/tupique.com\/"},{"@type":"ListItem","position":2,"name":"Loja","item":"https:\/\/tupique.com\/pt\/loja\/"},{"@type":"ListItem","position":3,"name":"Cr\u00e8me antirides Skin Generics Wakame + Marine Collagen 50 ml"}]},{"@type":"WebSite","@id":"https:\/\/tupique.com\/#website","url":"https:\/\/tupique.com\/","name":"Tupique","description":"","publisher":{"@id":"https:\/\/tupique.com\/#organization"},"potentialAction":[{"@type":"SearchAction","target":{"@type":"EntryPoint","urlTemplate":"https:\/\/tupique.com\/?s={search_term_string}"},"query-input":{"@type":"PropertyValueSpecification","valueRequired":true,"valueName":"search_term_string"}}],"inLanguage":"en-GB"},{"@type":"Organization","@id":"https:\/\/tupique.com\/#organization","name":"Tupique","url":"https:\/\/tupique.com\/","logo":{"@type":"ImageObject","inLanguage":"en-GB","@id":"https:\/\/tupique.com\/#\/schema\/logo\/image\/","url":"https:\/\/tupique.com\/wp-content\/uploads\/2026\/03\/logo-tupique-1.webp","contentUrl":"https:\/\/tupique.com\/wp-content\/uploads\/2026\/03\/logo-tupique-1.webp","width":500,"height":67,"caption":"Tupique"},"image":{"@id":"https:\/\/tupique.com\/#\/schema\/logo\/image\/"}}]}},"_links":{"self":[{"href":"https:\/\/tupique.com\/en\/wp-json\/wp\/v2\/product\/191123","targetHints":{"allow":["GET"]}}],"collection":[{"href":"https:\/\/tupique.com\/en\/wp-json\/wp\/v2\/product"}],"about":[{"href":"https:\/\/tupique.com\/en\/wp-json\/wp\/v2\/types\/product"}],"replies":[{"embeddable":true,"href":"https:\/\/tupique.com\/en\/wp-json\/wp\/v2\/comments?post=191123"}],"wp:featuredmedia":[{"embeddable":true,"href":"https:\/\/tupique.com\/en\/wp-json\/wp\/v2\/media\/191122"}],"wp:attachment":[{"href":"https:\/\/tupique.com\/en\/wp-json\/wp\/v2\/media?parent=191123"}],"wp:term":[{"taxonomy":"product_brand","embeddable":true,"href":"https:\/\/tupique.com\/en\/wp-json\/wp\/v2\/product_brand?post=191123"},{"taxonomy":"product_cat","embeddable":true,"href":"https:\/\/tupique.com\/en\/wp-json\/wp\/v2\/product_cat?post=191123"},{"taxonomy":"product_tag","embeddable":true,"href":"https:\/\/tupique.com\/en\/wp-json\/wp\/v2\/product_tag?post=191123"},{"taxonomy":"woo-feed-brand","embeddable":true,"href":"https:\/\/tupique.com\/en\/wp-json\/wp\/v2\/woo-feed-brand?post=191123"}],"curies":[{"name":"wp","href":"https:\/\/api.w.org\/{rel}","templated":true}]}}