{"id":191144,"date":"2026-05-12T01:10:10","date_gmt":"2026-05-11T23:10:10","guid":{"rendered":"https:\/\/tupique.com\/product\/rasoir-pour-le-corps-avec-manche-extensible-en-aluminium-extaver-innovagoods\/"},"modified":"2026-05-12T01:10:10","modified_gmt":"2026-05-11T23:10:10","slug":"rasoir-pour-le-corps-avec-manche-extensible-en-aluminium-extaver-innovagoods","status":"publish","type":"product","link":"https:\/\/tupique.com\/en\/product\/rasoir-pour-le-corps-avec-manche-extensible-en-aluminium-extaver-innovagoods\/","title":{"rendered":"Rasoir pour le Corps avec Manche Extensible en Aluminium Extaver InnovaGoods"},"content":{"rendered":"<div class=\"col-md-6\"><b>InnovaGoods<\/b> vous facilite la t\u00e2che pour que votre soin personnel soit une priorit\u00e9 sans excuses. Il vous propose les meilleures nouveaut\u00e9s en mati\u00e8re de beaut\u00e9, de d\u00e9tente et de bien-\u00eatre ! <b>Rasoir pour le Corps avec Manche Extensible en Aluminium Extaver InnovaGoods <\/b> en est un bon exemple ! D\u00e9couvrez une vaste gamme de produits de qualit\u00e9 qui se d\u00e9marquent de par leur fonctionnalit\u00e9, leur efficacit\u00e9 et leur design innovant.<\/p>\n<p>Ce <b>rasoir pour le corps avec manche extensible en aluminium&nbsp;<\/b>permet un rasage complet avec plus de confort, de rapidit\u00e9 et de s\u00e9curit\u00e9. Id\u00e9al pour l\u2019\u00e9pilation \u00e0 sec ou humide. Il est dot\u00e9 d&#8217;une t\u00eate amovible et d&#8217;une sangle de suspension. Comprend 9 lames universelles.<\/p>\n<p>Un <b>rasoir corporel pour homme<\/b> tr\u00e8s facile \u00e0 utiliser gr\u00e2ce \u00e0 son design ergonomique et extensible. Fonctionne avec 3 lames (incluses). Inclut \u00e9galement 6 lames de rechange.<\/p>\n<ul>\n<li><b>Design moderne et ergonomique :<\/b> notre rasoir pour le dos et le corps \u00e0 manche extensible est id\u00e9al pour l\u2019\u00e9pilation corporelle masculine. Ce rasoir manuel original permet d\u2019\u00e9piler le dos et d&#8217;autres parties du corps de fa\u00e7on pratique et en toute s\u00e9curit\u00e9, tout en obtenant une finition parfaite et douce.<\/li>\n<li><b>Rasage pratique et s\u00fbr :<\/b> ce rasoir polyvalent pour le dos pour homme est parfait pour une \u00e9pilation compl\u00e8te et efficace, sur peau s\u00e8che ou humide. Ses mat\u00e9riaux de qualit\u00e9 sont r\u00e9sistants \u00e0 l&#8217;eau, ce qui permet de l&#8217;utiliser \u00e9galement sous la douche.<\/li>\n<li><b>T\u00eate amovible, nettoyage facile :<\/b> ce rasoir pour le dos \u00e0 manche long est dot\u00e9 d&#8217;une t\u00eate facilement amovible pour son nettoyage et le changement des lames. Cette t\u00eate amovible peut \u00eatre utilis\u00e9e ind\u00e9pendamment (sans manche long) sur des zones telles que la poitrine, les bras, etc.<\/li>\n<li><b>Manche en aluminium antid\u00e9rapant et extensible avec suspension&nbsp;<\/b>: notre rasoir pour le corps masculin est dot\u00e9 d&#8217;un manche en aluminium r\u00e9sistant de qualit\u00e9, avec une poign\u00e9e en mousse antid\u00e9rapante pour une meilleure prise en main, un meilleur maintien, ainsi que d\u2019une sangle de suspension. Extensible (36-54 cm), il vous permet d&#8217;atteindre facilement les zones du corps les plus difficiles.<\/li>\n<li><b>R\u00e9utilisable, comprend 9 lames de rasage<\/b> : ce rasoir corporel pour homme est dot\u00e9 de 3 lames pour un r\u00e9sultat plus rapide et plus efficace. Il est \u00e9galement livr\u00e9 avec 6 lames de rechange suppl\u00e9mentaires. Notre rasoir corporel \u00e0 long manche ne n\u00e9cessite pas de lames sp\u00e9cifiques, il fonctionne avec des lames universelles, faciles \u00e0 trouver et plus \u00e9conomiques.<\/li>\n<\/ul>\n<ul>\n<li>Mat\u00e9riel:\n<ul>\n<li>ABS<\/li>\n<li>T\u00e9ryl\u00e8ne<\/li>\n<li>Polyur\u00e9thane<\/li>\n<li>Aluminium<\/li>\n<li>Acier inoxydable<\/li>\n<\/ul>\n<\/li>\n<li>Couleur:\n<ul>\n<li>Gris<\/li>\n<li>Noir<\/li>\n<\/ul>\n<\/li>\n<li>Type: Rasoir pour le corps<\/li>\n<li>Design moderne: Ergonomique<\/li>\n<li>Mat\u00e9riaux de qualit\u00e9: R\u00e9sistante et durable<\/li>\n<li>Extensible: 36-54 cm<\/li>\n<li>T\u00eate amovible: Facile \u00e0 nettoyer<\/li>\n<li>Poign\u00e9e antid\u00e9rapante: Fixation ferme<\/li>\n<li>Caract\u00e9ristiques: Cordon pour accrocher<\/li>\n<li>Propri\u00e9t\u00e9s: R\u00e9sistant \u00e0 l&#8217;eau<\/li>\n<li>Polyvalent et adaptable: \u00c9pilation humide ou s\u00e8che<\/li>\n<li>Facilit\u00e9 d&#8217;utilisation: Utilisation pratique, simple et s\u00fbre<\/li>\n<li>Inclut: Lames de rasoir (x3) + Lames de rechange (x6)<\/li>\n<li>Dimensions approx.: 13 x 4,5 x 36-54 cm<\/li>\n<\/ul>\n<p>Packaging et manuel en 24 langues: anglais, fran\u00e7ais, espagnol, allemand, italien, portugais, n\u00e9erlandais, polonais, hongrois, roumain, danois, su\u00e9dois, finnois, lituanien, norv\u00e9gien, slov\u00e8ne, grec, tch\u00e8que, bulgare, croate, slovaque, estonien, russe, letton.<\/p><\/div>\n<div class=\"col-md-6\">\n<div class=\"embed-responsive embed-responsive-16by9\"><iframe class=\"embed-responsive-item\" src=\"https:\/\/www.youtube.com\/embed\/UhsFlnaRLbw\" frameborder=\"0\" allowfullscreen><\/iframe><\/div>\n<\/div>","protected":false},"excerpt":{"rendered":"<p>InnovaGoods vous facilite la t\u00e2che pour que votre soin personnel soit une priorit\u00e9 sans excuses. Il vous propose les meilleures nouveaut\u00e9s en mati\u00e8re de beaut\u00e9, de d\u00e9tente et de bien-\u00eatre ! Rasoir pour le Corps avec Manche Extensible en Aluminium Extaver InnovaGoods en est un bon exemple ! D\u00e9couvrez une vaste gamme de produits de [&hellip;]<\/p>\n","protected":false},"featured_media":191131,"comment_status":"open","ping_status":"closed","template":"","meta":[],"product_brand":[256],"product_cat":[63,541,1825,1060,1059,752,1826,1796],"product_tag":[722,723,209],"woo-feed-brand":[],"class_list":{"0":"post-191144","1":"product","2":"type-product","3":"status-publish","4":"has-post-thumbnail","6":"product_brand-brandp_1281","7":"product_cat-cadeaux-originaux","8":"product_cat-cadeaux-pour-homme","9":"product_cat-cadeaux-pour-soins-personnels","10":"product_cat-epilation-et-rasage","11":"product_cat-esthetique-et-traitements-corporels","12":"product_cat-sante-beaute","13":"product_cat-teleachat-vu-a-la-television-sante-et-beaute-teleshop","14":"product_cat-teleachat-vu-a-la-television","15":"product_tag-tag_923","16":"product_tag-tag_1273","17":"product_tag-tag_1302","19":"first","20":"instock","21":"taxable","22":"shipping-taxable","23":"purchasable","24":"product-type-simple"},"yoast_head":"<!-- This site is optimized with the Yoast SEO plugin v27.6 - https:\/\/yoast.com\/product\/yoast-seo-wordpress\/ -->\n<title>Rasoir pour le Corps avec Manche Extensible en Aluminium Extaver InnovaGoods | | Tupique<\/title>\n<meta name=\"description\" content=\"Envie d&#039;acheter Rasoir pour le Corps avec Manche Extensible en Aluminium Extaver InnovaGoods\u00a0? Achetez Rasoir pour le Corps avec Manche Extensible en Aluminium Extaver InnovaGoods maintenant avec Tupique en 3 versements sans int\u00e9r\u00eat.\" \/>\n<meta name=\"robots\" content=\"index, follow, max-snippet:-1, max-image-preview:large, max-video-preview:-1\" \/>\n<link rel=\"canonical\" href=\"https:\/\/tupique.com\/en\/product\/rasoir-pour-le-corps-avec-manche-extensible-en-aluminium-extaver-innovagoods\/\" \/>\n<meta property=\"og:locale\" content=\"en_GB\" \/>\n<meta property=\"og:type\" content=\"article\" \/>\n<meta property=\"og:title\" content=\"Rasoir pour le Corps avec Manche Extensible en Aluminium Extaver InnovaGoods | | Tupique\" \/>\n<meta property=\"og:description\" content=\"Envie d&#039;acheter Rasoir pour le Corps avec Manche Extensible en Aluminium Extaver InnovaGoods\u00a0? Achetez Rasoir pour le Corps avec Manche Extensible en Aluminium Extaver InnovaGoods maintenant avec Tupique en 3 versements sans int\u00e9r\u00eat.\" \/>\n<meta property=\"og:url\" content=\"https:\/\/tupique.com\/en\/product\/rasoir-pour-le-corps-avec-manche-extensible-en-aluminium-extaver-innovagoods\/\" \/>\n<meta property=\"og:site_name\" content=\"Tupique\" \/>\n<meta property=\"og:image\" content=\"https:\/\/tupique.com\/wp-content\/uploads\/2026\/05\/8435527826277_V0103854_000_MKT2.jpg\" \/>\n\t<meta property=\"og:image:width\" content=\"1200\" \/>\n\t<meta property=\"og:image:height\" content=\"1200\" \/>\n\t<meta property=\"og:image:type\" content=\"image\/jpeg\" \/>\n<meta name=\"twitter:card\" content=\"summary_large_image\" \/>\n<meta name=\"twitter:label1\" content=\"Est. reading time\" \/>\n\t<meta name=\"twitter:data1\" content=\"3 minutes\" \/>\n<script type=\"application\/ld+json\" class=\"yoast-schema-graph\">{\"@context\":\"https:\\\/\\\/schema.org\",\"@graph\":[{\"@type\":\"WebPage\",\"@id\":\"https:\\\/\\\/tupique.com\\\/product\\\/rasoir-pour-le-corps-avec-manche-extensible-en-aluminium-extaver-innovagoods\\\/\",\"url\":\"https:\\\/\\\/tupique.com\\\/product\\\/rasoir-pour-le-corps-avec-manche-extensible-en-aluminium-extaver-innovagoods\\\/\",\"name\":\"Rasoir pour le Corps avec Manche Extensible en Aluminium Extaver InnovaGoods | | Tupique\",\"isPartOf\":{\"@id\":\"https:\\\/\\\/tupique.com\\\/#website\"},\"primaryImageOfPage\":{\"@id\":\"https:\\\/\\\/tupique.com\\\/product\\\/rasoir-pour-le-corps-avec-manche-extensible-en-aluminium-extaver-innovagoods\\\/#primaryimage\"},\"image\":{\"@id\":\"https:\\\/\\\/tupique.com\\\/product\\\/rasoir-pour-le-corps-avec-manche-extensible-en-aluminium-extaver-innovagoods\\\/#primaryimage\"},\"thumbnailUrl\":\"https:\\\/\\\/tupique.com\\\/wp-content\\\/uploads\\\/2026\\\/05\\\/8435527826277_V0103854_000_MKT2.jpg\",\"datePublished\":\"2026-05-11T23:10:10+00:00\",\"description\":\"Envie d'acheter Rasoir pour le Corps avec Manche Extensible en Aluminium Extaver InnovaGoods\u00a0? Achetez Rasoir pour le Corps avec Manche Extensible en Aluminium Extaver InnovaGoods maintenant avec Tupique en 3 versements sans int\u00e9r\u00eat.\",\"breadcrumb\":{\"@id\":\"https:\\\/\\\/tupique.com\\\/product\\\/rasoir-pour-le-corps-avec-manche-extensible-en-aluminium-extaver-innovagoods\\\/#breadcrumb\"},\"inLanguage\":\"en-GB\",\"potentialAction\":[{\"@type\":\"ReadAction\",\"target\":[\"https:\\\/\\\/tupique.com\\\/product\\\/rasoir-pour-le-corps-avec-manche-extensible-en-aluminium-extaver-innovagoods\\\/\"]}]},{\"@type\":\"ImageObject\",\"inLanguage\":\"en-GB\",\"@id\":\"https:\\\/\\\/tupique.com\\\/product\\\/rasoir-pour-le-corps-avec-manche-extensible-en-aluminium-extaver-innovagoods\\\/#primaryimage\",\"url\":\"https:\\\/\\\/tupique.com\\\/wp-content\\\/uploads\\\/2026\\\/05\\\/8435527826277_V0103854_000_MKT2.jpg\",\"contentUrl\":\"https:\\\/\\\/tupique.com\\\/wp-content\\\/uploads\\\/2026\\\/05\\\/8435527826277_V0103854_000_MKT2.jpg\",\"width\":1200,\"height\":1200,\"caption\":\"V0103854_0\"},{\"@type\":\"BreadcrumbList\",\"@id\":\"https:\\\/\\\/tupique.com\\\/product\\\/rasoir-pour-le-corps-avec-manche-extensible-en-aluminium-extaver-innovagoods\\\/#breadcrumb\",\"itemListElement\":[{\"@type\":\"ListItem\",\"position\":1,\"name\":\"commencer\",\"item\":\"https:\\\/\\\/tupique.com\\\/\"},{\"@type\":\"ListItem\",\"position\":2,\"name\":\"Loja\",\"item\":\"https:\\\/\\\/tupique.com\\\/pt\\\/loja\\\/\"},{\"@type\":\"ListItem\",\"position\":3,\"name\":\"Rasoir pour le Corps avec Manche Extensible en Aluminium Extaver InnovaGoods\"}]},{\"@type\":\"WebSite\",\"@id\":\"https:\\\/\\\/tupique.com\\\/#website\",\"url\":\"https:\\\/\\\/tupique.com\\\/\",\"name\":\"Tupique\",\"description\":\"\",\"publisher\":{\"@id\":\"https:\\\/\\\/tupique.com\\\/#organization\"},\"potentialAction\":[{\"@type\":\"SearchAction\",\"target\":{\"@type\":\"EntryPoint\",\"urlTemplate\":\"https:\\\/\\\/tupique.com\\\/?s={search_term_string}\"},\"query-input\":{\"@type\":\"PropertyValueSpecification\",\"valueRequired\":true,\"valueName\":\"search_term_string\"}}],\"inLanguage\":\"en-GB\"},{\"@type\":\"Organization\",\"@id\":\"https:\\\/\\\/tupique.com\\\/#organization\",\"name\":\"Tupique\",\"url\":\"https:\\\/\\\/tupique.com\\\/\",\"logo\":{\"@type\":\"ImageObject\",\"inLanguage\":\"en-GB\",\"@id\":\"https:\\\/\\\/tupique.com\\\/#\\\/schema\\\/logo\\\/image\\\/\",\"url\":\"https:\\\/\\\/tupique.com\\\/wp-content\\\/uploads\\\/2026\\\/03\\\/logo-tupique-1.webp\",\"contentUrl\":\"https:\\\/\\\/tupique.com\\\/wp-content\\\/uploads\\\/2026\\\/03\\\/logo-tupique-1.webp\",\"width\":500,\"height\":67,\"caption\":\"Tupique\"},\"image\":{\"@id\":\"https:\\\/\\\/tupique.com\\\/#\\\/schema\\\/logo\\\/image\\\/\"}}]}<\/script>\n<!-- \/ Yoast SEO plugin. -->","yoast_head_json":{"title":"Rasoir pour le Corps avec Manche Extensible en Aluminium Extaver InnovaGoods | | Tupique","description":"Envie d'acheter Rasoir pour le Corps avec Manche Extensible en Aluminium Extaver InnovaGoods\u00a0? Achetez Rasoir pour le Corps avec Manche Extensible en Aluminium Extaver InnovaGoods maintenant avec Tupique en 3 versements sans int\u00e9r\u00eat.","robots":{"index":"index","follow":"follow","max-snippet":"max-snippet:-1","max-image-preview":"max-image-preview:large","max-video-preview":"max-video-preview:-1"},"canonical":"https:\/\/tupique.com\/en\/product\/rasoir-pour-le-corps-avec-manche-extensible-en-aluminium-extaver-innovagoods\/","og_locale":"en_GB","og_type":"article","og_title":"Rasoir pour le Corps avec Manche Extensible en Aluminium Extaver InnovaGoods | | Tupique","og_description":"Envie d'acheter Rasoir pour le Corps avec Manche Extensible en Aluminium Extaver InnovaGoods\u00a0? Achetez Rasoir pour le Corps avec Manche Extensible en Aluminium Extaver InnovaGoods maintenant avec Tupique en 3 versements sans int\u00e9r\u00eat.","og_url":"https:\/\/tupique.com\/en\/product\/rasoir-pour-le-corps-avec-manche-extensible-en-aluminium-extaver-innovagoods\/","og_site_name":"Tupique","og_image":[{"width":1200,"height":1200,"url":"https:\/\/tupique.com\/wp-content\/uploads\/2026\/05\/8435527826277_V0103854_000_MKT2.jpg","type":"image\/jpeg"}],"twitter_card":"summary_large_image","twitter_misc":{"Est. reading time":"3 minutes"},"schema":{"@context":"https:\/\/schema.org","@graph":[{"@type":"WebPage","@id":"https:\/\/tupique.com\/product\/rasoir-pour-le-corps-avec-manche-extensible-en-aluminium-extaver-innovagoods\/","url":"https:\/\/tupique.com\/product\/rasoir-pour-le-corps-avec-manche-extensible-en-aluminium-extaver-innovagoods\/","name":"Rasoir pour le Corps avec Manche Extensible en Aluminium Extaver InnovaGoods | | Tupique","isPartOf":{"@id":"https:\/\/tupique.com\/#website"},"primaryImageOfPage":{"@id":"https:\/\/tupique.com\/product\/rasoir-pour-le-corps-avec-manche-extensible-en-aluminium-extaver-innovagoods\/#primaryimage"},"image":{"@id":"https:\/\/tupique.com\/product\/rasoir-pour-le-corps-avec-manche-extensible-en-aluminium-extaver-innovagoods\/#primaryimage"},"thumbnailUrl":"https:\/\/tupique.com\/wp-content\/uploads\/2026\/05\/8435527826277_V0103854_000_MKT2.jpg","datePublished":"2026-05-11T23:10:10+00:00","description":"Envie d'acheter Rasoir pour le Corps avec Manche Extensible en Aluminium Extaver InnovaGoods\u00a0? Achetez Rasoir pour le Corps avec Manche Extensible en Aluminium Extaver InnovaGoods maintenant avec Tupique en 3 versements sans int\u00e9r\u00eat.","breadcrumb":{"@id":"https:\/\/tupique.com\/product\/rasoir-pour-le-corps-avec-manche-extensible-en-aluminium-extaver-innovagoods\/#breadcrumb"},"inLanguage":"en-GB","potentialAction":[{"@type":"ReadAction","target":["https:\/\/tupique.com\/product\/rasoir-pour-le-corps-avec-manche-extensible-en-aluminium-extaver-innovagoods\/"]}]},{"@type":"ImageObject","inLanguage":"en-GB","@id":"https:\/\/tupique.com\/product\/rasoir-pour-le-corps-avec-manche-extensible-en-aluminium-extaver-innovagoods\/#primaryimage","url":"https:\/\/tupique.com\/wp-content\/uploads\/2026\/05\/8435527826277_V0103854_000_MKT2.jpg","contentUrl":"https:\/\/tupique.com\/wp-content\/uploads\/2026\/05\/8435527826277_V0103854_000_MKT2.jpg","width":1200,"height":1200,"caption":"V0103854_0"},{"@type":"BreadcrumbList","@id":"https:\/\/tupique.com\/product\/rasoir-pour-le-corps-avec-manche-extensible-en-aluminium-extaver-innovagoods\/#breadcrumb","itemListElement":[{"@type":"ListItem","position":1,"name":"commencer","item":"https:\/\/tupique.com\/"},{"@type":"ListItem","position":2,"name":"Loja","item":"https:\/\/tupique.com\/pt\/loja\/"},{"@type":"ListItem","position":3,"name":"Rasoir pour le Corps avec Manche Extensible en Aluminium Extaver InnovaGoods"}]},{"@type":"WebSite","@id":"https:\/\/tupique.com\/#website","url":"https:\/\/tupique.com\/","name":"Tupique","description":"","publisher":{"@id":"https:\/\/tupique.com\/#organization"},"potentialAction":[{"@type":"SearchAction","target":{"@type":"EntryPoint","urlTemplate":"https:\/\/tupique.com\/?s={search_term_string}"},"query-input":{"@type":"PropertyValueSpecification","valueRequired":true,"valueName":"search_term_string"}}],"inLanguage":"en-GB"},{"@type":"Organization","@id":"https:\/\/tupique.com\/#organization","name":"Tupique","url":"https:\/\/tupique.com\/","logo":{"@type":"ImageObject","inLanguage":"en-GB","@id":"https:\/\/tupique.com\/#\/schema\/logo\/image\/","url":"https:\/\/tupique.com\/wp-content\/uploads\/2026\/03\/logo-tupique-1.webp","contentUrl":"https:\/\/tupique.com\/wp-content\/uploads\/2026\/03\/logo-tupique-1.webp","width":500,"height":67,"caption":"Tupique"},"image":{"@id":"https:\/\/tupique.com\/#\/schema\/logo\/image\/"}}]}},"_links":{"self":[{"href":"https:\/\/tupique.com\/en\/wp-json\/wp\/v2\/product\/191144","targetHints":{"allow":["GET"]}}],"collection":[{"href":"https:\/\/tupique.com\/en\/wp-json\/wp\/v2\/product"}],"about":[{"href":"https:\/\/tupique.com\/en\/wp-json\/wp\/v2\/types\/product"}],"replies":[{"embeddable":true,"href":"https:\/\/tupique.com\/en\/wp-json\/wp\/v2\/comments?post=191144"}],"wp:featuredmedia":[{"embeddable":true,"href":"https:\/\/tupique.com\/en\/wp-json\/wp\/v2\/media\/191131"}],"wp:attachment":[{"href":"https:\/\/tupique.com\/en\/wp-json\/wp\/v2\/media?parent=191144"}],"wp:term":[{"taxonomy":"product_brand","embeddable":true,"href":"https:\/\/tupique.com\/en\/wp-json\/wp\/v2\/product_brand?post=191144"},{"taxonomy":"product_cat","embeddable":true,"href":"https:\/\/tupique.com\/en\/wp-json\/wp\/v2\/product_cat?post=191144"},{"taxonomy":"product_tag","embeddable":true,"href":"https:\/\/tupique.com\/en\/wp-json\/wp\/v2\/product_tag?post=191144"},{"taxonomy":"woo-feed-brand","embeddable":true,"href":"https:\/\/tupique.com\/en\/wp-json\/wp\/v2\/woo-feed-brand?post=191144"}],"curies":[{"name":"wp","href":"https:\/\/api.w.org\/{rel}","templated":true}]}}