{"id":191246,"date":"2026-05-12T01:12:46","date_gmt":"2026-05-11T23:12:46","guid":{"rendered":"https:\/\/tupique.com\/product\/bestway-piscine-gonflable-2-chambres-grand-lac-262x157x46-cm-3-ans-jardin-54117\/"},"modified":"2026-05-12T01:23:06","modified_gmt":"2026-05-11T23:23:06","slug":"bestway-piscine-gonflable-2-chambres-grand-lac-262x157x46-cm-3-ans-jardin-54117","status":"publish","type":"product","link":"https:\/\/tupique.com\/en\/product\/bestway-piscine-gonflable-2-chambres-grand-lac-262x157x46-cm-3-ans-jardin-54117\/","title":{"rendered":"Bestway Piscine Gonflable 2 Chambres Grand Lac 262x157x46 cm +3 Ans Jardin 54117"},"content":{"rendered":"<p>L&#8217;amusement est assur\u00e9 pour l&#8217;\u00e9t\u00e9, avec ces propositions qui plairont aux petits et aux grands ! Achetez <b>Pataugeoire gonflable pour enfants Bestway Multicouleur 262 x 157 x 46 cm<\/b> et profitez de votre temps libre !<\/p>\n<p>The <b>piscine gonflable pour enfants<\/b> de Bestway est le compl\u00e9ment parfait pour l&#8217;\u00e9t\u00e9 et pour divertir les plus petits. Con\u00e7ue pour les enfants de plus de <b>3 ans<\/b>, cette piscine color\u00e9e est id\u00e9ale pour profiter des journ\u00e9es ensoleill\u00e9es dans le jardin. Avec une <b>capacit\u00e9 de 544 litres<\/b>, elle offre suffisamment d&#8217;espace pour que plusieurs enfants jouent et s&#8217;amusent. La piscine se distingue par son design attrayant, disponible en plusieurs couleurs comme <b>bleu<\/b>, <b>blanc<\/b> and <b>multicolore<\/b>, ce qui en fait une option accrocheuse qui \u00e9gayera tout espace ext\u00e9rieur. Sa construction gonflable facilite le montage et le rangement, permettant une utilisation rapide et simple, id\u00e9ale pour les familles en qu\u00eate de confort. De plus, cette piscine offre non seulement du plaisir, mais elle encourage \u00e9galement l&#8217;exercice et le jeu en plein air, fournissant une fa\u00e7on s\u00fbre et rafra\u00eechissante de profiter des mois les plus chauds. La piscine est fabriqu\u00e9e avec des mat\u00e9riaux de qualit\u00e9, garantissant sa durabilit\u00e9, et son design est pens\u00e9 pour le plaisir en toute s\u00e9curit\u00e9 des plus petits. Id\u00e9ale pour les f\u00eates d&#8217;\u00e9t\u00e9, les plages artificielles dans le jardin ou simplement pour se rafra\u00eechir, la piscine gonflable de Bestway est un excellent investissement pour cr\u00e9er des moments inoubliables en famille.<\/p>\n<ul>\n<li>Mat\u00e9riel:\n<ul>\n<li>Autocollants<\/li>\n<li>Plastique<\/li>\n<li>PVC<\/li>\n<\/ul>\n<\/li>\n<li>Capacit\u00e9: 544 L<\/li>\n<li>Dimensions approx.: 262 x 157 x 46 cm<\/li>\n<li>Inclut: Patchs de r\u00e9paration<\/li>\n<li>Couleur:\n<ul>\n<li>Bleu<\/li>\n<li>Multicouleur<\/li>\n<li>Blanc<\/li>\n<\/ul>\n<\/li>\n<li>Recommended age:\n<ul>\n<li>+ 3 ans<\/li>\n<li>+ 0 Ans<\/li>\n<\/ul>\n<\/li>\n<li>Type: Pataugeoire gonflable pour enfants<\/li>\n<li>Features:\n<ul>\n<li>Ext\u00e9rieur<\/li>\n<li>Nettoyage par chiffon humide<\/li>\n<\/ul>\n<\/li>\n<li>Recommended use:\n<ul>\n<li>Plage<\/li>\n<li>Jardin<\/li>\n<li>Camping<\/li>\n<\/ul>\n<\/li>\n<li>Forme: Ovale<\/li>\n<\/ul>","protected":false},"excerpt":{"rendered":"<p><span class=\"unit-info\">0.0919 &euro; \/ 1 l<\/span><\/p>","protected":false},"featured_media":191243,"comment_status":"open","ping_status":"closed","template":"","meta":[],"product_brand":[1771],"product_cat":[2272,1769,1764],"product_tag":[2247,721,210],"woo-feed-brand":[],"class_list":{"0":"post-191246","1":"product","2":"type-product","3":"status-publish","4":"has-post-thumbnail","6":"product_brand-brandp_520","7":"product_cat-piscines","8":"product_cat-plage-et-piscine","9":"product_cat-sports-loisirs","10":"product_tag-tag_32","11":"product_tag-tag_124","12":"product_tag-tag_25","14":"first","15":"instock","16":"taxable","17":"shipping-taxable","18":"purchasable","19":"product-type-simple"},"yoast_head":"<!-- This site is optimized with the Yoast SEO plugin v27.6 - https:\/\/yoast.com\/product\/yoast-seo-wordpress\/ -->\n<title>Bestway Piscine Gonflable 2 Chambres Grand Lac 262x157x46 cm +3 Ans Jardin 54117 | | Tupique<\/title>\n<meta name=\"description\" content=\"Envie d&#039;acheter Bestway Piscine Gonflable 2 Chambres Grand Lac 262x157x46 cm +3 Ans Jardin 54117\u00a0? Achetez Bestway Piscine Gonflable 2 Chambres Grand Lac 262x157x46 cm +3 Ans Jardin 54117 maintenant avec Tupique en 3 versements sans int\u00e9r\u00eat.\" \/>\n<meta name=\"robots\" content=\"index, follow, max-snippet:-1, max-image-preview:large, max-video-preview:-1\" \/>\n<link rel=\"canonical\" href=\"https:\/\/tupique.com\/en\/product\/bestway-piscine-gonflable-2-chambres-grand-lac-262x157x46-cm-3-ans-jardin-54117\/\" \/>\n<meta property=\"og:locale\" content=\"en_GB\" \/>\n<meta property=\"og:type\" content=\"article\" \/>\n<meta property=\"og:title\" content=\"Bestway Piscine Gonflable 2 Chambres Grand Lac 262x157x46 cm +3 Ans Jardin 54117 | | Tupique\" \/>\n<meta property=\"og:description\" content=\"Envie d&#039;acheter Bestway Piscine Gonflable 2 Chambres Grand Lac 262x157x46 cm +3 Ans Jardin 54117\u00a0? Achetez Bestway Piscine Gonflable 2 Chambres Grand Lac 262x157x46 cm +3 Ans Jardin 54117 maintenant avec Tupique en 3 versements sans int\u00e9r\u00eat.\" \/>\n<meta property=\"og:url\" content=\"https:\/\/tupique.com\/en\/product\/bestway-piscine-gonflable-2-chambres-grand-lac-262x157x46-cm-3-ans-jardin-54117\/\" \/>\n<meta property=\"og:site_name\" content=\"Tupique\" \/>\n<meta property=\"article:modified_time\" content=\"2026-05-11T23:23:06+00:00\" \/>\n<meta property=\"og:image\" content=\"https:\/\/tupique.com\/wp-content\/uploads\/2026\/05\/6942138913217_D1400414_P02.jpg\" \/>\n\t<meta property=\"og:image:width\" content=\"1200\" \/>\n\t<meta property=\"og:image:height\" content=\"1200\" \/>\n\t<meta property=\"og:image:type\" content=\"image\/jpeg\" \/>\n<meta name=\"twitter:card\" content=\"summary_large_image\" \/>\n<meta name=\"twitter:label1\" content=\"Est. reading time\" \/>\n\t<meta name=\"twitter:data1\" content=\"1 minute\" \/>\n<script type=\"application\/ld+json\" class=\"yoast-schema-graph\">{\"@context\":\"https:\\\/\\\/schema.org\",\"@graph\":[{\"@type\":\"WebPage\",\"@id\":\"https:\\\/\\\/tupique.com\\\/product\\\/bestway-piscine-gonflable-2-chambres-grand-lac-262x157x46-cm-3-ans-jardin-54117\\\/\",\"url\":\"https:\\\/\\\/tupique.com\\\/product\\\/bestway-piscine-gonflable-2-chambres-grand-lac-262x157x46-cm-3-ans-jardin-54117\\\/\",\"name\":\"Bestway Piscine Gonflable 2 Chambres Grand Lac 262x157x46 cm +3 Ans Jardin 54117 | | Tupique\",\"isPartOf\":{\"@id\":\"https:\\\/\\\/tupique.com\\\/#website\"},\"primaryImageOfPage\":{\"@id\":\"https:\\\/\\\/tupique.com\\\/product\\\/bestway-piscine-gonflable-2-chambres-grand-lac-262x157x46-cm-3-ans-jardin-54117\\\/#primaryimage\"},\"image\":{\"@id\":\"https:\\\/\\\/tupique.com\\\/product\\\/bestway-piscine-gonflable-2-chambres-grand-lac-262x157x46-cm-3-ans-jardin-54117\\\/#primaryimage\"},\"thumbnailUrl\":\"https:\\\/\\\/tupique.com\\\/wp-content\\\/uploads\\\/2026\\\/05\\\/6942138913217_D1400414_P02.jpg\",\"datePublished\":\"2026-05-11T23:12:46+00:00\",\"dateModified\":\"2026-05-11T23:23:06+00:00\",\"description\":\"Envie d'acheter Bestway Piscine Gonflable 2 Chambres Grand Lac 262x157x46 cm +3 Ans Jardin 54117\u00a0? Achetez Bestway Piscine Gonflable 2 Chambres Grand Lac 262x157x46 cm +3 Ans Jardin 54117 maintenant avec Tupique en 3 versements sans int\u00e9r\u00eat.\",\"breadcrumb\":{\"@id\":\"https:\\\/\\\/tupique.com\\\/product\\\/bestway-piscine-gonflable-2-chambres-grand-lac-262x157x46-cm-3-ans-jardin-54117\\\/#breadcrumb\"},\"inLanguage\":\"en-GB\",\"potentialAction\":[{\"@type\":\"ReadAction\",\"target\":[\"https:\\\/\\\/tupique.com\\\/product\\\/bestway-piscine-gonflable-2-chambres-grand-lac-262x157x46-cm-3-ans-jardin-54117\\\/\"]}]},{\"@type\":\"ImageObject\",\"inLanguage\":\"en-GB\",\"@id\":\"https:\\\/\\\/tupique.com\\\/product\\\/bestway-piscine-gonflable-2-chambres-grand-lac-262x157x46-cm-3-ans-jardin-54117\\\/#primaryimage\",\"url\":\"https:\\\/\\\/tupique.com\\\/wp-content\\\/uploads\\\/2026\\\/05\\\/6942138913217_D1400414_P02.jpg\",\"contentUrl\":\"https:\\\/\\\/tupique.com\\\/wp-content\\\/uploads\\\/2026\\\/05\\\/6942138913217_D1400414_P02.jpg\",\"width\":1200,\"height\":1200,\"caption\":\"D1400414_0\"},{\"@type\":\"BreadcrumbList\",\"@id\":\"https:\\\/\\\/tupique.com\\\/product\\\/bestway-piscine-gonflable-2-chambres-grand-lac-262x157x46-cm-3-ans-jardin-54117\\\/#breadcrumb\",\"itemListElement\":[{\"@type\":\"ListItem\",\"position\":1,\"name\":\"commencer\",\"item\":\"https:\\\/\\\/tupique.com\\\/\"},{\"@type\":\"ListItem\",\"position\":2,\"name\":\"Loja\",\"item\":\"https:\\\/\\\/tupique.com\\\/pt\\\/loja\\\/\"},{\"@type\":\"ListItem\",\"position\":3,\"name\":\"Bestway Piscine Gonflable 2 Chambres Grand Lac 262x157x46 cm +3 Ans Jardin 54117\"}]},{\"@type\":\"WebSite\",\"@id\":\"https:\\\/\\\/tupique.com\\\/#website\",\"url\":\"https:\\\/\\\/tupique.com\\\/\",\"name\":\"Tupique\",\"description\":\"\",\"publisher\":{\"@id\":\"https:\\\/\\\/tupique.com\\\/#organization\"},\"potentialAction\":[{\"@type\":\"SearchAction\",\"target\":{\"@type\":\"EntryPoint\",\"urlTemplate\":\"https:\\\/\\\/tupique.com\\\/?s={search_term_string}\"},\"query-input\":{\"@type\":\"PropertyValueSpecification\",\"valueRequired\":true,\"valueName\":\"search_term_string\"}}],\"inLanguage\":\"en-GB\"},{\"@type\":\"Organization\",\"@id\":\"https:\\\/\\\/tupique.com\\\/#organization\",\"name\":\"Tupique\",\"url\":\"https:\\\/\\\/tupique.com\\\/\",\"logo\":{\"@type\":\"ImageObject\",\"inLanguage\":\"en-GB\",\"@id\":\"https:\\\/\\\/tupique.com\\\/#\\\/schema\\\/logo\\\/image\\\/\",\"url\":\"https:\\\/\\\/tupique.com\\\/wp-content\\\/uploads\\\/2026\\\/03\\\/logo-tupique-1.webp\",\"contentUrl\":\"https:\\\/\\\/tupique.com\\\/wp-content\\\/uploads\\\/2026\\\/03\\\/logo-tupique-1.webp\",\"width\":500,\"height\":67,\"caption\":\"Tupique\"},\"image\":{\"@id\":\"https:\\\/\\\/tupique.com\\\/#\\\/schema\\\/logo\\\/image\\\/\"}}]}<\/script>\n<!-- \/ Yoast SEO plugin. -->","yoast_head_json":{"title":"Bestway Piscine Gonflable 2 Chambres Grand Lac 262x157x46 cm +3 Ans Jardin 54117 | | Tupique","description":"Envie d'acheter Bestway Piscine Gonflable 2 Chambres Grand Lac 262x157x46 cm +3 Ans Jardin 54117\u00a0? Achetez Bestway Piscine Gonflable 2 Chambres Grand Lac 262x157x46 cm +3 Ans Jardin 54117 maintenant avec Tupique en 3 versements sans int\u00e9r\u00eat.","robots":{"index":"index","follow":"follow","max-snippet":"max-snippet:-1","max-image-preview":"max-image-preview:large","max-video-preview":"max-video-preview:-1"},"canonical":"https:\/\/tupique.com\/en\/product\/bestway-piscine-gonflable-2-chambres-grand-lac-262x157x46-cm-3-ans-jardin-54117\/","og_locale":"en_GB","og_type":"article","og_title":"Bestway Piscine Gonflable 2 Chambres Grand Lac 262x157x46 cm +3 Ans Jardin 54117 | | Tupique","og_description":"Envie d'acheter Bestway Piscine Gonflable 2 Chambres Grand Lac 262x157x46 cm +3 Ans Jardin 54117\u00a0? Achetez Bestway Piscine Gonflable 2 Chambres Grand Lac 262x157x46 cm +3 Ans Jardin 54117 maintenant avec Tupique en 3 versements sans int\u00e9r\u00eat.","og_url":"https:\/\/tupique.com\/en\/product\/bestway-piscine-gonflable-2-chambres-grand-lac-262x157x46-cm-3-ans-jardin-54117\/","og_site_name":"Tupique","article_modified_time":"2026-05-11T23:23:06+00:00","og_image":[{"width":1200,"height":1200,"url":"https:\/\/tupique.com\/wp-content\/uploads\/2026\/05\/6942138913217_D1400414_P02.jpg","type":"image\/jpeg"}],"twitter_card":"summary_large_image","twitter_misc":{"Est. reading time":"1 minute"},"schema":{"@context":"https:\/\/schema.org","@graph":[{"@type":"WebPage","@id":"https:\/\/tupique.com\/product\/bestway-piscine-gonflable-2-chambres-grand-lac-262x157x46-cm-3-ans-jardin-54117\/","url":"https:\/\/tupique.com\/product\/bestway-piscine-gonflable-2-chambres-grand-lac-262x157x46-cm-3-ans-jardin-54117\/","name":"Bestway Piscine Gonflable 2 Chambres Grand Lac 262x157x46 cm +3 Ans Jardin 54117 | | Tupique","isPartOf":{"@id":"https:\/\/tupique.com\/#website"},"primaryImageOfPage":{"@id":"https:\/\/tupique.com\/product\/bestway-piscine-gonflable-2-chambres-grand-lac-262x157x46-cm-3-ans-jardin-54117\/#primaryimage"},"image":{"@id":"https:\/\/tupique.com\/product\/bestway-piscine-gonflable-2-chambres-grand-lac-262x157x46-cm-3-ans-jardin-54117\/#primaryimage"},"thumbnailUrl":"https:\/\/tupique.com\/wp-content\/uploads\/2026\/05\/6942138913217_D1400414_P02.jpg","datePublished":"2026-05-11T23:12:46+00:00","dateModified":"2026-05-11T23:23:06+00:00","description":"Envie d'acheter Bestway Piscine Gonflable 2 Chambres Grand Lac 262x157x46 cm +3 Ans Jardin 54117\u00a0? Achetez Bestway Piscine Gonflable 2 Chambres Grand Lac 262x157x46 cm +3 Ans Jardin 54117 maintenant avec Tupique en 3 versements sans int\u00e9r\u00eat.","breadcrumb":{"@id":"https:\/\/tupique.com\/product\/bestway-piscine-gonflable-2-chambres-grand-lac-262x157x46-cm-3-ans-jardin-54117\/#breadcrumb"},"inLanguage":"en-GB","potentialAction":[{"@type":"ReadAction","target":["https:\/\/tupique.com\/product\/bestway-piscine-gonflable-2-chambres-grand-lac-262x157x46-cm-3-ans-jardin-54117\/"]}]},{"@type":"ImageObject","inLanguage":"en-GB","@id":"https:\/\/tupique.com\/product\/bestway-piscine-gonflable-2-chambres-grand-lac-262x157x46-cm-3-ans-jardin-54117\/#primaryimage","url":"https:\/\/tupique.com\/wp-content\/uploads\/2026\/05\/6942138913217_D1400414_P02.jpg","contentUrl":"https:\/\/tupique.com\/wp-content\/uploads\/2026\/05\/6942138913217_D1400414_P02.jpg","width":1200,"height":1200,"caption":"D1400414_0"},{"@type":"BreadcrumbList","@id":"https:\/\/tupique.com\/product\/bestway-piscine-gonflable-2-chambres-grand-lac-262x157x46-cm-3-ans-jardin-54117\/#breadcrumb","itemListElement":[{"@type":"ListItem","position":1,"name":"commencer","item":"https:\/\/tupique.com\/"},{"@type":"ListItem","position":2,"name":"Loja","item":"https:\/\/tupique.com\/pt\/loja\/"},{"@type":"ListItem","position":3,"name":"Bestway Piscine Gonflable 2 Chambres Grand Lac 262x157x46 cm +3 Ans Jardin 54117"}]},{"@type":"WebSite","@id":"https:\/\/tupique.com\/#website","url":"https:\/\/tupique.com\/","name":"Tupique","description":"","publisher":{"@id":"https:\/\/tupique.com\/#organization"},"potentialAction":[{"@type":"SearchAction","target":{"@type":"EntryPoint","urlTemplate":"https:\/\/tupique.com\/?s={search_term_string}"},"query-input":{"@type":"PropertyValueSpecification","valueRequired":true,"valueName":"search_term_string"}}],"inLanguage":"en-GB"},{"@type":"Organization","@id":"https:\/\/tupique.com\/#organization","name":"Tupique","url":"https:\/\/tupique.com\/","logo":{"@type":"ImageObject","inLanguage":"en-GB","@id":"https:\/\/tupique.com\/#\/schema\/logo\/image\/","url":"https:\/\/tupique.com\/wp-content\/uploads\/2026\/03\/logo-tupique-1.webp","contentUrl":"https:\/\/tupique.com\/wp-content\/uploads\/2026\/03\/logo-tupique-1.webp","width":500,"height":67,"caption":"Tupique"},"image":{"@id":"https:\/\/tupique.com\/#\/schema\/logo\/image\/"}}]}},"_links":{"self":[{"href":"https:\/\/tupique.com\/en\/wp-json\/wp\/v2\/product\/191246","targetHints":{"allow":["GET"]}}],"collection":[{"href":"https:\/\/tupique.com\/en\/wp-json\/wp\/v2\/product"}],"about":[{"href":"https:\/\/tupique.com\/en\/wp-json\/wp\/v2\/types\/product"}],"replies":[{"embeddable":true,"href":"https:\/\/tupique.com\/en\/wp-json\/wp\/v2\/comments?post=191246"}],"wp:featuredmedia":[{"embeddable":true,"href":"https:\/\/tupique.com\/en\/wp-json\/wp\/v2\/media\/191243"}],"wp:attachment":[{"href":"https:\/\/tupique.com\/en\/wp-json\/wp\/v2\/media?parent=191246"}],"wp:term":[{"taxonomy":"product_brand","embeddable":true,"href":"https:\/\/tupique.com\/en\/wp-json\/wp\/v2\/product_brand?post=191246"},{"taxonomy":"product_cat","embeddable":true,"href":"https:\/\/tupique.com\/en\/wp-json\/wp\/v2\/product_cat?post=191246"},{"taxonomy":"product_tag","embeddable":true,"href":"https:\/\/tupique.com\/en\/wp-json\/wp\/v2\/product_tag?post=191246"},{"taxonomy":"woo-feed-brand","embeddable":true,"href":"https:\/\/tupique.com\/en\/wp-json\/wp\/v2\/woo-feed-brand?post=191246"}],"curies":[{"name":"wp","href":"https:\/\/api.w.org\/{rel}","templated":true}]}}