{"id":191292,"date":"2026-05-12T01:14:04","date_gmt":"2026-05-11T23:14:04","guid":{"rendered":"https:\/\/tupique.com\/product\/bestway-piscine-gonflable-adulte-anneau-ratan-avec-epurateur-475x84-cm-jardin-57313\/"},"modified":"2026-05-12T01:23:07","modified_gmt":"2026-05-11T23:23:07","slug":"bestway-piscine-gonflable-adulte-anneau-ratan-avec-epurateur-475x84-cm-jardin-57313","status":"publish","type":"product","link":"https:\/\/tupique.com\/en\/product\/bestway-piscine-gonflable-adulte-anneau-ratan-avec-epurateur-475x84-cm-jardin-57313\/","title":{"rendered":"Bestway Piscine Gonflable Adulte Anneau Ratan avec Epurateur 475&#215;84 cm Jardin 57313"},"content":{"rendered":"<p>L&#8217;amusement est assur\u00e9 pour l&#8217;\u00e9t\u00e9, avec ces propositions qui plairont aux petits et aux grands ! Achetez <b>Piscine gonflable Bestway Gris 9677 L 457 x 84 cm<\/b> et profitez de votre temps libre !<\/p>\n<p>The <b>piscine gonflable<\/b> Bestway est le choix parfait pour profiter de l&#8217;\u00e9t\u00e9 avec des amis et la famille, offrant un espace rafra\u00eechissant et amusant. De couleur <b>grise<\/b>, cette piscine a une <b>capacit\u00e9 de 9677 litres<\/b>, id\u00e9ale pour se d\u00e9tendre et jouer dans l&#8217;eau. Son design est fabriqu\u00e9 en <b>plastique<\/b> de haute qualit\u00e9, garantissant durabilit\u00e9 et r\u00e9sistance face aux intemp\u00e9ries. Un aspect remarquable de cette piscine est son <b>montage sans outils<\/b>, permettant une installation rapide et facile, la rendant pr\u00eate \u00e0 l&#8217;emploi en quelques minutes. De plus, elle inclut une <b>filtre pour piscine<\/b>, assurant que l&#8217;eau reste propre et claire tout au long de la saison. Avec ces caract\u00e9ristiques, la piscine Bestway est une option pratique et confortable qui r\u00e9pondra aux besoins de tout foyer cherchant \u00e0 profiter d&#8217;un \u00e9t\u00e9 inoubliable.<\/p>\n<ul>\n<li>Features:\n<ul>\n<li>Montage sans outils<\/li>\n<li>Ext\u00e9rieur<\/li>\n<li>Nettoyage par chiffon humide<\/li>\n<\/ul>\n<\/li>\n<li>Dimensions approx.:\n<ul>\n<li>457 x 84 cm<\/li>\n<li>457 x 457 x 84 cm<\/li>\n<\/ul>\n<\/li>\n<li>Inclut: \u00c9purateur de Piscine<\/li>\n<li>Type:\n<ul>\n<li>Piscine gonflable<\/li>\n<li>Type 2<\/li>\n<\/ul>\n<\/li>\n<li>Couleur: Gris<\/li>\n<li>Mati\u00e8re: Plastique<\/li>\n<li>Recommended use:\n<ul>\n<li>Plage<\/li>\n<li>Jardin<\/li>\n<li>Camping<\/li>\n<\/ul>\n<\/li>\n<li>Capacit\u00e9: 9677 L<\/li>\n<li>Pays \/ r\u00e9gion de fabrication: Chine<\/li>\n<li>Forme:\n<ul>\n<li>Rond<\/li>\n<li>Ronde<\/li>\n<\/ul>\n<\/li>\n<li>\u00c9lev\u00e9: 84 cm<\/li>\n<\/ul>","protected":false},"excerpt":{"rendered":"<p><span class=\"unit-info\">0.0177 &euro; \/ 1 l<\/span><\/p>","protected":false},"featured_media":191279,"comment_status":"open","ping_status":"closed","template":"","meta":[],"product_brand":[1771],"product_cat":[2272,1769,1764],"product_tag":[2247,721,210],"woo-feed-brand":[],"class_list":{"0":"post-191292","1":"product","2":"type-product","3":"status-publish","4":"has-post-thumbnail","6":"product_brand-brandp_520","7":"product_cat-piscines","8":"product_cat-plage-et-piscine","9":"product_cat-sports-loisirs","10":"product_tag-tag_32","11":"product_tag-tag_124","12":"product_tag-tag_25","14":"first","15":"instock","16":"taxable","17":"shipping-taxable","18":"purchasable","19":"product-type-simple"},"yoast_head":"<!-- This site is optimized with the Yoast SEO plugin v27.6 - https:\/\/yoast.com\/product\/yoast-seo-wordpress\/ -->\n<title>Bestway Piscine Gonflable Adulte Anneau Ratan avec Epurateur 475x84 cm Jardin 57313 | | Tupique<\/title>\n<meta name=\"description\" content=\"Envie d&#039;acheter Bestway Piscine Gonflable Adulte Anneau Ratan avec Epurateur 475x84 cm Jardin 57313\u00a0? Achetez Bestway Piscine Gonflable Adulte Anneau Ratan avec Epurateur 475x84 cm Jardin 57313 maintenant avec Tupique en 3 versements sans int\u00e9r\u00eat.\" \/>\n<meta name=\"robots\" content=\"index, follow, max-snippet:-1, max-image-preview:large, max-video-preview:-1\" \/>\n<link rel=\"canonical\" href=\"https:\/\/tupique.com\/en\/product\/bestway-piscine-gonflable-adulte-anneau-ratan-avec-epurateur-475x84-cm-jardin-57313\/\" \/>\n<meta property=\"og:locale\" content=\"en_GB\" \/>\n<meta property=\"og:type\" content=\"article\" \/>\n<meta property=\"og:title\" content=\"Bestway Piscine Gonflable Adulte Anneau Ratan avec Epurateur 475x84 cm Jardin 57313 | | Tupique\" \/>\n<meta property=\"og:description\" content=\"Envie d&#039;acheter Bestway Piscine Gonflable Adulte Anneau Ratan avec Epurateur 475x84 cm Jardin 57313\u00a0? Achetez Bestway Piscine Gonflable Adulte Anneau Ratan avec Epurateur 475x84 cm Jardin 57313 maintenant avec Tupique en 3 versements sans int\u00e9r\u00eat.\" \/>\n<meta property=\"og:url\" content=\"https:\/\/tupique.com\/en\/product\/bestway-piscine-gonflable-adulte-anneau-ratan-avec-epurateur-475x84-cm-jardin-57313\/\" \/>\n<meta property=\"og:site_name\" content=\"Tupique\" \/>\n<meta property=\"article:modified_time\" content=\"2026-05-11T23:23:07+00:00\" \/>\n<meta property=\"og:image\" content=\"https:\/\/tupique.com\/wp-content\/uploads\/2026\/05\/6941607310885_D1400454_P02.jpg\" \/>\n\t<meta property=\"og:image:width\" content=\"1200\" \/>\n\t<meta property=\"og:image:height\" content=\"1200\" \/>\n\t<meta property=\"og:image:type\" content=\"image\/jpeg\" \/>\n<meta name=\"twitter:card\" content=\"summary_large_image\" \/>\n<meta name=\"twitter:label1\" content=\"Est. reading time\" \/>\n\t<meta name=\"twitter:data1\" content=\"1 minute\" \/>\n<script type=\"application\/ld+json\" class=\"yoast-schema-graph\">{\"@context\":\"https:\\\/\\\/schema.org\",\"@graph\":[{\"@type\":\"WebPage\",\"@id\":\"https:\\\/\\\/tupique.com\\\/product\\\/bestway-piscine-gonflable-adulte-anneau-ratan-avec-epurateur-475x84-cm-jardin-57313\\\/\",\"url\":\"https:\\\/\\\/tupique.com\\\/product\\\/bestway-piscine-gonflable-adulte-anneau-ratan-avec-epurateur-475x84-cm-jardin-57313\\\/\",\"name\":\"Bestway Piscine Gonflable Adulte Anneau Ratan avec Epurateur 475x84 cm Jardin 57313 | | Tupique\",\"isPartOf\":{\"@id\":\"https:\\\/\\\/tupique.com\\\/#website\"},\"primaryImageOfPage\":{\"@id\":\"https:\\\/\\\/tupique.com\\\/product\\\/bestway-piscine-gonflable-adulte-anneau-ratan-avec-epurateur-475x84-cm-jardin-57313\\\/#primaryimage\"},\"image\":{\"@id\":\"https:\\\/\\\/tupique.com\\\/product\\\/bestway-piscine-gonflable-adulte-anneau-ratan-avec-epurateur-475x84-cm-jardin-57313\\\/#primaryimage\"},\"thumbnailUrl\":\"https:\\\/\\\/tupique.com\\\/wp-content\\\/uploads\\\/2026\\\/05\\\/6941607310885_D1400454_P02.jpg\",\"datePublished\":\"2026-05-11T23:14:04+00:00\",\"dateModified\":\"2026-05-11T23:23:07+00:00\",\"description\":\"Envie d'acheter Bestway Piscine Gonflable Adulte Anneau Ratan avec Epurateur 475x84 cm Jardin 57313\u00a0? Achetez Bestway Piscine Gonflable Adulte Anneau Ratan avec Epurateur 475x84 cm Jardin 57313 maintenant avec Tupique en 3 versements sans int\u00e9r\u00eat.\",\"breadcrumb\":{\"@id\":\"https:\\\/\\\/tupique.com\\\/product\\\/bestway-piscine-gonflable-adulte-anneau-ratan-avec-epurateur-475x84-cm-jardin-57313\\\/#breadcrumb\"},\"inLanguage\":\"en-GB\",\"potentialAction\":[{\"@type\":\"ReadAction\",\"target\":[\"https:\\\/\\\/tupique.com\\\/product\\\/bestway-piscine-gonflable-adulte-anneau-ratan-avec-epurateur-475x84-cm-jardin-57313\\\/\"]}]},{\"@type\":\"ImageObject\",\"inLanguage\":\"en-GB\",\"@id\":\"https:\\\/\\\/tupique.com\\\/product\\\/bestway-piscine-gonflable-adulte-anneau-ratan-avec-epurateur-475x84-cm-jardin-57313\\\/#primaryimage\",\"url\":\"https:\\\/\\\/tupique.com\\\/wp-content\\\/uploads\\\/2026\\\/05\\\/6941607310885_D1400454_P02.jpg\",\"contentUrl\":\"https:\\\/\\\/tupique.com\\\/wp-content\\\/uploads\\\/2026\\\/05\\\/6941607310885_D1400454_P02.jpg\",\"width\":1200,\"height\":1200,\"caption\":\"D1400454_0\"},{\"@type\":\"BreadcrumbList\",\"@id\":\"https:\\\/\\\/tupique.com\\\/product\\\/bestway-piscine-gonflable-adulte-anneau-ratan-avec-epurateur-475x84-cm-jardin-57313\\\/#breadcrumb\",\"itemListElement\":[{\"@type\":\"ListItem\",\"position\":1,\"name\":\"commencer\",\"item\":\"https:\\\/\\\/tupique.com\\\/\"},{\"@type\":\"ListItem\",\"position\":2,\"name\":\"Loja\",\"item\":\"https:\\\/\\\/tupique.com\\\/pt\\\/loja\\\/\"},{\"@type\":\"ListItem\",\"position\":3,\"name\":\"Bestway Piscine Gonflable Adulte Anneau Ratan avec Epurateur 475&#215;84 cm Jardin 57313\"}]},{\"@type\":\"WebSite\",\"@id\":\"https:\\\/\\\/tupique.com\\\/#website\",\"url\":\"https:\\\/\\\/tupique.com\\\/\",\"name\":\"Tupique\",\"description\":\"\",\"publisher\":{\"@id\":\"https:\\\/\\\/tupique.com\\\/#organization\"},\"potentialAction\":[{\"@type\":\"SearchAction\",\"target\":{\"@type\":\"EntryPoint\",\"urlTemplate\":\"https:\\\/\\\/tupique.com\\\/?s={search_term_string}\"},\"query-input\":{\"@type\":\"PropertyValueSpecification\",\"valueRequired\":true,\"valueName\":\"search_term_string\"}}],\"inLanguage\":\"en-GB\"},{\"@type\":\"Organization\",\"@id\":\"https:\\\/\\\/tupique.com\\\/#organization\",\"name\":\"Tupique\",\"url\":\"https:\\\/\\\/tupique.com\\\/\",\"logo\":{\"@type\":\"ImageObject\",\"inLanguage\":\"en-GB\",\"@id\":\"https:\\\/\\\/tupique.com\\\/#\\\/schema\\\/logo\\\/image\\\/\",\"url\":\"https:\\\/\\\/tupique.com\\\/wp-content\\\/uploads\\\/2026\\\/03\\\/logo-tupique-1.webp\",\"contentUrl\":\"https:\\\/\\\/tupique.com\\\/wp-content\\\/uploads\\\/2026\\\/03\\\/logo-tupique-1.webp\",\"width\":500,\"height\":67,\"caption\":\"Tupique\"},\"image\":{\"@id\":\"https:\\\/\\\/tupique.com\\\/#\\\/schema\\\/logo\\\/image\\\/\"}}]}<\/script>\n<!-- \/ Yoast SEO plugin. -->","yoast_head_json":{"title":"Bestway Piscine Gonflable Adulte Anneau Ratan avec Epurateur 475x84 cm Jardin 57313 | | Tupique","description":"Envie d'acheter Bestway Piscine Gonflable Adulte Anneau Ratan avec Epurateur 475x84 cm Jardin 57313\u00a0? Achetez Bestway Piscine Gonflable Adulte Anneau Ratan avec Epurateur 475x84 cm Jardin 57313 maintenant avec Tupique en 3 versements sans int\u00e9r\u00eat.","robots":{"index":"index","follow":"follow","max-snippet":"max-snippet:-1","max-image-preview":"max-image-preview:large","max-video-preview":"max-video-preview:-1"},"canonical":"https:\/\/tupique.com\/en\/product\/bestway-piscine-gonflable-adulte-anneau-ratan-avec-epurateur-475x84-cm-jardin-57313\/","og_locale":"en_GB","og_type":"article","og_title":"Bestway Piscine Gonflable Adulte Anneau Ratan avec Epurateur 475x84 cm Jardin 57313 | | Tupique","og_description":"Envie d'acheter Bestway Piscine Gonflable Adulte Anneau Ratan avec Epurateur 475x84 cm Jardin 57313\u00a0? Achetez Bestway Piscine Gonflable Adulte Anneau Ratan avec Epurateur 475x84 cm Jardin 57313 maintenant avec Tupique en 3 versements sans int\u00e9r\u00eat.","og_url":"https:\/\/tupique.com\/en\/product\/bestway-piscine-gonflable-adulte-anneau-ratan-avec-epurateur-475x84-cm-jardin-57313\/","og_site_name":"Tupique","article_modified_time":"2026-05-11T23:23:07+00:00","og_image":[{"width":1200,"height":1200,"url":"https:\/\/tupique.com\/wp-content\/uploads\/2026\/05\/6941607310885_D1400454_P02.jpg","type":"image\/jpeg"}],"twitter_card":"summary_large_image","twitter_misc":{"Est. reading time":"1 minute"},"schema":{"@context":"https:\/\/schema.org","@graph":[{"@type":"WebPage","@id":"https:\/\/tupique.com\/product\/bestway-piscine-gonflable-adulte-anneau-ratan-avec-epurateur-475x84-cm-jardin-57313\/","url":"https:\/\/tupique.com\/product\/bestway-piscine-gonflable-adulte-anneau-ratan-avec-epurateur-475x84-cm-jardin-57313\/","name":"Bestway Piscine Gonflable Adulte Anneau Ratan avec Epurateur 475x84 cm Jardin 57313 | | Tupique","isPartOf":{"@id":"https:\/\/tupique.com\/#website"},"primaryImageOfPage":{"@id":"https:\/\/tupique.com\/product\/bestway-piscine-gonflable-adulte-anneau-ratan-avec-epurateur-475x84-cm-jardin-57313\/#primaryimage"},"image":{"@id":"https:\/\/tupique.com\/product\/bestway-piscine-gonflable-adulte-anneau-ratan-avec-epurateur-475x84-cm-jardin-57313\/#primaryimage"},"thumbnailUrl":"https:\/\/tupique.com\/wp-content\/uploads\/2026\/05\/6941607310885_D1400454_P02.jpg","datePublished":"2026-05-11T23:14:04+00:00","dateModified":"2026-05-11T23:23:07+00:00","description":"Envie d'acheter Bestway Piscine Gonflable Adulte Anneau Ratan avec Epurateur 475x84 cm Jardin 57313\u00a0? Achetez Bestway Piscine Gonflable Adulte Anneau Ratan avec Epurateur 475x84 cm Jardin 57313 maintenant avec Tupique en 3 versements sans int\u00e9r\u00eat.","breadcrumb":{"@id":"https:\/\/tupique.com\/product\/bestway-piscine-gonflable-adulte-anneau-ratan-avec-epurateur-475x84-cm-jardin-57313\/#breadcrumb"},"inLanguage":"en-GB","potentialAction":[{"@type":"ReadAction","target":["https:\/\/tupique.com\/product\/bestway-piscine-gonflable-adulte-anneau-ratan-avec-epurateur-475x84-cm-jardin-57313\/"]}]},{"@type":"ImageObject","inLanguage":"en-GB","@id":"https:\/\/tupique.com\/product\/bestway-piscine-gonflable-adulte-anneau-ratan-avec-epurateur-475x84-cm-jardin-57313\/#primaryimage","url":"https:\/\/tupique.com\/wp-content\/uploads\/2026\/05\/6941607310885_D1400454_P02.jpg","contentUrl":"https:\/\/tupique.com\/wp-content\/uploads\/2026\/05\/6941607310885_D1400454_P02.jpg","width":1200,"height":1200,"caption":"D1400454_0"},{"@type":"BreadcrumbList","@id":"https:\/\/tupique.com\/product\/bestway-piscine-gonflable-adulte-anneau-ratan-avec-epurateur-475x84-cm-jardin-57313\/#breadcrumb","itemListElement":[{"@type":"ListItem","position":1,"name":"commencer","item":"https:\/\/tupique.com\/"},{"@type":"ListItem","position":2,"name":"Loja","item":"https:\/\/tupique.com\/pt\/loja\/"},{"@type":"ListItem","position":3,"name":"Bestway Piscine Gonflable Adulte Anneau Ratan avec Epurateur 475&#215;84 cm Jardin 57313"}]},{"@type":"WebSite","@id":"https:\/\/tupique.com\/#website","url":"https:\/\/tupique.com\/","name":"Tupique","description":"","publisher":{"@id":"https:\/\/tupique.com\/#organization"},"potentialAction":[{"@type":"SearchAction","target":{"@type":"EntryPoint","urlTemplate":"https:\/\/tupique.com\/?s={search_term_string}"},"query-input":{"@type":"PropertyValueSpecification","valueRequired":true,"valueName":"search_term_string"}}],"inLanguage":"en-GB"},{"@type":"Organization","@id":"https:\/\/tupique.com\/#organization","name":"Tupique","url":"https:\/\/tupique.com\/","logo":{"@type":"ImageObject","inLanguage":"en-GB","@id":"https:\/\/tupique.com\/#\/schema\/logo\/image\/","url":"https:\/\/tupique.com\/wp-content\/uploads\/2026\/03\/logo-tupique-1.webp","contentUrl":"https:\/\/tupique.com\/wp-content\/uploads\/2026\/03\/logo-tupique-1.webp","width":500,"height":67,"caption":"Tupique"},"image":{"@id":"https:\/\/tupique.com\/#\/schema\/logo\/image\/"}}]}},"_links":{"self":[{"href":"https:\/\/tupique.com\/en\/wp-json\/wp\/v2\/product\/191292","targetHints":{"allow":["GET"]}}],"collection":[{"href":"https:\/\/tupique.com\/en\/wp-json\/wp\/v2\/product"}],"about":[{"href":"https:\/\/tupique.com\/en\/wp-json\/wp\/v2\/types\/product"}],"replies":[{"embeddable":true,"href":"https:\/\/tupique.com\/en\/wp-json\/wp\/v2\/comments?post=191292"}],"wp:featuredmedia":[{"embeddable":true,"href":"https:\/\/tupique.com\/en\/wp-json\/wp\/v2\/media\/191279"}],"wp:attachment":[{"href":"https:\/\/tupique.com\/en\/wp-json\/wp\/v2\/media?parent=191292"}],"wp:term":[{"taxonomy":"product_brand","embeddable":true,"href":"https:\/\/tupique.com\/en\/wp-json\/wp\/v2\/product_brand?post=191292"},{"taxonomy":"product_cat","embeddable":true,"href":"https:\/\/tupique.com\/en\/wp-json\/wp\/v2\/product_cat?post=191292"},{"taxonomy":"product_tag","embeddable":true,"href":"https:\/\/tupique.com\/en\/wp-json\/wp\/v2\/product_tag?post=191292"},{"taxonomy":"woo-feed-brand","embeddable":true,"href":"https:\/\/tupique.com\/en\/wp-json\/wp\/v2\/woo-feed-brand?post=191292"}],"curies":[{"name":"wp","href":"https:\/\/api.w.org\/{rel}","templated":true}]}}