{"id":191367,"date":"2026-05-12T01:16:30","date_gmt":"2026-05-11T23:16:30","guid":{"rendered":"https:\/\/tupique.com\/product\/bestway-canot-set-kondor-elite-2000-196x106x31-cm-loisirs-61141\/"},"modified":"2026-05-12T01:23:08","modified_gmt":"2026-05-11T23:23:08","slug":"bestway-canot-set-kondor-elite-2000-196x106x31-cm-loisirs-61141","status":"publish","type":"product","link":"https:\/\/tupique.com\/en\/product\/bestway-canot-set-kondor-elite-2000-196x106x31-cm-loisirs-61141\/","title":{"rendered":"Bestway Canot Set Kondor Elite 2000 196x106x31 cm Loisirs 61141"},"content":{"rendered":"<p>L&#8217;amusement est assur\u00e9 pour l&#8217;\u00e9t\u00e9, avec ces propositions qui plairont aux petits et aux grands ! Achetez <b>Bateau gonflable Bestway Kondor Elite 2000 196 x 106 x 31 cm<\/b> et profitez de votre temps libre !<\/p>\n<ul>\n<li>Couleur:\n<ul>\n<li>Orange<\/li>\n<li>Multicouleur<\/li>\n<\/ul>\n<\/li>\n<li>Inclut:\n<ul>\n<li>Rames<\/li>\n<li>Pompe \u00e0 air<\/li>\n<li>Rames x 2<\/li>\n<\/ul>\n<\/li>\n<li>Dimensions approx.: 196 x 106 x 31 cm<\/li>\n<li>Mat\u00e9riel:\n<ul>\n<li>Plastique<\/li>\n<li>PVC<\/li>\n<\/ul>\n<\/li>\n<li>Features:\n<ul>\n<li>Ext\u00e9rieur<\/li>\n<li>Nettoyage par chiffon humide<\/li>\n<li>Poign\u00e9e<\/li>\n<\/ul>\n<\/li>\n<li>Recommended use:\n<ul>\n<li>Plage<\/li>\n<li>Jardin<\/li>\n<li>Camping<\/li>\n<\/ul>\n<\/li>\n<li>Genre: Adultes unisexes<\/li>\n<li>Poids Max. support\u00e9: 120 kg<\/li>\n<\/ul>","protected":false},"excerpt":{"rendered":"<p>L&#8217;amusement est assur\u00e9 pour l&#8217;\u00e9t\u00e9, avec ces propositions qui plairont aux petits et aux grands ! Achetez Bateau gonflable Bestway Kondor Elite 2000 196 x 106 x 31 cm et profitez de votre temps libre ! Couleur: Orange Multicouleur Inclut: Rames Pompe \u00e0 air Rames x 2 Dimensions approx.: 196 x 106 x 31 cm [&hellip;]<\/p>\n","protected":false},"featured_media":191354,"comment_status":"open","ping_status":"closed","template":"","meta":[],"product_brand":[1771],"product_cat":[2263,1769,1764],"product_tag":[2247,1816,163],"woo-feed-brand":[],"class_list":{"0":"post-191367","1":"product","2":"type-product","3":"status-publish","4":"has-post-thumbnail","6":"product_brand-brandp_520","7":"product_cat-gonflables","8":"product_cat-plage-et-piscine","9":"product_cat-sports-loisirs","10":"product_tag-tag_32","11":"product_tag-tag_1272","12":"product_tag-tag_17","14":"first","15":"instock","16":"taxable","17":"shipping-taxable","18":"purchasable","19":"product-type-simple"},"yoast_head":"<!-- This site is optimized with the Yoast SEO plugin v27.6 - https:\/\/yoast.com\/product\/yoast-seo-wordpress\/ -->\n<title>Bestway Canot Set Kondor Elite 2000 196x106x31 cm Loisirs 61141 | | Tupique<\/title>\n<meta name=\"description\" content=\"Envie d&#039;acheter Bestway Canot Set Kondor Elite 2000 196x106x31 cm Loisirs 61141\u00a0? Achetez Bestway Canot Set Kondor Elite 2000 196x106x31 cm Loisirs 61141 maintenant avec Tupique en 3 versements sans int\u00e9r\u00eat.\" \/>\n<meta name=\"robots\" content=\"index, follow, max-snippet:-1, max-image-preview:large, max-video-preview:-1\" \/>\n<link rel=\"canonical\" href=\"https:\/\/tupique.com\/en\/product\/bestway-canot-set-kondor-elite-2000-196x106x31-cm-loisirs-61141\/\" \/>\n<meta property=\"og:locale\" content=\"en_GB\" \/>\n<meta property=\"og:type\" content=\"article\" \/>\n<meta property=\"og:title\" content=\"Bestway Canot Set Kondor Elite 2000 196x106x31 cm Loisirs 61141 | | Tupique\" \/>\n<meta property=\"og:description\" content=\"Envie d&#039;acheter Bestway Canot Set Kondor Elite 2000 196x106x31 cm Loisirs 61141\u00a0? Achetez Bestway Canot Set Kondor Elite 2000 196x106x31 cm Loisirs 61141 maintenant avec Tupique en 3 versements sans int\u00e9r\u00eat.\" \/>\n<meta property=\"og:url\" content=\"https:\/\/tupique.com\/en\/product\/bestway-canot-set-kondor-elite-2000-196x106x31-cm-loisirs-61141\/\" \/>\n<meta property=\"og:site_name\" content=\"Tupique\" \/>\n<meta property=\"article:modified_time\" content=\"2026-05-11T23:23:08+00:00\" \/>\n<meta property=\"og:image\" content=\"https:\/\/tupique.com\/wp-content\/uploads\/2026\/05\/6941607332436_D1400523_P01.jpg\" \/>\n\t<meta property=\"og:image:width\" content=\"1200\" \/>\n\t<meta property=\"og:image:height\" content=\"1200\" \/>\n\t<meta property=\"og:image:type\" content=\"image\/jpeg\" \/>\n<meta name=\"twitter:card\" content=\"summary_large_image\" \/>\n<script type=\"application\/ld+json\" class=\"yoast-schema-graph\">{\"@context\":\"https:\\\/\\\/schema.org\",\"@graph\":[{\"@type\":\"WebPage\",\"@id\":\"https:\\\/\\\/tupique.com\\\/product\\\/bestway-canot-set-kondor-elite-2000-196x106x31-cm-loisirs-61141\\\/\",\"url\":\"https:\\\/\\\/tupique.com\\\/product\\\/bestway-canot-set-kondor-elite-2000-196x106x31-cm-loisirs-61141\\\/\",\"name\":\"Bestway Canot Set Kondor Elite 2000 196x106x31 cm Loisirs 61141 | | Tupique\",\"isPartOf\":{\"@id\":\"https:\\\/\\\/tupique.com\\\/#website\"},\"primaryImageOfPage\":{\"@id\":\"https:\\\/\\\/tupique.com\\\/product\\\/bestway-canot-set-kondor-elite-2000-196x106x31-cm-loisirs-61141\\\/#primaryimage\"},\"image\":{\"@id\":\"https:\\\/\\\/tupique.com\\\/product\\\/bestway-canot-set-kondor-elite-2000-196x106x31-cm-loisirs-61141\\\/#primaryimage\"},\"thumbnailUrl\":\"https:\\\/\\\/tupique.com\\\/wp-content\\\/uploads\\\/2026\\\/05\\\/6941607332436_D1400523_P01.jpg\",\"datePublished\":\"2026-05-11T23:16:30+00:00\",\"dateModified\":\"2026-05-11T23:23:08+00:00\",\"description\":\"Envie d'acheter Bestway Canot Set Kondor Elite 2000 196x106x31 cm Loisirs 61141\u00a0? Achetez Bestway Canot Set Kondor Elite 2000 196x106x31 cm Loisirs 61141 maintenant avec Tupique en 3 versements sans int\u00e9r\u00eat.\",\"breadcrumb\":{\"@id\":\"https:\\\/\\\/tupique.com\\\/product\\\/bestway-canot-set-kondor-elite-2000-196x106x31-cm-loisirs-61141\\\/#breadcrumb\"},\"inLanguage\":\"en-GB\",\"potentialAction\":[{\"@type\":\"ReadAction\",\"target\":[\"https:\\\/\\\/tupique.com\\\/product\\\/bestway-canot-set-kondor-elite-2000-196x106x31-cm-loisirs-61141\\\/\"]}]},{\"@type\":\"ImageObject\",\"inLanguage\":\"en-GB\",\"@id\":\"https:\\\/\\\/tupique.com\\\/product\\\/bestway-canot-set-kondor-elite-2000-196x106x31-cm-loisirs-61141\\\/#primaryimage\",\"url\":\"https:\\\/\\\/tupique.com\\\/wp-content\\\/uploads\\\/2026\\\/05\\\/6941607332436_D1400523_P01.jpg\",\"contentUrl\":\"https:\\\/\\\/tupique.com\\\/wp-content\\\/uploads\\\/2026\\\/05\\\/6941607332436_D1400523_P01.jpg\",\"width\":1200,\"height\":1200,\"caption\":\"D1400523_0\"},{\"@type\":\"BreadcrumbList\",\"@id\":\"https:\\\/\\\/tupique.com\\\/product\\\/bestway-canot-set-kondor-elite-2000-196x106x31-cm-loisirs-61141\\\/#breadcrumb\",\"itemListElement\":[{\"@type\":\"ListItem\",\"position\":1,\"name\":\"commencer\",\"item\":\"https:\\\/\\\/tupique.com\\\/\"},{\"@type\":\"ListItem\",\"position\":2,\"name\":\"Loja\",\"item\":\"https:\\\/\\\/tupique.com\\\/pt\\\/loja\\\/\"},{\"@type\":\"ListItem\",\"position\":3,\"name\":\"Bestway Canot Set Kondor Elite 2000 196x106x31 cm Loisirs 61141\"}]},{\"@type\":\"WebSite\",\"@id\":\"https:\\\/\\\/tupique.com\\\/#website\",\"url\":\"https:\\\/\\\/tupique.com\\\/\",\"name\":\"Tupique\",\"description\":\"\",\"publisher\":{\"@id\":\"https:\\\/\\\/tupique.com\\\/#organization\"},\"potentialAction\":[{\"@type\":\"SearchAction\",\"target\":{\"@type\":\"EntryPoint\",\"urlTemplate\":\"https:\\\/\\\/tupique.com\\\/?s={search_term_string}\"},\"query-input\":{\"@type\":\"PropertyValueSpecification\",\"valueRequired\":true,\"valueName\":\"search_term_string\"}}],\"inLanguage\":\"en-GB\"},{\"@type\":\"Organization\",\"@id\":\"https:\\\/\\\/tupique.com\\\/#organization\",\"name\":\"Tupique\",\"url\":\"https:\\\/\\\/tupique.com\\\/\",\"logo\":{\"@type\":\"ImageObject\",\"inLanguage\":\"en-GB\",\"@id\":\"https:\\\/\\\/tupique.com\\\/#\\\/schema\\\/logo\\\/image\\\/\",\"url\":\"https:\\\/\\\/tupique.com\\\/wp-content\\\/uploads\\\/2026\\\/03\\\/logo-tupique-1.webp\",\"contentUrl\":\"https:\\\/\\\/tupique.com\\\/wp-content\\\/uploads\\\/2026\\\/03\\\/logo-tupique-1.webp\",\"width\":500,\"height\":67,\"caption\":\"Tupique\"},\"image\":{\"@id\":\"https:\\\/\\\/tupique.com\\\/#\\\/schema\\\/logo\\\/image\\\/\"}}]}<\/script>\n<!-- \/ Yoast SEO plugin. -->","yoast_head_json":{"title":"Bestway Canot Set Kondor Elite 2000 196x106x31 cm Loisirs 61141 | | Tupique","description":"Envie d'acheter Bestway Canot Set Kondor Elite 2000 196x106x31 cm Loisirs 61141\u00a0? Achetez Bestway Canot Set Kondor Elite 2000 196x106x31 cm Loisirs 61141 maintenant avec Tupique en 3 versements sans int\u00e9r\u00eat.","robots":{"index":"index","follow":"follow","max-snippet":"max-snippet:-1","max-image-preview":"max-image-preview:large","max-video-preview":"max-video-preview:-1"},"canonical":"https:\/\/tupique.com\/en\/product\/bestway-canot-set-kondor-elite-2000-196x106x31-cm-loisirs-61141\/","og_locale":"en_GB","og_type":"article","og_title":"Bestway Canot Set Kondor Elite 2000 196x106x31 cm Loisirs 61141 | | Tupique","og_description":"Envie d'acheter Bestway Canot Set Kondor Elite 2000 196x106x31 cm Loisirs 61141\u00a0? Achetez Bestway Canot Set Kondor Elite 2000 196x106x31 cm Loisirs 61141 maintenant avec Tupique en 3 versements sans int\u00e9r\u00eat.","og_url":"https:\/\/tupique.com\/en\/product\/bestway-canot-set-kondor-elite-2000-196x106x31-cm-loisirs-61141\/","og_site_name":"Tupique","article_modified_time":"2026-05-11T23:23:08+00:00","og_image":[{"width":1200,"height":1200,"url":"https:\/\/tupique.com\/wp-content\/uploads\/2026\/05\/6941607332436_D1400523_P01.jpg","type":"image\/jpeg"}],"twitter_card":"summary_large_image","schema":{"@context":"https:\/\/schema.org","@graph":[{"@type":"WebPage","@id":"https:\/\/tupique.com\/product\/bestway-canot-set-kondor-elite-2000-196x106x31-cm-loisirs-61141\/","url":"https:\/\/tupique.com\/product\/bestway-canot-set-kondor-elite-2000-196x106x31-cm-loisirs-61141\/","name":"Bestway Canot Set Kondor Elite 2000 196x106x31 cm Loisirs 61141 | | Tupique","isPartOf":{"@id":"https:\/\/tupique.com\/#website"},"primaryImageOfPage":{"@id":"https:\/\/tupique.com\/product\/bestway-canot-set-kondor-elite-2000-196x106x31-cm-loisirs-61141\/#primaryimage"},"image":{"@id":"https:\/\/tupique.com\/product\/bestway-canot-set-kondor-elite-2000-196x106x31-cm-loisirs-61141\/#primaryimage"},"thumbnailUrl":"https:\/\/tupique.com\/wp-content\/uploads\/2026\/05\/6941607332436_D1400523_P01.jpg","datePublished":"2026-05-11T23:16:30+00:00","dateModified":"2026-05-11T23:23:08+00:00","description":"Envie d'acheter Bestway Canot Set Kondor Elite 2000 196x106x31 cm Loisirs 61141\u00a0? Achetez Bestway Canot Set Kondor Elite 2000 196x106x31 cm Loisirs 61141 maintenant avec Tupique en 3 versements sans int\u00e9r\u00eat.","breadcrumb":{"@id":"https:\/\/tupique.com\/product\/bestway-canot-set-kondor-elite-2000-196x106x31-cm-loisirs-61141\/#breadcrumb"},"inLanguage":"en-GB","potentialAction":[{"@type":"ReadAction","target":["https:\/\/tupique.com\/product\/bestway-canot-set-kondor-elite-2000-196x106x31-cm-loisirs-61141\/"]}]},{"@type":"ImageObject","inLanguage":"en-GB","@id":"https:\/\/tupique.com\/product\/bestway-canot-set-kondor-elite-2000-196x106x31-cm-loisirs-61141\/#primaryimage","url":"https:\/\/tupique.com\/wp-content\/uploads\/2026\/05\/6941607332436_D1400523_P01.jpg","contentUrl":"https:\/\/tupique.com\/wp-content\/uploads\/2026\/05\/6941607332436_D1400523_P01.jpg","width":1200,"height":1200,"caption":"D1400523_0"},{"@type":"BreadcrumbList","@id":"https:\/\/tupique.com\/product\/bestway-canot-set-kondor-elite-2000-196x106x31-cm-loisirs-61141\/#breadcrumb","itemListElement":[{"@type":"ListItem","position":1,"name":"commencer","item":"https:\/\/tupique.com\/"},{"@type":"ListItem","position":2,"name":"Loja","item":"https:\/\/tupique.com\/pt\/loja\/"},{"@type":"ListItem","position":3,"name":"Bestway Canot Set Kondor Elite 2000 196x106x31 cm Loisirs 61141"}]},{"@type":"WebSite","@id":"https:\/\/tupique.com\/#website","url":"https:\/\/tupique.com\/","name":"Tupique","description":"","publisher":{"@id":"https:\/\/tupique.com\/#organization"},"potentialAction":[{"@type":"SearchAction","target":{"@type":"EntryPoint","urlTemplate":"https:\/\/tupique.com\/?s={search_term_string}"},"query-input":{"@type":"PropertyValueSpecification","valueRequired":true,"valueName":"search_term_string"}}],"inLanguage":"en-GB"},{"@type":"Organization","@id":"https:\/\/tupique.com\/#organization","name":"Tupique","url":"https:\/\/tupique.com\/","logo":{"@type":"ImageObject","inLanguage":"en-GB","@id":"https:\/\/tupique.com\/#\/schema\/logo\/image\/","url":"https:\/\/tupique.com\/wp-content\/uploads\/2026\/03\/logo-tupique-1.webp","contentUrl":"https:\/\/tupique.com\/wp-content\/uploads\/2026\/03\/logo-tupique-1.webp","width":500,"height":67,"caption":"Tupique"},"image":{"@id":"https:\/\/tupique.com\/#\/schema\/logo\/image\/"}}]}},"_links":{"self":[{"href":"https:\/\/tupique.com\/en\/wp-json\/wp\/v2\/product\/191367","targetHints":{"allow":["GET"]}}],"collection":[{"href":"https:\/\/tupique.com\/en\/wp-json\/wp\/v2\/product"}],"about":[{"href":"https:\/\/tupique.com\/en\/wp-json\/wp\/v2\/types\/product"}],"replies":[{"embeddable":true,"href":"https:\/\/tupique.com\/en\/wp-json\/wp\/v2\/comments?post=191367"}],"wp:featuredmedia":[{"embeddable":true,"href":"https:\/\/tupique.com\/en\/wp-json\/wp\/v2\/media\/191354"}],"wp:attachment":[{"href":"https:\/\/tupique.com\/en\/wp-json\/wp\/v2\/media?parent=191367"}],"wp:term":[{"taxonomy":"product_brand","embeddable":true,"href":"https:\/\/tupique.com\/en\/wp-json\/wp\/v2\/product_brand?post=191367"},{"taxonomy":"product_cat","embeddable":true,"href":"https:\/\/tupique.com\/en\/wp-json\/wp\/v2\/product_cat?post=191367"},{"taxonomy":"product_tag","embeddable":true,"href":"https:\/\/tupique.com\/en\/wp-json\/wp\/v2\/product_tag?post=191367"},{"taxonomy":"woo-feed-brand","embeddable":true,"href":"https:\/\/tupique.com\/en\/wp-json\/wp\/v2\/woo-feed-brand?post=191367"}],"curies":[{"name":"wp","href":"https:\/\/api.w.org\/{rel}","templated":true}]}}