{"id":191617,"date":"2026-05-12T01:38:12","date_gmt":"2026-05-11T23:38:12","guid":{"rendered":"https:\/\/tupique.com\/product\/bestway-tuyau-filtration-a-vis-3m-d383-cm-piscine-et-jardin-58368\/"},"modified":"2026-05-12T01:38:12","modified_gmt":"2026-05-11T23:38:12","slug":"bestway-tuyau-filtration-a-vis-3m-d383-cm-piscine-et-jardin-58368","status":"publish","type":"product","link":"https:\/\/tupique.com\/en\/product\/bestway-tuyau-filtration-a-vis-3m-d383-cm-piscine-et-jardin-58368\/","title":{"rendered":"Bestway Tuyau Filtration \u00e0 Vis 3M D3,83 cm Piscine et Jardin 58368"},"content":{"rendered":"<p>Restez en forme et d\u00e9couvrez les derni\u00e8res nouveaut\u00e9s du secteur pour faire du sport avec les meilleures garanties ! Achetez <b>Tuyau pour filtre d&#8217;\u00e9puration C\/C. MANGUERA 3MX38MM Bestway<\/b> au meilleur prix et profitez d&#8217;une vie saine !<\/p>\n<p>The <b>tuyau pour filtre de piscine<\/b> of <b>Bestway<\/b> est un accessoire essentiel pour maintenir votre piscine dans des conditions optimales, garantissant que vous profitiez d&#8217;une eau propre et cristalline tout l&#8217;\u00e9t\u00e9. Fabriqu\u00e9 en <b>plastique<\/b> durable et l\u00e9ger, ce tuyau se distingue par sa <b>couleur blanche<\/b>, qui est non seulement esth\u00e9tiquement agr\u00e9able, mais s&#8217;adapte \u00e9galement parfaitement \u00e0 la plupart des installations de piscines. Son design est optimis\u00e9 pour favoriser un flux efficace de l&#8217;eau, facilitant la connexion entre le filtre et le syst\u00e8me de filtration de votre piscine. Ce tuyau est compatible avec une large gamme de filtres Bestway, ce qui en fait une option polyvalente pour tout propri\u00e9taire de piscine. La qualit\u00e9 des mat\u00e9riaux garantit une longue dur\u00e9e de vie, r\u00e9sistant \u00e0 l&#8217;usure habituelle et assurant un rendement constant m\u00eame dans des conditions d&#8217;utilisation intensive. Avec ce tuyau de filtration, vous pourrez profiter de la tranquillit\u00e9 d&#8217;esprit qu&#8217;offre un syst\u00e8me de nettoyage efficace et maintenir la qualit\u00e9 de l&#8217;eau \u00e0 des niveaux optimaux. Id\u00e9al pour ceux qui recherchent un produit fiable et facile \u00e0 installer, le tuyau Bestway est le choix parfait pour garder l&#8217;eau de votre piscine toujours pr\u00eate pour la baignade.<\/p>\n<ul>\n<li>Longueur: 3 m<\/li>\n<li>diam\u00e8tre approx.: \u00d8 3,8 mm<\/li>\n<li>Couleur: Blanc<\/li>\n<li>Mati\u00e8re: Plastique<\/li>\n<li>Features:\n<ul>\n<li>Utilisation en ext\u00e9rieur<\/li>\n<li>Nettoyage par chiffon humide<\/li>\n<\/ul>\n<\/li>\n<\/ul>","protected":false},"excerpt":{"rendered":"<p><span class=\"unit-info\">14.6633 &euro; \/ 1 m<\/span><\/p>","protected":false},"featured_media":191610,"comment_status":"open","ping_status":"closed","template":"","meta":[],"product_brand":[1771],"product_cat":[613,239,2272,1769,1764],"product_tag":[210],"woo-feed-brand":[],"class_list":{"0":"post-191617","1":"product","2":"type-product","3":"status-publish","4":"has-post-thumbnail","6":"product_brand-brandp_520","7":"product_cat-bricolage-et-materiel","8":"product_cat-maison-jardin","9":"product_cat-piscines","10":"product_cat-plage-et-piscine","11":"product_cat-sports-loisirs","12":"product_tag-tag_25","14":"first","15":"instock","16":"taxable","17":"shipping-taxable","18":"purchasable","19":"product-type-simple"},"yoast_head":"<!-- This site is optimized with the Yoast SEO plugin v27.6 - https:\/\/yoast.com\/product\/yoast-seo-wordpress\/ -->\n<title>Bestway Tuyau Filtration \u00e0 Vis 3M D3,83 cm Piscine et Jardin 58368 | | Tupique<\/title>\n<meta name=\"description\" content=\"Envie d&#039;acheter Bestway Tuyau Filtration \u00e0 Vis 3M D3,83 cm Piscine et Jardin 58368\u00a0? Achetez Bestway Tuyau Filtration \u00e0 Vis 3M D3,83 cm Piscine et Jardin 58368 maintenant avec Tupique en 3 versements sans int\u00e9r\u00eat.\" \/>\n<meta name=\"robots\" content=\"index, follow, max-snippet:-1, max-image-preview:large, max-video-preview:-1\" \/>\n<link rel=\"canonical\" href=\"https:\/\/tupique.com\/en\/product\/bestway-tuyau-filtration-a-vis-3m-d383-cm-piscine-et-jardin-58368\/\" \/>\n<meta property=\"og:locale\" content=\"en_GB\" \/>\n<meta property=\"og:type\" content=\"article\" \/>\n<meta property=\"og:title\" content=\"Bestway Tuyau Filtration \u00e0 Vis 3M D3,83 cm Piscine et Jardin 58368 | | Tupique\" \/>\n<meta property=\"og:description\" content=\"Envie d&#039;acheter Bestway Tuyau Filtration \u00e0 Vis 3M D3,83 cm Piscine et Jardin 58368\u00a0? Achetez Bestway Tuyau Filtration \u00e0 Vis 3M D3,83 cm Piscine et Jardin 58368 maintenant avec Tupique en 3 versements sans int\u00e9r\u00eat.\" \/>\n<meta property=\"og:url\" content=\"https:\/\/tupique.com\/en\/product\/bestway-tuyau-filtration-a-vis-3m-d383-cm-piscine-et-jardin-58368\/\" \/>\n<meta property=\"og:site_name\" content=\"Tupique\" \/>\n<meta property=\"og:image\" content=\"https:\/\/tupique.com\/wp-content\/uploads\/2026\/05\/6942138928365_D1400495_P01.jpg\" \/>\n\t<meta property=\"og:image:width\" content=\"1200\" \/>\n\t<meta property=\"og:image:height\" content=\"1200\" \/>\n\t<meta property=\"og:image:type\" content=\"image\/jpeg\" \/>\n<meta name=\"twitter:card\" content=\"summary_large_image\" \/>\n<meta name=\"twitter:label1\" content=\"Est. reading time\" \/>\n\t<meta name=\"twitter:data1\" content=\"1 minute\" \/>\n<script type=\"application\/ld+json\" class=\"yoast-schema-graph\">{\"@context\":\"https:\\\/\\\/schema.org\",\"@graph\":[{\"@type\":\"WebPage\",\"@id\":\"https:\\\/\\\/tupique.com\\\/product\\\/bestway-tuyau-filtration-a-vis-3m-d383-cm-piscine-et-jardin-58368\\\/\",\"url\":\"https:\\\/\\\/tupique.com\\\/product\\\/bestway-tuyau-filtration-a-vis-3m-d383-cm-piscine-et-jardin-58368\\\/\",\"name\":\"Bestway Tuyau Filtration \u00e0 Vis 3M D3,83 cm Piscine et Jardin 58368 | | Tupique\",\"isPartOf\":{\"@id\":\"https:\\\/\\\/tupique.com\\\/#website\"},\"primaryImageOfPage\":{\"@id\":\"https:\\\/\\\/tupique.com\\\/product\\\/bestway-tuyau-filtration-a-vis-3m-d383-cm-piscine-et-jardin-58368\\\/#primaryimage\"},\"image\":{\"@id\":\"https:\\\/\\\/tupique.com\\\/product\\\/bestway-tuyau-filtration-a-vis-3m-d383-cm-piscine-et-jardin-58368\\\/#primaryimage\"},\"thumbnailUrl\":\"https:\\\/\\\/tupique.com\\\/wp-content\\\/uploads\\\/2026\\\/05\\\/6942138928365_D1400495_P01.jpg\",\"datePublished\":\"2026-05-11T23:38:12+00:00\",\"description\":\"Envie d'acheter Bestway Tuyau Filtration \u00e0 Vis 3M D3,83 cm Piscine et Jardin 58368\u00a0? Achetez Bestway Tuyau Filtration \u00e0 Vis 3M D3,83 cm Piscine et Jardin 58368 maintenant avec Tupique en 3 versements sans int\u00e9r\u00eat.\",\"breadcrumb\":{\"@id\":\"https:\\\/\\\/tupique.com\\\/product\\\/bestway-tuyau-filtration-a-vis-3m-d383-cm-piscine-et-jardin-58368\\\/#breadcrumb\"},\"inLanguage\":\"en-GB\",\"potentialAction\":[{\"@type\":\"ReadAction\",\"target\":[\"https:\\\/\\\/tupique.com\\\/product\\\/bestway-tuyau-filtration-a-vis-3m-d383-cm-piscine-et-jardin-58368\\\/\"]}]},{\"@type\":\"ImageObject\",\"inLanguage\":\"en-GB\",\"@id\":\"https:\\\/\\\/tupique.com\\\/product\\\/bestway-tuyau-filtration-a-vis-3m-d383-cm-piscine-et-jardin-58368\\\/#primaryimage\",\"url\":\"https:\\\/\\\/tupique.com\\\/wp-content\\\/uploads\\\/2026\\\/05\\\/6942138928365_D1400495_P01.jpg\",\"contentUrl\":\"https:\\\/\\\/tupique.com\\\/wp-content\\\/uploads\\\/2026\\\/05\\\/6942138928365_D1400495_P01.jpg\",\"width\":1200,\"height\":1200,\"caption\":\"D1400495_0\"},{\"@type\":\"BreadcrumbList\",\"@id\":\"https:\\\/\\\/tupique.com\\\/product\\\/bestway-tuyau-filtration-a-vis-3m-d383-cm-piscine-et-jardin-58368\\\/#breadcrumb\",\"itemListElement\":[{\"@type\":\"ListItem\",\"position\":1,\"name\":\"commencer\",\"item\":\"https:\\\/\\\/tupique.com\\\/\"},{\"@type\":\"ListItem\",\"position\":2,\"name\":\"Loja\",\"item\":\"https:\\\/\\\/tupique.com\\\/pt\\\/loja\\\/\"},{\"@type\":\"ListItem\",\"position\":3,\"name\":\"Bestway Tuyau Filtration \u00e0 Vis 3M D3,83 cm Piscine et Jardin 58368\"}]},{\"@type\":\"WebSite\",\"@id\":\"https:\\\/\\\/tupique.com\\\/#website\",\"url\":\"https:\\\/\\\/tupique.com\\\/\",\"name\":\"Tupique\",\"description\":\"\",\"publisher\":{\"@id\":\"https:\\\/\\\/tupique.com\\\/#organization\"},\"potentialAction\":[{\"@type\":\"SearchAction\",\"target\":{\"@type\":\"EntryPoint\",\"urlTemplate\":\"https:\\\/\\\/tupique.com\\\/?s={search_term_string}\"},\"query-input\":{\"@type\":\"PropertyValueSpecification\",\"valueRequired\":true,\"valueName\":\"search_term_string\"}}],\"inLanguage\":\"en-GB\"},{\"@type\":\"Organization\",\"@id\":\"https:\\\/\\\/tupique.com\\\/#organization\",\"name\":\"Tupique\",\"url\":\"https:\\\/\\\/tupique.com\\\/\",\"logo\":{\"@type\":\"ImageObject\",\"inLanguage\":\"en-GB\",\"@id\":\"https:\\\/\\\/tupique.com\\\/#\\\/schema\\\/logo\\\/image\\\/\",\"url\":\"https:\\\/\\\/tupique.com\\\/wp-content\\\/uploads\\\/2026\\\/03\\\/logo-tupique-1.webp\",\"contentUrl\":\"https:\\\/\\\/tupique.com\\\/wp-content\\\/uploads\\\/2026\\\/03\\\/logo-tupique-1.webp\",\"width\":500,\"height\":67,\"caption\":\"Tupique\"},\"image\":{\"@id\":\"https:\\\/\\\/tupique.com\\\/#\\\/schema\\\/logo\\\/image\\\/\"}}]}<\/script>\n<!-- \/ Yoast SEO plugin. -->","yoast_head_json":{"title":"Bestway Tuyau Filtration \u00e0 Vis 3M D3,83 cm Piscine et Jardin 58368 | | Tupique","description":"Envie d'acheter Bestway Tuyau Filtration \u00e0 Vis 3M D3,83 cm Piscine et Jardin 58368\u00a0? Achetez Bestway Tuyau Filtration \u00e0 Vis 3M D3,83 cm Piscine et Jardin 58368 maintenant avec Tupique en 3 versements sans int\u00e9r\u00eat.","robots":{"index":"index","follow":"follow","max-snippet":"max-snippet:-1","max-image-preview":"max-image-preview:large","max-video-preview":"max-video-preview:-1"},"canonical":"https:\/\/tupique.com\/en\/product\/bestway-tuyau-filtration-a-vis-3m-d383-cm-piscine-et-jardin-58368\/","og_locale":"en_GB","og_type":"article","og_title":"Bestway Tuyau Filtration \u00e0 Vis 3M D3,83 cm Piscine et Jardin 58368 | | Tupique","og_description":"Envie d'acheter Bestway Tuyau Filtration \u00e0 Vis 3M D3,83 cm Piscine et Jardin 58368\u00a0? Achetez Bestway Tuyau Filtration \u00e0 Vis 3M D3,83 cm Piscine et Jardin 58368 maintenant avec Tupique en 3 versements sans int\u00e9r\u00eat.","og_url":"https:\/\/tupique.com\/en\/product\/bestway-tuyau-filtration-a-vis-3m-d383-cm-piscine-et-jardin-58368\/","og_site_name":"Tupique","og_image":[{"width":1200,"height":1200,"url":"https:\/\/tupique.com\/wp-content\/uploads\/2026\/05\/6942138928365_D1400495_P01.jpg","type":"image\/jpeg"}],"twitter_card":"summary_large_image","twitter_misc":{"Est. reading time":"1 minute"},"schema":{"@context":"https:\/\/schema.org","@graph":[{"@type":"WebPage","@id":"https:\/\/tupique.com\/product\/bestway-tuyau-filtration-a-vis-3m-d383-cm-piscine-et-jardin-58368\/","url":"https:\/\/tupique.com\/product\/bestway-tuyau-filtration-a-vis-3m-d383-cm-piscine-et-jardin-58368\/","name":"Bestway Tuyau Filtration \u00e0 Vis 3M D3,83 cm Piscine et Jardin 58368 | | Tupique","isPartOf":{"@id":"https:\/\/tupique.com\/#website"},"primaryImageOfPage":{"@id":"https:\/\/tupique.com\/product\/bestway-tuyau-filtration-a-vis-3m-d383-cm-piscine-et-jardin-58368\/#primaryimage"},"image":{"@id":"https:\/\/tupique.com\/product\/bestway-tuyau-filtration-a-vis-3m-d383-cm-piscine-et-jardin-58368\/#primaryimage"},"thumbnailUrl":"https:\/\/tupique.com\/wp-content\/uploads\/2026\/05\/6942138928365_D1400495_P01.jpg","datePublished":"2026-05-11T23:38:12+00:00","description":"Envie d'acheter Bestway Tuyau Filtration \u00e0 Vis 3M D3,83 cm Piscine et Jardin 58368\u00a0? Achetez Bestway Tuyau Filtration \u00e0 Vis 3M D3,83 cm Piscine et Jardin 58368 maintenant avec Tupique en 3 versements sans int\u00e9r\u00eat.","breadcrumb":{"@id":"https:\/\/tupique.com\/product\/bestway-tuyau-filtration-a-vis-3m-d383-cm-piscine-et-jardin-58368\/#breadcrumb"},"inLanguage":"en-GB","potentialAction":[{"@type":"ReadAction","target":["https:\/\/tupique.com\/product\/bestway-tuyau-filtration-a-vis-3m-d383-cm-piscine-et-jardin-58368\/"]}]},{"@type":"ImageObject","inLanguage":"en-GB","@id":"https:\/\/tupique.com\/product\/bestway-tuyau-filtration-a-vis-3m-d383-cm-piscine-et-jardin-58368\/#primaryimage","url":"https:\/\/tupique.com\/wp-content\/uploads\/2026\/05\/6942138928365_D1400495_P01.jpg","contentUrl":"https:\/\/tupique.com\/wp-content\/uploads\/2026\/05\/6942138928365_D1400495_P01.jpg","width":1200,"height":1200,"caption":"D1400495_0"},{"@type":"BreadcrumbList","@id":"https:\/\/tupique.com\/product\/bestway-tuyau-filtration-a-vis-3m-d383-cm-piscine-et-jardin-58368\/#breadcrumb","itemListElement":[{"@type":"ListItem","position":1,"name":"commencer","item":"https:\/\/tupique.com\/"},{"@type":"ListItem","position":2,"name":"Loja","item":"https:\/\/tupique.com\/pt\/loja\/"},{"@type":"ListItem","position":3,"name":"Bestway Tuyau Filtration \u00e0 Vis 3M D3,83 cm Piscine et Jardin 58368"}]},{"@type":"WebSite","@id":"https:\/\/tupique.com\/#website","url":"https:\/\/tupique.com\/","name":"Tupique","description":"","publisher":{"@id":"https:\/\/tupique.com\/#organization"},"potentialAction":[{"@type":"SearchAction","target":{"@type":"EntryPoint","urlTemplate":"https:\/\/tupique.com\/?s={search_term_string}"},"query-input":{"@type":"PropertyValueSpecification","valueRequired":true,"valueName":"search_term_string"}}],"inLanguage":"en-GB"},{"@type":"Organization","@id":"https:\/\/tupique.com\/#organization","name":"Tupique","url":"https:\/\/tupique.com\/","logo":{"@type":"ImageObject","inLanguage":"en-GB","@id":"https:\/\/tupique.com\/#\/schema\/logo\/image\/","url":"https:\/\/tupique.com\/wp-content\/uploads\/2026\/03\/logo-tupique-1.webp","contentUrl":"https:\/\/tupique.com\/wp-content\/uploads\/2026\/03\/logo-tupique-1.webp","width":500,"height":67,"caption":"Tupique"},"image":{"@id":"https:\/\/tupique.com\/#\/schema\/logo\/image\/"}}]}},"_links":{"self":[{"href":"https:\/\/tupique.com\/en\/wp-json\/wp\/v2\/product\/191617","targetHints":{"allow":["GET"]}}],"collection":[{"href":"https:\/\/tupique.com\/en\/wp-json\/wp\/v2\/product"}],"about":[{"href":"https:\/\/tupique.com\/en\/wp-json\/wp\/v2\/types\/product"}],"replies":[{"embeddable":true,"href":"https:\/\/tupique.com\/en\/wp-json\/wp\/v2\/comments?post=191617"}],"wp:featuredmedia":[{"embeddable":true,"href":"https:\/\/tupique.com\/en\/wp-json\/wp\/v2\/media\/191610"}],"wp:attachment":[{"href":"https:\/\/tupique.com\/en\/wp-json\/wp\/v2\/media?parent=191617"}],"wp:term":[{"taxonomy":"product_brand","embeddable":true,"href":"https:\/\/tupique.com\/en\/wp-json\/wp\/v2\/product_brand?post=191617"},{"taxonomy":"product_cat","embeddable":true,"href":"https:\/\/tupique.com\/en\/wp-json\/wp\/v2\/product_cat?post=191617"},{"taxonomy":"product_tag","embeddable":true,"href":"https:\/\/tupique.com\/en\/wp-json\/wp\/v2\/product_tag?post=191617"},{"taxonomy":"woo-feed-brand","embeddable":true,"href":"https:\/\/tupique.com\/en\/wp-json\/wp\/v2\/woo-feed-brand?post=191617"}],"curies":[{"name":"wp","href":"https:\/\/api.w.org\/{rel}","templated":true}]}}