{"id":192661,"date":"2026-05-12T02:42:30","date_gmt":"2026-05-12T00:42:30","guid":{"rendered":"https:\/\/tupique.com\/product\/bestway-tente-polyester-fibre-de-verre-200x100x100-cm-gonflable-et-camping-68001\/"},"modified":"2026-05-12T02:48:08","modified_gmt":"2026-05-12T00:48:08","slug":"bestway-tente-polyester-fibre-de-verre-200x100x100-cm-gonflable-et-camping-68001","status":"publish","type":"product","link":"https:\/\/tupique.com\/en\/product\/bestway-tente-polyester-fibre-de-verre-200x100x100-cm-gonflable-et-camping-68001\/","title":{"rendered":"Bestway Tente Polyester Fibre de Verre 200x100x100 cm Gonflable et Camping 68001"},"content":{"rendered":"<p>Si vous \u00eates \u00e0 la recherche de nouvelles tendances sur le march\u00e9, nous vous pr\u00e9sentons <b>Tente de Plage Bestway Bleu 200 x 100 x 100 cm<\/b> !<\/p>\n<p>The <b>tente de plage<\/b> de la marque Bestway est l&#8217;option parfaite pour profiter de moments en plein air avec la famille et les amis. Con\u00e7ue dans une attrayante <b>couleur bleue<\/b>, cette tente combine style et fonctionnalit\u00e9, offrant un refuge id\u00e9al contre le soleil et le vent lors de vos escapades \u00e0 la plage ou en camping. Sa structure robuste et l\u00e9g\u00e8re permet un montage et un d\u00e9montage faciles, garantissant une installation rapide pour que vous puissiez vous concentrer sur le plaisir de la journ\u00e9e. La grande capacit\u00e9 de la tente offre suffisamment d&#8217;espace pour accueillir confortablement plusieurs personnes, faisant de ce produit un choix pratique pour les groupes. Fabriqu\u00e9e avec des mat\u00e9riaux r\u00e9sistants \u00e0 l&#8217;eau et aux rayons UV, cette tente assure non seulement durabilit\u00e9, mais prot\u00e8ge \u00e9galement contre les intemp\u00e9ries. De plus, son design ventil\u00e9 garantit une bonne circulation de l&#8217;air, maintenant l&#8217;int\u00e9rieur frais et confortable. Id\u00e9ale pour les pique-niques, les journ\u00e9es \u00e0 la plage ou le camping, la <b>tente Bestway<\/b> ajoute une touche de confort \u00e0 vos aventures en plein air, devenant un indispensable pour vos exp\u00e9ditions estivales. Sa polyvalence et sa qualit\u00e9 en font un excellent choix pour ceux qui souhaitent profiter de la nature sans sacrifier le confort.<\/p>\n<ul>\n<li>Dimensions approx.:\n<ul>\n<li>200 x 100 x 100 cm<\/li>\n<li>100 x 200 x 100 cm<\/li>\n<\/ul>\n<\/li>\n<li>Mati\u00e8re:\n<ul>\n<li>Fibre de Verre<\/li>\n<li>Plastique<\/li>\n<li>PVC<\/li>\n<\/ul>\n<\/li>\n<li>Capacit\u00e9: 2 personnes<\/li>\n<li>Couleur: Bleu<\/li>\n<li>Features:\n<ul>\n<li>Ext\u00e9rieur<\/li>\n<li>Nettoyage par chiffon humide<\/li>\n<li>R\u00e9sistant \u00e0 l&#8217;eau<\/li>\n<li>Poche<\/li>\n<li>Installation simple<\/li>\n<\/ul>\n<\/li>\n<li>Recommended use:\n<ul>\n<li>Plage<\/li>\n<li>Jardin<\/li>\n<li>Camping<\/li>\n<\/ul>\n<\/li>\n<li>Type de fermeture: Fermeture \u00e9clair<\/li>\n<li>Genre: Adultes unisexes<\/li>\n<li>Poids: 1,8 kg<\/li>\n<li>Inclut: Housse de transport<\/li>\n<\/ul>","protected":false},"excerpt":{"rendered":"<p>Si vous \u00eates \u00e0 la recherche de nouvelles tendances sur le march\u00e9, nous vous pr\u00e9sentons Tente de Plage Bestway Bleu 200 x 100 x 100 cm ! La tente de plage de la marque Bestway est l&#8217;option parfaite pour profiter de moments en plein air avec la famille et les amis. Con\u00e7ue dans une attrayante [&hellip;]<\/p>\n","protected":false},"featured_media":192638,"comment_status":"open","ping_status":"closed","template":"","meta":[],"product_brand":[1771],"product_cat":[1853,1764,2719],"product_tag":[1816,211,163],"woo-feed-brand":[],"class_list":{"0":"post-192661","1":"product","2":"type-product","3":"status-publish","4":"has-post-thumbnail","6":"product_brand-brandp_520","7":"product_cat-camping-et-montagne","8":"product_cat-sports-loisirs","9":"product_cat-tentes-de-camping","10":"product_tag-tag_1272","11":"product_tag-tag_3","12":"product_tag-tag_17","14":"first","15":"instock","16":"taxable","17":"shipping-taxable","18":"purchasable","19":"product-type-simple"},"yoast_head":"<!-- This site is optimized with the Yoast SEO plugin v27.6 - https:\/\/yoast.com\/product\/yoast-seo-wordpress\/ -->\n<title>Bestway Tente Polyester Fibre de Verre 200x100x100 cm Gonflable et Camping 68001 | | Tupique<\/title>\n<meta name=\"description\" content=\"Envie d&#039;acheter Bestway Tente Polyester Fibre de Verre 200x100x100 cm Gonflable et Camping 68001\u00a0? Achetez Bestway Tente Polyester Fibre de Verre 200x100x100 cm Gonflable et Camping 68001 maintenant avec Tupique en 3 versements sans int\u00e9r\u00eat.\" \/>\n<meta name=\"robots\" content=\"index, follow, max-snippet:-1, max-image-preview:large, max-video-preview:-1\" \/>\n<link rel=\"canonical\" href=\"https:\/\/tupique.com\/en\/product\/bestway-tente-polyester-fibre-de-verre-200x100x100-cm-gonflable-et-camping-68001\/\" \/>\n<meta property=\"og:locale\" content=\"en_GB\" \/>\n<meta property=\"og:type\" content=\"article\" \/>\n<meta property=\"og:title\" content=\"Bestway Tente Polyester Fibre de Verre 200x100x100 cm Gonflable et Camping 68001 | | Tupique\" \/>\n<meta property=\"og:description\" content=\"Envie d&#039;acheter Bestway Tente Polyester Fibre de Verre 200x100x100 cm Gonflable et Camping 68001\u00a0? Achetez Bestway Tente Polyester Fibre de Verre 200x100x100 cm Gonflable et Camping 68001 maintenant avec Tupique en 3 versements sans int\u00e9r\u00eat.\" \/>\n<meta property=\"og:url\" content=\"https:\/\/tupique.com\/en\/product\/bestway-tente-polyester-fibre-de-verre-200x100x100-cm-gonflable-et-camping-68001\/\" \/>\n<meta property=\"og:site_name\" content=\"Tupique\" \/>\n<meta property=\"article:modified_time\" content=\"2026-05-12T00:48:08+00:00\" \/>\n<meta property=\"og:image\" content=\"https:\/\/tupique.com\/wp-content\/uploads\/2026\/05\/6941607353127_D1400582_P01.jpg\" \/>\n\t<meta property=\"og:image:width\" content=\"1200\" \/>\n\t<meta property=\"og:image:height\" content=\"1200\" \/>\n\t<meta property=\"og:image:type\" content=\"image\/jpeg\" \/>\n<meta name=\"twitter:card\" content=\"summary_large_image\" \/>\n<meta name=\"twitter:label1\" content=\"Est. reading time\" \/>\n\t<meta name=\"twitter:data1\" content=\"1 minute\" \/>\n<script type=\"application\/ld+json\" class=\"yoast-schema-graph\">{\"@context\":\"https:\\\/\\\/schema.org\",\"@graph\":[{\"@type\":\"WebPage\",\"@id\":\"https:\\\/\\\/tupique.com\\\/product\\\/bestway-tente-polyester-fibre-de-verre-200x100x100-cm-gonflable-et-camping-68001\\\/\",\"url\":\"https:\\\/\\\/tupique.com\\\/product\\\/bestway-tente-polyester-fibre-de-verre-200x100x100-cm-gonflable-et-camping-68001\\\/\",\"name\":\"Bestway Tente Polyester Fibre de Verre 200x100x100 cm Gonflable et Camping 68001 | | Tupique\",\"isPartOf\":{\"@id\":\"https:\\\/\\\/tupique.com\\\/#website\"},\"primaryImageOfPage\":{\"@id\":\"https:\\\/\\\/tupique.com\\\/product\\\/bestway-tente-polyester-fibre-de-verre-200x100x100-cm-gonflable-et-camping-68001\\\/#primaryimage\"},\"image\":{\"@id\":\"https:\\\/\\\/tupique.com\\\/product\\\/bestway-tente-polyester-fibre-de-verre-200x100x100-cm-gonflable-et-camping-68001\\\/#primaryimage\"},\"thumbnailUrl\":\"https:\\\/\\\/tupique.com\\\/wp-content\\\/uploads\\\/2026\\\/05\\\/6941607353127_D1400582_P01.jpg\",\"datePublished\":\"2026-05-12T00:42:30+00:00\",\"dateModified\":\"2026-05-12T00:48:08+00:00\",\"description\":\"Envie d'acheter Bestway Tente Polyester Fibre de Verre 200x100x100 cm Gonflable et Camping 68001\u00a0? Achetez Bestway Tente Polyester Fibre de Verre 200x100x100 cm Gonflable et Camping 68001 maintenant avec Tupique en 3 versements sans int\u00e9r\u00eat.\",\"breadcrumb\":{\"@id\":\"https:\\\/\\\/tupique.com\\\/product\\\/bestway-tente-polyester-fibre-de-verre-200x100x100-cm-gonflable-et-camping-68001\\\/#breadcrumb\"},\"inLanguage\":\"en-GB\",\"potentialAction\":[{\"@type\":\"ReadAction\",\"target\":[\"https:\\\/\\\/tupique.com\\\/product\\\/bestway-tente-polyester-fibre-de-verre-200x100x100-cm-gonflable-et-camping-68001\\\/\"]}]},{\"@type\":\"ImageObject\",\"inLanguage\":\"en-GB\",\"@id\":\"https:\\\/\\\/tupique.com\\\/product\\\/bestway-tente-polyester-fibre-de-verre-200x100x100-cm-gonflable-et-camping-68001\\\/#primaryimage\",\"url\":\"https:\\\/\\\/tupique.com\\\/wp-content\\\/uploads\\\/2026\\\/05\\\/6941607353127_D1400582_P01.jpg\",\"contentUrl\":\"https:\\\/\\\/tupique.com\\\/wp-content\\\/uploads\\\/2026\\\/05\\\/6941607353127_D1400582_P01.jpg\",\"width\":1200,\"height\":1200,\"caption\":\"D1400582_0\"},{\"@type\":\"BreadcrumbList\",\"@id\":\"https:\\\/\\\/tupique.com\\\/product\\\/bestway-tente-polyester-fibre-de-verre-200x100x100-cm-gonflable-et-camping-68001\\\/#breadcrumb\",\"itemListElement\":[{\"@type\":\"ListItem\",\"position\":1,\"name\":\"commencer\",\"item\":\"https:\\\/\\\/tupique.com\\\/\"},{\"@type\":\"ListItem\",\"position\":2,\"name\":\"Loja\",\"item\":\"https:\\\/\\\/tupique.com\\\/pt\\\/loja\\\/\"},{\"@type\":\"ListItem\",\"position\":3,\"name\":\"Bestway Tente Polyester Fibre de Verre 200x100x100 cm Gonflable et Camping 68001\"}]},{\"@type\":\"WebSite\",\"@id\":\"https:\\\/\\\/tupique.com\\\/#website\",\"url\":\"https:\\\/\\\/tupique.com\\\/\",\"name\":\"Tupique\",\"description\":\"\",\"publisher\":{\"@id\":\"https:\\\/\\\/tupique.com\\\/#organization\"},\"potentialAction\":[{\"@type\":\"SearchAction\",\"target\":{\"@type\":\"EntryPoint\",\"urlTemplate\":\"https:\\\/\\\/tupique.com\\\/?s={search_term_string}\"},\"query-input\":{\"@type\":\"PropertyValueSpecification\",\"valueRequired\":true,\"valueName\":\"search_term_string\"}}],\"inLanguage\":\"en-GB\"},{\"@type\":\"Organization\",\"@id\":\"https:\\\/\\\/tupique.com\\\/#organization\",\"name\":\"Tupique\",\"url\":\"https:\\\/\\\/tupique.com\\\/\",\"logo\":{\"@type\":\"ImageObject\",\"inLanguage\":\"en-GB\",\"@id\":\"https:\\\/\\\/tupique.com\\\/#\\\/schema\\\/logo\\\/image\\\/\",\"url\":\"https:\\\/\\\/tupique.com\\\/wp-content\\\/uploads\\\/2026\\\/03\\\/logo-tupique-1.webp\",\"contentUrl\":\"https:\\\/\\\/tupique.com\\\/wp-content\\\/uploads\\\/2026\\\/03\\\/logo-tupique-1.webp\",\"width\":500,\"height\":67,\"caption\":\"Tupique\"},\"image\":{\"@id\":\"https:\\\/\\\/tupique.com\\\/#\\\/schema\\\/logo\\\/image\\\/\"}}]}<\/script>\n<!-- \/ Yoast SEO plugin. -->","yoast_head_json":{"title":"Bestway Tente Polyester Fibre de Verre 200x100x100 cm Gonflable et Camping 68001 | | Tupique","description":"Envie d'acheter Bestway Tente Polyester Fibre de Verre 200x100x100 cm Gonflable et Camping 68001\u00a0? Achetez Bestway Tente Polyester Fibre de Verre 200x100x100 cm Gonflable et Camping 68001 maintenant avec Tupique en 3 versements sans int\u00e9r\u00eat.","robots":{"index":"index","follow":"follow","max-snippet":"max-snippet:-1","max-image-preview":"max-image-preview:large","max-video-preview":"max-video-preview:-1"},"canonical":"https:\/\/tupique.com\/en\/product\/bestway-tente-polyester-fibre-de-verre-200x100x100-cm-gonflable-et-camping-68001\/","og_locale":"en_GB","og_type":"article","og_title":"Bestway Tente Polyester Fibre de Verre 200x100x100 cm Gonflable et Camping 68001 | | Tupique","og_description":"Envie d'acheter Bestway Tente Polyester Fibre de Verre 200x100x100 cm Gonflable et Camping 68001\u00a0? Achetez Bestway Tente Polyester Fibre de Verre 200x100x100 cm Gonflable et Camping 68001 maintenant avec Tupique en 3 versements sans int\u00e9r\u00eat.","og_url":"https:\/\/tupique.com\/en\/product\/bestway-tente-polyester-fibre-de-verre-200x100x100-cm-gonflable-et-camping-68001\/","og_site_name":"Tupique","article_modified_time":"2026-05-12T00:48:08+00:00","og_image":[{"width":1200,"height":1200,"url":"https:\/\/tupique.com\/wp-content\/uploads\/2026\/05\/6941607353127_D1400582_P01.jpg","type":"image\/jpeg"}],"twitter_card":"summary_large_image","twitter_misc":{"Est. reading time":"1 minute"},"schema":{"@context":"https:\/\/schema.org","@graph":[{"@type":"WebPage","@id":"https:\/\/tupique.com\/product\/bestway-tente-polyester-fibre-de-verre-200x100x100-cm-gonflable-et-camping-68001\/","url":"https:\/\/tupique.com\/product\/bestway-tente-polyester-fibre-de-verre-200x100x100-cm-gonflable-et-camping-68001\/","name":"Bestway Tente Polyester Fibre de Verre 200x100x100 cm Gonflable et Camping 68001 | | Tupique","isPartOf":{"@id":"https:\/\/tupique.com\/#website"},"primaryImageOfPage":{"@id":"https:\/\/tupique.com\/product\/bestway-tente-polyester-fibre-de-verre-200x100x100-cm-gonflable-et-camping-68001\/#primaryimage"},"image":{"@id":"https:\/\/tupique.com\/product\/bestway-tente-polyester-fibre-de-verre-200x100x100-cm-gonflable-et-camping-68001\/#primaryimage"},"thumbnailUrl":"https:\/\/tupique.com\/wp-content\/uploads\/2026\/05\/6941607353127_D1400582_P01.jpg","datePublished":"2026-05-12T00:42:30+00:00","dateModified":"2026-05-12T00:48:08+00:00","description":"Envie d'acheter Bestway Tente Polyester Fibre de Verre 200x100x100 cm Gonflable et Camping 68001\u00a0? Achetez Bestway Tente Polyester Fibre de Verre 200x100x100 cm Gonflable et Camping 68001 maintenant avec Tupique en 3 versements sans int\u00e9r\u00eat.","breadcrumb":{"@id":"https:\/\/tupique.com\/product\/bestway-tente-polyester-fibre-de-verre-200x100x100-cm-gonflable-et-camping-68001\/#breadcrumb"},"inLanguage":"en-GB","potentialAction":[{"@type":"ReadAction","target":["https:\/\/tupique.com\/product\/bestway-tente-polyester-fibre-de-verre-200x100x100-cm-gonflable-et-camping-68001\/"]}]},{"@type":"ImageObject","inLanguage":"en-GB","@id":"https:\/\/tupique.com\/product\/bestway-tente-polyester-fibre-de-verre-200x100x100-cm-gonflable-et-camping-68001\/#primaryimage","url":"https:\/\/tupique.com\/wp-content\/uploads\/2026\/05\/6941607353127_D1400582_P01.jpg","contentUrl":"https:\/\/tupique.com\/wp-content\/uploads\/2026\/05\/6941607353127_D1400582_P01.jpg","width":1200,"height":1200,"caption":"D1400582_0"},{"@type":"BreadcrumbList","@id":"https:\/\/tupique.com\/product\/bestway-tente-polyester-fibre-de-verre-200x100x100-cm-gonflable-et-camping-68001\/#breadcrumb","itemListElement":[{"@type":"ListItem","position":1,"name":"commencer","item":"https:\/\/tupique.com\/"},{"@type":"ListItem","position":2,"name":"Loja","item":"https:\/\/tupique.com\/pt\/loja\/"},{"@type":"ListItem","position":3,"name":"Bestway Tente Polyester Fibre de Verre 200x100x100 cm Gonflable et Camping 68001"}]},{"@type":"WebSite","@id":"https:\/\/tupique.com\/#website","url":"https:\/\/tupique.com\/","name":"Tupique","description":"","publisher":{"@id":"https:\/\/tupique.com\/#organization"},"potentialAction":[{"@type":"SearchAction","target":{"@type":"EntryPoint","urlTemplate":"https:\/\/tupique.com\/?s={search_term_string}"},"query-input":{"@type":"PropertyValueSpecification","valueRequired":true,"valueName":"search_term_string"}}],"inLanguage":"en-GB"},{"@type":"Organization","@id":"https:\/\/tupique.com\/#organization","name":"Tupique","url":"https:\/\/tupique.com\/","logo":{"@type":"ImageObject","inLanguage":"en-GB","@id":"https:\/\/tupique.com\/#\/schema\/logo\/image\/","url":"https:\/\/tupique.com\/wp-content\/uploads\/2026\/03\/logo-tupique-1.webp","contentUrl":"https:\/\/tupique.com\/wp-content\/uploads\/2026\/03\/logo-tupique-1.webp","width":500,"height":67,"caption":"Tupique"},"image":{"@id":"https:\/\/tupique.com\/#\/schema\/logo\/image\/"}}]}},"_links":{"self":[{"href":"https:\/\/tupique.com\/en\/wp-json\/wp\/v2\/product\/192661","targetHints":{"allow":["GET"]}}],"collection":[{"href":"https:\/\/tupique.com\/en\/wp-json\/wp\/v2\/product"}],"about":[{"href":"https:\/\/tupique.com\/en\/wp-json\/wp\/v2\/types\/product"}],"replies":[{"embeddable":true,"href":"https:\/\/tupique.com\/en\/wp-json\/wp\/v2\/comments?post=192661"}],"wp:featuredmedia":[{"embeddable":true,"href":"https:\/\/tupique.com\/en\/wp-json\/wp\/v2\/media\/192638"}],"wp:attachment":[{"href":"https:\/\/tupique.com\/en\/wp-json\/wp\/v2\/media?parent=192661"}],"wp:term":[{"taxonomy":"product_brand","embeddable":true,"href":"https:\/\/tupique.com\/en\/wp-json\/wp\/v2\/product_brand?post=192661"},{"taxonomy":"product_cat","embeddable":true,"href":"https:\/\/tupique.com\/en\/wp-json\/wp\/v2\/product_cat?post=192661"},{"taxonomy":"product_tag","embeddable":true,"href":"https:\/\/tupique.com\/en\/wp-json\/wp\/v2\/product_tag?post=192661"},{"taxonomy":"woo-feed-brand","embeddable":true,"href":"https:\/\/tupique.com\/en\/wp-json\/wp\/v2\/woo-feed-brand?post=192661"}],"curies":[{"name":"wp","href":"https:\/\/api.w.org\/{rel}","templated":true}]}}