{"id":193157,"date":"2026-05-12T03:10:54","date_gmt":"2026-05-12T01:10:54","guid":{"rendered":"https:\/\/tupique.com\/product\/lumiere-solaire-flottante-pour-piscine-bestway-o-14-cm-1-unite\/"},"modified":"2026-05-12T03:17:11","modified_gmt":"2026-05-12T01:17:11","slug":"lumiere-solaire-flottante-pour-piscine-bestway-o-14-cm-1-unite","status":"publish","type":"product","link":"https:\/\/tupique.com\/en\/product\/lumiere-solaire-flottante-pour-piscine-bestway-o-14-cm-1-unite\/","title":{"rendered":"Lumi\u00e8re Solaire Flottante pour Piscine Bestway \u00d8 14 cm (1 Unit\u00e9)"},"content":{"rendered":"<p>Si vous aimez prendre soin de chaque d\u00e9tail de votre maison et d&#8217;\u00eatre \u00e0 la derni\u00e8re mode en mati\u00e8re de produits qui vous rendront la vie plus facile, achetez <b>Lumi\u00e8re Solaire Flottante pour Piscine Bestway \u00d8 14 cm (1 Unit\u00e9)<\/b> au meilleur prix.<\/p>\n<p>The <b>Lumi\u00e8re Solaire Flottante pour Piscine<\/b> of <b>Bestway<\/b> est l&#8217;accessoire id\u00e9al pour transformer vos soir\u00e9es au bord de la piscine en une exp\u00e9rience magique et visuellement attrayante. Cette <b>lumi\u00e8re flottante<\/b> se distingue par son design multicolore, offrant une large gamme de couleurs et d&#8217;effets lumineux qui ajoutent une touche festive et relaxante \u00e0 vos baignades nocturnes. Gr\u00e2ce \u00e0 son fonctionnement \u00e0 \u00e9nergie solaire, elle est non seulement \u00e9cologique, mais aussi tr\u00e8s pratique, se rechargeant pendant la journ\u00e9e et s&#8217;allumant automatiquement \u00e0 la tomb\u00e9e de la nuit, cr\u00e9ant ainsi une ambiance chaleureuse sans n\u00e9cessiter d&#8217;installations \u00e9lectriques compliqu\u00e9es. Sa r\u00e9sistance \u00e0 l&#8217;eau assure un fonctionnement fiable dans un environnement aquatique, permettant de flotter sereinement \u00e0 la surface de votre piscine. Ajouter cette lumi\u00e8re flottante ne fera pas seulement am\u00e9liorer l&#8217;esth\u00e9tique de votre espace ext\u00e9rieur, mais offrira \u00e9galement un \u00e9clairage doux qui invite \u00e0 profiter de chaque moment. Avec la Lumi\u00e8re Solaire Flottante de Bestway, vous pourrez illuminer vos soir\u00e9es et donner un nouvel \u00e9clat \u00e0 votre piscine de mani\u00e8re simple et \u00e9l\u00e9gante.<\/p>\n<ul>\n<li>diam\u00e8tre approx.: \u00d8 14 cm<\/li>\n<li>Type: Lumi\u00e8re LED<\/li>\n<li>Couleur: Multicouleur<\/li>\n<li>Mati\u00e8re:\n<ul>\n<li>Plastique<\/li>\n<li>polypropyl\u00e8ne<\/li>\n<\/ul>\n<\/li>\n<li>Features:\n<ul>\n<li>Utilisation en ext\u00e9rieur<\/li>\n<li>Nettoyage par chiffon humide<\/li>\n<li>Facilit\u00e9 d&#8217;utilisation<\/li>\n<\/ul>\n<\/li>\n<li>Recommended use:\n<ul>\n<li>Plage<\/li>\n<li>Jardin<\/li>\n<li>Camping<\/li>\n<\/ul>\n<\/li>\n<li>Forme: Rond<\/li>\n<\/ul>","protected":false},"excerpt":{"rendered":"<p>Si vous aimez prendre soin de chaque d\u00e9tail de votre maison et d&#8217;\u00eatre \u00e0 la derni\u00e8re mode en mati\u00e8re de produits qui vous rendront la vie plus facile, achetez Lumi\u00e8re Solaire Flottante pour Piscine Bestway \u00d8 14 cm (1 Unit\u00e9) au meilleur prix. La Lumi\u00e8re Solaire Flottante pour Piscine de Bestway est l&#8217;accessoire id\u00e9al pour [&hellip;]<\/p>\n","protected":false},"featured_media":193134,"comment_status":"open","ping_status":"closed","template":"","meta":[],"product_brand":[1771],"product_cat":[767,759,239],"product_tag":[210],"woo-feed-brand":[],"class_list":{"0":"post-193157","1":"product","2":"type-product","3":"status-publish","4":"has-post-thumbnail","6":"product_brand-brandp_520","7":"product_cat-eclairage-et-decoration-d-exterieur","8":"product_cat-jardin-et-terrasse","9":"product_cat-maison-jardin","10":"product_tag-tag_25","12":"first","13":"instock","14":"taxable","15":"shipping-taxable","16":"purchasable","17":"product-type-simple"},"yoast_head":"<!-- This site is optimized with the Yoast SEO plugin v27.6 - https:\/\/yoast.com\/product\/yoast-seo-wordpress\/ -->\n<title>Lumi\u00e8re Solaire Flottante pour Piscine Bestway \u00d8 14 cm (1 Unit\u00e9) | | Tupique<\/title>\n<meta name=\"description\" content=\"Envie d&#039;acheter Lumi\u00e8re Solaire Flottante pour Piscine Bestway \u00d8 14 cm (1 Unit\u00e9)\u00a0? Achetez Lumi\u00e8re Solaire Flottante pour Piscine Bestway \u00d8 14 cm (1 Unit\u00e9) maintenant avec Tupique en 3 versements sans int\u00e9r\u00eat.\" \/>\n<meta name=\"robots\" content=\"index, follow, max-snippet:-1, max-image-preview:large, max-video-preview:-1\" \/>\n<link rel=\"canonical\" href=\"https:\/\/tupique.com\/en\/product\/lumiere-solaire-flottante-pour-piscine-bestway-o-14-cm-1-unite\/\" \/>\n<meta property=\"og:locale\" content=\"en_GB\" \/>\n<meta property=\"og:type\" content=\"article\" \/>\n<meta property=\"og:title\" content=\"Lumi\u00e8re Solaire Flottante pour Piscine Bestway \u00d8 14 cm (1 Unit\u00e9) | | Tupique\" \/>\n<meta property=\"og:description\" content=\"Envie d&#039;acheter Lumi\u00e8re Solaire Flottante pour Piscine Bestway \u00d8 14 cm (1 Unit\u00e9)\u00a0? Achetez Lumi\u00e8re Solaire Flottante pour Piscine Bestway \u00d8 14 cm (1 Unit\u00e9) maintenant avec Tupique en 3 versements sans int\u00e9r\u00eat.\" \/>\n<meta property=\"og:url\" content=\"https:\/\/tupique.com\/en\/product\/lumiere-solaire-flottante-pour-piscine-bestway-o-14-cm-1-unite\/\" \/>\n<meta property=\"og:site_name\" content=\"Tupique\" \/>\n<meta property=\"article:modified_time\" content=\"2026-05-12T01:17:11+00:00\" \/>\n<meta property=\"og:image\" content=\"https:\/\/tupique.com\/wp-content\/uploads\/2026\/05\/6941607354124_D1400500_P01.jpg\" \/>\n\t<meta property=\"og:image:width\" content=\"1200\" \/>\n\t<meta property=\"og:image:height\" content=\"1200\" \/>\n\t<meta property=\"og:image:type\" content=\"image\/jpeg\" \/>\n<meta name=\"twitter:card\" content=\"summary_large_image\" \/>\n<meta name=\"twitter:label1\" content=\"Est. reading time\" \/>\n\t<meta name=\"twitter:data1\" content=\"1 minute\" \/>\n<script type=\"application\/ld+json\" class=\"yoast-schema-graph\">{\"@context\":\"https:\\\/\\\/schema.org\",\"@graph\":[{\"@type\":\"WebPage\",\"@id\":\"https:\\\/\\\/tupique.com\\\/product\\\/lumiere-solaire-flottante-pour-piscine-bestway-o-14-cm-1-unite\\\/\",\"url\":\"https:\\\/\\\/tupique.com\\\/product\\\/lumiere-solaire-flottante-pour-piscine-bestway-o-14-cm-1-unite\\\/\",\"name\":\"Lumi\u00e8re Solaire Flottante pour Piscine Bestway \u00d8 14 cm (1 Unit\u00e9) | | Tupique\",\"isPartOf\":{\"@id\":\"https:\\\/\\\/tupique.com\\\/#website\"},\"primaryImageOfPage\":{\"@id\":\"https:\\\/\\\/tupique.com\\\/product\\\/lumiere-solaire-flottante-pour-piscine-bestway-o-14-cm-1-unite\\\/#primaryimage\"},\"image\":{\"@id\":\"https:\\\/\\\/tupique.com\\\/product\\\/lumiere-solaire-flottante-pour-piscine-bestway-o-14-cm-1-unite\\\/#primaryimage\"},\"thumbnailUrl\":\"https:\\\/\\\/tupique.com\\\/wp-content\\\/uploads\\\/2026\\\/05\\\/6941607354124_D1400500_P01.jpg\",\"datePublished\":\"2026-05-12T01:10:54+00:00\",\"dateModified\":\"2026-05-12T01:17:11+00:00\",\"description\":\"Envie d'acheter Lumi\u00e8re Solaire Flottante pour Piscine Bestway \u00d8 14 cm (1 Unit\u00e9)\u00a0? Achetez Lumi\u00e8re Solaire Flottante pour Piscine Bestway \u00d8 14 cm (1 Unit\u00e9) maintenant avec Tupique en 3 versements sans int\u00e9r\u00eat.\",\"breadcrumb\":{\"@id\":\"https:\\\/\\\/tupique.com\\\/product\\\/lumiere-solaire-flottante-pour-piscine-bestway-o-14-cm-1-unite\\\/#breadcrumb\"},\"inLanguage\":\"en-GB\",\"potentialAction\":[{\"@type\":\"ReadAction\",\"target\":[\"https:\\\/\\\/tupique.com\\\/product\\\/lumiere-solaire-flottante-pour-piscine-bestway-o-14-cm-1-unite\\\/\"]}]},{\"@type\":\"ImageObject\",\"inLanguage\":\"en-GB\",\"@id\":\"https:\\\/\\\/tupique.com\\\/product\\\/lumiere-solaire-flottante-pour-piscine-bestway-o-14-cm-1-unite\\\/#primaryimage\",\"url\":\"https:\\\/\\\/tupique.com\\\/wp-content\\\/uploads\\\/2026\\\/05\\\/6941607354124_D1400500_P01.jpg\",\"contentUrl\":\"https:\\\/\\\/tupique.com\\\/wp-content\\\/uploads\\\/2026\\\/05\\\/6941607354124_D1400500_P01.jpg\",\"width\":1200,\"height\":1200,\"caption\":\"D1400500_0\"},{\"@type\":\"BreadcrumbList\",\"@id\":\"https:\\\/\\\/tupique.com\\\/product\\\/lumiere-solaire-flottante-pour-piscine-bestway-o-14-cm-1-unite\\\/#breadcrumb\",\"itemListElement\":[{\"@type\":\"ListItem\",\"position\":1,\"name\":\"commencer\",\"item\":\"https:\\\/\\\/tupique.com\\\/\"},{\"@type\":\"ListItem\",\"position\":2,\"name\":\"Loja\",\"item\":\"https:\\\/\\\/tupique.com\\\/pt\\\/loja\\\/\"},{\"@type\":\"ListItem\",\"position\":3,\"name\":\"Lumi\u00e8re Solaire Flottante pour Piscine Bestway \u00d8 14 cm (1 Unit\u00e9)\"}]},{\"@type\":\"WebSite\",\"@id\":\"https:\\\/\\\/tupique.com\\\/#website\",\"url\":\"https:\\\/\\\/tupique.com\\\/\",\"name\":\"Tupique\",\"description\":\"\",\"publisher\":{\"@id\":\"https:\\\/\\\/tupique.com\\\/#organization\"},\"potentialAction\":[{\"@type\":\"SearchAction\",\"target\":{\"@type\":\"EntryPoint\",\"urlTemplate\":\"https:\\\/\\\/tupique.com\\\/?s={search_term_string}\"},\"query-input\":{\"@type\":\"PropertyValueSpecification\",\"valueRequired\":true,\"valueName\":\"search_term_string\"}}],\"inLanguage\":\"en-GB\"},{\"@type\":\"Organization\",\"@id\":\"https:\\\/\\\/tupique.com\\\/#organization\",\"name\":\"Tupique\",\"url\":\"https:\\\/\\\/tupique.com\\\/\",\"logo\":{\"@type\":\"ImageObject\",\"inLanguage\":\"en-GB\",\"@id\":\"https:\\\/\\\/tupique.com\\\/#\\\/schema\\\/logo\\\/image\\\/\",\"url\":\"https:\\\/\\\/tupique.com\\\/wp-content\\\/uploads\\\/2026\\\/03\\\/logo-tupique-1.webp\",\"contentUrl\":\"https:\\\/\\\/tupique.com\\\/wp-content\\\/uploads\\\/2026\\\/03\\\/logo-tupique-1.webp\",\"width\":500,\"height\":67,\"caption\":\"Tupique\"},\"image\":{\"@id\":\"https:\\\/\\\/tupique.com\\\/#\\\/schema\\\/logo\\\/image\\\/\"}}]}<\/script>\n<!-- \/ Yoast SEO plugin. -->","yoast_head_json":{"title":"Lumi\u00e8re Solaire Flottante pour Piscine Bestway \u00d8 14 cm (1 Unit\u00e9) | | Tupique","description":"Envie d'acheter Lumi\u00e8re Solaire Flottante pour Piscine Bestway \u00d8 14 cm (1 Unit\u00e9)\u00a0? Achetez Lumi\u00e8re Solaire Flottante pour Piscine Bestway \u00d8 14 cm (1 Unit\u00e9) maintenant avec Tupique en 3 versements sans int\u00e9r\u00eat.","robots":{"index":"index","follow":"follow","max-snippet":"max-snippet:-1","max-image-preview":"max-image-preview:large","max-video-preview":"max-video-preview:-1"},"canonical":"https:\/\/tupique.com\/en\/product\/lumiere-solaire-flottante-pour-piscine-bestway-o-14-cm-1-unite\/","og_locale":"en_GB","og_type":"article","og_title":"Lumi\u00e8re Solaire Flottante pour Piscine Bestway \u00d8 14 cm (1 Unit\u00e9) | | Tupique","og_description":"Envie d'acheter Lumi\u00e8re Solaire Flottante pour Piscine Bestway \u00d8 14 cm (1 Unit\u00e9)\u00a0? Achetez Lumi\u00e8re Solaire Flottante pour Piscine Bestway \u00d8 14 cm (1 Unit\u00e9) maintenant avec Tupique en 3 versements sans int\u00e9r\u00eat.","og_url":"https:\/\/tupique.com\/en\/product\/lumiere-solaire-flottante-pour-piscine-bestway-o-14-cm-1-unite\/","og_site_name":"Tupique","article_modified_time":"2026-05-12T01:17:11+00:00","og_image":[{"width":1200,"height":1200,"url":"https:\/\/tupique.com\/wp-content\/uploads\/2026\/05\/6941607354124_D1400500_P01.jpg","type":"image\/jpeg"}],"twitter_card":"summary_large_image","twitter_misc":{"Est. reading time":"1 minute"},"schema":{"@context":"https:\/\/schema.org","@graph":[{"@type":"WebPage","@id":"https:\/\/tupique.com\/product\/lumiere-solaire-flottante-pour-piscine-bestway-o-14-cm-1-unite\/","url":"https:\/\/tupique.com\/product\/lumiere-solaire-flottante-pour-piscine-bestway-o-14-cm-1-unite\/","name":"Lumi\u00e8re Solaire Flottante pour Piscine Bestway \u00d8 14 cm (1 Unit\u00e9) | | Tupique","isPartOf":{"@id":"https:\/\/tupique.com\/#website"},"primaryImageOfPage":{"@id":"https:\/\/tupique.com\/product\/lumiere-solaire-flottante-pour-piscine-bestway-o-14-cm-1-unite\/#primaryimage"},"image":{"@id":"https:\/\/tupique.com\/product\/lumiere-solaire-flottante-pour-piscine-bestway-o-14-cm-1-unite\/#primaryimage"},"thumbnailUrl":"https:\/\/tupique.com\/wp-content\/uploads\/2026\/05\/6941607354124_D1400500_P01.jpg","datePublished":"2026-05-12T01:10:54+00:00","dateModified":"2026-05-12T01:17:11+00:00","description":"Envie d'acheter Lumi\u00e8re Solaire Flottante pour Piscine Bestway \u00d8 14 cm (1 Unit\u00e9)\u00a0? Achetez Lumi\u00e8re Solaire Flottante pour Piscine Bestway \u00d8 14 cm (1 Unit\u00e9) maintenant avec Tupique en 3 versements sans int\u00e9r\u00eat.","breadcrumb":{"@id":"https:\/\/tupique.com\/product\/lumiere-solaire-flottante-pour-piscine-bestway-o-14-cm-1-unite\/#breadcrumb"},"inLanguage":"en-GB","potentialAction":[{"@type":"ReadAction","target":["https:\/\/tupique.com\/product\/lumiere-solaire-flottante-pour-piscine-bestway-o-14-cm-1-unite\/"]}]},{"@type":"ImageObject","inLanguage":"en-GB","@id":"https:\/\/tupique.com\/product\/lumiere-solaire-flottante-pour-piscine-bestway-o-14-cm-1-unite\/#primaryimage","url":"https:\/\/tupique.com\/wp-content\/uploads\/2026\/05\/6941607354124_D1400500_P01.jpg","contentUrl":"https:\/\/tupique.com\/wp-content\/uploads\/2026\/05\/6941607354124_D1400500_P01.jpg","width":1200,"height":1200,"caption":"D1400500_0"},{"@type":"BreadcrumbList","@id":"https:\/\/tupique.com\/product\/lumiere-solaire-flottante-pour-piscine-bestway-o-14-cm-1-unite\/#breadcrumb","itemListElement":[{"@type":"ListItem","position":1,"name":"commencer","item":"https:\/\/tupique.com\/"},{"@type":"ListItem","position":2,"name":"Loja","item":"https:\/\/tupique.com\/pt\/loja\/"},{"@type":"ListItem","position":3,"name":"Lumi\u00e8re Solaire Flottante pour Piscine Bestway \u00d8 14 cm (1 Unit\u00e9)"}]},{"@type":"WebSite","@id":"https:\/\/tupique.com\/#website","url":"https:\/\/tupique.com\/","name":"Tupique","description":"","publisher":{"@id":"https:\/\/tupique.com\/#organization"},"potentialAction":[{"@type":"SearchAction","target":{"@type":"EntryPoint","urlTemplate":"https:\/\/tupique.com\/?s={search_term_string}"},"query-input":{"@type":"PropertyValueSpecification","valueRequired":true,"valueName":"search_term_string"}}],"inLanguage":"en-GB"},{"@type":"Organization","@id":"https:\/\/tupique.com\/#organization","name":"Tupique","url":"https:\/\/tupique.com\/","logo":{"@type":"ImageObject","inLanguage":"en-GB","@id":"https:\/\/tupique.com\/#\/schema\/logo\/image\/","url":"https:\/\/tupique.com\/wp-content\/uploads\/2026\/03\/logo-tupique-1.webp","contentUrl":"https:\/\/tupique.com\/wp-content\/uploads\/2026\/03\/logo-tupique-1.webp","width":500,"height":67,"caption":"Tupique"},"image":{"@id":"https:\/\/tupique.com\/#\/schema\/logo\/image\/"}}]}},"_links":{"self":[{"href":"https:\/\/tupique.com\/en\/wp-json\/wp\/v2\/product\/193157","targetHints":{"allow":["GET"]}}],"collection":[{"href":"https:\/\/tupique.com\/en\/wp-json\/wp\/v2\/product"}],"about":[{"href":"https:\/\/tupique.com\/en\/wp-json\/wp\/v2\/types\/product"}],"replies":[{"embeddable":true,"href":"https:\/\/tupique.com\/en\/wp-json\/wp\/v2\/comments?post=193157"}],"wp:featuredmedia":[{"embeddable":true,"href":"https:\/\/tupique.com\/en\/wp-json\/wp\/v2\/media\/193134"}],"wp:attachment":[{"href":"https:\/\/tupique.com\/en\/wp-json\/wp\/v2\/media?parent=193157"}],"wp:term":[{"taxonomy":"product_brand","embeddable":true,"href":"https:\/\/tupique.com\/en\/wp-json\/wp\/v2\/product_brand?post=193157"},{"taxonomy":"product_cat","embeddable":true,"href":"https:\/\/tupique.com\/en\/wp-json\/wp\/v2\/product_cat?post=193157"},{"taxonomy":"product_tag","embeddable":true,"href":"https:\/\/tupique.com\/en\/wp-json\/wp\/v2\/product_tag?post=193157"},{"taxonomy":"woo-feed-brand","embeddable":true,"href":"https:\/\/tupique.com\/en\/wp-json\/wp\/v2\/woo-feed-brand?post=193157"}],"curies":[{"name":"wp","href":"https:\/\/api.w.org\/{rel}","templated":true}]}}