{"id":193382,"date":"2026-05-12T03:21:28","date_gmt":"2026-05-12T01:21:28","guid":{"rendered":"https:\/\/tupique.com\/product\/serpillere-rotative-autonettoyante-et-seau-separateur-selimop-innovagoods\/"},"modified":"2026-05-12T03:21:28","modified_gmt":"2026-05-12T01:21:28","slug":"serpillere-rotative-autonettoyante-et-seau-separateur-selimop-innovagoods","status":"publish","type":"product","link":"https:\/\/tupique.com\/en\/product\/serpillere-rotative-autonettoyante-et-seau-separateur-selimop-innovagoods\/","title":{"rendered":"Serpill\u00e8re Rotative Autonettoyante et Seau S\u00e9parateur Selimop InnovaGoods"},"content":{"rendered":"<div class=\"col-md-6\"><b>InnovaGoods<\/b> vous offre les meilleures nouveaut\u00e9s pour la maison, comme <b>Serpill\u00e8re Rotative Autonettoyante et Seau S\u00e9parateur Selimop InnovaGoods <\/b> ! D\u00e9couvrez une vaste gamme de produits de qualit\u00e9 qui se d\u00e9marquent de par leur fonctionnalit\u00e9, leur efficacit\u00e9 et leur design innovant : \u00e9clairage, organisation, d\u00e9coration, climatisation, jardin, animaux domestiques, nettoyage, etc.<\/p>\n<p>Cette <b>serpill\u00e8re rotative autonettoyante avec seau s\u00e9parateur d\u2019eau<\/b> est id\u00e9ale pour nettoyer facilement et de fa\u00e7on efficace tous les types de sols. Elle dispose d\u2019une t\u00eate rotative, d\u2019un manche amovible de 156&nbsp;cm et d\u2019un seau de 2,5 L de capacit\u00e9. Comprend 2 serpill\u00e8res en microfibre.<\/p>\n<p>Une <b>serpill\u00e8re plate et carr\u00e9e<\/b> qui permet d\u2019acc\u00e9der aux coins et dans les zones les plus difficiles d\u2019acc\u00e8s pour un nettoyage complet. Le seau poss\u00e8de un bouchon de vidange inf\u00e9rieur pour plus de commodit\u00e9.<\/p>\n<ul>\n<li><b>Serpill\u00e8re autonettoyante<\/b>&nbsp;: notre serpill\u00e8re rotative autonettoyante est indispensable dans les maisons les plus modernes et les plus pratiques. Son design innovant est parfait pour un nettoyage plus rapide et plus efficace sans effort. De plus, elle convient au nettoyage de tous les types de sols&nbsp;: stratifi\u00e9s, vinyle, carrelages, bois, etc.<\/li>\n<li><b>Seau avec s\u00e9parateur d\u2019eau<\/b>&nbsp;: cette serpill\u00e8re rotative autonettoyante dispose d\u2019un seau \u00e0 double action qui s\u00e9pare l\u2019eau propre et l\u2019eau sale, car il comprend une brosse nettoyante et un m\u00e9canisme d\u2019entra\u00eenement d\u2019eau propre pour l\u2019autonettoyage. Le bouchon inf\u00e9rieur permet de vider l\u2019eau sale plus ais\u00e9ment. Capacit\u00e9&nbsp;: 2,5 L.<\/li>\n<li><b>T\u00eate rotative avec rotation \u00e0 360\u00b0<\/b>&nbsp;: cette serpill\u00e8re dispose d\u2019une t\u00eate rotative qui permet de s\u2019autonettoyer en toute simplicit\u00e9. De plus, gr\u00e2ce \u00e0 sa forme plate et carr\u00e9e, elle acc\u00e8de facilement dans les coins, les recoins et les zones difficiles d\u2019acc\u00e8s (sous les meubles, les canap\u00e9s, etc.), r\u00e9alisant ainsi un nettoyage complet et total.<\/li>\n<li><b>Manche extra long amovible<\/b>&nbsp;: notre serpill\u00e8re rotative avec seau s\u00e9parateur d\u2019eau dispose d\u2019un manche en acier inoxydable de 156&nbsp;cm de long, amovible en 4 pi\u00e8ces. Il peut se monter avec 3 ou 4 pi\u00e8ces, selon la hauteur que vous souhaitez et qui est la plus confortable.<\/li>\n<li><b>2 serpill\u00e8res en microfibre incluses<\/b>&nbsp;: cette serpill\u00e8re \u00e0 double action est id\u00e9ale pour laisser le sol bien propre et brillant. La serpill\u00e8re en microfibre absorbe l\u2019eau et \u00e9limine efficacement la salet\u00e9. Comprend 1 serpill\u00e8re de rechange. Les serpill\u00e8res en microfibre sont amovibles, lavables et r\u00e9utilisables.<\/li>\n<\/ul>\n<ul>\n<li>Mat\u00e9riel:\n<ul>\n<li>polypropyl\u00e8ne<\/li>\n<li>Acier inoxydable<\/li>\n<li>Microfibre<\/li>\n<\/ul>\n<\/li>\n<li>Couleur:\n<ul>\n<li>Gris<\/li>\n<li>Jaune<\/li>\n<\/ul>\n<\/li>\n<li>Type: Serpill\u00e8re avec seau \u00e0 double action<\/li>\n<li>Design moderne: Novateur et pratique<\/li>\n<li>Capacit\u00e9: 2,5 L<\/li>\n<li>T\u00eate rotative: Rotation \u00e0 360\u00b0<\/li>\n<li>2 serpill\u00e8res en microfibre: Amovibles et lavables<\/li>\n<li>Perche extra longue 156 cm: D\u00e9montable (4 Pi\u00e8ces)<\/li>\n<li>Seau avec 2 compartiments ind\u00e9pendants: S\u00e9parateur d&#8217;eaux<\/li>\n<li>Bouchon de vidange inf\u00e9rieur: Utilisation pratique et simple<\/li>\n<li>Caract\u00e9ristiques: Acc\u00e8s aux coins et aux zones difficiles<\/li>\n<li>Toilettage plus rapide et plus efficace: Gain de temps et \u00e9conomie d&#8217;efforts<\/li>\n<li>Dimensions approx.: 30 x 18 x 29,5 cm<\/li>\n<\/ul>\n<p>Packaging et manuel en 24 langues: anglais, fran\u00e7ais, espagnol, allemand, italien, portugais, n\u00e9erlandais, polonais, hongrois, roumain, danois, su\u00e9dois, finnois, lituanien, norv\u00e9gien, slov\u00e8ne, grec, tch\u00e8que, bulgare, croate, slovaque, estonien, russe, letton.<\/p><\/div>\n<div class=\"col-md-6\">\n<div class=\"embed-responsive embed-responsive-16by9\"><iframe class=\"embed-responsive-item\" src=\"https:\/\/www.youtube.com\/embed\/VBFZa98AAe4\" frameborder=\"0\" allowfullscreen><\/iframe><\/div>\n<\/div>","protected":false},"excerpt":{"rendered":"<p>InnovaGoods vous offre les meilleures nouveaut\u00e9s pour la maison, comme Serpill\u00e8re Rotative Autonettoyante et Seau S\u00e9parateur Selimop InnovaGoods ! D\u00e9couvrez une vaste gamme de produits de qualit\u00e9 qui se d\u00e9marquent de par leur fonctionnalit\u00e9, leur efficacit\u00e9 et leur design innovant : \u00e9clairage, organisation, d\u00e9coration, climatisation, jardin, animaux domestiques, nettoyage, etc. Cette serpill\u00e8re rotative autonettoyante avec [&hellip;]<\/p>\n","protected":false},"featured_media":193368,"comment_status":"open","ping_status":"closed","template":"","meta":[],"product_brand":[256],"product_cat":[1791,63,64,1797,239,240,1796],"product_tag":[210],"woo-feed-brand":[],"class_list":{"0":"post-193382","1":"product","2":"type-product","3":"status-publish","4":"has-post-thumbnail","6":"product_brand-brandp_1281","7":"product_cat-balais-et-serpilleres","8":"product_cat-cadeaux-originaux","9":"product_cat-cadeaux-pour-la-maison","10":"product_cat-idees-pour-la-maison","11":"product_cat-maison-jardin","12":"product_cat-nettoyage-aspirateur-et-repassage","13":"product_cat-teleachat-vu-a-la-television","14":"product_tag-tag_25","16":"first","17":"instock","18":"taxable","19":"shipping-taxable","20":"purchasable","21":"product-type-simple"},"yoast_head":"<!-- This site is optimized with the Yoast SEO plugin v27.6 - https:\/\/yoast.com\/product\/yoast-seo-wordpress\/ -->\n<title>Serpill\u00e8re Rotative Autonettoyante et Seau S\u00e9parateur Selimop InnovaGoods | | Tupique<\/title>\n<meta name=\"description\" content=\"Envie d&#039;acheter Serpill\u00e8re Rotative Autonettoyante et Seau S\u00e9parateur Selimop InnovaGoods\u00a0? Achetez Serpill\u00e8re Rotative Autonettoyante et Seau S\u00e9parateur Selimop InnovaGoods maintenant avec Tupique en 3 versements sans int\u00e9r\u00eat.\" \/>\n<meta name=\"robots\" content=\"index, follow, max-snippet:-1, max-image-preview:large, max-video-preview:-1\" \/>\n<link rel=\"canonical\" href=\"https:\/\/tupique.com\/en\/product\/serpillere-rotative-autonettoyante-et-seau-separateur-selimop-innovagoods\/\" \/>\n<meta property=\"og:locale\" content=\"en_GB\" \/>\n<meta property=\"og:type\" content=\"article\" \/>\n<meta property=\"og:title\" content=\"Serpill\u00e8re Rotative Autonettoyante et Seau S\u00e9parateur Selimop InnovaGoods | | Tupique\" \/>\n<meta property=\"og:description\" content=\"Envie d&#039;acheter Serpill\u00e8re Rotative Autonettoyante et Seau S\u00e9parateur Selimop InnovaGoods\u00a0? Achetez Serpill\u00e8re Rotative Autonettoyante et Seau S\u00e9parateur Selimop InnovaGoods maintenant avec Tupique en 3 versements sans int\u00e9r\u00eat.\" \/>\n<meta property=\"og:url\" content=\"https:\/\/tupique.com\/en\/product\/serpillere-rotative-autonettoyante-et-seau-separateur-selimop-innovagoods\/\" \/>\n<meta property=\"og:site_name\" content=\"Tupique\" \/>\n<meta property=\"og:image\" content=\"https:\/\/tupique.com\/wp-content\/uploads\/2026\/05\/8435527826253_V0103852_000_MKT1.jpg\" \/>\n\t<meta property=\"og:image:width\" content=\"1200\" \/>\n\t<meta property=\"og:image:height\" content=\"1200\" \/>\n\t<meta property=\"og:image:type\" content=\"image\/jpeg\" \/>\n<meta name=\"twitter:card\" content=\"summary_large_image\" \/>\n<meta name=\"twitter:label1\" content=\"Est. reading time\" \/>\n\t<meta name=\"twitter:data1\" content=\"3 minutes\" \/>\n<script type=\"application\/ld+json\" class=\"yoast-schema-graph\">{\"@context\":\"https:\\\/\\\/schema.org\",\"@graph\":[{\"@type\":\"WebPage\",\"@id\":\"https:\\\/\\\/tupique.com\\\/product\\\/serpillere-rotative-autonettoyante-et-seau-separateur-selimop-innovagoods\\\/\",\"url\":\"https:\\\/\\\/tupique.com\\\/product\\\/serpillere-rotative-autonettoyante-et-seau-separateur-selimop-innovagoods\\\/\",\"name\":\"Serpill\u00e8re Rotative Autonettoyante et Seau S\u00e9parateur Selimop InnovaGoods | | Tupique\",\"isPartOf\":{\"@id\":\"https:\\\/\\\/tupique.com\\\/#website\"},\"primaryImageOfPage\":{\"@id\":\"https:\\\/\\\/tupique.com\\\/product\\\/serpillere-rotative-autonettoyante-et-seau-separateur-selimop-innovagoods\\\/#primaryimage\"},\"image\":{\"@id\":\"https:\\\/\\\/tupique.com\\\/product\\\/serpillere-rotative-autonettoyante-et-seau-separateur-selimop-innovagoods\\\/#primaryimage\"},\"thumbnailUrl\":\"https:\\\/\\\/tupique.com\\\/wp-content\\\/uploads\\\/2026\\\/05\\\/8435527826253_V0103852_000_MKT1.jpg\",\"datePublished\":\"2026-05-12T01:21:28+00:00\",\"description\":\"Envie d'acheter Serpill\u00e8re Rotative Autonettoyante et Seau S\u00e9parateur Selimop InnovaGoods\u00a0? Achetez Serpill\u00e8re Rotative Autonettoyante et Seau S\u00e9parateur Selimop InnovaGoods maintenant avec Tupique en 3 versements sans int\u00e9r\u00eat.\",\"breadcrumb\":{\"@id\":\"https:\\\/\\\/tupique.com\\\/product\\\/serpillere-rotative-autonettoyante-et-seau-separateur-selimop-innovagoods\\\/#breadcrumb\"},\"inLanguage\":\"en-GB\",\"potentialAction\":[{\"@type\":\"ReadAction\",\"target\":[\"https:\\\/\\\/tupique.com\\\/product\\\/serpillere-rotative-autonettoyante-et-seau-separateur-selimop-innovagoods\\\/\"]}]},{\"@type\":\"ImageObject\",\"inLanguage\":\"en-GB\",\"@id\":\"https:\\\/\\\/tupique.com\\\/product\\\/serpillere-rotative-autonettoyante-et-seau-separateur-selimop-innovagoods\\\/#primaryimage\",\"url\":\"https:\\\/\\\/tupique.com\\\/wp-content\\\/uploads\\\/2026\\\/05\\\/8435527826253_V0103852_000_MKT1.jpg\",\"contentUrl\":\"https:\\\/\\\/tupique.com\\\/wp-content\\\/uploads\\\/2026\\\/05\\\/8435527826253_V0103852_000_MKT1.jpg\",\"width\":1200,\"height\":1200,\"caption\":\"V0103852_0\"},{\"@type\":\"BreadcrumbList\",\"@id\":\"https:\\\/\\\/tupique.com\\\/product\\\/serpillere-rotative-autonettoyante-et-seau-separateur-selimop-innovagoods\\\/#breadcrumb\",\"itemListElement\":[{\"@type\":\"ListItem\",\"position\":1,\"name\":\"commencer\",\"item\":\"https:\\\/\\\/tupique.com\\\/\"},{\"@type\":\"ListItem\",\"position\":2,\"name\":\"Loja\",\"item\":\"https:\\\/\\\/tupique.com\\\/pt\\\/loja\\\/\"},{\"@type\":\"ListItem\",\"position\":3,\"name\":\"Serpill\u00e8re Rotative Autonettoyante et Seau S\u00e9parateur Selimop InnovaGoods\"}]},{\"@type\":\"WebSite\",\"@id\":\"https:\\\/\\\/tupique.com\\\/#website\",\"url\":\"https:\\\/\\\/tupique.com\\\/\",\"name\":\"Tupique\",\"description\":\"\",\"publisher\":{\"@id\":\"https:\\\/\\\/tupique.com\\\/#organization\"},\"potentialAction\":[{\"@type\":\"SearchAction\",\"target\":{\"@type\":\"EntryPoint\",\"urlTemplate\":\"https:\\\/\\\/tupique.com\\\/?s={search_term_string}\"},\"query-input\":{\"@type\":\"PropertyValueSpecification\",\"valueRequired\":true,\"valueName\":\"search_term_string\"}}],\"inLanguage\":\"en-GB\"},{\"@type\":\"Organization\",\"@id\":\"https:\\\/\\\/tupique.com\\\/#organization\",\"name\":\"Tupique\",\"url\":\"https:\\\/\\\/tupique.com\\\/\",\"logo\":{\"@type\":\"ImageObject\",\"inLanguage\":\"en-GB\",\"@id\":\"https:\\\/\\\/tupique.com\\\/#\\\/schema\\\/logo\\\/image\\\/\",\"url\":\"https:\\\/\\\/tupique.com\\\/wp-content\\\/uploads\\\/2026\\\/03\\\/logo-tupique-1.webp\",\"contentUrl\":\"https:\\\/\\\/tupique.com\\\/wp-content\\\/uploads\\\/2026\\\/03\\\/logo-tupique-1.webp\",\"width\":500,\"height\":67,\"caption\":\"Tupique\"},\"image\":{\"@id\":\"https:\\\/\\\/tupique.com\\\/#\\\/schema\\\/logo\\\/image\\\/\"}}]}<\/script>\n<!-- \/ Yoast SEO plugin. -->","yoast_head_json":{"title":"Serpill\u00e8re Rotative Autonettoyante et Seau S\u00e9parateur Selimop InnovaGoods | | Tupique","description":"Envie d'acheter Serpill\u00e8re Rotative Autonettoyante et Seau S\u00e9parateur Selimop InnovaGoods\u00a0? Achetez Serpill\u00e8re Rotative Autonettoyante et Seau S\u00e9parateur Selimop InnovaGoods maintenant avec Tupique en 3 versements sans int\u00e9r\u00eat.","robots":{"index":"index","follow":"follow","max-snippet":"max-snippet:-1","max-image-preview":"max-image-preview:large","max-video-preview":"max-video-preview:-1"},"canonical":"https:\/\/tupique.com\/en\/product\/serpillere-rotative-autonettoyante-et-seau-separateur-selimop-innovagoods\/","og_locale":"en_GB","og_type":"article","og_title":"Serpill\u00e8re Rotative Autonettoyante et Seau S\u00e9parateur Selimop InnovaGoods | | Tupique","og_description":"Envie d'acheter Serpill\u00e8re Rotative Autonettoyante et Seau S\u00e9parateur Selimop InnovaGoods\u00a0? Achetez Serpill\u00e8re Rotative Autonettoyante et Seau S\u00e9parateur Selimop InnovaGoods maintenant avec Tupique en 3 versements sans int\u00e9r\u00eat.","og_url":"https:\/\/tupique.com\/en\/product\/serpillere-rotative-autonettoyante-et-seau-separateur-selimop-innovagoods\/","og_site_name":"Tupique","og_image":[{"width":1200,"height":1200,"url":"https:\/\/tupique.com\/wp-content\/uploads\/2026\/05\/8435527826253_V0103852_000_MKT1.jpg","type":"image\/jpeg"}],"twitter_card":"summary_large_image","twitter_misc":{"Est. reading time":"3 minutes"},"schema":{"@context":"https:\/\/schema.org","@graph":[{"@type":"WebPage","@id":"https:\/\/tupique.com\/product\/serpillere-rotative-autonettoyante-et-seau-separateur-selimop-innovagoods\/","url":"https:\/\/tupique.com\/product\/serpillere-rotative-autonettoyante-et-seau-separateur-selimop-innovagoods\/","name":"Serpill\u00e8re Rotative Autonettoyante et Seau S\u00e9parateur Selimop InnovaGoods | | Tupique","isPartOf":{"@id":"https:\/\/tupique.com\/#website"},"primaryImageOfPage":{"@id":"https:\/\/tupique.com\/product\/serpillere-rotative-autonettoyante-et-seau-separateur-selimop-innovagoods\/#primaryimage"},"image":{"@id":"https:\/\/tupique.com\/product\/serpillere-rotative-autonettoyante-et-seau-separateur-selimop-innovagoods\/#primaryimage"},"thumbnailUrl":"https:\/\/tupique.com\/wp-content\/uploads\/2026\/05\/8435527826253_V0103852_000_MKT1.jpg","datePublished":"2026-05-12T01:21:28+00:00","description":"Envie d'acheter Serpill\u00e8re Rotative Autonettoyante et Seau S\u00e9parateur Selimop InnovaGoods\u00a0? Achetez Serpill\u00e8re Rotative Autonettoyante et Seau S\u00e9parateur Selimop InnovaGoods maintenant avec Tupique en 3 versements sans int\u00e9r\u00eat.","breadcrumb":{"@id":"https:\/\/tupique.com\/product\/serpillere-rotative-autonettoyante-et-seau-separateur-selimop-innovagoods\/#breadcrumb"},"inLanguage":"en-GB","potentialAction":[{"@type":"ReadAction","target":["https:\/\/tupique.com\/product\/serpillere-rotative-autonettoyante-et-seau-separateur-selimop-innovagoods\/"]}]},{"@type":"ImageObject","inLanguage":"en-GB","@id":"https:\/\/tupique.com\/product\/serpillere-rotative-autonettoyante-et-seau-separateur-selimop-innovagoods\/#primaryimage","url":"https:\/\/tupique.com\/wp-content\/uploads\/2026\/05\/8435527826253_V0103852_000_MKT1.jpg","contentUrl":"https:\/\/tupique.com\/wp-content\/uploads\/2026\/05\/8435527826253_V0103852_000_MKT1.jpg","width":1200,"height":1200,"caption":"V0103852_0"},{"@type":"BreadcrumbList","@id":"https:\/\/tupique.com\/product\/serpillere-rotative-autonettoyante-et-seau-separateur-selimop-innovagoods\/#breadcrumb","itemListElement":[{"@type":"ListItem","position":1,"name":"commencer","item":"https:\/\/tupique.com\/"},{"@type":"ListItem","position":2,"name":"Loja","item":"https:\/\/tupique.com\/pt\/loja\/"},{"@type":"ListItem","position":3,"name":"Serpill\u00e8re Rotative Autonettoyante et Seau S\u00e9parateur Selimop InnovaGoods"}]},{"@type":"WebSite","@id":"https:\/\/tupique.com\/#website","url":"https:\/\/tupique.com\/","name":"Tupique","description":"","publisher":{"@id":"https:\/\/tupique.com\/#organization"},"potentialAction":[{"@type":"SearchAction","target":{"@type":"EntryPoint","urlTemplate":"https:\/\/tupique.com\/?s={search_term_string}"},"query-input":{"@type":"PropertyValueSpecification","valueRequired":true,"valueName":"search_term_string"}}],"inLanguage":"en-GB"},{"@type":"Organization","@id":"https:\/\/tupique.com\/#organization","name":"Tupique","url":"https:\/\/tupique.com\/","logo":{"@type":"ImageObject","inLanguage":"en-GB","@id":"https:\/\/tupique.com\/#\/schema\/logo\/image\/","url":"https:\/\/tupique.com\/wp-content\/uploads\/2026\/03\/logo-tupique-1.webp","contentUrl":"https:\/\/tupique.com\/wp-content\/uploads\/2026\/03\/logo-tupique-1.webp","width":500,"height":67,"caption":"Tupique"},"image":{"@id":"https:\/\/tupique.com\/#\/schema\/logo\/image\/"}}]}},"_links":{"self":[{"href":"https:\/\/tupique.com\/en\/wp-json\/wp\/v2\/product\/193382","targetHints":{"allow":["GET"]}}],"collection":[{"href":"https:\/\/tupique.com\/en\/wp-json\/wp\/v2\/product"}],"about":[{"href":"https:\/\/tupique.com\/en\/wp-json\/wp\/v2\/types\/product"}],"replies":[{"embeddable":true,"href":"https:\/\/tupique.com\/en\/wp-json\/wp\/v2\/comments?post=193382"}],"wp:featuredmedia":[{"embeddable":true,"href":"https:\/\/tupique.com\/en\/wp-json\/wp\/v2\/media\/193368"}],"wp:attachment":[{"href":"https:\/\/tupique.com\/en\/wp-json\/wp\/v2\/media?parent=193382"}],"wp:term":[{"taxonomy":"product_brand","embeddable":true,"href":"https:\/\/tupique.com\/en\/wp-json\/wp\/v2\/product_brand?post=193382"},{"taxonomy":"product_cat","embeddable":true,"href":"https:\/\/tupique.com\/en\/wp-json\/wp\/v2\/product_cat?post=193382"},{"taxonomy":"product_tag","embeddable":true,"href":"https:\/\/tupique.com\/en\/wp-json\/wp\/v2\/product_tag?post=193382"},{"taxonomy":"woo-feed-brand","embeddable":true,"href":"https:\/\/tupique.com\/en\/wp-json\/wp\/v2\/woo-feed-brand?post=193382"}],"curies":[{"name":"wp","href":"https:\/\/api.w.org\/{rel}","templated":true}]}}