{"id":193796,"date":"2026-05-12T03:56:56","date_gmt":"2026-05-12T01:56:56","guid":{"rendered":"https:\/\/tupique.com\/product\/ventilateur-rechargeable-pliable-3-en-1-fandle-innovagoods-o77-7200-mah\/"},"modified":"2026-05-12T03:56:56","modified_gmt":"2026-05-12T01:56:56","slug":"ventilateur-rechargeable-pliable-3-en-1-fandle-innovagoods-o77-7200-mah","status":"publish","type":"product","link":"https:\/\/tupique.com\/en\/product\/ventilateur-rechargeable-pliable-3-en-1-fandle-innovagoods-o77-7200-mah\/","title":{"rendered":"Ventilateur Rechargeable Pliable 3 en 1 Fandle InnovaGoods \u00d87,7&#8221; 7200 mAh"},"content":{"rendered":"<div class=\"col-md-6\"><b>InnovaGoods<\/b> vous offre les meilleures nouveaut\u00e9s pour la maison, comme <b>Ventilateur Rechargeable Pliable 3 en 1 Fandle InnovaGoods \u00d87,7&#8221; 7200 mAh <\/b> ! D\u00e9couvrez une vaste gamme de produits de qualit\u00e9 qui se d\u00e9marquent de par leur fonctionnalit\u00e9, leur efficacit\u00e9 et leur design innovant : \u00e9clairage, organisation, d\u00e9coration, climatisation, jardin, animaux domestiques, nettoyage, etc.<\/p>\n<p>Un <b>ventilateur rechargeable pliable<\/b> id\u00e9al pour profiter d&#8217;une agr\u00e9able fra\u00eecheur n&#8217;importe o\u00f9. Tr\u00e8s l\u00e9ger, multifonction, multiposition, silencieux, 4 vitesses, minuterie, inclinaison et hauteur r\u00e9glables, t\u00e9l\u00e9commande et c\u00e2ble USB-C.<\/p>\n<p>Ce <b>ventilateur de sol et de bureau portable<\/b> peut \u00eatre utilis\u00e9 \u00e0 l\u2019int\u00e9rieur et \u00e0 l\u2019ext\u00e9rieur&nbsp;: maison (bureau, chambre, salon, t\u00e9l\u00e9travail, etc.), local de travail, jardin, terrasse, camping, etc.<\/p>\n<ul>\n<li><b>Design pliable, silencieux&nbsp;<\/b>: notre ventilateur rechargeable pliable est tr\u00e8s l\u00e9ger, facile \u00e0 transporter et \u00e0 ranger. Il se replie sur lui-m\u00eame, se rangeant dans sa base. Fabriqu\u00e9 en ABS, avec un tube extensible en aluminium et un moteur en cuivre. Niveau sonore&nbsp;: &lt;40 dB.<\/li>\n<li><b>Extensible, orientable&nbsp;<\/b>: ce ventilateur rechargeable multiposition dispose de pieds antid\u00e9rapants \u00e0 la base, d\u2019une inclinaison r\u00e9glable jusqu\u2019\u00e0 180\u00b0 et d\u2019un tube t\u00e9lescopique extensible pour choisir plusieurs niveaux de hauteur, pouvant \u00eatre transform\u00e9 en ventilateur sur pied. La grille frontale se d\u00e9monte facilement pour le nettoyage.<\/li>\n<li><b>4 vitesses, minuterie, t\u00e9l\u00e9commande&nbsp;<\/b>:<b>&nbsp;<\/b>ce ventilateur sur pied et de bureau comprend une t\u00e9l\u00e9commande pratique. Notre ventilateur de bureau et sur pied dispose d\u2019une minuterie (1-2-4-6 h) et de 4 niveaux de vitesse avec un d\u00e9bit d\u2019air \u00e9lev\u00e9, moyen, faible et naturel. Ses grilles \u00e0 haute densit\u00e9 emp\u00eachent l\u2019acc\u00e8s aux pales pour des raisons de s\u00e9curit\u00e9.<\/li>\n<li><b>Rechargeable, power bank<\/b> : ce ventilateur multifonction&nbsp;peut \u00eatre utilis\u00e9 comme power bank. Comprend un c\u00e2ble de charge USB-C. Il dispose d\u2019indicateurs LED de charge, de vitesse et de minuterie. Notre ventilateur portable pliable peut fonctionner jusqu\u2019\u00e0 8h \u00e0 pleine charge. Batterie Li-Ion 7200&nbsp;mAh.<\/li>\n<li><b>Portable, utilisation int\u00e9rieure et ext\u00e9rieur&nbsp;<\/b>: ce ventilateur USB pliable polyvalent a de multiples utilisations. Notre ventilateur de bureau et sur pied peut \u00eatre utilis\u00e9 \u00e0 la maison (bureau, chambre, salon, cuisine, t\u00e9l\u00e9travail, etc.), au travail, au jardin, en terrasse, en voyage, en camping, etc.<\/li>\n<\/ul>\n<ul>\n<li>Mat\u00e9riel:\n<ul>\n<li>ABS<\/li>\n<li>Cuivre<\/li>\n<li>Aluminium<\/li>\n<\/ul>\n<\/li>\n<li>Couleur:\n<ul>\n<li>Blanc<\/li>\n<li>Argent\u00e9<\/li>\n<\/ul>\n<\/li>\n<li>Type: Ventilateur de Bureau<\/li>\n<li>diam\u00e8tre approx.: \u00d87,7&#8221;<\/li>\n<li>Pliable: Gain de place<\/li>\n<li>Extensible: Hauteur r\u00e9glable<\/li>\n<li>Orientation r\u00e9glable: 180\u00ba<\/li>\n<li>Pieds antid\u00e9rapants: Fixation ferme<\/li>\n<li>D\u00e9montable: Facile \u00e0 nettoyer<\/li>\n<li>Rechargeable: C\u00e2ble USB-C inclus<\/li>\n<li>4 vitesses: 2,3 &#8211; 4 m\/s<\/li>\n<li>Minuterie: 1\/2\/4\/6 h<\/li>\n<li>T\u00e9l\u00e9commande: Fonctionne \u00e0 piles (1 x CR2025, incluses)<\/li>\n<li>Power Bank: 7,2 Ah \/ DC out 5 V<\/li>\n<li>T\u00e9moin LED: Indicateur de chargement \/ vitesse<\/li>\n<li>Type de batterie: Li-Ion<\/li>\n<li>Capacit\u00e9 de la batterie: 7200 mAh<\/li>\n<li>Autonomie approx.: Jusqu&#8217;\u00e0 8 h<\/li>\n<li>DC In: 5 V \/ 2 A<\/li>\n<li>Dimensions approx. pli\u00e9: \u00d819,8 x 9,5 cm<\/li>\n<li>Dimensions approx. (d\u00e9pli\u00e9): 19,8 x 36-100 x 19,8 cm<\/li>\n<li>Guillemets: 4<\/li>\n<li>Niveau sonore: 40 dB<\/li>\n<\/ul>\n<p>Packaging et manuel en 24 langues: anglais, fran\u00e7ais, espagnol, allemand, italien, portugais, n\u00e9erlandais, polonais, hongrois, roumain, danois, su\u00e9dois, finnois, lituanien, norv\u00e9gien, slov\u00e8ne, grec, tch\u00e8que, bulgare, croate, slovaque, estonien, russe, letton.<\/p><\/div>\n<div class=\"col-md-6\">\n<div class=\"embed-responsive embed-responsive-16by9\"><iframe class=\"embed-responsive-item\" src=\"https:\/\/www.youtube.com\/embed\/TUdt6Vma8qs\" frameborder=\"0\" allowfullscreen><\/iframe><\/div>\n<\/div>","protected":false},"excerpt":{"rendered":"<p>InnovaGoods vous offre les meilleures nouveaut\u00e9s pour la maison, comme Ventilateur Rechargeable Pliable 3 en 1 Fandle InnovaGoods \u00d87,7&#8221; 7200 mAh ! D\u00e9couvrez une vaste gamme de produits de qualit\u00e9 qui se d\u00e9marquent de par leur fonctionnalit\u00e9, leur efficacit\u00e9 et leur design innovant : \u00e9clairage, organisation, d\u00e9coration, climatisation, jardin, animaux domestiques, nettoyage, etc. Un ventilateur [&hellip;]<\/p>\n","protected":false},"featured_media":193783,"comment_status":"open","ping_status":"closed","template":"","meta":[],"product_brand":[256],"product_cat":[63,64,732,1334,1797,239,1796],"product_tag":[213,721,56,211,210,106],"woo-feed-brand":[],"class_list":{"0":"post-193796","1":"product","2":"type-product","3":"status-publish","4":"has-post-thumbnail","6":"product_brand-brandp_1281","7":"product_cat-cadeaux-originaux","8":"product_cat-cadeaux-pour-la-maison","9":"product_cat-climatisation-et-chauffage","10":"product_cat-climatiseurs-et-ventilateurs","11":"product_cat-idees-pour-la-maison","12":"product_cat-maison-jardin","13":"product_cat-teleachat-vu-a-la-television","14":"product_tag-tag_933","15":"product_tag-tag_124","16":"product_tag-tag_930","17":"product_tag-tag_3","18":"product_tag-tag_25","19":"product_tag-tag_1295","21":"first","22":"instock","23":"taxable","24":"shipping-taxable","25":"purchasable","26":"product-type-simple"},"yoast_head":"<!-- This site is optimized with the Yoast SEO plugin v27.6 - https:\/\/yoast.com\/product\/yoast-seo-wordpress\/ -->\n<title>Ventilateur Rechargeable Pliable 3 en 1 Fandle InnovaGoods \u00d87,7&#039;&#039; 7200 mAh | | Tupique<\/title>\n<meta name=\"description\" content=\"Envie d&#039;acheter Ventilateur Rechargeable Pliable 3 en 1 Fandle InnovaGoods \u00d87,7&#039;&#039; 7200 mAh\u00a0? Achetez Ventilateur Rechargeable Pliable 3 en 1 Fandle InnovaGoods \u00d87,7&#039;&#039; 7200 mAh maintenant avec Tupique en 3 versements sans int\u00e9r\u00eat.\" \/>\n<meta name=\"robots\" content=\"index, follow, max-snippet:-1, max-image-preview:large, max-video-preview:-1\" \/>\n<link rel=\"canonical\" href=\"https:\/\/tupique.com\/en\/product\/ventilateur-rechargeable-pliable-3-en-1-fandle-innovagoods-o77-7200-mah\/\" \/>\n<meta property=\"og:locale\" content=\"en_GB\" \/>\n<meta property=\"og:type\" content=\"article\" \/>\n<meta property=\"og:title\" content=\"Ventilateur Rechargeable Pliable 3 en 1 Fandle InnovaGoods \u00d87,7&#039;&#039; 7200 mAh | | Tupique\" \/>\n<meta property=\"og:description\" content=\"Envie d&#039;acheter Ventilateur Rechargeable Pliable 3 en 1 Fandle InnovaGoods \u00d87,7&#039;&#039; 7200 mAh\u00a0? Achetez Ventilateur Rechargeable Pliable 3 en 1 Fandle InnovaGoods \u00d87,7&#039;&#039; 7200 mAh maintenant avec Tupique en 3 versements sans int\u00e9r\u00eat.\" \/>\n<meta property=\"og:url\" content=\"https:\/\/tupique.com\/en\/product\/ventilateur-rechargeable-pliable-3-en-1-fandle-innovagoods-o77-7200-mah\/\" \/>\n<meta property=\"og:site_name\" content=\"Tupique\" \/>\n<meta property=\"og:image\" content=\"https:\/\/tupique.com\/wp-content\/uploads\/2026\/05\/8435527826321_V0103859_000_MKT1.jpg\" \/>\n\t<meta property=\"og:image:width\" content=\"1200\" \/>\n\t<meta property=\"og:image:height\" content=\"1200\" \/>\n\t<meta property=\"og:image:type\" content=\"image\/jpeg\" \/>\n<meta name=\"twitter:card\" content=\"summary_large_image\" \/>\n<meta name=\"twitter:label1\" content=\"Est. reading time\" \/>\n\t<meta name=\"twitter:data1\" content=\"2 minutes\" \/>\n<script type=\"application\/ld+json\" class=\"yoast-schema-graph\">{\"@context\":\"https:\\\/\\\/schema.org\",\"@graph\":[{\"@type\":\"WebPage\",\"@id\":\"https:\\\/\\\/tupique.com\\\/product\\\/ventilateur-rechargeable-pliable-3-en-1-fandle-innovagoods-o77-7200-mah\\\/\",\"url\":\"https:\\\/\\\/tupique.com\\\/product\\\/ventilateur-rechargeable-pliable-3-en-1-fandle-innovagoods-o77-7200-mah\\\/\",\"name\":\"Ventilateur Rechargeable Pliable 3 en 1 Fandle InnovaGoods \u00d87,7'' 7200 mAh | | Tupique\",\"isPartOf\":{\"@id\":\"https:\\\/\\\/tupique.com\\\/#website\"},\"primaryImageOfPage\":{\"@id\":\"https:\\\/\\\/tupique.com\\\/product\\\/ventilateur-rechargeable-pliable-3-en-1-fandle-innovagoods-o77-7200-mah\\\/#primaryimage\"},\"image\":{\"@id\":\"https:\\\/\\\/tupique.com\\\/product\\\/ventilateur-rechargeable-pliable-3-en-1-fandle-innovagoods-o77-7200-mah\\\/#primaryimage\"},\"thumbnailUrl\":\"https:\\\/\\\/tupique.com\\\/wp-content\\\/uploads\\\/2026\\\/05\\\/8435527826321_V0103859_000_MKT1.jpg\",\"datePublished\":\"2026-05-12T01:56:56+00:00\",\"description\":\"Envie d'acheter Ventilateur Rechargeable Pliable 3 en 1 Fandle InnovaGoods \u00d87,7'' 7200 mAh\u00a0? Achetez Ventilateur Rechargeable Pliable 3 en 1 Fandle InnovaGoods \u00d87,7'' 7200 mAh maintenant avec Tupique en 3 versements sans int\u00e9r\u00eat.\",\"breadcrumb\":{\"@id\":\"https:\\\/\\\/tupique.com\\\/product\\\/ventilateur-rechargeable-pliable-3-en-1-fandle-innovagoods-o77-7200-mah\\\/#breadcrumb\"},\"inLanguage\":\"en-GB\",\"potentialAction\":[{\"@type\":\"ReadAction\",\"target\":[\"https:\\\/\\\/tupique.com\\\/product\\\/ventilateur-rechargeable-pliable-3-en-1-fandle-innovagoods-o77-7200-mah\\\/\"]}]},{\"@type\":\"ImageObject\",\"inLanguage\":\"en-GB\",\"@id\":\"https:\\\/\\\/tupique.com\\\/product\\\/ventilateur-rechargeable-pliable-3-en-1-fandle-innovagoods-o77-7200-mah\\\/#primaryimage\",\"url\":\"https:\\\/\\\/tupique.com\\\/wp-content\\\/uploads\\\/2026\\\/05\\\/8435527826321_V0103859_000_MKT1.jpg\",\"contentUrl\":\"https:\\\/\\\/tupique.com\\\/wp-content\\\/uploads\\\/2026\\\/05\\\/8435527826321_V0103859_000_MKT1.jpg\",\"width\":1200,\"height\":1200,\"caption\":\"V0103859_0\"},{\"@type\":\"BreadcrumbList\",\"@id\":\"https:\\\/\\\/tupique.com\\\/product\\\/ventilateur-rechargeable-pliable-3-en-1-fandle-innovagoods-o77-7200-mah\\\/#breadcrumb\",\"itemListElement\":[{\"@type\":\"ListItem\",\"position\":1,\"name\":\"commencer\",\"item\":\"https:\\\/\\\/tupique.com\\\/\"},{\"@type\":\"ListItem\",\"position\":2,\"name\":\"Loja\",\"item\":\"https:\\\/\\\/tupique.com\\\/pt\\\/loja\\\/\"},{\"@type\":\"ListItem\",\"position\":3,\"name\":\"Ventilateur Rechargeable Pliable 3 en 1 Fandle InnovaGoods \u00d87,7&#8221; 7200 mAh\"}]},{\"@type\":\"WebSite\",\"@id\":\"https:\\\/\\\/tupique.com\\\/#website\",\"url\":\"https:\\\/\\\/tupique.com\\\/\",\"name\":\"Tupique\",\"description\":\"\",\"publisher\":{\"@id\":\"https:\\\/\\\/tupique.com\\\/#organization\"},\"potentialAction\":[{\"@type\":\"SearchAction\",\"target\":{\"@type\":\"EntryPoint\",\"urlTemplate\":\"https:\\\/\\\/tupique.com\\\/?s={search_term_string}\"},\"query-input\":{\"@type\":\"PropertyValueSpecification\",\"valueRequired\":true,\"valueName\":\"search_term_string\"}}],\"inLanguage\":\"en-GB\"},{\"@type\":\"Organization\",\"@id\":\"https:\\\/\\\/tupique.com\\\/#organization\",\"name\":\"Tupique\",\"url\":\"https:\\\/\\\/tupique.com\\\/\",\"logo\":{\"@type\":\"ImageObject\",\"inLanguage\":\"en-GB\",\"@id\":\"https:\\\/\\\/tupique.com\\\/#\\\/schema\\\/logo\\\/image\\\/\",\"url\":\"https:\\\/\\\/tupique.com\\\/wp-content\\\/uploads\\\/2026\\\/03\\\/logo-tupique-1.webp\",\"contentUrl\":\"https:\\\/\\\/tupique.com\\\/wp-content\\\/uploads\\\/2026\\\/03\\\/logo-tupique-1.webp\",\"width\":500,\"height\":67,\"caption\":\"Tupique\"},\"image\":{\"@id\":\"https:\\\/\\\/tupique.com\\\/#\\\/schema\\\/logo\\\/image\\\/\"}}]}<\/script>\n<!-- \/ Yoast SEO plugin. -->","yoast_head_json":{"title":"Ventilateur Rechargeable Pliable 3 en 1 Fandle InnovaGoods \u00d87,7'' 7200 mAh | | Tupique","description":"Envie d'acheter Ventilateur Rechargeable Pliable 3 en 1 Fandle InnovaGoods \u00d87,7'' 7200 mAh\u00a0? Achetez Ventilateur Rechargeable Pliable 3 en 1 Fandle InnovaGoods \u00d87,7'' 7200 mAh maintenant avec Tupique en 3 versements sans int\u00e9r\u00eat.","robots":{"index":"index","follow":"follow","max-snippet":"max-snippet:-1","max-image-preview":"max-image-preview:large","max-video-preview":"max-video-preview:-1"},"canonical":"https:\/\/tupique.com\/en\/product\/ventilateur-rechargeable-pliable-3-en-1-fandle-innovagoods-o77-7200-mah\/","og_locale":"en_GB","og_type":"article","og_title":"Ventilateur Rechargeable Pliable 3 en 1 Fandle InnovaGoods \u00d87,7'' 7200 mAh | | Tupique","og_description":"Envie d'acheter Ventilateur Rechargeable Pliable 3 en 1 Fandle InnovaGoods \u00d87,7'' 7200 mAh\u00a0? Achetez Ventilateur Rechargeable Pliable 3 en 1 Fandle InnovaGoods \u00d87,7'' 7200 mAh maintenant avec Tupique en 3 versements sans int\u00e9r\u00eat.","og_url":"https:\/\/tupique.com\/en\/product\/ventilateur-rechargeable-pliable-3-en-1-fandle-innovagoods-o77-7200-mah\/","og_site_name":"Tupique","og_image":[{"width":1200,"height":1200,"url":"https:\/\/tupique.com\/wp-content\/uploads\/2026\/05\/8435527826321_V0103859_000_MKT1.jpg","type":"image\/jpeg"}],"twitter_card":"summary_large_image","twitter_misc":{"Est. reading time":"2 minutes"},"schema":{"@context":"https:\/\/schema.org","@graph":[{"@type":"WebPage","@id":"https:\/\/tupique.com\/product\/ventilateur-rechargeable-pliable-3-en-1-fandle-innovagoods-o77-7200-mah\/","url":"https:\/\/tupique.com\/product\/ventilateur-rechargeable-pliable-3-en-1-fandle-innovagoods-o77-7200-mah\/","name":"Ventilateur Rechargeable Pliable 3 en 1 Fandle InnovaGoods \u00d87,7'' 7200 mAh | | Tupique","isPartOf":{"@id":"https:\/\/tupique.com\/#website"},"primaryImageOfPage":{"@id":"https:\/\/tupique.com\/product\/ventilateur-rechargeable-pliable-3-en-1-fandle-innovagoods-o77-7200-mah\/#primaryimage"},"image":{"@id":"https:\/\/tupique.com\/product\/ventilateur-rechargeable-pliable-3-en-1-fandle-innovagoods-o77-7200-mah\/#primaryimage"},"thumbnailUrl":"https:\/\/tupique.com\/wp-content\/uploads\/2026\/05\/8435527826321_V0103859_000_MKT1.jpg","datePublished":"2026-05-12T01:56:56+00:00","description":"Envie d'acheter Ventilateur Rechargeable Pliable 3 en 1 Fandle InnovaGoods \u00d87,7'' 7200 mAh\u00a0? Achetez Ventilateur Rechargeable Pliable 3 en 1 Fandle InnovaGoods \u00d87,7'' 7200 mAh maintenant avec Tupique en 3 versements sans int\u00e9r\u00eat.","breadcrumb":{"@id":"https:\/\/tupique.com\/product\/ventilateur-rechargeable-pliable-3-en-1-fandle-innovagoods-o77-7200-mah\/#breadcrumb"},"inLanguage":"en-GB","potentialAction":[{"@type":"ReadAction","target":["https:\/\/tupique.com\/product\/ventilateur-rechargeable-pliable-3-en-1-fandle-innovagoods-o77-7200-mah\/"]}]},{"@type":"ImageObject","inLanguage":"en-GB","@id":"https:\/\/tupique.com\/product\/ventilateur-rechargeable-pliable-3-en-1-fandle-innovagoods-o77-7200-mah\/#primaryimage","url":"https:\/\/tupique.com\/wp-content\/uploads\/2026\/05\/8435527826321_V0103859_000_MKT1.jpg","contentUrl":"https:\/\/tupique.com\/wp-content\/uploads\/2026\/05\/8435527826321_V0103859_000_MKT1.jpg","width":1200,"height":1200,"caption":"V0103859_0"},{"@type":"BreadcrumbList","@id":"https:\/\/tupique.com\/product\/ventilateur-rechargeable-pliable-3-en-1-fandle-innovagoods-o77-7200-mah\/#breadcrumb","itemListElement":[{"@type":"ListItem","position":1,"name":"commencer","item":"https:\/\/tupique.com\/"},{"@type":"ListItem","position":2,"name":"Loja","item":"https:\/\/tupique.com\/pt\/loja\/"},{"@type":"ListItem","position":3,"name":"Ventilateur Rechargeable Pliable 3 en 1 Fandle InnovaGoods \u00d87,7&#8221; 7200 mAh"}]},{"@type":"WebSite","@id":"https:\/\/tupique.com\/#website","url":"https:\/\/tupique.com\/","name":"Tupique","description":"","publisher":{"@id":"https:\/\/tupique.com\/#organization"},"potentialAction":[{"@type":"SearchAction","target":{"@type":"EntryPoint","urlTemplate":"https:\/\/tupique.com\/?s={search_term_string}"},"query-input":{"@type":"PropertyValueSpecification","valueRequired":true,"valueName":"search_term_string"}}],"inLanguage":"en-GB"},{"@type":"Organization","@id":"https:\/\/tupique.com\/#organization","name":"Tupique","url":"https:\/\/tupique.com\/","logo":{"@type":"ImageObject","inLanguage":"en-GB","@id":"https:\/\/tupique.com\/#\/schema\/logo\/image\/","url":"https:\/\/tupique.com\/wp-content\/uploads\/2026\/03\/logo-tupique-1.webp","contentUrl":"https:\/\/tupique.com\/wp-content\/uploads\/2026\/03\/logo-tupique-1.webp","width":500,"height":67,"caption":"Tupique"},"image":{"@id":"https:\/\/tupique.com\/#\/schema\/logo\/image\/"}}]}},"_links":{"self":[{"href":"https:\/\/tupique.com\/en\/wp-json\/wp\/v2\/product\/193796","targetHints":{"allow":["GET"]}}],"collection":[{"href":"https:\/\/tupique.com\/en\/wp-json\/wp\/v2\/product"}],"about":[{"href":"https:\/\/tupique.com\/en\/wp-json\/wp\/v2\/types\/product"}],"replies":[{"embeddable":true,"href":"https:\/\/tupique.com\/en\/wp-json\/wp\/v2\/comments?post=193796"}],"wp:featuredmedia":[{"embeddable":true,"href":"https:\/\/tupique.com\/en\/wp-json\/wp\/v2\/media\/193783"}],"wp:attachment":[{"href":"https:\/\/tupique.com\/en\/wp-json\/wp\/v2\/media?parent=193796"}],"wp:term":[{"taxonomy":"product_brand","embeddable":true,"href":"https:\/\/tupique.com\/en\/wp-json\/wp\/v2\/product_brand?post=193796"},{"taxonomy":"product_cat","embeddable":true,"href":"https:\/\/tupique.com\/en\/wp-json\/wp\/v2\/product_cat?post=193796"},{"taxonomy":"product_tag","embeddable":true,"href":"https:\/\/tupique.com\/en\/wp-json\/wp\/v2\/product_tag?post=193796"},{"taxonomy":"woo-feed-brand","embeddable":true,"href":"https:\/\/tupique.com\/en\/wp-json\/wp\/v2\/woo-feed-brand?post=193796"}],"curies":[{"name":"wp","href":"https:\/\/api.w.org\/{rel}","templated":true}]}}