{"id":193943,"date":"2026-05-12T04:01:29","date_gmt":"2026-05-12T02:01:29","guid":{"rendered":"https:\/\/tupique.com\/product\/voile-dombrage-rectangulaire-shazail-innovagoods-2-x-3-m\/"},"modified":"2026-05-12T04:10:10","modified_gmt":"2026-05-12T02:10:10","slug":"voile-dombrage-rectangulaire-shazail-innovagoods-2-x-3-m","status":"publish","type":"product","link":"https:\/\/tupique.com\/en\/product\/voile-dombrage-rectangulaire-shazail-innovagoods-2-x-3-m\/","title":{"rendered":"Voile d\u2019Ombrage Rectangulaire Shazail InnovaGoods 2 x 3 m"},"content":{"rendered":"<div class=\"col-md-6\"><b>InnovaGoods<\/b> vous offre les meilleures nouveaut\u00e9s pour la maison, comme <b>Voile d\u2019Ombrage Rectangulaire Shazail InnovaGoods 2 x 3 m <\/b> ! D\u00e9couvrez une vaste gamme de produits de qualit\u00e9 qui se d\u00e9marquent de par leur fonctionnalit\u00e9, leur efficacit\u00e9 et leur design innovant : \u00e9clairage, organisation, d\u00e9coration, climatisation, jardin, animaux domestiques, nettoyage, etc.<\/p>\n<p>Cette <b>voile d\u2019ombrage rectangulaire<\/b> permet de profiter d\u2019un espace ombrag\u00e9 ample et agr\u00e9able dans les jardins, les patios, les terrasses, etc. Elle inclut une corde et 4 mousquetons pour l\u2019installer facilement sur des poteaux, des arbres, etc. Respirant, r\u00e9sistant, protection UV.<\/p>\n<p>Une <b>voile d\u2019ombrage portable<\/b> (HDPE, 185 GSM) qui s\u2019adapte \u00e0 de nombreux espaces. Elle r\u00e9siste bien aux intemp\u00e9ries. Son design concave favorise sa stabilit\u00e9 et une tension optimale.<\/p>\n<ul>\n<li><b>Design rectangulaire, 2&nbsp;x&nbsp;3&nbsp;m :&nbsp;<\/b>notre voile d\u2019ombrage rectangulaire offre une zone d\u2019ombre ample et protectrice au lieu souhait\u00e9, en cr\u00e9ant une ambiance plus agr\u00e9able et accueillante. La toile \u00e9paisse en&nbsp;poly\u00e9thyl\u00e8ne de haute densit\u00e9 et de 185 g\/m\u00b2 (HDPE, 185 GSM) offre une couverture et une intimit\u00e9 optimales.<\/li>\n<li><b>R\u00e9sistante, durable, forme concave :&nbsp;<\/b>cette voile d\u2019ombrage rectangulaire est r\u00e9sistante aux intemp\u00e9ries, au mauvais temps, au vent, etc. Par ailleurs, son design concave favorise la distribution uniforme de son poids afin de maintenir un bon niveau de tension et de profiter de l\u2019ombre d\u00e9sir\u00e9e.<\/li>\n<li><b>Respirante, protection UV, facile \u00e0 nettoyer&nbsp;:&nbsp;<\/b>cette voile d\u2019ombrage pour le jardin est respirante et compte une protection contre les rayons UV. Pour l nettoyer et lamaintenir en bon \u00e9tat, il est recommand\u00e9 de la ranger dans un endroit sec sans humidit\u00e9 lorsque vous ne l\u2019utilisez pas et de la laver \u00e0 la main.<\/li>\n<li><b>Inclut une corde et 4 mousquetons&nbsp;:&nbsp;<\/b>cette voile d\u2019ombrage concave inclut plusieurs accessoires pour son installation&nbsp;: 4 mousquetons en fer et une corde r\u00e9sistante en nylon pour l\u2019accrocher. Ses coins renforc\u00e9s poss\u00e8dent des anneaux m\u00e9talliques int\u00e9gr\u00e9s pour accrocher les mousquetons.<\/li>\n<li><b>Facile \u00e0 installer en ext\u00e9rieur&nbsp;:&nbsp;<\/b>notre voile portable rectangulaire s\u2019installe rapidement et facilement sans outils et sans montage, en permettant une fixation et une stabilit\u00e9 solide. Elle peut s\u2019accrocher sur des poteaux hauts, des arbres, des murs, etc. Gr\u00e2ce \u00e0 sa versatilit\u00e9, elle s\u2019adapte \u00e0 de nombreux espaces, comme des jardins, des terrasses, des patios, un camping, etc.<\/li>\n<\/ul>\n<ul>\n<li>Mat\u00e9riel:\n<ul>\n<li>HDPE 185 GMS<\/li>\n<li>Nylon<\/li>\n<li>Fer<\/li>\n<\/ul>\n<\/li>\n<li>Couleur:\n<ul>\n<li>Beige<\/li>\n<li>Gris<\/li>\n<\/ul>\n<\/li>\n<li>Type: Voiles d&#8217;ombrage<\/li>\n<li>Rectangulaire: 2 x 3 m<\/li>\n<li>Design moderne: Novateur et pratique<\/li>\n<li>Forme: concave<\/li>\n<li>Caract\u00e9ristiques: Protection contre les UV<\/li>\n<li>Propri\u00e9t\u00e9s: Respirant<\/li>\n<li>Inclut: Corde<\/li>\n<li>Mousquetons en m\u00e9tal: x4<\/li>\n<li>Stabilit\u00e9 maximale: Fixation ferme<\/li>\n<li>R\u00e9sistante et durable: R\u00e9sistant aux intemp\u00e9ries<\/li>\n<li>L\u00e9ger et maniable: Facile \u00e0 transporter et \u00e0 ranger<\/li>\n<li>Originale et portative: S&#8217;adaptent \u00e0 de multiples espaces<\/li>\n<li>Utilisation en ext\u00e9rieur: Id\u00e9al pour vos pique-niques, au camping, dans le jardin, la terrasse, etc.<\/li>\n<li>Installation simple: Sans montage ni outils<\/li>\n<li>Facile \u00e0 nettoyer: Laver \u00e0 la main<\/li>\n<li>Dimensions approx.: 200 x 300 x 0,3 cm<\/li>\n<\/ul>\n<p>Packaging et manuel en 24 langues: anglais, fran\u00e7ais, espagnol, allemand, italien, portugais, n\u00e9erlandais, polonais, hongrois, roumain, danois, su\u00e9dois, finnois, lituanien, norv\u00e9gien, slov\u00e8ne, grec, tch\u00e8que, bulgare, croate, slovaque, estonien, russe, letton.<\/p><\/div>\n<div class=\"col-md-6\">\n<div class=\"embed-responsive embed-responsive-16by9\"><iframe class=\"embed-responsive-item\" src=\"https:\/\/www.youtube.com\/embed\/SWmHBMd7V_0\" frameborder=\"0\" allowfullscreen><\/iframe><\/div>\n<\/div>","protected":false},"excerpt":{"rendered":"<p>InnovaGoods vous offre les meilleures nouveaut\u00e9s pour la maison, comme Voile d\u2019Ombrage Rectangulaire Shazail InnovaGoods 2 x 3 m ! D\u00e9couvrez une vaste gamme de produits de qualit\u00e9 qui se d\u00e9marquent de par leur fonctionnalit\u00e9, leur efficacit\u00e9 et leur design innovant : \u00e9clairage, organisation, d\u00e9coration, climatisation, jardin, animaux domestiques, nettoyage, etc. Cette voile d\u2019ombrage rectangulaire [&hellip;]<\/p>\n","protected":false},"featured_media":193929,"comment_status":"open","ping_status":"closed","template":"","meta":[],"product_brand":[256],"product_cat":[63,64,1797,759,239,974,1796],"product_tag":[721,211,210],"woo-feed-brand":[],"class_list":{"0":"post-193943","1":"product","2":"type-product","3":"status-publish","4":"has-post-thumbnail","6":"product_brand-brandp_1281","7":"product_cat-cadeaux-originaux","8":"product_cat-cadeaux-pour-la-maison","9":"product_cat-idees-pour-la-maison","10":"product_cat-jardin-et-terrasse","11":"product_cat-maison-jardin","12":"product_cat-mobilier-d-exterieur","13":"product_cat-teleachat-vu-a-la-television","14":"product_tag-tag_124","15":"product_tag-tag_3","16":"product_tag-tag_25","18":"first","19":"instock","20":"taxable","21":"shipping-taxable","22":"product-type-variable"},"yoast_head":"<!-- This site is optimized with the Yoast SEO plugin v27.6 - https:\/\/yoast.com\/product\/yoast-seo-wordpress\/ -->\n<title>Voile d\u2019Ombrage Rectangulaire Shazail InnovaGoods 2 x 3 m | | Tupique<\/title>\n<meta name=\"description\" content=\"Envie d&#039;acheter Voile d\u2019Ombrage Rectangulaire Shazail InnovaGoods 2 x 3 m\u00a0? Achetez Voile d\u2019Ombrage Rectangulaire Shazail InnovaGoods 2 x 3 m maintenant avec Tupique en 3 versements sans int\u00e9r\u00eat.\" \/>\n<meta name=\"robots\" content=\"index, follow, max-snippet:-1, max-image-preview:large, max-video-preview:-1\" \/>\n<link rel=\"canonical\" href=\"https:\/\/tupique.com\/en\/product\/voile-dombrage-rectangulaire-shazail-innovagoods-2-x-3-m\/\" \/>\n<meta property=\"og:locale\" content=\"en_GB\" \/>\n<meta property=\"og:type\" content=\"article\" \/>\n<meta property=\"og:title\" content=\"Voile d\u2019Ombrage Rectangulaire Shazail InnovaGoods 2 x 3 m | | Tupique\" \/>\n<meta property=\"og:description\" content=\"Envie d&#039;acheter Voile d\u2019Ombrage Rectangulaire Shazail InnovaGoods 2 x 3 m\u00a0? Achetez Voile d\u2019Ombrage Rectangulaire Shazail InnovaGoods 2 x 3 m maintenant avec Tupique en 3 versements sans int\u00e9r\u00eat.\" \/>\n<meta property=\"og:url\" content=\"https:\/\/tupique.com\/en\/product\/voile-dombrage-rectangulaire-shazail-innovagoods-2-x-3-m\/\" \/>\n<meta property=\"og:site_name\" content=\"Tupique\" \/>\n<meta property=\"article:modified_time\" content=\"2026-05-12T02:10:10+00:00\" \/>\n<meta property=\"og:image\" content=\"https:\/\/tupique.com\/wp-content\/uploads\/2026\/05\/V0103870_000_MKT2.jpg\" \/>\n\t<meta property=\"og:image:width\" content=\"1200\" \/>\n\t<meta property=\"og:image:height\" content=\"1200\" \/>\n\t<meta property=\"og:image:type\" content=\"image\/jpeg\" \/>\n<meta name=\"twitter:card\" content=\"summary_large_image\" \/>\n<meta name=\"twitter:label1\" content=\"Est. reading time\" \/>\n\t<meta name=\"twitter:data1\" content=\"3 minutes\" \/>\n<script type=\"application\/ld+json\" class=\"yoast-schema-graph\">{\"@context\":\"https:\\\/\\\/schema.org\",\"@graph\":[{\"@type\":\"WebPage\",\"@id\":\"https:\\\/\\\/tupique.com\\\/product\\\/voile-dombrage-rectangulaire-shazail-innovagoods-2-x-3-m\\\/\",\"url\":\"https:\\\/\\\/tupique.com\\\/product\\\/voile-dombrage-rectangulaire-shazail-innovagoods-2-x-3-m\\\/\",\"name\":\"Voile d\u2019Ombrage Rectangulaire Shazail InnovaGoods 2 x 3 m | | Tupique\",\"isPartOf\":{\"@id\":\"https:\\\/\\\/tupique.com\\\/#website\"},\"primaryImageOfPage\":{\"@id\":\"https:\\\/\\\/tupique.com\\\/product\\\/voile-dombrage-rectangulaire-shazail-innovagoods-2-x-3-m\\\/#primaryimage\"},\"image\":{\"@id\":\"https:\\\/\\\/tupique.com\\\/product\\\/voile-dombrage-rectangulaire-shazail-innovagoods-2-x-3-m\\\/#primaryimage\"},\"thumbnailUrl\":\"https:\\\/\\\/tupique.com\\\/wp-content\\\/uploads\\\/2026\\\/05\\\/V0103870_000_MKT2.jpg\",\"datePublished\":\"2026-05-12T02:01:29+00:00\",\"dateModified\":\"2026-05-12T02:10:10+00:00\",\"description\":\"Envie d'acheter Voile d\u2019Ombrage Rectangulaire Shazail InnovaGoods 2 x 3 m\u00a0? Achetez Voile d\u2019Ombrage Rectangulaire Shazail InnovaGoods 2 x 3 m maintenant avec Tupique en 3 versements sans int\u00e9r\u00eat.\",\"breadcrumb\":{\"@id\":\"https:\\\/\\\/tupique.com\\\/product\\\/voile-dombrage-rectangulaire-shazail-innovagoods-2-x-3-m\\\/#breadcrumb\"},\"inLanguage\":\"en-GB\",\"potentialAction\":[{\"@type\":\"ReadAction\",\"target\":[\"https:\\\/\\\/tupique.com\\\/product\\\/voile-dombrage-rectangulaire-shazail-innovagoods-2-x-3-m\\\/\"]}]},{\"@type\":\"ImageObject\",\"inLanguage\":\"en-GB\",\"@id\":\"https:\\\/\\\/tupique.com\\\/product\\\/voile-dombrage-rectangulaire-shazail-innovagoods-2-x-3-m\\\/#primaryimage\",\"url\":\"https:\\\/\\\/tupique.com\\\/wp-content\\\/uploads\\\/2026\\\/05\\\/V0103870_000_MKT2.jpg\",\"contentUrl\":\"https:\\\/\\\/tupique.com\\\/wp-content\\\/uploads\\\/2026\\\/05\\\/V0103870_000_MKT2.jpg\",\"width\":1200,\"height\":1200,\"caption\":\"V0103876_0\"},{\"@type\":\"BreadcrumbList\",\"@id\":\"https:\\\/\\\/tupique.com\\\/product\\\/voile-dombrage-rectangulaire-shazail-innovagoods-2-x-3-m\\\/#breadcrumb\",\"itemListElement\":[{\"@type\":\"ListItem\",\"position\":1,\"name\":\"commencer\",\"item\":\"https:\\\/\\\/tupique.com\\\/\"},{\"@type\":\"ListItem\",\"position\":2,\"name\":\"Loja\",\"item\":\"https:\\\/\\\/tupique.com\\\/pt\\\/loja\\\/\"},{\"@type\":\"ListItem\",\"position\":3,\"name\":\"Voile d\u2019Ombrage Rectangulaire Shazail InnovaGoods 2 x 3 m\"}]},{\"@type\":\"WebSite\",\"@id\":\"https:\\\/\\\/tupique.com\\\/#website\",\"url\":\"https:\\\/\\\/tupique.com\\\/\",\"name\":\"Tupique\",\"description\":\"\",\"publisher\":{\"@id\":\"https:\\\/\\\/tupique.com\\\/#organization\"},\"potentialAction\":[{\"@type\":\"SearchAction\",\"target\":{\"@type\":\"EntryPoint\",\"urlTemplate\":\"https:\\\/\\\/tupique.com\\\/?s={search_term_string}\"},\"query-input\":{\"@type\":\"PropertyValueSpecification\",\"valueRequired\":true,\"valueName\":\"search_term_string\"}}],\"inLanguage\":\"en-GB\"},{\"@type\":\"Organization\",\"@id\":\"https:\\\/\\\/tupique.com\\\/#organization\",\"name\":\"Tupique\",\"url\":\"https:\\\/\\\/tupique.com\\\/\",\"logo\":{\"@type\":\"ImageObject\",\"inLanguage\":\"en-GB\",\"@id\":\"https:\\\/\\\/tupique.com\\\/#\\\/schema\\\/logo\\\/image\\\/\",\"url\":\"https:\\\/\\\/tupique.com\\\/wp-content\\\/uploads\\\/2026\\\/03\\\/logo-tupique-1.webp\",\"contentUrl\":\"https:\\\/\\\/tupique.com\\\/wp-content\\\/uploads\\\/2026\\\/03\\\/logo-tupique-1.webp\",\"width\":500,\"height\":67,\"caption\":\"Tupique\"},\"image\":{\"@id\":\"https:\\\/\\\/tupique.com\\\/#\\\/schema\\\/logo\\\/image\\\/\"}}]}<\/script>\n<!-- \/ Yoast SEO plugin. -->","yoast_head_json":{"title":"Voile d\u2019Ombrage Rectangulaire Shazail InnovaGoods 2 x 3 m | | Tupique","description":"Envie d'acheter Voile d\u2019Ombrage Rectangulaire Shazail InnovaGoods 2 x 3 m\u00a0? Achetez Voile d\u2019Ombrage Rectangulaire Shazail InnovaGoods 2 x 3 m maintenant avec Tupique en 3 versements sans int\u00e9r\u00eat.","robots":{"index":"index","follow":"follow","max-snippet":"max-snippet:-1","max-image-preview":"max-image-preview:large","max-video-preview":"max-video-preview:-1"},"canonical":"https:\/\/tupique.com\/en\/product\/voile-dombrage-rectangulaire-shazail-innovagoods-2-x-3-m\/","og_locale":"en_GB","og_type":"article","og_title":"Voile d\u2019Ombrage Rectangulaire Shazail InnovaGoods 2 x 3 m | | Tupique","og_description":"Envie d'acheter Voile d\u2019Ombrage Rectangulaire Shazail InnovaGoods 2 x 3 m\u00a0? Achetez Voile d\u2019Ombrage Rectangulaire Shazail InnovaGoods 2 x 3 m maintenant avec Tupique en 3 versements sans int\u00e9r\u00eat.","og_url":"https:\/\/tupique.com\/en\/product\/voile-dombrage-rectangulaire-shazail-innovagoods-2-x-3-m\/","og_site_name":"Tupique","article_modified_time":"2026-05-12T02:10:10+00:00","og_image":[{"width":1200,"height":1200,"url":"https:\/\/tupique.com\/wp-content\/uploads\/2026\/05\/V0103870_000_MKT2.jpg","type":"image\/jpeg"}],"twitter_card":"summary_large_image","twitter_misc":{"Est. reading time":"3 minutes"},"schema":{"@context":"https:\/\/schema.org","@graph":[{"@type":"WebPage","@id":"https:\/\/tupique.com\/product\/voile-dombrage-rectangulaire-shazail-innovagoods-2-x-3-m\/","url":"https:\/\/tupique.com\/product\/voile-dombrage-rectangulaire-shazail-innovagoods-2-x-3-m\/","name":"Voile d\u2019Ombrage Rectangulaire Shazail InnovaGoods 2 x 3 m | | Tupique","isPartOf":{"@id":"https:\/\/tupique.com\/#website"},"primaryImageOfPage":{"@id":"https:\/\/tupique.com\/product\/voile-dombrage-rectangulaire-shazail-innovagoods-2-x-3-m\/#primaryimage"},"image":{"@id":"https:\/\/tupique.com\/product\/voile-dombrage-rectangulaire-shazail-innovagoods-2-x-3-m\/#primaryimage"},"thumbnailUrl":"https:\/\/tupique.com\/wp-content\/uploads\/2026\/05\/V0103870_000_MKT2.jpg","datePublished":"2026-05-12T02:01:29+00:00","dateModified":"2026-05-12T02:10:10+00:00","description":"Envie d'acheter Voile d\u2019Ombrage Rectangulaire Shazail InnovaGoods 2 x 3 m\u00a0? Achetez Voile d\u2019Ombrage Rectangulaire Shazail InnovaGoods 2 x 3 m maintenant avec Tupique en 3 versements sans int\u00e9r\u00eat.","breadcrumb":{"@id":"https:\/\/tupique.com\/product\/voile-dombrage-rectangulaire-shazail-innovagoods-2-x-3-m\/#breadcrumb"},"inLanguage":"en-GB","potentialAction":[{"@type":"ReadAction","target":["https:\/\/tupique.com\/product\/voile-dombrage-rectangulaire-shazail-innovagoods-2-x-3-m\/"]}]},{"@type":"ImageObject","inLanguage":"en-GB","@id":"https:\/\/tupique.com\/product\/voile-dombrage-rectangulaire-shazail-innovagoods-2-x-3-m\/#primaryimage","url":"https:\/\/tupique.com\/wp-content\/uploads\/2026\/05\/V0103870_000_MKT2.jpg","contentUrl":"https:\/\/tupique.com\/wp-content\/uploads\/2026\/05\/V0103870_000_MKT2.jpg","width":1200,"height":1200,"caption":"V0103876_0"},{"@type":"BreadcrumbList","@id":"https:\/\/tupique.com\/product\/voile-dombrage-rectangulaire-shazail-innovagoods-2-x-3-m\/#breadcrumb","itemListElement":[{"@type":"ListItem","position":1,"name":"commencer","item":"https:\/\/tupique.com\/"},{"@type":"ListItem","position":2,"name":"Loja","item":"https:\/\/tupique.com\/pt\/loja\/"},{"@type":"ListItem","position":3,"name":"Voile d\u2019Ombrage Rectangulaire Shazail InnovaGoods 2 x 3 m"}]},{"@type":"WebSite","@id":"https:\/\/tupique.com\/#website","url":"https:\/\/tupique.com\/","name":"Tupique","description":"","publisher":{"@id":"https:\/\/tupique.com\/#organization"},"potentialAction":[{"@type":"SearchAction","target":{"@type":"EntryPoint","urlTemplate":"https:\/\/tupique.com\/?s={search_term_string}"},"query-input":{"@type":"PropertyValueSpecification","valueRequired":true,"valueName":"search_term_string"}}],"inLanguage":"en-GB"},{"@type":"Organization","@id":"https:\/\/tupique.com\/#organization","name":"Tupique","url":"https:\/\/tupique.com\/","logo":{"@type":"ImageObject","inLanguage":"en-GB","@id":"https:\/\/tupique.com\/#\/schema\/logo\/image\/","url":"https:\/\/tupique.com\/wp-content\/uploads\/2026\/03\/logo-tupique-1.webp","contentUrl":"https:\/\/tupique.com\/wp-content\/uploads\/2026\/03\/logo-tupique-1.webp","width":500,"height":67,"caption":"Tupique"},"image":{"@id":"https:\/\/tupique.com\/#\/schema\/logo\/image\/"}}]}},"_links":{"self":[{"href":"https:\/\/tupique.com\/en\/wp-json\/wp\/v2\/product\/193943","targetHints":{"allow":["GET"]}}],"collection":[{"href":"https:\/\/tupique.com\/en\/wp-json\/wp\/v2\/product"}],"about":[{"href":"https:\/\/tupique.com\/en\/wp-json\/wp\/v2\/types\/product"}],"replies":[{"embeddable":true,"href":"https:\/\/tupique.com\/en\/wp-json\/wp\/v2\/comments?post=193943"}],"wp:featuredmedia":[{"embeddable":true,"href":"https:\/\/tupique.com\/en\/wp-json\/wp\/v2\/media\/193929"}],"wp:attachment":[{"href":"https:\/\/tupique.com\/en\/wp-json\/wp\/v2\/media?parent=193943"}],"wp:term":[{"taxonomy":"product_brand","embeddable":true,"href":"https:\/\/tupique.com\/en\/wp-json\/wp\/v2\/product_brand?post=193943"},{"taxonomy":"product_cat","embeddable":true,"href":"https:\/\/tupique.com\/en\/wp-json\/wp\/v2\/product_cat?post=193943"},{"taxonomy":"product_tag","embeddable":true,"href":"https:\/\/tupique.com\/en\/wp-json\/wp\/v2\/product_tag?post=193943"},{"taxonomy":"woo-feed-brand","embeddable":true,"href":"https:\/\/tupique.com\/en\/wp-json\/wp\/v2\/woo-feed-brand?post=193943"}],"curies":[{"name":"wp","href":"https:\/\/api.w.org\/{rel}","templated":true}]}}