{"id":194015,"date":"2026-05-12T04:11:12","date_gmt":"2026-05-12T02:11:12","guid":{"rendered":"https:\/\/tupique.com\/product\/table-de-camping-pliable-en-tissu-avec-housse-cafolby-innovagoods\/"},"modified":"2026-05-12T04:11:12","modified_gmt":"2026-05-12T02:11:12","slug":"table-de-camping-pliable-en-tissu-avec-housse-cafolby-innovagoods","status":"publish","type":"product","link":"https:\/\/tupique.com\/en\/product\/table-de-camping-pliable-en-tissu-avec-housse-cafolby-innovagoods\/","title":{"rendered":"Table de Camping Pliable en Tissu avec Housse Cafolby InnovaGoods"},"content":{"rendered":"<div class=\"col-md-6\"><b>InnovaGoods<\/b> vous offre les meilleures nouveaut\u00e9s pour la maison, comme <b>Table de Camping Pliable en Tissu avec Housse Cafolby InnovaGoods <\/b> ! D\u00e9couvrez une vaste gamme de produits de qualit\u00e9 qui se d\u00e9marquent de par leur fonctionnalit\u00e9, leur efficacit\u00e9 et leur design innovant : \u00e9clairage, organisation, d\u00e9coration, climatisation, jardin, animaux domestiques, nettoyage, etc.<\/p>\n<p>Cette <b>table de camping pliable<\/b> est parfaite pour une utilisation en ext\u00e9rieur. Elle se d\u00e9plie et se plie facilement pour gagner de l\u2019espace en la rangeant. Elle poss\u00e8de 2 porte-gobelets en filet pour les boissons. Housse de transport incluse. Poids max. support\u00e9&nbsp;: 20&nbsp;kg.<\/p>\n<p>Une <b>table de camping pliable en tissu<\/b> tr\u00e8s l\u00e9g\u00e8re et r\u00e9sistante qui compte 2 sangles de tension r\u00e9glables et 4 pieds avec des supports anti-basculement pour une fixation et une stabilit\u00e9 maximale.<\/p>\n<ul>\n<li><b>Pliable, peu encombrante<\/b>&nbsp;: notre table de camping pliable compte un design moderne et pratique pour gagner de l\u2019espace en la rangeant, car elle se d\u00e9plie et se plie facilement en accord\u00e9on. Elle a \u00e9t\u00e9 fabriqu\u00e9e avec des mat\u00e9riaux de qualit\u00e9, avec une structure et des pieds en m\u00e9tal et une surface d\u2019appui en tissu rigide.<\/li>\n<li><b>2 porte-gobelets en filet<\/b>&nbsp;: cette table de pique-nique pliable compte 2 porte-gobelets en filet int\u00e9gr\u00e9s, tr\u00e8s utiles comme support de boissons, car ils permettent de les avoir \u00e0 port\u00e9e de main sans risquer de les renverser ou de les faire tomber. Ils peuvent \u00e9galement \u00eatre utilis\u00e9s pour contenir d\u2019autres petits objets.<\/li>\n<li><b>R\u00e9sistante, stable, s\u00fbre&nbsp;<\/b>: cette table de camping pliable poss\u00e8de 2 sangles r\u00e9glables en nylon qui permettent de tendre la table pour une utilisation plus confortable et adapt\u00e9e. Ses 4 pieds en fer poss\u00e8dent des patins antid\u00e9rapants avec des supports anti-basculement qui agissent comme des points d\u2019appui optimaux pour un maximum de soutien, de stabilit\u00e9 et de s\u00e9curit\u00e9. Peut soutenir jusqu\u2019\u00e0 20&nbsp;kg.<\/li>\n<li><b>Utilisation en ext\u00e9rieur, l\u00e9g\u00e8re et compacte<\/b>&nbsp;: notre table de camping polyvalente et portable est parfaite pour profiter du plein air en famille ou entre amis. Id\u00e9ale pour le camping, les pique-niques, les barbecues, le jardin, la plage, les festivals, les \u00e9v\u00e9nements, etc. Elle peut \u00e9galement \u00eatre utilis\u00e9e en int\u00e9rieur comme table annexe.&nbsp;<\/li>\n<li><b>Sac de transport, portable<\/b>&nbsp;: cette table de camping pliable en tissu inclut un sac de transport avec poign\u00e9e qui sert de housse de protection et qui permet de la ranger et de la transporter plus facilement et confortablement. Facile \u00e0 nettoyer avec un chiffon humide.<\/li>\n<\/ul>\n<ul>\n<li>Mat\u00e9riel:\n<ul>\n<li>Polyester<\/li>\n<li>Nylon<\/li>\n<li>Fer<\/li>\n<li>polypropyl\u00e8ne<\/li>\n<\/ul>\n<\/li>\n<li>Couleur:\n<ul>\n<li>Noir<\/li>\n<li>Vert<\/li>\n<\/ul>\n<\/li>\n<li>Type: Table de pique-nique<\/li>\n<li>Design moderne: Novateur et pratique<\/li>\n<li>Pliable: Gain de place<\/li>\n<li>Caract\u00e9ristiques: 2 porte-gobelet<\/li>\n<li>Sangles ajustables: Stabilit\u00e9 maximale<\/li>\n<li>Pieds antid\u00e9rapants: Fixation ferme<\/li>\n<li>Facile \u00e0 plier et \u00e0 d\u00e9plier: Utilisation pratique et simple<\/li>\n<li>Originale et portative: Plusieurs fonctionnalit\u00e9s et espaces<\/li>\n<li>L\u00e9ger et maniable: Facile \u00e0 transporter et \u00e0 ranger<\/li>\n<li>Inclut: Sac de transport<\/li>\n<li>Utilisation en ext\u00e9rieur: Id\u00e9al pour vos pique-niques, au camping, dans le jardin, \u00e0 la plage, etc.<\/li>\n<li>Poids Max. support\u00e9: 20 kg<\/li>\n<li>Dimensions approx. pli\u00e9: 12,5 x 64 x 12,5 cm<\/li>\n<li>Dimensions approx. (d\u00e9pli\u00e9): 48 x 48 x 48 cm<\/li>\n<\/ul>\n<p>Packaging et manuel en 24 langues: anglais, fran\u00e7ais, espagnol, allemand, italien, portugais, n\u00e9erlandais, polonais, hongrois, roumain, danois, su\u00e9dois, finnois, lituanien, norv\u00e9gien, slov\u00e8ne, grec, tch\u00e8que, bulgare, croate, slovaque, estonien, russe, letton.<\/p><\/div>\n<div class=\"col-md-6\">\n<div class=\"embed-responsive embed-responsive-16by9\"><iframe class=\"embed-responsive-item\" src=\"https:\/\/www.youtube.com\/embed\/33jZtE7XTvw\" frameborder=\"0\" allowfullscreen><\/iframe><\/div>\n<\/div>","protected":false},"excerpt":{"rendered":"<p>InnovaGoods vous offre les meilleures nouveaut\u00e9s pour la maison, comme Table de Camping Pliable en Tissu avec Housse Cafolby InnovaGoods ! D\u00e9couvrez une vaste gamme de produits de qualit\u00e9 qui se d\u00e9marquent de par leur fonctionnalit\u00e9, leur efficacit\u00e9 et leur design innovant : \u00e9clairage, organisation, d\u00e9coration, climatisation, jardin, animaux domestiques, nettoyage, etc. Cette table de [&hellip;]<\/p>\n","protected":false},"featured_media":194002,"comment_status":"open","ping_status":"closed","template":"","meta":[],"product_brand":[256],"product_cat":[1854,1853,759,239,577,974,1764,1216],"product_tag":[390,211,210],"woo-feed-brand":[],"class_list":{"0":"post-194015","1":"product","2":"type-product","3":"status-publish","4":"has-post-thumbnail","6":"product_brand-brandp_1281","7":"product_cat-accessoires-de-camping-et-de-montagne","8":"product_cat-camping-et-montagne","9":"product_cat-jardin-et-terrasse","10":"product_cat-maison-jardin","11":"product_cat-mobilier","12":"product_cat-mobilier-d-exterieur","13":"product_cat-sports-loisirs","14":"product_cat-tables-et-chaises","15":"product_tag-tag_8","16":"product_tag-tag_3","17":"product_tag-tag_25","19":"first","20":"instock","21":"taxable","22":"shipping-taxable","23":"purchasable","24":"product-type-simple"},"yoast_head":"<!-- This site is optimized with the Yoast SEO plugin v27.6 - https:\/\/yoast.com\/product\/yoast-seo-wordpress\/ -->\n<title>Table de Camping Pliable en Tissu avec Housse Cafolby InnovaGoods | | Tupique<\/title>\n<meta name=\"description\" content=\"Envie d&#039;acheter Table de Camping Pliable en Tissu avec Housse Cafolby InnovaGoods\u00a0? Achetez Table de Camping Pliable en Tissu avec Housse Cafolby InnovaGoods maintenant avec Tupique en 3 versements sans int\u00e9r\u00eat.\" \/>\n<meta name=\"robots\" content=\"index, follow, max-snippet:-1, max-image-preview:large, max-video-preview:-1\" \/>\n<link rel=\"canonical\" href=\"https:\/\/tupique.com\/en\/product\/table-de-camping-pliable-en-tissu-avec-housse-cafolby-innovagoods\/\" \/>\n<meta property=\"og:locale\" content=\"en_GB\" \/>\n<meta property=\"og:type\" content=\"article\" \/>\n<meta property=\"og:title\" content=\"Table de Camping Pliable en Tissu avec Housse Cafolby InnovaGoods | | Tupique\" \/>\n<meta property=\"og:description\" content=\"Envie d&#039;acheter Table de Camping Pliable en Tissu avec Housse Cafolby InnovaGoods\u00a0? Achetez Table de Camping Pliable en Tissu avec Housse Cafolby InnovaGoods maintenant avec Tupique en 3 versements sans int\u00e9r\u00eat.\" \/>\n<meta property=\"og:url\" content=\"https:\/\/tupique.com\/en\/product\/table-de-camping-pliable-en-tissu-avec-housse-cafolby-innovagoods\/\" \/>\n<meta property=\"og:site_name\" content=\"Tupique\" \/>\n<meta property=\"og:image\" content=\"https:\/\/tupique.com\/wp-content\/uploads\/2026\/05\/V0103889_000_MKT1.jpg\" \/>\n\t<meta property=\"og:image:width\" content=\"1200\" \/>\n\t<meta property=\"og:image:height\" content=\"1200\" \/>\n\t<meta property=\"og:image:type\" content=\"image\/jpeg\" \/>\n<meta name=\"twitter:card\" content=\"summary_large_image\" \/>\n<meta name=\"twitter:label1\" content=\"Est. reading time\" \/>\n\t<meta name=\"twitter:data1\" content=\"3 minutes\" \/>\n<script type=\"application\/ld+json\" class=\"yoast-schema-graph\">{\"@context\":\"https:\\\/\\\/schema.org\",\"@graph\":[{\"@type\":\"WebPage\",\"@id\":\"https:\\\/\\\/tupique.com\\\/product\\\/table-de-camping-pliable-en-tissu-avec-housse-cafolby-innovagoods\\\/\",\"url\":\"https:\\\/\\\/tupique.com\\\/product\\\/table-de-camping-pliable-en-tissu-avec-housse-cafolby-innovagoods\\\/\",\"name\":\"Table de Camping Pliable en Tissu avec Housse Cafolby InnovaGoods | | Tupique\",\"isPartOf\":{\"@id\":\"https:\\\/\\\/tupique.com\\\/#website\"},\"primaryImageOfPage\":{\"@id\":\"https:\\\/\\\/tupique.com\\\/product\\\/table-de-camping-pliable-en-tissu-avec-housse-cafolby-innovagoods\\\/#primaryimage\"},\"image\":{\"@id\":\"https:\\\/\\\/tupique.com\\\/product\\\/table-de-camping-pliable-en-tissu-avec-housse-cafolby-innovagoods\\\/#primaryimage\"},\"thumbnailUrl\":\"https:\\\/\\\/tupique.com\\\/wp-content\\\/uploads\\\/2026\\\/05\\\/V0103889_000_MKT1.jpg\",\"datePublished\":\"2026-05-12T02:11:12+00:00\",\"description\":\"Envie d'acheter Table de Camping Pliable en Tissu avec Housse Cafolby InnovaGoods\u00a0? Achetez Table de Camping Pliable en Tissu avec Housse Cafolby InnovaGoods maintenant avec Tupique en 3 versements sans int\u00e9r\u00eat.\",\"breadcrumb\":{\"@id\":\"https:\\\/\\\/tupique.com\\\/product\\\/table-de-camping-pliable-en-tissu-avec-housse-cafolby-innovagoods\\\/#breadcrumb\"},\"inLanguage\":\"en-GB\",\"potentialAction\":[{\"@type\":\"ReadAction\",\"target\":[\"https:\\\/\\\/tupique.com\\\/product\\\/table-de-camping-pliable-en-tissu-avec-housse-cafolby-innovagoods\\\/\"]}]},{\"@type\":\"ImageObject\",\"inLanguage\":\"en-GB\",\"@id\":\"https:\\\/\\\/tupique.com\\\/product\\\/table-de-camping-pliable-en-tissu-avec-housse-cafolby-innovagoods\\\/#primaryimage\",\"url\":\"https:\\\/\\\/tupique.com\\\/wp-content\\\/uploads\\\/2026\\\/05\\\/V0103889_000_MKT1.jpg\",\"contentUrl\":\"https:\\\/\\\/tupique.com\\\/wp-content\\\/uploads\\\/2026\\\/05\\\/V0103889_000_MKT1.jpg\",\"width\":1200,\"height\":1200,\"caption\":\"V0103889_0\"},{\"@type\":\"BreadcrumbList\",\"@id\":\"https:\\\/\\\/tupique.com\\\/product\\\/table-de-camping-pliable-en-tissu-avec-housse-cafolby-innovagoods\\\/#breadcrumb\",\"itemListElement\":[{\"@type\":\"ListItem\",\"position\":1,\"name\":\"commencer\",\"item\":\"https:\\\/\\\/tupique.com\\\/\"},{\"@type\":\"ListItem\",\"position\":2,\"name\":\"Loja\",\"item\":\"https:\\\/\\\/tupique.com\\\/pt\\\/loja\\\/\"},{\"@type\":\"ListItem\",\"position\":3,\"name\":\"Table de Camping Pliable en Tissu avec Housse Cafolby InnovaGoods\"}]},{\"@type\":\"WebSite\",\"@id\":\"https:\\\/\\\/tupique.com\\\/#website\",\"url\":\"https:\\\/\\\/tupique.com\\\/\",\"name\":\"Tupique\",\"description\":\"\",\"publisher\":{\"@id\":\"https:\\\/\\\/tupique.com\\\/#organization\"},\"potentialAction\":[{\"@type\":\"SearchAction\",\"target\":{\"@type\":\"EntryPoint\",\"urlTemplate\":\"https:\\\/\\\/tupique.com\\\/?s={search_term_string}\"},\"query-input\":{\"@type\":\"PropertyValueSpecification\",\"valueRequired\":true,\"valueName\":\"search_term_string\"}}],\"inLanguage\":\"en-GB\"},{\"@type\":\"Organization\",\"@id\":\"https:\\\/\\\/tupique.com\\\/#organization\",\"name\":\"Tupique\",\"url\":\"https:\\\/\\\/tupique.com\\\/\",\"logo\":{\"@type\":\"ImageObject\",\"inLanguage\":\"en-GB\",\"@id\":\"https:\\\/\\\/tupique.com\\\/#\\\/schema\\\/logo\\\/image\\\/\",\"url\":\"https:\\\/\\\/tupique.com\\\/wp-content\\\/uploads\\\/2026\\\/03\\\/logo-tupique-1.webp\",\"contentUrl\":\"https:\\\/\\\/tupique.com\\\/wp-content\\\/uploads\\\/2026\\\/03\\\/logo-tupique-1.webp\",\"width\":500,\"height\":67,\"caption\":\"Tupique\"},\"image\":{\"@id\":\"https:\\\/\\\/tupique.com\\\/#\\\/schema\\\/logo\\\/image\\\/\"}}]}<\/script>\n<!-- \/ Yoast SEO plugin. -->","yoast_head_json":{"title":"Table de Camping Pliable en Tissu avec Housse Cafolby InnovaGoods | | Tupique","description":"Envie d'acheter Table de Camping Pliable en Tissu avec Housse Cafolby InnovaGoods\u00a0? Achetez Table de Camping Pliable en Tissu avec Housse Cafolby InnovaGoods maintenant avec Tupique en 3 versements sans int\u00e9r\u00eat.","robots":{"index":"index","follow":"follow","max-snippet":"max-snippet:-1","max-image-preview":"max-image-preview:large","max-video-preview":"max-video-preview:-1"},"canonical":"https:\/\/tupique.com\/en\/product\/table-de-camping-pliable-en-tissu-avec-housse-cafolby-innovagoods\/","og_locale":"en_GB","og_type":"article","og_title":"Table de Camping Pliable en Tissu avec Housse Cafolby InnovaGoods | | Tupique","og_description":"Envie d'acheter Table de Camping Pliable en Tissu avec Housse Cafolby InnovaGoods\u00a0? Achetez Table de Camping Pliable en Tissu avec Housse Cafolby InnovaGoods maintenant avec Tupique en 3 versements sans int\u00e9r\u00eat.","og_url":"https:\/\/tupique.com\/en\/product\/table-de-camping-pliable-en-tissu-avec-housse-cafolby-innovagoods\/","og_site_name":"Tupique","og_image":[{"width":1200,"height":1200,"url":"https:\/\/tupique.com\/wp-content\/uploads\/2026\/05\/V0103889_000_MKT1.jpg","type":"image\/jpeg"}],"twitter_card":"summary_large_image","twitter_misc":{"Est. reading time":"3 minutes"},"schema":{"@context":"https:\/\/schema.org","@graph":[{"@type":"WebPage","@id":"https:\/\/tupique.com\/product\/table-de-camping-pliable-en-tissu-avec-housse-cafolby-innovagoods\/","url":"https:\/\/tupique.com\/product\/table-de-camping-pliable-en-tissu-avec-housse-cafolby-innovagoods\/","name":"Table de Camping Pliable en Tissu avec Housse Cafolby InnovaGoods | | Tupique","isPartOf":{"@id":"https:\/\/tupique.com\/#website"},"primaryImageOfPage":{"@id":"https:\/\/tupique.com\/product\/table-de-camping-pliable-en-tissu-avec-housse-cafolby-innovagoods\/#primaryimage"},"image":{"@id":"https:\/\/tupique.com\/product\/table-de-camping-pliable-en-tissu-avec-housse-cafolby-innovagoods\/#primaryimage"},"thumbnailUrl":"https:\/\/tupique.com\/wp-content\/uploads\/2026\/05\/V0103889_000_MKT1.jpg","datePublished":"2026-05-12T02:11:12+00:00","description":"Envie d'acheter Table de Camping Pliable en Tissu avec Housse Cafolby InnovaGoods\u00a0? Achetez Table de Camping Pliable en Tissu avec Housse Cafolby InnovaGoods maintenant avec Tupique en 3 versements sans int\u00e9r\u00eat.","breadcrumb":{"@id":"https:\/\/tupique.com\/product\/table-de-camping-pliable-en-tissu-avec-housse-cafolby-innovagoods\/#breadcrumb"},"inLanguage":"en-GB","potentialAction":[{"@type":"ReadAction","target":["https:\/\/tupique.com\/product\/table-de-camping-pliable-en-tissu-avec-housse-cafolby-innovagoods\/"]}]},{"@type":"ImageObject","inLanguage":"en-GB","@id":"https:\/\/tupique.com\/product\/table-de-camping-pliable-en-tissu-avec-housse-cafolby-innovagoods\/#primaryimage","url":"https:\/\/tupique.com\/wp-content\/uploads\/2026\/05\/V0103889_000_MKT1.jpg","contentUrl":"https:\/\/tupique.com\/wp-content\/uploads\/2026\/05\/V0103889_000_MKT1.jpg","width":1200,"height":1200,"caption":"V0103889_0"},{"@type":"BreadcrumbList","@id":"https:\/\/tupique.com\/product\/table-de-camping-pliable-en-tissu-avec-housse-cafolby-innovagoods\/#breadcrumb","itemListElement":[{"@type":"ListItem","position":1,"name":"commencer","item":"https:\/\/tupique.com\/"},{"@type":"ListItem","position":2,"name":"Loja","item":"https:\/\/tupique.com\/pt\/loja\/"},{"@type":"ListItem","position":3,"name":"Table de Camping Pliable en Tissu avec Housse Cafolby InnovaGoods"}]},{"@type":"WebSite","@id":"https:\/\/tupique.com\/#website","url":"https:\/\/tupique.com\/","name":"Tupique","description":"","publisher":{"@id":"https:\/\/tupique.com\/#organization"},"potentialAction":[{"@type":"SearchAction","target":{"@type":"EntryPoint","urlTemplate":"https:\/\/tupique.com\/?s={search_term_string}"},"query-input":{"@type":"PropertyValueSpecification","valueRequired":true,"valueName":"search_term_string"}}],"inLanguage":"en-GB"},{"@type":"Organization","@id":"https:\/\/tupique.com\/#organization","name":"Tupique","url":"https:\/\/tupique.com\/","logo":{"@type":"ImageObject","inLanguage":"en-GB","@id":"https:\/\/tupique.com\/#\/schema\/logo\/image\/","url":"https:\/\/tupique.com\/wp-content\/uploads\/2026\/03\/logo-tupique-1.webp","contentUrl":"https:\/\/tupique.com\/wp-content\/uploads\/2026\/03\/logo-tupique-1.webp","width":500,"height":67,"caption":"Tupique"},"image":{"@id":"https:\/\/tupique.com\/#\/schema\/logo\/image\/"}}]}},"_links":{"self":[{"href":"https:\/\/tupique.com\/en\/wp-json\/wp\/v2\/product\/194015","targetHints":{"allow":["GET"]}}],"collection":[{"href":"https:\/\/tupique.com\/en\/wp-json\/wp\/v2\/product"}],"about":[{"href":"https:\/\/tupique.com\/en\/wp-json\/wp\/v2\/types\/product"}],"replies":[{"embeddable":true,"href":"https:\/\/tupique.com\/en\/wp-json\/wp\/v2\/comments?post=194015"}],"wp:featuredmedia":[{"embeddable":true,"href":"https:\/\/tupique.com\/en\/wp-json\/wp\/v2\/media\/194002"}],"wp:attachment":[{"href":"https:\/\/tupique.com\/en\/wp-json\/wp\/v2\/media?parent=194015"}],"wp:term":[{"taxonomy":"product_brand","embeddable":true,"href":"https:\/\/tupique.com\/en\/wp-json\/wp\/v2\/product_brand?post=194015"},{"taxonomy":"product_cat","embeddable":true,"href":"https:\/\/tupique.com\/en\/wp-json\/wp\/v2\/product_cat?post=194015"},{"taxonomy":"product_tag","embeddable":true,"href":"https:\/\/tupique.com\/en\/wp-json\/wp\/v2\/product_tag?post=194015"},{"taxonomy":"woo-feed-brand","embeddable":true,"href":"https:\/\/tupique.com\/en\/wp-json\/wp\/v2\/woo-feed-brand?post=194015"}],"curies":[{"name":"wp","href":"https:\/\/api.w.org\/{rel}","templated":true}]}}