{"id":194497,"date":"2026-05-12T04:34:32","date_gmt":"2026-05-12T02:34:32","guid":{"rendered":"https:\/\/tupique.com\/product\/brosse-lissante-ceramique-cestrus-innovagoods\/"},"modified":"2026-05-12T04:34:32","modified_gmt":"2026-05-12T02:34:32","slug":"brosse-lissante-ceramique-cestrus-innovagoods","status":"publish","type":"product","link":"https:\/\/tupique.com\/en\/product\/brosse-lissante-ceramique-cestrus-innovagoods\/","title":{"rendered":"Brosse Lissante C\u00e9ramique Cestrus InnovaGoods"},"content":{"rendered":"<div class=\"col-md-6\"><b>InnovaGoods<\/b> vous facilite la t\u00e2che pour que votre soin personnel soit une priorit\u00e9 sans excuses. Il vous propose les meilleures nouveaut\u00e9s en mati\u00e8re de beaut\u00e9, de d\u00e9tente et de bien-\u00eatre ! <b>Brosse Lissante C\u00e9ramique Cestrus InnovaGoods <\/b> en est un bon exemple ! D\u00e9couvrez une vaste gamme de produits de qualit\u00e9 qui se d\u00e9marquent de par leur fonctionnalit\u00e9, leur efficacit\u00e9 et leur design innovant.<\/p>\n<p>Cette <b>brosse lissante c\u00e9ramique<\/b> moderne permet de r\u00e9aliser un lissage naturel des cheveux de fa\u00e7on rapide et facile et d\u2019obtenir un r\u00e9sultat professionnel. Elle dispose de 5&nbsp;niveaux de temp\u00e9rature, d\u2019un design ergonomique anti-br\u00fblure, d\u2019un c\u00e2ble rotatif \u00e0 360\u00b0 et d\u2019une puissance de 45&nbsp;W.<\/p>\n<p>Une <b>brosse \u00e9lectrique lissante<\/b> dot\u00e9e de la technologie PTC qui permet une chauffe rapide et efficace. Id\u00e9ale pour changer de look sans sortir de chez soi et arborer une nouvelle coiffure chaque jour.<\/p>\n<ul>\n<li><b>Ergonomique, anti-br\u00fblure&nbsp;:<\/b> Cette brosse lissante se distingue par son design moderne, s\u00fbr et ergonomique qui emp\u00eache le contact entre la source de chaleur et la peau afin d\u2019\u00e9viter les br\u00fblures. De plus, son c\u00e2ble rotatif \u00e0 360\u00b0 la rend facile \u00e0 manipuler.<\/li>\n<li><b>Rev\u00eatement en c\u00e9ramique&nbsp;:<\/b> Notre brosse \u00e9lectrique lissante convient \u00e0 tous les types de cheveux et peut \u00eatre utilis\u00e9e en toute tranquillit\u00e9, sans craindre d\u2019endommager les cheveux. Son rev\u00eatement en c\u00e9ramique offre une protection maximale \u00e0 vos cheveux, sans les emm\u00ealer ni les ab\u00eemer.<\/li>\n<li><b>5 niveaux de temp\u00e9rature&nbsp;:<\/b> Cette brosse c\u00e9ramique lissante dispose d\u2019un bouton on\/off et de boutons +\/- pour s\u00e9lectionner ses 5&nbsp;niveaux de temp\u00e9rature avec indicateurs LED&nbsp;: 130-150-160-170-180 \u00baC. Cela vous permet de choisir la temp\u00e9rature qui convient le mieux \u00e0 votre type de cheveux et au lissage souhait\u00e9.<\/li>\n<li><b>Technologie PTC, 45 W&nbsp;:<\/b> Notre brosse \u00e9lectrique c\u00e9ramique dispose d\u2019un syst\u00e8me de chauffe rapide et efficace gr\u00e2ce \u00e0 sa technologie avanc\u00e9e PTC qui contribue \u00e0 maintenir un niveau de temp\u00e9rature constant et de r\u00e9partir uniform\u00e9ment la chaleur pour un meilleur r\u00e9sultat sans ab\u00eemer les cheveux. Elle consomme \u00e9galement moins d\u2019\u00e9nergie, est plus s\u00fbre et durable.<\/li>\n<li><b>Lissage naturel, facile \u00e0 utiliser&nbsp;:<\/b> Cette brosse \u00e9lectrique lissante \u00e9limine l\u2019humidit\u00e9 et lisse les cheveux facilement tout en leur donnant un aspect naturel. Il suffit de brosser les cheveux de la racine aux pointes pour obtenir une finition lisse parfaite. Indispensable pour votre routine quotidienne et vos voyages pour arborer une coiffure professionnelle \u00e0 tout moment&nbsp;!<\/li>\n<\/ul>\n<ul>\n<li>Mat\u00e9riel: Polycarbonate<\/li>\n<li>Couleur:\n<ul>\n<li>Noir<\/li>\n<li>Fuchsia<\/li>\n<\/ul>\n<\/li>\n<li>Type: Brosse de Lissage<\/li>\n<li>Caract\u00e9ristiques: Rev\u00eatement c\u00e9ramique<\/li>\n<li>Ergonomique: Protection contre les br\u00fblures<\/li>\n<li>Technologie PTC: Chauffage rapide<\/li>\n<li>Temp\u00e9rature r\u00e9glable: Des t\u00e9moins LED de fonctionnement<\/li>\n<li>5 niveaux de temp\u00e9rature: 130-150-160-170-180 \u00baC<\/li>\n<li>Commande par boutons: on\/off \/\/ +\/-<\/li>\n<li>Utilisation recommand\u00e9e: Tous les types de cheveux<\/li>\n<li>il n\u00b4emm\u00eale pas et n\u00b4endommage pas les cheveux: Utilisation pratique, simple et s\u00fbre<\/li>\n<li>C\u00e2ble rotatif 360\u00ba: Rotation \u00e0 360\u00b0<\/li>\n<li>Longueur du c\u00e2ble: 150 cm<\/li>\n<li>Type de prise: C<\/li>\n<li>puissance: 45 W<\/li>\n<li>AC In: 220-240 V \/ 50 Hz<\/li>\n<li>Dimensions approx.: 27 x 4 x 4,2 cm<\/li>\n<\/ul>\n<p>Packaging et manuel en 24 langues: anglais, fran\u00e7ais, espagnol, allemand, italien, portugais, n\u00e9erlandais, polonais, hongrois, roumain, danois, su\u00e9dois, finnois, lituanien, norv\u00e9gien, slov\u00e8ne, grec, tch\u00e8que, bulgare, croate, slovaque, estonien, russe, letton.<\/p><\/div>\n<div class=\"col-md-6\">\n<div class=\"embed-responsive embed-responsive-16by9\"><iframe class=\"embed-responsive-item\" src=\"https:\/\/www.youtube.com\/embed\/ljmm_dX4kGY\" frameborder=\"0\" allowfullscreen><\/iframe><\/div>\n<\/div>","protected":false},"excerpt":{"rendered":"<p>InnovaGoods vous facilite la t\u00e2che pour que votre soin personnel soit une priorit\u00e9 sans excuses. Il vous propose les meilleures nouveaut\u00e9s en mati\u00e8re de beaut\u00e9, de d\u00e9tente et de bien-\u00eatre ! Brosse Lissante C\u00e9ramique Cestrus InnovaGoods en est un bon exemple ! D\u00e9couvrez une vaste gamme de produits de qualit\u00e9 qui se d\u00e9marquent de par [&hellip;]<\/p>\n","protected":false},"featured_media":194486,"comment_status":"open","ping_status":"closed","template":"","meta":[],"product_brand":[256],"product_cat":[63,550,1825,753,754,1145,752,1826,1796],"product_tag":[722,56],"woo-feed-brand":[],"class_list":{"0":"post-194497","1":"product","2":"type-product","3":"status-publish","4":"has-post-thumbnail","6":"product_brand-brandp_1281","7":"product_cat-cadeaux-originaux","8":"product_cat-cadeaux-pour-femme","9":"product_cat-cadeaux-pour-soins-personnels","10":"product_cat-coiffure","11":"product_cat-lisseurs-pour-cheveux","12":"product_cat-peignes-et-brosses","13":"product_cat-sante-beaute","14":"product_cat-teleachat-vu-a-la-television-sante-et-beaute-teleshop","15":"product_cat-teleachat-vu-a-la-television","16":"product_tag-tag_923","17":"product_tag-tag_930","19":"first","20":"instock","21":"taxable","22":"shipping-taxable","23":"purchasable","24":"product-type-simple"},"yoast_head":"<!-- This site is optimized with the Yoast SEO plugin v27.6 - https:\/\/yoast.com\/product\/yoast-seo-wordpress\/ -->\n<title>Brosse Lissante C\u00e9ramique Cestrus InnovaGoods | | Tupique<\/title>\n<meta name=\"description\" content=\"Envie d&#039;acheter Brosse Lissante C\u00e9ramique Cestrus InnovaGoods\u00a0? Achetez Brosse Lissante C\u00e9ramique Cestrus InnovaGoods maintenant avec Tupique en 3 versements sans int\u00e9r\u00eat.\" \/>\n<meta name=\"robots\" content=\"index, follow, max-snippet:-1, max-image-preview:large, max-video-preview:-1\" \/>\n<link rel=\"canonical\" href=\"https:\/\/tupique.com\/en\/product\/brosse-lissante-ceramique-cestrus-innovagoods\/\" \/>\n<meta property=\"og:locale\" content=\"en_GB\" \/>\n<meta property=\"og:type\" content=\"article\" \/>\n<meta property=\"og:title\" content=\"Brosse Lissante C\u00e9ramique Cestrus InnovaGoods | | Tupique\" \/>\n<meta property=\"og:description\" content=\"Envie d&#039;acheter Brosse Lissante C\u00e9ramique Cestrus InnovaGoods\u00a0? Achetez Brosse Lissante C\u00e9ramique Cestrus InnovaGoods maintenant avec Tupique en 3 versements sans int\u00e9r\u00eat.\" \/>\n<meta property=\"og:url\" content=\"https:\/\/tupique.com\/en\/product\/brosse-lissante-ceramique-cestrus-innovagoods\/\" \/>\n<meta property=\"og:site_name\" content=\"Tupique\" \/>\n<meta property=\"og:image\" content=\"https:\/\/tupique.com\/wp-content\/uploads\/2026\/05\/8435527819514_V0103416_000_MKT4.jpg\" \/>\n\t<meta property=\"og:image:width\" content=\"1200\" \/>\n\t<meta property=\"og:image:height\" content=\"1200\" \/>\n\t<meta property=\"og:image:type\" content=\"image\/jpeg\" \/>\n<meta name=\"twitter:card\" content=\"summary_large_image\" \/>\n<meta name=\"twitter:label1\" content=\"Est. reading time\" \/>\n\t<meta name=\"twitter:data1\" content=\"3 minutes\" \/>\n<script type=\"application\/ld+json\" class=\"yoast-schema-graph\">{\"@context\":\"https:\\\/\\\/schema.org\",\"@graph\":[{\"@type\":\"WebPage\",\"@id\":\"https:\\\/\\\/tupique.com\\\/product\\\/brosse-lissante-ceramique-cestrus-innovagoods\\\/\",\"url\":\"https:\\\/\\\/tupique.com\\\/product\\\/brosse-lissante-ceramique-cestrus-innovagoods\\\/\",\"name\":\"Brosse Lissante C\u00e9ramique Cestrus InnovaGoods | | Tupique\",\"isPartOf\":{\"@id\":\"https:\\\/\\\/tupique.com\\\/#website\"},\"primaryImageOfPage\":{\"@id\":\"https:\\\/\\\/tupique.com\\\/product\\\/brosse-lissante-ceramique-cestrus-innovagoods\\\/#primaryimage\"},\"image\":{\"@id\":\"https:\\\/\\\/tupique.com\\\/product\\\/brosse-lissante-ceramique-cestrus-innovagoods\\\/#primaryimage\"},\"thumbnailUrl\":\"https:\\\/\\\/tupique.com\\\/wp-content\\\/uploads\\\/2026\\\/05\\\/8435527819514_V0103416_000_MKT4.jpg\",\"datePublished\":\"2026-05-12T02:34:32+00:00\",\"description\":\"Envie d'acheter Brosse Lissante C\u00e9ramique Cestrus InnovaGoods\u00a0? Achetez Brosse Lissante C\u00e9ramique Cestrus InnovaGoods maintenant avec Tupique en 3 versements sans int\u00e9r\u00eat.\",\"breadcrumb\":{\"@id\":\"https:\\\/\\\/tupique.com\\\/product\\\/brosse-lissante-ceramique-cestrus-innovagoods\\\/#breadcrumb\"},\"inLanguage\":\"en-GB\",\"potentialAction\":[{\"@type\":\"ReadAction\",\"target\":[\"https:\\\/\\\/tupique.com\\\/product\\\/brosse-lissante-ceramique-cestrus-innovagoods\\\/\"]}]},{\"@type\":\"ImageObject\",\"inLanguage\":\"en-GB\",\"@id\":\"https:\\\/\\\/tupique.com\\\/product\\\/brosse-lissante-ceramique-cestrus-innovagoods\\\/#primaryimage\",\"url\":\"https:\\\/\\\/tupique.com\\\/wp-content\\\/uploads\\\/2026\\\/05\\\/8435527819514_V0103416_000_MKT4.jpg\",\"contentUrl\":\"https:\\\/\\\/tupique.com\\\/wp-content\\\/uploads\\\/2026\\\/05\\\/8435527819514_V0103416_000_MKT4.jpg\",\"width\":1200,\"height\":1200,\"caption\":\"V0103416_0\"},{\"@type\":\"BreadcrumbList\",\"@id\":\"https:\\\/\\\/tupique.com\\\/product\\\/brosse-lissante-ceramique-cestrus-innovagoods\\\/#breadcrumb\",\"itemListElement\":[{\"@type\":\"ListItem\",\"position\":1,\"name\":\"commencer\",\"item\":\"https:\\\/\\\/tupique.com\\\/\"},{\"@type\":\"ListItem\",\"position\":2,\"name\":\"Loja\",\"item\":\"https:\\\/\\\/tupique.com\\\/pt\\\/loja\\\/\"},{\"@type\":\"ListItem\",\"position\":3,\"name\":\"Brosse Lissante C\u00e9ramique Cestrus InnovaGoods\"}]},{\"@type\":\"WebSite\",\"@id\":\"https:\\\/\\\/tupique.com\\\/#website\",\"url\":\"https:\\\/\\\/tupique.com\\\/\",\"name\":\"Tupique\",\"description\":\"\",\"publisher\":{\"@id\":\"https:\\\/\\\/tupique.com\\\/#organization\"},\"potentialAction\":[{\"@type\":\"SearchAction\",\"target\":{\"@type\":\"EntryPoint\",\"urlTemplate\":\"https:\\\/\\\/tupique.com\\\/?s={search_term_string}\"},\"query-input\":{\"@type\":\"PropertyValueSpecification\",\"valueRequired\":true,\"valueName\":\"search_term_string\"}}],\"inLanguage\":\"en-GB\"},{\"@type\":\"Organization\",\"@id\":\"https:\\\/\\\/tupique.com\\\/#organization\",\"name\":\"Tupique\",\"url\":\"https:\\\/\\\/tupique.com\\\/\",\"logo\":{\"@type\":\"ImageObject\",\"inLanguage\":\"en-GB\",\"@id\":\"https:\\\/\\\/tupique.com\\\/#\\\/schema\\\/logo\\\/image\\\/\",\"url\":\"https:\\\/\\\/tupique.com\\\/wp-content\\\/uploads\\\/2026\\\/03\\\/logo-tupique-1.webp\",\"contentUrl\":\"https:\\\/\\\/tupique.com\\\/wp-content\\\/uploads\\\/2026\\\/03\\\/logo-tupique-1.webp\",\"width\":500,\"height\":67,\"caption\":\"Tupique\"},\"image\":{\"@id\":\"https:\\\/\\\/tupique.com\\\/#\\\/schema\\\/logo\\\/image\\\/\"}}]}<\/script>\n<!-- \/ Yoast SEO plugin. -->","yoast_head_json":{"title":"Brosse Lissante C\u00e9ramique Cestrus InnovaGoods | | Tupique","description":"Envie d'acheter Brosse Lissante C\u00e9ramique Cestrus InnovaGoods\u00a0? Achetez Brosse Lissante C\u00e9ramique Cestrus InnovaGoods maintenant avec Tupique en 3 versements sans int\u00e9r\u00eat.","robots":{"index":"index","follow":"follow","max-snippet":"max-snippet:-1","max-image-preview":"max-image-preview:large","max-video-preview":"max-video-preview:-1"},"canonical":"https:\/\/tupique.com\/en\/product\/brosse-lissante-ceramique-cestrus-innovagoods\/","og_locale":"en_GB","og_type":"article","og_title":"Brosse Lissante C\u00e9ramique Cestrus InnovaGoods | | Tupique","og_description":"Envie d'acheter Brosse Lissante C\u00e9ramique Cestrus InnovaGoods\u00a0? Achetez Brosse Lissante C\u00e9ramique Cestrus InnovaGoods maintenant avec Tupique en 3 versements sans int\u00e9r\u00eat.","og_url":"https:\/\/tupique.com\/en\/product\/brosse-lissante-ceramique-cestrus-innovagoods\/","og_site_name":"Tupique","og_image":[{"width":1200,"height":1200,"url":"https:\/\/tupique.com\/wp-content\/uploads\/2026\/05\/8435527819514_V0103416_000_MKT4.jpg","type":"image\/jpeg"}],"twitter_card":"summary_large_image","twitter_misc":{"Est. reading time":"3 minutes"},"schema":{"@context":"https:\/\/schema.org","@graph":[{"@type":"WebPage","@id":"https:\/\/tupique.com\/product\/brosse-lissante-ceramique-cestrus-innovagoods\/","url":"https:\/\/tupique.com\/product\/brosse-lissante-ceramique-cestrus-innovagoods\/","name":"Brosse Lissante C\u00e9ramique Cestrus InnovaGoods | | Tupique","isPartOf":{"@id":"https:\/\/tupique.com\/#website"},"primaryImageOfPage":{"@id":"https:\/\/tupique.com\/product\/brosse-lissante-ceramique-cestrus-innovagoods\/#primaryimage"},"image":{"@id":"https:\/\/tupique.com\/product\/brosse-lissante-ceramique-cestrus-innovagoods\/#primaryimage"},"thumbnailUrl":"https:\/\/tupique.com\/wp-content\/uploads\/2026\/05\/8435527819514_V0103416_000_MKT4.jpg","datePublished":"2026-05-12T02:34:32+00:00","description":"Envie d'acheter Brosse Lissante C\u00e9ramique Cestrus InnovaGoods\u00a0? Achetez Brosse Lissante C\u00e9ramique Cestrus InnovaGoods maintenant avec Tupique en 3 versements sans int\u00e9r\u00eat.","breadcrumb":{"@id":"https:\/\/tupique.com\/product\/brosse-lissante-ceramique-cestrus-innovagoods\/#breadcrumb"},"inLanguage":"en-GB","potentialAction":[{"@type":"ReadAction","target":["https:\/\/tupique.com\/product\/brosse-lissante-ceramique-cestrus-innovagoods\/"]}]},{"@type":"ImageObject","inLanguage":"en-GB","@id":"https:\/\/tupique.com\/product\/brosse-lissante-ceramique-cestrus-innovagoods\/#primaryimage","url":"https:\/\/tupique.com\/wp-content\/uploads\/2026\/05\/8435527819514_V0103416_000_MKT4.jpg","contentUrl":"https:\/\/tupique.com\/wp-content\/uploads\/2026\/05\/8435527819514_V0103416_000_MKT4.jpg","width":1200,"height":1200,"caption":"V0103416_0"},{"@type":"BreadcrumbList","@id":"https:\/\/tupique.com\/product\/brosse-lissante-ceramique-cestrus-innovagoods\/#breadcrumb","itemListElement":[{"@type":"ListItem","position":1,"name":"commencer","item":"https:\/\/tupique.com\/"},{"@type":"ListItem","position":2,"name":"Loja","item":"https:\/\/tupique.com\/pt\/loja\/"},{"@type":"ListItem","position":3,"name":"Brosse Lissante C\u00e9ramique Cestrus InnovaGoods"}]},{"@type":"WebSite","@id":"https:\/\/tupique.com\/#website","url":"https:\/\/tupique.com\/","name":"Tupique","description":"","publisher":{"@id":"https:\/\/tupique.com\/#organization"},"potentialAction":[{"@type":"SearchAction","target":{"@type":"EntryPoint","urlTemplate":"https:\/\/tupique.com\/?s={search_term_string}"},"query-input":{"@type":"PropertyValueSpecification","valueRequired":true,"valueName":"search_term_string"}}],"inLanguage":"en-GB"},{"@type":"Organization","@id":"https:\/\/tupique.com\/#organization","name":"Tupique","url":"https:\/\/tupique.com\/","logo":{"@type":"ImageObject","inLanguage":"en-GB","@id":"https:\/\/tupique.com\/#\/schema\/logo\/image\/","url":"https:\/\/tupique.com\/wp-content\/uploads\/2026\/03\/logo-tupique-1.webp","contentUrl":"https:\/\/tupique.com\/wp-content\/uploads\/2026\/03\/logo-tupique-1.webp","width":500,"height":67,"caption":"Tupique"},"image":{"@id":"https:\/\/tupique.com\/#\/schema\/logo\/image\/"}}]}},"_links":{"self":[{"href":"https:\/\/tupique.com\/en\/wp-json\/wp\/v2\/product\/194497","targetHints":{"allow":["GET"]}}],"collection":[{"href":"https:\/\/tupique.com\/en\/wp-json\/wp\/v2\/product"}],"about":[{"href":"https:\/\/tupique.com\/en\/wp-json\/wp\/v2\/types\/product"}],"replies":[{"embeddable":true,"href":"https:\/\/tupique.com\/en\/wp-json\/wp\/v2\/comments?post=194497"}],"wp:featuredmedia":[{"embeddable":true,"href":"https:\/\/tupique.com\/en\/wp-json\/wp\/v2\/media\/194486"}],"wp:attachment":[{"href":"https:\/\/tupique.com\/en\/wp-json\/wp\/v2\/media?parent=194497"}],"wp:term":[{"taxonomy":"product_brand","embeddable":true,"href":"https:\/\/tupique.com\/en\/wp-json\/wp\/v2\/product_brand?post=194497"},{"taxonomy":"product_cat","embeddable":true,"href":"https:\/\/tupique.com\/en\/wp-json\/wp\/v2\/product_cat?post=194497"},{"taxonomy":"product_tag","embeddable":true,"href":"https:\/\/tupique.com\/en\/wp-json\/wp\/v2\/product_tag?post=194497"},{"taxonomy":"woo-feed-brand","embeddable":true,"href":"https:\/\/tupique.com\/en\/wp-json\/wp\/v2\/woo-feed-brand?post=194497"}],"curies":[{"name":"wp","href":"https:\/\/api.w.org\/{rel}","templated":true}]}}