{"id":194897,"date":"2026-05-12T05:08:51","date_gmt":"2026-05-12T03:08:51","guid":{"rendered":"https:\/\/tupique.com\/product\/bestway-piscine-gonflable-enfant-3-anneaux-sol-rembourre-102x25-cm-2-ans-jardin-51104\/"},"modified":"2026-05-12T05:08:51","modified_gmt":"2026-05-12T03:08:51","slug":"bestway-piscine-gonflable-enfant-3-anneaux-sol-rembourre-102x25-cm-2-ans-jardin-51104","status":"publish","type":"product","link":"https:\/\/tupique.com\/en\/product\/bestway-piscine-gonflable-enfant-3-anneaux-sol-rembourre-102x25-cm-2-ans-jardin-51104\/","title":{"rendered":"Bestway Piscine Gonflable Enfant 3 Anneaux Sol Rembourr\u00e9 102&#215;25 cm +2 ans Jardin 51104"},"content":{"rendered":"<p>L&#8217;amusement est assur\u00e9 pour l&#8217;\u00e9t\u00e9, avec ces propositions qui plairont aux petits et aux grands ! Achetez <b>Pataugeoire gonflable pour enfants Bestway 211 L 102 x 25 cm<\/b> et profitez de votre temps libre !<\/p>\n<ul>\n<li>Mat\u00e9riel:\n<ul>\n<li>Autocollants<\/li>\n<li>Plastique<\/li>\n<li>Polyur\u00e9thane<\/li>\n<\/ul>\n<\/li>\n<li>Couleur:\n<ul>\n<li>Jaune<\/li>\n<li>Bleu<\/li>\n<li>Vert<\/li>\n<li>Rose<\/li>\n<li>Multicouleur<\/li>\n<\/ul>\n<\/li>\n<li>Recommended age:\n<ul>\n<li>+ 2 Ans<\/li>\n<li>+ 3 ans<\/li>\n<\/ul>\n<\/li>\n<li>Dimensions approx.: 102 x 25 cm<\/li>\n<li>Type: Pataugeoire gonflable pour enfants<\/li>\n<li>Features:\n<ul>\n<li>Ext\u00e9rieur<\/li>\n<li>Nettoyage par chiffon humide<\/li>\n<\/ul>\n<\/li>\n<li>Recommended use:\n<ul>\n<li>Plage<\/li>\n<li>Jardin<\/li>\n<li>Camping<\/li>\n<\/ul>\n<\/li>\n<li>Forme: Rond<\/li>\n<li>Langue:\n<ul>\n<li>ES-EN-FR-IT-DE<\/li>\n<li>Franc\u00e9s, Ingl\u00e9s, Alem\u00e1n, Italiano<\/li>\n<\/ul>\n<\/li>\n<\/ul>","protected":false},"excerpt":{"rendered":"<p><span class=\"unit-info\">0.1866 &euro; \/ 1 l<\/span><\/p>","protected":false},"featured_media":194893,"comment_status":"open","ping_status":"closed","template":"","meta":[],"product_brand":[1771],"product_cat":[2272,1769,1764],"product_tag":[2247,57,721,211],"woo-feed-brand":[],"class_list":{"0":"post-194897","1":"product","2":"type-product","3":"status-publish","4":"has-post-thumbnail","6":"product_brand-brandp_520","7":"product_cat-piscines","8":"product_cat-plage-et-piscine","9":"product_cat-sports-loisirs","10":"product_tag-tag_32","11":"product_tag-tag_1275","12":"product_tag-tag_124","13":"product_tag-tag_3","15":"first","16":"instock","17":"taxable","18":"shipping-taxable","19":"purchasable","20":"product-type-simple"},"yoast_head":"<!-- This site is optimized with the Yoast SEO plugin v27.6 - https:\/\/yoast.com\/product\/yoast-seo-wordpress\/ -->\n<title>Bestway Piscine Gonflable Enfant 3 Anneaux Sol Rembourr\u00e9 102x25 cm +2 ans Jardin 51104 | | Tupique<\/title>\n<meta name=\"description\" content=\"Envie d&#039;acheter Bestway Piscine Gonflable Enfant 3 Anneaux Sol Rembourr\u00e9 102x25 cm +2 ans Jardin 51104\u00a0? Achetez Bestway Piscine Gonflable Enfant 3 Anneaux Sol Rembourr\u00e9 102x25 cm +2 ans Jardin 51104 maintenant avec Tupique en 3 versements sans int\u00e9r\u00eat.\" \/>\n<meta name=\"robots\" content=\"index, follow, max-snippet:-1, max-image-preview:large, max-video-preview:-1\" \/>\n<link rel=\"canonical\" href=\"https:\/\/tupique.com\/en\/product\/bestway-piscine-gonflable-enfant-3-anneaux-sol-rembourre-102x25-cm-2-ans-jardin-51104\/\" \/>\n<meta property=\"og:locale\" content=\"en_GB\" \/>\n<meta property=\"og:type\" content=\"article\" \/>\n<meta property=\"og:title\" content=\"Bestway Piscine Gonflable Enfant 3 Anneaux Sol Rembourr\u00e9 102x25 cm +2 ans Jardin 51104 | | Tupique\" \/>\n<meta property=\"og:description\" content=\"Envie d&#039;acheter Bestway Piscine Gonflable Enfant 3 Anneaux Sol Rembourr\u00e9 102x25 cm +2 ans Jardin 51104\u00a0? Achetez Bestway Piscine Gonflable Enfant 3 Anneaux Sol Rembourr\u00e9 102x25 cm +2 ans Jardin 51104 maintenant avec Tupique en 3 versements sans int\u00e9r\u00eat.\" \/>\n<meta property=\"og:url\" content=\"https:\/\/tupique.com\/en\/product\/bestway-piscine-gonflable-enfant-3-anneaux-sol-rembourre-102x25-cm-2-ans-jardin-51104\/\" \/>\n<meta property=\"og:site_name\" content=\"Tupique\" \/>\n<meta property=\"og:image\" content=\"https:\/\/tupique.com\/wp-content\/uploads\/2026\/05\/6942138915815_7_I01.jpg\" \/>\n\t<meta property=\"og:image:width\" content=\"1200\" \/>\n\t<meta property=\"og:image:height\" content=\"1200\" \/>\n\t<meta property=\"og:image:type\" content=\"image\/jpeg\" \/>\n<meta name=\"twitter:card\" content=\"summary_large_image\" \/>\n<script type=\"application\/ld+json\" class=\"yoast-schema-graph\">{\"@context\":\"https:\\\/\\\/schema.org\",\"@graph\":[{\"@type\":\"WebPage\",\"@id\":\"https:\\\/\\\/tupique.com\\\/product\\\/bestway-piscine-gonflable-enfant-3-anneaux-sol-rembourre-102x25-cm-2-ans-jardin-51104\\\/\",\"url\":\"https:\\\/\\\/tupique.com\\\/product\\\/bestway-piscine-gonflable-enfant-3-anneaux-sol-rembourre-102x25-cm-2-ans-jardin-51104\\\/\",\"name\":\"Bestway Piscine Gonflable Enfant 3 Anneaux Sol Rembourr\u00e9 102x25 cm +2 ans Jardin 51104 | | Tupique\",\"isPartOf\":{\"@id\":\"https:\\\/\\\/tupique.com\\\/#website\"},\"primaryImageOfPage\":{\"@id\":\"https:\\\/\\\/tupique.com\\\/product\\\/bestway-piscine-gonflable-enfant-3-anneaux-sol-rembourre-102x25-cm-2-ans-jardin-51104\\\/#primaryimage\"},\"image\":{\"@id\":\"https:\\\/\\\/tupique.com\\\/product\\\/bestway-piscine-gonflable-enfant-3-anneaux-sol-rembourre-102x25-cm-2-ans-jardin-51104\\\/#primaryimage\"},\"thumbnailUrl\":\"https:\\\/\\\/tupique.com\\\/wp-content\\\/uploads\\\/2026\\\/05\\\/6942138915815_7_I01.jpg\",\"datePublished\":\"2026-05-12T03:08:51+00:00\",\"description\":\"Envie d'acheter Bestway Piscine Gonflable Enfant 3 Anneaux Sol Rembourr\u00e9 102x25 cm +2 ans Jardin 51104\u00a0? Achetez Bestway Piscine Gonflable Enfant 3 Anneaux Sol Rembourr\u00e9 102x25 cm +2 ans Jardin 51104 maintenant avec Tupique en 3 versements sans int\u00e9r\u00eat.\",\"breadcrumb\":{\"@id\":\"https:\\\/\\\/tupique.com\\\/product\\\/bestway-piscine-gonflable-enfant-3-anneaux-sol-rembourre-102x25-cm-2-ans-jardin-51104\\\/#breadcrumb\"},\"inLanguage\":\"en-GB\",\"potentialAction\":[{\"@type\":\"ReadAction\",\"target\":[\"https:\\\/\\\/tupique.com\\\/product\\\/bestway-piscine-gonflable-enfant-3-anneaux-sol-rembourre-102x25-cm-2-ans-jardin-51104\\\/\"]}]},{\"@type\":\"ImageObject\",\"inLanguage\":\"en-GB\",\"@id\":\"https:\\\/\\\/tupique.com\\\/product\\\/bestway-piscine-gonflable-enfant-3-anneaux-sol-rembourre-102x25-cm-2-ans-jardin-51104\\\/#primaryimage\",\"url\":\"https:\\\/\\\/tupique.com\\\/wp-content\\\/uploads\\\/2026\\\/05\\\/6942138915815_7_I01.jpg\",\"contentUrl\":\"https:\\\/\\\/tupique.com\\\/wp-content\\\/uploads\\\/2026\\\/05\\\/6942138915815_7_I01.jpg\",\"width\":1200,\"height\":1200,\"caption\":\"D1400334_0\"},{\"@type\":\"BreadcrumbList\",\"@id\":\"https:\\\/\\\/tupique.com\\\/product\\\/bestway-piscine-gonflable-enfant-3-anneaux-sol-rembourre-102x25-cm-2-ans-jardin-51104\\\/#breadcrumb\",\"itemListElement\":[{\"@type\":\"ListItem\",\"position\":1,\"name\":\"commencer\",\"item\":\"https:\\\/\\\/tupique.com\\\/\"},{\"@type\":\"ListItem\",\"position\":2,\"name\":\"Loja\",\"item\":\"https:\\\/\\\/tupique.com\\\/pt\\\/loja\\\/\"},{\"@type\":\"ListItem\",\"position\":3,\"name\":\"Bestway Piscine Gonflable Enfant 3 Anneaux Sol Rembourr\u00e9 102&#215;25 cm +2 ans Jardin 51104\"}]},{\"@type\":\"WebSite\",\"@id\":\"https:\\\/\\\/tupique.com\\\/#website\",\"url\":\"https:\\\/\\\/tupique.com\\\/\",\"name\":\"Tupique\",\"description\":\"\",\"publisher\":{\"@id\":\"https:\\\/\\\/tupique.com\\\/#organization\"},\"potentialAction\":[{\"@type\":\"SearchAction\",\"target\":{\"@type\":\"EntryPoint\",\"urlTemplate\":\"https:\\\/\\\/tupique.com\\\/?s={search_term_string}\"},\"query-input\":{\"@type\":\"PropertyValueSpecification\",\"valueRequired\":true,\"valueName\":\"search_term_string\"}}],\"inLanguage\":\"en-GB\"},{\"@type\":\"Organization\",\"@id\":\"https:\\\/\\\/tupique.com\\\/#organization\",\"name\":\"Tupique\",\"url\":\"https:\\\/\\\/tupique.com\\\/\",\"logo\":{\"@type\":\"ImageObject\",\"inLanguage\":\"en-GB\",\"@id\":\"https:\\\/\\\/tupique.com\\\/#\\\/schema\\\/logo\\\/image\\\/\",\"url\":\"https:\\\/\\\/tupique.com\\\/wp-content\\\/uploads\\\/2026\\\/03\\\/logo-tupique-1.webp\",\"contentUrl\":\"https:\\\/\\\/tupique.com\\\/wp-content\\\/uploads\\\/2026\\\/03\\\/logo-tupique-1.webp\",\"width\":500,\"height\":67,\"caption\":\"Tupique\"},\"image\":{\"@id\":\"https:\\\/\\\/tupique.com\\\/#\\\/schema\\\/logo\\\/image\\\/\"}}]}<\/script>\n<!-- \/ Yoast SEO plugin. -->","yoast_head_json":{"title":"Bestway Piscine Gonflable Enfant 3 Anneaux Sol Rembourr\u00e9 102x25 cm +2 ans Jardin 51104 | | Tupique","description":"Envie d'acheter Bestway Piscine Gonflable Enfant 3 Anneaux Sol Rembourr\u00e9 102x25 cm +2 ans Jardin 51104\u00a0? Achetez Bestway Piscine Gonflable Enfant 3 Anneaux Sol Rembourr\u00e9 102x25 cm +2 ans Jardin 51104 maintenant avec Tupique en 3 versements sans int\u00e9r\u00eat.","robots":{"index":"index","follow":"follow","max-snippet":"max-snippet:-1","max-image-preview":"max-image-preview:large","max-video-preview":"max-video-preview:-1"},"canonical":"https:\/\/tupique.com\/en\/product\/bestway-piscine-gonflable-enfant-3-anneaux-sol-rembourre-102x25-cm-2-ans-jardin-51104\/","og_locale":"en_GB","og_type":"article","og_title":"Bestway Piscine Gonflable Enfant 3 Anneaux Sol Rembourr\u00e9 102x25 cm +2 ans Jardin 51104 | | Tupique","og_description":"Envie d'acheter Bestway Piscine Gonflable Enfant 3 Anneaux Sol Rembourr\u00e9 102x25 cm +2 ans Jardin 51104\u00a0? Achetez Bestway Piscine Gonflable Enfant 3 Anneaux Sol Rembourr\u00e9 102x25 cm +2 ans Jardin 51104 maintenant avec Tupique en 3 versements sans int\u00e9r\u00eat.","og_url":"https:\/\/tupique.com\/en\/product\/bestway-piscine-gonflable-enfant-3-anneaux-sol-rembourre-102x25-cm-2-ans-jardin-51104\/","og_site_name":"Tupique","og_image":[{"width":1200,"height":1200,"url":"https:\/\/tupique.com\/wp-content\/uploads\/2026\/05\/6942138915815_7_I01.jpg","type":"image\/jpeg"}],"twitter_card":"summary_large_image","schema":{"@context":"https:\/\/schema.org","@graph":[{"@type":"WebPage","@id":"https:\/\/tupique.com\/product\/bestway-piscine-gonflable-enfant-3-anneaux-sol-rembourre-102x25-cm-2-ans-jardin-51104\/","url":"https:\/\/tupique.com\/product\/bestway-piscine-gonflable-enfant-3-anneaux-sol-rembourre-102x25-cm-2-ans-jardin-51104\/","name":"Bestway Piscine Gonflable Enfant 3 Anneaux Sol Rembourr\u00e9 102x25 cm +2 ans Jardin 51104 | | Tupique","isPartOf":{"@id":"https:\/\/tupique.com\/#website"},"primaryImageOfPage":{"@id":"https:\/\/tupique.com\/product\/bestway-piscine-gonflable-enfant-3-anneaux-sol-rembourre-102x25-cm-2-ans-jardin-51104\/#primaryimage"},"image":{"@id":"https:\/\/tupique.com\/product\/bestway-piscine-gonflable-enfant-3-anneaux-sol-rembourre-102x25-cm-2-ans-jardin-51104\/#primaryimage"},"thumbnailUrl":"https:\/\/tupique.com\/wp-content\/uploads\/2026\/05\/6942138915815_7_I01.jpg","datePublished":"2026-05-12T03:08:51+00:00","description":"Envie d'acheter Bestway Piscine Gonflable Enfant 3 Anneaux Sol Rembourr\u00e9 102x25 cm +2 ans Jardin 51104\u00a0? Achetez Bestway Piscine Gonflable Enfant 3 Anneaux Sol Rembourr\u00e9 102x25 cm +2 ans Jardin 51104 maintenant avec Tupique en 3 versements sans int\u00e9r\u00eat.","breadcrumb":{"@id":"https:\/\/tupique.com\/product\/bestway-piscine-gonflable-enfant-3-anneaux-sol-rembourre-102x25-cm-2-ans-jardin-51104\/#breadcrumb"},"inLanguage":"en-GB","potentialAction":[{"@type":"ReadAction","target":["https:\/\/tupique.com\/product\/bestway-piscine-gonflable-enfant-3-anneaux-sol-rembourre-102x25-cm-2-ans-jardin-51104\/"]}]},{"@type":"ImageObject","inLanguage":"en-GB","@id":"https:\/\/tupique.com\/product\/bestway-piscine-gonflable-enfant-3-anneaux-sol-rembourre-102x25-cm-2-ans-jardin-51104\/#primaryimage","url":"https:\/\/tupique.com\/wp-content\/uploads\/2026\/05\/6942138915815_7_I01.jpg","contentUrl":"https:\/\/tupique.com\/wp-content\/uploads\/2026\/05\/6942138915815_7_I01.jpg","width":1200,"height":1200,"caption":"D1400334_0"},{"@type":"BreadcrumbList","@id":"https:\/\/tupique.com\/product\/bestway-piscine-gonflable-enfant-3-anneaux-sol-rembourre-102x25-cm-2-ans-jardin-51104\/#breadcrumb","itemListElement":[{"@type":"ListItem","position":1,"name":"commencer","item":"https:\/\/tupique.com\/"},{"@type":"ListItem","position":2,"name":"Loja","item":"https:\/\/tupique.com\/pt\/loja\/"},{"@type":"ListItem","position":3,"name":"Bestway Piscine Gonflable Enfant 3 Anneaux Sol Rembourr\u00e9 102&#215;25 cm +2 ans Jardin 51104"}]},{"@type":"WebSite","@id":"https:\/\/tupique.com\/#website","url":"https:\/\/tupique.com\/","name":"Tupique","description":"","publisher":{"@id":"https:\/\/tupique.com\/#organization"},"potentialAction":[{"@type":"SearchAction","target":{"@type":"EntryPoint","urlTemplate":"https:\/\/tupique.com\/?s={search_term_string}"},"query-input":{"@type":"PropertyValueSpecification","valueRequired":true,"valueName":"search_term_string"}}],"inLanguage":"en-GB"},{"@type":"Organization","@id":"https:\/\/tupique.com\/#organization","name":"Tupique","url":"https:\/\/tupique.com\/","logo":{"@type":"ImageObject","inLanguage":"en-GB","@id":"https:\/\/tupique.com\/#\/schema\/logo\/image\/","url":"https:\/\/tupique.com\/wp-content\/uploads\/2026\/03\/logo-tupique-1.webp","contentUrl":"https:\/\/tupique.com\/wp-content\/uploads\/2026\/03\/logo-tupique-1.webp","width":500,"height":67,"caption":"Tupique"},"image":{"@id":"https:\/\/tupique.com\/#\/schema\/logo\/image\/"}}]}},"_links":{"self":[{"href":"https:\/\/tupique.com\/en\/wp-json\/wp\/v2\/product\/194897","targetHints":{"allow":["GET"]}}],"collection":[{"href":"https:\/\/tupique.com\/en\/wp-json\/wp\/v2\/product"}],"about":[{"href":"https:\/\/tupique.com\/en\/wp-json\/wp\/v2\/types\/product"}],"replies":[{"embeddable":true,"href":"https:\/\/tupique.com\/en\/wp-json\/wp\/v2\/comments?post=194897"}],"wp:featuredmedia":[{"embeddable":true,"href":"https:\/\/tupique.com\/en\/wp-json\/wp\/v2\/media\/194893"}],"wp:attachment":[{"href":"https:\/\/tupique.com\/en\/wp-json\/wp\/v2\/media?parent=194897"}],"wp:term":[{"taxonomy":"product_brand","embeddable":true,"href":"https:\/\/tupique.com\/en\/wp-json\/wp\/v2\/product_brand?post=194897"},{"taxonomy":"product_cat","embeddable":true,"href":"https:\/\/tupique.com\/en\/wp-json\/wp\/v2\/product_cat?post=194897"},{"taxonomy":"product_tag","embeddable":true,"href":"https:\/\/tupique.com\/en\/wp-json\/wp\/v2\/product_tag?post=194897"},{"taxonomy":"woo-feed-brand","embeddable":true,"href":"https:\/\/tupique.com\/en\/wp-json\/wp\/v2\/woo-feed-brand?post=194897"}],"curies":[{"name":"wp","href":"https:\/\/api.w.org\/{rel}","templated":true}]}}