{"id":194986,"date":"2026-05-12T05:11:18","date_gmt":"2026-05-12T03:11:18","guid":{"rendered":"https:\/\/tupique.com\/product\/bestway-ensemble-flottant-volley-gonflable-244x64-cm-3-ans-piscine-52133\/"},"modified":"2026-05-12T05:11:18","modified_gmt":"2026-05-12T03:11:18","slug":"bestway-ensemble-flottant-volley-gonflable-244x64-cm-3-ans-piscine-52133","status":"publish","type":"product","link":"https:\/\/tupique.com\/en\/product\/bestway-ensemble-flottant-volley-gonflable-244x64-cm-3-ans-piscine-52133\/","title":{"rendered":"Bestway Ensemble Flottant Volley Gonflable 244&#215;64 cm +3 Ans Piscine 52133"},"content":{"rendered":"<p>Les enfants m\u00e9ritent ce qu\u2019il y a de mieux, nous vous pr\u00e9sentons donc <b>Jeu de volley-ball en piscine Bestway 244 x 64 cm<\/b>, id\u00e9al pour ceux qui cherchent des produits de qualit\u00e9 pour les plus petits ! Procurez-vous <b>Bestway<\/b> aux meilleurs prix !<\/p>\n<p>The <b>jeu de volley-ball de piscine<\/b> of <b>Bestway<\/b> est l&#8217;option id\u00e9ale pour que vos petits, \u00e0 partir de <b>3 ans<\/b>, profitent d&#8217;heures de divertissement au soleil. Ce jeu gonflable pr\u00e9sente un design attrayant en <b>multicolore<\/b>, apportant une touche vibrante \u00e0 toute piscine et rendant les activit\u00e9s aquatiques encore plus excitantes. Fabriqu\u00e9 en <b>plastique<\/b> durable, il garantit une r\u00e9sistance ad\u00e9quate pour une utilisation dans des environnements aquatiques. Les impressionnantes <b>dimensions approximatives de 244 x 64 cm<\/b> de l&#8217;arche de volley-ball lui conf\u00e8rent une bonne stabilit\u00e9, tandis que les dimensions totales de <b>59 x 244 x 76 cm<\/b> assurent un bon espace pour le jeu. Id\u00e9al pour encourager l&#8217;activit\u00e9 physique et l&#8217;interaction sociale entre amis et famille, ce jeu est parfait pour faire de l&#8217;\u00e9t\u00e9 une exp\u00e9rience inoubliable. Avec la qualit\u00e9 et la confiance de Bestway, cet ensemble n&#8217;est pas seulement un accessoire de piscine amusant, mais aussi un outil qui stimule l&#8217;exercice et la camaraderie entre les plus jeunes, garantissant que chaque journ\u00e9e dans l&#8217;eau soit remplie de rires et de souvenirs.<\/p>\n<ul>\n<li>Dimensions approx.: 244 x 64 cm<\/li>\n<li>Couleur: Multicouleur<\/li>\n<li>Mat\u00e9riel: Plastique<\/li>\n<li>Caract\u00e9ristiques: Nettoyage par chiffon humide<\/li>\n<li>Recommended use:\n<ul>\n<li>Plage<\/li>\n<li>Ext\u00e9rieur<\/li>\n<li>Jardin<\/li>\n<li>Camping<\/li>\n<li>Adulte unisexe<\/li>\n<\/ul>\n<\/li>\n<li>Emballage: Caisse<\/li>\n<li>\u00c2ge recommand\u00e9: + 3 ans<\/li>\n<\/ul>","protected":false},"excerpt":{"rendered":"<p>Les enfants m\u00e9ritent ce qu\u2019il y a de mieux, nous vous pr\u00e9sentons donc Jeu de volley-ball en piscine Bestway 244 x 64 cm, id\u00e9al pour ceux qui cherchent des produits de qualit\u00e9 pour les plus petits ! Procurez-vous Bestway aux meilleurs prix ! Le jeu de volley-ball de piscine de Bestway est l&#8217;option id\u00e9ale pour [&hellip;]<\/p>\n","protected":false},"featured_media":194983,"comment_status":"open","ping_status":"closed","template":"","meta":[],"product_brand":[1771],"product_cat":[2263,1769,1764],"product_tag":[2247,57,721,1816,211],"woo-feed-brand":[],"class_list":{"0":"post-194986","1":"product","2":"type-product","3":"status-publish","4":"has-post-thumbnail","6":"product_brand-brandp_520","7":"product_cat-gonflables","8":"product_cat-plage-et-piscine","9":"product_cat-sports-loisirs","10":"product_tag-tag_32","11":"product_tag-tag_1275","12":"product_tag-tag_124","13":"product_tag-tag_1272","14":"product_tag-tag_3","16":"first","17":"instock","18":"taxable","19":"shipping-taxable","20":"purchasable","21":"product-type-simple"},"yoast_head":"<!-- This site is optimized with the Yoast SEO plugin v27.6 - https:\/\/yoast.com\/product\/yoast-seo-wordpress\/ -->\n<title>Bestway Ensemble Flottant Volley Gonflable 244x64 cm +3 Ans Piscine 52133 | | Tupique<\/title>\n<meta name=\"description\" content=\"Envie d&#039;acheter Bestway Ensemble Flottant Volley Gonflable 244x64 cm +3 Ans Piscine 52133\u00a0? Achetez Bestway Ensemble Flottant Volley Gonflable 244x64 cm +3 Ans Piscine 52133 maintenant avec Tupique en 3 versements sans int\u00e9r\u00eat.\" \/>\n<meta name=\"robots\" content=\"index, follow, max-snippet:-1, max-image-preview:large, max-video-preview:-1\" \/>\n<link rel=\"canonical\" href=\"https:\/\/tupique.com\/en\/product\/bestway-ensemble-flottant-volley-gonflable-244x64-cm-3-ans-piscine-52133\/\" \/>\n<meta property=\"og:locale\" content=\"en_GB\" \/>\n<meta property=\"og:type\" content=\"article\" \/>\n<meta property=\"og:title\" content=\"Bestway Ensemble Flottant Volley Gonflable 244x64 cm +3 Ans Piscine 52133 | | Tupique\" \/>\n<meta property=\"og:description\" content=\"Envie d&#039;acheter Bestway Ensemble Flottant Volley Gonflable 244x64 cm +3 Ans Piscine 52133\u00a0? Achetez Bestway Ensemble Flottant Volley Gonflable 244x64 cm +3 Ans Piscine 52133 maintenant avec Tupique en 3 versements sans int\u00e9r\u00eat.\" \/>\n<meta property=\"og:url\" content=\"https:\/\/tupique.com\/en\/product\/bestway-ensemble-flottant-volley-gonflable-244x64-cm-3-ans-piscine-52133\/\" \/>\n<meta property=\"og:site_name\" content=\"Tupique\" \/>\n<meta property=\"og:image\" content=\"https:\/\/tupique.com\/wp-content\/uploads\/2026\/05\/6942138982367_D1400349_P01.jpg\" \/>\n\t<meta property=\"og:image:width\" content=\"1200\" \/>\n\t<meta property=\"og:image:height\" content=\"1200\" \/>\n\t<meta property=\"og:image:type\" content=\"image\/jpeg\" \/>\n<meta name=\"twitter:card\" content=\"summary_large_image\" \/>\n<meta name=\"twitter:label1\" content=\"Est. reading time\" \/>\n\t<meta name=\"twitter:data1\" content=\"1 minute\" \/>\n<script type=\"application\/ld+json\" class=\"yoast-schema-graph\">{\"@context\":\"https:\\\/\\\/schema.org\",\"@graph\":[{\"@type\":\"WebPage\",\"@id\":\"https:\\\/\\\/tupique.com\\\/product\\\/bestway-ensemble-flottant-volley-gonflable-244x64-cm-3-ans-piscine-52133\\\/\",\"url\":\"https:\\\/\\\/tupique.com\\\/product\\\/bestway-ensemble-flottant-volley-gonflable-244x64-cm-3-ans-piscine-52133\\\/\",\"name\":\"Bestway Ensemble Flottant Volley Gonflable 244x64 cm +3 Ans Piscine 52133 | | Tupique\",\"isPartOf\":{\"@id\":\"https:\\\/\\\/tupique.com\\\/#website\"},\"primaryImageOfPage\":{\"@id\":\"https:\\\/\\\/tupique.com\\\/product\\\/bestway-ensemble-flottant-volley-gonflable-244x64-cm-3-ans-piscine-52133\\\/#primaryimage\"},\"image\":{\"@id\":\"https:\\\/\\\/tupique.com\\\/product\\\/bestway-ensemble-flottant-volley-gonflable-244x64-cm-3-ans-piscine-52133\\\/#primaryimage\"},\"thumbnailUrl\":\"https:\\\/\\\/tupique.com\\\/wp-content\\\/uploads\\\/2026\\\/05\\\/6942138982367_D1400349_P01.jpg\",\"datePublished\":\"2026-05-12T03:11:18+00:00\",\"description\":\"Envie d'acheter Bestway Ensemble Flottant Volley Gonflable 244x64 cm +3 Ans Piscine 52133\u00a0? Achetez Bestway Ensemble Flottant Volley Gonflable 244x64 cm +3 Ans Piscine 52133 maintenant avec Tupique en 3 versements sans int\u00e9r\u00eat.\",\"breadcrumb\":{\"@id\":\"https:\\\/\\\/tupique.com\\\/product\\\/bestway-ensemble-flottant-volley-gonflable-244x64-cm-3-ans-piscine-52133\\\/#breadcrumb\"},\"inLanguage\":\"en-GB\",\"potentialAction\":[{\"@type\":\"ReadAction\",\"target\":[\"https:\\\/\\\/tupique.com\\\/product\\\/bestway-ensemble-flottant-volley-gonflable-244x64-cm-3-ans-piscine-52133\\\/\"]}]},{\"@type\":\"ImageObject\",\"inLanguage\":\"en-GB\",\"@id\":\"https:\\\/\\\/tupique.com\\\/product\\\/bestway-ensemble-flottant-volley-gonflable-244x64-cm-3-ans-piscine-52133\\\/#primaryimage\",\"url\":\"https:\\\/\\\/tupique.com\\\/wp-content\\\/uploads\\\/2026\\\/05\\\/6942138982367_D1400349_P01.jpg\",\"contentUrl\":\"https:\\\/\\\/tupique.com\\\/wp-content\\\/uploads\\\/2026\\\/05\\\/6942138982367_D1400349_P01.jpg\",\"width\":1200,\"height\":1200,\"caption\":\"D1400349_0\"},{\"@type\":\"BreadcrumbList\",\"@id\":\"https:\\\/\\\/tupique.com\\\/product\\\/bestway-ensemble-flottant-volley-gonflable-244x64-cm-3-ans-piscine-52133\\\/#breadcrumb\",\"itemListElement\":[{\"@type\":\"ListItem\",\"position\":1,\"name\":\"commencer\",\"item\":\"https:\\\/\\\/tupique.com\\\/\"},{\"@type\":\"ListItem\",\"position\":2,\"name\":\"Loja\",\"item\":\"https:\\\/\\\/tupique.com\\\/pt\\\/loja\\\/\"},{\"@type\":\"ListItem\",\"position\":3,\"name\":\"Bestway Ensemble Flottant Volley Gonflable 244&#215;64 cm +3 Ans Piscine 52133\"}]},{\"@type\":\"WebSite\",\"@id\":\"https:\\\/\\\/tupique.com\\\/#website\",\"url\":\"https:\\\/\\\/tupique.com\\\/\",\"name\":\"Tupique\",\"description\":\"\",\"publisher\":{\"@id\":\"https:\\\/\\\/tupique.com\\\/#organization\"},\"potentialAction\":[{\"@type\":\"SearchAction\",\"target\":{\"@type\":\"EntryPoint\",\"urlTemplate\":\"https:\\\/\\\/tupique.com\\\/?s={search_term_string}\"},\"query-input\":{\"@type\":\"PropertyValueSpecification\",\"valueRequired\":true,\"valueName\":\"search_term_string\"}}],\"inLanguage\":\"en-GB\"},{\"@type\":\"Organization\",\"@id\":\"https:\\\/\\\/tupique.com\\\/#organization\",\"name\":\"Tupique\",\"url\":\"https:\\\/\\\/tupique.com\\\/\",\"logo\":{\"@type\":\"ImageObject\",\"inLanguage\":\"en-GB\",\"@id\":\"https:\\\/\\\/tupique.com\\\/#\\\/schema\\\/logo\\\/image\\\/\",\"url\":\"https:\\\/\\\/tupique.com\\\/wp-content\\\/uploads\\\/2026\\\/03\\\/logo-tupique-1.webp\",\"contentUrl\":\"https:\\\/\\\/tupique.com\\\/wp-content\\\/uploads\\\/2026\\\/03\\\/logo-tupique-1.webp\",\"width\":500,\"height\":67,\"caption\":\"Tupique\"},\"image\":{\"@id\":\"https:\\\/\\\/tupique.com\\\/#\\\/schema\\\/logo\\\/image\\\/\"}}]}<\/script>\n<!-- \/ Yoast SEO plugin. -->","yoast_head_json":{"title":"Bestway Ensemble Flottant Volley Gonflable 244x64 cm +3 Ans Piscine 52133 | | Tupique","description":"Envie d'acheter Bestway Ensemble Flottant Volley Gonflable 244x64 cm +3 Ans Piscine 52133\u00a0? Achetez Bestway Ensemble Flottant Volley Gonflable 244x64 cm +3 Ans Piscine 52133 maintenant avec Tupique en 3 versements sans int\u00e9r\u00eat.","robots":{"index":"index","follow":"follow","max-snippet":"max-snippet:-1","max-image-preview":"max-image-preview:large","max-video-preview":"max-video-preview:-1"},"canonical":"https:\/\/tupique.com\/en\/product\/bestway-ensemble-flottant-volley-gonflable-244x64-cm-3-ans-piscine-52133\/","og_locale":"en_GB","og_type":"article","og_title":"Bestway Ensemble Flottant Volley Gonflable 244x64 cm +3 Ans Piscine 52133 | | Tupique","og_description":"Envie d'acheter Bestway Ensemble Flottant Volley Gonflable 244x64 cm +3 Ans Piscine 52133\u00a0? Achetez Bestway Ensemble Flottant Volley Gonflable 244x64 cm +3 Ans Piscine 52133 maintenant avec Tupique en 3 versements sans int\u00e9r\u00eat.","og_url":"https:\/\/tupique.com\/en\/product\/bestway-ensemble-flottant-volley-gonflable-244x64-cm-3-ans-piscine-52133\/","og_site_name":"Tupique","og_image":[{"width":1200,"height":1200,"url":"https:\/\/tupique.com\/wp-content\/uploads\/2026\/05\/6942138982367_D1400349_P01.jpg","type":"image\/jpeg"}],"twitter_card":"summary_large_image","twitter_misc":{"Est. reading time":"1 minute"},"schema":{"@context":"https:\/\/schema.org","@graph":[{"@type":"WebPage","@id":"https:\/\/tupique.com\/product\/bestway-ensemble-flottant-volley-gonflable-244x64-cm-3-ans-piscine-52133\/","url":"https:\/\/tupique.com\/product\/bestway-ensemble-flottant-volley-gonflable-244x64-cm-3-ans-piscine-52133\/","name":"Bestway Ensemble Flottant Volley Gonflable 244x64 cm +3 Ans Piscine 52133 | | Tupique","isPartOf":{"@id":"https:\/\/tupique.com\/#website"},"primaryImageOfPage":{"@id":"https:\/\/tupique.com\/product\/bestway-ensemble-flottant-volley-gonflable-244x64-cm-3-ans-piscine-52133\/#primaryimage"},"image":{"@id":"https:\/\/tupique.com\/product\/bestway-ensemble-flottant-volley-gonflable-244x64-cm-3-ans-piscine-52133\/#primaryimage"},"thumbnailUrl":"https:\/\/tupique.com\/wp-content\/uploads\/2026\/05\/6942138982367_D1400349_P01.jpg","datePublished":"2026-05-12T03:11:18+00:00","description":"Envie d'acheter Bestway Ensemble Flottant Volley Gonflable 244x64 cm +3 Ans Piscine 52133\u00a0? Achetez Bestway Ensemble Flottant Volley Gonflable 244x64 cm +3 Ans Piscine 52133 maintenant avec Tupique en 3 versements sans int\u00e9r\u00eat.","breadcrumb":{"@id":"https:\/\/tupique.com\/product\/bestway-ensemble-flottant-volley-gonflable-244x64-cm-3-ans-piscine-52133\/#breadcrumb"},"inLanguage":"en-GB","potentialAction":[{"@type":"ReadAction","target":["https:\/\/tupique.com\/product\/bestway-ensemble-flottant-volley-gonflable-244x64-cm-3-ans-piscine-52133\/"]}]},{"@type":"ImageObject","inLanguage":"en-GB","@id":"https:\/\/tupique.com\/product\/bestway-ensemble-flottant-volley-gonflable-244x64-cm-3-ans-piscine-52133\/#primaryimage","url":"https:\/\/tupique.com\/wp-content\/uploads\/2026\/05\/6942138982367_D1400349_P01.jpg","contentUrl":"https:\/\/tupique.com\/wp-content\/uploads\/2026\/05\/6942138982367_D1400349_P01.jpg","width":1200,"height":1200,"caption":"D1400349_0"},{"@type":"BreadcrumbList","@id":"https:\/\/tupique.com\/product\/bestway-ensemble-flottant-volley-gonflable-244x64-cm-3-ans-piscine-52133\/#breadcrumb","itemListElement":[{"@type":"ListItem","position":1,"name":"commencer","item":"https:\/\/tupique.com\/"},{"@type":"ListItem","position":2,"name":"Loja","item":"https:\/\/tupique.com\/pt\/loja\/"},{"@type":"ListItem","position":3,"name":"Bestway Ensemble Flottant Volley Gonflable 244&#215;64 cm +3 Ans Piscine 52133"}]},{"@type":"WebSite","@id":"https:\/\/tupique.com\/#website","url":"https:\/\/tupique.com\/","name":"Tupique","description":"","publisher":{"@id":"https:\/\/tupique.com\/#organization"},"potentialAction":[{"@type":"SearchAction","target":{"@type":"EntryPoint","urlTemplate":"https:\/\/tupique.com\/?s={search_term_string}"},"query-input":{"@type":"PropertyValueSpecification","valueRequired":true,"valueName":"search_term_string"}}],"inLanguage":"en-GB"},{"@type":"Organization","@id":"https:\/\/tupique.com\/#organization","name":"Tupique","url":"https:\/\/tupique.com\/","logo":{"@type":"ImageObject","inLanguage":"en-GB","@id":"https:\/\/tupique.com\/#\/schema\/logo\/image\/","url":"https:\/\/tupique.com\/wp-content\/uploads\/2026\/03\/logo-tupique-1.webp","contentUrl":"https:\/\/tupique.com\/wp-content\/uploads\/2026\/03\/logo-tupique-1.webp","width":500,"height":67,"caption":"Tupique"},"image":{"@id":"https:\/\/tupique.com\/#\/schema\/logo\/image\/"}}]}},"_links":{"self":[{"href":"https:\/\/tupique.com\/en\/wp-json\/wp\/v2\/product\/194986","targetHints":{"allow":["GET"]}}],"collection":[{"href":"https:\/\/tupique.com\/en\/wp-json\/wp\/v2\/product"}],"about":[{"href":"https:\/\/tupique.com\/en\/wp-json\/wp\/v2\/types\/product"}],"replies":[{"embeddable":true,"href":"https:\/\/tupique.com\/en\/wp-json\/wp\/v2\/comments?post=194986"}],"wp:featuredmedia":[{"embeddable":true,"href":"https:\/\/tupique.com\/en\/wp-json\/wp\/v2\/media\/194983"}],"wp:attachment":[{"href":"https:\/\/tupique.com\/en\/wp-json\/wp\/v2\/media?parent=194986"}],"wp:term":[{"taxonomy":"product_brand","embeddable":true,"href":"https:\/\/tupique.com\/en\/wp-json\/wp\/v2\/product_brand?post=194986"},{"taxonomy":"product_cat","embeddable":true,"href":"https:\/\/tupique.com\/en\/wp-json\/wp\/v2\/product_cat?post=194986"},{"taxonomy":"product_tag","embeddable":true,"href":"https:\/\/tupique.com\/en\/wp-json\/wp\/v2\/product_tag?post=194986"},{"taxonomy":"woo-feed-brand","embeddable":true,"href":"https:\/\/tupique.com\/en\/wp-json\/wp\/v2\/woo-feed-brand?post=194986"}],"curies":[{"name":"wp","href":"https:\/\/api.w.org\/{rel}","templated":true}]}}