{"id":195128,"date":"2026-05-12T05:24:25","date_gmt":"2026-05-12T03:24:25","guid":{"rendered":"https:\/\/tupique.com\/product\/bestway-distributeur-de-chlore-petit-retractable-piscine-et-jardin-58210\/"},"modified":"2026-05-12T05:24:25","modified_gmt":"2026-05-12T03:24:25","slug":"bestway-distributeur-de-chlore-petit-retractable-piscine-et-jardin-58210","status":"publish","type":"product","link":"https:\/\/tupique.com\/en\/product\/bestway-distributeur-de-chlore-petit-retractable-piscine-et-jardin-58210\/","title":{"rendered":"Bestway Distributeur de Chlore Petit R\u00e9tractable Piscine et Jardin 58210"},"content":{"rendered":"<p>Restez en forme et d\u00e9couvrez les derni\u00e8res nouveaut\u00e9s du secteur pour faire du sport avec les meilleures garanties ! Achetez <b>Distributeur de Chlore Bestway \u00d8 12,7 cm Petit<\/b> au meilleur prix et profitez d&#8217;une vie saine !<\/p>\n<p>The <b>distributeur de chlore<\/b> of <b>Bestway<\/b> est un accessoire essentiel pour maintenir votre piscine propre et s\u00e9curis\u00e9e, optimisant la distribution du chlore de mani\u00e8re efficace. Ce produit, disponible en <b>couleur bleue<\/b> and <b>couleur blanche<\/b>, se distingue non seulement par son design attrayant, mais aussi par sa fonctionnalit\u00e9 sup\u00e9rieure. Fabriqu\u00e9 avec des mat\u00e9riaux de haute qualit\u00e9, ce distributeur garantit une r\u00e9sistance prolong\u00e9e et une utilisation efficace, assurant que le chlore se dissolve uniform\u00e9ment dans l&#8217;eau. Avec son apparence \u00e9l\u00e9gante, il compl\u00e8te parfaitement tout environnement de piscine. De plus, le distributeur de chlore de Bestway est facile \u00e0 utiliser, vous permettant de profiter d&#8217;une exp\u00e9rience d&#8217;entretien sans complications. Son design facilite le remplissage du chlore, garantissant que vous disposez toujours de la quantit\u00e9 ad\u00e9quate pour maintenir la qualit\u00e9 de l&#8217;eau. Id\u00e9al pour ceux qui recherchent une solution pratique et esth\u00e9tique, ce distributeur se positionne comme un investissement intelligent pour prendre soin de votre piscine et assurer des moments de plaisir dans un environnement propre et s\u00fbr.<\/p>\n<ul>\n<li>diam\u00e8tre approx.: \u00d8 12,7 cm<\/li>\n<li>Couleur:\n<ul>\n<li>Bleu<\/li>\n<li>Blanc<\/li>\n<\/ul>\n<\/li>\n<li>Features:\n<ul>\n<li>Petit<\/li>\n<li>Utilisation en ext\u00e9rieur<\/li>\n<li>Nettoyage par chiffon humide<\/li>\n<\/ul>\n<\/li>\n<li>Type: Distributeur de Chlore<\/li>\n<li>Mati\u00e8re: Plastique<\/li>\n<\/ul>\n<p><\/p>\n<p><b>FLOTTEUR CHIMIQUE<\/b><br \/>&#8211; Disperse et dissous les comprim\u00e9s chimiques de 2,5 cm 1\u201d) chemical tablets<br \/>&#8211; Cadran r\u00e9glable pour contr\u00f4ler la lib\u00e9ration de produits chimiques<br \/>&#8211; Pas de tablettes comprises<br \/>&#8211; Construction contractive<br \/>Contient: Un flotteur chimique<\/p>\n<p><\/p>\n<ul>\n<li>Type de produit: Distributeur de chlore\/brome<\/li>\n<li>Couleur du produit: Bleu, Blanc<\/li>\n<li>Type d&#8217;emballage: Emballage color\u00e9<\/li>\n<li>Quantit\u00e9: 1<\/li>\n<\/ul>","protected":false},"excerpt":{"rendered":"<p>Restez en forme et d\u00e9couvrez les derni\u00e8res nouveaut\u00e9s du secteur pour faire du sport avec les meilleures garanties ! Achetez Distributeur de Chlore Bestway \u00d8 12,7 cm Petit au meilleur prix et profitez d&#8217;une vie saine ! Le distributeur de chlore de Bestway est un accessoire essentiel pour maintenir votre piscine propre et s\u00e9curis\u00e9e, optimisant [&hellip;]<\/p>\n","protected":false},"featured_media":195125,"comment_status":"open","ping_status":"closed","template":"","meta":[],"product_brand":[1771],"product_cat":[2272,1769,1764],"product_tag":[210],"woo-feed-brand":[],"class_list":{"0":"post-195128","1":"product","2":"type-product","3":"status-publish","4":"has-post-thumbnail","6":"product_brand-brandp_520","7":"product_cat-piscines","8":"product_cat-plage-et-piscine","9":"product_cat-sports-loisirs","10":"product_tag-tag_25","12":"first","13":"instock","14":"taxable","15":"shipping-taxable","16":"purchasable","17":"product-type-simple"},"yoast_head":"<!-- This site is optimized with the Yoast SEO plugin v27.6 - https:\/\/yoast.com\/product\/yoast-seo-wordpress\/ -->\n<title>Bestway Distributeur de Chlore Petit R\u00e9tractable Piscine et Jardin 58210 | | Tupique<\/title>\n<meta name=\"description\" content=\"Envie d&#039;acheter Bestway Distributeur de Chlore Petit R\u00e9tractable Piscine et Jardin 58210\u00a0? Achetez Bestway Distributeur de Chlore Petit R\u00e9tractable Piscine et Jardin 58210 maintenant avec Tupique en 3 versements sans int\u00e9r\u00eat.\" \/>\n<meta name=\"robots\" content=\"index, follow, max-snippet:-1, max-image-preview:large, max-video-preview:-1\" \/>\n<link rel=\"canonical\" href=\"https:\/\/tupique.com\/en\/product\/bestway-distributeur-de-chlore-petit-retractable-piscine-et-jardin-58210\/\" \/>\n<meta property=\"og:locale\" content=\"en_GB\" \/>\n<meta property=\"og:type\" content=\"article\" \/>\n<meta property=\"og:title\" content=\"Bestway Distributeur de Chlore Petit R\u00e9tractable Piscine et Jardin 58210 | | Tupique\" \/>\n<meta property=\"og:description\" content=\"Envie d&#039;acheter Bestway Distributeur de Chlore Petit R\u00e9tractable Piscine et Jardin 58210\u00a0? Achetez Bestway Distributeur de Chlore Petit R\u00e9tractable Piscine et Jardin 58210 maintenant avec Tupique en 3 versements sans int\u00e9r\u00eat.\" \/>\n<meta property=\"og:url\" content=\"https:\/\/tupique.com\/en\/product\/bestway-distributeur-de-chlore-petit-retractable-piscine-et-jardin-58210\/\" \/>\n<meta property=\"og:site_name\" content=\"Tupique\" \/>\n<meta property=\"og:image\" content=\"https:\/\/tupique.com\/wp-content\/uploads\/2026\/05\/6942138918731_D1400484_P01.jpg\" \/>\n\t<meta property=\"og:image:width\" content=\"1200\" \/>\n\t<meta property=\"og:image:height\" content=\"1200\" \/>\n\t<meta property=\"og:image:type\" content=\"image\/jpeg\" \/>\n<meta name=\"twitter:card\" content=\"summary_large_image\" \/>\n<meta name=\"twitter:label1\" content=\"Est. reading time\" \/>\n\t<meta name=\"twitter:data1\" content=\"1 minute\" \/>\n<script type=\"application\/ld+json\" class=\"yoast-schema-graph\">{\"@context\":\"https:\\\/\\\/schema.org\",\"@graph\":[{\"@type\":\"WebPage\",\"@id\":\"https:\\\/\\\/tupique.com\\\/product\\\/bestway-distributeur-de-chlore-petit-retractable-piscine-et-jardin-58210\\\/\",\"url\":\"https:\\\/\\\/tupique.com\\\/product\\\/bestway-distributeur-de-chlore-petit-retractable-piscine-et-jardin-58210\\\/\",\"name\":\"Bestway Distributeur de Chlore Petit R\u00e9tractable Piscine et Jardin 58210 | | Tupique\",\"isPartOf\":{\"@id\":\"https:\\\/\\\/tupique.com\\\/#website\"},\"primaryImageOfPage\":{\"@id\":\"https:\\\/\\\/tupique.com\\\/product\\\/bestway-distributeur-de-chlore-petit-retractable-piscine-et-jardin-58210\\\/#primaryimage\"},\"image\":{\"@id\":\"https:\\\/\\\/tupique.com\\\/product\\\/bestway-distributeur-de-chlore-petit-retractable-piscine-et-jardin-58210\\\/#primaryimage\"},\"thumbnailUrl\":\"https:\\\/\\\/tupique.com\\\/wp-content\\\/uploads\\\/2026\\\/05\\\/6942138918731_D1400484_P01.jpg\",\"datePublished\":\"2026-05-12T03:24:25+00:00\",\"description\":\"Envie d'acheter Bestway Distributeur de Chlore Petit R\u00e9tractable Piscine et Jardin 58210\u00a0? Achetez Bestway Distributeur de Chlore Petit R\u00e9tractable Piscine et Jardin 58210 maintenant avec Tupique en 3 versements sans int\u00e9r\u00eat.\",\"breadcrumb\":{\"@id\":\"https:\\\/\\\/tupique.com\\\/product\\\/bestway-distributeur-de-chlore-petit-retractable-piscine-et-jardin-58210\\\/#breadcrumb\"},\"inLanguage\":\"en-GB\",\"potentialAction\":[{\"@type\":\"ReadAction\",\"target\":[\"https:\\\/\\\/tupique.com\\\/product\\\/bestway-distributeur-de-chlore-petit-retractable-piscine-et-jardin-58210\\\/\"]}]},{\"@type\":\"ImageObject\",\"inLanguage\":\"en-GB\",\"@id\":\"https:\\\/\\\/tupique.com\\\/product\\\/bestway-distributeur-de-chlore-petit-retractable-piscine-et-jardin-58210\\\/#primaryimage\",\"url\":\"https:\\\/\\\/tupique.com\\\/wp-content\\\/uploads\\\/2026\\\/05\\\/6942138918731_D1400484_P01.jpg\",\"contentUrl\":\"https:\\\/\\\/tupique.com\\\/wp-content\\\/uploads\\\/2026\\\/05\\\/6942138918731_D1400484_P01.jpg\",\"width\":1200,\"height\":1200,\"caption\":\"D1400484_0\"},{\"@type\":\"BreadcrumbList\",\"@id\":\"https:\\\/\\\/tupique.com\\\/product\\\/bestway-distributeur-de-chlore-petit-retractable-piscine-et-jardin-58210\\\/#breadcrumb\",\"itemListElement\":[{\"@type\":\"ListItem\",\"position\":1,\"name\":\"commencer\",\"item\":\"https:\\\/\\\/tupique.com\\\/\"},{\"@type\":\"ListItem\",\"position\":2,\"name\":\"Loja\",\"item\":\"https:\\\/\\\/tupique.com\\\/pt\\\/loja\\\/\"},{\"@type\":\"ListItem\",\"position\":3,\"name\":\"Bestway Distributeur de Chlore Petit R\u00e9tractable Piscine et Jardin 58210\"}]},{\"@type\":\"WebSite\",\"@id\":\"https:\\\/\\\/tupique.com\\\/#website\",\"url\":\"https:\\\/\\\/tupique.com\\\/\",\"name\":\"Tupique\",\"description\":\"\",\"publisher\":{\"@id\":\"https:\\\/\\\/tupique.com\\\/#organization\"},\"potentialAction\":[{\"@type\":\"SearchAction\",\"target\":{\"@type\":\"EntryPoint\",\"urlTemplate\":\"https:\\\/\\\/tupique.com\\\/?s={search_term_string}\"},\"query-input\":{\"@type\":\"PropertyValueSpecification\",\"valueRequired\":true,\"valueName\":\"search_term_string\"}}],\"inLanguage\":\"en-GB\"},{\"@type\":\"Organization\",\"@id\":\"https:\\\/\\\/tupique.com\\\/#organization\",\"name\":\"Tupique\",\"url\":\"https:\\\/\\\/tupique.com\\\/\",\"logo\":{\"@type\":\"ImageObject\",\"inLanguage\":\"en-GB\",\"@id\":\"https:\\\/\\\/tupique.com\\\/#\\\/schema\\\/logo\\\/image\\\/\",\"url\":\"https:\\\/\\\/tupique.com\\\/wp-content\\\/uploads\\\/2026\\\/03\\\/logo-tupique-1.webp\",\"contentUrl\":\"https:\\\/\\\/tupique.com\\\/wp-content\\\/uploads\\\/2026\\\/03\\\/logo-tupique-1.webp\",\"width\":500,\"height\":67,\"caption\":\"Tupique\"},\"image\":{\"@id\":\"https:\\\/\\\/tupique.com\\\/#\\\/schema\\\/logo\\\/image\\\/\"}}]}<\/script>\n<!-- \/ Yoast SEO plugin. -->","yoast_head_json":{"title":"Bestway Distributeur de Chlore Petit R\u00e9tractable Piscine et Jardin 58210 | | Tupique","description":"Envie d'acheter Bestway Distributeur de Chlore Petit R\u00e9tractable Piscine et Jardin 58210\u00a0? Achetez Bestway Distributeur de Chlore Petit R\u00e9tractable Piscine et Jardin 58210 maintenant avec Tupique en 3 versements sans int\u00e9r\u00eat.","robots":{"index":"index","follow":"follow","max-snippet":"max-snippet:-1","max-image-preview":"max-image-preview:large","max-video-preview":"max-video-preview:-1"},"canonical":"https:\/\/tupique.com\/en\/product\/bestway-distributeur-de-chlore-petit-retractable-piscine-et-jardin-58210\/","og_locale":"en_GB","og_type":"article","og_title":"Bestway Distributeur de Chlore Petit R\u00e9tractable Piscine et Jardin 58210 | | Tupique","og_description":"Envie d'acheter Bestway Distributeur de Chlore Petit R\u00e9tractable Piscine et Jardin 58210\u00a0? Achetez Bestway Distributeur de Chlore Petit R\u00e9tractable Piscine et Jardin 58210 maintenant avec Tupique en 3 versements sans int\u00e9r\u00eat.","og_url":"https:\/\/tupique.com\/en\/product\/bestway-distributeur-de-chlore-petit-retractable-piscine-et-jardin-58210\/","og_site_name":"Tupique","og_image":[{"width":1200,"height":1200,"url":"https:\/\/tupique.com\/wp-content\/uploads\/2026\/05\/6942138918731_D1400484_P01.jpg","type":"image\/jpeg"}],"twitter_card":"summary_large_image","twitter_misc":{"Est. reading time":"1 minute"},"schema":{"@context":"https:\/\/schema.org","@graph":[{"@type":"WebPage","@id":"https:\/\/tupique.com\/product\/bestway-distributeur-de-chlore-petit-retractable-piscine-et-jardin-58210\/","url":"https:\/\/tupique.com\/product\/bestway-distributeur-de-chlore-petit-retractable-piscine-et-jardin-58210\/","name":"Bestway Distributeur de Chlore Petit R\u00e9tractable Piscine et Jardin 58210 | | Tupique","isPartOf":{"@id":"https:\/\/tupique.com\/#website"},"primaryImageOfPage":{"@id":"https:\/\/tupique.com\/product\/bestway-distributeur-de-chlore-petit-retractable-piscine-et-jardin-58210\/#primaryimage"},"image":{"@id":"https:\/\/tupique.com\/product\/bestway-distributeur-de-chlore-petit-retractable-piscine-et-jardin-58210\/#primaryimage"},"thumbnailUrl":"https:\/\/tupique.com\/wp-content\/uploads\/2026\/05\/6942138918731_D1400484_P01.jpg","datePublished":"2026-05-12T03:24:25+00:00","description":"Envie d'acheter Bestway Distributeur de Chlore Petit R\u00e9tractable Piscine et Jardin 58210\u00a0? Achetez Bestway Distributeur de Chlore Petit R\u00e9tractable Piscine et Jardin 58210 maintenant avec Tupique en 3 versements sans int\u00e9r\u00eat.","breadcrumb":{"@id":"https:\/\/tupique.com\/product\/bestway-distributeur-de-chlore-petit-retractable-piscine-et-jardin-58210\/#breadcrumb"},"inLanguage":"en-GB","potentialAction":[{"@type":"ReadAction","target":["https:\/\/tupique.com\/product\/bestway-distributeur-de-chlore-petit-retractable-piscine-et-jardin-58210\/"]}]},{"@type":"ImageObject","inLanguage":"en-GB","@id":"https:\/\/tupique.com\/product\/bestway-distributeur-de-chlore-petit-retractable-piscine-et-jardin-58210\/#primaryimage","url":"https:\/\/tupique.com\/wp-content\/uploads\/2026\/05\/6942138918731_D1400484_P01.jpg","contentUrl":"https:\/\/tupique.com\/wp-content\/uploads\/2026\/05\/6942138918731_D1400484_P01.jpg","width":1200,"height":1200,"caption":"D1400484_0"},{"@type":"BreadcrumbList","@id":"https:\/\/tupique.com\/product\/bestway-distributeur-de-chlore-petit-retractable-piscine-et-jardin-58210\/#breadcrumb","itemListElement":[{"@type":"ListItem","position":1,"name":"commencer","item":"https:\/\/tupique.com\/"},{"@type":"ListItem","position":2,"name":"Loja","item":"https:\/\/tupique.com\/pt\/loja\/"},{"@type":"ListItem","position":3,"name":"Bestway Distributeur de Chlore Petit R\u00e9tractable Piscine et Jardin 58210"}]},{"@type":"WebSite","@id":"https:\/\/tupique.com\/#website","url":"https:\/\/tupique.com\/","name":"Tupique","description":"","publisher":{"@id":"https:\/\/tupique.com\/#organization"},"potentialAction":[{"@type":"SearchAction","target":{"@type":"EntryPoint","urlTemplate":"https:\/\/tupique.com\/?s={search_term_string}"},"query-input":{"@type":"PropertyValueSpecification","valueRequired":true,"valueName":"search_term_string"}}],"inLanguage":"en-GB"},{"@type":"Organization","@id":"https:\/\/tupique.com\/#organization","name":"Tupique","url":"https:\/\/tupique.com\/","logo":{"@type":"ImageObject","inLanguage":"en-GB","@id":"https:\/\/tupique.com\/#\/schema\/logo\/image\/","url":"https:\/\/tupique.com\/wp-content\/uploads\/2026\/03\/logo-tupique-1.webp","contentUrl":"https:\/\/tupique.com\/wp-content\/uploads\/2026\/03\/logo-tupique-1.webp","width":500,"height":67,"caption":"Tupique"},"image":{"@id":"https:\/\/tupique.com\/#\/schema\/logo\/image\/"}}]}},"_links":{"self":[{"href":"https:\/\/tupique.com\/en\/wp-json\/wp\/v2\/product\/195128","targetHints":{"allow":["GET"]}}],"collection":[{"href":"https:\/\/tupique.com\/en\/wp-json\/wp\/v2\/product"}],"about":[{"href":"https:\/\/tupique.com\/en\/wp-json\/wp\/v2\/types\/product"}],"replies":[{"embeddable":true,"href":"https:\/\/tupique.com\/en\/wp-json\/wp\/v2\/comments?post=195128"}],"wp:featuredmedia":[{"embeddable":true,"href":"https:\/\/tupique.com\/en\/wp-json\/wp\/v2\/media\/195125"}],"wp:attachment":[{"href":"https:\/\/tupique.com\/en\/wp-json\/wp\/v2\/media?parent=195128"}],"wp:term":[{"taxonomy":"product_brand","embeddable":true,"href":"https:\/\/tupique.com\/en\/wp-json\/wp\/v2\/product_brand?post=195128"},{"taxonomy":"product_cat","embeddable":true,"href":"https:\/\/tupique.com\/en\/wp-json\/wp\/v2\/product_cat?post=195128"},{"taxonomy":"product_tag","embeddable":true,"href":"https:\/\/tupique.com\/en\/wp-json\/wp\/v2\/product_tag?post=195128"},{"taxonomy":"woo-feed-brand","embeddable":true,"href":"https:\/\/tupique.com\/en\/wp-json\/wp\/v2\/woo-feed-brand?post=195128"}],"curies":[{"name":"wp","href":"https:\/\/api.w.org\/{rel}","templated":true}]}}