{"id":195434,"date":"2026-05-12T05:47:18","date_gmt":"2026-05-12T03:47:18","guid":{"rendered":"https:\/\/tupique.com\/product\/base-de-maquillage-en-poudre-sensai-total-finish-no-tf206-golden-dune-spf-10-11-g-recharge\/"},"modified":"2026-05-12T05:47:18","modified_gmt":"2026-05-12T03:47:18","slug":"base-de-maquillage-en-poudre-sensai-total-finish-no-tf206-golden-dune-spf-10-11-g-recharge","status":"publish","type":"product","link":"https:\/\/tupique.com\/en\/product\/base-de-maquillage-en-poudre-sensai-total-finish-no-tf206-golden-dune-spf-10-11-g-recharge\/","title":{"rendered":"Base de Maquillage en Poudre Sensai Total Finish N\u00ba TF206 Golden dune Spf 10 11 g Recharge"},"content":{"rendered":"<p>Vous cherchez un moyen de booster votre sex-appeal ?<b>&nbsp;Base de Maquillage en Poudre Sensai Total Finish N\u00ba TF206 Golden dune Spf 10 11 g Recharge<\/b>&nbsp;est ce qu&#8217;il vous faut ! Essayez d&egrave;s maintenant nos&nbsp;<b>produits Sensai<\/b>&nbsp;<b>100 % authentiques<\/b>&nbsp;et confiez votre beaut&eacute; aux mains des plus grands professionnels du secteur !<\/p>\n<p>Le fond de teint poudre <b>Kanebo Total Finish<\/b> est un <b>fond de teint poudre<\/b> rechargeable con\u00e7u pour offrir un fini uniforme tout en prenant soin de la peau. Il est pr\u00e9sent\u00e9 dans la teinte <b>N\u00ba TF206 Golden Dune<\/b>, un beige chaud adapt\u00e9 aux carnations moyennes recherchant un r\u00e9sultat naturel et l\u00e9g\u00e8rement lumineux. Sa formule \u00e0 la <b>texture poudre soyeuse<\/b> s\u2019applique et s\u2019estompe facilement, offrant une couvrance modulable et un fini <b>lumineux<\/b> mais ma\u00eetris\u00e9, id\u00e9al pour un aspect soign\u00e9 sans effet de lourdeur. Avec une <b>contance de 11 g<\/b>, cette recharge s\u2019ins\u00e8re dans l\u2019\u00e9crin correspondant, permettant de renouveler le produit de mani\u00e8re pratique et contribuant \u00e0 un <b>durable packaging<\/b>. Formul\u00e9 au Japon, il contient des ingr\u00e9dients courants en haute cosm\u00e9tique comme le <b>talc, le mica, le dioxyde de titane et l\u2019oxyde de zinc<\/b>, qui am\u00e9liorent l\u2019adh\u00e9rence de la poudre, le contr\u00f4le optique de la brillance et l\u2019uniformit\u00e9 du teint, tout en offrant un <b>SPF 10<\/b> qui procure une l\u00e9g\u00e8re protection face au rayonnement solaire quotidien. La pr\u00e9sence de <b>Hydrolyzed silk et Silk Powder<\/b> contribue \u00e0 une texture douce et confortable sur la peau, tandis que des actifs comme le <b>Tocopherol (vitamine E) et l\u2019Acetyl glucosamine<\/b> aident \u00e0 maintenir la peau confortable et hydrat\u00e9e pendant des heures, renfor\u00e7ant son caract\u00e8re <b>hydratant<\/b> et de <b>longue tenue<\/b>. C\u2019est un produit <b>unisexe<\/b>, adapt\u00e9 \u00e0 <b>all skin types<\/b>, formul\u00e9 pour les besoins de la peau adulte, qui convient aussi bien aux maquillages du quotidien qu\u2019aux usages prolong\u00e9s. En tant que recharge de <b>fond de teint poudre<\/b> de qualit\u00e9 japonaise alliant couvrance uniforme, texture soyeuse et protection l\u00e9g\u00e8re, Kanebo Total Finish TF206 Golden Dune est une option \u00e9quilibr\u00e9e et fonctionnelle pour unifier le teint avec un r\u00e9sultat lisse et confortable.<\/p>\n<ul>\n<li>Type:\n<ul>\n<li>Maquillage<\/li>\n<li>Recharge<\/li>\n<\/ul>\n<\/li>\n<li>Finition:\n<ul>\n<li>Brillant<\/li>\n<li>Soyeux<\/li>\n<\/ul>\n<\/li>\n<li>Features:\n<ul>\n<li>Longue dur\u00e9e<\/li>\n<li>Rechargeable<\/li>\n<li>Sustainable packaging<\/li>\n<\/ul>\n<\/li>\n<li>Propri\u00e9t\u00e9s: Hydratant<\/li>\n<li>Couleur: N\u00ba TF206 Golden dune<\/li>\n<li>Genre: Unisexe<\/li>\n<li>Texture: Sous forme de poudre<\/li>\n<li>Utilisation recommand\u00e9e: Tous les types de peau<\/li>\n<li>Spf: Spf 10<\/li>\n<li>Ingredients:\n<ul>\n<li>Phytosteryl\/octyldodecyl lauroyl glutamate<\/li>\n<li>Polymethyl methacrylate<\/li>\n<li>Potassium stearate<\/li>\n<li>Silica<\/li>\n<li>Sodium dehydroacetate<\/li>\n<li>Synthetic fluorphlogopite<\/li>\n<li>Talc<\/li>\n<li>Tin(IV) oxide<\/li>\n<li>Titanium dioxide<\/li>\n<li>Tocopherol<\/li>\n<li>Triethoxycaprylylsilane<\/li>\n<li>Water (Aqua)<\/li>\n<li>Zinc oxide<\/li>\n<li>Acetyl glucosamine<\/li>\n<li>Aluminum hydroxide<\/li>\n<li>Bht<\/li>\n<li>Butylene glycol<\/li>\n<li>Chlorphenesin<\/li>\n<li>Dimethicone<\/li>\n<li>Diphenyl dimethicone\/vinyl diphenyl dimethicone\/silsesquioxane crosspolymer<\/li>\n<li>Disodium stearoyl glutamate<\/li>\n<li>Ethylhexyl methoxycinnamate<\/li>\n<li>Fragrance<\/li>\n<li>Hydrolyzed silk<\/li>\n<li>Isopropyl titanium triisostearate<\/li>\n<li>Methicone<\/li>\n<li>Mica<\/li>\n<li>Paraffinum liquidum<\/li>\n<li>Petrolatum<\/li>\n<li>Phenoxyethanol<\/li>\n<li>Alcool<\/li>\n<li>Dioscorea Panthaica Root Extract<\/li>\n<li>Magnesium Myristate<\/li>\n<li>Mineral Oil<\/li>\n<li>Octyldodecyl Lactate<\/li>\n<li>Silk Powder<\/li>\n<li>Sodium Lauroyl Aspartate<\/li>\n<li>Zinc Myristate<\/li>\n<li>Zinc chloride<\/li>\n<li>Parfum<\/li>\n<li>CI 77491<\/li>\n<li>CI 77492<\/li>\n<\/ul>\n<\/li>\n<li>Capacit\u00e9: 11 g<\/li>\n<\/ul>","protected":false},"excerpt":{"rendered":"<p><span class=\"unit-info\">427.1818 &euro; \/ 100 gr<\/span><\/p>","protected":false},"featured_media":195430,"comment_status":"open","ping_status":"closed","template":"","meta":[],"product_brand":[1680],"product_cat":[1378,1844,769],"product_tag":[722],"woo-feed-brand":[],"class_list":{"0":"post-195434","1":"product","2":"type-product","3":"status-publish","4":"has-post-thumbnail","6":"product_brand-brandp_2492","7":"product_cat-cosmetiques","8":"product_cat-maquillages-et-correcteurs","9":"product_cat-parfum-cosmetique","10":"product_tag-tag_923","12":"first","13":"instock","14":"taxable","15":"shipping-taxable","16":"purchasable","17":"product-type-simple"},"yoast_head":"<!-- This site is optimized with the Yoast SEO plugin v27.6 - https:\/\/yoast.com\/product\/yoast-seo-wordpress\/ -->\n<title>Base de Maquillage en Poudre Sensai Total Finish N\u00ba TF206 Golden dune Spf 10 11 g Recharge | | Tupique<\/title>\n<meta name=\"description\" content=\"Envie d&#039;acheter Base de Maquillage en Poudre Sensai Total Finish N\u00ba TF206 Golden dune Spf 10 11 g Recharge\u00a0? Achetez Base de Maquillage en Poudre Sensai Total Finish N\u00ba TF206 Golden dune Spf 10 11 g Recharge maintenant avec Tupique en 3 versements sans int\u00e9r\u00eat.\" \/>\n<meta name=\"robots\" content=\"index, follow, max-snippet:-1, max-image-preview:large, max-video-preview:-1\" \/>\n<link rel=\"canonical\" href=\"https:\/\/tupique.com\/en\/product\/base-de-maquillage-en-poudre-sensai-total-finish-no-tf206-golden-dune-spf-10-11-g-recharge\/\" \/>\n<meta property=\"og:locale\" content=\"en_GB\" \/>\n<meta property=\"og:type\" content=\"article\" \/>\n<meta property=\"og:title\" content=\"Base de Maquillage en Poudre Sensai Total Finish N\u00ba TF206 Golden dune Spf 10 11 g Recharge | | Tupique\" \/>\n<meta property=\"og:description\" content=\"Envie d&#039;acheter Base de Maquillage en Poudre Sensai Total Finish N\u00ba TF206 Golden dune Spf 10 11 g Recharge\u00a0? Achetez Base de Maquillage en Poudre Sensai Total Finish N\u00ba TF206 Golden dune Spf 10 11 g Recharge maintenant avec Tupique en 3 versements sans int\u00e9r\u00eat.\" \/>\n<meta property=\"og:url\" content=\"https:\/\/tupique.com\/en\/product\/base-de-maquillage-en-poudre-sensai-total-finish-no-tf206-golden-dune-spf-10-11-g-recharge\/\" \/>\n<meta property=\"og:site_name\" content=\"Tupique\" \/>\n<meta property=\"og:image\" content=\"https:\/\/tupique.com\/wp-content\/uploads\/2026\/05\/4973167525906_I00.jpg\" \/>\n\t<meta property=\"og:image:width\" content=\"1200\" \/>\n\t<meta property=\"og:image:height\" content=\"1200\" \/>\n\t<meta property=\"og:image:type\" content=\"image\/jpeg\" \/>\n<meta name=\"twitter:card\" content=\"summary_large_image\" \/>\n<meta name=\"twitter:label1\" content=\"Est. reading time\" \/>\n\t<meta name=\"twitter:data1\" content=\"2 minutes\" \/>\n<script type=\"application\/ld+json\" class=\"yoast-schema-graph\">{\"@context\":\"https:\\\/\\\/schema.org\",\"@graph\":[{\"@type\":\"WebPage\",\"@id\":\"https:\\\/\\\/tupique.com\\\/product\\\/base-de-maquillage-en-poudre-sensai-total-finish-no-tf206-golden-dune-spf-10-11-g-recharge\\\/\",\"url\":\"https:\\\/\\\/tupique.com\\\/product\\\/base-de-maquillage-en-poudre-sensai-total-finish-no-tf206-golden-dune-spf-10-11-g-recharge\\\/\",\"name\":\"Base de Maquillage en Poudre Sensai Total Finish N\u00ba TF206 Golden dune Spf 10 11 g Recharge | | Tupique\",\"isPartOf\":{\"@id\":\"https:\\\/\\\/tupique.com\\\/#website\"},\"primaryImageOfPage\":{\"@id\":\"https:\\\/\\\/tupique.com\\\/product\\\/base-de-maquillage-en-poudre-sensai-total-finish-no-tf206-golden-dune-spf-10-11-g-recharge\\\/#primaryimage\"},\"image\":{\"@id\":\"https:\\\/\\\/tupique.com\\\/product\\\/base-de-maquillage-en-poudre-sensai-total-finish-no-tf206-golden-dune-spf-10-11-g-recharge\\\/#primaryimage\"},\"thumbnailUrl\":\"https:\\\/\\\/tupique.com\\\/wp-content\\\/uploads\\\/2026\\\/05\\\/4973167525906_I00.jpg\",\"datePublished\":\"2026-05-12T03:47:18+00:00\",\"description\":\"Envie d'acheter Base de Maquillage en Poudre Sensai Total Finish N\u00ba TF206 Golden dune Spf 10 11 g Recharge\u00a0? Achetez Base de Maquillage en Poudre Sensai Total Finish N\u00ba TF206 Golden dune Spf 10 11 g Recharge maintenant avec Tupique en 3 versements sans int\u00e9r\u00eat.\",\"breadcrumb\":{\"@id\":\"https:\\\/\\\/tupique.com\\\/product\\\/base-de-maquillage-en-poudre-sensai-total-finish-no-tf206-golden-dune-spf-10-11-g-recharge\\\/#breadcrumb\"},\"inLanguage\":\"en-GB\",\"potentialAction\":[{\"@type\":\"ReadAction\",\"target\":[\"https:\\\/\\\/tupique.com\\\/product\\\/base-de-maquillage-en-poudre-sensai-total-finish-no-tf206-golden-dune-spf-10-11-g-recharge\\\/\"]}]},{\"@type\":\"ImageObject\",\"inLanguage\":\"en-GB\",\"@id\":\"https:\\\/\\\/tupique.com\\\/product\\\/base-de-maquillage-en-poudre-sensai-total-finish-no-tf206-golden-dune-spf-10-11-g-recharge\\\/#primaryimage\",\"url\":\"https:\\\/\\\/tupique.com\\\/wp-content\\\/uploads\\\/2026\\\/05\\\/4973167525906_I00.jpg\",\"contentUrl\":\"https:\\\/\\\/tupique.com\\\/wp-content\\\/uploads\\\/2026\\\/05\\\/4973167525906_I00.jpg\",\"width\":1200,\"height\":1200,\"caption\":\"S05124325_0\"},{\"@type\":\"BreadcrumbList\",\"@id\":\"https:\\\/\\\/tupique.com\\\/product\\\/base-de-maquillage-en-poudre-sensai-total-finish-no-tf206-golden-dune-spf-10-11-g-recharge\\\/#breadcrumb\",\"itemListElement\":[{\"@type\":\"ListItem\",\"position\":1,\"name\":\"commencer\",\"item\":\"https:\\\/\\\/tupique.com\\\/\"},{\"@type\":\"ListItem\",\"position\":2,\"name\":\"Loja\",\"item\":\"https:\\\/\\\/tupique.com\\\/pt\\\/loja\\\/\"},{\"@type\":\"ListItem\",\"position\":3,\"name\":\"Base de Maquillage en Poudre Sensai Total Finish N\u00ba TF206 Golden dune Spf 10 11 g Recharge\"}]},{\"@type\":\"WebSite\",\"@id\":\"https:\\\/\\\/tupique.com\\\/#website\",\"url\":\"https:\\\/\\\/tupique.com\\\/\",\"name\":\"Tupique\",\"description\":\"\",\"publisher\":{\"@id\":\"https:\\\/\\\/tupique.com\\\/#organization\"},\"potentialAction\":[{\"@type\":\"SearchAction\",\"target\":{\"@type\":\"EntryPoint\",\"urlTemplate\":\"https:\\\/\\\/tupique.com\\\/?s={search_term_string}\"},\"query-input\":{\"@type\":\"PropertyValueSpecification\",\"valueRequired\":true,\"valueName\":\"search_term_string\"}}],\"inLanguage\":\"en-GB\"},{\"@type\":\"Organization\",\"@id\":\"https:\\\/\\\/tupique.com\\\/#organization\",\"name\":\"Tupique\",\"url\":\"https:\\\/\\\/tupique.com\\\/\",\"logo\":{\"@type\":\"ImageObject\",\"inLanguage\":\"en-GB\",\"@id\":\"https:\\\/\\\/tupique.com\\\/#\\\/schema\\\/logo\\\/image\\\/\",\"url\":\"https:\\\/\\\/tupique.com\\\/wp-content\\\/uploads\\\/2026\\\/03\\\/logo-tupique-1.webp\",\"contentUrl\":\"https:\\\/\\\/tupique.com\\\/wp-content\\\/uploads\\\/2026\\\/03\\\/logo-tupique-1.webp\",\"width\":500,\"height\":67,\"caption\":\"Tupique\"},\"image\":{\"@id\":\"https:\\\/\\\/tupique.com\\\/#\\\/schema\\\/logo\\\/image\\\/\"}}]}<\/script>\n<!-- \/ Yoast SEO plugin. -->","yoast_head_json":{"title":"Base de Maquillage en Poudre Sensai Total Finish N\u00ba TF206 Golden dune Spf 10 11 g Recharge | | Tupique","description":"Envie d'acheter Base de Maquillage en Poudre Sensai Total Finish N\u00ba TF206 Golden dune Spf 10 11 g Recharge\u00a0? Achetez Base de Maquillage en Poudre Sensai Total Finish N\u00ba TF206 Golden dune Spf 10 11 g Recharge maintenant avec Tupique en 3 versements sans int\u00e9r\u00eat.","robots":{"index":"index","follow":"follow","max-snippet":"max-snippet:-1","max-image-preview":"max-image-preview:large","max-video-preview":"max-video-preview:-1"},"canonical":"https:\/\/tupique.com\/en\/product\/base-de-maquillage-en-poudre-sensai-total-finish-no-tf206-golden-dune-spf-10-11-g-recharge\/","og_locale":"en_GB","og_type":"article","og_title":"Base de Maquillage en Poudre Sensai Total Finish N\u00ba TF206 Golden dune Spf 10 11 g Recharge | | Tupique","og_description":"Envie d'acheter Base de Maquillage en Poudre Sensai Total Finish N\u00ba TF206 Golden dune Spf 10 11 g Recharge\u00a0? Achetez Base de Maquillage en Poudre Sensai Total Finish N\u00ba TF206 Golden dune Spf 10 11 g Recharge maintenant avec Tupique en 3 versements sans int\u00e9r\u00eat.","og_url":"https:\/\/tupique.com\/en\/product\/base-de-maquillage-en-poudre-sensai-total-finish-no-tf206-golden-dune-spf-10-11-g-recharge\/","og_site_name":"Tupique","og_image":[{"width":1200,"height":1200,"url":"https:\/\/tupique.com\/wp-content\/uploads\/2026\/05\/4973167525906_I00.jpg","type":"image\/jpeg"}],"twitter_card":"summary_large_image","twitter_misc":{"Est. reading time":"2 minutes"},"schema":{"@context":"https:\/\/schema.org","@graph":[{"@type":"WebPage","@id":"https:\/\/tupique.com\/product\/base-de-maquillage-en-poudre-sensai-total-finish-no-tf206-golden-dune-spf-10-11-g-recharge\/","url":"https:\/\/tupique.com\/product\/base-de-maquillage-en-poudre-sensai-total-finish-no-tf206-golden-dune-spf-10-11-g-recharge\/","name":"Base de Maquillage en Poudre Sensai Total Finish N\u00ba TF206 Golden dune Spf 10 11 g Recharge | | Tupique","isPartOf":{"@id":"https:\/\/tupique.com\/#website"},"primaryImageOfPage":{"@id":"https:\/\/tupique.com\/product\/base-de-maquillage-en-poudre-sensai-total-finish-no-tf206-golden-dune-spf-10-11-g-recharge\/#primaryimage"},"image":{"@id":"https:\/\/tupique.com\/product\/base-de-maquillage-en-poudre-sensai-total-finish-no-tf206-golden-dune-spf-10-11-g-recharge\/#primaryimage"},"thumbnailUrl":"https:\/\/tupique.com\/wp-content\/uploads\/2026\/05\/4973167525906_I00.jpg","datePublished":"2026-05-12T03:47:18+00:00","description":"Envie d'acheter Base de Maquillage en Poudre Sensai Total Finish N\u00ba TF206 Golden dune Spf 10 11 g Recharge\u00a0? Achetez Base de Maquillage en Poudre Sensai Total Finish N\u00ba TF206 Golden dune Spf 10 11 g Recharge maintenant avec Tupique en 3 versements sans int\u00e9r\u00eat.","breadcrumb":{"@id":"https:\/\/tupique.com\/product\/base-de-maquillage-en-poudre-sensai-total-finish-no-tf206-golden-dune-spf-10-11-g-recharge\/#breadcrumb"},"inLanguage":"en-GB","potentialAction":[{"@type":"ReadAction","target":["https:\/\/tupique.com\/product\/base-de-maquillage-en-poudre-sensai-total-finish-no-tf206-golden-dune-spf-10-11-g-recharge\/"]}]},{"@type":"ImageObject","inLanguage":"en-GB","@id":"https:\/\/tupique.com\/product\/base-de-maquillage-en-poudre-sensai-total-finish-no-tf206-golden-dune-spf-10-11-g-recharge\/#primaryimage","url":"https:\/\/tupique.com\/wp-content\/uploads\/2026\/05\/4973167525906_I00.jpg","contentUrl":"https:\/\/tupique.com\/wp-content\/uploads\/2026\/05\/4973167525906_I00.jpg","width":1200,"height":1200,"caption":"S05124325_0"},{"@type":"BreadcrumbList","@id":"https:\/\/tupique.com\/product\/base-de-maquillage-en-poudre-sensai-total-finish-no-tf206-golden-dune-spf-10-11-g-recharge\/#breadcrumb","itemListElement":[{"@type":"ListItem","position":1,"name":"commencer","item":"https:\/\/tupique.com\/"},{"@type":"ListItem","position":2,"name":"Loja","item":"https:\/\/tupique.com\/pt\/loja\/"},{"@type":"ListItem","position":3,"name":"Base de Maquillage en Poudre Sensai Total Finish N\u00ba TF206 Golden dune Spf 10 11 g Recharge"}]},{"@type":"WebSite","@id":"https:\/\/tupique.com\/#website","url":"https:\/\/tupique.com\/","name":"Tupique","description":"","publisher":{"@id":"https:\/\/tupique.com\/#organization"},"potentialAction":[{"@type":"SearchAction","target":{"@type":"EntryPoint","urlTemplate":"https:\/\/tupique.com\/?s={search_term_string}"},"query-input":{"@type":"PropertyValueSpecification","valueRequired":true,"valueName":"search_term_string"}}],"inLanguage":"en-GB"},{"@type":"Organization","@id":"https:\/\/tupique.com\/#organization","name":"Tupique","url":"https:\/\/tupique.com\/","logo":{"@type":"ImageObject","inLanguage":"en-GB","@id":"https:\/\/tupique.com\/#\/schema\/logo\/image\/","url":"https:\/\/tupique.com\/wp-content\/uploads\/2026\/03\/logo-tupique-1.webp","contentUrl":"https:\/\/tupique.com\/wp-content\/uploads\/2026\/03\/logo-tupique-1.webp","width":500,"height":67,"caption":"Tupique"},"image":{"@id":"https:\/\/tupique.com\/#\/schema\/logo\/image\/"}}]}},"_links":{"self":[{"href":"https:\/\/tupique.com\/en\/wp-json\/wp\/v2\/product\/195434","targetHints":{"allow":["GET"]}}],"collection":[{"href":"https:\/\/tupique.com\/en\/wp-json\/wp\/v2\/product"}],"about":[{"href":"https:\/\/tupique.com\/en\/wp-json\/wp\/v2\/types\/product"}],"replies":[{"embeddable":true,"href":"https:\/\/tupique.com\/en\/wp-json\/wp\/v2\/comments?post=195434"}],"wp:featuredmedia":[{"embeddable":true,"href":"https:\/\/tupique.com\/en\/wp-json\/wp\/v2\/media\/195430"}],"wp:attachment":[{"href":"https:\/\/tupique.com\/en\/wp-json\/wp\/v2\/media?parent=195434"}],"wp:term":[{"taxonomy":"product_brand","embeddable":true,"href":"https:\/\/tupique.com\/en\/wp-json\/wp\/v2\/product_brand?post=195434"},{"taxonomy":"product_cat","embeddable":true,"href":"https:\/\/tupique.com\/en\/wp-json\/wp\/v2\/product_cat?post=195434"},{"taxonomy":"product_tag","embeddable":true,"href":"https:\/\/tupique.com\/en\/wp-json\/wp\/v2\/product_tag?post=195434"},{"taxonomy":"woo-feed-brand","embeddable":true,"href":"https:\/\/tupique.com\/en\/wp-json\/wp\/v2\/woo-feed-brand?post=195434"}],"curies":[{"name":"wp","href":"https:\/\/api.w.org\/{rel}","templated":true}]}}