{"id":19557,"date":"2026-03-29T17:18:29","date_gmt":"2026-03-29T15:18:29","guid":{"rendered":"https:\/\/bigbuy.tupique.com\/produto\/sofa-beige-polyester-linen-210-x-93-x-95-cm\/"},"modified":"2026-05-09T01:47:49","modified_gmt":"2026-05-08T23:47:49","slug":"sofa-beige-polyester-linen-210-x-93-x-95-cm","status":"publish","type":"product","link":"https:\/\/tupique.com\/en\/product\/sofa-beige-polyester-linen-210-x-93-x-95-cm\/","title":{"rendered":"Beige Polyester Linen Sofa 210 x 93 x 95 cm"},"content":{"rendered":"<p>Vous voulez donner une touche d&#8217;originalit\u00e9 \u00e0 votre maison ? Vous y arriverez gr\u00e2ce au <b>Beige Polyester Linen Sofa 210 x 93 x 95 cm<\/b>.<\/p>\n<ul>\n<li>Type: Canap\u00e9 Convertible<\/li>\n<li>Couleur: Beige<\/li>\n<li>Mat\u00e9riel:\n<ul>\n<li>Polyester<\/li>\n<li>Lin<\/li>\n<\/ul>\n<\/li>\n<li>Largeur: 93 cm<\/li>\n<li>Caract\u00e9ristiques:\n<ul>\n<li>Avec fermeture \u00e9clair<\/li>\n<li>N\u00e9cessite un montage<\/li>\n<\/ul>\n<\/li>\n<li>\u00c9lev\u00e9: 95 cm<\/li>\n<li>Long: 210 cm<\/li>\n<li>Poids Max. support\u00e9: 110 kg<\/li>\n<li>Dimensions approx.: 210 x 93 x 95 cm<\/li>\n<\/ul>","protected":false},"excerpt":{"rendered":"<p>Vous voulez donner une touche d&#8217;originalit\u00e9 \u00e0 votre maison ? Vous y arriverez gr\u00e2ce au Canap\u00e9 Beige Polyester Lin 210 x 93 x 95 cm. Type: Canap\u00e9 Convertible Couleur: Beige Mat\u00e9riel: Polyester Lin Largeur: 93 cm Caract\u00e9ristiques: Avec fermeture \u00e9clair N\u00e9cessite un montage \u00c9lev\u00e9: 95 cm Long: 210 cm Poids Max. support\u00e9: 110 kg Dimensions [&hellip;]<\/p>\n","protected":false},"featured_media":19548,"comment_status":"open","ping_status":"closed","template":"","meta":[],"product_brand":[122],"product_cat":[972,239,577],"product_tag":[104],"class_list":{"0":"post-19557","1":"product","2":"type-product","3":"status-publish","4":"has-post-thumbnail","6":"product_brand-brandp_2386","7":"product_cat-canapes-et-canapes-lits","8":"product_cat-maison-jardin","9":"product_cat-mobilier","10":"product_tag-tag_1279","12":"first","13":"instock","14":"taxable","15":"shipping-taxable","16":"purchasable","17":"product-type-simple"},"yoast_head":"<!-- This site is optimized with the Yoast SEO plugin v27.5 - https:\/\/yoast.com\/product\/yoast-seo-wordpress\/ -->\n<title>Canap\u00e9 Beige Polyester Lin 210 x 93 x 95 cm - Tupique<\/title>\n<meta name=\"robots\" content=\"index, follow, max-snippet:-1, max-image-preview:large, max-video-preview:-1\" \/>\n<link rel=\"canonical\" href=\"https:\/\/tupique.com\/en\/product\/sofa-beige-polyester-linen-210-x-93-x-95-cm\/\" \/>\n<meta property=\"og:locale\" content=\"en_GB\" \/>\n<meta property=\"og:type\" content=\"article\" \/>\n<meta property=\"og:title\" content=\"Canap\u00e9 Beige Polyester Lin 210 x 93 x 95 cm - Tupique\" \/>\n<meta property=\"og:description\" content=\"Vous voulez donner une touche d&#8217;originalit\u00e9 \u00e0 votre maison ? Vous y arriverez gr\u00e2ce au Canap\u00e9 Beige Polyester Lin 210 x 93 x 95 cm. Type: Canap\u00e9 Convertible Couleur: Beige Mat\u00e9riel: Polyester Lin Largeur: 93 cm Caract\u00e9ristiques: Avec fermeture \u00e9clair N\u00e9cessite un montage \u00c9lev\u00e9: 95 cm Long: 210 cm Poids Max. support\u00e9: 110 kg Dimensions [&hellip;]\" \/>\n<meta property=\"og:url\" content=\"https:\/\/tupique.com\/en\/product\/sofa-beige-polyester-linen-210-x-93-x-95-cm\/\" \/>\n<meta property=\"og:site_name\" content=\"Tupique\" \/>\n<meta property=\"article:modified_time\" content=\"2026-05-08T23:47:49+00:00\" \/>\n<meta property=\"og:image\" content=\"https:\/\/tupique.com\/wp-content\/uploads\/2026\/03\/8445146089038_S8804338_P10.jpg\" \/>\n\t<meta property=\"og:image:width\" content=\"1200\" \/>\n\t<meta property=\"og:image:height\" content=\"1200\" \/>\n\t<meta property=\"og:image:type\" content=\"image\/jpeg\" \/>\n<meta name=\"twitter:card\" content=\"summary_large_image\" \/>\n<script type=\"application\/ld+json\" class=\"yoast-schema-graph\">{\"@context\":\"https:\\\/\\\/schema.org\",\"@graph\":[{\"@type\":\"WebPage\",\"@id\":\"https:\\\/\\\/tupique.com\\\/product\\\/sofa-beige-polyester-linen-210-x-93-x-95-cm\\\/\",\"url\":\"https:\\\/\\\/tupique.com\\\/product\\\/sofa-beige-polyester-linen-210-x-93-x-95-cm\\\/\",\"name\":\"Canap\u00e9 Beige Polyester Lin 210 x 93 x 95 cm - Tupique\",\"isPartOf\":{\"@id\":\"https:\\\/\\\/tupique.com\\\/#website\"},\"primaryImageOfPage\":{\"@id\":\"https:\\\/\\\/tupique.com\\\/product\\\/sofa-beige-polyester-linen-210-x-93-x-95-cm\\\/#primaryimage\"},\"image\":{\"@id\":\"https:\\\/\\\/tupique.com\\\/product\\\/sofa-beige-polyester-linen-210-x-93-x-95-cm\\\/#primaryimage\"},\"thumbnailUrl\":\"https:\\\/\\\/tupique.com\\\/wp-content\\\/uploads\\\/2026\\\/03\\\/8445146089038_S8804338_P10.jpg\",\"datePublished\":\"2026-03-29T15:18:29+00:00\",\"dateModified\":\"2026-05-08T23:47:49+00:00\",\"breadcrumb\":{\"@id\":\"https:\\\/\\\/tupique.com\\\/product\\\/sofa-beige-polyester-linen-210-x-93-x-95-cm\\\/#breadcrumb\"},\"inLanguage\":\"en-GB\",\"potentialAction\":[{\"@type\":\"ReadAction\",\"target\":[\"https:\\\/\\\/tupique.com\\\/product\\\/sofa-beige-polyester-linen-210-x-93-x-95-cm\\\/\"]}]},{\"@type\":\"ImageObject\",\"inLanguage\":\"en-GB\",\"@id\":\"https:\\\/\\\/tupique.com\\\/product\\\/sofa-beige-polyester-linen-210-x-93-x-95-cm\\\/#primaryimage\",\"url\":\"https:\\\/\\\/tupique.com\\\/wp-content\\\/uploads\\\/2026\\\/03\\\/8445146089038_S8804338_P10.jpg\",\"contentUrl\":\"https:\\\/\\\/tupique.com\\\/wp-content\\\/uploads\\\/2026\\\/03\\\/8445146089038_S8804338_P10.jpg\",\"width\":1200,\"height\":1200,\"caption\":\"S8804338_0\"},{\"@type\":\"BreadcrumbList\",\"@id\":\"https:\\\/\\\/tupique.com\\\/product\\\/sofa-beige-polyester-linen-210-x-93-x-95-cm\\\/#breadcrumb\",\"itemListElement\":[{\"@type\":\"ListItem\",\"position\":1,\"name\":\"commencer\",\"item\":\"https:\\\/\\\/tupique.com\\\/\"},{\"@type\":\"ListItem\",\"position\":2,\"name\":\"Loja\",\"item\":\"https:\\\/\\\/tupique.com\\\/loja\\\/\"},{\"@type\":\"ListItem\",\"position\":3,\"name\":\"Canap\u00e9 Beige Polyester Lin 210 x 93 x 95 cm\"}]},{\"@type\":\"WebSite\",\"@id\":\"https:\\\/\\\/tupique.com\\\/#website\",\"url\":\"https:\\\/\\\/tupique.com\\\/\",\"name\":\"Tupique\",\"description\":\"\",\"publisher\":{\"@id\":\"https:\\\/\\\/tupique.com\\\/#organization\"},\"potentialAction\":[{\"@type\":\"SearchAction\",\"target\":{\"@type\":\"EntryPoint\",\"urlTemplate\":\"https:\\\/\\\/tupique.com\\\/?s={search_term_string}\"},\"query-input\":{\"@type\":\"PropertyValueSpecification\",\"valueRequired\":true,\"valueName\":\"search_term_string\"}}],\"inLanguage\":\"en-GB\"},{\"@type\":\"Organization\",\"@id\":\"https:\\\/\\\/tupique.com\\\/#organization\",\"name\":\"Tupique\",\"url\":\"https:\\\/\\\/tupique.com\\\/\",\"logo\":{\"@type\":\"ImageObject\",\"inLanguage\":\"en-GB\",\"@id\":\"https:\\\/\\\/tupique.com\\\/#\\\/schema\\\/logo\\\/image\\\/\",\"url\":\"https:\\\/\\\/tupique.com\\\/wp-content\\\/uploads\\\/2026\\\/03\\\/logo-tupique-1.webp\",\"contentUrl\":\"https:\\\/\\\/tupique.com\\\/wp-content\\\/uploads\\\/2026\\\/03\\\/logo-tupique-1.webp\",\"width\":500,\"height\":67,\"caption\":\"Tupique\"},\"image\":{\"@id\":\"https:\\\/\\\/tupique.com\\\/#\\\/schema\\\/logo\\\/image\\\/\"}}]}<\/script>\n<!-- \/ Yoast SEO plugin. -->","yoast_head_json":{"title":"Canap\u00e9 Beige Polyester Lin 210 x 93 x 95 cm - Tupique","robots":{"index":"index","follow":"follow","max-snippet":"max-snippet:-1","max-image-preview":"max-image-preview:large","max-video-preview":"max-video-preview:-1"},"canonical":"https:\/\/tupique.com\/en\/product\/sofa-beige-polyester-linen-210-x-93-x-95-cm\/","og_locale":"en_GB","og_type":"article","og_title":"Canap\u00e9 Beige Polyester Lin 210 x 93 x 95 cm - Tupique","og_description":"Vous voulez donner une touche d&#8217;originalit\u00e9 \u00e0 votre maison ? Vous y arriverez gr\u00e2ce au Canap\u00e9 Beige Polyester Lin 210 x 93 x 95 cm. Type: Canap\u00e9 Convertible Couleur: Beige Mat\u00e9riel: Polyester Lin Largeur: 93 cm Caract\u00e9ristiques: Avec fermeture \u00e9clair N\u00e9cessite un montage \u00c9lev\u00e9: 95 cm Long: 210 cm Poids Max. support\u00e9: 110 kg Dimensions [&hellip;]","og_url":"https:\/\/tupique.com\/en\/product\/sofa-beige-polyester-linen-210-x-93-x-95-cm\/","og_site_name":"Tupique","article_modified_time":"2026-05-08T23:47:49+00:00","og_image":[{"width":1200,"height":1200,"url":"https:\/\/tupique.com\/wp-content\/uploads\/2026\/03\/8445146089038_S8804338_P10.jpg","type":"image\/jpeg"}],"twitter_card":"summary_large_image","schema":{"@context":"https:\/\/schema.org","@graph":[{"@type":"WebPage","@id":"https:\/\/tupique.com\/product\/sofa-beige-polyester-linen-210-x-93-x-95-cm\/","url":"https:\/\/tupique.com\/product\/sofa-beige-polyester-linen-210-x-93-x-95-cm\/","name":"Canap\u00e9 Beige Polyester Lin 210 x 93 x 95 cm - Tupique","isPartOf":{"@id":"https:\/\/tupique.com\/#website"},"primaryImageOfPage":{"@id":"https:\/\/tupique.com\/product\/sofa-beige-polyester-linen-210-x-93-x-95-cm\/#primaryimage"},"image":{"@id":"https:\/\/tupique.com\/product\/sofa-beige-polyester-linen-210-x-93-x-95-cm\/#primaryimage"},"thumbnailUrl":"https:\/\/tupique.com\/wp-content\/uploads\/2026\/03\/8445146089038_S8804338_P10.jpg","datePublished":"2026-03-29T15:18:29+00:00","dateModified":"2026-05-08T23:47:49+00:00","breadcrumb":{"@id":"https:\/\/tupique.com\/product\/sofa-beige-polyester-linen-210-x-93-x-95-cm\/#breadcrumb"},"inLanguage":"en-GB","potentialAction":[{"@type":"ReadAction","target":["https:\/\/tupique.com\/product\/sofa-beige-polyester-linen-210-x-93-x-95-cm\/"]}]},{"@type":"ImageObject","inLanguage":"en-GB","@id":"https:\/\/tupique.com\/product\/sofa-beige-polyester-linen-210-x-93-x-95-cm\/#primaryimage","url":"https:\/\/tupique.com\/wp-content\/uploads\/2026\/03\/8445146089038_S8804338_P10.jpg","contentUrl":"https:\/\/tupique.com\/wp-content\/uploads\/2026\/03\/8445146089038_S8804338_P10.jpg","width":1200,"height":1200,"caption":"S8804338_0"},{"@type":"BreadcrumbList","@id":"https:\/\/tupique.com\/product\/sofa-beige-polyester-linen-210-x-93-x-95-cm\/#breadcrumb","itemListElement":[{"@type":"ListItem","position":1,"name":"commencer","item":"https:\/\/tupique.com\/"},{"@type":"ListItem","position":2,"name":"Loja","item":"https:\/\/tupique.com\/loja\/"},{"@type":"ListItem","position":3,"name":"Canap\u00e9 Beige Polyester Lin 210 x 93 x 95 cm"}]},{"@type":"WebSite","@id":"https:\/\/tupique.com\/#website","url":"https:\/\/tupique.com\/","name":"Tupique","description":"","publisher":{"@id":"https:\/\/tupique.com\/#organization"},"potentialAction":[{"@type":"SearchAction","target":{"@type":"EntryPoint","urlTemplate":"https:\/\/tupique.com\/?s={search_term_string}"},"query-input":{"@type":"PropertyValueSpecification","valueRequired":true,"valueName":"search_term_string"}}],"inLanguage":"en-GB"},{"@type":"Organization","@id":"https:\/\/tupique.com\/#organization","name":"Tupique","url":"https:\/\/tupique.com\/","logo":{"@type":"ImageObject","inLanguage":"en-GB","@id":"https:\/\/tupique.com\/#\/schema\/logo\/image\/","url":"https:\/\/tupique.com\/wp-content\/uploads\/2026\/03\/logo-tupique-1.webp","contentUrl":"https:\/\/tupique.com\/wp-content\/uploads\/2026\/03\/logo-tupique-1.webp","width":500,"height":67,"caption":"Tupique"},"image":{"@id":"https:\/\/tupique.com\/#\/schema\/logo\/image\/"}}]}},"_links":{"self":[{"href":"https:\/\/tupique.com\/en\/wp-json\/wp\/v2\/product\/19557","targetHints":{"allow":["GET"]}}],"collection":[{"href":"https:\/\/tupique.com\/en\/wp-json\/wp\/v2\/product"}],"about":[{"href":"https:\/\/tupique.com\/en\/wp-json\/wp\/v2\/types\/product"}],"replies":[{"embeddable":true,"href":"https:\/\/tupique.com\/en\/wp-json\/wp\/v2\/comments?post=19557"}],"wp:featuredmedia":[{"embeddable":true,"href":"https:\/\/tupique.com\/en\/wp-json\/wp\/v2\/media\/19548"}],"wp:attachment":[{"href":"https:\/\/tupique.com\/en\/wp-json\/wp\/v2\/media?parent=19557"}],"wp:term":[{"taxonomy":"product_brand","embeddable":true,"href":"https:\/\/tupique.com\/en\/wp-json\/wp\/v2\/product_brand?post=19557"},{"taxonomy":"product_cat","embeddable":true,"href":"https:\/\/tupique.com\/en\/wp-json\/wp\/v2\/product_cat?post=19557"},{"taxonomy":"product_tag","embeddable":true,"href":"https:\/\/tupique.com\/en\/wp-json\/wp\/v2\/product_tag?post=19557"}],"curies":[{"name":"wp","href":"https:\/\/api.w.org\/{rel}","templated":true}]}}