{"id":195658,"date":"2026-05-12T06:03:40","date_gmt":"2026-05-12T04:03:40","guid":{"rendered":"https:\/\/tupique.com\/product\/bestway-masque-de-plongee-adulte-bande-anatomique-couleur-assortie-14-ans-plage-et-piscine-22056\/"},"modified":"2026-05-12T06:03:40","modified_gmt":"2026-05-12T04:03:40","slug":"bestway-masque-de-plongee-adulte-bande-anatomique-couleur-assortie-14-ans-plage-et-piscine-22056","status":"publish","type":"product","link":"https:\/\/tupique.com\/en\/product\/bestway-masque-de-plongee-adulte-bande-anatomique-couleur-assortie-14-ans-plage-et-piscine-22056\/","title":{"rendered":"Bestway Masque de Plong\u00e9e Adulte Bande Anatomique Couleur Assortie +14 ans Plage et Piscine 22056"},"content":{"rendered":"<p>Restez en forme et d\u00e9couvrez les derni\u00e8res nouveaut\u00e9s du secteur pour faire du sport avec les meilleures garanties ! Achetez <b>masque de plong\u00e9e Bestway Junior (1 Unit\u00e9)<\/b> au meilleur prix et profitez d&#8217;une vie saine !<\/p>\n<p>The <b>masque de plong\u00e9e Junior<\/b> of <b>Bestway<\/b> est le choix parfait pour am\u00e9liorer l&#8217;exp\u00e9rience de natation des jeunes aventuriers \u00e0 partir de 7 ans. Con\u00e7u dans une couleur <b>multicolore<\/b> attrayante, ce masque allie style et fonctionnalit\u00e9 pour rendre chaque s\u00e9ance de plong\u00e9e m\u00e9morable et amusante. Avec un design unisexe qui s&#8217;adapte confortablement \u00e0 la plupart des visages, il offre un ajustement s\u00fbr et confortable, garantissant que les petits nageurs peuvent se concentrer sur le plaisir de l&#8217;eau sans distractions. La qualit\u00e9 de la <b>fabrication<\/b> assure une visibilit\u00e9 claire et une protection ad\u00e9quate, ce qui est essentiel lors de l&#8217;exploration du fond de la piscine ou de l&#8217;oc\u00e9an. Il est id\u00e9al pour les enfants qui souhaitent apprendre \u00e0 nager ou simplement profiter de la natation de mani\u00e8re plus immersive. Le <b>masque de plong\u00e9e<\/b> de Bestway est r\u00e9sistant et facile \u00e0 utiliser, permettant aux enfants de se sentir en s\u00e9curit\u00e9 tout en explorant leur environnement aquatique. Ce masque favorise non seulement le plaisir, mais il renforce \u00e9galement la confiance dans l&#8217;eau, en faisant un excellent investissement pour l&#8217;\u00e9t\u00e9 et au-del\u00e0. Avec son design optimis\u00e9 pour les jeunes nageurs, c&#8217;est l&#8217;outil parfait pour transformer chaque baignade en une aventure sous-marine passionnante.<\/p>\n<ul>\n<li>Informations importantes:\n<ul>\n<li>Dessins assortis envoy\u00e9s al\u00e9atoirement selon le stock disponible<\/li>\n<li>Sans latex<\/li>\n<\/ul>\n<\/li>\n<li>\u00c2ge recommand\u00e9: + 7 Ans<\/li>\n<li>Unit\u00e9s: 1 Unit\u00e9<\/li>\n<li>Recommended use:\n<ul>\n<li>Piscine<\/li>\n<li>Plage<\/li>\n<li>Ext\u00e9rieur<\/li>\n<li>Camping<\/li>\n<\/ul>\n<\/li>\n<li>Type: Masque de plong\u00e9e<\/li>\n<li>Couleur: Multicouleur<\/li>\n<li>Mat\u00e9riel: Polycarbonate<\/li>\n<li>Features:\n<ul>\n<li>Protection contre les UV<\/li>\n<li>Forme anatomique<\/li>\n<li>Nettoyage par chiffon humide<\/li>\n<\/ul>\n<\/li>\n<\/ul>\n<p>Informations importantes: Dessins assortis envoy\u00e9s al\u00e9atoirement selon le stock disponible. <\/p>\n<p> Informations importantes: Sans latex.<\/p>","protected":false},"excerpt":{"rendered":"<p><span class=\"unit-info\">23.9900 &euro; \/ 1 unit<\/span><\/p>","protected":false},"featured_media":195651,"comment_status":"open","ping_status":"closed","template":"","meta":[],"product_brand":[1771],"product_cat":[2774,1769,1764],"product_tag":[721,1816,163],"woo-feed-brand":[],"class_list":{"0":"post-195658","1":"product","2":"type-product","3":"status-publish","4":"has-post-thumbnail","6":"product_brand-brandp_520","7":"product_cat-lunettes-de-plongee-et-de-snorkeling","8":"product_cat-plage-et-piscine","9":"product_cat-sports-loisirs","10":"product_tag-tag_124","11":"product_tag-tag_1272","12":"product_tag-tag_17","14":"first","15":"instock","16":"taxable","17":"shipping-taxable","18":"purchasable","19":"product-type-simple"},"yoast_head":"<!-- This site is optimized with the Yoast SEO plugin v27.6 - https:\/\/yoast.com\/product\/yoast-seo-wordpress\/ -->\n<title>Bestway Masque de Plong\u00e9e Adulte Bande Anatomique Couleur Assortie +14 ans Plage et Piscine 22056 | | Tupique<\/title>\n<meta name=\"description\" content=\"Envie d&#039;acheter Bestway Masque de Plong\u00e9e Adulte Bande Anatomique Couleur Assortie +14 ans Plage et Piscine 22056\u00a0? Achetez Bestway Masque de Plong\u00e9e Adulte Bande Anatomique Couleur Assortie +14 ans Plage et Piscine 22056 maintenant avec Tupique en 3 versements sans int\u00e9r\u00eat.\" \/>\n<meta name=\"robots\" content=\"index, follow, max-snippet:-1, max-image-preview:large, max-video-preview:-1\" \/>\n<link rel=\"canonical\" href=\"https:\/\/tupique.com\/en\/product\/bestway-masque-de-plongee-adulte-bande-anatomique-couleur-assortie-14-ans-plage-et-piscine-22056\/\" \/>\n<meta property=\"og:locale\" content=\"en_GB\" \/>\n<meta property=\"og:type\" content=\"article\" \/>\n<meta property=\"og:title\" content=\"Bestway Masque de Plong\u00e9e Adulte Bande Anatomique Couleur Assortie +14 ans Plage et Piscine 22056 | | Tupique\" \/>\n<meta property=\"og:description\" content=\"Envie d&#039;acheter Bestway Masque de Plong\u00e9e Adulte Bande Anatomique Couleur Assortie +14 ans Plage et Piscine 22056\u00a0? Achetez Bestway Masque de Plong\u00e9e Adulte Bande Anatomique Couleur Assortie +14 ans Plage et Piscine 22056 maintenant avec Tupique en 3 versements sans int\u00e9r\u00eat.\" \/>\n<meta property=\"og:url\" content=\"https:\/\/tupique.com\/en\/product\/bestway-masque-de-plongee-adulte-bande-anatomique-couleur-assortie-14-ans-plage-et-piscine-22056\/\" \/>\n<meta property=\"og:site_name\" content=\"Tupique\" \/>\n<meta property=\"og:image\" content=\"https:\/\/tupique.com\/wp-content\/uploads\/2026\/05\/6941607331095_D1400679_P00.jpg\" \/>\n\t<meta property=\"og:image:width\" content=\"1200\" \/>\n\t<meta property=\"og:image:height\" content=\"1200\" \/>\n\t<meta property=\"og:image:type\" content=\"image\/jpeg\" \/>\n<meta name=\"twitter:card\" content=\"summary_large_image\" \/>\n<meta name=\"twitter:label1\" content=\"Est. reading time\" \/>\n\t<meta name=\"twitter:data1\" content=\"2 minutes\" \/>\n<script type=\"application\/ld+json\" class=\"yoast-schema-graph\">{\"@context\":\"https:\\\/\\\/schema.org\",\"@graph\":[{\"@type\":\"WebPage\",\"@id\":\"https:\\\/\\\/tupique.com\\\/product\\\/bestway-masque-de-plongee-adulte-bande-anatomique-couleur-assortie-14-ans-plage-et-piscine-22056\\\/\",\"url\":\"https:\\\/\\\/tupique.com\\\/product\\\/bestway-masque-de-plongee-adulte-bande-anatomique-couleur-assortie-14-ans-plage-et-piscine-22056\\\/\",\"name\":\"Bestway Masque de Plong\u00e9e Adulte Bande Anatomique Couleur Assortie +14 ans Plage et Piscine 22056 | | Tupique\",\"isPartOf\":{\"@id\":\"https:\\\/\\\/tupique.com\\\/#website\"},\"primaryImageOfPage\":{\"@id\":\"https:\\\/\\\/tupique.com\\\/product\\\/bestway-masque-de-plongee-adulte-bande-anatomique-couleur-assortie-14-ans-plage-et-piscine-22056\\\/#primaryimage\"},\"image\":{\"@id\":\"https:\\\/\\\/tupique.com\\\/product\\\/bestway-masque-de-plongee-adulte-bande-anatomique-couleur-assortie-14-ans-plage-et-piscine-22056\\\/#primaryimage\"},\"thumbnailUrl\":\"https:\\\/\\\/tupique.com\\\/wp-content\\\/uploads\\\/2026\\\/05\\\/6941607331095_D1400679_P00.jpg\",\"datePublished\":\"2026-05-12T04:03:40+00:00\",\"description\":\"Envie d'acheter Bestway Masque de Plong\u00e9e Adulte Bande Anatomique Couleur Assortie +14 ans Plage et Piscine 22056\u00a0? Achetez Bestway Masque de Plong\u00e9e Adulte Bande Anatomique Couleur Assortie +14 ans Plage et Piscine 22056 maintenant avec Tupique en 3 versements sans int\u00e9r\u00eat.\",\"breadcrumb\":{\"@id\":\"https:\\\/\\\/tupique.com\\\/product\\\/bestway-masque-de-plongee-adulte-bande-anatomique-couleur-assortie-14-ans-plage-et-piscine-22056\\\/#breadcrumb\"},\"inLanguage\":\"en-GB\",\"potentialAction\":[{\"@type\":\"ReadAction\",\"target\":[\"https:\\\/\\\/tupique.com\\\/product\\\/bestway-masque-de-plongee-adulte-bande-anatomique-couleur-assortie-14-ans-plage-et-piscine-22056\\\/\"]}]},{\"@type\":\"ImageObject\",\"inLanguage\":\"en-GB\",\"@id\":\"https:\\\/\\\/tupique.com\\\/product\\\/bestway-masque-de-plongee-adulte-bande-anatomique-couleur-assortie-14-ans-plage-et-piscine-22056\\\/#primaryimage\",\"url\":\"https:\\\/\\\/tupique.com\\\/wp-content\\\/uploads\\\/2026\\\/05\\\/6941607331095_D1400679_P00.jpg\",\"contentUrl\":\"https:\\\/\\\/tupique.com\\\/wp-content\\\/uploads\\\/2026\\\/05\\\/6941607331095_D1400679_P00.jpg\",\"width\":1200,\"height\":1200,\"caption\":\"D1400679_0\"},{\"@type\":\"BreadcrumbList\",\"@id\":\"https:\\\/\\\/tupique.com\\\/product\\\/bestway-masque-de-plongee-adulte-bande-anatomique-couleur-assortie-14-ans-plage-et-piscine-22056\\\/#breadcrumb\",\"itemListElement\":[{\"@type\":\"ListItem\",\"position\":1,\"name\":\"commencer\",\"item\":\"https:\\\/\\\/tupique.com\\\/\"},{\"@type\":\"ListItem\",\"position\":2,\"name\":\"Loja\",\"item\":\"https:\\\/\\\/tupique.com\\\/pt\\\/loja\\\/\"},{\"@type\":\"ListItem\",\"position\":3,\"name\":\"Bestway Masque de Plong\u00e9e Adulte Bande Anatomique Couleur Assortie +14 ans Plage et Piscine 22056\"}]},{\"@type\":\"WebSite\",\"@id\":\"https:\\\/\\\/tupique.com\\\/#website\",\"url\":\"https:\\\/\\\/tupique.com\\\/\",\"name\":\"Tupique\",\"description\":\"\",\"publisher\":{\"@id\":\"https:\\\/\\\/tupique.com\\\/#organization\"},\"potentialAction\":[{\"@type\":\"SearchAction\",\"target\":{\"@type\":\"EntryPoint\",\"urlTemplate\":\"https:\\\/\\\/tupique.com\\\/?s={search_term_string}\"},\"query-input\":{\"@type\":\"PropertyValueSpecification\",\"valueRequired\":true,\"valueName\":\"search_term_string\"}}],\"inLanguage\":\"en-GB\"},{\"@type\":\"Organization\",\"@id\":\"https:\\\/\\\/tupique.com\\\/#organization\",\"name\":\"Tupique\",\"url\":\"https:\\\/\\\/tupique.com\\\/\",\"logo\":{\"@type\":\"ImageObject\",\"inLanguage\":\"en-GB\",\"@id\":\"https:\\\/\\\/tupique.com\\\/#\\\/schema\\\/logo\\\/image\\\/\",\"url\":\"https:\\\/\\\/tupique.com\\\/wp-content\\\/uploads\\\/2026\\\/03\\\/logo-tupique-1.webp\",\"contentUrl\":\"https:\\\/\\\/tupique.com\\\/wp-content\\\/uploads\\\/2026\\\/03\\\/logo-tupique-1.webp\",\"width\":500,\"height\":67,\"caption\":\"Tupique\"},\"image\":{\"@id\":\"https:\\\/\\\/tupique.com\\\/#\\\/schema\\\/logo\\\/image\\\/\"}}]}<\/script>\n<!-- \/ Yoast SEO plugin. -->","yoast_head_json":{"title":"Bestway Masque de Plong\u00e9e Adulte Bande Anatomique Couleur Assortie +14 ans Plage et Piscine 22056 | | Tupique","description":"Envie d'acheter Bestway Masque de Plong\u00e9e Adulte Bande Anatomique Couleur Assortie +14 ans Plage et Piscine 22056\u00a0? Achetez Bestway Masque de Plong\u00e9e Adulte Bande Anatomique Couleur Assortie +14 ans Plage et Piscine 22056 maintenant avec Tupique en 3 versements sans int\u00e9r\u00eat.","robots":{"index":"index","follow":"follow","max-snippet":"max-snippet:-1","max-image-preview":"max-image-preview:large","max-video-preview":"max-video-preview:-1"},"canonical":"https:\/\/tupique.com\/en\/product\/bestway-masque-de-plongee-adulte-bande-anatomique-couleur-assortie-14-ans-plage-et-piscine-22056\/","og_locale":"en_GB","og_type":"article","og_title":"Bestway Masque de Plong\u00e9e Adulte Bande Anatomique Couleur Assortie +14 ans Plage et Piscine 22056 | | Tupique","og_description":"Envie d'acheter Bestway Masque de Plong\u00e9e Adulte Bande Anatomique Couleur Assortie +14 ans Plage et Piscine 22056\u00a0? Achetez Bestway Masque de Plong\u00e9e Adulte Bande Anatomique Couleur Assortie +14 ans Plage et Piscine 22056 maintenant avec Tupique en 3 versements sans int\u00e9r\u00eat.","og_url":"https:\/\/tupique.com\/en\/product\/bestway-masque-de-plongee-adulte-bande-anatomique-couleur-assortie-14-ans-plage-et-piscine-22056\/","og_site_name":"Tupique","og_image":[{"width":1200,"height":1200,"url":"https:\/\/tupique.com\/wp-content\/uploads\/2026\/05\/6941607331095_D1400679_P00.jpg","type":"image\/jpeg"}],"twitter_card":"summary_large_image","twitter_misc":{"Est. reading time":"2 minutes"},"schema":{"@context":"https:\/\/schema.org","@graph":[{"@type":"WebPage","@id":"https:\/\/tupique.com\/product\/bestway-masque-de-plongee-adulte-bande-anatomique-couleur-assortie-14-ans-plage-et-piscine-22056\/","url":"https:\/\/tupique.com\/product\/bestway-masque-de-plongee-adulte-bande-anatomique-couleur-assortie-14-ans-plage-et-piscine-22056\/","name":"Bestway Masque de Plong\u00e9e Adulte Bande Anatomique Couleur Assortie +14 ans Plage et Piscine 22056 | | Tupique","isPartOf":{"@id":"https:\/\/tupique.com\/#website"},"primaryImageOfPage":{"@id":"https:\/\/tupique.com\/product\/bestway-masque-de-plongee-adulte-bande-anatomique-couleur-assortie-14-ans-plage-et-piscine-22056\/#primaryimage"},"image":{"@id":"https:\/\/tupique.com\/product\/bestway-masque-de-plongee-adulte-bande-anatomique-couleur-assortie-14-ans-plage-et-piscine-22056\/#primaryimage"},"thumbnailUrl":"https:\/\/tupique.com\/wp-content\/uploads\/2026\/05\/6941607331095_D1400679_P00.jpg","datePublished":"2026-05-12T04:03:40+00:00","description":"Envie d'acheter Bestway Masque de Plong\u00e9e Adulte Bande Anatomique Couleur Assortie +14 ans Plage et Piscine 22056\u00a0? Achetez Bestway Masque de Plong\u00e9e Adulte Bande Anatomique Couleur Assortie +14 ans Plage et Piscine 22056 maintenant avec Tupique en 3 versements sans int\u00e9r\u00eat.","breadcrumb":{"@id":"https:\/\/tupique.com\/product\/bestway-masque-de-plongee-adulte-bande-anatomique-couleur-assortie-14-ans-plage-et-piscine-22056\/#breadcrumb"},"inLanguage":"en-GB","potentialAction":[{"@type":"ReadAction","target":["https:\/\/tupique.com\/product\/bestway-masque-de-plongee-adulte-bande-anatomique-couleur-assortie-14-ans-plage-et-piscine-22056\/"]}]},{"@type":"ImageObject","inLanguage":"en-GB","@id":"https:\/\/tupique.com\/product\/bestway-masque-de-plongee-adulte-bande-anatomique-couleur-assortie-14-ans-plage-et-piscine-22056\/#primaryimage","url":"https:\/\/tupique.com\/wp-content\/uploads\/2026\/05\/6941607331095_D1400679_P00.jpg","contentUrl":"https:\/\/tupique.com\/wp-content\/uploads\/2026\/05\/6941607331095_D1400679_P00.jpg","width":1200,"height":1200,"caption":"D1400679_0"},{"@type":"BreadcrumbList","@id":"https:\/\/tupique.com\/product\/bestway-masque-de-plongee-adulte-bande-anatomique-couleur-assortie-14-ans-plage-et-piscine-22056\/#breadcrumb","itemListElement":[{"@type":"ListItem","position":1,"name":"commencer","item":"https:\/\/tupique.com\/"},{"@type":"ListItem","position":2,"name":"Loja","item":"https:\/\/tupique.com\/pt\/loja\/"},{"@type":"ListItem","position":3,"name":"Bestway Masque de Plong\u00e9e Adulte Bande Anatomique Couleur Assortie +14 ans Plage et Piscine 22056"}]},{"@type":"WebSite","@id":"https:\/\/tupique.com\/#website","url":"https:\/\/tupique.com\/","name":"Tupique","description":"","publisher":{"@id":"https:\/\/tupique.com\/#organization"},"potentialAction":[{"@type":"SearchAction","target":{"@type":"EntryPoint","urlTemplate":"https:\/\/tupique.com\/?s={search_term_string}"},"query-input":{"@type":"PropertyValueSpecification","valueRequired":true,"valueName":"search_term_string"}}],"inLanguage":"en-GB"},{"@type":"Organization","@id":"https:\/\/tupique.com\/#organization","name":"Tupique","url":"https:\/\/tupique.com\/","logo":{"@type":"ImageObject","inLanguage":"en-GB","@id":"https:\/\/tupique.com\/#\/schema\/logo\/image\/","url":"https:\/\/tupique.com\/wp-content\/uploads\/2026\/03\/logo-tupique-1.webp","contentUrl":"https:\/\/tupique.com\/wp-content\/uploads\/2026\/03\/logo-tupique-1.webp","width":500,"height":67,"caption":"Tupique"},"image":{"@id":"https:\/\/tupique.com\/#\/schema\/logo\/image\/"}}]}},"_links":{"self":[{"href":"https:\/\/tupique.com\/en\/wp-json\/wp\/v2\/product\/195658","targetHints":{"allow":["GET"]}}],"collection":[{"href":"https:\/\/tupique.com\/en\/wp-json\/wp\/v2\/product"}],"about":[{"href":"https:\/\/tupique.com\/en\/wp-json\/wp\/v2\/types\/product"}],"replies":[{"embeddable":true,"href":"https:\/\/tupique.com\/en\/wp-json\/wp\/v2\/comments?post=195658"}],"wp:featuredmedia":[{"embeddable":true,"href":"https:\/\/tupique.com\/en\/wp-json\/wp\/v2\/media\/195651"}],"wp:attachment":[{"href":"https:\/\/tupique.com\/en\/wp-json\/wp\/v2\/media?parent=195658"}],"wp:term":[{"taxonomy":"product_brand","embeddable":true,"href":"https:\/\/tupique.com\/en\/wp-json\/wp\/v2\/product_brand?post=195658"},{"taxonomy":"product_cat","embeddable":true,"href":"https:\/\/tupique.com\/en\/wp-json\/wp\/v2\/product_cat?post=195658"},{"taxonomy":"product_tag","embeddable":true,"href":"https:\/\/tupique.com\/en\/wp-json\/wp\/v2\/product_tag?post=195658"},{"taxonomy":"woo-feed-brand","embeddable":true,"href":"https:\/\/tupique.com\/en\/wp-json\/wp\/v2\/woo-feed-brand?post=195658"}],"curies":[{"name":"wp","href":"https:\/\/api.w.org\/{rel}","templated":true}]}}