{"id":195855,"date":"2026-05-12T06:18:57","date_gmt":"2026-05-12T04:18:57","guid":{"rendered":"https:\/\/tupique.com\/product\/bateau-gonflable-bestway-canard-109-x-99-cm-1-unite\/"},"modified":"2026-05-12T06:18:57","modified_gmt":"2026-05-12T04:18:57","slug":"bateau-gonflable-bestway-canard-109-x-99-cm-1-unite","status":"publish","type":"product","link":"https:\/\/tupique.com\/en\/product\/bateau-gonflable-bestway-canard-109-x-99-cm-1-unite\/","title":{"rendered":"Bateau gonflable Bestway Canard 109 x 99 cm (1 Unit\u00e9)"},"content":{"rendered":"<p>L&#8217;amusement est assur\u00e9 pour l&#8217;\u00e9t\u00e9, avec ces propositions qui plairont aux petits et aux grands ! Achetez <b>Bateau gonflable Bestway Canard 109 x 99 cm (1 Unit\u00e9)<\/b> et profitez de votre temps libre !<\/p>\n<ul>\n<li>Features:\n<ul>\n<li>avec son<\/li>\n<li>Nettoyage par chiffon humide<\/li>\n<\/ul>\n<\/li>\n<li>Design: Canard<\/li>\n<li>Dimensions approx.: 109 x 99 cm<\/li>\n<li>Couleur: Jaune<\/li>\n<li>Mat\u00e9riel: Plastique<\/li>\n<li>Largeur: 111 cm<\/li>\n<li>Recommended use:\n<ul>\n<li>Plage<\/li>\n<li>Ext\u00e9rieur<\/li>\n<li>Jardin<\/li>\n<li>Camping<\/li>\n<\/ul>\n<\/li>\n<\/ul>","protected":false},"excerpt":{"rendered":"<p>L&#8217;amusement est assur\u00e9 pour l&#8217;\u00e9t\u00e9, avec ces propositions qui plairont aux petits et aux grands ! Achetez Bateau gonflable Bestway Canard 109 x 99 cm (1 Unit\u00e9) et profitez de votre temps libre ! Caract\u00e9ristiques: avec son Nettoyage par chiffon humide Design: Canard Dimensions approx.: 109 x 99 cm Couleur: Jaune Mat\u00e9riel: Plastique Largeur: 111 [&hellip;]<\/p>\n","protected":false},"featured_media":195852,"comment_status":"open","ping_status":"closed","template":"","meta":[],"product_brand":[1771],"product_cat":[2263,1769,1764],"product_tag":[2247,57,721,1816,211],"woo-feed-brand":[],"class_list":{"0":"post-195855","1":"product","2":"type-product","3":"status-publish","4":"has-post-thumbnail","6":"product_brand-brandp_520","7":"product_cat-gonflables","8":"product_cat-plage-et-piscine","9":"product_cat-sports-loisirs","10":"product_tag-tag_32","11":"product_tag-tag_1275","12":"product_tag-tag_124","13":"product_tag-tag_1272","14":"product_tag-tag_3","16":"first","17":"instock","18":"taxable","19":"shipping-taxable","20":"purchasable","21":"product-type-simple"},"yoast_head":"<!-- This site is optimized with the Yoast SEO plugin v27.6 - https:\/\/yoast.com\/product\/yoast-seo-wordpress\/ -->\n<title>Bateau gonflable Bestway Canard 109 x 99 cm (1 Unit\u00e9) | | Tupique<\/title>\n<meta name=\"description\" content=\"Envie d&#039;acheter Bateau gonflable Bestway Canard 109 x 99 cm (1 Unit\u00e9)\u00a0? Achetez Bateau gonflable Bestway Canard 109 x 99 cm (1 Unit\u00e9) maintenant avec Tupique en 3 versements sans int\u00e9r\u00eat.\" \/>\n<meta name=\"robots\" content=\"index, follow, max-snippet:-1, max-image-preview:large, max-video-preview:-1\" \/>\n<link rel=\"canonical\" href=\"https:\/\/tupique.com\/en\/product\/bateau-gonflable-bestway-canard-109-x-99-cm-1-unite\/\" \/>\n<meta property=\"og:locale\" content=\"en_GB\" \/>\n<meta property=\"og:type\" content=\"article\" \/>\n<meta property=\"og:title\" content=\"Bateau gonflable Bestway Canard 109 x 99 cm (1 Unit\u00e9) | | Tupique\" \/>\n<meta property=\"og:description\" content=\"Envie d&#039;acheter Bateau gonflable Bestway Canard 109 x 99 cm (1 Unit\u00e9)\u00a0? Achetez Bateau gonflable Bestway Canard 109 x 99 cm (1 Unit\u00e9) maintenant avec Tupique en 3 versements sans int\u00e9r\u00eat.\" \/>\n<meta property=\"og:url\" content=\"https:\/\/tupique.com\/en\/product\/bateau-gonflable-bestway-canard-109-x-99-cm-1-unite\/\" \/>\n<meta property=\"og:site_name\" content=\"Tupique\" \/>\n<meta property=\"og:image\" content=\"https:\/\/tupique.com\/wp-content\/uploads\/2026\/05\/6941607312414_D1400742_P00.jpg\" \/>\n\t<meta property=\"og:image:width\" content=\"1200\" \/>\n\t<meta property=\"og:image:height\" content=\"1200\" \/>\n\t<meta property=\"og:image:type\" content=\"image\/jpeg\" \/>\n<meta name=\"twitter:card\" content=\"summary_large_image\" \/>\n<script type=\"application\/ld+json\" class=\"yoast-schema-graph\">{\"@context\":\"https:\\\/\\\/schema.org\",\"@graph\":[{\"@type\":\"WebPage\",\"@id\":\"https:\\\/\\\/tupique.com\\\/en\\\/product\\\/bateau-gonflable-bestway-canard-109-x-99-cm-1-unite\\\/\",\"url\":\"https:\\\/\\\/tupique.com\\\/en\\\/product\\\/bateau-gonflable-bestway-canard-109-x-99-cm-1-unite\\\/\",\"name\":\"Bateau gonflable Bestway Canard 109 x 99 cm (1 Unit\u00e9) | | Tupique\",\"isPartOf\":{\"@id\":\"https:\\\/\\\/tupique.com\\\/#website\"},\"primaryImageOfPage\":{\"@id\":\"https:\\\/\\\/tupique.com\\\/en\\\/product\\\/bateau-gonflable-bestway-canard-109-x-99-cm-1-unite\\\/#primaryimage\"},\"image\":{\"@id\":\"https:\\\/\\\/tupique.com\\\/en\\\/product\\\/bateau-gonflable-bestway-canard-109-x-99-cm-1-unite\\\/#primaryimage\"},\"thumbnailUrl\":\"https:\\\/\\\/tupique.com\\\/wp-content\\\/uploads\\\/2026\\\/05\\\/6941607312414_D1400742_P00.jpg\",\"datePublished\":\"2026-05-12T04:18:57+00:00\",\"description\":\"Envie d'acheter Bateau gonflable Bestway Canard 109 x 99 cm (1 Unit\u00e9)\u00a0? Achetez Bateau gonflable Bestway Canard 109 x 99 cm (1 Unit\u00e9) maintenant avec Tupique en 3 versements sans int\u00e9r\u00eat.\",\"breadcrumb\":{\"@id\":\"https:\\\/\\\/tupique.com\\\/en\\\/product\\\/bateau-gonflable-bestway-canard-109-x-99-cm-1-unite\\\/#breadcrumb\"},\"inLanguage\":\"en-GB\",\"potentialAction\":[{\"@type\":\"ReadAction\",\"target\":[\"https:\\\/\\\/tupique.com\\\/en\\\/product\\\/bateau-gonflable-bestway-canard-109-x-99-cm-1-unite\\\/\"]}]},{\"@type\":\"ImageObject\",\"inLanguage\":\"en-GB\",\"@id\":\"https:\\\/\\\/tupique.com\\\/en\\\/product\\\/bateau-gonflable-bestway-canard-109-x-99-cm-1-unite\\\/#primaryimage\",\"url\":\"https:\\\/\\\/tupique.com\\\/wp-content\\\/uploads\\\/2026\\\/05\\\/6941607312414_D1400742_P00.jpg\",\"contentUrl\":\"https:\\\/\\\/tupique.com\\\/wp-content\\\/uploads\\\/2026\\\/05\\\/6941607312414_D1400742_P00.jpg\",\"width\":1200,\"height\":1200,\"caption\":\"D1400742_0\"},{\"@type\":\"BreadcrumbList\",\"@id\":\"https:\\\/\\\/tupique.com\\\/en\\\/product\\\/bateau-gonflable-bestway-canard-109-x-99-cm-1-unite\\\/#breadcrumb\",\"itemListElement\":[{\"@type\":\"ListItem\",\"position\":1,\"name\":\"commencer\",\"item\":\"https:\\\/\\\/tupique.com\\\/\"},{\"@type\":\"ListItem\",\"position\":2,\"name\":\"Loja\",\"item\":\"https:\\\/\\\/tupique.com\\\/pt\\\/loja\\\/\"},{\"@type\":\"ListItem\",\"position\":3,\"name\":\"Bateau gonflable Bestway Canard 109 x 99 cm (1 Unit\u00e9)\"}]},{\"@type\":\"WebSite\",\"@id\":\"https:\\\/\\\/tupique.com\\\/#website\",\"url\":\"https:\\\/\\\/tupique.com\\\/\",\"name\":\"Tupique\",\"description\":\"\",\"publisher\":{\"@id\":\"https:\\\/\\\/tupique.com\\\/#organization\"},\"potentialAction\":[{\"@type\":\"SearchAction\",\"target\":{\"@type\":\"EntryPoint\",\"urlTemplate\":\"https:\\\/\\\/tupique.com\\\/?s={search_term_string}\"},\"query-input\":{\"@type\":\"PropertyValueSpecification\",\"valueRequired\":true,\"valueName\":\"search_term_string\"}}],\"inLanguage\":\"en-GB\"},{\"@type\":\"Organization\",\"@id\":\"https:\\\/\\\/tupique.com\\\/#organization\",\"name\":\"Tupique\",\"url\":\"https:\\\/\\\/tupique.com\\\/\",\"logo\":{\"@type\":\"ImageObject\",\"inLanguage\":\"en-GB\",\"@id\":\"https:\\\/\\\/tupique.com\\\/#\\\/schema\\\/logo\\\/image\\\/\",\"url\":\"https:\\\/\\\/tupique.com\\\/wp-content\\\/uploads\\\/2026\\\/03\\\/logo-tupique-1.webp\",\"contentUrl\":\"https:\\\/\\\/tupique.com\\\/wp-content\\\/uploads\\\/2026\\\/03\\\/logo-tupique-1.webp\",\"width\":500,\"height\":67,\"caption\":\"Tupique\"},\"image\":{\"@id\":\"https:\\\/\\\/tupique.com\\\/#\\\/schema\\\/logo\\\/image\\\/\"}}]}<\/script>\n<!-- \/ Yoast SEO plugin. -->","yoast_head_json":{"title":"Bateau gonflable Bestway Canard 109 x 99 cm (1 Unit\u00e9) | | Tupique","description":"Envie d'acheter Bateau gonflable Bestway Canard 109 x 99 cm (1 Unit\u00e9)\u00a0? Achetez Bateau gonflable Bestway Canard 109 x 99 cm (1 Unit\u00e9) maintenant avec Tupique en 3 versements sans int\u00e9r\u00eat.","robots":{"index":"index","follow":"follow","max-snippet":"max-snippet:-1","max-image-preview":"max-image-preview:large","max-video-preview":"max-video-preview:-1"},"canonical":"https:\/\/tupique.com\/en\/product\/bateau-gonflable-bestway-canard-109-x-99-cm-1-unite\/","og_locale":"en_GB","og_type":"article","og_title":"Bateau gonflable Bestway Canard 109 x 99 cm (1 Unit\u00e9) | | Tupique","og_description":"Envie d'acheter Bateau gonflable Bestway Canard 109 x 99 cm (1 Unit\u00e9)\u00a0? Achetez Bateau gonflable Bestway Canard 109 x 99 cm (1 Unit\u00e9) maintenant avec Tupique en 3 versements sans int\u00e9r\u00eat.","og_url":"https:\/\/tupique.com\/en\/product\/bateau-gonflable-bestway-canard-109-x-99-cm-1-unite\/","og_site_name":"Tupique","og_image":[{"width":1200,"height":1200,"url":"https:\/\/tupique.com\/wp-content\/uploads\/2026\/05\/6941607312414_D1400742_P00.jpg","type":"image\/jpeg"}],"twitter_card":"summary_large_image","schema":{"@context":"https:\/\/schema.org","@graph":[{"@type":"WebPage","@id":"https:\/\/tupique.com\/en\/product\/bateau-gonflable-bestway-canard-109-x-99-cm-1-unite\/","url":"https:\/\/tupique.com\/en\/product\/bateau-gonflable-bestway-canard-109-x-99-cm-1-unite\/","name":"Bateau gonflable Bestway Canard 109 x 99 cm (1 Unit\u00e9) | | Tupique","isPartOf":{"@id":"https:\/\/tupique.com\/#website"},"primaryImageOfPage":{"@id":"https:\/\/tupique.com\/en\/product\/bateau-gonflable-bestway-canard-109-x-99-cm-1-unite\/#primaryimage"},"image":{"@id":"https:\/\/tupique.com\/en\/product\/bateau-gonflable-bestway-canard-109-x-99-cm-1-unite\/#primaryimage"},"thumbnailUrl":"https:\/\/tupique.com\/wp-content\/uploads\/2026\/05\/6941607312414_D1400742_P00.jpg","datePublished":"2026-05-12T04:18:57+00:00","description":"Envie d'acheter Bateau gonflable Bestway Canard 109 x 99 cm (1 Unit\u00e9)\u00a0? Achetez Bateau gonflable Bestway Canard 109 x 99 cm (1 Unit\u00e9) maintenant avec Tupique en 3 versements sans int\u00e9r\u00eat.","breadcrumb":{"@id":"https:\/\/tupique.com\/en\/product\/bateau-gonflable-bestway-canard-109-x-99-cm-1-unite\/#breadcrumb"},"inLanguage":"en-GB","potentialAction":[{"@type":"ReadAction","target":["https:\/\/tupique.com\/en\/product\/bateau-gonflable-bestway-canard-109-x-99-cm-1-unite\/"]}]},{"@type":"ImageObject","inLanguage":"en-GB","@id":"https:\/\/tupique.com\/en\/product\/bateau-gonflable-bestway-canard-109-x-99-cm-1-unite\/#primaryimage","url":"https:\/\/tupique.com\/wp-content\/uploads\/2026\/05\/6941607312414_D1400742_P00.jpg","contentUrl":"https:\/\/tupique.com\/wp-content\/uploads\/2026\/05\/6941607312414_D1400742_P00.jpg","width":1200,"height":1200,"caption":"D1400742_0"},{"@type":"BreadcrumbList","@id":"https:\/\/tupique.com\/en\/product\/bateau-gonflable-bestway-canard-109-x-99-cm-1-unite\/#breadcrumb","itemListElement":[{"@type":"ListItem","position":1,"name":"commencer","item":"https:\/\/tupique.com\/"},{"@type":"ListItem","position":2,"name":"Loja","item":"https:\/\/tupique.com\/pt\/loja\/"},{"@type":"ListItem","position":3,"name":"Bateau gonflable Bestway Canard 109 x 99 cm (1 Unit\u00e9)"}]},{"@type":"WebSite","@id":"https:\/\/tupique.com\/#website","url":"https:\/\/tupique.com\/","name":"Tupique","description":"","publisher":{"@id":"https:\/\/tupique.com\/#organization"},"potentialAction":[{"@type":"SearchAction","target":{"@type":"EntryPoint","urlTemplate":"https:\/\/tupique.com\/?s={search_term_string}"},"query-input":{"@type":"PropertyValueSpecification","valueRequired":true,"valueName":"search_term_string"}}],"inLanguage":"en-GB"},{"@type":"Organization","@id":"https:\/\/tupique.com\/#organization","name":"Tupique","url":"https:\/\/tupique.com\/","logo":{"@type":"ImageObject","inLanguage":"en-GB","@id":"https:\/\/tupique.com\/#\/schema\/logo\/image\/","url":"https:\/\/tupique.com\/wp-content\/uploads\/2026\/03\/logo-tupique-1.webp","contentUrl":"https:\/\/tupique.com\/wp-content\/uploads\/2026\/03\/logo-tupique-1.webp","width":500,"height":67,"caption":"Tupique"},"image":{"@id":"https:\/\/tupique.com\/#\/schema\/logo\/image\/"}}]}},"_links":{"self":[{"href":"https:\/\/tupique.com\/en\/wp-json\/wp\/v2\/product\/195855","targetHints":{"allow":["GET"]}}],"collection":[{"href":"https:\/\/tupique.com\/en\/wp-json\/wp\/v2\/product"}],"about":[{"href":"https:\/\/tupique.com\/en\/wp-json\/wp\/v2\/types\/product"}],"replies":[{"embeddable":true,"href":"https:\/\/tupique.com\/en\/wp-json\/wp\/v2\/comments?post=195855"}],"wp:featuredmedia":[{"embeddable":true,"href":"https:\/\/tupique.com\/en\/wp-json\/wp\/v2\/media\/195852"}],"wp:attachment":[{"href":"https:\/\/tupique.com\/en\/wp-json\/wp\/v2\/media?parent=195855"}],"wp:term":[{"taxonomy":"product_brand","embeddable":true,"href":"https:\/\/tupique.com\/en\/wp-json\/wp\/v2\/product_brand?post=195855"},{"taxonomy":"product_cat","embeddable":true,"href":"https:\/\/tupique.com\/en\/wp-json\/wp\/v2\/product_cat?post=195855"},{"taxonomy":"product_tag","embeddable":true,"href":"https:\/\/tupique.com\/en\/wp-json\/wp\/v2\/product_tag?post=195855"},{"taxonomy":"woo-feed-brand","embeddable":true,"href":"https:\/\/tupique.com\/en\/wp-json\/wp\/v2\/woo-feed-brand?post=195855"}],"curies":[{"name":"wp","href":"https:\/\/api.w.org\/{rel}","templated":true}]}}