{"id":196697,"date":"2026-05-12T07:16:03","date_gmt":"2026-05-12T05:16:03","guid":{"rendered":"https:\/\/tupique.com\/product\/monture-de-lunettes-femme-sandro-paris-sd4012-51002\/"},"modified":"2026-05-12T07:16:03","modified_gmt":"2026-05-12T05:16:03","slug":"monture-de-lunettes-femme-sandro-paris-sd4012-51002","status":"publish","type":"product","link":"https:\/\/tupique.com\/en\/product\/monture-de-lunettes-femme-sandro-paris-sd4012-51002\/","title":{"rendered":"Monture de Lunettes Femme Sandro Paris SD4012 51002"},"content":{"rendered":"<p>Si vous envisagez de renouveler votre garde-robe, achetez <b>Monture de Lunettes Femme Sandro Paris SD4012 51002<\/b> et d\u2019autres<b>produits Sandro Paris<\/b>! La meilleure qualit\u00e9 au meilleur prix est \u00e0 votre port\u00e9e!<\/p>\n<p>The <b>monture de lunettes pour femme<\/b> <b>SD4012 51002<\/b> of <b>Sandro Paris<\/b> incarne l\u2019\u00e9quilibre entre \u00e9l\u00e9gance et fonctionnalit\u00e9, con\u00e7ue pour celles qui recherchent un accessoire raffin\u00e9 et polyvalent au quotidien. Cette <b>monture de lunettes<\/b> s\u2019adresse au public f\u00e9minin, avec des lignes modernes et des d\u00e9tails soign\u00e9s, s\u2019adaptant aussi bien aux styles classiques qu\u2019actuels. Fabriqu\u00e9e avec des mat\u00e9riaux de qualit\u00e9 et pens\u00e9e pour offrir un confort optimal lors d\u2019un port prolong\u00e9, la <b>SD4012 51002<\/b> est \u00e9quip\u00e9e de <b>verres sans correction<\/b>, permettant de personnaliser les verres selon les besoins visuels de chaque utilisatrice. L\u2019absence de correction facilite l\u2019adaptation de la monture aussi bien \u00e0 des verres optiques qu\u2019\u00e0 des verres solaires, en faisant une option flexible pour divers contextes, du milieu professionnel aux activit\u00e9s quotidiennes ou \u00e9v\u00e9nements sociaux. Le design sign\u00e9 Sandro Paris, reconnu pour son approche parisienne de la mode, garantit une finition sophistiqu\u00e9e qui met en valeur le visage et apporte une touche distinctive. Id\u00e9ale pour celles qui souhaitent un accessoire intemporel alliant style et praticit\u00e9, cette monture constitue une excellente base pour personnaliser facilement ses lunettes avec l\u2019assurance esth\u00e9tique et la qualit\u00e9 propres \u00e0 la marque. En r\u00e9sum\u00e9, la <b>monture SD4012 51002 de Sandro Paris<\/b> est un choix s\u00fbr pour un design moderne et une grande adaptabilit\u00e9, parfaite pour les femmes qui appr\u00e9cient \u00e0 la fois le style et la fonctionnalit\u00e9 dans leurs accessoires optiques.<\/p>\n<ul>\n<li>Caract\u00e9ristiques: Verres sans graduation<\/li>\n<li>Type: Monture de Lunettes<\/li>\n<li>Type de verre: Lentilles sans ordonnance<\/li>\n<li>Genre: Femme<\/li>\n<\/ul>","protected":false},"excerpt":{"rendered":"<p>Si vous envisagez de renouveler votre garde-robe, achetez Monture de Lunettes Femme Sandro Paris SD4012 51002 et d\u2019autresproduits Sandro Paris! La meilleure qualit\u00e9 au meilleur prix est \u00e0 votre port\u00e9e! La monture de lunettes pour femme SD4012 51002 de Sandro Paris incarne l\u2019\u00e9quilibre entre \u00e9l\u00e9gance et fonctionnalit\u00e9, con\u00e7ue pour celles qui recherchent un accessoire raffin\u00e9 [&hellip;]<\/p>\n","protected":false},"featured_media":196694,"comment_status":"open","ping_status":"closed","template":"","meta":[],"product_brand":[2522],"product_cat":[776,777,752],"product_tag":[542],"woo-feed-brand":[],"class_list":{"0":"post-196697","1":"product","2":"type-product","3":"status-publish","4":"has-post-thumbnail","6":"product_brand-brandp_7934","7":"product_cat-detente-et-bien-etre","8":"product_cat-lunettes-de-lecture-et-lunettes-loupes","9":"product_cat-sante-beaute","10":"product_tag-tag_1274","12":"first","13":"instock","14":"taxable","15":"shipping-taxable","16":"purchasable","17":"product-type-simple"},"yoast_head":"<!-- This site is optimized with the Yoast SEO plugin v27.6 - https:\/\/yoast.com\/product\/yoast-seo-wordpress\/ -->\n<title>Monture de Lunettes Femme Sandro Paris SD4012 51002 | | Tupique<\/title>\n<meta name=\"description\" content=\"Envie d&#039;acheter Monture de Lunettes Femme Sandro Paris SD4012 51002\u00a0? Achetez Monture de Lunettes Femme Sandro Paris SD4012 51002 maintenant avec Tupique en 3 versements sans int\u00e9r\u00eat.\" \/>\n<meta name=\"robots\" content=\"index, follow, max-snippet:-1, max-image-preview:large, max-video-preview:-1\" \/>\n<link rel=\"canonical\" href=\"https:\/\/tupique.com\/en\/product\/monture-de-lunettes-femme-sandro-paris-sd4012-51002\/\" \/>\n<meta property=\"og:locale\" content=\"en_GB\" \/>\n<meta property=\"og:type\" content=\"article\" \/>\n<meta property=\"og:title\" content=\"Monture de Lunettes Femme Sandro Paris SD4012 51002 | | Tupique\" \/>\n<meta property=\"og:description\" content=\"Envie d&#039;acheter Monture de Lunettes Femme Sandro Paris SD4012 51002\u00a0? Achetez Monture de Lunettes Femme Sandro Paris SD4012 51002 maintenant avec Tupique en 3 versements sans int\u00e9r\u00eat.\" \/>\n<meta property=\"og:url\" content=\"https:\/\/tupique.com\/en\/product\/monture-de-lunettes-femme-sandro-paris-sd4012-51002\/\" \/>\n<meta property=\"og:site_name\" content=\"Tupique\" \/>\n<meta property=\"og:image\" content=\"https:\/\/tupique.com\/wp-content\/uploads\/2026\/05\/4894327488995_S72104088_P00.jpg\" \/>\n\t<meta property=\"og:image:width\" content=\"1200\" \/>\n\t<meta property=\"og:image:height\" content=\"1200\" \/>\n\t<meta property=\"og:image:type\" content=\"image\/jpeg\" \/>\n<meta name=\"twitter:card\" content=\"summary_large_image\" \/>\n<meta name=\"twitter:label1\" content=\"Est. reading time\" \/>\n\t<meta name=\"twitter:data1\" content=\"1 minute\" \/>\n<script type=\"application\/ld+json\" class=\"yoast-schema-graph\">{\"@context\":\"https:\\\/\\\/schema.org\",\"@graph\":[{\"@type\":\"WebPage\",\"@id\":\"https:\\\/\\\/tupique.com\\\/product\\\/monture-de-lunettes-femme-sandro-paris-sd4012-51002\\\/\",\"url\":\"https:\\\/\\\/tupique.com\\\/product\\\/monture-de-lunettes-femme-sandro-paris-sd4012-51002\\\/\",\"name\":\"Monture de Lunettes Femme Sandro Paris SD4012 51002 | | Tupique\",\"isPartOf\":{\"@id\":\"https:\\\/\\\/tupique.com\\\/#website\"},\"primaryImageOfPage\":{\"@id\":\"https:\\\/\\\/tupique.com\\\/product\\\/monture-de-lunettes-femme-sandro-paris-sd4012-51002\\\/#primaryimage\"},\"image\":{\"@id\":\"https:\\\/\\\/tupique.com\\\/product\\\/monture-de-lunettes-femme-sandro-paris-sd4012-51002\\\/#primaryimage\"},\"thumbnailUrl\":\"https:\\\/\\\/tupique.com\\\/wp-content\\\/uploads\\\/2026\\\/05\\\/4894327488995_S72104088_P00.jpg\",\"datePublished\":\"2026-05-12T05:16:03+00:00\",\"description\":\"Envie d'acheter Monture de Lunettes Femme Sandro Paris SD4012 51002\u00a0? Achetez Monture de Lunettes Femme Sandro Paris SD4012 51002 maintenant avec Tupique en 3 versements sans int\u00e9r\u00eat.\",\"breadcrumb\":{\"@id\":\"https:\\\/\\\/tupique.com\\\/product\\\/monture-de-lunettes-femme-sandro-paris-sd4012-51002\\\/#breadcrumb\"},\"inLanguage\":\"en-GB\",\"potentialAction\":[{\"@type\":\"ReadAction\",\"target\":[\"https:\\\/\\\/tupique.com\\\/product\\\/monture-de-lunettes-femme-sandro-paris-sd4012-51002\\\/\"]}]},{\"@type\":\"ImageObject\",\"inLanguage\":\"en-GB\",\"@id\":\"https:\\\/\\\/tupique.com\\\/product\\\/monture-de-lunettes-femme-sandro-paris-sd4012-51002\\\/#primaryimage\",\"url\":\"https:\\\/\\\/tupique.com\\\/wp-content\\\/uploads\\\/2026\\\/05\\\/4894327488995_S72104088_P00.jpg\",\"contentUrl\":\"https:\\\/\\\/tupique.com\\\/wp-content\\\/uploads\\\/2026\\\/05\\\/4894327488995_S72104088_P00.jpg\",\"width\":1200,\"height\":1200,\"caption\":\"S72104088_0\"},{\"@type\":\"BreadcrumbList\",\"@id\":\"https:\\\/\\\/tupique.com\\\/product\\\/monture-de-lunettes-femme-sandro-paris-sd4012-51002\\\/#breadcrumb\",\"itemListElement\":[{\"@type\":\"ListItem\",\"position\":1,\"name\":\"commencer\",\"item\":\"https:\\\/\\\/tupique.com\\\/\"},{\"@type\":\"ListItem\",\"position\":2,\"name\":\"Loja\",\"item\":\"https:\\\/\\\/tupique.com\\\/pt\\\/loja\\\/\"},{\"@type\":\"ListItem\",\"position\":3,\"name\":\"Monture de Lunettes Femme Sandro Paris SD4012 51002\"}]},{\"@type\":\"WebSite\",\"@id\":\"https:\\\/\\\/tupique.com\\\/#website\",\"url\":\"https:\\\/\\\/tupique.com\\\/\",\"name\":\"Tupique\",\"description\":\"\",\"publisher\":{\"@id\":\"https:\\\/\\\/tupique.com\\\/#organization\"},\"potentialAction\":[{\"@type\":\"SearchAction\",\"target\":{\"@type\":\"EntryPoint\",\"urlTemplate\":\"https:\\\/\\\/tupique.com\\\/?s={search_term_string}\"},\"query-input\":{\"@type\":\"PropertyValueSpecification\",\"valueRequired\":true,\"valueName\":\"search_term_string\"}}],\"inLanguage\":\"en-GB\"},{\"@type\":\"Organization\",\"@id\":\"https:\\\/\\\/tupique.com\\\/#organization\",\"name\":\"Tupique\",\"url\":\"https:\\\/\\\/tupique.com\\\/\",\"logo\":{\"@type\":\"ImageObject\",\"inLanguage\":\"en-GB\",\"@id\":\"https:\\\/\\\/tupique.com\\\/#\\\/schema\\\/logo\\\/image\\\/\",\"url\":\"https:\\\/\\\/tupique.com\\\/wp-content\\\/uploads\\\/2026\\\/03\\\/logo-tupique-1.webp\",\"contentUrl\":\"https:\\\/\\\/tupique.com\\\/wp-content\\\/uploads\\\/2026\\\/03\\\/logo-tupique-1.webp\",\"width\":500,\"height\":67,\"caption\":\"Tupique\"},\"image\":{\"@id\":\"https:\\\/\\\/tupique.com\\\/#\\\/schema\\\/logo\\\/image\\\/\"}}]}<\/script>\n<!-- \/ Yoast SEO plugin. -->","yoast_head_json":{"title":"Monture de Lunettes Femme Sandro Paris SD4012 51002 | | Tupique","description":"Envie d'acheter Monture de Lunettes Femme Sandro Paris SD4012 51002\u00a0? Achetez Monture de Lunettes Femme Sandro Paris SD4012 51002 maintenant avec Tupique en 3 versements sans int\u00e9r\u00eat.","robots":{"index":"index","follow":"follow","max-snippet":"max-snippet:-1","max-image-preview":"max-image-preview:large","max-video-preview":"max-video-preview:-1"},"canonical":"https:\/\/tupique.com\/en\/product\/monture-de-lunettes-femme-sandro-paris-sd4012-51002\/","og_locale":"en_GB","og_type":"article","og_title":"Monture de Lunettes Femme Sandro Paris SD4012 51002 | | Tupique","og_description":"Envie d'acheter Monture de Lunettes Femme Sandro Paris SD4012 51002\u00a0? Achetez Monture de Lunettes Femme Sandro Paris SD4012 51002 maintenant avec Tupique en 3 versements sans int\u00e9r\u00eat.","og_url":"https:\/\/tupique.com\/en\/product\/monture-de-lunettes-femme-sandro-paris-sd4012-51002\/","og_site_name":"Tupique","og_image":[{"width":1200,"height":1200,"url":"https:\/\/tupique.com\/wp-content\/uploads\/2026\/05\/4894327488995_S72104088_P00.jpg","type":"image\/jpeg"}],"twitter_card":"summary_large_image","twitter_misc":{"Est. reading time":"1 minute"},"schema":{"@context":"https:\/\/schema.org","@graph":[{"@type":"WebPage","@id":"https:\/\/tupique.com\/product\/monture-de-lunettes-femme-sandro-paris-sd4012-51002\/","url":"https:\/\/tupique.com\/product\/monture-de-lunettes-femme-sandro-paris-sd4012-51002\/","name":"Monture de Lunettes Femme Sandro Paris SD4012 51002 | | Tupique","isPartOf":{"@id":"https:\/\/tupique.com\/#website"},"primaryImageOfPage":{"@id":"https:\/\/tupique.com\/product\/monture-de-lunettes-femme-sandro-paris-sd4012-51002\/#primaryimage"},"image":{"@id":"https:\/\/tupique.com\/product\/monture-de-lunettes-femme-sandro-paris-sd4012-51002\/#primaryimage"},"thumbnailUrl":"https:\/\/tupique.com\/wp-content\/uploads\/2026\/05\/4894327488995_S72104088_P00.jpg","datePublished":"2026-05-12T05:16:03+00:00","description":"Envie d'acheter Monture de Lunettes Femme Sandro Paris SD4012 51002\u00a0? Achetez Monture de Lunettes Femme Sandro Paris SD4012 51002 maintenant avec Tupique en 3 versements sans int\u00e9r\u00eat.","breadcrumb":{"@id":"https:\/\/tupique.com\/product\/monture-de-lunettes-femme-sandro-paris-sd4012-51002\/#breadcrumb"},"inLanguage":"en-GB","potentialAction":[{"@type":"ReadAction","target":["https:\/\/tupique.com\/product\/monture-de-lunettes-femme-sandro-paris-sd4012-51002\/"]}]},{"@type":"ImageObject","inLanguage":"en-GB","@id":"https:\/\/tupique.com\/product\/monture-de-lunettes-femme-sandro-paris-sd4012-51002\/#primaryimage","url":"https:\/\/tupique.com\/wp-content\/uploads\/2026\/05\/4894327488995_S72104088_P00.jpg","contentUrl":"https:\/\/tupique.com\/wp-content\/uploads\/2026\/05\/4894327488995_S72104088_P00.jpg","width":1200,"height":1200,"caption":"S72104088_0"},{"@type":"BreadcrumbList","@id":"https:\/\/tupique.com\/product\/monture-de-lunettes-femme-sandro-paris-sd4012-51002\/#breadcrumb","itemListElement":[{"@type":"ListItem","position":1,"name":"commencer","item":"https:\/\/tupique.com\/"},{"@type":"ListItem","position":2,"name":"Loja","item":"https:\/\/tupique.com\/pt\/loja\/"},{"@type":"ListItem","position":3,"name":"Monture de Lunettes Femme Sandro Paris SD4012 51002"}]},{"@type":"WebSite","@id":"https:\/\/tupique.com\/#website","url":"https:\/\/tupique.com\/","name":"Tupique","description":"","publisher":{"@id":"https:\/\/tupique.com\/#organization"},"potentialAction":[{"@type":"SearchAction","target":{"@type":"EntryPoint","urlTemplate":"https:\/\/tupique.com\/?s={search_term_string}"},"query-input":{"@type":"PropertyValueSpecification","valueRequired":true,"valueName":"search_term_string"}}],"inLanguage":"en-GB"},{"@type":"Organization","@id":"https:\/\/tupique.com\/#organization","name":"Tupique","url":"https:\/\/tupique.com\/","logo":{"@type":"ImageObject","inLanguage":"en-GB","@id":"https:\/\/tupique.com\/#\/schema\/logo\/image\/","url":"https:\/\/tupique.com\/wp-content\/uploads\/2026\/03\/logo-tupique-1.webp","contentUrl":"https:\/\/tupique.com\/wp-content\/uploads\/2026\/03\/logo-tupique-1.webp","width":500,"height":67,"caption":"Tupique"},"image":{"@id":"https:\/\/tupique.com\/#\/schema\/logo\/image\/"}}]}},"_links":{"self":[{"href":"https:\/\/tupique.com\/en\/wp-json\/wp\/v2\/product\/196697","targetHints":{"allow":["GET"]}}],"collection":[{"href":"https:\/\/tupique.com\/en\/wp-json\/wp\/v2\/product"}],"about":[{"href":"https:\/\/tupique.com\/en\/wp-json\/wp\/v2\/types\/product"}],"replies":[{"embeddable":true,"href":"https:\/\/tupique.com\/en\/wp-json\/wp\/v2\/comments?post=196697"}],"wp:featuredmedia":[{"embeddable":true,"href":"https:\/\/tupique.com\/en\/wp-json\/wp\/v2\/media\/196694"}],"wp:attachment":[{"href":"https:\/\/tupique.com\/en\/wp-json\/wp\/v2\/media?parent=196697"}],"wp:term":[{"taxonomy":"product_brand","embeddable":true,"href":"https:\/\/tupique.com\/en\/wp-json\/wp\/v2\/product_brand?post=196697"},{"taxonomy":"product_cat","embeddable":true,"href":"https:\/\/tupique.com\/en\/wp-json\/wp\/v2\/product_cat?post=196697"},{"taxonomy":"product_tag","embeddable":true,"href":"https:\/\/tupique.com\/en\/wp-json\/wp\/v2\/product_tag?post=196697"},{"taxonomy":"woo-feed-brand","embeddable":true,"href":"https:\/\/tupique.com\/en\/wp-json\/wp\/v2\/woo-feed-brand?post=196697"}],"curies":[{"name":"wp","href":"https:\/\/api.w.org\/{rel}","templated":true}]}}