{"id":196844,"date":"2026-05-12T07:31:10","date_gmt":"2026-05-12T05:31:10","guid":{"rendered":"https:\/\/tupique.com\/product\/teinture-permanente-lisap-marron-leger-1-unite\/"},"modified":"2026-05-12T07:31:10","modified_gmt":"2026-05-12T05:31:10","slug":"teinture-permanente-lisap-marron-leger-1-unite","status":"publish","type":"product","link":"https:\/\/tupique.com\/en\/product\/teinture-permanente-lisap-marron-leger-1-unite\/","title":{"rendered":"Teinture permanente Lisap Marron l\u00e9ger (1 Unit\u00e9)"},"content":{"rendered":"<p>Vous voulez rehausser votre beaut&eacute; ou changer de look ? <b>Teinture permanente Lisap Marron l\u00e9ger (1 Unit\u00e9)<\/b> est ce qu&#8217;il vous faut ! Profitez d&egrave;s maintenant de nos <b>produits Lisap<\/b>&nbsp;et de tous nos autres <b>accessoires de coiffure de marque 100 % authentiques<\/b>&nbsp;!<\/p>\n<ul>\n<li>Couleur: Marron l\u00e9ger<\/li>\n<li>Genre: Femme<\/li>\n<li>Type: Cheveux normaux<\/li>\n<li>Produit liquide: Oui<\/li>\n<li>Unit\u00e9s: 1 Unit\u00e9<\/li>\n<\/ul>","protected":false},"excerpt":{"rendered":"<p>Vous voulez rehausser votre beaut&eacute; ou changer de look ? Teinture permanente Lisap Marron l\u00e9ger (1 Unit\u00e9) est ce qu&#8217;il vous faut ! Profitez d&egrave;s maintenant de nos produits Lisap&nbsp;et de tous nos autres accessoires de coiffure de marque 100 % authentiques&nbsp;! Couleur: Marron l\u00e9ger Genre: Femme Type: Cheveux normaux Produit liquide: Oui Unit\u00e9s: 1 [&hellip;]<\/p>\n","protected":false},"featured_media":196843,"comment_status":"open","ping_status":"closed","template":"","meta":[],"product_brand":[2154],"product_cat":[753,752,1820],"product_tag":[722],"woo-feed-brand":[],"class_list":{"0":"post-196844","1":"product","2":"type-product","3":"status-publish","4":"has-post-thumbnail","6":"product_brand-brandp_4454","7":"product_cat-coiffure","8":"product_cat-sante-beaute","9":"product_cat-teintures-capillaires","10":"product_tag-tag_923","12":"first","13":"instock","14":"taxable","15":"shipping-taxable","16":"purchasable","17":"product-type-simple"},"yoast_head":"<!-- This site is optimized with the Yoast SEO plugin v27.6 - https:\/\/yoast.com\/product\/yoast-seo-wordpress\/ -->\n<title>Teinture permanente Lisap Marron l\u00e9ger (1 Unit\u00e9) | | Tupique<\/title>\n<meta name=\"description\" content=\"Envie d&#039;acheter Teinture permanente Lisap Marron l\u00e9ger (1 Unit\u00e9)\u00a0? Achetez Teinture permanente Lisap Marron l\u00e9ger (1 Unit\u00e9) maintenant avec Tupique en 3 versements sans int\u00e9r\u00eat.\" \/>\n<meta name=\"robots\" content=\"index, follow, max-snippet:-1, max-image-preview:large, max-video-preview:-1\" \/>\n<link rel=\"canonical\" href=\"https:\/\/tupique.com\/en\/product\/teinture-permanente-lisap-marron-leger-1-unite\/\" \/>\n<meta property=\"og:locale\" content=\"en_GB\" \/>\n<meta property=\"og:type\" content=\"article\" \/>\n<meta property=\"og:title\" content=\"Teinture permanente Lisap Marron l\u00e9ger (1 Unit\u00e9) | | Tupique\" \/>\n<meta property=\"og:description\" content=\"Envie d&#039;acheter Teinture permanente Lisap Marron l\u00e9ger (1 Unit\u00e9)\u00a0? Achetez Teinture permanente Lisap Marron l\u00e9ger (1 Unit\u00e9) maintenant avec Tupique en 3 versements sans int\u00e9r\u00eat.\" \/>\n<meta property=\"og:url\" content=\"https:\/\/tupique.com\/en\/product\/teinture-permanente-lisap-marron-leger-1-unite\/\" \/>\n<meta property=\"og:site_name\" content=\"Tupique\" \/>\n<meta property=\"og:image\" content=\"https:\/\/tupique.com\/wp-content\/uploads\/2026\/05\/1200025020017_V3401667_P0-v_10.jpg\" \/>\n\t<meta property=\"og:image:width\" content=\"1200\" \/>\n\t<meta property=\"og:image:height\" content=\"1200\" \/>\n\t<meta property=\"og:image:type\" content=\"image\/jpeg\" \/>\n<meta name=\"twitter:card\" content=\"summary_large_image\" \/>\n<script type=\"application\/ld+json\" class=\"yoast-schema-graph\">{\"@context\":\"https:\\\/\\\/schema.org\",\"@graph\":[{\"@type\":\"WebPage\",\"@id\":\"https:\\\/\\\/tupique.com\\\/en\\\/product\\\/teinture-permanente-lisap-marron-leger-1-unite\\\/\",\"url\":\"https:\\\/\\\/tupique.com\\\/en\\\/product\\\/teinture-permanente-lisap-marron-leger-1-unite\\\/\",\"name\":\"Teinture permanente Lisap Marron l\u00e9ger (1 Unit\u00e9) | | Tupique\",\"isPartOf\":{\"@id\":\"https:\\\/\\\/tupique.com\\\/#website\"},\"primaryImageOfPage\":{\"@id\":\"https:\\\/\\\/tupique.com\\\/en\\\/product\\\/teinture-permanente-lisap-marron-leger-1-unite\\\/#primaryimage\"},\"image\":{\"@id\":\"https:\\\/\\\/tupique.com\\\/en\\\/product\\\/teinture-permanente-lisap-marron-leger-1-unite\\\/#primaryimage\"},\"thumbnailUrl\":\"https:\\\/\\\/tupique.com\\\/wp-content\\\/uploads\\\/2026\\\/05\\\/1200025020017_V3401667_P0-v_10.jpg\",\"datePublished\":\"2026-05-12T05:31:10+00:00\",\"description\":\"Envie d'acheter Teinture permanente Lisap Marron l\u00e9ger (1 Unit\u00e9)\u00a0? Achetez Teinture permanente Lisap Marron l\u00e9ger (1 Unit\u00e9) maintenant avec Tupique en 3 versements sans int\u00e9r\u00eat.\",\"breadcrumb\":{\"@id\":\"https:\\\/\\\/tupique.com\\\/en\\\/product\\\/teinture-permanente-lisap-marron-leger-1-unite\\\/#breadcrumb\"},\"inLanguage\":\"en-GB\",\"potentialAction\":[{\"@type\":\"ReadAction\",\"target\":[\"https:\\\/\\\/tupique.com\\\/en\\\/product\\\/teinture-permanente-lisap-marron-leger-1-unite\\\/\"]}]},{\"@type\":\"ImageObject\",\"inLanguage\":\"en-GB\",\"@id\":\"https:\\\/\\\/tupique.com\\\/en\\\/product\\\/teinture-permanente-lisap-marron-leger-1-unite\\\/#primaryimage\",\"url\":\"https:\\\/\\\/tupique.com\\\/wp-content\\\/uploads\\\/2026\\\/05\\\/1200025020017_V3401667_P0-v_10.jpg\",\"contentUrl\":\"https:\\\/\\\/tupique.com\\\/wp-content\\\/uploads\\\/2026\\\/05\\\/1200025020017_V3401667_P0-v_10.jpg\",\"width\":1200,\"height\":1200,\"caption\":\"V3401667_0\"},{\"@type\":\"BreadcrumbList\",\"@id\":\"https:\\\/\\\/tupique.com\\\/en\\\/product\\\/teinture-permanente-lisap-marron-leger-1-unite\\\/#breadcrumb\",\"itemListElement\":[{\"@type\":\"ListItem\",\"position\":1,\"name\":\"commencer\",\"item\":\"https:\\\/\\\/tupique.com\\\/\"},{\"@type\":\"ListItem\",\"position\":2,\"name\":\"Loja\",\"item\":\"https:\\\/\\\/tupique.com\\\/pt\\\/loja\\\/\"},{\"@type\":\"ListItem\",\"position\":3,\"name\":\"Teinture permanente Lisap Marron l\u00e9ger (1 Unit\u00e9)\"}]},{\"@type\":\"WebSite\",\"@id\":\"https:\\\/\\\/tupique.com\\\/#website\",\"url\":\"https:\\\/\\\/tupique.com\\\/\",\"name\":\"Tupique\",\"description\":\"\",\"publisher\":{\"@id\":\"https:\\\/\\\/tupique.com\\\/#organization\"},\"potentialAction\":[{\"@type\":\"SearchAction\",\"target\":{\"@type\":\"EntryPoint\",\"urlTemplate\":\"https:\\\/\\\/tupique.com\\\/?s={search_term_string}\"},\"query-input\":{\"@type\":\"PropertyValueSpecification\",\"valueRequired\":true,\"valueName\":\"search_term_string\"}}],\"inLanguage\":\"en-GB\"},{\"@type\":\"Organization\",\"@id\":\"https:\\\/\\\/tupique.com\\\/#organization\",\"name\":\"Tupique\",\"url\":\"https:\\\/\\\/tupique.com\\\/\",\"logo\":{\"@type\":\"ImageObject\",\"inLanguage\":\"en-GB\",\"@id\":\"https:\\\/\\\/tupique.com\\\/#\\\/schema\\\/logo\\\/image\\\/\",\"url\":\"https:\\\/\\\/tupique.com\\\/wp-content\\\/uploads\\\/2026\\\/03\\\/logo-tupique-1.webp\",\"contentUrl\":\"https:\\\/\\\/tupique.com\\\/wp-content\\\/uploads\\\/2026\\\/03\\\/logo-tupique-1.webp\",\"width\":500,\"height\":67,\"caption\":\"Tupique\"},\"image\":{\"@id\":\"https:\\\/\\\/tupique.com\\\/#\\\/schema\\\/logo\\\/image\\\/\"}}]}<\/script>\n<!-- \/ Yoast SEO plugin. -->","yoast_head_json":{"title":"Teinture permanente Lisap Marron l\u00e9ger (1 Unit\u00e9) | | Tupique","description":"Envie d'acheter Teinture permanente Lisap Marron l\u00e9ger (1 Unit\u00e9)\u00a0? Achetez Teinture permanente Lisap Marron l\u00e9ger (1 Unit\u00e9) maintenant avec Tupique en 3 versements sans int\u00e9r\u00eat.","robots":{"index":"index","follow":"follow","max-snippet":"max-snippet:-1","max-image-preview":"max-image-preview:large","max-video-preview":"max-video-preview:-1"},"canonical":"https:\/\/tupique.com\/en\/product\/teinture-permanente-lisap-marron-leger-1-unite\/","og_locale":"en_GB","og_type":"article","og_title":"Teinture permanente Lisap Marron l\u00e9ger (1 Unit\u00e9) | | Tupique","og_description":"Envie d'acheter Teinture permanente Lisap Marron l\u00e9ger (1 Unit\u00e9)\u00a0? Achetez Teinture permanente Lisap Marron l\u00e9ger (1 Unit\u00e9) maintenant avec Tupique en 3 versements sans int\u00e9r\u00eat.","og_url":"https:\/\/tupique.com\/en\/product\/teinture-permanente-lisap-marron-leger-1-unite\/","og_site_name":"Tupique","og_image":[{"width":1200,"height":1200,"url":"https:\/\/tupique.com\/wp-content\/uploads\/2026\/05\/1200025020017_V3401667_P0-v_10.jpg","type":"image\/jpeg"}],"twitter_card":"summary_large_image","schema":{"@context":"https:\/\/schema.org","@graph":[{"@type":"WebPage","@id":"https:\/\/tupique.com\/en\/product\/teinture-permanente-lisap-marron-leger-1-unite\/","url":"https:\/\/tupique.com\/en\/product\/teinture-permanente-lisap-marron-leger-1-unite\/","name":"Teinture permanente Lisap Marron l\u00e9ger (1 Unit\u00e9) | | Tupique","isPartOf":{"@id":"https:\/\/tupique.com\/#website"},"primaryImageOfPage":{"@id":"https:\/\/tupique.com\/en\/product\/teinture-permanente-lisap-marron-leger-1-unite\/#primaryimage"},"image":{"@id":"https:\/\/tupique.com\/en\/product\/teinture-permanente-lisap-marron-leger-1-unite\/#primaryimage"},"thumbnailUrl":"https:\/\/tupique.com\/wp-content\/uploads\/2026\/05\/1200025020017_V3401667_P0-v_10.jpg","datePublished":"2026-05-12T05:31:10+00:00","description":"Envie d'acheter Teinture permanente Lisap Marron l\u00e9ger (1 Unit\u00e9)\u00a0? Achetez Teinture permanente Lisap Marron l\u00e9ger (1 Unit\u00e9) maintenant avec Tupique en 3 versements sans int\u00e9r\u00eat.","breadcrumb":{"@id":"https:\/\/tupique.com\/en\/product\/teinture-permanente-lisap-marron-leger-1-unite\/#breadcrumb"},"inLanguage":"en-GB","potentialAction":[{"@type":"ReadAction","target":["https:\/\/tupique.com\/en\/product\/teinture-permanente-lisap-marron-leger-1-unite\/"]}]},{"@type":"ImageObject","inLanguage":"en-GB","@id":"https:\/\/tupique.com\/en\/product\/teinture-permanente-lisap-marron-leger-1-unite\/#primaryimage","url":"https:\/\/tupique.com\/wp-content\/uploads\/2026\/05\/1200025020017_V3401667_P0-v_10.jpg","contentUrl":"https:\/\/tupique.com\/wp-content\/uploads\/2026\/05\/1200025020017_V3401667_P0-v_10.jpg","width":1200,"height":1200,"caption":"V3401667_0"},{"@type":"BreadcrumbList","@id":"https:\/\/tupique.com\/en\/product\/teinture-permanente-lisap-marron-leger-1-unite\/#breadcrumb","itemListElement":[{"@type":"ListItem","position":1,"name":"commencer","item":"https:\/\/tupique.com\/"},{"@type":"ListItem","position":2,"name":"Loja","item":"https:\/\/tupique.com\/pt\/loja\/"},{"@type":"ListItem","position":3,"name":"Teinture permanente Lisap Marron l\u00e9ger (1 Unit\u00e9)"}]},{"@type":"WebSite","@id":"https:\/\/tupique.com\/#website","url":"https:\/\/tupique.com\/","name":"Tupique","description":"","publisher":{"@id":"https:\/\/tupique.com\/#organization"},"potentialAction":[{"@type":"SearchAction","target":{"@type":"EntryPoint","urlTemplate":"https:\/\/tupique.com\/?s={search_term_string}"},"query-input":{"@type":"PropertyValueSpecification","valueRequired":true,"valueName":"search_term_string"}}],"inLanguage":"en-GB"},{"@type":"Organization","@id":"https:\/\/tupique.com\/#organization","name":"Tupique","url":"https:\/\/tupique.com\/","logo":{"@type":"ImageObject","inLanguage":"en-GB","@id":"https:\/\/tupique.com\/#\/schema\/logo\/image\/","url":"https:\/\/tupique.com\/wp-content\/uploads\/2026\/03\/logo-tupique-1.webp","contentUrl":"https:\/\/tupique.com\/wp-content\/uploads\/2026\/03\/logo-tupique-1.webp","width":500,"height":67,"caption":"Tupique"},"image":{"@id":"https:\/\/tupique.com\/#\/schema\/logo\/image\/"}}]}},"_links":{"self":[{"href":"https:\/\/tupique.com\/en\/wp-json\/wp\/v2\/product\/196844","targetHints":{"allow":["GET"]}}],"collection":[{"href":"https:\/\/tupique.com\/en\/wp-json\/wp\/v2\/product"}],"about":[{"href":"https:\/\/tupique.com\/en\/wp-json\/wp\/v2\/types\/product"}],"replies":[{"embeddable":true,"href":"https:\/\/tupique.com\/en\/wp-json\/wp\/v2\/comments?post=196844"}],"wp:featuredmedia":[{"embeddable":true,"href":"https:\/\/tupique.com\/en\/wp-json\/wp\/v2\/media\/196843"}],"wp:attachment":[{"href":"https:\/\/tupique.com\/en\/wp-json\/wp\/v2\/media?parent=196844"}],"wp:term":[{"taxonomy":"product_brand","embeddable":true,"href":"https:\/\/tupique.com\/en\/wp-json\/wp\/v2\/product_brand?post=196844"},{"taxonomy":"product_cat","embeddable":true,"href":"https:\/\/tupique.com\/en\/wp-json\/wp\/v2\/product_cat?post=196844"},{"taxonomy":"product_tag","embeddable":true,"href":"https:\/\/tupique.com\/en\/wp-json\/wp\/v2\/product_tag?post=196844"},{"taxonomy":"woo-feed-brand","embeddable":true,"href":"https:\/\/tupique.com\/en\/wp-json\/wp\/v2\/woo-feed-brand?post=196844"}],"curies":[{"name":"wp","href":"https:\/\/api.w.org\/{rel}","templated":true}]}}