{"id":196857,"date":"2026-05-12T07:31:31","date_gmt":"2026-05-12T05:31:31","guid":{"rendered":"https:\/\/tupique.com\/product\/apres-shampooing-a-la-keratine-seibella-queratina\/"},"modified":"2026-05-12T07:31:31","modified_gmt":"2026-05-12T05:31:31","slug":"apres-shampooing-a-la-keratine-seibella-queratina","status":"publish","type":"product","link":"https:\/\/tupique.com\/en\/product\/apres-shampooing-a-la-keratine-seibella-queratina\/","title":{"rendered":"Apr\u00e8s-shampooing \u00e0 la k\u00e9ratine Seibella Queratina"},"content":{"rendered":"<p>Vous voulez rehausser votre beaut&eacute; ou changer de look ? <b>Apr\u00e8s-shampooing \u00e0 la k\u00e9ratine Seibella Queratina<\/b> est ce qu&#8217;il vous faut ! Profitez d&egrave;s maintenant de nos <b>produits Seibella Queratina<\/b>&nbsp;et de tous nos autres <b>accessoires de coiffure de marque 100 % authentiques<\/b>&nbsp;!<\/p>\n<ul>\n<li>Capacit\u00e9: 300 ml<\/li>\n<li>Genre: Unisexe<\/li>\n<li>Type: Apr\u00e8s-shampooing<\/li>\n<\/ul>","protected":false},"excerpt":{"rendered":"<p><span class=\"unit-info\">5.6633 &euro; \/ 100 ml<\/span><\/p>","protected":false},"featured_media":196856,"comment_status":"open","ping_status":"closed","template":"","meta":[],"product_brand":[2836],"product_cat":[2119,753,752],"product_tag":[722],"woo-feed-brand":[],"class_list":{"0":"post-196857","1":"product","2":"type-product","3":"status-publish","4":"has-post-thumbnail","6":"product_brand-brandp_479","7":"product_cat-adoucisseurs-et-conditionneurs","8":"product_cat-coiffure","9":"product_cat-sante-beaute","10":"product_tag-tag_923","12":"first","13":"instock","14":"taxable","15":"shipping-taxable","16":"purchasable","17":"product-type-simple"},"yoast_head":"<!-- This site is optimized with the Yoast SEO plugin v27.6 - https:\/\/yoast.com\/product\/yoast-seo-wordpress\/ -->\n<title>Apr\u00e8s-shampooing \u00e0 la k\u00e9ratine Seibella Queratina | | Tupique<\/title>\n<meta name=\"description\" content=\"Envie d&#039;acheter Apr\u00e8s-shampooing \u00e0 la k\u00e9ratine Seibella Queratina\u00a0? Achetez Apr\u00e8s-shampooing \u00e0 la k\u00e9ratine Seibella Queratina maintenant avec Tupique en 3 versements sans int\u00e9r\u00eat.\" \/>\n<meta name=\"robots\" content=\"index, follow, max-snippet:-1, max-image-preview:large, max-video-preview:-1\" \/>\n<link rel=\"canonical\" href=\"https:\/\/tupique.com\/en\/product\/apres-shampooing-a-la-keratine-seibella-queratina\/\" \/>\n<meta property=\"og:locale\" content=\"en_GB\" \/>\n<meta property=\"og:type\" content=\"article\" \/>\n<meta property=\"og:title\" content=\"Apr\u00e8s-shampooing \u00e0 la k\u00e9ratine Seibella Queratina | | Tupique\" \/>\n<meta property=\"og:description\" content=\"Envie d&#039;acheter Apr\u00e8s-shampooing \u00e0 la k\u00e9ratine Seibella Queratina\u00a0? Achetez Apr\u00e8s-shampooing \u00e0 la k\u00e9ratine Seibella Queratina maintenant avec Tupique en 3 versements sans int\u00e9r\u00eat.\" \/>\n<meta property=\"og:url\" content=\"https:\/\/tupique.com\/en\/product\/apres-shampooing-a-la-keratine-seibella-queratina\/\" \/>\n<meta property=\"og:site_name\" content=\"Tupique\" \/>\n<meta property=\"og:image\" content=\"https:\/\/tupique.com\/wp-content\/uploads\/2026\/05\/7898432982093_0_P00.jpg\" \/>\n\t<meta property=\"og:image:width\" content=\"1200\" \/>\n\t<meta property=\"og:image:height\" content=\"1200\" \/>\n\t<meta property=\"og:image:type\" content=\"image\/jpeg\" \/>\n<meta name=\"twitter:card\" content=\"summary_large_image\" \/>\n<script type=\"application\/ld+json\" class=\"yoast-schema-graph\">{\"@context\":\"https:\\\/\\\/schema.org\",\"@graph\":[{\"@type\":\"WebPage\",\"@id\":\"https:\\\/\\\/tupique.com\\\/pt\\\/product\\\/apres-shampooing-a-la-keratine-seibella-queratina\\\/\",\"url\":\"https:\\\/\\\/tupique.com\\\/pt\\\/product\\\/apres-shampooing-a-la-keratine-seibella-queratina\\\/\",\"name\":\"Apr\u00e8s-shampooing \u00e0 la k\u00e9ratine Seibella Queratina | | Tupique\",\"isPartOf\":{\"@id\":\"https:\\\/\\\/tupique.com\\\/#website\"},\"primaryImageOfPage\":{\"@id\":\"https:\\\/\\\/tupique.com\\\/pt\\\/product\\\/apres-shampooing-a-la-keratine-seibella-queratina\\\/#primaryimage\"},\"image\":{\"@id\":\"https:\\\/\\\/tupique.com\\\/pt\\\/product\\\/apres-shampooing-a-la-keratine-seibella-queratina\\\/#primaryimage\"},\"thumbnailUrl\":\"https:\\\/\\\/tupique.com\\\/wp-content\\\/uploads\\\/2026\\\/05\\\/7898432982093_0_P00.jpg\",\"datePublished\":\"2026-05-12T05:31:31+00:00\",\"description\":\"Envie d'acheter Apr\u00e8s-shampooing \u00e0 la k\u00e9ratine Seibella Queratina\u00a0? Achetez Apr\u00e8s-shampooing \u00e0 la k\u00e9ratine Seibella Queratina maintenant avec Tupique en 3 versements sans int\u00e9r\u00eat.\",\"breadcrumb\":{\"@id\":\"https:\\\/\\\/tupique.com\\\/pt\\\/product\\\/apres-shampooing-a-la-keratine-seibella-queratina\\\/#breadcrumb\"},\"inLanguage\":\"en-GB\",\"potentialAction\":[{\"@type\":\"ReadAction\",\"target\":[\"https:\\\/\\\/tupique.com\\\/pt\\\/product\\\/apres-shampooing-a-la-keratine-seibella-queratina\\\/\"]}]},{\"@type\":\"ImageObject\",\"inLanguage\":\"en-GB\",\"@id\":\"https:\\\/\\\/tupique.com\\\/pt\\\/product\\\/apres-shampooing-a-la-keratine-seibella-queratina\\\/#primaryimage\",\"url\":\"https:\\\/\\\/tupique.com\\\/wp-content\\\/uploads\\\/2026\\\/05\\\/7898432982093_0_P00.jpg\",\"contentUrl\":\"https:\\\/\\\/tupique.com\\\/wp-content\\\/uploads\\\/2026\\\/05\\\/7898432982093_0_P00.jpg\",\"width\":1200,\"height\":1200,\"caption\":\"V3401485_0\"},{\"@type\":\"BreadcrumbList\",\"@id\":\"https:\\\/\\\/tupique.com\\\/pt\\\/product\\\/apres-shampooing-a-la-keratine-seibella-queratina\\\/#breadcrumb\",\"itemListElement\":[{\"@type\":\"ListItem\",\"position\":1,\"name\":\"commencer\",\"item\":\"https:\\\/\\\/tupique.com\\\/\"},{\"@type\":\"ListItem\",\"position\":2,\"name\":\"Loja\",\"item\":\"https:\\\/\\\/tupique.com\\\/pt\\\/loja\\\/\"},{\"@type\":\"ListItem\",\"position\":3,\"name\":\"Apr\u00e8s-shampooing \u00e0 la k\u00e9ratine Seibella Queratina\"}]},{\"@type\":\"WebSite\",\"@id\":\"https:\\\/\\\/tupique.com\\\/#website\",\"url\":\"https:\\\/\\\/tupique.com\\\/\",\"name\":\"Tupique\",\"description\":\"\",\"publisher\":{\"@id\":\"https:\\\/\\\/tupique.com\\\/#organization\"},\"potentialAction\":[{\"@type\":\"SearchAction\",\"target\":{\"@type\":\"EntryPoint\",\"urlTemplate\":\"https:\\\/\\\/tupique.com\\\/?s={search_term_string}\"},\"query-input\":{\"@type\":\"PropertyValueSpecification\",\"valueRequired\":true,\"valueName\":\"search_term_string\"}}],\"inLanguage\":\"en-GB\"},{\"@type\":\"Organization\",\"@id\":\"https:\\\/\\\/tupique.com\\\/#organization\",\"name\":\"Tupique\",\"url\":\"https:\\\/\\\/tupique.com\\\/\",\"logo\":{\"@type\":\"ImageObject\",\"inLanguage\":\"en-GB\",\"@id\":\"https:\\\/\\\/tupique.com\\\/#\\\/schema\\\/logo\\\/image\\\/\",\"url\":\"https:\\\/\\\/tupique.com\\\/wp-content\\\/uploads\\\/2026\\\/03\\\/logo-tupique-1.webp\",\"contentUrl\":\"https:\\\/\\\/tupique.com\\\/wp-content\\\/uploads\\\/2026\\\/03\\\/logo-tupique-1.webp\",\"width\":500,\"height\":67,\"caption\":\"Tupique\"},\"image\":{\"@id\":\"https:\\\/\\\/tupique.com\\\/#\\\/schema\\\/logo\\\/image\\\/\"}}]}<\/script>\n<!-- \/ Yoast SEO plugin. -->","yoast_head_json":{"title":"Apr\u00e8s-shampooing \u00e0 la k\u00e9ratine Seibella Queratina | | Tupique","description":"Envie d'acheter Apr\u00e8s-shampooing \u00e0 la k\u00e9ratine Seibella Queratina\u00a0? Achetez Apr\u00e8s-shampooing \u00e0 la k\u00e9ratine Seibella Queratina maintenant avec Tupique en 3 versements sans int\u00e9r\u00eat.","robots":{"index":"index","follow":"follow","max-snippet":"max-snippet:-1","max-image-preview":"max-image-preview:large","max-video-preview":"max-video-preview:-1"},"canonical":"https:\/\/tupique.com\/en\/product\/apres-shampooing-a-la-keratine-seibella-queratina\/","og_locale":"en_GB","og_type":"article","og_title":"Apr\u00e8s-shampooing \u00e0 la k\u00e9ratine Seibella Queratina | | Tupique","og_description":"Envie d'acheter Apr\u00e8s-shampooing \u00e0 la k\u00e9ratine Seibella Queratina\u00a0? Achetez Apr\u00e8s-shampooing \u00e0 la k\u00e9ratine Seibella Queratina maintenant avec Tupique en 3 versements sans int\u00e9r\u00eat.","og_url":"https:\/\/tupique.com\/en\/product\/apres-shampooing-a-la-keratine-seibella-queratina\/","og_site_name":"Tupique","og_image":[{"width":1200,"height":1200,"url":"https:\/\/tupique.com\/wp-content\/uploads\/2026\/05\/7898432982093_0_P00.jpg","type":"image\/jpeg"}],"twitter_card":"summary_large_image","schema":{"@context":"https:\/\/schema.org","@graph":[{"@type":"WebPage","@id":"https:\/\/tupique.com\/pt\/product\/apres-shampooing-a-la-keratine-seibella-queratina\/","url":"https:\/\/tupique.com\/pt\/product\/apres-shampooing-a-la-keratine-seibella-queratina\/","name":"Apr\u00e8s-shampooing \u00e0 la k\u00e9ratine Seibella Queratina | | Tupique","isPartOf":{"@id":"https:\/\/tupique.com\/#website"},"primaryImageOfPage":{"@id":"https:\/\/tupique.com\/pt\/product\/apres-shampooing-a-la-keratine-seibella-queratina\/#primaryimage"},"image":{"@id":"https:\/\/tupique.com\/pt\/product\/apres-shampooing-a-la-keratine-seibella-queratina\/#primaryimage"},"thumbnailUrl":"https:\/\/tupique.com\/wp-content\/uploads\/2026\/05\/7898432982093_0_P00.jpg","datePublished":"2026-05-12T05:31:31+00:00","description":"Envie d'acheter Apr\u00e8s-shampooing \u00e0 la k\u00e9ratine Seibella Queratina\u00a0? Achetez Apr\u00e8s-shampooing \u00e0 la k\u00e9ratine Seibella Queratina maintenant avec Tupique en 3 versements sans int\u00e9r\u00eat.","breadcrumb":{"@id":"https:\/\/tupique.com\/pt\/product\/apres-shampooing-a-la-keratine-seibella-queratina\/#breadcrumb"},"inLanguage":"en-GB","potentialAction":[{"@type":"ReadAction","target":["https:\/\/tupique.com\/pt\/product\/apres-shampooing-a-la-keratine-seibella-queratina\/"]}]},{"@type":"ImageObject","inLanguage":"en-GB","@id":"https:\/\/tupique.com\/pt\/product\/apres-shampooing-a-la-keratine-seibella-queratina\/#primaryimage","url":"https:\/\/tupique.com\/wp-content\/uploads\/2026\/05\/7898432982093_0_P00.jpg","contentUrl":"https:\/\/tupique.com\/wp-content\/uploads\/2026\/05\/7898432982093_0_P00.jpg","width":1200,"height":1200,"caption":"V3401485_0"},{"@type":"BreadcrumbList","@id":"https:\/\/tupique.com\/pt\/product\/apres-shampooing-a-la-keratine-seibella-queratina\/#breadcrumb","itemListElement":[{"@type":"ListItem","position":1,"name":"commencer","item":"https:\/\/tupique.com\/"},{"@type":"ListItem","position":2,"name":"Loja","item":"https:\/\/tupique.com\/pt\/loja\/"},{"@type":"ListItem","position":3,"name":"Apr\u00e8s-shampooing \u00e0 la k\u00e9ratine Seibella Queratina"}]},{"@type":"WebSite","@id":"https:\/\/tupique.com\/#website","url":"https:\/\/tupique.com\/","name":"Tupique","description":"","publisher":{"@id":"https:\/\/tupique.com\/#organization"},"potentialAction":[{"@type":"SearchAction","target":{"@type":"EntryPoint","urlTemplate":"https:\/\/tupique.com\/?s={search_term_string}"},"query-input":{"@type":"PropertyValueSpecification","valueRequired":true,"valueName":"search_term_string"}}],"inLanguage":"en-GB"},{"@type":"Organization","@id":"https:\/\/tupique.com\/#organization","name":"Tupique","url":"https:\/\/tupique.com\/","logo":{"@type":"ImageObject","inLanguage":"en-GB","@id":"https:\/\/tupique.com\/#\/schema\/logo\/image\/","url":"https:\/\/tupique.com\/wp-content\/uploads\/2026\/03\/logo-tupique-1.webp","contentUrl":"https:\/\/tupique.com\/wp-content\/uploads\/2026\/03\/logo-tupique-1.webp","width":500,"height":67,"caption":"Tupique"},"image":{"@id":"https:\/\/tupique.com\/#\/schema\/logo\/image\/"}}]}},"_links":{"self":[{"href":"https:\/\/tupique.com\/en\/wp-json\/wp\/v2\/product\/196857","targetHints":{"allow":["GET"]}}],"collection":[{"href":"https:\/\/tupique.com\/en\/wp-json\/wp\/v2\/product"}],"about":[{"href":"https:\/\/tupique.com\/en\/wp-json\/wp\/v2\/types\/product"}],"replies":[{"embeddable":true,"href":"https:\/\/tupique.com\/en\/wp-json\/wp\/v2\/comments?post=196857"}],"wp:featuredmedia":[{"embeddable":true,"href":"https:\/\/tupique.com\/en\/wp-json\/wp\/v2\/media\/196856"}],"wp:attachment":[{"href":"https:\/\/tupique.com\/en\/wp-json\/wp\/v2\/media?parent=196857"}],"wp:term":[{"taxonomy":"product_brand","embeddable":true,"href":"https:\/\/tupique.com\/en\/wp-json\/wp\/v2\/product_brand?post=196857"},{"taxonomy":"product_cat","embeddable":true,"href":"https:\/\/tupique.com\/en\/wp-json\/wp\/v2\/product_cat?post=196857"},{"taxonomy":"product_tag","embeddable":true,"href":"https:\/\/tupique.com\/en\/wp-json\/wp\/v2\/product_tag?post=196857"},{"taxonomy":"woo-feed-brand","embeddable":true,"href":"https:\/\/tupique.com\/en\/wp-json\/wp\/v2\/woo-feed-brand?post=196857"}],"curies":[{"name":"wp","href":"https:\/\/api.w.org\/{rel}","templated":true}]}}