{"id":196914,"date":"2026-05-12T07:33:36","date_gmt":"2026-05-12T05:33:36","guid":{"rendered":"https:\/\/tupique.com\/product\/boite-de-rangement-versa-gris-polyester\/"},"modified":"2026-05-12T07:33:36","modified_gmt":"2026-05-12T05:33:36","slug":"boite-de-rangement-versa-gris-polyester","status":"publish","type":"product","link":"https:\/\/tupique.com\/en\/product\/boite-de-rangement-versa-gris-polyester\/","title":{"rendered":"Bo\u00eete de rangement Versa Gris Polyester"},"content":{"rendered":"<p>Si vous aimez prendre soin de chaque d\u00e9tail de votre maison et d&#8217;\u00eatre \u00e0 la derni\u00e8re mode en mati\u00e8re de produits qui vous rendront la vie plus facile, achetez <b>Bo\u00eete de rangement Versa Gris Polyester<\/b> au meilleur prix.<\/p>\n<ul>\n<li>Couleur:\n<ul>\n<li>Gris<\/li>\n<li>Multicouleur<\/li>\n<\/ul>\n<\/li>\n<li>Composition:\n<ul>\n<li>Coton<\/li>\n<li>Nylon<\/li>\n<li>Polyester<\/li>\n<\/ul>\n<\/li>\n<li>Type: Bain et douche<\/li>\n<li>Dimensions approx.: 26 x 26 x 38 cm<\/li>\n<li>Taille: S<\/li>\n<li>Mat\u00e9riel: Polyester<\/li>\n<li>Forme: Carr\u00e9<\/li>\n<\/ul>","protected":false},"excerpt":{"rendered":"<p>Si vous aimez prendre soin de chaque d\u00e9tail de votre maison et d&#8217;\u00eatre \u00e0 la derni\u00e8re mode en mati\u00e8re de produits qui vous rendront la vie plus facile, achetez Bo\u00eete de rangement Versa Gris Polyester au meilleur prix. Couleur: Gris Multicouleur Composition: Coton Nylon Polyester Type: Bain et douche Dimensions approx.: 26 x 26 x [&hellip;]<\/p>\n","protected":false},"featured_media":196913,"comment_status":"open","ping_status":"closed","template":"","meta":[],"product_brand":[262],"product_cat":[239,242],"product_tag":[104],"woo-feed-brand":[],"class_list":{"0":"post-196914","1":"product","2":"type-product","3":"status-publish","4":"has-post-thumbnail","6":"product_brand-brandp_2999","7":"product_cat-maison-jardin","8":"product_cat-organiseurs","9":"product_tag-tag_1279","11":"first","12":"instock","13":"taxable","14":"shipping-taxable","15":"purchasable","16":"product-type-simple"},"yoast_head":"<!-- This site is optimized with the Yoast SEO plugin v27.6 - https:\/\/yoast.com\/product\/yoast-seo-wordpress\/ -->\n<title>Bo\u00eete de rangement Versa Gris Polyester | | Tupique<\/title>\n<meta name=\"description\" content=\"Envie d&#039;acheter Bo\u00eete de rangement Versa Gris Polyester\u00a0? Achetez Bo\u00eete de rangement Versa Gris Polyester maintenant avec Tupique en 3 versements sans int\u00e9r\u00eat.\" \/>\n<meta name=\"robots\" content=\"index, follow, max-snippet:-1, max-image-preview:large, max-video-preview:-1\" \/>\n<link rel=\"canonical\" href=\"https:\/\/tupique.com\/en\/product\/boite-de-rangement-versa-gris-polyester\/\" \/>\n<meta property=\"og:locale\" content=\"en_GB\" \/>\n<meta property=\"og:type\" content=\"article\" \/>\n<meta property=\"og:title\" content=\"Bo\u00eete de rangement Versa Gris Polyester | | Tupique\" \/>\n<meta property=\"og:description\" content=\"Envie d&#039;acheter Bo\u00eete de rangement Versa Gris Polyester\u00a0? Achetez Bo\u00eete de rangement Versa Gris Polyester maintenant avec Tupique en 3 versements sans int\u00e9r\u00eat.\" \/>\n<meta property=\"og:url\" content=\"https:\/\/tupique.com\/en\/product\/boite-de-rangement-versa-gris-polyester\/\" \/>\n<meta property=\"og:site_name\" content=\"Tupique\" \/>\n<meta property=\"og:image\" content=\"https:\/\/tupique.com\/wp-content\/uploads\/2026\/05\/8420327535511_V3402273_P00.jpg\" \/>\n\t<meta property=\"og:image:width\" content=\"1200\" \/>\n\t<meta property=\"og:image:height\" content=\"1200\" \/>\n\t<meta property=\"og:image:type\" content=\"image\/jpeg\" \/>\n<meta name=\"twitter:card\" content=\"summary_large_image\" \/>\n<script type=\"application\/ld+json\" class=\"yoast-schema-graph\">{\"@context\":\"https:\\\/\\\/schema.org\",\"@graph\":[{\"@type\":\"WebPage\",\"@id\":\"https:\\\/\\\/tupique.com\\\/product\\\/boite-de-rangement-versa-gris-polyester\\\/\",\"url\":\"https:\\\/\\\/tupique.com\\\/product\\\/boite-de-rangement-versa-gris-polyester\\\/\",\"name\":\"Bo\u00eete de rangement Versa Gris Polyester | | Tupique\",\"isPartOf\":{\"@id\":\"https:\\\/\\\/tupique.com\\\/#website\"},\"primaryImageOfPage\":{\"@id\":\"https:\\\/\\\/tupique.com\\\/product\\\/boite-de-rangement-versa-gris-polyester\\\/#primaryimage\"},\"image\":{\"@id\":\"https:\\\/\\\/tupique.com\\\/product\\\/boite-de-rangement-versa-gris-polyester\\\/#primaryimage\"},\"thumbnailUrl\":\"https:\\\/\\\/tupique.com\\\/wp-content\\\/uploads\\\/2026\\\/05\\\/8420327535511_V3402273_P00.jpg\",\"datePublished\":\"2026-05-12T05:33:36+00:00\",\"description\":\"Envie d'acheter Bo\u00eete de rangement Versa Gris Polyester\u00a0? Achetez Bo\u00eete de rangement Versa Gris Polyester maintenant avec Tupique en 3 versements sans int\u00e9r\u00eat.\",\"breadcrumb\":{\"@id\":\"https:\\\/\\\/tupique.com\\\/product\\\/boite-de-rangement-versa-gris-polyester\\\/#breadcrumb\"},\"inLanguage\":\"en-GB\",\"potentialAction\":[{\"@type\":\"ReadAction\",\"target\":[\"https:\\\/\\\/tupique.com\\\/product\\\/boite-de-rangement-versa-gris-polyester\\\/\"]}]},{\"@type\":\"ImageObject\",\"inLanguage\":\"en-GB\",\"@id\":\"https:\\\/\\\/tupique.com\\\/product\\\/boite-de-rangement-versa-gris-polyester\\\/#primaryimage\",\"url\":\"https:\\\/\\\/tupique.com\\\/wp-content\\\/uploads\\\/2026\\\/05\\\/8420327535511_V3402273_P00.jpg\",\"contentUrl\":\"https:\\\/\\\/tupique.com\\\/wp-content\\\/uploads\\\/2026\\\/05\\\/8420327535511_V3402273_P00.jpg\",\"width\":1200,\"height\":1200,\"caption\":\"V3402273_0\"},{\"@type\":\"BreadcrumbList\",\"@id\":\"https:\\\/\\\/tupique.com\\\/product\\\/boite-de-rangement-versa-gris-polyester\\\/#breadcrumb\",\"itemListElement\":[{\"@type\":\"ListItem\",\"position\":1,\"name\":\"commencer\",\"item\":\"https:\\\/\\\/tupique.com\\\/\"},{\"@type\":\"ListItem\",\"position\":2,\"name\":\"Loja\",\"item\":\"https:\\\/\\\/tupique.com\\\/pt\\\/loja\\\/\"},{\"@type\":\"ListItem\",\"position\":3,\"name\":\"Bo\u00eete de rangement Versa Gris Polyester\"}]},{\"@type\":\"WebSite\",\"@id\":\"https:\\\/\\\/tupique.com\\\/#website\",\"url\":\"https:\\\/\\\/tupique.com\\\/\",\"name\":\"Tupique\",\"description\":\"\",\"publisher\":{\"@id\":\"https:\\\/\\\/tupique.com\\\/#organization\"},\"potentialAction\":[{\"@type\":\"SearchAction\",\"target\":{\"@type\":\"EntryPoint\",\"urlTemplate\":\"https:\\\/\\\/tupique.com\\\/?s={search_term_string}\"},\"query-input\":{\"@type\":\"PropertyValueSpecification\",\"valueRequired\":true,\"valueName\":\"search_term_string\"}}],\"inLanguage\":\"en-GB\"},{\"@type\":\"Organization\",\"@id\":\"https:\\\/\\\/tupique.com\\\/#organization\",\"name\":\"Tupique\",\"url\":\"https:\\\/\\\/tupique.com\\\/\",\"logo\":{\"@type\":\"ImageObject\",\"inLanguage\":\"en-GB\",\"@id\":\"https:\\\/\\\/tupique.com\\\/#\\\/schema\\\/logo\\\/image\\\/\",\"url\":\"https:\\\/\\\/tupique.com\\\/wp-content\\\/uploads\\\/2026\\\/03\\\/logo-tupique-1.webp\",\"contentUrl\":\"https:\\\/\\\/tupique.com\\\/wp-content\\\/uploads\\\/2026\\\/03\\\/logo-tupique-1.webp\",\"width\":500,\"height\":67,\"caption\":\"Tupique\"},\"image\":{\"@id\":\"https:\\\/\\\/tupique.com\\\/#\\\/schema\\\/logo\\\/image\\\/\"}}]}<\/script>\n<!-- \/ Yoast SEO plugin. -->","yoast_head_json":{"title":"Bo\u00eete de rangement Versa Gris Polyester | | Tupique","description":"Envie d'acheter Bo\u00eete de rangement Versa Gris Polyester\u00a0? Achetez Bo\u00eete de rangement Versa Gris Polyester maintenant avec Tupique en 3 versements sans int\u00e9r\u00eat.","robots":{"index":"index","follow":"follow","max-snippet":"max-snippet:-1","max-image-preview":"max-image-preview:large","max-video-preview":"max-video-preview:-1"},"canonical":"https:\/\/tupique.com\/en\/product\/boite-de-rangement-versa-gris-polyester\/","og_locale":"en_GB","og_type":"article","og_title":"Bo\u00eete de rangement Versa Gris Polyester | | Tupique","og_description":"Envie d'acheter Bo\u00eete de rangement Versa Gris Polyester\u00a0? Achetez Bo\u00eete de rangement Versa Gris Polyester maintenant avec Tupique en 3 versements sans int\u00e9r\u00eat.","og_url":"https:\/\/tupique.com\/en\/product\/boite-de-rangement-versa-gris-polyester\/","og_site_name":"Tupique","og_image":[{"width":1200,"height":1200,"url":"https:\/\/tupique.com\/wp-content\/uploads\/2026\/05\/8420327535511_V3402273_P00.jpg","type":"image\/jpeg"}],"twitter_card":"summary_large_image","schema":{"@context":"https:\/\/schema.org","@graph":[{"@type":"WebPage","@id":"https:\/\/tupique.com\/product\/boite-de-rangement-versa-gris-polyester\/","url":"https:\/\/tupique.com\/product\/boite-de-rangement-versa-gris-polyester\/","name":"Bo\u00eete de rangement Versa Gris Polyester | | Tupique","isPartOf":{"@id":"https:\/\/tupique.com\/#website"},"primaryImageOfPage":{"@id":"https:\/\/tupique.com\/product\/boite-de-rangement-versa-gris-polyester\/#primaryimage"},"image":{"@id":"https:\/\/tupique.com\/product\/boite-de-rangement-versa-gris-polyester\/#primaryimage"},"thumbnailUrl":"https:\/\/tupique.com\/wp-content\/uploads\/2026\/05\/8420327535511_V3402273_P00.jpg","datePublished":"2026-05-12T05:33:36+00:00","description":"Envie d'acheter Bo\u00eete de rangement Versa Gris Polyester\u00a0? Achetez Bo\u00eete de rangement Versa Gris Polyester maintenant avec Tupique en 3 versements sans int\u00e9r\u00eat.","breadcrumb":{"@id":"https:\/\/tupique.com\/product\/boite-de-rangement-versa-gris-polyester\/#breadcrumb"},"inLanguage":"en-GB","potentialAction":[{"@type":"ReadAction","target":["https:\/\/tupique.com\/product\/boite-de-rangement-versa-gris-polyester\/"]}]},{"@type":"ImageObject","inLanguage":"en-GB","@id":"https:\/\/tupique.com\/product\/boite-de-rangement-versa-gris-polyester\/#primaryimage","url":"https:\/\/tupique.com\/wp-content\/uploads\/2026\/05\/8420327535511_V3402273_P00.jpg","contentUrl":"https:\/\/tupique.com\/wp-content\/uploads\/2026\/05\/8420327535511_V3402273_P00.jpg","width":1200,"height":1200,"caption":"V3402273_0"},{"@type":"BreadcrumbList","@id":"https:\/\/tupique.com\/product\/boite-de-rangement-versa-gris-polyester\/#breadcrumb","itemListElement":[{"@type":"ListItem","position":1,"name":"commencer","item":"https:\/\/tupique.com\/"},{"@type":"ListItem","position":2,"name":"Loja","item":"https:\/\/tupique.com\/pt\/loja\/"},{"@type":"ListItem","position":3,"name":"Bo\u00eete de rangement Versa Gris Polyester"}]},{"@type":"WebSite","@id":"https:\/\/tupique.com\/#website","url":"https:\/\/tupique.com\/","name":"Tupique","description":"","publisher":{"@id":"https:\/\/tupique.com\/#organization"},"potentialAction":[{"@type":"SearchAction","target":{"@type":"EntryPoint","urlTemplate":"https:\/\/tupique.com\/?s={search_term_string}"},"query-input":{"@type":"PropertyValueSpecification","valueRequired":true,"valueName":"search_term_string"}}],"inLanguage":"en-GB"},{"@type":"Organization","@id":"https:\/\/tupique.com\/#organization","name":"Tupique","url":"https:\/\/tupique.com\/","logo":{"@type":"ImageObject","inLanguage":"en-GB","@id":"https:\/\/tupique.com\/#\/schema\/logo\/image\/","url":"https:\/\/tupique.com\/wp-content\/uploads\/2026\/03\/logo-tupique-1.webp","contentUrl":"https:\/\/tupique.com\/wp-content\/uploads\/2026\/03\/logo-tupique-1.webp","width":500,"height":67,"caption":"Tupique"},"image":{"@id":"https:\/\/tupique.com\/#\/schema\/logo\/image\/"}}]}},"_links":{"self":[{"href":"https:\/\/tupique.com\/en\/wp-json\/wp\/v2\/product\/196914","targetHints":{"allow":["GET"]}}],"collection":[{"href":"https:\/\/tupique.com\/en\/wp-json\/wp\/v2\/product"}],"about":[{"href":"https:\/\/tupique.com\/en\/wp-json\/wp\/v2\/types\/product"}],"replies":[{"embeddable":true,"href":"https:\/\/tupique.com\/en\/wp-json\/wp\/v2\/comments?post=196914"}],"wp:featuredmedia":[{"embeddable":true,"href":"https:\/\/tupique.com\/en\/wp-json\/wp\/v2\/media\/196913"}],"wp:attachment":[{"href":"https:\/\/tupique.com\/en\/wp-json\/wp\/v2\/media?parent=196914"}],"wp:term":[{"taxonomy":"product_brand","embeddable":true,"href":"https:\/\/tupique.com\/en\/wp-json\/wp\/v2\/product_brand?post=196914"},{"taxonomy":"product_cat","embeddable":true,"href":"https:\/\/tupique.com\/en\/wp-json\/wp\/v2\/product_cat?post=196914"},{"taxonomy":"product_tag","embeddable":true,"href":"https:\/\/tupique.com\/en\/wp-json\/wp\/v2\/product_tag?post=196914"},{"taxonomy":"woo-feed-brand","embeddable":true,"href":"https:\/\/tupique.com\/en\/wp-json\/wp\/v2\/woo-feed-brand?post=196914"}],"curies":[{"name":"wp","href":"https:\/\/api.w.org\/{rel}","templated":true}]}}