{"id":197027,"date":"2026-05-12T07:37:28","date_gmt":"2026-05-12T05:37:28","guid":{"rendered":"https:\/\/tupique.com\/product\/chaise-longue-pliable-acier-avec-coussin-jardin-et-piscine-190x58x27-cm-rouge-10000-marbueno\/"},"modified":"2026-05-12T07:48:07","modified_gmt":"2026-05-12T05:48:07","slug":"chaise-longue-pliable-acier-avec-coussin-jardin-et-piscine-190x58x27-cm-rouge-10000-marbueno","status":"publish","type":"product","link":"https:\/\/tupique.com\/en\/product\/chaise-longue-pliable-acier-avec-coussin-jardin-et-piscine-190x58x27-cm-rouge-10000-marbueno\/","title":{"rendered":"Chaise Longue Pliable Acier Avec Coussin Jardin et Piscine 190X58X27 cm Rouge 10000 Marbueno"},"content":{"rendered":"<p>Vous voulez donner une touche d&#8217;originalit\u00e9 \u00e0 votre maison ? Vous y arriverez gr\u00e2ce au <b>Chaise longue Marbueno 10000 Rouge 190 x 27 x 58 cm<\/b>.<\/p>\n<ul>\n<li>Type: Chaise longue<\/li>\n<li>Couleur: Rouge<\/li>\n<li>Mat\u00e9riel:\n<ul>\n<li>Acier<\/li>\n<li>Textilene<\/li>\n<\/ul>\n<\/li>\n<li>Features:\n<ul>\n<li>Pliable<\/li>\n<li>R\u00e9sistant<\/li>\n<li>Respirant<\/li>\n<li>\u00c9lastique<\/li>\n<li>Utilisation pratique et simple<\/li>\n<\/ul>\n<\/li>\n<li>Inclut: Coussin<\/li>\n<li>Positions: 3 Positions<\/li>\n<li>Recommended use:\n<ul>\n<li>Plage<\/li>\n<li>Ext\u00e9rieur<\/li>\n<li>Jardin<\/li>\n<\/ul>\n<\/li>\n<li>Poids Max. support\u00e9: 110 kg<\/li>\n<li>Dimensions approx.: 190 x 27 x 58 cm<\/li>\n<\/ul>","protected":false},"excerpt":{"rendered":"<p>Vous voulez donner une touche d&#8217;originalit\u00e9 \u00e0 votre maison ? Vous y arriverez gr\u00e2ce au Chaise longue Marbueno 10000 Rouge 190 x 27 x 58 cm. Type: Chaise longue Couleur: Rouge Mat\u00e9riel: Acier Textilene Caract\u00e9ristiques: Pliable R\u00e9sistant Respirant \u00c9lastique Utilisation pratique et simple Inclut: Coussin Positions: 3 Positions Utilisation recommand\u00e9e: Plage Ext\u00e9rieur Jardin Poids Max. [&hellip;]<\/p>\n","protected":false},"featured_media":197024,"comment_status":"open","ping_status":"closed","template":"","meta":[],"product_brand":[2702],"product_cat":[759,239,974],"product_tag":[211],"woo-feed-brand":[],"class_list":{"0":"post-197027","1":"product","2":"type-product","3":"status-publish","4":"has-post-thumbnail","6":"product_brand-brandp_9028","7":"product_cat-jardin-et-terrasse","8":"product_cat-maison-jardin","9":"product_cat-mobilier-d-exterieur","10":"product_tag-tag_3","12":"first","13":"instock","14":"taxable","15":"shipping-taxable","16":"purchasable","17":"product-type-simple"},"yoast_head":"<!-- This site is optimized with the Yoast SEO plugin v27.6 - https:\/\/yoast.com\/product\/yoast-seo-wordpress\/ -->\n<title>Chaise Longue Pliable Acier Avec Coussin Jardin et Piscine 190X58X27 cm Rouge 10000 Marbueno | | Tupique<\/title>\n<meta name=\"description\" content=\"Envie d&#039;acheter Chaise Longue Pliable Acier Avec Coussin Jardin et Piscine 190X58X27 cm Rouge 10000 Marbueno\u00a0? Achetez Chaise Longue Pliable Acier Avec Coussin Jardin et Piscine 190X58X27 cm Rouge 10000 Marbueno maintenant avec Tupique en 3 versements sans int\u00e9r\u00eat.\" \/>\n<meta name=\"robots\" content=\"index, follow, max-snippet:-1, max-image-preview:large, max-video-preview:-1\" \/>\n<link rel=\"canonical\" href=\"https:\/\/tupique.com\/en\/product\/chaise-longue-pliable-acier-avec-coussin-jardin-et-piscine-190x58x27-cm-rouge-10000-marbueno\/\" \/>\n<meta property=\"og:locale\" content=\"en_GB\" \/>\n<meta property=\"og:type\" content=\"article\" \/>\n<meta property=\"og:title\" content=\"Chaise Longue Pliable Acier Avec Coussin Jardin et Piscine 190X58X27 cm Rouge 10000 Marbueno | | Tupique\" \/>\n<meta property=\"og:description\" content=\"Envie d&#039;acheter Chaise Longue Pliable Acier Avec Coussin Jardin et Piscine 190X58X27 cm Rouge 10000 Marbueno\u00a0? Achetez Chaise Longue Pliable Acier Avec Coussin Jardin et Piscine 190X58X27 cm Rouge 10000 Marbueno maintenant avec Tupique en 3 versements sans int\u00e9r\u00eat.\" \/>\n<meta property=\"og:url\" content=\"https:\/\/tupique.com\/en\/product\/chaise-longue-pliable-acier-avec-coussin-jardin-et-piscine-190x58x27-cm-rouge-10000-marbueno\/\" \/>\n<meta property=\"og:site_name\" content=\"Tupique\" \/>\n<meta property=\"article:modified_time\" content=\"2026-05-12T05:48:07+00:00\" \/>\n<meta property=\"og:image\" content=\"https:\/\/tupique.com\/wp-content\/uploads\/2026\/05\/8435631900009_D1400767_P00.jpg\" \/>\n\t<meta property=\"og:image:width\" content=\"1200\" \/>\n\t<meta property=\"og:image:height\" content=\"1200\" \/>\n\t<meta property=\"og:image:type\" content=\"image\/jpeg\" \/>\n<meta name=\"twitter:card\" content=\"summary_large_image\" \/>\n<script type=\"application\/ld+json\" class=\"yoast-schema-graph\">{\"@context\":\"https:\\\/\\\/schema.org\",\"@graph\":[{\"@type\":\"WebPage\",\"@id\":\"https:\\\/\\\/tupique.com\\\/product\\\/chaise-longue-pliable-acier-avec-coussin-jardin-et-piscine-190x58x27-cm-rouge-10000-marbueno\\\/\",\"url\":\"https:\\\/\\\/tupique.com\\\/product\\\/chaise-longue-pliable-acier-avec-coussin-jardin-et-piscine-190x58x27-cm-rouge-10000-marbueno\\\/\",\"name\":\"Chaise Longue Pliable Acier Avec Coussin Jardin et Piscine 190X58X27 cm Rouge 10000 Marbueno | | Tupique\",\"isPartOf\":{\"@id\":\"https:\\\/\\\/tupique.com\\\/#website\"},\"primaryImageOfPage\":{\"@id\":\"https:\\\/\\\/tupique.com\\\/product\\\/chaise-longue-pliable-acier-avec-coussin-jardin-et-piscine-190x58x27-cm-rouge-10000-marbueno\\\/#primaryimage\"},\"image\":{\"@id\":\"https:\\\/\\\/tupique.com\\\/product\\\/chaise-longue-pliable-acier-avec-coussin-jardin-et-piscine-190x58x27-cm-rouge-10000-marbueno\\\/#primaryimage\"},\"thumbnailUrl\":\"https:\\\/\\\/tupique.com\\\/wp-content\\\/uploads\\\/2026\\\/05\\\/8435631900009_D1400767_P00.jpg\",\"datePublished\":\"2026-05-12T05:37:28+00:00\",\"dateModified\":\"2026-05-12T05:48:07+00:00\",\"description\":\"Envie d'acheter Chaise Longue Pliable Acier Avec Coussin Jardin et Piscine 190X58X27 cm Rouge 10000 Marbueno\u00a0? Achetez Chaise Longue Pliable Acier Avec Coussin Jardin et Piscine 190X58X27 cm Rouge 10000 Marbueno maintenant avec Tupique en 3 versements sans int\u00e9r\u00eat.\",\"breadcrumb\":{\"@id\":\"https:\\\/\\\/tupique.com\\\/product\\\/chaise-longue-pliable-acier-avec-coussin-jardin-et-piscine-190x58x27-cm-rouge-10000-marbueno\\\/#breadcrumb\"},\"inLanguage\":\"en-GB\",\"potentialAction\":[{\"@type\":\"ReadAction\",\"target\":[\"https:\\\/\\\/tupique.com\\\/product\\\/chaise-longue-pliable-acier-avec-coussin-jardin-et-piscine-190x58x27-cm-rouge-10000-marbueno\\\/\"]}]},{\"@type\":\"ImageObject\",\"inLanguage\":\"en-GB\",\"@id\":\"https:\\\/\\\/tupique.com\\\/product\\\/chaise-longue-pliable-acier-avec-coussin-jardin-et-piscine-190x58x27-cm-rouge-10000-marbueno\\\/#primaryimage\",\"url\":\"https:\\\/\\\/tupique.com\\\/wp-content\\\/uploads\\\/2026\\\/05\\\/8435631900009_D1400767_P00.jpg\",\"contentUrl\":\"https:\\\/\\\/tupique.com\\\/wp-content\\\/uploads\\\/2026\\\/05\\\/8435631900009_D1400767_P00.jpg\",\"width\":1200,\"height\":1200,\"caption\":\"D1400767_0\"},{\"@type\":\"BreadcrumbList\",\"@id\":\"https:\\\/\\\/tupique.com\\\/product\\\/chaise-longue-pliable-acier-avec-coussin-jardin-et-piscine-190x58x27-cm-rouge-10000-marbueno\\\/#breadcrumb\",\"itemListElement\":[{\"@type\":\"ListItem\",\"position\":1,\"name\":\"commencer\",\"item\":\"https:\\\/\\\/tupique.com\\\/\"},{\"@type\":\"ListItem\",\"position\":2,\"name\":\"Loja\",\"item\":\"https:\\\/\\\/tupique.com\\\/pt\\\/loja\\\/\"},{\"@type\":\"ListItem\",\"position\":3,\"name\":\"Chaise Longue Pliable Acier Avec Coussin Jardin et Piscine 190X58X27 cm Rouge 10000 Marbueno\"}]},{\"@type\":\"WebSite\",\"@id\":\"https:\\\/\\\/tupique.com\\\/#website\",\"url\":\"https:\\\/\\\/tupique.com\\\/\",\"name\":\"Tupique\",\"description\":\"\",\"publisher\":{\"@id\":\"https:\\\/\\\/tupique.com\\\/#organization\"},\"potentialAction\":[{\"@type\":\"SearchAction\",\"target\":{\"@type\":\"EntryPoint\",\"urlTemplate\":\"https:\\\/\\\/tupique.com\\\/?s={search_term_string}\"},\"query-input\":{\"@type\":\"PropertyValueSpecification\",\"valueRequired\":true,\"valueName\":\"search_term_string\"}}],\"inLanguage\":\"en-GB\"},{\"@type\":\"Organization\",\"@id\":\"https:\\\/\\\/tupique.com\\\/#organization\",\"name\":\"Tupique\",\"url\":\"https:\\\/\\\/tupique.com\\\/\",\"logo\":{\"@type\":\"ImageObject\",\"inLanguage\":\"en-GB\",\"@id\":\"https:\\\/\\\/tupique.com\\\/#\\\/schema\\\/logo\\\/image\\\/\",\"url\":\"https:\\\/\\\/tupique.com\\\/wp-content\\\/uploads\\\/2026\\\/03\\\/logo-tupique-1.webp\",\"contentUrl\":\"https:\\\/\\\/tupique.com\\\/wp-content\\\/uploads\\\/2026\\\/03\\\/logo-tupique-1.webp\",\"width\":500,\"height\":67,\"caption\":\"Tupique\"},\"image\":{\"@id\":\"https:\\\/\\\/tupique.com\\\/#\\\/schema\\\/logo\\\/image\\\/\"}}]}<\/script>\n<!-- \/ Yoast SEO plugin. -->","yoast_head_json":{"title":"Chaise Longue Pliable Acier Avec Coussin Jardin et Piscine 190X58X27 cm Rouge 10000 Marbueno | | Tupique","description":"Envie d'acheter Chaise Longue Pliable Acier Avec Coussin Jardin et Piscine 190X58X27 cm Rouge 10000 Marbueno\u00a0? Achetez Chaise Longue Pliable Acier Avec Coussin Jardin et Piscine 190X58X27 cm Rouge 10000 Marbueno maintenant avec Tupique en 3 versements sans int\u00e9r\u00eat.","robots":{"index":"index","follow":"follow","max-snippet":"max-snippet:-1","max-image-preview":"max-image-preview:large","max-video-preview":"max-video-preview:-1"},"canonical":"https:\/\/tupique.com\/en\/product\/chaise-longue-pliable-acier-avec-coussin-jardin-et-piscine-190x58x27-cm-rouge-10000-marbueno\/","og_locale":"en_GB","og_type":"article","og_title":"Chaise Longue Pliable Acier Avec Coussin Jardin et Piscine 190X58X27 cm Rouge 10000 Marbueno | | Tupique","og_description":"Envie d'acheter Chaise Longue Pliable Acier Avec Coussin Jardin et Piscine 190X58X27 cm Rouge 10000 Marbueno\u00a0? Achetez Chaise Longue Pliable Acier Avec Coussin Jardin et Piscine 190X58X27 cm Rouge 10000 Marbueno maintenant avec Tupique en 3 versements sans int\u00e9r\u00eat.","og_url":"https:\/\/tupique.com\/en\/product\/chaise-longue-pliable-acier-avec-coussin-jardin-et-piscine-190x58x27-cm-rouge-10000-marbueno\/","og_site_name":"Tupique","article_modified_time":"2026-05-12T05:48:07+00:00","og_image":[{"width":1200,"height":1200,"url":"https:\/\/tupique.com\/wp-content\/uploads\/2026\/05\/8435631900009_D1400767_P00.jpg","type":"image\/jpeg"}],"twitter_card":"summary_large_image","schema":{"@context":"https:\/\/schema.org","@graph":[{"@type":"WebPage","@id":"https:\/\/tupique.com\/product\/chaise-longue-pliable-acier-avec-coussin-jardin-et-piscine-190x58x27-cm-rouge-10000-marbueno\/","url":"https:\/\/tupique.com\/product\/chaise-longue-pliable-acier-avec-coussin-jardin-et-piscine-190x58x27-cm-rouge-10000-marbueno\/","name":"Chaise Longue Pliable Acier Avec Coussin Jardin et Piscine 190X58X27 cm Rouge 10000 Marbueno | | Tupique","isPartOf":{"@id":"https:\/\/tupique.com\/#website"},"primaryImageOfPage":{"@id":"https:\/\/tupique.com\/product\/chaise-longue-pliable-acier-avec-coussin-jardin-et-piscine-190x58x27-cm-rouge-10000-marbueno\/#primaryimage"},"image":{"@id":"https:\/\/tupique.com\/product\/chaise-longue-pliable-acier-avec-coussin-jardin-et-piscine-190x58x27-cm-rouge-10000-marbueno\/#primaryimage"},"thumbnailUrl":"https:\/\/tupique.com\/wp-content\/uploads\/2026\/05\/8435631900009_D1400767_P00.jpg","datePublished":"2026-05-12T05:37:28+00:00","dateModified":"2026-05-12T05:48:07+00:00","description":"Envie d'acheter Chaise Longue Pliable Acier Avec Coussin Jardin et Piscine 190X58X27 cm Rouge 10000 Marbueno\u00a0? Achetez Chaise Longue Pliable Acier Avec Coussin Jardin et Piscine 190X58X27 cm Rouge 10000 Marbueno maintenant avec Tupique en 3 versements sans int\u00e9r\u00eat.","breadcrumb":{"@id":"https:\/\/tupique.com\/product\/chaise-longue-pliable-acier-avec-coussin-jardin-et-piscine-190x58x27-cm-rouge-10000-marbueno\/#breadcrumb"},"inLanguage":"en-GB","potentialAction":[{"@type":"ReadAction","target":["https:\/\/tupique.com\/product\/chaise-longue-pliable-acier-avec-coussin-jardin-et-piscine-190x58x27-cm-rouge-10000-marbueno\/"]}]},{"@type":"ImageObject","inLanguage":"en-GB","@id":"https:\/\/tupique.com\/product\/chaise-longue-pliable-acier-avec-coussin-jardin-et-piscine-190x58x27-cm-rouge-10000-marbueno\/#primaryimage","url":"https:\/\/tupique.com\/wp-content\/uploads\/2026\/05\/8435631900009_D1400767_P00.jpg","contentUrl":"https:\/\/tupique.com\/wp-content\/uploads\/2026\/05\/8435631900009_D1400767_P00.jpg","width":1200,"height":1200,"caption":"D1400767_0"},{"@type":"BreadcrumbList","@id":"https:\/\/tupique.com\/product\/chaise-longue-pliable-acier-avec-coussin-jardin-et-piscine-190x58x27-cm-rouge-10000-marbueno\/#breadcrumb","itemListElement":[{"@type":"ListItem","position":1,"name":"commencer","item":"https:\/\/tupique.com\/"},{"@type":"ListItem","position":2,"name":"Loja","item":"https:\/\/tupique.com\/pt\/loja\/"},{"@type":"ListItem","position":3,"name":"Chaise Longue Pliable Acier Avec Coussin Jardin et Piscine 190X58X27 cm Rouge 10000 Marbueno"}]},{"@type":"WebSite","@id":"https:\/\/tupique.com\/#website","url":"https:\/\/tupique.com\/","name":"Tupique","description":"","publisher":{"@id":"https:\/\/tupique.com\/#organization"},"potentialAction":[{"@type":"SearchAction","target":{"@type":"EntryPoint","urlTemplate":"https:\/\/tupique.com\/?s={search_term_string}"},"query-input":{"@type":"PropertyValueSpecification","valueRequired":true,"valueName":"search_term_string"}}],"inLanguage":"en-GB"},{"@type":"Organization","@id":"https:\/\/tupique.com\/#organization","name":"Tupique","url":"https:\/\/tupique.com\/","logo":{"@type":"ImageObject","inLanguage":"en-GB","@id":"https:\/\/tupique.com\/#\/schema\/logo\/image\/","url":"https:\/\/tupique.com\/wp-content\/uploads\/2026\/03\/logo-tupique-1.webp","contentUrl":"https:\/\/tupique.com\/wp-content\/uploads\/2026\/03\/logo-tupique-1.webp","width":500,"height":67,"caption":"Tupique"},"image":{"@id":"https:\/\/tupique.com\/#\/schema\/logo\/image\/"}}]}},"_links":{"self":[{"href":"https:\/\/tupique.com\/en\/wp-json\/wp\/v2\/product\/197027","targetHints":{"allow":["GET"]}}],"collection":[{"href":"https:\/\/tupique.com\/en\/wp-json\/wp\/v2\/product"}],"about":[{"href":"https:\/\/tupique.com\/en\/wp-json\/wp\/v2\/types\/product"}],"replies":[{"embeddable":true,"href":"https:\/\/tupique.com\/en\/wp-json\/wp\/v2\/comments?post=197027"}],"wp:featuredmedia":[{"embeddable":true,"href":"https:\/\/tupique.com\/en\/wp-json\/wp\/v2\/media\/197024"}],"wp:attachment":[{"href":"https:\/\/tupique.com\/en\/wp-json\/wp\/v2\/media?parent=197027"}],"wp:term":[{"taxonomy":"product_brand","embeddable":true,"href":"https:\/\/tupique.com\/en\/wp-json\/wp\/v2\/product_brand?post=197027"},{"taxonomy":"product_cat","embeddable":true,"href":"https:\/\/tupique.com\/en\/wp-json\/wp\/v2\/product_cat?post=197027"},{"taxonomy":"product_tag","embeddable":true,"href":"https:\/\/tupique.com\/en\/wp-json\/wp\/v2\/product_tag?post=197027"},{"taxonomy":"woo-feed-brand","embeddable":true,"href":"https:\/\/tupique.com\/en\/wp-json\/wp\/v2\/woo-feed-brand?post=197027"}],"curies":[{"name":"wp","href":"https:\/\/api.w.org\/{rel}","templated":true}]}}