{"id":197668,"date":"2026-05-12T08:27:58","date_gmt":"2026-05-12T06:27:58","guid":{"rendered":"https:\/\/tupique.com\/product\/oreiller-ergonomique-multifonctions-ullow-innovagoods\/"},"modified":"2026-05-12T08:27:58","modified_gmt":"2026-05-12T06:27:58","slug":"oreiller-ergonomique-multifonctions-ullow-innovagoods","status":"publish","type":"product","link":"https:\/\/tupique.com\/en\/product\/oreiller-ergonomique-multifonctions-ullow-innovagoods\/","title":{"rendered":"Oreiller Ergonomique Multifonctions Ullow InnovaGoods"},"content":{"rendered":"<div class=\"col-md-6\"><b>InnovaGoods<\/b> vous offre les meilleures nouveaut\u00e9s pour la maison, comme <b>Oreiller Ergonomique Multifonctions Ullow InnovaGoods <\/b> ! D\u00e9couvrez une vaste gamme de produits de qualit\u00e9 qui se d\u00e9marquent de par leur fonctionnalit\u00e9, leur efficacit\u00e9 et leur design innovant : \u00e9clairage, organisation, d\u00e9coration, climatisation, jardin, animaux domestiques, nettoyage, etc.<\/p>\n<p>Cet <b>oreiller ergonomique multifonctions&nbsp;<\/b>offre un soutien optimal pour dormir confortablement sur le c\u00f4t\u00e9 ou sur le dos et maintenir une posture correcte. Il vous aide \u00e0 mieux vous reposer et \u00e0 mieux dormir. Respirant, avec creux d&#8217;oreille et housse lavable avec fermeture \u00e9clair.<\/p>\n<p>Un <b>oreiller visco\u00e9lastique<\/b> confortable en forme de U qui offre un excellent soutien au cou, aux \u00e9paules, aux bras et \u00e0 la poitrine. Il peut \u00e9galement servir de support pour ordinateur portable et de coussin de lecture.<\/p>\n<ul>\n<li><b>Conception ergonomique en forme de U :<\/b> notre oreiller ergonomique multifonctions pr\u00e9sente une conception innovante en forme de U qui offre un soutien tr\u00e8s confortable au cou, \u00e0 la poitrine, aux \u00e9paules et aux bras. Cet oreiller visco\u00e9lastique est parfait pour dormir en gardant votre t\u00eate align\u00e9e avec votre colonne vert\u00e9brale dans une position optimale.<\/li>\n<li><b>Respirant, adaptable :<\/b> cet oreiller pour position lat\u00e9rale est fabriqu\u00e9 en mousse visco\u00e9lastique et dispose d&#8217;une housse en polyester douce et respirante pour une utilisation plus agr\u00e9able. Son int\u00e9rieur en mousse \u00e0 m\u00e9moire de forme permet une adaptation totale \u00e0 chaque anatomie.<\/li>\n<li><b>Multipostions, multifonctions :<\/b> cet oreiller en forme de U a \u00e9t\u00e9 con\u00e7u pour dormir dans diff\u00e9rentes positions en tout confort et commodit\u00e9. Id\u00e9al pour dormir sur le c\u00f4t\u00e9 ou sur le dos, il offre un grand soutien au cou et aux \u00e9paules. Il peut \u00e9galement \u00eatre utilis\u00e9 comme coussin de lecture ou comme support pour ordinateur portable.<\/li>\n<li><b>Bouton central, housse zipp\u00e9e :<\/b> cet oreiller cervical est dot\u00e9 d&#8217;une housse zipp\u00e9e amovible pour faciliter le lavage. Ses 3 cavit\u00e9s de d\u00e9compression soulagent la pression sur la t\u00eate. Le bouton situ\u00e9 dans la cavit\u00e9 centrale cr\u00e9e un espace creux pour l&#8217;oreille lorsque vous dormez sur le c\u00f4t\u00e9 (facultatif).<\/li>\n<li><b>Sommeil et repos r\u00e9parateur<\/b> : notre oreiller pour le sommeil sur le c\u00f4t\u00e9 procure une grande d\u00e9tente et un grand bien-\u00eatre en soulageant la pression et les tensions musculaires. Cet oreiller multifonction vous aide \u00e0 mieux dormir et \u00e0 r\u00e9duire les ronflements en facilitant une position correcte qui favorise une respiration plus douce et plus naturelle.<\/li>\n<\/ul>\n<ul>\n<li>Mat\u00e9riel:\n<ul>\n<li>Polyester<\/li>\n<li>Mousse visco\u00e9lastique<\/li>\n<\/ul>\n<\/li>\n<li>Couleur:\n<ul>\n<li>Blanc<\/li>\n<li>Gris<\/li>\n<\/ul>\n<\/li>\n<li>Type: Oreiller Ergonomique de Position Lat\u00e9rale U<\/li>\n<li>Design moderne: Novateur et pratique<\/li>\n<li>Propri\u00e9t\u00e9s: Respirant<\/li>\n<li>Un seul Bouton: R\u00e9duit la pression du corps<\/li>\n<li>Multiposition: Polyvalent et adaptable<\/li>\n<li>Caract\u00e9ristiques: Multifonction<\/li>\n<li>Plusieurs fonctionnalit\u00e9s et espaces: Lit, canap\u00e9, fauteuil, etc.<\/li>\n<li>Confort et commodit\u00e9: Touch\u00e9 doux et agr\u00e9able<\/li>\n<li>Soutien au sommeil et au repos: Un meilleur repos dans la bonne position<\/li>\n<li>Effets b\u00e9n\u00e9fiques: Soulagement, repos, d\u00e9tente et bien-\u00eatre<\/li>\n<li>Housse amovible et lavable avec fermeture \u00e9clair: Facile \u00e0 nettoyer<\/li>\n<li>Emballage: Emball\u00e9 sous vide<\/li>\n<li>L\u00e9ger et maniable: Facile \u00e0 transporter et \u00e0 ranger<\/li>\n<li>Dimensions approx.: 61 x 63,5 x 13 cm<\/li>\n<\/ul>\n<p>Packaging et manuel en 24 langues: anglais, fran\u00e7ais, espagnol, allemand, italien, portugais, n\u00e9erlandais, polonais, hongrois, roumain, danois, su\u00e9dois, finnois, lituanien, norv\u00e9gien, slov\u00e8ne, grec, tch\u00e8que, bulgare, croate, slovaque, estonien, russe, letton.<\/p><\/div>\n<div class=\"col-md-6\">\n<div class=\"embed-responsive embed-responsive-16by9\"><iframe class=\"embed-responsive-item\" src=\"https:\/\/www.youtube.com\/embed\/MXQoqwAE_Ns\" frameborder=\"0\" allowfullscreen><\/iframe><\/div>\n<\/div>","protected":false},"excerpt":{"rendered":"<p>InnovaGoods vous offre les meilleures nouveaut\u00e9s pour la maison, comme Oreiller Ergonomique Multifonctions Ullow InnovaGoods ! D\u00e9couvrez une vaste gamme de produits de qualit\u00e9 qui se d\u00e9marquent de par leur fonctionnalit\u00e9, leur efficacit\u00e9 et leur design innovant : \u00e9clairage, organisation, d\u00e9coration, climatisation, jardin, animaux domestiques, nettoyage, etc. Cet oreiller ergonomique multifonctions&nbsp;offre un soutien optimal pour [&hellip;]<\/p>\n","protected":false},"featured_media":197655,"comment_status":"open","ping_status":"closed","template":"","meta":[],"product_brand":[256],"product_cat":[63,1825,1861,776,239,1860,784,752,1826,1796],"product_tag":[165],"woo-feed-brand":[],"class_list":{"0":"post-197668","1":"product","2":"type-product","3":"status-publish","4":"has-post-thumbnail","6":"product_brand-brandp_1281","7":"product_cat-cadeaux-originaux","8":"product_cat-cadeaux-pour-soins-personnels","9":"product_cat-coussins-et-oreillers","10":"product_cat-detente-et-bien-etre","11":"product_cat-maison-jardin","12":"product_cat-oreillers","13":"product_cat-repos","14":"product_cat-sante-beaute","15":"product_cat-teleachat-vu-a-la-television-sante-et-beaute-teleshop","16":"product_cat-teleachat-vu-a-la-television","17":"product_tag-tag_69","19":"first","20":"instock","21":"taxable","22":"shipping-taxable","23":"purchasable","24":"product-type-simple"},"yoast_head":"<!-- This site is optimized with the Yoast SEO plugin v27.6 - https:\/\/yoast.com\/product\/yoast-seo-wordpress\/ -->\n<title>Oreiller Ergonomique Multifonctions Ullow InnovaGoods | | Tupique<\/title>\n<meta name=\"description\" content=\"Envie d&#039;acheter Oreiller Ergonomique Multifonctions Ullow InnovaGoods\u00a0? Achetez Oreiller Ergonomique Multifonctions Ullow InnovaGoods maintenant avec Tupique en 3 versements sans int\u00e9r\u00eat.\" \/>\n<meta name=\"robots\" content=\"index, follow, max-snippet:-1, max-image-preview:large, max-video-preview:-1\" \/>\n<link rel=\"canonical\" href=\"https:\/\/tupique.com\/en\/product\/oreiller-ergonomique-multifonctions-ullow-innovagoods\/\" \/>\n<meta property=\"og:locale\" content=\"en_GB\" \/>\n<meta property=\"og:type\" content=\"article\" \/>\n<meta property=\"og:title\" content=\"Oreiller Ergonomique Multifonctions Ullow InnovaGoods | | Tupique\" \/>\n<meta property=\"og:description\" content=\"Envie d&#039;acheter Oreiller Ergonomique Multifonctions Ullow InnovaGoods\u00a0? Achetez Oreiller Ergonomique Multifonctions Ullow InnovaGoods maintenant avec Tupique en 3 versements sans int\u00e9r\u00eat.\" \/>\n<meta property=\"og:url\" content=\"https:\/\/tupique.com\/en\/product\/oreiller-ergonomique-multifonctions-ullow-innovagoods\/\" \/>\n<meta property=\"og:site_name\" content=\"Tupique\" \/>\n<meta property=\"og:image\" content=\"https:\/\/tupique.com\/wp-content\/uploads\/2026\/05\/v0103896_000_wbg2.jpg\" \/>\n\t<meta property=\"og:image:width\" content=\"1200\" \/>\n\t<meta property=\"og:image:height\" content=\"1200\" \/>\n\t<meta property=\"og:image:type\" content=\"image\/jpeg\" \/>\n<meta name=\"twitter:card\" content=\"summary_large_image\" \/>\n<meta name=\"twitter:label1\" content=\"Est. reading time\" \/>\n\t<meta name=\"twitter:data1\" content=\"3 minutes\" \/>\n<script type=\"application\/ld+json\" class=\"yoast-schema-graph\">{\"@context\":\"https:\\\/\\\/schema.org\",\"@graph\":[{\"@type\":\"WebPage\",\"@id\":\"https:\\\/\\\/tupique.com\\\/pt\\\/product\\\/oreiller-ergonomique-multifonctions-ullow-innovagoods\\\/\",\"url\":\"https:\\\/\\\/tupique.com\\\/pt\\\/product\\\/oreiller-ergonomique-multifonctions-ullow-innovagoods\\\/\",\"name\":\"Oreiller Ergonomique Multifonctions Ullow InnovaGoods | | Tupique\",\"isPartOf\":{\"@id\":\"https:\\\/\\\/tupique.com\\\/#website\"},\"primaryImageOfPage\":{\"@id\":\"https:\\\/\\\/tupique.com\\\/pt\\\/product\\\/oreiller-ergonomique-multifonctions-ullow-innovagoods\\\/#primaryimage\"},\"image\":{\"@id\":\"https:\\\/\\\/tupique.com\\\/pt\\\/product\\\/oreiller-ergonomique-multifonctions-ullow-innovagoods\\\/#primaryimage\"},\"thumbnailUrl\":\"https:\\\/\\\/tupique.com\\\/wp-content\\\/uploads\\\/2026\\\/05\\\/v0103896_000_wbg2.jpg\",\"datePublished\":\"2026-05-12T06:27:58+00:00\",\"description\":\"Envie d'acheter Oreiller Ergonomique Multifonctions Ullow InnovaGoods\u00a0? Achetez Oreiller Ergonomique Multifonctions Ullow InnovaGoods maintenant avec Tupique en 3 versements sans int\u00e9r\u00eat.\",\"breadcrumb\":{\"@id\":\"https:\\\/\\\/tupique.com\\\/pt\\\/product\\\/oreiller-ergonomique-multifonctions-ullow-innovagoods\\\/#breadcrumb\"},\"inLanguage\":\"en-GB\",\"potentialAction\":[{\"@type\":\"ReadAction\",\"target\":[\"https:\\\/\\\/tupique.com\\\/pt\\\/product\\\/oreiller-ergonomique-multifonctions-ullow-innovagoods\\\/\"]}]},{\"@type\":\"ImageObject\",\"inLanguage\":\"en-GB\",\"@id\":\"https:\\\/\\\/tupique.com\\\/pt\\\/product\\\/oreiller-ergonomique-multifonctions-ullow-innovagoods\\\/#primaryimage\",\"url\":\"https:\\\/\\\/tupique.com\\\/wp-content\\\/uploads\\\/2026\\\/05\\\/v0103896_000_wbg2.jpg\",\"contentUrl\":\"https:\\\/\\\/tupique.com\\\/wp-content\\\/uploads\\\/2026\\\/05\\\/v0103896_000_wbg2.jpg\",\"width\":1200,\"height\":1200,\"caption\":\"V0103896_0\"},{\"@type\":\"BreadcrumbList\",\"@id\":\"https:\\\/\\\/tupique.com\\\/pt\\\/product\\\/oreiller-ergonomique-multifonctions-ullow-innovagoods\\\/#breadcrumb\",\"itemListElement\":[{\"@type\":\"ListItem\",\"position\":1,\"name\":\"commencer\",\"item\":\"https:\\\/\\\/tupique.com\\\/\"},{\"@type\":\"ListItem\",\"position\":2,\"name\":\"Loja\",\"item\":\"https:\\\/\\\/tupique.com\\\/pt\\\/loja\\\/\"},{\"@type\":\"ListItem\",\"position\":3,\"name\":\"Oreiller Ergonomique Multifonctions Ullow InnovaGoods\"}]},{\"@type\":\"WebSite\",\"@id\":\"https:\\\/\\\/tupique.com\\\/#website\",\"url\":\"https:\\\/\\\/tupique.com\\\/\",\"name\":\"Tupique\",\"description\":\"\",\"publisher\":{\"@id\":\"https:\\\/\\\/tupique.com\\\/#organization\"},\"potentialAction\":[{\"@type\":\"SearchAction\",\"target\":{\"@type\":\"EntryPoint\",\"urlTemplate\":\"https:\\\/\\\/tupique.com\\\/?s={search_term_string}\"},\"query-input\":{\"@type\":\"PropertyValueSpecification\",\"valueRequired\":true,\"valueName\":\"search_term_string\"}}],\"inLanguage\":\"en-GB\"},{\"@type\":\"Organization\",\"@id\":\"https:\\\/\\\/tupique.com\\\/#organization\",\"name\":\"Tupique\",\"url\":\"https:\\\/\\\/tupique.com\\\/\",\"logo\":{\"@type\":\"ImageObject\",\"inLanguage\":\"en-GB\",\"@id\":\"https:\\\/\\\/tupique.com\\\/#\\\/schema\\\/logo\\\/image\\\/\",\"url\":\"https:\\\/\\\/tupique.com\\\/wp-content\\\/uploads\\\/2026\\\/03\\\/logo-tupique-1.webp\",\"contentUrl\":\"https:\\\/\\\/tupique.com\\\/wp-content\\\/uploads\\\/2026\\\/03\\\/logo-tupique-1.webp\",\"width\":500,\"height\":67,\"caption\":\"Tupique\"},\"image\":{\"@id\":\"https:\\\/\\\/tupique.com\\\/#\\\/schema\\\/logo\\\/image\\\/\"}}]}<\/script>\n<!-- \/ Yoast SEO plugin. -->","yoast_head_json":{"title":"Oreiller Ergonomique Multifonctions Ullow InnovaGoods | | Tupique","description":"Envie d'acheter Oreiller Ergonomique Multifonctions Ullow InnovaGoods\u00a0? Achetez Oreiller Ergonomique Multifonctions Ullow InnovaGoods maintenant avec Tupique en 3 versements sans int\u00e9r\u00eat.","robots":{"index":"index","follow":"follow","max-snippet":"max-snippet:-1","max-image-preview":"max-image-preview:large","max-video-preview":"max-video-preview:-1"},"canonical":"https:\/\/tupique.com\/en\/product\/oreiller-ergonomique-multifonctions-ullow-innovagoods\/","og_locale":"en_GB","og_type":"article","og_title":"Oreiller Ergonomique Multifonctions Ullow InnovaGoods | | Tupique","og_description":"Envie d'acheter Oreiller Ergonomique Multifonctions Ullow InnovaGoods\u00a0? Achetez Oreiller Ergonomique Multifonctions Ullow InnovaGoods maintenant avec Tupique en 3 versements sans int\u00e9r\u00eat.","og_url":"https:\/\/tupique.com\/en\/product\/oreiller-ergonomique-multifonctions-ullow-innovagoods\/","og_site_name":"Tupique","og_image":[{"width":1200,"height":1200,"url":"https:\/\/tupique.com\/wp-content\/uploads\/2026\/05\/v0103896_000_wbg2.jpg","type":"image\/jpeg"}],"twitter_card":"summary_large_image","twitter_misc":{"Est. reading time":"3 minutes"},"schema":{"@context":"https:\/\/schema.org","@graph":[{"@type":"WebPage","@id":"https:\/\/tupique.com\/pt\/product\/oreiller-ergonomique-multifonctions-ullow-innovagoods\/","url":"https:\/\/tupique.com\/pt\/product\/oreiller-ergonomique-multifonctions-ullow-innovagoods\/","name":"Oreiller Ergonomique Multifonctions Ullow InnovaGoods | | Tupique","isPartOf":{"@id":"https:\/\/tupique.com\/#website"},"primaryImageOfPage":{"@id":"https:\/\/tupique.com\/pt\/product\/oreiller-ergonomique-multifonctions-ullow-innovagoods\/#primaryimage"},"image":{"@id":"https:\/\/tupique.com\/pt\/product\/oreiller-ergonomique-multifonctions-ullow-innovagoods\/#primaryimage"},"thumbnailUrl":"https:\/\/tupique.com\/wp-content\/uploads\/2026\/05\/v0103896_000_wbg2.jpg","datePublished":"2026-05-12T06:27:58+00:00","description":"Envie d'acheter Oreiller Ergonomique Multifonctions Ullow InnovaGoods\u00a0? Achetez Oreiller Ergonomique Multifonctions Ullow InnovaGoods maintenant avec Tupique en 3 versements sans int\u00e9r\u00eat.","breadcrumb":{"@id":"https:\/\/tupique.com\/pt\/product\/oreiller-ergonomique-multifonctions-ullow-innovagoods\/#breadcrumb"},"inLanguage":"en-GB","potentialAction":[{"@type":"ReadAction","target":["https:\/\/tupique.com\/pt\/product\/oreiller-ergonomique-multifonctions-ullow-innovagoods\/"]}]},{"@type":"ImageObject","inLanguage":"en-GB","@id":"https:\/\/tupique.com\/pt\/product\/oreiller-ergonomique-multifonctions-ullow-innovagoods\/#primaryimage","url":"https:\/\/tupique.com\/wp-content\/uploads\/2026\/05\/v0103896_000_wbg2.jpg","contentUrl":"https:\/\/tupique.com\/wp-content\/uploads\/2026\/05\/v0103896_000_wbg2.jpg","width":1200,"height":1200,"caption":"V0103896_0"},{"@type":"BreadcrumbList","@id":"https:\/\/tupique.com\/pt\/product\/oreiller-ergonomique-multifonctions-ullow-innovagoods\/#breadcrumb","itemListElement":[{"@type":"ListItem","position":1,"name":"commencer","item":"https:\/\/tupique.com\/"},{"@type":"ListItem","position":2,"name":"Loja","item":"https:\/\/tupique.com\/pt\/loja\/"},{"@type":"ListItem","position":3,"name":"Oreiller Ergonomique Multifonctions Ullow InnovaGoods"}]},{"@type":"WebSite","@id":"https:\/\/tupique.com\/#website","url":"https:\/\/tupique.com\/","name":"Tupique","description":"","publisher":{"@id":"https:\/\/tupique.com\/#organization"},"potentialAction":[{"@type":"SearchAction","target":{"@type":"EntryPoint","urlTemplate":"https:\/\/tupique.com\/?s={search_term_string}"},"query-input":{"@type":"PropertyValueSpecification","valueRequired":true,"valueName":"search_term_string"}}],"inLanguage":"en-GB"},{"@type":"Organization","@id":"https:\/\/tupique.com\/#organization","name":"Tupique","url":"https:\/\/tupique.com\/","logo":{"@type":"ImageObject","inLanguage":"en-GB","@id":"https:\/\/tupique.com\/#\/schema\/logo\/image\/","url":"https:\/\/tupique.com\/wp-content\/uploads\/2026\/03\/logo-tupique-1.webp","contentUrl":"https:\/\/tupique.com\/wp-content\/uploads\/2026\/03\/logo-tupique-1.webp","width":500,"height":67,"caption":"Tupique"},"image":{"@id":"https:\/\/tupique.com\/#\/schema\/logo\/image\/"}}]}},"_links":{"self":[{"href":"https:\/\/tupique.com\/en\/wp-json\/wp\/v2\/product\/197668","targetHints":{"allow":["GET"]}}],"collection":[{"href":"https:\/\/tupique.com\/en\/wp-json\/wp\/v2\/product"}],"about":[{"href":"https:\/\/tupique.com\/en\/wp-json\/wp\/v2\/types\/product"}],"replies":[{"embeddable":true,"href":"https:\/\/tupique.com\/en\/wp-json\/wp\/v2\/comments?post=197668"}],"wp:featuredmedia":[{"embeddable":true,"href":"https:\/\/tupique.com\/en\/wp-json\/wp\/v2\/media\/197655"}],"wp:attachment":[{"href":"https:\/\/tupique.com\/en\/wp-json\/wp\/v2\/media?parent=197668"}],"wp:term":[{"taxonomy":"product_brand","embeddable":true,"href":"https:\/\/tupique.com\/en\/wp-json\/wp\/v2\/product_brand?post=197668"},{"taxonomy":"product_cat","embeddable":true,"href":"https:\/\/tupique.com\/en\/wp-json\/wp\/v2\/product_cat?post=197668"},{"taxonomy":"product_tag","embeddable":true,"href":"https:\/\/tupique.com\/en\/wp-json\/wp\/v2\/product_tag?post=197668"},{"taxonomy":"woo-feed-brand","embeddable":true,"href":"https:\/\/tupique.com\/en\/wp-json\/wp\/v2\/woo-feed-brand?post=197668"}],"curies":[{"name":"wp","href":"https:\/\/api.w.org\/{rel}","templated":true}]}}