{"id":197850,"date":"2026-05-12T08:43:15","date_gmt":"2026-05-12T06:43:15","guid":{"rendered":"https:\/\/tupique.com\/product\/bestway-piscine-gonflable-2-chambres-family-213x206x69-cm-6-ans-jardin-54153\/"},"modified":"2026-05-12T08:43:15","modified_gmt":"2026-05-12T06:43:15","slug":"bestway-piscine-gonflable-2-chambres-family-213x206x69-cm-6-ans-jardin-54153","status":"publish","type":"product","link":"https:\/\/tupique.com\/en\/product\/bestway-piscine-gonflable-2-chambres-family-213x206x69-cm-6-ans-jardin-54153\/","title":{"rendered":"Bestway Piscine Gonflable 2 Chambres Family 213x206x69 cm +6 Ans Jardin 54153"},"content":{"rendered":"<p>Vous aimeriez avoir la meilleure gamme de <b>soins esth\u00e9tiques<\/b> avec des produits de qualit\u00e9 et \u00e0 un prix abordable ? Alors ne vous passez pas \u00e0 c\u00f4t\u00e9 de <b>Pataugeoire gonflable pour enfants Bestway Multicouleur 213 x 206 x 69 cm<\/b> !<\/p>\n<ul>\n<li>Type:\n<ul>\n<li>Piscine pour enfants<\/li>\n<li>Pataugeoire gonflable pour enfants<\/li>\n<li>Caisse<\/li>\n<\/ul>\n<\/li>\n<li>Recommended age:\n<ul>\n<li>+ 3 ans<\/li>\n<li>+ 6 Ans<\/li>\n<li>Enfants<\/li>\n<\/ul>\n<\/li>\n<li>Dimensions approx.:\n<ul>\n<li>213 x 206 x 69 cm<\/li>\n<li>206 x 213 x 69 cm<\/li>\n<\/ul>\n<\/li>\n<li>Couleur:\n<ul>\n<li>Blanc<\/li>\n<li>Multicouleur<\/li>\n<\/ul>\n<\/li>\n<li>Mati\u00e8re:\n<ul>\n<li>Plastique<\/li>\n<li>PVC<\/li>\n<li>Autocollants<\/li>\n<\/ul>\n<\/li>\n<li>Features:\n<ul>\n<li>Utilisation en ext\u00e9rieur<\/li>\n<li>Nettoyage par chiffon humide<\/li>\n<\/ul>\n<\/li>\n<li>Recommended use:\n<ul>\n<li>Plage<\/li>\n<li>Jardin<\/li>\n<li>Camping<\/li>\n<\/ul>\n<\/li>\n<li>Langue: Fran\u00e7ais<\/li>\n<li>Forme: Carr\u00e9<\/li>\n<li>Montage: Non<\/li>\n<li>Informations importantes: L\u2019image peut ne pas montrer tous les mod\u00e8les disponibles.<\/li>\n<\/ul>\n<p><\/p>\n<p>&#8211; Vannes 3 voies<br \/>&#8211; Vinyle tr\u00e8s r\u00e9sistant pr\u00e9-test\u00e9<br \/>&#8211; 2 anneaux \u00e9gaux<br \/>&#8211; Parois lat\u00e9rales extra large<br \/>&#8211; Comprenant 2 porte-gobelets, 2 coussins et 2 appui-t\u00eates<br \/>&#8211; Pi\u00e8ce extra forte pour grosse r\u00e9paration incluse<br \/>&#8211; Capacit\u00e9 en eau de calcul: 575 Lt. (152 gallons)<br \/>&#8211; \u00c9vacue l\u2019eau de la piscine avec la vanne de vidange facile \u00e0 utiliser!<br \/>&#8211; Contenus: Une piscine, rustine r\u00e9sistante<\/p>\n<p><\/p>\n<ul>\n<li>Type de piscine: Piscine gonflable<\/li>\n<li>Couleur du produit: Bleu, Blanc<\/li>\n<li>Mat\u00e9riel: Vinyle<\/li>\n<li>Age recommand\u00e9 (min): 3 ann\u00e9e(s)<\/li>\n<li>Age recommand\u00e9 (max): 6 ann\u00e9e(s)<\/li>\n<li>Forme: Carr\u00e9<\/li>\n<li>Nombre de chambres \u00e0 air: 2<\/li>\n<li>Nombre de soupapes d&#8217;air: 3<\/li>\n<li>Code Intrastat: 95069990<\/li>\n<li>Coussin de chaise: Oui<\/li>\n<li>Si\u00e8ge: Oui<\/li>\n<li>Appuie-t\u00eate: Oui<\/li>\n<li>Built-in porte-gobelets: Oui<\/li>\n<li>Nombre de porte-gobelets: 2<\/li>\n<li>Capacit\u00e9: 575 L<\/li>\n<li>Largeur: 2070 mm<\/li>\n<li>Profondeur: 690 mm<\/li>\n<li>Hauteur: 2130 mm<\/li>\n<li>Poids: 4,7 kg<\/li>\n<li>\u00c9paisseur: 0,27 mm<\/li>\n<li>Type d&#8217;emballage: Bo\u00eete<\/li>\n<li>Largeur du colis: 400 mm<\/li>\n<li>Profondeur du colis: 400 mm<\/li>\n<li>Hauteur du colis: 100 mm<\/li>\n<li>Volume de l&#8217;emballage: 57000 cm\u00b3<\/li>\n<li>Volume du colis: 0,057 m\u00b3<\/li>\n<li>Pi\u00e8ce de r\u00e9paration incluse: Oui<\/li>\n<li>Contenu de l&#8217;emballage: 3 x interconnecting nozzles<\/li>\n<li>Quantit\u00e9 par palette: 40 pi\u00e8ce(s)<\/li>\n<li>Quantit\u00e9 de commande minimum: 3 pi\u00e8ce(s)<\/li>\n<\/ul>","protected":false},"excerpt":{"rendered":"<p>Vous aimeriez avoir la meilleure gamme de soins esth\u00e9tiques avec des produits de qualit\u00e9 et \u00e0 un prix abordable ? Alors ne vous passez pas \u00e0 c\u00f4t\u00e9 de Pataugeoire gonflable pour enfants Bestway Multicouleur 213 x 206 x 69 cm ! Type: Piscine pour enfants Pataugeoire gonflable pour enfants Caisse \u00c2ge recommand\u00e9: + 3 ans [&hellip;]<\/p>\n","protected":false},"featured_media":197826,"comment_status":"open","ping_status":"closed","template":"","meta":[],"product_brand":[1771],"product_cat":[2272,1769,1764],"product_tag":[2247,721,210],"woo-feed-brand":[],"class_list":{"0":"post-197850","1":"product","2":"type-product","3":"status-publish","4":"has-post-thumbnail","6":"product_brand-brandp_520","7":"product_cat-piscines","8":"product_cat-plage-et-piscine","9":"product_cat-sports-loisirs","10":"product_tag-tag_32","11":"product_tag-tag_124","12":"product_tag-tag_25","14":"first","15":"instock","16":"taxable","17":"shipping-taxable","18":"purchasable","19":"product-type-simple"},"yoast_head":"<!-- This site is optimized with the Yoast SEO plugin v27.6 - https:\/\/yoast.com\/product\/yoast-seo-wordpress\/ -->\n<title>Bestway Piscine Gonflable 2 Chambres Family 213x206x69 cm +6 Ans Jardin 54153 | | Tupique<\/title>\n<meta name=\"description\" content=\"Envie d&#039;acheter Bestway Piscine Gonflable 2 Chambres Family 213x206x69 cm +6 Ans Jardin 54153\u00a0? Achetez Bestway Piscine Gonflable 2 Chambres Family 213x206x69 cm +6 Ans Jardin 54153 maintenant avec Tupique en 3 versements sans int\u00e9r\u00eat.\" \/>\n<meta name=\"robots\" content=\"index, follow, max-snippet:-1, max-image-preview:large, max-video-preview:-1\" \/>\n<link rel=\"canonical\" href=\"https:\/\/tupique.com\/en\/product\/bestway-piscine-gonflable-2-chambres-family-213x206x69-cm-6-ans-jardin-54153\/\" \/>\n<meta property=\"og:locale\" content=\"en_GB\" \/>\n<meta property=\"og:type\" content=\"article\" \/>\n<meta property=\"og:title\" content=\"Bestway Piscine Gonflable 2 Chambres Family 213x206x69 cm +6 Ans Jardin 54153 | | Tupique\" \/>\n<meta property=\"og:description\" content=\"Envie d&#039;acheter Bestway Piscine Gonflable 2 Chambres Family 213x206x69 cm +6 Ans Jardin 54153\u00a0? Achetez Bestway Piscine Gonflable 2 Chambres Family 213x206x69 cm +6 Ans Jardin 54153 maintenant avec Tupique en 3 versements sans int\u00e9r\u00eat.\" \/>\n<meta property=\"og:url\" content=\"https:\/\/tupique.com\/en\/product\/bestway-piscine-gonflable-2-chambres-family-213x206x69-cm-6-ans-jardin-54153\/\" \/>\n<meta property=\"og:site_name\" content=\"Tupique\" \/>\n<meta property=\"og:image\" content=\"https:\/\/tupique.com\/wp-content\/uploads\/2026\/05\/6942138972115_A0_ok1.jpg\" \/>\n\t<meta property=\"og:image:width\" content=\"1200\" \/>\n\t<meta property=\"og:image:height\" content=\"1200\" \/>\n\t<meta property=\"og:image:type\" content=\"image\/jpeg\" \/>\n<meta name=\"twitter:card\" content=\"summary_large_image\" \/>\n<meta name=\"twitter:label1\" content=\"Est. reading time\" \/>\n\t<meta name=\"twitter:data1\" content=\"1 minute\" \/>\n<script type=\"application\/ld+json\" class=\"yoast-schema-graph\">{\"@context\":\"https:\\\/\\\/schema.org\",\"@graph\":[{\"@type\":\"WebPage\",\"@id\":\"https:\\\/\\\/tupique.com\\\/pt\\\/product\\\/bestway-piscine-gonflable-2-chambres-family-213x206x69-cm-6-ans-jardin-54153\\\/\",\"url\":\"https:\\\/\\\/tupique.com\\\/pt\\\/product\\\/bestway-piscine-gonflable-2-chambres-family-213x206x69-cm-6-ans-jardin-54153\\\/\",\"name\":\"Bestway Piscine Gonflable 2 Chambres Family 213x206x69 cm +6 Ans Jardin 54153 | | Tupique\",\"isPartOf\":{\"@id\":\"https:\\\/\\\/tupique.com\\\/#website\"},\"primaryImageOfPage\":{\"@id\":\"https:\\\/\\\/tupique.com\\\/pt\\\/product\\\/bestway-piscine-gonflable-2-chambres-family-213x206x69-cm-6-ans-jardin-54153\\\/#primaryimage\"},\"image\":{\"@id\":\"https:\\\/\\\/tupique.com\\\/pt\\\/product\\\/bestway-piscine-gonflable-2-chambres-family-213x206x69-cm-6-ans-jardin-54153\\\/#primaryimage\"},\"thumbnailUrl\":\"https:\\\/\\\/tupique.com\\\/wp-content\\\/uploads\\\/2026\\\/05\\\/6942138972115_A0_ok1.jpg\",\"datePublished\":\"2026-05-12T06:43:15+00:00\",\"description\":\"Envie d'acheter Bestway Piscine Gonflable 2 Chambres Family 213x206x69 cm +6 Ans Jardin 54153\u00a0? Achetez Bestway Piscine Gonflable 2 Chambres Family 213x206x69 cm +6 Ans Jardin 54153 maintenant avec Tupique en 3 versements sans int\u00e9r\u00eat.\",\"breadcrumb\":{\"@id\":\"https:\\\/\\\/tupique.com\\\/pt\\\/product\\\/bestway-piscine-gonflable-2-chambres-family-213x206x69-cm-6-ans-jardin-54153\\\/#breadcrumb\"},\"inLanguage\":\"en-GB\",\"potentialAction\":[{\"@type\":\"ReadAction\",\"target\":[\"https:\\\/\\\/tupique.com\\\/pt\\\/product\\\/bestway-piscine-gonflable-2-chambres-family-213x206x69-cm-6-ans-jardin-54153\\\/\"]}]},{\"@type\":\"ImageObject\",\"inLanguage\":\"en-GB\",\"@id\":\"https:\\\/\\\/tupique.com\\\/pt\\\/product\\\/bestway-piscine-gonflable-2-chambres-family-213x206x69-cm-6-ans-jardin-54153\\\/#primaryimage\",\"url\":\"https:\\\/\\\/tupique.com\\\/wp-content\\\/uploads\\\/2026\\\/05\\\/6942138972115_A0_ok1.jpg\",\"contentUrl\":\"https:\\\/\\\/tupique.com\\\/wp-content\\\/uploads\\\/2026\\\/05\\\/6942138972115_A0_ok1.jpg\",\"width\":1200,\"height\":1200,\"caption\":\"D1400420_0\"},{\"@type\":\"BreadcrumbList\",\"@id\":\"https:\\\/\\\/tupique.com\\\/pt\\\/product\\\/bestway-piscine-gonflable-2-chambres-family-213x206x69-cm-6-ans-jardin-54153\\\/#breadcrumb\",\"itemListElement\":[{\"@type\":\"ListItem\",\"position\":1,\"name\":\"commencer\",\"item\":\"https:\\\/\\\/tupique.com\\\/\"},{\"@type\":\"ListItem\",\"position\":2,\"name\":\"Loja\",\"item\":\"https:\\\/\\\/tupique.com\\\/pt\\\/loja\\\/\"},{\"@type\":\"ListItem\",\"position\":3,\"name\":\"Bestway Piscine Gonflable 2 Chambres Family 213x206x69 cm +6 Ans Jardin 54153\"}]},{\"@type\":\"WebSite\",\"@id\":\"https:\\\/\\\/tupique.com\\\/#website\",\"url\":\"https:\\\/\\\/tupique.com\\\/\",\"name\":\"Tupique\",\"description\":\"\",\"publisher\":{\"@id\":\"https:\\\/\\\/tupique.com\\\/#organization\"},\"potentialAction\":[{\"@type\":\"SearchAction\",\"target\":{\"@type\":\"EntryPoint\",\"urlTemplate\":\"https:\\\/\\\/tupique.com\\\/?s={search_term_string}\"},\"query-input\":{\"@type\":\"PropertyValueSpecification\",\"valueRequired\":true,\"valueName\":\"search_term_string\"}}],\"inLanguage\":\"en-GB\"},{\"@type\":\"Organization\",\"@id\":\"https:\\\/\\\/tupique.com\\\/#organization\",\"name\":\"Tupique\",\"url\":\"https:\\\/\\\/tupique.com\\\/\",\"logo\":{\"@type\":\"ImageObject\",\"inLanguage\":\"en-GB\",\"@id\":\"https:\\\/\\\/tupique.com\\\/#\\\/schema\\\/logo\\\/image\\\/\",\"url\":\"https:\\\/\\\/tupique.com\\\/wp-content\\\/uploads\\\/2026\\\/03\\\/logo-tupique-1.webp\",\"contentUrl\":\"https:\\\/\\\/tupique.com\\\/wp-content\\\/uploads\\\/2026\\\/03\\\/logo-tupique-1.webp\",\"width\":500,\"height\":67,\"caption\":\"Tupique\"},\"image\":{\"@id\":\"https:\\\/\\\/tupique.com\\\/#\\\/schema\\\/logo\\\/image\\\/\"}}]}<\/script>\n<!-- \/ Yoast SEO plugin. -->","yoast_head_json":{"title":"Bestway Piscine Gonflable 2 Chambres Family 213x206x69 cm +6 Ans Jardin 54153 | | Tupique","description":"Envie d'acheter Bestway Piscine Gonflable 2 Chambres Family 213x206x69 cm +6 Ans Jardin 54153\u00a0? Achetez Bestway Piscine Gonflable 2 Chambres Family 213x206x69 cm +6 Ans Jardin 54153 maintenant avec Tupique en 3 versements sans int\u00e9r\u00eat.","robots":{"index":"index","follow":"follow","max-snippet":"max-snippet:-1","max-image-preview":"max-image-preview:large","max-video-preview":"max-video-preview:-1"},"canonical":"https:\/\/tupique.com\/en\/product\/bestway-piscine-gonflable-2-chambres-family-213x206x69-cm-6-ans-jardin-54153\/","og_locale":"en_GB","og_type":"article","og_title":"Bestway Piscine Gonflable 2 Chambres Family 213x206x69 cm +6 Ans Jardin 54153 | | Tupique","og_description":"Envie d'acheter Bestway Piscine Gonflable 2 Chambres Family 213x206x69 cm +6 Ans Jardin 54153\u00a0? Achetez Bestway Piscine Gonflable 2 Chambres Family 213x206x69 cm +6 Ans Jardin 54153 maintenant avec Tupique en 3 versements sans int\u00e9r\u00eat.","og_url":"https:\/\/tupique.com\/en\/product\/bestway-piscine-gonflable-2-chambres-family-213x206x69-cm-6-ans-jardin-54153\/","og_site_name":"Tupique","og_image":[{"width":1200,"height":1200,"url":"https:\/\/tupique.com\/wp-content\/uploads\/2026\/05\/6942138972115_A0_ok1.jpg","type":"image\/jpeg"}],"twitter_card":"summary_large_image","twitter_misc":{"Est. reading time":"1 minute"},"schema":{"@context":"https:\/\/schema.org","@graph":[{"@type":"WebPage","@id":"https:\/\/tupique.com\/pt\/product\/bestway-piscine-gonflable-2-chambres-family-213x206x69-cm-6-ans-jardin-54153\/","url":"https:\/\/tupique.com\/pt\/product\/bestway-piscine-gonflable-2-chambres-family-213x206x69-cm-6-ans-jardin-54153\/","name":"Bestway Piscine Gonflable 2 Chambres Family 213x206x69 cm +6 Ans Jardin 54153 | | Tupique","isPartOf":{"@id":"https:\/\/tupique.com\/#website"},"primaryImageOfPage":{"@id":"https:\/\/tupique.com\/pt\/product\/bestway-piscine-gonflable-2-chambres-family-213x206x69-cm-6-ans-jardin-54153\/#primaryimage"},"image":{"@id":"https:\/\/tupique.com\/pt\/product\/bestway-piscine-gonflable-2-chambres-family-213x206x69-cm-6-ans-jardin-54153\/#primaryimage"},"thumbnailUrl":"https:\/\/tupique.com\/wp-content\/uploads\/2026\/05\/6942138972115_A0_ok1.jpg","datePublished":"2026-05-12T06:43:15+00:00","description":"Envie d'acheter Bestway Piscine Gonflable 2 Chambres Family 213x206x69 cm +6 Ans Jardin 54153\u00a0? Achetez Bestway Piscine Gonflable 2 Chambres Family 213x206x69 cm +6 Ans Jardin 54153 maintenant avec Tupique en 3 versements sans int\u00e9r\u00eat.","breadcrumb":{"@id":"https:\/\/tupique.com\/pt\/product\/bestway-piscine-gonflable-2-chambres-family-213x206x69-cm-6-ans-jardin-54153\/#breadcrumb"},"inLanguage":"en-GB","potentialAction":[{"@type":"ReadAction","target":["https:\/\/tupique.com\/pt\/product\/bestway-piscine-gonflable-2-chambres-family-213x206x69-cm-6-ans-jardin-54153\/"]}]},{"@type":"ImageObject","inLanguage":"en-GB","@id":"https:\/\/tupique.com\/pt\/product\/bestway-piscine-gonflable-2-chambres-family-213x206x69-cm-6-ans-jardin-54153\/#primaryimage","url":"https:\/\/tupique.com\/wp-content\/uploads\/2026\/05\/6942138972115_A0_ok1.jpg","contentUrl":"https:\/\/tupique.com\/wp-content\/uploads\/2026\/05\/6942138972115_A0_ok1.jpg","width":1200,"height":1200,"caption":"D1400420_0"},{"@type":"BreadcrumbList","@id":"https:\/\/tupique.com\/pt\/product\/bestway-piscine-gonflable-2-chambres-family-213x206x69-cm-6-ans-jardin-54153\/#breadcrumb","itemListElement":[{"@type":"ListItem","position":1,"name":"commencer","item":"https:\/\/tupique.com\/"},{"@type":"ListItem","position":2,"name":"Loja","item":"https:\/\/tupique.com\/pt\/loja\/"},{"@type":"ListItem","position":3,"name":"Bestway Piscine Gonflable 2 Chambres Family 213x206x69 cm +6 Ans Jardin 54153"}]},{"@type":"WebSite","@id":"https:\/\/tupique.com\/#website","url":"https:\/\/tupique.com\/","name":"Tupique","description":"","publisher":{"@id":"https:\/\/tupique.com\/#organization"},"potentialAction":[{"@type":"SearchAction","target":{"@type":"EntryPoint","urlTemplate":"https:\/\/tupique.com\/?s={search_term_string}"},"query-input":{"@type":"PropertyValueSpecification","valueRequired":true,"valueName":"search_term_string"}}],"inLanguage":"en-GB"},{"@type":"Organization","@id":"https:\/\/tupique.com\/#organization","name":"Tupique","url":"https:\/\/tupique.com\/","logo":{"@type":"ImageObject","inLanguage":"en-GB","@id":"https:\/\/tupique.com\/#\/schema\/logo\/image\/","url":"https:\/\/tupique.com\/wp-content\/uploads\/2026\/03\/logo-tupique-1.webp","contentUrl":"https:\/\/tupique.com\/wp-content\/uploads\/2026\/03\/logo-tupique-1.webp","width":500,"height":67,"caption":"Tupique"},"image":{"@id":"https:\/\/tupique.com\/#\/schema\/logo\/image\/"}}]}},"_links":{"self":[{"href":"https:\/\/tupique.com\/en\/wp-json\/wp\/v2\/product\/197850","targetHints":{"allow":["GET"]}}],"collection":[{"href":"https:\/\/tupique.com\/en\/wp-json\/wp\/v2\/product"}],"about":[{"href":"https:\/\/tupique.com\/en\/wp-json\/wp\/v2\/types\/product"}],"replies":[{"embeddable":true,"href":"https:\/\/tupique.com\/en\/wp-json\/wp\/v2\/comments?post=197850"}],"wp:featuredmedia":[{"embeddable":true,"href":"https:\/\/tupique.com\/en\/wp-json\/wp\/v2\/media\/197826"}],"wp:attachment":[{"href":"https:\/\/tupique.com\/en\/wp-json\/wp\/v2\/media?parent=197850"}],"wp:term":[{"taxonomy":"product_brand","embeddable":true,"href":"https:\/\/tupique.com\/en\/wp-json\/wp\/v2\/product_brand?post=197850"},{"taxonomy":"product_cat","embeddable":true,"href":"https:\/\/tupique.com\/en\/wp-json\/wp\/v2\/product_cat?post=197850"},{"taxonomy":"product_tag","embeddable":true,"href":"https:\/\/tupique.com\/en\/wp-json\/wp\/v2\/product_tag?post=197850"},{"taxonomy":"woo-feed-brand","embeddable":true,"href":"https:\/\/tupique.com\/en\/wp-json\/wp\/v2\/woo-feed-brand?post=197850"}],"curies":[{"name":"wp","href":"https:\/\/api.w.org\/{rel}","templated":true}]}}