{"id":198390,"date":"2026-05-12T09:34:44","date_gmt":"2026-05-12T07:34:44","guid":{"rendered":"https:\/\/tupique.com\/product\/creme-energisante-pour-jambes-fatiguees-cbd-zencalm-innovagoods-200-ml\/"},"modified":"2026-05-12T09:34:44","modified_gmt":"2026-05-12T07:34:44","slug":"creme-energisante-pour-jambes-fatiguees-cbd-zencalm-innovagoods-200-ml","status":"publish","type":"product","link":"https:\/\/tupique.com\/en\/product\/creme-energisante-pour-jambes-fatiguees-cbd-zencalm-innovagoods-200-ml\/","title":{"rendered":"Cr\u00e8me \u00c9nergisante pour Jambes Fatigu\u00e9es CBD Zencalm InnovaGoods 200 ml"},"content":{"rendered":"<div class=\"col-md-6\"><b>InnovaGoods<\/b> vous facilite la t\u00e2che pour que votre soin personnel soit une priorit\u00e9 sans excuses. Il vous propose les meilleures nouveaut\u00e9s en mati\u00e8re de beaut\u00e9, de d\u00e9tente et de bien-\u00eatre ! <b>Cr\u00e8me \u00c9nergisante pour Jambes Fatigu\u00e9es CBD Zencalm InnovaGoods 200 ml <\/b> en est un bon exemple ! D\u00e9couvrez une vaste gamme de produits de qualit\u00e9 qui se d\u00e9marquent de par leur fonctionnalit\u00e9, leur efficacit\u00e9 et leur design innovant.<\/p>\n<p>The <b>cr\u00e8me \u00e9nergisante pour jambes fatigu\u00e9es Zencalm InnovaGoods CBD&nbsp;<\/b>nourrit, apaise, hydrate, r\u00e9pare, tonifie et soulage les jambes et les pieds fatigu\u00e9s. Ingr\u00e9dients naturels.&nbsp;PA&nbsp;: CBD, alo\u00e9 v\u00e9ra, ginkgo, poliplant antifatiga\u00ae, centella asiatica, legactif\u2122.<\/p>\n<p>Une <b>cr\u00e8me cosm\u00e9tique v\u00e9gane<\/b> <b>pour les jambes fatigu\u00e9es&nbsp;<\/b>qui procure une grande sensation de soulagement et de bien-\u00eatre gr\u00e2ce \u00e0 son action antifatigue. Usage quotidien. 200&nbsp;ml. Convient aux peaux sensibles.<\/p>\n<ul>\n<li><b>Ingr\u00e9dients naturels<\/b> : Les <b>cosm\u00e9tiques InnovaGoods<\/b> am\u00e9liorent la sant\u00e9 et la beaut\u00e9 de la peau gr\u00e2ce \u00e0 des extraits de plantes, des huiles v\u00e9g\u00e9tales et d\u2019innovants principes actifs. Leur objectif particulier est de nourrir la peau avec des formulations nutri-cosm\u00e9tiques fournissant un soin int\u00e9gral et contribuant au bien-\u00eatre g\u00e9n\u00e9ral.<\/li>\n<li><b>Principaux b\u00e9n\u00e9fices&nbsp;<\/b>: La cr\u00e8me \u00e9nergisante pour jambes fatigu\u00e9es Zencalm InnovaGoods CBD nourrit, apaise, calme, hydrate, r\u00e9g\u00e9n\u00e8re, tonifie et soulage les jambes et les pieds fatigu\u00e9s. Elle procure une grande sensation de bien-\u00eatre. Antiseptique, antifatigue, r\u00e9duit les gonflements et active la circulation. Sans THC ni menthol.<\/li>\n<li><b>Principes actifs&nbsp;<\/b>: Cannabidiol&nbsp;: apaisant, \u00e9mollient, anti-inflammatoire, d\u00e9fatiguant, antiseptique, r\u00e9parateur, r\u00e9duit les rougeurs et l\u2019irritation. Alo\u00e9 v\u00e9ra&nbsp;: hydratant, apaisant, r\u00e9g\u00e9n\u00e9rant et antiseptique. Ginkgo&nbsp;: d\u00e9congestionnant, anti-irritation, restaurateur, active la circulation. Poliplant antifatiga\u00ae&nbsp;: complexe v\u00e9g\u00e9tal d\u00e9congestionnant et tonifiant. Centella asiatica&nbsp;: antioxydant, hydratant, stimule la synth\u00e8se du collag\u00e8ne, renforce les vaisseaux. Legactif\u2122&nbsp;: complexe v\u00e9g\u00e9tal, anti-\u0153d\u00e8me, active la circulation.<\/li>\n<li><b>Mode d\u2019emploi&nbsp;<\/b>: appliquer en massage ascendant des chevilles jusqu\u2019aux cuisses. Usage quotidien. Convient aux peaux sensibles. Contient 200&nbsp;ml. \u00c0 conserver au r\u00e9frig\u00e9rateur pour en renforcer les effets.<\/li>\n<li><b>Cosm\u00e9tiques vegans<\/b> : InnovaGoods promeut des cosm\u00e9tiques naturels et durables, favorables \u00e0 la plan\u00e8te et au microbiome, qui s\u2019int\u00e8grent dans un mode de vie sain et respectueux de l\u2019environnement.<\/li>\n<\/ul>\n<ul>\n<li>Type: Cr\u00e8me \u00c9nergisante pour Jambes Fatigu\u00e9es<\/li>\n<li>Collection: CBD<\/li>\n<li>Capacit\u00e9: 200 ml<\/li>\n<li>Caract\u00e9ristiques: V\u00e9gane<\/li>\n<li>Ingr\u00e9dients naturels: 95,7 %<\/li>\n<li>Ne contient pas:\n<ul>\n<li>THC<\/li>\n<li>Menthol<\/li>\n<\/ul>\n<\/li>\n<li>Dermatologiquement test\u00e9: Non test\u00e9 sur animaux<\/li>\n<li>Fr\u00e9quence d\u2019utilisation: Utilisation Quotidienne<\/li>\n<li>Convient \u00e0 tous les types de peau: Utilisation recommand\u00e9e pour les peaux sensibles<\/li>\n<li>Properties\n<ul>\n<li>Hydrate, tonifie et apaise les jambes fatigu\u00e9es<\/li>\n<li>Nourrit, apaise, est antiseptique, r\u00e9g\u00e9n\u00e8re, tonifie<\/li>\n<\/ul>\n<\/li>\n<li>Principes actifs:\n<ul>\n<li>Cannabidiol<\/li>\n<li>Aloe Vera<\/li>\n<li>Ginkgo<\/li>\n<li>Poliplant Antifatiga\u00ae<\/li>\n<li>Centella asiatica<\/li>\n<li>Legactif\u2122<\/li>\n<\/ul>\n<\/li>\n<li>Ingr\u00e9dients: Aqua (Water), Aloe Barbadensis Leaf Juice, Hydroxyethyl Acrylate\/Sodium Acryloyldimethyltaurate Copolymer, Glycerin, Alcohol Denat., Parfum, Cannabidiol, Ruscus Aculeatus Root Extract, Citrus Limon Peel Extract, Solidago Virgaurea Extract, Aesculus Hippocastanum Seed Extract, Hamamelis Virginiana Leaf Extract, Vitis Vinifera Fruit Extract,  Centella Asiatica Extract, Ginkgo Biloba Leaf Extract, Gluconolactone, Calcium Gluconate, Carbomer, Ethylhexylglycerin, Phenethyl Alcohol, Caprylhydroxamic Acid, Capryloyl Glycine, Potassium Sorbate, Sodium Benzoate, Citric Acid, Lactic Acid, Sodium Hydroxide<\/li>\n<\/ul>\n<p>Manuel en 24 langues: anglais, fran\u00e7ais, espagnol, allemand, italien, portugais, n\u00e9erlandais, polonais, hongrois, roumain, danois, su\u00e9dois, finnois, lituanien, norv\u00e9gien, slov\u00e8ne, grec, tch\u00e8que, bulgare, croate, slovaque, estonien, russe, letton. <\/p>\n<p> Packaging en 12 langues: anglais, fran\u00e7ais, espagnol, allemand, italien, portugais, n\u00e9erlandais, polonais, hongrois, roumain, danois, su\u00e9dois.<\/p><\/div>\n<div class=\"col-md-6\">\n<div class=\"embed-responsive embed-responsive-16by9\"><iframe class=\"embed-responsive-item\" src=\"https:\/\/www.youtube.com\/embed\/ylCnnRA5bxk\" frameborder=\"0\" allowfullscreen><\/iframe><\/div>\n<\/div>","protected":false},"excerpt":{"rendered":"<p><span class=\"unit-info\">11.4950 &euro; \/ 100 ml<\/span><\/p>","protected":false},"featured_media":198382,"comment_status":"open","ping_status":"closed","template":"","meta":[],"product_brand":[256],"product_cat":[63,1825,1840,769,1826,770,1796],"product_tag":[722,103,1672,2877,209,1048],"woo-feed-brand":[],"class_list":{"0":"post-198390","1":"product","2":"type-product","3":"status-publish","4":"has-post-thumbnail","6":"product_brand-brandp_1281","7":"product_cat-cadeaux-originaux","8":"product_cat-cadeaux-pour-soins-personnels","9":"product_cat-cremes-et-lait-pour-le-corps","10":"product_cat-parfum-cosmetique","11":"product_cat-teleachat-vu-a-la-television-sante-et-beaute-teleshop","12":"product_cat-soin-corporel","13":"product_cat-teleachat-vu-a-la-television","14":"product_tag-tag_923","15":"product_tag-tag_1261","16":"product_tag-tag_1280","17":"product_tag-tag_1306","18":"product_tag-tag_1302","19":"product_tag-tag_1262","21":"first","22":"instock","23":"taxable","24":"shipping-taxable","25":"purchasable","26":"product-type-simple"},"yoast_head":"<!-- This site is optimized with the Yoast SEO plugin v27.6 - https:\/\/yoast.com\/product\/yoast-seo-wordpress\/ -->\n<title>Cr\u00e8me \u00c9nergisante pour Jambes Fatigu\u00e9es CBD Zencalm InnovaGoods 200 ml | | Tupique<\/title>\n<meta name=\"description\" content=\"Envie d&#039;acheter Cr\u00e8me \u00c9nergisante pour Jambes Fatigu\u00e9es CBD Zencalm InnovaGoods 200 ml\u00a0? Achetez Cr\u00e8me \u00c9nergisante pour Jambes Fatigu\u00e9es CBD Zencalm InnovaGoods 200 ml maintenant avec Tupique en 3 versements sans int\u00e9r\u00eat.\" \/>\n<meta name=\"robots\" content=\"index, follow, max-snippet:-1, max-image-preview:large, max-video-preview:-1\" \/>\n<link rel=\"canonical\" href=\"https:\/\/tupique.com\/en\/product\/creme-energisante-pour-jambes-fatiguees-cbd-zencalm-innovagoods-200-ml\/\" \/>\n<meta property=\"og:locale\" content=\"en_GB\" \/>\n<meta property=\"og:type\" content=\"article\" \/>\n<meta property=\"og:title\" content=\"Cr\u00e8me \u00c9nergisante pour Jambes Fatigu\u00e9es CBD Zencalm InnovaGoods 200 ml | | Tupique\" \/>\n<meta property=\"og:description\" content=\"Envie d&#039;acheter Cr\u00e8me \u00c9nergisante pour Jambes Fatigu\u00e9es CBD Zencalm InnovaGoods 200 ml\u00a0? Achetez Cr\u00e8me \u00c9nergisante pour Jambes Fatigu\u00e9es CBD Zencalm InnovaGoods 200 ml maintenant avec Tupique en 3 versements sans int\u00e9r\u00eat.\" \/>\n<meta property=\"og:url\" content=\"https:\/\/tupique.com\/en\/product\/creme-energisante-pour-jambes-fatiguees-cbd-zencalm-innovagoods-200-ml\/\" \/>\n<meta property=\"og:site_name\" content=\"Tupique\" \/>\n<meta property=\"og:image\" content=\"https:\/\/tupique.com\/wp-content\/uploads\/2026\/05\/v0103738_001_mkt3.jpg\" \/>\n\t<meta property=\"og:image:width\" content=\"1200\" \/>\n\t<meta property=\"og:image:height\" content=\"1200\" \/>\n\t<meta property=\"og:image:type\" content=\"image\/jpeg\" \/>\n<meta name=\"twitter:card\" content=\"summary_large_image\" \/>\n<meta name=\"twitter:label1\" content=\"Est. reading time\" \/>\n\t<meta name=\"twitter:data1\" content=\"3 minutes\" \/>\n<script type=\"application\/ld+json\" class=\"yoast-schema-graph\">{\"@context\":\"https:\\\/\\\/schema.org\",\"@graph\":[{\"@type\":\"WebPage\",\"@id\":\"https:\\\/\\\/tupique.com\\\/product\\\/creme-energisante-pour-jambes-fatiguees-cbd-zencalm-innovagoods-200-ml\\\/\",\"url\":\"https:\\\/\\\/tupique.com\\\/product\\\/creme-energisante-pour-jambes-fatiguees-cbd-zencalm-innovagoods-200-ml\\\/\",\"name\":\"Cr\u00e8me \u00c9nergisante pour Jambes Fatigu\u00e9es CBD Zencalm InnovaGoods 200 ml | | Tupique\",\"isPartOf\":{\"@id\":\"https:\\\/\\\/tupique.com\\\/#website\"},\"primaryImageOfPage\":{\"@id\":\"https:\\\/\\\/tupique.com\\\/product\\\/creme-energisante-pour-jambes-fatiguees-cbd-zencalm-innovagoods-200-ml\\\/#primaryimage\"},\"image\":{\"@id\":\"https:\\\/\\\/tupique.com\\\/product\\\/creme-energisante-pour-jambes-fatiguees-cbd-zencalm-innovagoods-200-ml\\\/#primaryimage\"},\"thumbnailUrl\":\"https:\\\/\\\/tupique.com\\\/wp-content\\\/uploads\\\/2026\\\/05\\\/v0103738_001_mkt3.jpg\",\"datePublished\":\"2026-05-12T07:34:44+00:00\",\"description\":\"Envie d'acheter Cr\u00e8me \u00c9nergisante pour Jambes Fatigu\u00e9es CBD Zencalm InnovaGoods 200 ml\u00a0? Achetez Cr\u00e8me \u00c9nergisante pour Jambes Fatigu\u00e9es CBD Zencalm InnovaGoods 200 ml maintenant avec Tupique en 3 versements sans int\u00e9r\u00eat.\",\"breadcrumb\":{\"@id\":\"https:\\\/\\\/tupique.com\\\/product\\\/creme-energisante-pour-jambes-fatiguees-cbd-zencalm-innovagoods-200-ml\\\/#breadcrumb\"},\"inLanguage\":\"en-GB\",\"potentialAction\":[{\"@type\":\"ReadAction\",\"target\":[\"https:\\\/\\\/tupique.com\\\/product\\\/creme-energisante-pour-jambes-fatiguees-cbd-zencalm-innovagoods-200-ml\\\/\"]}]},{\"@type\":\"ImageObject\",\"inLanguage\":\"en-GB\",\"@id\":\"https:\\\/\\\/tupique.com\\\/product\\\/creme-energisante-pour-jambes-fatiguees-cbd-zencalm-innovagoods-200-ml\\\/#primaryimage\",\"url\":\"https:\\\/\\\/tupique.com\\\/wp-content\\\/uploads\\\/2026\\\/05\\\/v0103738_001_mkt3.jpg\",\"contentUrl\":\"https:\\\/\\\/tupique.com\\\/wp-content\\\/uploads\\\/2026\\\/05\\\/v0103738_001_mkt3.jpg\",\"width\":1200,\"height\":1200,\"caption\":\"V0103738_0\"},{\"@type\":\"BreadcrumbList\",\"@id\":\"https:\\\/\\\/tupique.com\\\/product\\\/creme-energisante-pour-jambes-fatiguees-cbd-zencalm-innovagoods-200-ml\\\/#breadcrumb\",\"itemListElement\":[{\"@type\":\"ListItem\",\"position\":1,\"name\":\"commencer\",\"item\":\"https:\\\/\\\/tupique.com\\\/\"},{\"@type\":\"ListItem\",\"position\":2,\"name\":\"Loja\",\"item\":\"https:\\\/\\\/tupique.com\\\/pt\\\/loja\\\/\"},{\"@type\":\"ListItem\",\"position\":3,\"name\":\"Cr\u00e8me \u00c9nergisante pour Jambes Fatigu\u00e9es CBD Zencalm InnovaGoods 200 ml\"}]},{\"@type\":\"WebSite\",\"@id\":\"https:\\\/\\\/tupique.com\\\/#website\",\"url\":\"https:\\\/\\\/tupique.com\\\/\",\"name\":\"Tupique\",\"description\":\"\",\"publisher\":{\"@id\":\"https:\\\/\\\/tupique.com\\\/#organization\"},\"potentialAction\":[{\"@type\":\"SearchAction\",\"target\":{\"@type\":\"EntryPoint\",\"urlTemplate\":\"https:\\\/\\\/tupique.com\\\/?s={search_term_string}\"},\"query-input\":{\"@type\":\"PropertyValueSpecification\",\"valueRequired\":true,\"valueName\":\"search_term_string\"}}],\"inLanguage\":\"en-GB\"},{\"@type\":\"Organization\",\"@id\":\"https:\\\/\\\/tupique.com\\\/#organization\",\"name\":\"Tupique\",\"url\":\"https:\\\/\\\/tupique.com\\\/\",\"logo\":{\"@type\":\"ImageObject\",\"inLanguage\":\"en-GB\",\"@id\":\"https:\\\/\\\/tupique.com\\\/#\\\/schema\\\/logo\\\/image\\\/\",\"url\":\"https:\\\/\\\/tupique.com\\\/wp-content\\\/uploads\\\/2026\\\/03\\\/logo-tupique-1.webp\",\"contentUrl\":\"https:\\\/\\\/tupique.com\\\/wp-content\\\/uploads\\\/2026\\\/03\\\/logo-tupique-1.webp\",\"width\":500,\"height\":67,\"caption\":\"Tupique\"},\"image\":{\"@id\":\"https:\\\/\\\/tupique.com\\\/#\\\/schema\\\/logo\\\/image\\\/\"}}]}<\/script>\n<!-- \/ Yoast SEO plugin. -->","yoast_head_json":{"title":"Cr\u00e8me \u00c9nergisante pour Jambes Fatigu\u00e9es CBD Zencalm InnovaGoods 200 ml | | Tupique","description":"Envie d'acheter Cr\u00e8me \u00c9nergisante pour Jambes Fatigu\u00e9es CBD Zencalm InnovaGoods 200 ml\u00a0? Achetez Cr\u00e8me \u00c9nergisante pour Jambes Fatigu\u00e9es CBD Zencalm InnovaGoods 200 ml maintenant avec Tupique en 3 versements sans int\u00e9r\u00eat.","robots":{"index":"index","follow":"follow","max-snippet":"max-snippet:-1","max-image-preview":"max-image-preview:large","max-video-preview":"max-video-preview:-1"},"canonical":"https:\/\/tupique.com\/en\/product\/creme-energisante-pour-jambes-fatiguees-cbd-zencalm-innovagoods-200-ml\/","og_locale":"en_GB","og_type":"article","og_title":"Cr\u00e8me \u00c9nergisante pour Jambes Fatigu\u00e9es CBD Zencalm InnovaGoods 200 ml | | Tupique","og_description":"Envie d'acheter Cr\u00e8me \u00c9nergisante pour Jambes Fatigu\u00e9es CBD Zencalm InnovaGoods 200 ml\u00a0? Achetez Cr\u00e8me \u00c9nergisante pour Jambes Fatigu\u00e9es CBD Zencalm InnovaGoods 200 ml maintenant avec Tupique en 3 versements sans int\u00e9r\u00eat.","og_url":"https:\/\/tupique.com\/en\/product\/creme-energisante-pour-jambes-fatiguees-cbd-zencalm-innovagoods-200-ml\/","og_site_name":"Tupique","og_image":[{"width":1200,"height":1200,"url":"https:\/\/tupique.com\/wp-content\/uploads\/2026\/05\/v0103738_001_mkt3.jpg","type":"image\/jpeg"}],"twitter_card":"summary_large_image","twitter_misc":{"Est. reading time":"3 minutes"},"schema":{"@context":"https:\/\/schema.org","@graph":[{"@type":"WebPage","@id":"https:\/\/tupique.com\/product\/creme-energisante-pour-jambes-fatiguees-cbd-zencalm-innovagoods-200-ml\/","url":"https:\/\/tupique.com\/product\/creme-energisante-pour-jambes-fatiguees-cbd-zencalm-innovagoods-200-ml\/","name":"Cr\u00e8me \u00c9nergisante pour Jambes Fatigu\u00e9es CBD Zencalm InnovaGoods 200 ml | | Tupique","isPartOf":{"@id":"https:\/\/tupique.com\/#website"},"primaryImageOfPage":{"@id":"https:\/\/tupique.com\/product\/creme-energisante-pour-jambes-fatiguees-cbd-zencalm-innovagoods-200-ml\/#primaryimage"},"image":{"@id":"https:\/\/tupique.com\/product\/creme-energisante-pour-jambes-fatiguees-cbd-zencalm-innovagoods-200-ml\/#primaryimage"},"thumbnailUrl":"https:\/\/tupique.com\/wp-content\/uploads\/2026\/05\/v0103738_001_mkt3.jpg","datePublished":"2026-05-12T07:34:44+00:00","description":"Envie d'acheter Cr\u00e8me \u00c9nergisante pour Jambes Fatigu\u00e9es CBD Zencalm InnovaGoods 200 ml\u00a0? Achetez Cr\u00e8me \u00c9nergisante pour Jambes Fatigu\u00e9es CBD Zencalm InnovaGoods 200 ml maintenant avec Tupique en 3 versements sans int\u00e9r\u00eat.","breadcrumb":{"@id":"https:\/\/tupique.com\/product\/creme-energisante-pour-jambes-fatiguees-cbd-zencalm-innovagoods-200-ml\/#breadcrumb"},"inLanguage":"en-GB","potentialAction":[{"@type":"ReadAction","target":["https:\/\/tupique.com\/product\/creme-energisante-pour-jambes-fatiguees-cbd-zencalm-innovagoods-200-ml\/"]}]},{"@type":"ImageObject","inLanguage":"en-GB","@id":"https:\/\/tupique.com\/product\/creme-energisante-pour-jambes-fatiguees-cbd-zencalm-innovagoods-200-ml\/#primaryimage","url":"https:\/\/tupique.com\/wp-content\/uploads\/2026\/05\/v0103738_001_mkt3.jpg","contentUrl":"https:\/\/tupique.com\/wp-content\/uploads\/2026\/05\/v0103738_001_mkt3.jpg","width":1200,"height":1200,"caption":"V0103738_0"},{"@type":"BreadcrumbList","@id":"https:\/\/tupique.com\/product\/creme-energisante-pour-jambes-fatiguees-cbd-zencalm-innovagoods-200-ml\/#breadcrumb","itemListElement":[{"@type":"ListItem","position":1,"name":"commencer","item":"https:\/\/tupique.com\/"},{"@type":"ListItem","position":2,"name":"Loja","item":"https:\/\/tupique.com\/pt\/loja\/"},{"@type":"ListItem","position":3,"name":"Cr\u00e8me \u00c9nergisante pour Jambes Fatigu\u00e9es CBD Zencalm InnovaGoods 200 ml"}]},{"@type":"WebSite","@id":"https:\/\/tupique.com\/#website","url":"https:\/\/tupique.com\/","name":"Tupique","description":"","publisher":{"@id":"https:\/\/tupique.com\/#organization"},"potentialAction":[{"@type":"SearchAction","target":{"@type":"EntryPoint","urlTemplate":"https:\/\/tupique.com\/?s={search_term_string}"},"query-input":{"@type":"PropertyValueSpecification","valueRequired":true,"valueName":"search_term_string"}}],"inLanguage":"en-GB"},{"@type":"Organization","@id":"https:\/\/tupique.com\/#organization","name":"Tupique","url":"https:\/\/tupique.com\/","logo":{"@type":"ImageObject","inLanguage":"en-GB","@id":"https:\/\/tupique.com\/#\/schema\/logo\/image\/","url":"https:\/\/tupique.com\/wp-content\/uploads\/2026\/03\/logo-tupique-1.webp","contentUrl":"https:\/\/tupique.com\/wp-content\/uploads\/2026\/03\/logo-tupique-1.webp","width":500,"height":67,"caption":"Tupique"},"image":{"@id":"https:\/\/tupique.com\/#\/schema\/logo\/image\/"}}]}},"_links":{"self":[{"href":"https:\/\/tupique.com\/en\/wp-json\/wp\/v2\/product\/198390","targetHints":{"allow":["GET"]}}],"collection":[{"href":"https:\/\/tupique.com\/en\/wp-json\/wp\/v2\/product"}],"about":[{"href":"https:\/\/tupique.com\/en\/wp-json\/wp\/v2\/types\/product"}],"replies":[{"embeddable":true,"href":"https:\/\/tupique.com\/en\/wp-json\/wp\/v2\/comments?post=198390"}],"wp:featuredmedia":[{"embeddable":true,"href":"https:\/\/tupique.com\/en\/wp-json\/wp\/v2\/media\/198382"}],"wp:attachment":[{"href":"https:\/\/tupique.com\/en\/wp-json\/wp\/v2\/media?parent=198390"}],"wp:term":[{"taxonomy":"product_brand","embeddable":true,"href":"https:\/\/tupique.com\/en\/wp-json\/wp\/v2\/product_brand?post=198390"},{"taxonomy":"product_cat","embeddable":true,"href":"https:\/\/tupique.com\/en\/wp-json\/wp\/v2\/product_cat?post=198390"},{"taxonomy":"product_tag","embeddable":true,"href":"https:\/\/tupique.com\/en\/wp-json\/wp\/v2\/product_tag?post=198390"},{"taxonomy":"woo-feed-brand","embeddable":true,"href":"https:\/\/tupique.com\/en\/wp-json\/wp\/v2\/woo-feed-brand?post=198390"}],"curies":[{"name":"wp","href":"https:\/\/api.w.org\/{rel}","templated":true}]}}