{"id":198582,"date":"2026-05-12T09:40:48","date_gmt":"2026-05-12T07:40:48","guid":{"rendered":"https:\/\/tupique.com\/product\/guirlande-lumineuse-led-lifetime-blanc-froid-6500k-10-m-solaire\/"},"modified":"2026-05-12T09:50:10","modified_gmt":"2026-05-12T07:50:10","slug":"guirlande-lumineuse-led-lifetime-blanc-froid-6500k-10-m-solaire","status":"publish","type":"product","link":"https:\/\/tupique.com\/en\/product\/guirlande-lumineuse-led-lifetime-blanc-froid-6500k-10-m-solaire\/","title":{"rendered":"Guirlande lumineuse LED Lifetime Blanc froid 6500K 10 m Solaire"},"content":{"rendered":"<p>Vous voulez donner une touche d&#8217;originalit\u00e9 \u00e0 votre maison ? Vous y arriverez gr\u00e2ce au <b>Guirlande lumineuse LED Lifetime Blanc froid 6500K 10 m Solaire<\/b>.<\/p>\n<ul>\n<li>Inclut:\n<ul>\n<li>Batterie rechargeable<\/li>\n<li>C\u00e2ble d\u2019Alimentation<\/li>\n<li>T\u00e9l\u00e9commande<\/li>\n<li>Minuterie<\/li>\n<\/ul>\n<\/li>\n<li>Bloc d\u2019Alimentation: Solaire<\/li>\n<li>Type: Guirlande lumineuse LED<\/li>\n<li>Utilisation recommand\u00e9e: Ext\u00e9rieur<\/li>\n<li>Couleur: Noir<\/li>\n<li>Classification IP: IP44<\/li>\n<li>nombre de led: 240<\/li>\n<li>Minuterie: 6 heures<\/li>\n<li>Fonctions: Lumi\u00e8re clignotante<\/li>\n<li>Connexions: USB<\/li>\n<li>Modes d&#8217;\u00e9clairage: 13<\/li>\n<li>Mode d\u00b4\u00e9clairage: Blanc froid 6500K<\/li>\n<li>Longueur du c\u00e2ble: 10 m<\/li>\n<\/ul>","protected":false},"excerpt":{"rendered":"<p>Vous voulez donner une touche d&#8217;originalit\u00e9 \u00e0 votre maison ? Vous y arriverez gr\u00e2ce au Guirlande lumineuse LED Lifetime Blanc froid 6500K 10 m Solaire. Inclut: Batterie rechargeable C\u00e2ble d\u2019Alimentation T\u00e9l\u00e9commande Minuterie Bloc d\u2019Alimentation: Solaire Type: Guirlande lumineuse LED Utilisation recommand\u00e9e: Ext\u00e9rieur Couleur: Noir Classification IP: IP44 nombre de led: 240 Minuterie: 6 heures Fonctions: [&hellip;]<\/p>\n","protected":false},"featured_media":198580,"comment_status":"open","ping_status":"closed","template":"","meta":[],"product_brand":[1008],"product_cat":[767,759,239],"product_tag":[101],"woo-feed-brand":[],"class_list":{"0":"post-198582","1":"product","2":"type-product","3":"status-publish","4":"has-post-thumbnail","6":"product_brand-brandp_6961","7":"product_cat-eclairage-et-decoration-d-exterieur","8":"product_cat-jardin-et-terrasse","9":"product_cat-maison-jardin","10":"product_tag-tag_599","12":"first","13":"instock","14":"taxable","15":"shipping-taxable","16":"purchasable","17":"product-type-simple"},"yoast_head":"<!-- This site is optimized with the Yoast SEO plugin v27.6 - https:\/\/yoast.com\/product\/yoast-seo-wordpress\/ -->\n<title>Guirlande lumineuse LED Lifetime Blanc froid 6500K 10 m Solaire | | Tupique<\/title>\n<meta name=\"description\" content=\"Envie d&#039;acheter Guirlande lumineuse LED Lifetime Blanc froid 6500K 10 m Solaire\u00a0? Achetez Guirlande lumineuse LED Lifetime Blanc froid 6500K 10 m Solaire maintenant avec Tupique en 3 versements sans int\u00e9r\u00eat.\" \/>\n<meta name=\"robots\" content=\"index, follow, max-snippet:-1, max-image-preview:large, max-video-preview:-1\" \/>\n<link rel=\"canonical\" href=\"https:\/\/tupique.com\/en\/product\/guirlande-lumineuse-led-lifetime-blanc-froid-6500k-10-m-solaire\/\" \/>\n<meta property=\"og:locale\" content=\"en_GB\" \/>\n<meta property=\"og:type\" content=\"article\" \/>\n<meta property=\"og:title\" content=\"Guirlande lumineuse LED Lifetime Blanc froid 6500K 10 m Solaire | | Tupique\" \/>\n<meta property=\"og:description\" content=\"Envie d&#039;acheter Guirlande lumineuse LED Lifetime Blanc froid 6500K 10 m Solaire\u00a0? Achetez Guirlande lumineuse LED Lifetime Blanc froid 6500K 10 m Solaire maintenant avec Tupique en 3 versements sans int\u00e9r\u00eat.\" \/>\n<meta property=\"og:url\" content=\"https:\/\/tupique.com\/en\/product\/guirlande-lumineuse-led-lifetime-blanc-froid-6500k-10-m-solaire\/\" \/>\n<meta property=\"og:site_name\" content=\"Tupique\" \/>\n<meta property=\"article:modified_time\" content=\"2026-05-12T07:50:10+00:00\" \/>\n<meta property=\"og:image\" content=\"https:\/\/tupique.com\/wp-content\/uploads\/2026\/05\/S7925643_1730195841-remove-background0.jpg\" \/>\n\t<meta property=\"og:image:width\" content=\"1200\" \/>\n\t<meta property=\"og:image:height\" content=\"1200\" \/>\n\t<meta property=\"og:image:type\" content=\"image\/jpeg\" \/>\n<meta name=\"twitter:card\" content=\"summary_large_image\" \/>\n<script type=\"application\/ld+json\" class=\"yoast-schema-graph\">{\"@context\":\"https:\\\/\\\/schema.org\",\"@graph\":[{\"@type\":\"WebPage\",\"@id\":\"https:\\\/\\\/tupique.com\\\/pt\\\/product\\\/guirlande-lumineuse-led-lifetime-blanc-froid-6500k-10-m-solaire\\\/\",\"url\":\"https:\\\/\\\/tupique.com\\\/pt\\\/product\\\/guirlande-lumineuse-led-lifetime-blanc-froid-6500k-10-m-solaire\\\/\",\"name\":\"Guirlande lumineuse LED Lifetime Blanc froid 6500K 10 m Solaire | | Tupique\",\"isPartOf\":{\"@id\":\"https:\\\/\\\/tupique.com\\\/#website\"},\"primaryImageOfPage\":{\"@id\":\"https:\\\/\\\/tupique.com\\\/pt\\\/product\\\/guirlande-lumineuse-led-lifetime-blanc-froid-6500k-10-m-solaire\\\/#primaryimage\"},\"image\":{\"@id\":\"https:\\\/\\\/tupique.com\\\/pt\\\/product\\\/guirlande-lumineuse-led-lifetime-blanc-froid-6500k-10-m-solaire\\\/#primaryimage\"},\"thumbnailUrl\":\"https:\\\/\\\/tupique.com\\\/wp-content\\\/uploads\\\/2026\\\/05\\\/S7925643_1730195841-remove-background0.jpg\",\"datePublished\":\"2026-05-12T07:40:48+00:00\",\"dateModified\":\"2026-05-12T07:50:10+00:00\",\"description\":\"Envie d'acheter Guirlande lumineuse LED Lifetime Blanc froid 6500K 10 m Solaire\u00a0? Achetez Guirlande lumineuse LED Lifetime Blanc froid 6500K 10 m Solaire maintenant avec Tupique en 3 versements sans int\u00e9r\u00eat.\",\"breadcrumb\":{\"@id\":\"https:\\\/\\\/tupique.com\\\/pt\\\/product\\\/guirlande-lumineuse-led-lifetime-blanc-froid-6500k-10-m-solaire\\\/#breadcrumb\"},\"inLanguage\":\"en-GB\",\"potentialAction\":[{\"@type\":\"ReadAction\",\"target\":[\"https:\\\/\\\/tupique.com\\\/pt\\\/product\\\/guirlande-lumineuse-led-lifetime-blanc-froid-6500k-10-m-solaire\\\/\"]}]},{\"@type\":\"ImageObject\",\"inLanguage\":\"en-GB\",\"@id\":\"https:\\\/\\\/tupique.com\\\/pt\\\/product\\\/guirlande-lumineuse-led-lifetime-blanc-froid-6500k-10-m-solaire\\\/#primaryimage\",\"url\":\"https:\\\/\\\/tupique.com\\\/wp-content\\\/uploads\\\/2026\\\/05\\\/S7925643_1730195841-remove-background0.jpg\",\"contentUrl\":\"https:\\\/\\\/tupique.com\\\/wp-content\\\/uploads\\\/2026\\\/05\\\/S7925643_1730195841-remove-background0.jpg\",\"width\":1200,\"height\":1200,\"caption\":\"S7925643_0\"},{\"@type\":\"BreadcrumbList\",\"@id\":\"https:\\\/\\\/tupique.com\\\/pt\\\/product\\\/guirlande-lumineuse-led-lifetime-blanc-froid-6500k-10-m-solaire\\\/#breadcrumb\",\"itemListElement\":[{\"@type\":\"ListItem\",\"position\":1,\"name\":\"commencer\",\"item\":\"https:\\\/\\\/tupique.com\\\/\"},{\"@type\":\"ListItem\",\"position\":2,\"name\":\"Loja\",\"item\":\"https:\\\/\\\/tupique.com\\\/pt\\\/loja\\\/\"},{\"@type\":\"ListItem\",\"position\":3,\"name\":\"Guirlande lumineuse LED Lifetime Blanc froid 6500K 10 m Solaire\"}]},{\"@type\":\"WebSite\",\"@id\":\"https:\\\/\\\/tupique.com\\\/#website\",\"url\":\"https:\\\/\\\/tupique.com\\\/\",\"name\":\"Tupique\",\"description\":\"\",\"publisher\":{\"@id\":\"https:\\\/\\\/tupique.com\\\/#organization\"},\"potentialAction\":[{\"@type\":\"SearchAction\",\"target\":{\"@type\":\"EntryPoint\",\"urlTemplate\":\"https:\\\/\\\/tupique.com\\\/?s={search_term_string}\"},\"query-input\":{\"@type\":\"PropertyValueSpecification\",\"valueRequired\":true,\"valueName\":\"search_term_string\"}}],\"inLanguage\":\"en-GB\"},{\"@type\":\"Organization\",\"@id\":\"https:\\\/\\\/tupique.com\\\/#organization\",\"name\":\"Tupique\",\"url\":\"https:\\\/\\\/tupique.com\\\/\",\"logo\":{\"@type\":\"ImageObject\",\"inLanguage\":\"en-GB\",\"@id\":\"https:\\\/\\\/tupique.com\\\/#\\\/schema\\\/logo\\\/image\\\/\",\"url\":\"https:\\\/\\\/tupique.com\\\/wp-content\\\/uploads\\\/2026\\\/03\\\/logo-tupique-1.webp\",\"contentUrl\":\"https:\\\/\\\/tupique.com\\\/wp-content\\\/uploads\\\/2026\\\/03\\\/logo-tupique-1.webp\",\"width\":500,\"height\":67,\"caption\":\"Tupique\"},\"image\":{\"@id\":\"https:\\\/\\\/tupique.com\\\/#\\\/schema\\\/logo\\\/image\\\/\"}}]}<\/script>\n<!-- \/ Yoast SEO plugin. -->","yoast_head_json":{"title":"Guirlande lumineuse LED Lifetime Blanc froid 6500K 10 m Solaire | | Tupique","description":"Envie d'acheter Guirlande lumineuse LED Lifetime Blanc froid 6500K 10 m Solaire\u00a0? Achetez Guirlande lumineuse LED Lifetime Blanc froid 6500K 10 m Solaire maintenant avec Tupique en 3 versements sans int\u00e9r\u00eat.","robots":{"index":"index","follow":"follow","max-snippet":"max-snippet:-1","max-image-preview":"max-image-preview:large","max-video-preview":"max-video-preview:-1"},"canonical":"https:\/\/tupique.com\/en\/product\/guirlande-lumineuse-led-lifetime-blanc-froid-6500k-10-m-solaire\/","og_locale":"en_GB","og_type":"article","og_title":"Guirlande lumineuse LED Lifetime Blanc froid 6500K 10 m Solaire | | Tupique","og_description":"Envie d'acheter Guirlande lumineuse LED Lifetime Blanc froid 6500K 10 m Solaire\u00a0? Achetez Guirlande lumineuse LED Lifetime Blanc froid 6500K 10 m Solaire maintenant avec Tupique en 3 versements sans int\u00e9r\u00eat.","og_url":"https:\/\/tupique.com\/en\/product\/guirlande-lumineuse-led-lifetime-blanc-froid-6500k-10-m-solaire\/","og_site_name":"Tupique","article_modified_time":"2026-05-12T07:50:10+00:00","og_image":[{"width":1200,"height":1200,"url":"https:\/\/tupique.com\/wp-content\/uploads\/2026\/05\/S7925643_1730195841-remove-background0.jpg","type":"image\/jpeg"}],"twitter_card":"summary_large_image","schema":{"@context":"https:\/\/schema.org","@graph":[{"@type":"WebPage","@id":"https:\/\/tupique.com\/pt\/product\/guirlande-lumineuse-led-lifetime-blanc-froid-6500k-10-m-solaire\/","url":"https:\/\/tupique.com\/pt\/product\/guirlande-lumineuse-led-lifetime-blanc-froid-6500k-10-m-solaire\/","name":"Guirlande lumineuse LED Lifetime Blanc froid 6500K 10 m Solaire | | Tupique","isPartOf":{"@id":"https:\/\/tupique.com\/#website"},"primaryImageOfPage":{"@id":"https:\/\/tupique.com\/pt\/product\/guirlande-lumineuse-led-lifetime-blanc-froid-6500k-10-m-solaire\/#primaryimage"},"image":{"@id":"https:\/\/tupique.com\/pt\/product\/guirlande-lumineuse-led-lifetime-blanc-froid-6500k-10-m-solaire\/#primaryimage"},"thumbnailUrl":"https:\/\/tupique.com\/wp-content\/uploads\/2026\/05\/S7925643_1730195841-remove-background0.jpg","datePublished":"2026-05-12T07:40:48+00:00","dateModified":"2026-05-12T07:50:10+00:00","description":"Envie d'acheter Guirlande lumineuse LED Lifetime Blanc froid 6500K 10 m Solaire\u00a0? Achetez Guirlande lumineuse LED Lifetime Blanc froid 6500K 10 m Solaire maintenant avec Tupique en 3 versements sans int\u00e9r\u00eat.","breadcrumb":{"@id":"https:\/\/tupique.com\/pt\/product\/guirlande-lumineuse-led-lifetime-blanc-froid-6500k-10-m-solaire\/#breadcrumb"},"inLanguage":"en-GB","potentialAction":[{"@type":"ReadAction","target":["https:\/\/tupique.com\/pt\/product\/guirlande-lumineuse-led-lifetime-blanc-froid-6500k-10-m-solaire\/"]}]},{"@type":"ImageObject","inLanguage":"en-GB","@id":"https:\/\/tupique.com\/pt\/product\/guirlande-lumineuse-led-lifetime-blanc-froid-6500k-10-m-solaire\/#primaryimage","url":"https:\/\/tupique.com\/wp-content\/uploads\/2026\/05\/S7925643_1730195841-remove-background0.jpg","contentUrl":"https:\/\/tupique.com\/wp-content\/uploads\/2026\/05\/S7925643_1730195841-remove-background0.jpg","width":1200,"height":1200,"caption":"S7925643_0"},{"@type":"BreadcrumbList","@id":"https:\/\/tupique.com\/pt\/product\/guirlande-lumineuse-led-lifetime-blanc-froid-6500k-10-m-solaire\/#breadcrumb","itemListElement":[{"@type":"ListItem","position":1,"name":"commencer","item":"https:\/\/tupique.com\/"},{"@type":"ListItem","position":2,"name":"Loja","item":"https:\/\/tupique.com\/pt\/loja\/"},{"@type":"ListItem","position":3,"name":"Guirlande lumineuse LED Lifetime Blanc froid 6500K 10 m Solaire"}]},{"@type":"WebSite","@id":"https:\/\/tupique.com\/#website","url":"https:\/\/tupique.com\/","name":"Tupique","description":"","publisher":{"@id":"https:\/\/tupique.com\/#organization"},"potentialAction":[{"@type":"SearchAction","target":{"@type":"EntryPoint","urlTemplate":"https:\/\/tupique.com\/?s={search_term_string}"},"query-input":{"@type":"PropertyValueSpecification","valueRequired":true,"valueName":"search_term_string"}}],"inLanguage":"en-GB"},{"@type":"Organization","@id":"https:\/\/tupique.com\/#organization","name":"Tupique","url":"https:\/\/tupique.com\/","logo":{"@type":"ImageObject","inLanguage":"en-GB","@id":"https:\/\/tupique.com\/#\/schema\/logo\/image\/","url":"https:\/\/tupique.com\/wp-content\/uploads\/2026\/03\/logo-tupique-1.webp","contentUrl":"https:\/\/tupique.com\/wp-content\/uploads\/2026\/03\/logo-tupique-1.webp","width":500,"height":67,"caption":"Tupique"},"image":{"@id":"https:\/\/tupique.com\/#\/schema\/logo\/image\/"}}]}},"_links":{"self":[{"href":"https:\/\/tupique.com\/en\/wp-json\/wp\/v2\/product\/198582","targetHints":{"allow":["GET"]}}],"collection":[{"href":"https:\/\/tupique.com\/en\/wp-json\/wp\/v2\/product"}],"about":[{"href":"https:\/\/tupique.com\/en\/wp-json\/wp\/v2\/types\/product"}],"replies":[{"embeddable":true,"href":"https:\/\/tupique.com\/en\/wp-json\/wp\/v2\/comments?post=198582"}],"wp:featuredmedia":[{"embeddable":true,"href":"https:\/\/tupique.com\/en\/wp-json\/wp\/v2\/media\/198580"}],"wp:attachment":[{"href":"https:\/\/tupique.com\/en\/wp-json\/wp\/v2\/media?parent=198582"}],"wp:term":[{"taxonomy":"product_brand","embeddable":true,"href":"https:\/\/tupique.com\/en\/wp-json\/wp\/v2\/product_brand?post=198582"},{"taxonomy":"product_cat","embeddable":true,"href":"https:\/\/tupique.com\/en\/wp-json\/wp\/v2\/product_cat?post=198582"},{"taxonomy":"product_tag","embeddable":true,"href":"https:\/\/tupique.com\/en\/wp-json\/wp\/v2\/product_tag?post=198582"},{"taxonomy":"woo-feed-brand","embeddable":true,"href":"https:\/\/tupique.com\/en\/wp-json\/wp\/v2\/woo-feed-brand?post=198582"}],"curies":[{"name":"wp","href":"https:\/\/api.w.org\/{rel}","templated":true}]}}